





{"id":87219,"date":"2025-08-09T16:21:19","date_gmt":"2025-08-09T14:21:19","guid":{"rendered":"https:\/\/repliquemangacine.fr\/?post_type=product&#038;p=87219"},"modified":"2026-02-19T11:26:55","modified_gmt":"2026-02-19T10:26:55","slug":"anillo-elden-espada-juramento","status":"publish","type":"product","link":"https:\/\/repliquemangacine.fr\/es\/elden-ring\/epee-de-serment-elden-ring\/","title":{"rendered":"Anillo Elden Espada Juramento"},"content":{"rendered":"<h2><strong>Elden Ring Oath Sword- Hoja legendaria\u00a0<\/strong><\/h2>\n<p>Ante todo, la Espada del Juramento Elden Ring encarna a la perfecci\u00f3n el honor y la lealtad de los caballeros fieles a su causa. Inspirada en el estilo medieval y ricamente decorada. Presenta una empu\u00f1adura de oro finamente cincelada. Una hoja grabada con elegantes motivos y una vaina de imitaci\u00f3n de cuero marr\u00f3n para lucirla con prestigio. Con su dise\u00f1o fiel al mundo del juego Elden Ring, esta r\u00e9plica atraer\u00e1 por igual a los \u00e1vidos coleccionistas y a los aficionados a las aventuras \u00e9picas. Se convertir\u00e1 r\u00e1pidamente en la pieza central de una colecci\u00f3n dedicada a las armas de fantas\u00eda.<\/p>\n<h2>Un objeto excepcional para coleccionistas y aficionados<\/h2>\n<p>Esta espada juramentada es m\u00e1s que una simple decoraci\u00f3n. Cuenta una historia: la de los caballeros que, en <a href=\"https:\/\/eldenring.fandom.com\/fr\/wiki\/Elden_Ring_Wiki\" target=\"_blank\" rel=\"noopener noreferrer\">Anillo Elden<\/a>Juran fidelidad a su juramento y defienden su honor hasta el \u00faltimo aliento. Su acabado de alta gama y sus detalles aut\u00e9nticos lo hacen ideal para embellecer cualquier interior. Para completar un cosplay o enriquecer una colecci\u00f3n de fantas\u00eda medieval. Ofrece a todos los fans la oportunidad de poseer un poderoso s\u00edmbolo de coraje y lealtad, sacado directamente del oscuro y hechizante universo de FromSoftware.<\/p>\n<h2>Descubre nuestras otras armas imprescindibles del Anillo Elden<\/h2>\n<p>Adem\u00e1s, R\u00e9plique Manga Cin\u00e9 ofrece una amplia selecci\u00f3n de armas ic\u00f3nicas del Anillo de Elden para a\u00f1adir a tu colecci\u00f3n. Entre ellas, la excepcional <a href=\"https:\/\/repliquemangacine.fr\/es\/anillo-elden\/luna-oscura-greatsword-metal-elden-ring\/\" target=\"_blank\" rel=\"noopener noreferrer\">Espada de la Luna Oscura<\/a> La hoja azul con grabados florales refleja toda la magia y el poder de este legendario juego. Tambi\u00e9n encontrar\u00e1 la impresionante <a href=\"https:\/\/repliquemangacine.fr\/es\/anillo-elden\/colmillo-sabueso-elden-anillo-espada\/\" target=\"_blank\" rel=\"noopener noreferrer\">Espada Bloodhound Fang<\/a>. Con su hoja curvada de acero de alta calidad. Realzada por un efecto martillado en bronce que le confiere un estilo \u00fanico. Para los amantes de las katanas, la majestuosa <a href=\"https:\/\/repliquemangacine.fr\/es\/anillo-elden\/katana-moonveil-en-anillo-elden\/\" target=\"_blank\" rel=\"noopener noreferrer\">Katana Moonveil<\/a> sigue siendo una opci\u00f3n imbatible, gracias a su meticuloso acabado y a su inspirado dise\u00f1o. Por \u00faltimo, los aficionados a los combates intensos apreciar\u00e1n la formidable <a href=\"https:\/\/repliquemangacine.fr\/es\/katana-y-espada-videojuego-otros-videojuegos\/katana-rio-sangriento\/\" target=\"_blank\" rel=\"noopener noreferrer\">Katana R\u00edo Sangriento<\/a>. Reconocible por su hoja en forma de ola, perfecta para recrear los \u00e9picos enfrentamientos del juego. De este modo, cada pieza se convierte en mucho m\u00e1s que una r\u00e9plica: es una aut\u00e9ntica inmersi\u00f3n en el mundo de Elden Ring.<\/p>","protected":false},"excerpt":{"rendered":"<p>Magn\u00edfica r\u00e9plica inspirada en el juego Elden Ring.<\/p>\n<ul>\n<li>Hoja de acero 440 ricamente decorada<\/li>\n<li>Empu\u00f1adura y pomo de acero finamente decorado y dorado<\/li>\n<li>Asa revestida de polipiel marr\u00f3n<\/li>\n<li>Se entrega con funda de polipiel<\/li>\n<li>Longitud de la hoja: 72 cm - Longitud total: 96,5 cm<\/li>\n<li>Peso : 1220 gr<\/li>\n<\/ul>","protected":false},"featured_media":87221,"template":"","meta":[],"product_brand":[896],"product_cat":[876,84],"product_tag":[],"class_list":{"0":"post-87219","1":"product","2":"type-product","3":"status-publish","4":"has-post-thumbnail","6":"product_brand-replique-manga-cine","7":"product_cat-elden-ring","8":"product_cat-epee-templier-medievale","10":"first","11":"instock","12":"taxable","13":"shipping-taxable","14":"purchasable","15":"product-type-simple"},"yoast_head":"<!-- This site is optimized with the Yoast SEO plugin v27.4 - https:\/\/yoast.com\/product\/yoast-seo-wordpress\/ -->\n<title>\u00c9p\u00e9e de serment Elden Ring - R\u00e9plique Manga Cin\u00e9<\/title>\n<meta name=\"description\" content=\"\u00c9p\u00e9e de serment Elden Ring avec lame grav\u00e9e, garde dor\u00e9e et fourreau marron. Une r\u00e9plique d\u2019exception pour fans et collectionneurs passionn\u00e9s.\" \/>\n<meta name=\"robots\" content=\"index, follow, max-snippet:-1, max-image-preview:large, max-video-preview:-1\" \/>\n<link rel=\"canonical\" href=\"https:\/\/repliquemangacine.fr\/es\/anillo-elden\/anillo-elden-espada-juramento\/\" \/>\n<meta property=\"og:locale\" content=\"es_ES\" \/>\n<meta property=\"og:type\" content=\"article\" \/>\n<meta property=\"og:title\" content=\"\u00c9p\u00e9e de serment Elden Ring - R\u00e9plique Manga Cin\u00e9\" \/>\n<meta property=\"og:description\" content=\"\u00c9p\u00e9e de serment Elden Ring avec lame grav\u00e9e, garde dor\u00e9e et fourreau marron. Une r\u00e9plique d\u2019exception pour fans et collectionneurs passionn\u00e9s.\" \/>\n<meta property=\"og:url\" content=\"https:\/\/repliquemangacine.fr\/es\/anillo-elden\/anillo-elden-espada-juramento\/\" \/>\n<meta property=\"og:site_name\" content=\"R\u00e9plique Manga Cin\u00e9\" \/>\n<meta property=\"article:publisher\" content=\"https:\/\/www.facebook.com\/RepliqueMangaCine\" \/>\n<meta property=\"article:modified_time\" content=\"2026-02-19T10:26:55+00:00\" \/>\n<meta property=\"og:image\" content=\"https:\/\/repliquemangacine.fr\/wp-content\/uploads\/2025\/08\/Epee-de-serment-Elden-Ring.jpg\" \/>\n\t<meta property=\"og:image:width\" content=\"700\" \/>\n\t<meta property=\"og:image:height\" content=\"700\" \/>\n\t<meta property=\"og:image:type\" content=\"image\/jpeg\" \/>\n<meta name=\"twitter:card\" content=\"summary_large_image\" \/>\n<meta name=\"twitter:label1\" content=\"Tiempo de lectura\" \/>\n\t<meta name=\"twitter:data1\" content=\"2 minutos\" \/>\n<script type=\"application\/ld+json\" class=\"yoast-schema-graph\">{\"@context\":\"https:\\\/\\\/schema.org\",\"@graph\":[{\"@type\":\"WebPage\",\"@id\":\"https:\\\/\\\/repliquemangacine.fr\\\/elden-ring\\\/epee-de-serment-elden-ring\\\/\",\"url\":\"https:\\\/\\\/repliquemangacine.fr\\\/elden-ring\\\/epee-de-serment-elden-ring\\\/\",\"name\":\"\u00c9p\u00e9e de serment Elden Ring - R\u00e9plique Manga Cin\u00e9\",\"isPartOf\":{\"@id\":\"https:\\\/\\\/repliquemangacine.fr\\\/#website\"},\"primaryImageOfPage\":{\"@id\":\"https:\\\/\\\/repliquemangacine.fr\\\/elden-ring\\\/epee-de-serment-elden-ring\\\/#primaryimage\"},\"image\":{\"@id\":\"https:\\\/\\\/repliquemangacine.fr\\\/elden-ring\\\/epee-de-serment-elden-ring\\\/#primaryimage\"},\"thumbnailUrl\":\"https:\\\/\\\/repliquemangacine.fr\\\/wp-content\\\/uploads\\\/2025\\\/08\\\/Epee-de-serment-Elden-Ring.jpg\",\"datePublished\":\"2025-08-09T14:21:19+00:00\",\"dateModified\":\"2026-02-19T10:26:55+00:00\",\"description\":\"\u00c9p\u00e9e de serment Elden Ring avec lame grav\u00e9e, garde dor\u00e9e et fourreau marron. Une r\u00e9plique d\u2019exception pour fans et collectionneurs passionn\u00e9s.\",\"breadcrumb\":{\"@id\":\"https:\\\/\\\/repliquemangacine.fr\\\/elden-ring\\\/epee-de-serment-elden-ring\\\/#breadcrumb\"},\"inLanguage\":\"es\",\"potentialAction\":[{\"@type\":\"ReadAction\",\"target\":[\"https:\\\/\\\/repliquemangacine.fr\\\/elden-ring\\\/epee-de-serment-elden-ring\\\/\"]}]},{\"@type\":\"ImageObject\",\"inLanguage\":\"es\",\"@id\":\"https:\\\/\\\/repliquemangacine.fr\\\/elden-ring\\\/epee-de-serment-elden-ring\\\/#primaryimage\",\"url\":\"https:\\\/\\\/repliquemangacine.fr\\\/wp-content\\\/uploads\\\/2025\\\/08\\\/Epee-de-serment-Elden-Ring.jpg\",\"contentUrl\":\"https:\\\/\\\/repliquemangacine.fr\\\/wp-content\\\/uploads\\\/2025\\\/08\\\/Epee-de-serment-Elden-Ring.jpg\",\"width\":700,\"height\":700,\"caption\":\"\u00c9p\u00e9e de serment Elden Ring\"},{\"@type\":\"BreadcrumbList\",\"@id\":\"https:\\\/\\\/repliquemangacine.fr\\\/elden-ring\\\/epee-de-serment-elden-ring\\\/#breadcrumb\",\"itemListElement\":[{\"@type\":\"ListItem\",\"position\":1,\"name\":\"Accueil\",\"item\":\"https:\\\/\\\/repliquemangacine.fr\\\/\"},{\"@type\":\"ListItem\",\"position\":2,\"name\":\"Produits\",\"item\":\"https:\\\/\\\/repliquemangacine.fr\\\/boutique\\\/\"},{\"@type\":\"ListItem\",\"position\":3,\"name\":\"\u00c9p\u00e9e de serment Elden Ring\"}]},{\"@type\":\"WebSite\",\"@id\":\"https:\\\/\\\/repliquemangacine.fr\\\/#website\",\"url\":\"https:\\\/\\\/repliquemangacine.fr\\\/\",\"name\":\"R\u00e9plique Manga Cin\u00e9\",\"description\":\"\",\"publisher\":{\"@id\":\"https:\\\/\\\/repliquemangacine.fr\\\/#organization\"},\"potentialAction\":[{\"@type\":\"SearchAction\",\"target\":{\"@type\":\"EntryPoint\",\"urlTemplate\":\"https:\\\/\\\/repliquemangacine.fr\\\/?s={search_term_string}\"},\"query-input\":{\"@type\":\"PropertyValueSpecification\",\"valueRequired\":true,\"valueName\":\"search_term_string\"}}],\"inLanguage\":\"es\"},{\"@type\":\"Organization\",\"@id\":\"https:\\\/\\\/repliquemangacine.fr\\\/#organization\",\"name\":\"R\u00e9plique Manga Cin\u00e9\",\"url\":\"https:\\\/\\\/repliquemangacine.fr\\\/\",\"logo\":{\"@type\":\"ImageObject\",\"inLanguage\":\"es\",\"@id\":\"https:\\\/\\\/repliquemangacine.fr\\\/#\\\/schema\\\/logo\\\/image\\\/\",\"url\":\"https:\\\/\\\/repliquemangacine.fr\\\/wp-content\\\/uploads\\\/2023\\\/10\\\/RMC-500250.png\",\"contentUrl\":\"https:\\\/\\\/repliquemangacine.fr\\\/wp-content\\\/uploads\\\/2023\\\/10\\\/RMC-500250.png\",\"width\":500,\"height\":250,\"caption\":\"R\u00e9plique Manga Cin\u00e9\"},\"image\":{\"@id\":\"https:\\\/\\\/repliquemangacine.fr\\\/#\\\/schema\\\/logo\\\/image\\\/\"},\"sameAs\":[\"https:\\\/\\\/www.facebook.com\\\/RepliqueMangaCine\",\"https:\\\/\\\/www.instagram.com\\\/repliquemangacine.fr\\\/\"]}]}<\/script>\n<!-- \/ Yoast SEO plugin. -->","yoast_head_json":{"title":"Espada Juramento Anillo Elden - R\u00e9plique Manga Cin\u00e9","description":"Espada de juramento Elden Ring con hoja grabada, empu\u00f1adura dorada y vaina marr\u00f3n. Una r\u00e9plica excepcional para fans apasionados y coleccionistas.","robots":{"index":"index","follow":"follow","max-snippet":"max-snippet:-1","max-image-preview":"max-image-preview:large","max-video-preview":"max-video-preview:-1"},"canonical":"https:\/\/repliquemangacine.fr\/es\/anillo-elden\/anillo-elden-espada-juramento\/","og_locale":"es_ES","og_type":"article","og_title":"\u00c9p\u00e9e de serment Elden Ring - R\u00e9plique Manga Cin\u00e9","og_description":"\u00c9p\u00e9e de serment Elden Ring avec lame grav\u00e9e, garde dor\u00e9e et fourreau marron. Une r\u00e9plique d\u2019exception pour fans et collectionneurs passionn\u00e9s.","og_url":"https:\/\/repliquemangacine.fr\/es\/anillo-elden\/anillo-elden-espada-juramento\/","og_site_name":"R\u00e9plique Manga Cin\u00e9","article_publisher":"https:\/\/www.facebook.com\/RepliqueMangaCine","article_modified_time":"2026-02-19T10:26:55+00:00","og_image":[{"width":700,"height":700,"url":"https:\/\/repliquemangacine.fr\/wp-content\/uploads\/2025\/08\/Epee-de-serment-Elden-Ring.jpg","type":"image\/jpeg"}],"twitter_card":"summary_large_image","twitter_misc":{"Tiempo de lectura":"2 minutos"},"schema":{"@context":"https:\/\/schema.org","@graph":[{"@type":"WebPage","@id":"https:\/\/repliquemangacine.fr\/elden-ring\/epee-de-serment-elden-ring\/","url":"https:\/\/repliquemangacine.fr\/elden-ring\/epee-de-serment-elden-ring\/","name":"Espada Juramento Anillo Elden - R\u00e9plique Manga Cin\u00e9","isPartOf":{"@id":"https:\/\/repliquemangacine.fr\/#website"},"primaryImageOfPage":{"@id":"https:\/\/repliquemangacine.fr\/elden-ring\/epee-de-serment-elden-ring\/#primaryimage"},"image":{"@id":"https:\/\/repliquemangacine.fr\/elden-ring\/epee-de-serment-elden-ring\/#primaryimage"},"thumbnailUrl":"https:\/\/repliquemangacine.fr\/wp-content\/uploads\/2025\/08\/Epee-de-serment-Elden-Ring.jpg","datePublished":"2025-08-09T14:21:19+00:00","dateModified":"2026-02-19T10:26:55+00:00","description":"Espada de juramento Elden Ring con hoja grabada, empu\u00f1adura dorada y vaina marr\u00f3n. Una r\u00e9plica excepcional para fans apasionados y coleccionistas.","breadcrumb":{"@id":"https:\/\/repliquemangacine.fr\/elden-ring\/epee-de-serment-elden-ring\/#breadcrumb"},"inLanguage":"es","potentialAction":[{"@type":"ReadAction","target":["https:\/\/repliquemangacine.fr\/elden-ring\/epee-de-serment-elden-ring\/"]}]},{"@type":"ImageObject","inLanguage":"es","@id":"https:\/\/repliquemangacine.fr\/elden-ring\/epee-de-serment-elden-ring\/#primaryimage","url":"https:\/\/repliquemangacine.fr\/wp-content\/uploads\/2025\/08\/Epee-de-serment-Elden-Ring.jpg","contentUrl":"https:\/\/repliquemangacine.fr\/wp-content\/uploads\/2025\/08\/Epee-de-serment-Elden-Ring.jpg","width":700,"height":700,"caption":"\u00c9p\u00e9e de serment Elden Ring"},{"@type":"BreadcrumbList","@id":"https:\/\/repliquemangacine.fr\/elden-ring\/epee-de-serment-elden-ring\/#breadcrumb","itemListElement":[{"@type":"ListItem","position":1,"name":"Accueil","item":"https:\/\/repliquemangacine.fr\/"},{"@type":"ListItem","position":2,"name":"Produits","item":"https:\/\/repliquemangacine.fr\/boutique\/"},{"@type":"ListItem","position":3,"name":"\u00c9p\u00e9e de serment Elden Ring"}]},{"@type":"WebSite","@id":"https:\/\/repliquemangacine.fr\/#website","url":"https:\/\/repliquemangacine.fr\/","name":"R\u00e9plique Manga Cin\u00e9","description":"","publisher":{"@id":"https:\/\/repliquemangacine.fr\/#organization"},"potentialAction":[{"@type":"SearchAction","target":{"@type":"EntryPoint","urlTemplate":"https:\/\/repliquemangacine.fr\/?s={search_term_string}"},"query-input":{"@type":"PropertyValueSpecification","valueRequired":true,"valueName":"search_term_string"}}],"inLanguage":"es"},{"@type":"Organization","@id":"https:\/\/repliquemangacine.fr\/#organization","name":"R\u00e9plique Manga Cin\u00e9","url":"https:\/\/repliquemangacine.fr\/","logo":{"@type":"ImageObject","inLanguage":"es","@id":"https:\/\/repliquemangacine.fr\/#\/schema\/logo\/image\/","url":"https:\/\/repliquemangacine.fr\/wp-content\/uploads\/2023\/10\/RMC-500250.png","contentUrl":"https:\/\/repliquemangacine.fr\/wp-content\/uploads\/2023\/10\/RMC-500250.png","width":500,"height":250,"caption":"R\u00e9plique Manga Cin\u00e9"},"image":{"@id":"https:\/\/repliquemangacine.fr\/#\/schema\/logo\/image\/"},"sameAs":["https:\/\/www.facebook.com\/RepliqueMangaCine","https:\/\/www.instagram.com\/repliquemangacine.fr\/"]}]}},"_links":{"self":[{"href":"https:\/\/repliquemangacine.fr\/es\/wp-json\/wp\/v2\/product\/87219","targetHints":{"allow":["GET"]}}],"collection":[{"href":"https:\/\/repliquemangacine.fr\/es\/wp-json\/wp\/v2\/product"}],"about":[{"href":"https:\/\/repliquemangacine.fr\/es\/wp-json\/wp\/v2\/types\/product"}],"wp:featuredmedia":[{"embeddable":true,"href":"https:\/\/repliquemangacine.fr\/es\/wp-json\/wp\/v2\/media\/87221"}],"wp:attachment":[{"href":"https:\/\/repliquemangacine.fr\/es\/wp-json\/wp\/v2\/media?parent=87219"}],"wp:term":[{"taxonomy":"product_brand","embeddable":true,"href":"https:\/\/repliquemangacine.fr\/es\/wp-json\/wp\/v2\/product_brand?post=87219"},{"taxonomy":"product_cat","embeddable":true,"href":"https:\/\/repliquemangacine.fr\/es\/wp-json\/wp\/v2\/product_cat?post=87219"},{"taxonomy":"product_tag","embeddable":true,"href":"https:\/\/repliquemangacine.fr\/es\/wp-json\/wp\/v2\/product_tag?post=87219"}],"curies":[{"name":"wp","href":"https:\/\/api.w.org\/{rel}","templated":true}]}}