





{"id":87118,"date":"2025-08-05T14:57:52","date_gmt":"2025-08-05T12:57:52","guid":{"rendered":"https:\/\/repliquemangacine.fr\/?post_type=product&#038;p=87118"},"modified":"2025-11-12T23:32:49","modified_gmt":"2025-11-12T22:32:49","slug":"navaja-tactica-sck","status":"publish","type":"product","link":"https:\/\/repliquemangacine.fr\/es\/coutellerie\/couteau-tactique-pliant-sck\/","title":{"rendered":"Cuchillo t\u00e1ctico plegable SCK"},"content":{"rendered":"<h2>Caracter\u00edsticas del cuchillo t\u00e1ctico plegable SCK<\/h2>\n<p>Empecemos por examinar el cuchillo t\u00e1ctico plegable SCK, que combina robustez, compacidad y eficacia para satisfacer las necesidades tanto de los amantes del campo como de la acci\u00f3n.<br \/>\nEn primer lugar, su hoja dentada de acero inoxidable ofrece un corte preciso, incluso en los materiales m\u00e1s resistentes o en situaciones de emergencia.<br \/>\nEn segundo lugar, gracias a su sistema de apertura semiautom\u00e1tico, se despliega r\u00e1pidamente con una sola mano.<br \/>\nPor \u00faltimo, el mango ergon\u00f3mico antideslizante garantiza un agarre firme, incluso bajo la lluvia, con barro o con guantes gruesos.<br \/>\nAdem\u00e1s, este cuchillo cuenta con un rompecristales integrado y un cortador de cinturones para hacer frente a cualquier imprevisto en cuesti\u00f3n de segundos.<br \/>\nSu pr\u00e1ctica hebilla con clip permite tenerlo siempre a mano, sin que resulte inc\u00f3modo ni molesto cuando te desplazas.<br \/>\nVers\u00e1til y dise\u00f1ado para durar, este cuchillo es imprescindible para aventureros, profesionales de campo o aficionados al equipamiento t\u00e1ctico.<\/p>\n<h2>Un cuchillo de supervivencia dise\u00f1ado para la acci\u00f3n y la eficacia<\/h2>\n<p>Esta navaja plegable SCK no es un simple accesorio, es una aut\u00e9ntica herramienta de supervivencia, dise\u00f1ada para situaciones extremas.<br \/>\nSe distingue por su robustez, su rapidez de despliegue y sus funciones de emergencia dise\u00f1adas para salvar vidas en caso necesario.<br \/>\nSu dise\u00f1o t\u00e1ctico en negro mate le confiere un aspecto discreto, profesional y tremendamente eficaz en cualquier entorno.<br \/>\nAdem\u00e1s, sus m\u00faltiples funciones integradas lo convierten en un compa\u00f1ero de confianza para excursiones, intervenciones o desplazamientos diarios.<br \/>\nA diferencia de otros modelos, incluye todo lo necesario: cortador de cinturones, rompecristales, cuchilla afilada y clip para cintur\u00f3n resistente.<br \/>\nEste cuchillo le garantiza seguridad, eficacia y estilo, tanto si se encuentra en plena naturaleza como en un entorno urbano peligroso.<br \/>\nEn resumen, cumple todos los requisitos para aquellos que buscan un cuchillo fiable, listo para la acci\u00f3n en cualquier momento, sin concesiones.<\/p>\n<h2>Encu\u00e9ntralo en Repliquemangacine con otros productos excepcionales<\/h2>\n<p>Visite <strong>Repliquemangacine<\/strong>, descubrir\u00e1 mucho m\u00e1s que este cuchillo SCK: todo un universo de r\u00e9plicas y objetos de colecci\u00f3n.<br \/>\n\u00bfEres fan de mangas como One Piece, Naruto o Demon Slayer? Descubre nuestros <a href=\"https:\/\/repliquemangacine.fr\/es\/katana-luminosa\/\" target=\"_blank\" rel=\"noopener noreferrer\">katanas luminosas<\/a> y espadas emblem\u00e1ticas de tus h\u00e9roes.<br \/>\n\u00bfTe apasionan los videojuegos? Descubre nuestras armas inspiradas en Zelda, The Witcher, Genshin Impact y muchas otras licencias imprescindibles.<br \/>\nEn cuanto al cine, ofrecemos piezas m\u00edticas como la espada de Gladiator, el sable de <a href=\"https:\/\/repliquemangacine.fr\/es\/cuchillos-rambo-daga-john-rambo\/\" target=\"_blank\" rel=\"noopener noreferrer\">Rambo<\/a> o incluso objetos de Harry Potter.<br \/>\nTambi\u00e9n contamos con una amplia selecci\u00f3n de armas hist\u00f3ricas: espadas romanas, espadas medievales, sables piratas o accesorios de la <a href=\"https:\/\/fr.wikipedia.org\/wiki\/Seconde_Guerre_mondiale\" target=\"_blank\" rel=\"noopener noreferrer\">WWII<\/a>.<br \/>\nSin olvidar nuestra categor\u00eda western: rev\u00f3lveres, fundas, rifles Winchester y placas de sheriff para los amantes del Lejano Oeste.<br \/>\nPara terminar, <strong>Repliquemangacine<\/strong>Es la tienda ideal para completar su colecci\u00f3n con pasi\u00f3n, calidad y originalidad.<\/p>\n<p><strong>\u26a0\ufe0f Venta prohibida a menores. Es posible que tras realizar el pedido se solicite una verificaci\u00f3n de identidad para confirmar la mayor\u00eda de edad del comprador.<\/strong><\/p>","protected":false},"excerpt":{"rendered":"<p>\u2699\ufe0f Especificaciones t\u00e9cnicas :<br \/>\nTipo : Navaja plegable semiautom\u00e1tica<\/p>\n<p>Marca : SCK<br \/>\nHoja: acero inoxidable negro, parcialmente dentada para cortar f\u00e1cilmente cuerdas y materiales resistentes<br \/>\nLongitud de la hoja: Aproximadamente 9 cm (a confirmar si se tienen los datos exactos)<br \/>\nLongitud total abierta: aprox. 21 cm (pendiente de confirmaci\u00f3n)<br \/>\nMango: ergon\u00f3mico con empu\u00f1adura antideslizante e inserci\u00f3n texturizada para un agarre firme incluso con guantes<br \/>\nApertura: semiautom\u00e1tica con sistema de ayuda a la apertura r\u00e1pida (aleta o pulsador)<br \/>\nFunciones integradas:Interruptor de emergencia de las ventanillas (parte trasera)<br \/>\nCortador de correa integrado en el mango<br \/>\nRobusto clip de cintur\u00f3n para un transporte discreto<\/p>","protected":false},"featured_media":87121,"template":"","meta":[],"product_brand":[],"product_cat":[891,892,884],"product_tag":[],"class_list":{"0":"post-87118","1":"product","2":"type-product","3":"status-publish","4":"has-post-thumbnail","6":"product_cat-couteaux-automatiques","7":"product_cat-couteaux-tactical","8":"product_cat-coutellerie","10":"first","11":"instock","12":"taxable","13":"shipping-taxable","14":"purchasable","15":"product-type-simple"},"yoast_head":"<!-- This site is optimized with the Yoast SEO plugin v27.4 - https:\/\/yoast.com\/product\/yoast-seo-wordpress\/ -->\n<title>Couteau Tactique Pliant SCK | R\u00e9plique Manga Cin\u00e9<\/title>\n<meta name=\"description\" content=\"D\u00e9couvrez le couteau tactique pliant SCK : lame crant\u00e9e, ouverture rapide, coupe-ceinture et brise-vitre. Id\u00e9al survie, outdoor, urgence.\" \/>\n<meta name=\"robots\" content=\"index, follow, max-snippet:-1, max-image-preview:large, max-video-preview:-1\" \/>\n<link rel=\"canonical\" href=\"https:\/\/repliquemangacine.fr\/es\/cubiertos\/navaja-tactica-sck\/\" \/>\n<meta property=\"og:locale\" content=\"es_ES\" \/>\n<meta property=\"og:type\" content=\"article\" \/>\n<meta property=\"og:title\" content=\"Couteau Tactique Pliant SCK | R\u00e9plique Manga Cin\u00e9\" \/>\n<meta property=\"og:description\" content=\"D\u00e9couvrez le couteau tactique pliant SCK : lame crant\u00e9e, ouverture rapide, coupe-ceinture et brise-vitre. Id\u00e9al survie, outdoor, urgence.\" \/>\n<meta property=\"og:url\" content=\"https:\/\/repliquemangacine.fr\/es\/cubiertos\/navaja-tactica-sck\/\" \/>\n<meta property=\"og:site_name\" content=\"R\u00e9plique Manga Cin\u00e9\" \/>\n<meta property=\"article:publisher\" content=\"https:\/\/www.facebook.com\/RepliqueMangaCine\" \/>\n<meta property=\"article:modified_time\" content=\"2025-11-12T22:32:49+00:00\" \/>\n<meta property=\"og:image\" content=\"https:\/\/repliquemangacine.fr\/wp-content\/uploads\/2025\/08\/Couteau-SCK-Tactique-semi-automatique.jpg\" \/>\n\t<meta property=\"og:image:width\" content=\"700\" \/>\n\t<meta property=\"og:image:height\" content=\"700\" \/>\n\t<meta property=\"og:image:type\" content=\"image\/jpeg\" \/>\n<meta name=\"twitter:card\" content=\"summary_large_image\" \/>\n<meta name=\"twitter:label1\" content=\"Tiempo de lectura\" \/>\n\t<meta name=\"twitter:data1\" content=\"3 minutos\" \/>\n<script type=\"application\/ld+json\" class=\"yoast-schema-graph\">{\"@context\":\"https:\\\/\\\/schema.org\",\"@graph\":[{\"@type\":\"WebPage\",\"@id\":\"https:\\\/\\\/repliquemangacine.fr\\\/coutellerie\\\/couteau-tactique-pliant-sck\\\/\",\"url\":\"https:\\\/\\\/repliquemangacine.fr\\\/coutellerie\\\/couteau-tactique-pliant-sck\\\/\",\"name\":\"Couteau Tactique Pliant SCK | R\u00e9plique Manga Cin\u00e9\",\"isPartOf\":{\"@id\":\"https:\\\/\\\/repliquemangacine.fr\\\/#website\"},\"primaryImageOfPage\":{\"@id\":\"https:\\\/\\\/repliquemangacine.fr\\\/coutellerie\\\/couteau-tactique-pliant-sck\\\/#primaryimage\"},\"image\":{\"@id\":\"https:\\\/\\\/repliquemangacine.fr\\\/coutellerie\\\/couteau-tactique-pliant-sck\\\/#primaryimage\"},\"thumbnailUrl\":\"https:\\\/\\\/repliquemangacine.fr\\\/wp-content\\\/uploads\\\/2025\\\/08\\\/Couteau-SCK-Tactique-semi-automatique.jpg\",\"datePublished\":\"2025-08-05T12:57:52+00:00\",\"dateModified\":\"2025-11-12T22:32:49+00:00\",\"description\":\"D\u00e9couvrez le couteau tactique pliant SCK : lame crant\u00e9e, ouverture rapide, coupe-ceinture et brise-vitre. Id\u00e9al survie, outdoor, urgence.\",\"breadcrumb\":{\"@id\":\"https:\\\/\\\/repliquemangacine.fr\\\/coutellerie\\\/couteau-tactique-pliant-sck\\\/#breadcrumb\"},\"inLanguage\":\"es\",\"potentialAction\":[{\"@type\":\"ReadAction\",\"target\":[\"https:\\\/\\\/repliquemangacine.fr\\\/coutellerie\\\/couteau-tactique-pliant-sck\\\/\"]}]},{\"@type\":\"ImageObject\",\"inLanguage\":\"es\",\"@id\":\"https:\\\/\\\/repliquemangacine.fr\\\/coutellerie\\\/couteau-tactique-pliant-sck\\\/#primaryimage\",\"url\":\"https:\\\/\\\/repliquemangacine.fr\\\/wp-content\\\/uploads\\\/2025\\\/08\\\/Couteau-SCK-Tactique-semi-automatique.jpg\",\"contentUrl\":\"https:\\\/\\\/repliquemangacine.fr\\\/wp-content\\\/uploads\\\/2025\\\/08\\\/Couteau-SCK-Tactique-semi-automatique.jpg\",\"width\":700,\"height\":700,\"caption\":\"Couteau-SCK-Tactique-semi-automatique\"},{\"@type\":\"BreadcrumbList\",\"@id\":\"https:\\\/\\\/repliquemangacine.fr\\\/coutellerie\\\/couteau-tactique-pliant-sck\\\/#breadcrumb\",\"itemListElement\":[{\"@type\":\"ListItem\",\"position\":1,\"name\":\"Accueil\",\"item\":\"https:\\\/\\\/repliquemangacine.fr\\\/\"},{\"@type\":\"ListItem\",\"position\":2,\"name\":\"Produits\",\"item\":\"https:\\\/\\\/repliquemangacine.fr\\\/boutique\\\/\"},{\"@type\":\"ListItem\",\"position\":3,\"name\":\"Couteau Tactique Pliant SCK\"}]},{\"@type\":\"WebSite\",\"@id\":\"https:\\\/\\\/repliquemangacine.fr\\\/#website\",\"url\":\"https:\\\/\\\/repliquemangacine.fr\\\/\",\"name\":\"R\u00e9plique Manga Cin\u00e9\",\"description\":\"\",\"publisher\":{\"@id\":\"https:\\\/\\\/repliquemangacine.fr\\\/#organization\"},\"potentialAction\":[{\"@type\":\"SearchAction\",\"target\":{\"@type\":\"EntryPoint\",\"urlTemplate\":\"https:\\\/\\\/repliquemangacine.fr\\\/?s={search_term_string}\"},\"query-input\":{\"@type\":\"PropertyValueSpecification\",\"valueRequired\":true,\"valueName\":\"search_term_string\"}}],\"inLanguage\":\"es\"},{\"@type\":\"Organization\",\"@id\":\"https:\\\/\\\/repliquemangacine.fr\\\/#organization\",\"name\":\"R\u00e9plique Manga Cin\u00e9\",\"url\":\"https:\\\/\\\/repliquemangacine.fr\\\/\",\"logo\":{\"@type\":\"ImageObject\",\"inLanguage\":\"es\",\"@id\":\"https:\\\/\\\/repliquemangacine.fr\\\/#\\\/schema\\\/logo\\\/image\\\/\",\"url\":\"https:\\\/\\\/repliquemangacine.fr\\\/wp-content\\\/uploads\\\/2023\\\/10\\\/RMC-500250.png\",\"contentUrl\":\"https:\\\/\\\/repliquemangacine.fr\\\/wp-content\\\/uploads\\\/2023\\\/10\\\/RMC-500250.png\",\"width\":500,\"height\":250,\"caption\":\"R\u00e9plique Manga Cin\u00e9\"},\"image\":{\"@id\":\"https:\\\/\\\/repliquemangacine.fr\\\/#\\\/schema\\\/logo\\\/image\\\/\"},\"sameAs\":[\"https:\\\/\\\/www.facebook.com\\\/RepliqueMangaCine\",\"https:\\\/\\\/www.instagram.com\\\/repliquemangacine.fr\\\/\"]}]}<\/script>\n<!-- \/ Yoast SEO plugin. -->","yoast_head_json":{"title":"SCK Cuchillo T\u00e1ctico Plegable | R\u00e9plique Manga Cin\u00e9","description":"Descubra la navaja t\u00e1ctica plegable SCK: hoja dentada, cierre r\u00e1pido, corta-cinturones y rompe-cristales. Ideal para supervivencia, uso al aire libre y emergencias.","robots":{"index":"index","follow":"follow","max-snippet":"max-snippet:-1","max-image-preview":"max-image-preview:large","max-video-preview":"max-video-preview:-1"},"canonical":"https:\/\/repliquemangacine.fr\/es\/cubiertos\/navaja-tactica-sck\/","og_locale":"es_ES","og_type":"article","og_title":"Couteau Tactique Pliant SCK | R\u00e9plique Manga Cin\u00e9","og_description":"D\u00e9couvrez le couteau tactique pliant SCK : lame crant\u00e9e, ouverture rapide, coupe-ceinture et brise-vitre. Id\u00e9al survie, outdoor, urgence.","og_url":"https:\/\/repliquemangacine.fr\/es\/cubiertos\/navaja-tactica-sck\/","og_site_name":"R\u00e9plique Manga Cin\u00e9","article_publisher":"https:\/\/www.facebook.com\/RepliqueMangaCine","article_modified_time":"2025-11-12T22:32:49+00:00","og_image":[{"width":700,"height":700,"url":"https:\/\/repliquemangacine.fr\/wp-content\/uploads\/2025\/08\/Couteau-SCK-Tactique-semi-automatique.jpg","type":"image\/jpeg"}],"twitter_card":"summary_large_image","twitter_misc":{"Tiempo de lectura":"3 minutos"},"schema":{"@context":"https:\/\/schema.org","@graph":[{"@type":"WebPage","@id":"https:\/\/repliquemangacine.fr\/coutellerie\/couteau-tactique-pliant-sck\/","url":"https:\/\/repliquemangacine.fr\/coutellerie\/couteau-tactique-pliant-sck\/","name":"SCK Cuchillo T\u00e1ctico Plegable | R\u00e9plique Manga Cin\u00e9","isPartOf":{"@id":"https:\/\/repliquemangacine.fr\/#website"},"primaryImageOfPage":{"@id":"https:\/\/repliquemangacine.fr\/coutellerie\/couteau-tactique-pliant-sck\/#primaryimage"},"image":{"@id":"https:\/\/repliquemangacine.fr\/coutellerie\/couteau-tactique-pliant-sck\/#primaryimage"},"thumbnailUrl":"https:\/\/repliquemangacine.fr\/wp-content\/uploads\/2025\/08\/Couteau-SCK-Tactique-semi-automatique.jpg","datePublished":"2025-08-05T12:57:52+00:00","dateModified":"2025-11-12T22:32:49+00:00","description":"Descubra la navaja t\u00e1ctica plegable SCK: hoja dentada, cierre r\u00e1pido, corta-cinturones y rompe-cristales. Ideal para supervivencia, uso al aire libre y emergencias.","breadcrumb":{"@id":"https:\/\/repliquemangacine.fr\/coutellerie\/couteau-tactique-pliant-sck\/#breadcrumb"},"inLanguage":"es","potentialAction":[{"@type":"ReadAction","target":["https:\/\/repliquemangacine.fr\/coutellerie\/couteau-tactique-pliant-sck\/"]}]},{"@type":"ImageObject","inLanguage":"es","@id":"https:\/\/repliquemangacine.fr\/coutellerie\/couteau-tactique-pliant-sck\/#primaryimage","url":"https:\/\/repliquemangacine.fr\/wp-content\/uploads\/2025\/08\/Couteau-SCK-Tactique-semi-automatique.jpg","contentUrl":"https:\/\/repliquemangacine.fr\/wp-content\/uploads\/2025\/08\/Couteau-SCK-Tactique-semi-automatique.jpg","width":700,"height":700,"caption":"Couteau-SCK-Tactique-semi-automatique"},{"@type":"BreadcrumbList","@id":"https:\/\/repliquemangacine.fr\/coutellerie\/couteau-tactique-pliant-sck\/#breadcrumb","itemListElement":[{"@type":"ListItem","position":1,"name":"Accueil","item":"https:\/\/repliquemangacine.fr\/"},{"@type":"ListItem","position":2,"name":"Produits","item":"https:\/\/repliquemangacine.fr\/boutique\/"},{"@type":"ListItem","position":3,"name":"Couteau Tactique Pliant SCK"}]},{"@type":"WebSite","@id":"https:\/\/repliquemangacine.fr\/#website","url":"https:\/\/repliquemangacine.fr\/","name":"R\u00e9plique Manga Cin\u00e9","description":"","publisher":{"@id":"https:\/\/repliquemangacine.fr\/#organization"},"potentialAction":[{"@type":"SearchAction","target":{"@type":"EntryPoint","urlTemplate":"https:\/\/repliquemangacine.fr\/?s={search_term_string}"},"query-input":{"@type":"PropertyValueSpecification","valueRequired":true,"valueName":"search_term_string"}}],"inLanguage":"es"},{"@type":"Organization","@id":"https:\/\/repliquemangacine.fr\/#organization","name":"R\u00e9plique Manga Cin\u00e9","url":"https:\/\/repliquemangacine.fr\/","logo":{"@type":"ImageObject","inLanguage":"es","@id":"https:\/\/repliquemangacine.fr\/#\/schema\/logo\/image\/","url":"https:\/\/repliquemangacine.fr\/wp-content\/uploads\/2023\/10\/RMC-500250.png","contentUrl":"https:\/\/repliquemangacine.fr\/wp-content\/uploads\/2023\/10\/RMC-500250.png","width":500,"height":250,"caption":"R\u00e9plique Manga Cin\u00e9"},"image":{"@id":"https:\/\/repliquemangacine.fr\/#\/schema\/logo\/image\/"},"sameAs":["https:\/\/www.facebook.com\/RepliqueMangaCine","https:\/\/www.instagram.com\/repliquemangacine.fr\/"]}]}},"_links":{"self":[{"href":"https:\/\/repliquemangacine.fr\/es\/wp-json\/wp\/v2\/product\/87118","targetHints":{"allow":["GET"]}}],"collection":[{"href":"https:\/\/repliquemangacine.fr\/es\/wp-json\/wp\/v2\/product"}],"about":[{"href":"https:\/\/repliquemangacine.fr\/es\/wp-json\/wp\/v2\/types\/product"}],"wp:featuredmedia":[{"embeddable":true,"href":"https:\/\/repliquemangacine.fr\/es\/wp-json\/wp\/v2\/media\/87121"}],"wp:attachment":[{"href":"https:\/\/repliquemangacine.fr\/es\/wp-json\/wp\/v2\/media?parent=87118"}],"wp:term":[{"taxonomy":"product_brand","embeddable":true,"href":"https:\/\/repliquemangacine.fr\/es\/wp-json\/wp\/v2\/product_brand?post=87118"},{"taxonomy":"product_cat","embeddable":true,"href":"https:\/\/repliquemangacine.fr\/es\/wp-json\/wp\/v2\/product_cat?post=87118"},{"taxonomy":"product_tag","embeddable":true,"href":"https:\/\/repliquemangacine.fr\/es\/wp-json\/wp\/v2\/product_tag?post=87118"}],"curies":[{"name":"wp","href":"https:\/\/api.w.org\/{rel}","templated":true}]}}