





{"id":87105,"date":"2025-08-05T10:48:31","date_gmt":"2025-08-05T08:48:31","guid":{"rendered":"https:\/\/repliquemangacine.fr\/?post_type=product&#038;p=87105"},"modified":"2026-04-04T04:52:55","modified_gmt":"2026-04-04T02:52:55","slug":"juego-de-3-cuchillos-arrojadizos-sck-azul","status":"publish","type":"product","link":"https:\/\/repliquemangacine.fr\/es\/coutellerie\/set-3-couteaux-a-lancer-sck-bleu\/","title":{"rendered":"Juego de 3 cuchillos arrojadizos SCK Blue"},"content":{"rendered":"<h2>Un juego elegante y t\u00e9cnico de 3 cuchillos azules para los amantes del lanzamiento<\/h2>\n<p>Este set de 3 cuchillos de lanzamiento azules SCK est\u00e1 dise\u00f1ado para los amantes del lanzamiento de precisi\u00f3n y la est\u00e9tica moderna.<br \/>\nCada cuchillo tiene una hoja de<a href=\"https:\/\/fr.wikipedia.org\/wiki\/Acier_inoxydable#:~:text=L'acier%20inoxydable%2C%20couramment%20appel%C3%A9,pas%20se%20d%C3%A9grader%20en%20rouille.\" target=\"_blank\" rel=\"noopener noreferrer\"> acero inoxidable<\/a> Azul, estilizada, dentada y equilibrada para lanzamientos fluidos y eficaces.<br \/>\nEl mango est\u00e1 recubierto con una cuerda trenzada azul, lo que garantiza un excelente agarre en todas las situaciones de uso.<br \/>\nAdem\u00e1s, los cuchillos se suministran en una funda de cordura negra con pasador para el cintur\u00f3n, pr\u00e1ctica y resistente.<br \/>\nPor otra parte, este estilo tan visual gusta a los aficionados al cosplay, a las colecciones originales o al lanzamiento deportivo.<br \/>\nEn resumen, este pack encarna a la perfecci\u00f3n la combinaci\u00f3n entre rendimiento, estilo y comodidad de uso.<br \/>\nPor lo tanto, seducir\u00e1 tanto a los coleccionistas como a los usuarios habituales que buscan emociones fuertes.<br \/>\nEs la elecci\u00f3n ideal para quienes desean destacar con cuchillos de aspecto \u00fanico y llamativo.<\/p>\n<h2>Adopte el conjunto SCK azul: una elecci\u00f3n esencial para todos los aficionados<\/h2>\n<p>En primer lugar, este juego de 3 cuchillos SCK azules destaca por su dise\u00f1o excepcional y su calidad de fabricaci\u00f3n.<br \/>\nA diferencia de los modelos cl\u00e1sicos, estas hojas estilizadas desprenden una fuerte personalidad y llaman inmediatamente la atenci\u00f3n de los aficionados m\u00e1s entendidos.<br \/>\nAdem\u00e1s, el equilibrio est\u00e1 pensado para una estabilidad perfecta en vuelo, lo que ofrece un rendimiento ideal para el lanzamiento.<br \/>\nGracias a su tama\u00f1o compacto y su acabado, estos cuchillos son adecuados tanto para el entrenamiento como para la demostraci\u00f3n art\u00edstica.<br \/>\nAdem\u00e1s, el estuche para el cintur\u00f3n facilita el transporte y garantiza una protecci\u00f3n \u00f3ptima de las cuchillas.<br \/>\nDe este modo, combinas est\u00e9tica, practicidad y rendimiento en un solo producto.<br \/>\nEn conclusi\u00f3n, este set no solo es eficaz, sino que adem\u00e1s reafirma tu estilo, tu nivel y tu pasi\u00f3n por el lanzamiento.<br \/>\nY eso no es todo: tambi\u00e9n es un excelente regalo para los amantes de las armas modernas y con estilo.<\/p>\n<h2>Repliquemangacine: el templo de las r\u00e9plicas frikis e hist\u00f3ricas<\/h2>\n<p>Visite <strong>Repliquemangacine<\/strong>, Encontrar\u00e1s mucho m\u00e1s que cuchillos para lanzar: nuestro universo est\u00e1 repleto de objetos \u00fanicos y de culto.<br \/>\nTambi\u00e9n puedes encontrar espadas de videojuegos como la Skyward Sword de Zelda o la Red Queen de Devil May Cry.<br \/>\nNuestra tienda tambi\u00e9n ofrece r\u00e9plicas de armas hist\u00f3ricas: espadas romanas, sables piratas, cascos antiguos y mucho m\u00e1s.<br \/>\nPara los fans de <a href=\"https:\/\/repliquemangacine.fr\/es\/armas-y-accesorios-occidentales\/\" target=\"_blank\" rel=\"noopener noreferrer\">occidental<\/a>, Tenemos rev\u00f3lveres Colt, rifles Winchester, fundas de cuero e incluso estrellas de sheriff fieles a la \u00e9poca.<br \/>\nSin olvidar nuestra gama de art\u00edculos promocionales y figuras de mangas de culto como Naruto, Demon Slayer, Bleach o <a href=\"https:\/\/repliquemangacine.fr\/es\/impacto-genshin\/\" target=\"_blank\" rel=\"noopener noreferrer\">Impacto Genshin.<\/a><br \/>\nEn resumen, tanto si eres coleccionista, aficionado o simplemente curioso, nuestro cat\u00e1logo tiene algo que te interesar\u00e1.<br \/>\nNo esperes m\u00e1s y descubre todos nuestros productos exclusivos online, que te enviaremos r\u00e1pidamente a tu domicilio.<\/p>\n<p><strong>\u26a0\ufe0f Venta prohibida a menores. Es posible que tras realizar el pedido se solicite una verificaci\u00f3n de identidad para confirmar la mayor\u00eda de edad del comprador.<\/strong><\/p>","protected":false},"excerpt":{"rendered":"<p><strong>Especificaciones t\u00e9cnicas :<\/strong><\/p>\n<ul>\n<li>Marca : SCK<\/li>\n<li>Cantidad: 3 cuchillos<\/li>\n<li>Longitud total (por cuchillo): 20 cm aprox.<\/li>\n<li>Material: Acero inoxidable<\/li>\n<li>Peso total (con estuche): 230 g aprox.<\/li>\n<li>Color de la hoja: Azul metalizado<\/li>\n<li>Mango: cuerda trenzada azul<\/li>\n<li>Funda: Cordura negra con cierre de velcro y trabilla para cintur\u00f3n<\/li>\n<\/ul>","protected":false},"featured_media":87110,"template":"","meta":[],"product_brand":[],"product_cat":[894,884],"product_tag":[],"class_list":{"0":"post-87105","1":"product","2":"type-product","3":"status-publish","4":"has-post-thumbnail","6":"product_cat-couteaux-de-lancer-et-etoiles","7":"product_cat-coutellerie","9":"first","10":"outofstock","11":"taxable","12":"shipping-taxable","13":"purchasable","14":"product-type-simple"},"yoast_head":"<!-- This site is optimized with the Yoast SEO plugin v27.4 - https:\/\/yoast.com\/product\/yoast-seo-wordpress\/ -->\n<title>Set 3 Couteaux \u00e0 Lancer Bleu SCK | R\u00e9plique Manga Cin\u00e9<\/title>\n<meta name=\"description\" content=\"Set 3 Couteaux \u00e0 Lancer Bleu SCK, lames stylis\u00e9es, poign\u00e9e en corde tress\u00e9e + \u00e9tui ceinture. Parfait pour lancer ou collection.\" \/>\n<meta name=\"robots\" content=\"index, follow, max-snippet:-1, max-image-preview:large, max-video-preview:-1\" \/>\n<link rel=\"canonical\" href=\"https:\/\/repliquemangacine.fr\/es\/cubiertos\/juego-de-3-cuchillos-arrojadizos-sck-azul\/\" \/>\n<meta property=\"og:locale\" content=\"es_ES\" \/>\n<meta property=\"og:type\" content=\"article\" \/>\n<meta property=\"og:title\" content=\"Set 3 Couteaux \u00e0 Lancer Bleu SCK | R\u00e9plique Manga Cin\u00e9\" \/>\n<meta property=\"og:description\" content=\"Set 3 Couteaux \u00e0 Lancer Bleu SCK, lames stylis\u00e9es, poign\u00e9e en corde tress\u00e9e + \u00e9tui ceinture. Parfait pour lancer ou collection.\" \/>\n<meta property=\"og:url\" content=\"https:\/\/repliquemangacine.fr\/es\/cubiertos\/juego-de-3-cuchillos-arrojadizos-sck-azul\/\" \/>\n<meta property=\"og:site_name\" content=\"R\u00e9plique Manga Cin\u00e9\" \/>\n<meta property=\"article:publisher\" content=\"https:\/\/www.facebook.com\/RepliqueMangaCine\" \/>\n<meta property=\"article:modified_time\" content=\"2026-04-04T02:52:55+00:00\" \/>\n<meta property=\"og:image\" content=\"https:\/\/repliquemangacine.fr\/wp-content\/uploads\/2025\/08\/Couteaux-a-lancer-SCK-Bleu.jpg\" \/>\n\t<meta property=\"og:image:width\" content=\"700\" \/>\n\t<meta property=\"og:image:height\" content=\"700\" \/>\n\t<meta property=\"og:image:type\" content=\"image\/jpeg\" \/>\n<meta name=\"twitter:card\" content=\"summary_large_image\" \/>\n<meta name=\"twitter:label1\" content=\"Tiempo de lectura\" \/>\n\t<meta name=\"twitter:data1\" content=\"3 minutos\" \/>\n<script type=\"application\/ld+json\" class=\"yoast-schema-graph\">{\"@context\":\"https:\\\/\\\/schema.org\",\"@graph\":[{\"@type\":\"WebPage\",\"@id\":\"https:\\\/\\\/repliquemangacine.fr\\\/coutellerie\\\/set-3-couteaux-a-lancer-sck-bleu\\\/\",\"url\":\"https:\\\/\\\/repliquemangacine.fr\\\/coutellerie\\\/set-3-couteaux-a-lancer-sck-bleu\\\/\",\"name\":\"Set 3 Couteaux \u00e0 Lancer Bleu SCK | R\u00e9plique Manga Cin\u00e9\",\"isPartOf\":{\"@id\":\"https:\\\/\\\/repliquemangacine.fr\\\/#website\"},\"primaryImageOfPage\":{\"@id\":\"https:\\\/\\\/repliquemangacine.fr\\\/coutellerie\\\/set-3-couteaux-a-lancer-sck-bleu\\\/#primaryimage\"},\"image\":{\"@id\":\"https:\\\/\\\/repliquemangacine.fr\\\/coutellerie\\\/set-3-couteaux-a-lancer-sck-bleu\\\/#primaryimage\"},\"thumbnailUrl\":\"https:\\\/\\\/repliquemangacine.fr\\\/wp-content\\\/uploads\\\/2025\\\/08\\\/Couteaux-a-lancer-SCK-Bleu.jpg\",\"datePublished\":\"2025-08-05T08:48:31+00:00\",\"dateModified\":\"2026-04-04T02:52:55+00:00\",\"description\":\"Set 3 Couteaux \u00e0 Lancer Bleu SCK, lames stylis\u00e9es, poign\u00e9e en corde tress\u00e9e + \u00e9tui ceinture. Parfait pour lancer ou collection.\",\"breadcrumb\":{\"@id\":\"https:\\\/\\\/repliquemangacine.fr\\\/coutellerie\\\/set-3-couteaux-a-lancer-sck-bleu\\\/#breadcrumb\"},\"inLanguage\":\"es\",\"potentialAction\":[{\"@type\":\"ReadAction\",\"target\":[\"https:\\\/\\\/repliquemangacine.fr\\\/coutellerie\\\/set-3-couteaux-a-lancer-sck-bleu\\\/\"]}]},{\"@type\":\"ImageObject\",\"inLanguage\":\"es\",\"@id\":\"https:\\\/\\\/repliquemangacine.fr\\\/coutellerie\\\/set-3-couteaux-a-lancer-sck-bleu\\\/#primaryimage\",\"url\":\"https:\\\/\\\/repliquemangacine.fr\\\/wp-content\\\/uploads\\\/2025\\\/08\\\/Couteaux-a-lancer-SCK-Bleu.jpg\",\"contentUrl\":\"https:\\\/\\\/repliquemangacine.fr\\\/wp-content\\\/uploads\\\/2025\\\/08\\\/Couteaux-a-lancer-SCK-Bleu.jpg\",\"width\":700,\"height\":700,\"caption\":\"Couteaux-\u00e0-lancer-SCK-Bleu\"},{\"@type\":\"BreadcrumbList\",\"@id\":\"https:\\\/\\\/repliquemangacine.fr\\\/coutellerie\\\/set-3-couteaux-a-lancer-sck-bleu\\\/#breadcrumb\",\"itemListElement\":[{\"@type\":\"ListItem\",\"position\":1,\"name\":\"Accueil\",\"item\":\"https:\\\/\\\/repliquemangacine.fr\\\/\"},{\"@type\":\"ListItem\",\"position\":2,\"name\":\"Produits\",\"item\":\"https:\\\/\\\/repliquemangacine.fr\\\/boutique\\\/\"},{\"@type\":\"ListItem\",\"position\":3,\"name\":\"Set 3 Couteaux \u00e0 Lancer Bleu SCK\"}]},{\"@type\":\"WebSite\",\"@id\":\"https:\\\/\\\/repliquemangacine.fr\\\/#website\",\"url\":\"https:\\\/\\\/repliquemangacine.fr\\\/\",\"name\":\"R\u00e9plique Manga Cin\u00e9\",\"description\":\"\",\"publisher\":{\"@id\":\"https:\\\/\\\/repliquemangacine.fr\\\/#organization\"},\"potentialAction\":[{\"@type\":\"SearchAction\",\"target\":{\"@type\":\"EntryPoint\",\"urlTemplate\":\"https:\\\/\\\/repliquemangacine.fr\\\/?s={search_term_string}\"},\"query-input\":{\"@type\":\"PropertyValueSpecification\",\"valueRequired\":true,\"valueName\":\"search_term_string\"}}],\"inLanguage\":\"es\"},{\"@type\":\"Organization\",\"@id\":\"https:\\\/\\\/repliquemangacine.fr\\\/#organization\",\"name\":\"R\u00e9plique Manga Cin\u00e9\",\"url\":\"https:\\\/\\\/repliquemangacine.fr\\\/\",\"logo\":{\"@type\":\"ImageObject\",\"inLanguage\":\"es\",\"@id\":\"https:\\\/\\\/repliquemangacine.fr\\\/#\\\/schema\\\/logo\\\/image\\\/\",\"url\":\"https:\\\/\\\/repliquemangacine.fr\\\/wp-content\\\/uploads\\\/2023\\\/10\\\/RMC-500250.png\",\"contentUrl\":\"https:\\\/\\\/repliquemangacine.fr\\\/wp-content\\\/uploads\\\/2023\\\/10\\\/RMC-500250.png\",\"width\":500,\"height\":250,\"caption\":\"R\u00e9plique Manga Cin\u00e9\"},\"image\":{\"@id\":\"https:\\\/\\\/repliquemangacine.fr\\\/#\\\/schema\\\/logo\\\/image\\\/\"},\"sameAs\":[\"https:\\\/\\\/www.facebook.com\\\/RepliqueMangaCine\",\"https:\\\/\\\/www.instagram.com\\\/repliquemangacine.fr\\\/\"]}]}<\/script>\n<!-- \/ Yoast SEO plugin. -->","yoast_head_json":{"title":"Juego de 3 cuchillos arrojadizos SCK Azul | R\u00e9plique Manga Cin\u00e9","description":"Juego de 3 cuchillos arrojadizos SCK Azul, hojas estilizadas, mango de cuerda trenzada + funda de cintur\u00f3n. Perfectos para lanzar o coleccionar.","robots":{"index":"index","follow":"follow","max-snippet":"max-snippet:-1","max-image-preview":"max-image-preview:large","max-video-preview":"max-video-preview:-1"},"canonical":"https:\/\/repliquemangacine.fr\/es\/cubiertos\/juego-de-3-cuchillos-arrojadizos-sck-azul\/","og_locale":"es_ES","og_type":"article","og_title":"Set 3 Couteaux \u00e0 Lancer Bleu SCK | R\u00e9plique Manga Cin\u00e9","og_description":"Set 3 Couteaux \u00e0 Lancer Bleu SCK, lames stylis\u00e9es, poign\u00e9e en corde tress\u00e9e + \u00e9tui ceinture. Parfait pour lancer ou collection.","og_url":"https:\/\/repliquemangacine.fr\/es\/cubiertos\/juego-de-3-cuchillos-arrojadizos-sck-azul\/","og_site_name":"R\u00e9plique Manga Cin\u00e9","article_publisher":"https:\/\/www.facebook.com\/RepliqueMangaCine","article_modified_time":"2026-04-04T02:52:55+00:00","og_image":[{"width":700,"height":700,"url":"https:\/\/repliquemangacine.fr\/wp-content\/uploads\/2025\/08\/Couteaux-a-lancer-SCK-Bleu.jpg","type":"image\/jpeg"}],"twitter_card":"summary_large_image","twitter_misc":{"Tiempo de lectura":"3 minutos"},"schema":{"@context":"https:\/\/schema.org","@graph":[{"@type":"WebPage","@id":"https:\/\/repliquemangacine.fr\/coutellerie\/set-3-couteaux-a-lancer-sck-bleu\/","url":"https:\/\/repliquemangacine.fr\/coutellerie\/set-3-couteaux-a-lancer-sck-bleu\/","name":"Juego de 3 cuchillos arrojadizos SCK Azul | R\u00e9plique Manga Cin\u00e9","isPartOf":{"@id":"https:\/\/repliquemangacine.fr\/#website"},"primaryImageOfPage":{"@id":"https:\/\/repliquemangacine.fr\/coutellerie\/set-3-couteaux-a-lancer-sck-bleu\/#primaryimage"},"image":{"@id":"https:\/\/repliquemangacine.fr\/coutellerie\/set-3-couteaux-a-lancer-sck-bleu\/#primaryimage"},"thumbnailUrl":"https:\/\/repliquemangacine.fr\/wp-content\/uploads\/2025\/08\/Couteaux-a-lancer-SCK-Bleu.jpg","datePublished":"2025-08-05T08:48:31+00:00","dateModified":"2026-04-04T02:52:55+00:00","description":"Juego de 3 cuchillos arrojadizos SCK Azul, hojas estilizadas, mango de cuerda trenzada + funda de cintur\u00f3n. Perfectos para lanzar o coleccionar.","breadcrumb":{"@id":"https:\/\/repliquemangacine.fr\/coutellerie\/set-3-couteaux-a-lancer-sck-bleu\/#breadcrumb"},"inLanguage":"es","potentialAction":[{"@type":"ReadAction","target":["https:\/\/repliquemangacine.fr\/coutellerie\/set-3-couteaux-a-lancer-sck-bleu\/"]}]},{"@type":"ImageObject","inLanguage":"es","@id":"https:\/\/repliquemangacine.fr\/coutellerie\/set-3-couteaux-a-lancer-sck-bleu\/#primaryimage","url":"https:\/\/repliquemangacine.fr\/wp-content\/uploads\/2025\/08\/Couteaux-a-lancer-SCK-Bleu.jpg","contentUrl":"https:\/\/repliquemangacine.fr\/wp-content\/uploads\/2025\/08\/Couteaux-a-lancer-SCK-Bleu.jpg","width":700,"height":700,"caption":"Couteaux-\u00e0-lancer-SCK-Bleu"},{"@type":"BreadcrumbList","@id":"https:\/\/repliquemangacine.fr\/coutellerie\/set-3-couteaux-a-lancer-sck-bleu\/#breadcrumb","itemListElement":[{"@type":"ListItem","position":1,"name":"Accueil","item":"https:\/\/repliquemangacine.fr\/"},{"@type":"ListItem","position":2,"name":"Produits","item":"https:\/\/repliquemangacine.fr\/boutique\/"},{"@type":"ListItem","position":3,"name":"Set 3 Couteaux \u00e0 Lancer Bleu SCK"}]},{"@type":"WebSite","@id":"https:\/\/repliquemangacine.fr\/#website","url":"https:\/\/repliquemangacine.fr\/","name":"R\u00e9plique Manga Cin\u00e9","description":"","publisher":{"@id":"https:\/\/repliquemangacine.fr\/#organization"},"potentialAction":[{"@type":"SearchAction","target":{"@type":"EntryPoint","urlTemplate":"https:\/\/repliquemangacine.fr\/?s={search_term_string}"},"query-input":{"@type":"PropertyValueSpecification","valueRequired":true,"valueName":"search_term_string"}}],"inLanguage":"es"},{"@type":"Organization","@id":"https:\/\/repliquemangacine.fr\/#organization","name":"R\u00e9plique Manga Cin\u00e9","url":"https:\/\/repliquemangacine.fr\/","logo":{"@type":"ImageObject","inLanguage":"es","@id":"https:\/\/repliquemangacine.fr\/#\/schema\/logo\/image\/","url":"https:\/\/repliquemangacine.fr\/wp-content\/uploads\/2023\/10\/RMC-500250.png","contentUrl":"https:\/\/repliquemangacine.fr\/wp-content\/uploads\/2023\/10\/RMC-500250.png","width":500,"height":250,"caption":"R\u00e9plique Manga Cin\u00e9"},"image":{"@id":"https:\/\/repliquemangacine.fr\/#\/schema\/logo\/image\/"},"sameAs":["https:\/\/www.facebook.com\/RepliqueMangaCine","https:\/\/www.instagram.com\/repliquemangacine.fr\/"]}]}},"_links":{"self":[{"href":"https:\/\/repliquemangacine.fr\/es\/wp-json\/wp\/v2\/product\/87105","targetHints":{"allow":["GET"]}}],"collection":[{"href":"https:\/\/repliquemangacine.fr\/es\/wp-json\/wp\/v2\/product"}],"about":[{"href":"https:\/\/repliquemangacine.fr\/es\/wp-json\/wp\/v2\/types\/product"}],"wp:featuredmedia":[{"embeddable":true,"href":"https:\/\/repliquemangacine.fr\/es\/wp-json\/wp\/v2\/media\/87110"}],"wp:attachment":[{"href":"https:\/\/repliquemangacine.fr\/es\/wp-json\/wp\/v2\/media?parent=87105"}],"wp:term":[{"taxonomy":"product_brand","embeddable":true,"href":"https:\/\/repliquemangacine.fr\/es\/wp-json\/wp\/v2\/product_brand?post=87105"},{"taxonomy":"product_cat","embeddable":true,"href":"https:\/\/repliquemangacine.fr\/es\/wp-json\/wp\/v2\/product_cat?post=87105"},{"taxonomy":"product_tag","embeddable":true,"href":"https:\/\/repliquemangacine.fr\/es\/wp-json\/wp\/v2\/product_tag?post=87105"}],"curies":[{"name":"wp","href":"https:\/\/api.w.org\/{rel}","templated":true}]}}