





{"id":87015,"date":"2025-08-01T16:01:55","date_gmt":"2025-08-01T14:01:55","guid":{"rendered":"https:\/\/repliquemangacine.fr\/?post_type=product&#038;p=87015"},"modified":"2025-11-12T23:37:02","modified_gmt":"2025-11-12T22:37:02","slug":"navaja-mariposa-rainbow-sck","status":"publish","type":"product","link":"https:\/\/repliquemangacine.fr\/es\/coutellerie\/couteau-papillon-rainbow-sck\/","title":{"rendered":"Navaja arco iris SCK"},"content":{"rendered":"<h2>Navaja arco iris SCK: dise\u00f1o \u00fanico y acabado arco iris<\/h2>\n<p>En primer lugar, el <a href=\"https:\/\/fr.wikipedia.org\/wiki\/Couteau_papillon\" target=\"_blank\" rel=\"noopener noreferrer\">cuchillo mariposa<\/a> Rainbow SCK seduce por su hoja de acero inoxidable y su acabado met\u00e1lico multicolor brillante y original.<br \/>\nGracias a su mango calado, es ligero, manejable y perfectamente equilibrado para los amantes de los flips y los trucos.<br \/>\nSu hoja afilada garantiza un corte limpio, ideal para el uso diario o como pieza de colecci\u00f3n destacada.<br \/>\nEsta navaja balisong cuenta con un cierre de seguridad sencillo y fiable, que ofrece un agarre r\u00e1pido y un bloqueo eficaz.<br \/>\nSu acabado arco\u00edris atrae todas las miradas: violeta, verde, azul... Ofrece un estilo ultramoderno y a la \u00faltima.<br \/>\nDise\u00f1ado para durar, sigue siendo fluido y agradable de manejar, incluso despu\u00e9s de muchos usos.<br \/>\nPor \u00faltimo, su aspecto futurista y su robustez lo convierten en una pieza imprescindible para todos los apasionados de los cuchillos mariposa de dise\u00f1o.<br \/>\nPor \u00faltimo, vers\u00e1til, est\u00e9tico y eficaz, representa el equilibrio perfecto entre rendimiento, estilo y originalidad met\u00e1lica y colorida.<\/p>\n<h2>\u00bfPor qu\u00e9 elegir una navaja Rainbow Butterfly? Un estilo asertivo y una mec\u00e1nica cautivadora<\/h2>\n<p>El cuchillo mariposa, o balisong, es mucho m\u00e1s que un simple cuchillo: es un arte de manipulaci\u00f3n visual y t\u00e9cnica.<br \/>\nEl modelo Rainbow SCK, gracias a su acabado arco\u00edris, ofrece una est\u00e9tica moderna que nunca pasa desapercibida.<br \/>\nA diferencia de los cuchillos cl\u00e1sicos, su sistema de rotaci\u00f3n permite realizar secuencias fluidas e impresionantes con total ligereza.<br \/>\nSu mango calado garantiza un excelente agarre, esencial para realizar figuras, controlar y manipular el instrumento con rapidez y precisi\u00f3n.<br \/>\nLa hoja, aunque fina, es afilada y funcional, lo que refuerza la utilidad de este modelo m\u00e1s all\u00e1 de su simple aspecto.<br \/>\nIdeal para los amantes de los trucos, combina rendimiento y espect\u00e1culo con un acabado visual extraordinario.<br \/>\nTambi\u00e9n es una muy buena opci\u00f3n para los coleccionistas que buscan un cuchillo est\u00e9tico, moderno y f\u00e1cil de manejar.<br \/>\nCon su estilo \u00fanico, el Rainbow SCK se convierte en una pieza con car\u00e1cter en cualquier colecci\u00f3n de balisongs.<\/p>\n<h2>Repliquemangacine: todas sus r\u00e9plicas de culto en un solo lugar<\/h2>\n<p>Visite <strong>Repliquemangacine<\/strong>, sum\u00e9rgete en un mundo de r\u00e9plicas inspiradas en las mejores licencias de manga, cine, videojuegos e historia.<br \/>\nOfrecemos<a href=\"https:\/\/repliquemangacine.fr\/es\/katana-luminosa\/\" target=\"_blank\" rel=\"noopener noreferrer\"> katanas luminosas<\/a> One Piece como Enma negro, Ame no Habakiri o incluso el famoso Nidai Kitetsu de Luffy.<br \/>\nTambi\u00e9n encontrar\u00e1s espadas de Zelda, The Witcher, Demon Slayer o incluso del universo de Sword Art Online y Bleach.<br \/>\nLado <a href=\"https:\/\/repliquemangacine.fr\/es\/armas-historicas\/\" target=\"_blank\" rel=\"noopener noreferrer\">armas hist\u00f3ricas<\/a>, nuestra selecci\u00f3n incluye sables piratas, espadas romanas, espadas medievales y cuchillos de trinchera.<br \/>\nTambi\u00e9n ofrecemos art\u00edculos promocionales, figuras, llaveros chibi y accesorios de licencias como Harry Potter o Devil May Cry.<br \/>\nCada pieza se selecciona por su calidad, realismo y fidelidad al universo original del que procede.<br \/>\n<strong>Repliquemangacine<\/strong>, Es la tienda ideal para los aficionados a los objetos geek, las armas decorativas y las r\u00e9plicas fieles y aut\u00e9nticas.<br \/>\n\u00a1Descubra nuestras novedades cada mes y ampl\u00ede su colecci\u00f3n con piezas realmente \u00fanicas!<\/p>\n<p><strong>\u26a0\ufe0f Venta prohibida a menores. Es posible que tras realizar el pedido se solicite una verificaci\u00f3n de identidad para confirmar la mayor\u00eda de edad del comprador.<\/strong><\/p>","protected":false},"excerpt":{"rendered":"<p><strong>Especificaciones t\u00e9cnicas :<\/strong><\/p>\n<ul>\n<li>Marca : SCK (Steel Combat Knife)<\/li>\n<li>Modelo: Rainbow Balisong<\/li>\n<li>Tipo : Cuchillo mariposa (balisong) de hoja maciza<\/li>\n<li>Hoja: acero inoxidable con acabado multicolor\/arco iris<\/li>\n<li>Longitud de la hoja: aprox. 10 cm<\/li>\n<li>Longitud total (abierto) : Aprox. 22 cm<\/li>\n<li>Longitud cerrada: 12 cm aprox.<\/li>\n<li>Asa: metal calado efecto arco iris - dise\u00f1o ligero y equilibrado<\/li>\n<li>Sistema: Cierre trasero<\/li>\n<li>Peso: Aprox. 130 g - perfecto para entrenamiento o corte ligero<\/li>\n<\/ul>","protected":false},"featured_media":87017,"template":"","meta":[],"product_brand":[],"product_cat":[889,884],"product_tag":[],"class_list":{"0":"post-87015","1":"product","2":"type-product","3":"status-publish","4":"has-post-thumbnail","6":"product_cat-couteaux-papillon-balisong","7":"product_cat-coutellerie","9":"first","10":"instock","11":"taxable","12":"shipping-taxable","13":"purchasable","14":"product-type-simple"},"yoast_head":"<!-- This site is optimized with the Yoast SEO plugin v27.3 - https:\/\/yoast.com\/product\/yoast-seo-wordpress\/ -->\n<title>Couteau papillon Rainbow SCK | R\u00e9plique Manga Cin\u00e9<\/title>\n<meta name=\"description\" content=\"Couteau papillon Rainbow SCK \u2013 design multicolore, lame acier inoxydable, parfait pour collection, manipulation ou exposition.\" \/>\n<meta name=\"robots\" content=\"index, follow, max-snippet:-1, max-image-preview:large, max-video-preview:-1\" \/>\n<link rel=\"canonical\" href=\"https:\/\/repliquemangacine.fr\/es\/cubiertos\/navaja-mariposa-rainbow-sck\/\" \/>\n<meta property=\"og:locale\" content=\"es_ES\" \/>\n<meta property=\"og:type\" content=\"article\" \/>\n<meta property=\"og:title\" content=\"Couteau papillon Rainbow SCK | R\u00e9plique Manga Cin\u00e9\" \/>\n<meta property=\"og:description\" content=\"Couteau papillon Rainbow SCK \u2013 design multicolore, lame acier inoxydable, parfait pour collection, manipulation ou exposition.\" \/>\n<meta property=\"og:url\" content=\"https:\/\/repliquemangacine.fr\/es\/cubiertos\/navaja-mariposa-rainbow-sck\/\" \/>\n<meta property=\"og:site_name\" content=\"R\u00e9plique Manga Cin\u00e9\" \/>\n<meta property=\"article:publisher\" content=\"https:\/\/www.facebook.com\/RepliqueMangaCine\" \/>\n<meta property=\"article:modified_time\" content=\"2025-11-12T22:37:02+00:00\" \/>\n<meta property=\"og:image\" content=\"https:\/\/repliquemangacine.fr\/wp-content\/uploads\/2025\/08\/Couteau-papillon-Rainbow-SCK.jpg\" \/>\n\t<meta property=\"og:image:width\" content=\"700\" \/>\n\t<meta property=\"og:image:height\" content=\"700\" \/>\n\t<meta property=\"og:image:type\" content=\"image\/jpeg\" \/>\n<meta name=\"twitter:card\" content=\"summary_large_image\" \/>\n<meta name=\"twitter:label1\" content=\"Tiempo de lectura\" \/>\n\t<meta name=\"twitter:data1\" content=\"3 minutos\" \/>\n<script type=\"application\/ld+json\" class=\"yoast-schema-graph\">{\"@context\":\"https:\\\/\\\/schema.org\",\"@graph\":[{\"@type\":\"WebPage\",\"@id\":\"https:\\\/\\\/repliquemangacine.fr\\\/coutellerie\\\/couteau-papillon-rainbow-sck\\\/\",\"url\":\"https:\\\/\\\/repliquemangacine.fr\\\/coutellerie\\\/couteau-papillon-rainbow-sck\\\/\",\"name\":\"Couteau papillon Rainbow SCK | R\u00e9plique Manga Cin\u00e9\",\"isPartOf\":{\"@id\":\"https:\\\/\\\/repliquemangacine.fr\\\/#website\"},\"primaryImageOfPage\":{\"@id\":\"https:\\\/\\\/repliquemangacine.fr\\\/coutellerie\\\/couteau-papillon-rainbow-sck\\\/#primaryimage\"},\"image\":{\"@id\":\"https:\\\/\\\/repliquemangacine.fr\\\/coutellerie\\\/couteau-papillon-rainbow-sck\\\/#primaryimage\"},\"thumbnailUrl\":\"https:\\\/\\\/repliquemangacine.fr\\\/wp-content\\\/uploads\\\/2025\\\/08\\\/Couteau-papillon-Rainbow-SCK.jpg\",\"datePublished\":\"2025-08-01T14:01:55+00:00\",\"dateModified\":\"2025-11-12T22:37:02+00:00\",\"description\":\"Couteau papillon Rainbow SCK \u2013 design multicolore, lame acier inoxydable, parfait pour collection, manipulation ou exposition.\",\"breadcrumb\":{\"@id\":\"https:\\\/\\\/repliquemangacine.fr\\\/coutellerie\\\/couteau-papillon-rainbow-sck\\\/#breadcrumb\"},\"inLanguage\":\"es\",\"potentialAction\":[{\"@type\":\"ReadAction\",\"target\":[\"https:\\\/\\\/repliquemangacine.fr\\\/coutellerie\\\/couteau-papillon-rainbow-sck\\\/\"]}]},{\"@type\":\"ImageObject\",\"inLanguage\":\"es\",\"@id\":\"https:\\\/\\\/repliquemangacine.fr\\\/coutellerie\\\/couteau-papillon-rainbow-sck\\\/#primaryimage\",\"url\":\"https:\\\/\\\/repliquemangacine.fr\\\/wp-content\\\/uploads\\\/2025\\\/08\\\/Couteau-papillon-Rainbow-SCK.jpg\",\"contentUrl\":\"https:\\\/\\\/repliquemangacine.fr\\\/wp-content\\\/uploads\\\/2025\\\/08\\\/Couteau-papillon-Rainbow-SCK.jpg\",\"width\":700,\"height\":700,\"caption\":\"Couteau-papillon-Rainbow-SCK\"},{\"@type\":\"BreadcrumbList\",\"@id\":\"https:\\\/\\\/repliquemangacine.fr\\\/coutellerie\\\/couteau-papillon-rainbow-sck\\\/#breadcrumb\",\"itemListElement\":[{\"@type\":\"ListItem\",\"position\":1,\"name\":\"Accueil\",\"item\":\"https:\\\/\\\/repliquemangacine.fr\\\/\"},{\"@type\":\"ListItem\",\"position\":2,\"name\":\"Produits\",\"item\":\"https:\\\/\\\/repliquemangacine.fr\\\/boutique\\\/\"},{\"@type\":\"ListItem\",\"position\":3,\"name\":\"Couteau papillon Rainbow SCK\"}]},{\"@type\":\"WebSite\",\"@id\":\"https:\\\/\\\/repliquemangacine.fr\\\/#website\",\"url\":\"https:\\\/\\\/repliquemangacine.fr\\\/\",\"name\":\"R\u00e9plique Manga Cin\u00e9\",\"description\":\"\",\"publisher\":{\"@id\":\"https:\\\/\\\/repliquemangacine.fr\\\/#organization\"},\"potentialAction\":[{\"@type\":\"SearchAction\",\"target\":{\"@type\":\"EntryPoint\",\"urlTemplate\":\"https:\\\/\\\/repliquemangacine.fr\\\/?s={search_term_string}\"},\"query-input\":{\"@type\":\"PropertyValueSpecification\",\"valueRequired\":true,\"valueName\":\"search_term_string\"}}],\"inLanguage\":\"es\"},{\"@type\":\"Organization\",\"@id\":\"https:\\\/\\\/repliquemangacine.fr\\\/#organization\",\"name\":\"R\u00e9plique Manga Cin\u00e9\",\"url\":\"https:\\\/\\\/repliquemangacine.fr\\\/\",\"logo\":{\"@type\":\"ImageObject\",\"inLanguage\":\"es\",\"@id\":\"https:\\\/\\\/repliquemangacine.fr\\\/#\\\/schema\\\/logo\\\/image\\\/\",\"url\":\"https:\\\/\\\/repliquemangacine.fr\\\/wp-content\\\/uploads\\\/2023\\\/10\\\/RMC-500250.png\",\"contentUrl\":\"https:\\\/\\\/repliquemangacine.fr\\\/wp-content\\\/uploads\\\/2023\\\/10\\\/RMC-500250.png\",\"width\":500,\"height\":250,\"caption\":\"R\u00e9plique Manga Cin\u00e9\"},\"image\":{\"@id\":\"https:\\\/\\\/repliquemangacine.fr\\\/#\\\/schema\\\/logo\\\/image\\\/\"},\"sameAs\":[\"https:\\\/\\\/www.facebook.com\\\/RepliqueMangaCine\",\"https:\\\/\\\/www.instagram.com\\\/repliquemangacine.fr\\\/\"]}]}<\/script>\n<!-- \/ Yoast SEO plugin. -->","yoast_head_json":{"title":"Cuchillo mariposa Rainbow SCK | R\u00e9plique Manga Cin\u00e9","description":"Navaja mariposa Rainbow SCK - dise\u00f1o multicolor, hoja de acero inoxidable, perfecta para coleccionar, manipular o exponer.","robots":{"index":"index","follow":"follow","max-snippet":"max-snippet:-1","max-image-preview":"max-image-preview:large","max-video-preview":"max-video-preview:-1"},"canonical":"https:\/\/repliquemangacine.fr\/es\/cubiertos\/navaja-mariposa-rainbow-sck\/","og_locale":"es_ES","og_type":"article","og_title":"Couteau papillon Rainbow SCK | R\u00e9plique Manga Cin\u00e9","og_description":"Couteau papillon Rainbow SCK \u2013 design multicolore, lame acier inoxydable, parfait pour collection, manipulation ou exposition.","og_url":"https:\/\/repliquemangacine.fr\/es\/cubiertos\/navaja-mariposa-rainbow-sck\/","og_site_name":"R\u00e9plique Manga Cin\u00e9","article_publisher":"https:\/\/www.facebook.com\/RepliqueMangaCine","article_modified_time":"2025-11-12T22:37:02+00:00","og_image":[{"width":700,"height":700,"url":"https:\/\/repliquemangacine.fr\/wp-content\/uploads\/2025\/08\/Couteau-papillon-Rainbow-SCK.jpg","type":"image\/jpeg"}],"twitter_card":"summary_large_image","twitter_misc":{"Tiempo de lectura":"3 minutos"},"schema":{"@context":"https:\/\/schema.org","@graph":[{"@type":"WebPage","@id":"https:\/\/repliquemangacine.fr\/coutellerie\/couteau-papillon-rainbow-sck\/","url":"https:\/\/repliquemangacine.fr\/coutellerie\/couteau-papillon-rainbow-sck\/","name":"Cuchillo mariposa Rainbow SCK | R\u00e9plique Manga Cin\u00e9","isPartOf":{"@id":"https:\/\/repliquemangacine.fr\/#website"},"primaryImageOfPage":{"@id":"https:\/\/repliquemangacine.fr\/coutellerie\/couteau-papillon-rainbow-sck\/#primaryimage"},"image":{"@id":"https:\/\/repliquemangacine.fr\/coutellerie\/couteau-papillon-rainbow-sck\/#primaryimage"},"thumbnailUrl":"https:\/\/repliquemangacine.fr\/wp-content\/uploads\/2025\/08\/Couteau-papillon-Rainbow-SCK.jpg","datePublished":"2025-08-01T14:01:55+00:00","dateModified":"2025-11-12T22:37:02+00:00","description":"Navaja mariposa Rainbow SCK - dise\u00f1o multicolor, hoja de acero inoxidable, perfecta para coleccionar, manipular o exponer.","breadcrumb":{"@id":"https:\/\/repliquemangacine.fr\/coutellerie\/couteau-papillon-rainbow-sck\/#breadcrumb"},"inLanguage":"es","potentialAction":[{"@type":"ReadAction","target":["https:\/\/repliquemangacine.fr\/coutellerie\/couteau-papillon-rainbow-sck\/"]}]},{"@type":"ImageObject","inLanguage":"es","@id":"https:\/\/repliquemangacine.fr\/coutellerie\/couteau-papillon-rainbow-sck\/#primaryimage","url":"https:\/\/repliquemangacine.fr\/wp-content\/uploads\/2025\/08\/Couteau-papillon-Rainbow-SCK.jpg","contentUrl":"https:\/\/repliquemangacine.fr\/wp-content\/uploads\/2025\/08\/Couteau-papillon-Rainbow-SCK.jpg","width":700,"height":700,"caption":"Couteau-papillon-Rainbow-SCK"},{"@type":"BreadcrumbList","@id":"https:\/\/repliquemangacine.fr\/coutellerie\/couteau-papillon-rainbow-sck\/#breadcrumb","itemListElement":[{"@type":"ListItem","position":1,"name":"Accueil","item":"https:\/\/repliquemangacine.fr\/"},{"@type":"ListItem","position":2,"name":"Produits","item":"https:\/\/repliquemangacine.fr\/boutique\/"},{"@type":"ListItem","position":3,"name":"Couteau papillon Rainbow SCK"}]},{"@type":"WebSite","@id":"https:\/\/repliquemangacine.fr\/#website","url":"https:\/\/repliquemangacine.fr\/","name":"R\u00e9plique Manga Cin\u00e9","description":"","publisher":{"@id":"https:\/\/repliquemangacine.fr\/#organization"},"potentialAction":[{"@type":"SearchAction","target":{"@type":"EntryPoint","urlTemplate":"https:\/\/repliquemangacine.fr\/?s={search_term_string}"},"query-input":{"@type":"PropertyValueSpecification","valueRequired":true,"valueName":"search_term_string"}}],"inLanguage":"es"},{"@type":"Organization","@id":"https:\/\/repliquemangacine.fr\/#organization","name":"R\u00e9plique Manga Cin\u00e9","url":"https:\/\/repliquemangacine.fr\/","logo":{"@type":"ImageObject","inLanguage":"es","@id":"https:\/\/repliquemangacine.fr\/#\/schema\/logo\/image\/","url":"https:\/\/repliquemangacine.fr\/wp-content\/uploads\/2023\/10\/RMC-500250.png","contentUrl":"https:\/\/repliquemangacine.fr\/wp-content\/uploads\/2023\/10\/RMC-500250.png","width":500,"height":250,"caption":"R\u00e9plique Manga Cin\u00e9"},"image":{"@id":"https:\/\/repliquemangacine.fr\/#\/schema\/logo\/image\/"},"sameAs":["https:\/\/www.facebook.com\/RepliqueMangaCine","https:\/\/www.instagram.com\/repliquemangacine.fr\/"]}]}},"_links":{"self":[{"href":"https:\/\/repliquemangacine.fr\/es\/wp-json\/wp\/v2\/product\/87015","targetHints":{"allow":["GET"]}}],"collection":[{"href":"https:\/\/repliquemangacine.fr\/es\/wp-json\/wp\/v2\/product"}],"about":[{"href":"https:\/\/repliquemangacine.fr\/es\/wp-json\/wp\/v2\/types\/product"}],"wp:featuredmedia":[{"embeddable":true,"href":"https:\/\/repliquemangacine.fr\/es\/wp-json\/wp\/v2\/media\/87017"}],"wp:attachment":[{"href":"https:\/\/repliquemangacine.fr\/es\/wp-json\/wp\/v2\/media?parent=87015"}],"wp:term":[{"taxonomy":"product_brand","embeddable":true,"href":"https:\/\/repliquemangacine.fr\/es\/wp-json\/wp\/v2\/product_brand?post=87015"},{"taxonomy":"product_cat","embeddable":true,"href":"https:\/\/repliquemangacine.fr\/es\/wp-json\/wp\/v2\/product_cat?post=87015"},{"taxonomy":"product_tag","embeddable":true,"href":"https:\/\/repliquemangacine.fr\/es\/wp-json\/wp\/v2\/product_tag?post=87015"}],"curies":[{"name":"wp","href":"https:\/\/api.w.org\/{rel}","templated":true}]}}