





{"id":87006,"date":"2025-08-01T15:37:50","date_gmt":"2025-08-01T13:37:50","guid":{"rendered":"https:\/\/repliquemangacine.fr\/?post_type=product&#038;p=87006"},"modified":"2025-11-12T23:37:55","modified_gmt":"2025-11-12T22:37:55","slug":"espada-templaria-de-lujo","status":"publish","type":"product","link":"https:\/\/repliquemangacine.fr\/es\/epee-templier-medievale\/epee-des-templiers-de-luxe\/","title":{"rendered":"Espada templaria de lujo"},"content":{"rendered":"<h2>\u00c9p\u00e9e des Templiers de Luxe - Una prestigiosa r\u00e9plica para exhibir<\/h2>\n<p>Sum\u00e9rgete en el m\u00edstico universo de los caballeros con esta lujosa espada templaria, una r\u00e9plica fiel inspirada en la iconograf\u00eda medieval. S\u00edmbolo de fe, valent\u00eda y lealtad, esta pieza ricamente decorada encarna el esp\u00edritu de los legendarios monjes soldados de la Orden del Temple.<br \/>\nDetalles emblem\u00e1ticos y acabados de alta gama<\/p>\n<p>Esta espada se distingue por su guarda en forma de cruz con una cruz patada roja, emblema tradicional de los templarios. La empu\u00f1adura est\u00e1 recubierta de un revestimiento rojo intenso, rodeado de detalles plateados con acabados cincelados. El pomo redondo est\u00e1 decorado con un grabado de dos caballeros compartiendo la misma montura, una representaci\u00f3n emblem\u00e1tica de la orden.<\/p>\n<p>Se entrega con una placa mural en forma de escudo, decorada con un le\u00f3n her\u00e1ldico dorado. Este soporte refuerza el impacto visual de la espada y permite una presentaci\u00f3n noble en cualquier interior, ya sea medieval, hist\u00f3rico o simplemente decorativo.<\/p>\n<h2>El legado legendario de los templarios<\/h2>\n<p>Desde el siglo XII <a href=\"https:\/\/www.templars-route.eu\/fr\/ordre-du-temple\/histoire-templiers\/\" target=\"_blank\" rel=\"noopener noreferrer\">Templarios<\/a> encarnan el valor, la fe y la disciplina. De hecho, esta orden militar y religiosa, fundada en 1119, protege a los peregrinos en Tierra Santa al tiempo que libra grandes batallas durante las cruzadas. Gracias a su ejemplar organizaci\u00f3n, construyen fortalezas y desarrollan una s\u00f3lida red de comanderias en Europa. Adem\u00e1s, sus armas, en particular sus espadas ricamente decoradas, se convierten en poderosos s\u00edmbolos de su poder.<\/p>\n<p>Hoy en d\u00eda, estas piezas m\u00edticas siguen cautivando a los apasionados de la historia medieval. As\u00ed, las r\u00e9plicas de espadas templarias permiten revivir esta \u00e9poca de leyendas. Se distinguen por sus cuidados acabados, sus cruces emblem\u00e1ticas y sus detalles que recuerdan el aura de los caballeros. Por lo tanto, poseer una espada templaria es a\u00f1adir a su colecci\u00f3n un objeto cargado de historia y misterio, perfecto para decorar o completar un universo medieval.<\/p>\n<h2>Completa tu colecci\u00f3n Templar con nuestros ic\u00f3nicos accesorios<\/h2>\n<p>Repliquemangacine le ofrece mucho m\u00e1s que una espada para enriquecer su colecci\u00f3n de templarios. Puede optar por la <a href=\"https:\/\/repliquemangacine.fr\/es\/casco-casco-caballero-templario\/casco-de-caballero-templario\/\">Heaume de los Caballeros Templarios<\/a>Esta llamativa pieza encarna el poder y la autoridad de estos guerreros sagrados. Adem\u00e1s, a\u00f1ade a tu pared el majestuoso <a href=\"https:\/\/repliquemangacine.fr\/es\/escudos-y-armaduras\/escudo-templario-metal\/\">Escudo de los Templarios<\/a>. Perfecto para realzar su espada y afirmar su pasi\u00f3n por la historia medieval. Para conservar el brillo de su espada a largo plazo, utilice el<a href=\"https:\/\/repliquemangacine.fr\/es\/armas-historicas\/aceite-ballistol-universal\/\">Aceite Ballistol<\/a>. Ideal para proteger el metal de la oxidaci\u00f3n y mantener un acabado impecable. De este modo, cada pieza encuentra su lugar en un conjunto coherente, aut\u00e9ntico y espectacular. Por \u00faltimo, tanto si es usted un coleccionista apasionado como un amante de los objetos hist\u00f3ricos, estos art\u00edculos forman un tr\u00edo esencial para realzar su mundo templario.<\/p>","protected":false},"excerpt":{"rendered":"<p>Magn\u00edfica r\u00e9plica de la Espada de los Caballeros Templarios.<\/p>\n<ul>\n<li>Hoja de acero inoxidable<\/li>\n<li>Pomo de acero macizo con grabados de dos caballeros.<\/li>\n<li>Empu\u00f1adura de acero en forma de cruz con una cruz roja.<\/li>\n<li>Se suministra con placa de pared de madera.<\/li>\n<li>Longitud de la hoja: 90 cm - Longitud total: 115 cm<\/li>\n<li>Peso: 1800 g<\/li>\n<\/ul>","protected":false},"featured_media":87008,"template":"","meta":[],"product_brand":[896],"product_cat":[84],"product_tag":[],"class_list":{"0":"post-87006","1":"product","2":"type-product","3":"status-publish","4":"has-post-thumbnail","6":"product_brand-replique-manga-cine","7":"product_cat-epee-templier-medievale","9":"first","10":"outofstock","11":"taxable","12":"shipping-taxable","13":"purchasable","14":"product-type-simple"},"yoast_head":"<!-- This site is optimized with the Yoast SEO plugin v27.4 - https:\/\/yoast.com\/product\/yoast-seo-wordpress\/ -->\n<title>\u00c9p\u00e9e des Templiers de Luxe - R\u00e9plique Manga Cin\u00e9<\/title>\n<meta name=\"description\" content=\"D\u00e9couvrez cette \u00c9p\u00e9e des Templiers de Luxe avec blason mural. D\u00e9tails historiques soign\u00e9s, croix embl\u00e9matique et finition haut de gamme. 115 cm\" \/>\n<meta name=\"robots\" content=\"index, follow, max-snippet:-1, max-image-preview:large, max-video-preview:-1\" \/>\n<link rel=\"canonical\" href=\"https:\/\/repliquemangacine.fr\/es\/espada-templaria-medieval\/espada-templaria-de-lujo\/\" \/>\n<meta property=\"og:locale\" content=\"es_ES\" \/>\n<meta property=\"og:type\" content=\"article\" \/>\n<meta property=\"og:title\" content=\"\u00c9p\u00e9e des Templiers de Luxe - R\u00e9plique Manga Cin\u00e9\" \/>\n<meta property=\"og:description\" content=\"D\u00e9couvrez cette \u00c9p\u00e9e des Templiers de Luxe avec blason mural. D\u00e9tails historiques soign\u00e9s, croix embl\u00e9matique et finition haut de gamme. 115 cm\" \/>\n<meta property=\"og:url\" content=\"https:\/\/repliquemangacine.fr\/es\/espada-templaria-medieval\/espada-templaria-de-lujo\/\" \/>\n<meta property=\"og:site_name\" content=\"R\u00e9plique Manga Cin\u00e9\" \/>\n<meta property=\"article:publisher\" content=\"https:\/\/www.facebook.com\/RepliqueMangaCine\" \/>\n<meta property=\"article:modified_time\" content=\"2025-11-12T22:37:55+00:00\" \/>\n<meta property=\"og:image\" content=\"https:\/\/repliquemangacine.fr\/wp-content\/uploads\/2025\/08\/Epee-des-Templiers-de-Luxe.jpg\" \/>\n\t<meta property=\"og:image:width\" content=\"700\" \/>\n\t<meta property=\"og:image:height\" content=\"700\" \/>\n\t<meta property=\"og:image:type\" content=\"image\/jpeg\" \/>\n<meta name=\"twitter:card\" content=\"summary_large_image\" \/>\n<meta name=\"twitter:label1\" content=\"Tiempo de lectura\" \/>\n\t<meta name=\"twitter:data1\" content=\"3 minutos\" \/>\n<script type=\"application\/ld+json\" class=\"yoast-schema-graph\">{\"@context\":\"https:\\\/\\\/schema.org\",\"@graph\":[{\"@type\":\"WebPage\",\"@id\":\"https:\\\/\\\/repliquemangacine.fr\\\/epee-templier-medievale\\\/epee-des-templiers-de-luxe\\\/\",\"url\":\"https:\\\/\\\/repliquemangacine.fr\\\/epee-templier-medievale\\\/epee-des-templiers-de-luxe\\\/\",\"name\":\"\u00c9p\u00e9e des Templiers de Luxe - R\u00e9plique Manga Cin\u00e9\",\"isPartOf\":{\"@id\":\"https:\\\/\\\/repliquemangacine.fr\\\/#website\"},\"primaryImageOfPage\":{\"@id\":\"https:\\\/\\\/repliquemangacine.fr\\\/epee-templier-medievale\\\/epee-des-templiers-de-luxe\\\/#primaryimage\"},\"image\":{\"@id\":\"https:\\\/\\\/repliquemangacine.fr\\\/epee-templier-medievale\\\/epee-des-templiers-de-luxe\\\/#primaryimage\"},\"thumbnailUrl\":\"https:\\\/\\\/repliquemangacine.fr\\\/wp-content\\\/uploads\\\/2025\\\/08\\\/Epee-des-Templiers-de-Luxe.jpg\",\"datePublished\":\"2025-08-01T13:37:50+00:00\",\"dateModified\":\"2025-11-12T22:37:55+00:00\",\"description\":\"D\u00e9couvrez cette \u00c9p\u00e9e des Templiers de Luxe avec blason mural. D\u00e9tails historiques soign\u00e9s, croix embl\u00e9matique et finition haut de gamme. 115 cm\",\"breadcrumb\":{\"@id\":\"https:\\\/\\\/repliquemangacine.fr\\\/epee-templier-medievale\\\/epee-des-templiers-de-luxe\\\/#breadcrumb\"},\"inLanguage\":\"es\",\"potentialAction\":[{\"@type\":\"ReadAction\",\"target\":[\"https:\\\/\\\/repliquemangacine.fr\\\/epee-templier-medievale\\\/epee-des-templiers-de-luxe\\\/\"]}]},{\"@type\":\"ImageObject\",\"inLanguage\":\"es\",\"@id\":\"https:\\\/\\\/repliquemangacine.fr\\\/epee-templier-medievale\\\/epee-des-templiers-de-luxe\\\/#primaryimage\",\"url\":\"https:\\\/\\\/repliquemangacine.fr\\\/wp-content\\\/uploads\\\/2025\\\/08\\\/Epee-des-Templiers-de-Luxe.jpg\",\"contentUrl\":\"https:\\\/\\\/repliquemangacine.fr\\\/wp-content\\\/uploads\\\/2025\\\/08\\\/Epee-des-Templiers-de-Luxe.jpg\",\"width\":700,\"height\":700,\"caption\":\"\u00c9p\u00e9e des Templiers de Luxe\"},{\"@type\":\"BreadcrumbList\",\"@id\":\"https:\\\/\\\/repliquemangacine.fr\\\/epee-templier-medievale\\\/epee-des-templiers-de-luxe\\\/#breadcrumb\",\"itemListElement\":[{\"@type\":\"ListItem\",\"position\":1,\"name\":\"Accueil\",\"item\":\"https:\\\/\\\/repliquemangacine.fr\\\/\"},{\"@type\":\"ListItem\",\"position\":2,\"name\":\"Produits\",\"item\":\"https:\\\/\\\/repliquemangacine.fr\\\/boutique\\\/\"},{\"@type\":\"ListItem\",\"position\":3,\"name\":\"\u00c9p\u00e9e des Templiers de Luxe\"}]},{\"@type\":\"WebSite\",\"@id\":\"https:\\\/\\\/repliquemangacine.fr\\\/#website\",\"url\":\"https:\\\/\\\/repliquemangacine.fr\\\/\",\"name\":\"R\u00e9plique Manga Cin\u00e9\",\"description\":\"\",\"publisher\":{\"@id\":\"https:\\\/\\\/repliquemangacine.fr\\\/#organization\"},\"potentialAction\":[{\"@type\":\"SearchAction\",\"target\":{\"@type\":\"EntryPoint\",\"urlTemplate\":\"https:\\\/\\\/repliquemangacine.fr\\\/?s={search_term_string}\"},\"query-input\":{\"@type\":\"PropertyValueSpecification\",\"valueRequired\":true,\"valueName\":\"search_term_string\"}}],\"inLanguage\":\"es\"},{\"@type\":\"Organization\",\"@id\":\"https:\\\/\\\/repliquemangacine.fr\\\/#organization\",\"name\":\"R\u00e9plique Manga Cin\u00e9\",\"url\":\"https:\\\/\\\/repliquemangacine.fr\\\/\",\"logo\":{\"@type\":\"ImageObject\",\"inLanguage\":\"es\",\"@id\":\"https:\\\/\\\/repliquemangacine.fr\\\/#\\\/schema\\\/logo\\\/image\\\/\",\"url\":\"https:\\\/\\\/repliquemangacine.fr\\\/wp-content\\\/uploads\\\/2023\\\/10\\\/RMC-500250.png\",\"contentUrl\":\"https:\\\/\\\/repliquemangacine.fr\\\/wp-content\\\/uploads\\\/2023\\\/10\\\/RMC-500250.png\",\"width\":500,\"height\":250,\"caption\":\"R\u00e9plique Manga Cin\u00e9\"},\"image\":{\"@id\":\"https:\\\/\\\/repliquemangacine.fr\\\/#\\\/schema\\\/logo\\\/image\\\/\"},\"sameAs\":[\"https:\\\/\\\/www.facebook.com\\\/RepliqueMangaCine\",\"https:\\\/\\\/www.instagram.com\\\/repliquemangacine.fr\\\/\"]}]}<\/script>\n<!-- \/ Yoast SEO plugin. -->","yoast_head_json":{"title":"Espada templaria de lujo - R\u00e9plique Manga Cin\u00e9","description":"Descubra esta lujosa espada templaria con escudo mural. Meticuloso detalle hist\u00f3rico, cruz emblem\u00e1tica y acabado de alta gama. 115 cm","robots":{"index":"index","follow":"follow","max-snippet":"max-snippet:-1","max-image-preview":"max-image-preview:large","max-video-preview":"max-video-preview:-1"},"canonical":"https:\/\/repliquemangacine.fr\/es\/espada-templaria-medieval\/espada-templaria-de-lujo\/","og_locale":"es_ES","og_type":"article","og_title":"\u00c9p\u00e9e des Templiers de Luxe - R\u00e9plique Manga Cin\u00e9","og_description":"D\u00e9couvrez cette \u00c9p\u00e9e des Templiers de Luxe avec blason mural. D\u00e9tails historiques soign\u00e9s, croix embl\u00e9matique et finition haut de gamme. 115 cm","og_url":"https:\/\/repliquemangacine.fr\/es\/espada-templaria-medieval\/espada-templaria-de-lujo\/","og_site_name":"R\u00e9plique Manga Cin\u00e9","article_publisher":"https:\/\/www.facebook.com\/RepliqueMangaCine","article_modified_time":"2025-11-12T22:37:55+00:00","og_image":[{"width":700,"height":700,"url":"https:\/\/repliquemangacine.fr\/wp-content\/uploads\/2025\/08\/Epee-des-Templiers-de-Luxe.jpg","type":"image\/jpeg"}],"twitter_card":"summary_large_image","twitter_misc":{"Tiempo de lectura":"3 minutos"},"schema":{"@context":"https:\/\/schema.org","@graph":[{"@type":"WebPage","@id":"https:\/\/repliquemangacine.fr\/epee-templier-medievale\/epee-des-templiers-de-luxe\/","url":"https:\/\/repliquemangacine.fr\/epee-templier-medievale\/epee-des-templiers-de-luxe\/","name":"Espada templaria de lujo - R\u00e9plique Manga Cin\u00e9","isPartOf":{"@id":"https:\/\/repliquemangacine.fr\/#website"},"primaryImageOfPage":{"@id":"https:\/\/repliquemangacine.fr\/epee-templier-medievale\/epee-des-templiers-de-luxe\/#primaryimage"},"image":{"@id":"https:\/\/repliquemangacine.fr\/epee-templier-medievale\/epee-des-templiers-de-luxe\/#primaryimage"},"thumbnailUrl":"https:\/\/repliquemangacine.fr\/wp-content\/uploads\/2025\/08\/Epee-des-Templiers-de-Luxe.jpg","datePublished":"2025-08-01T13:37:50+00:00","dateModified":"2025-11-12T22:37:55+00:00","description":"Descubra esta lujosa espada templaria con escudo mural. Meticuloso detalle hist\u00f3rico, cruz emblem\u00e1tica y acabado de alta gama. 115 cm","breadcrumb":{"@id":"https:\/\/repliquemangacine.fr\/epee-templier-medievale\/epee-des-templiers-de-luxe\/#breadcrumb"},"inLanguage":"es","potentialAction":[{"@type":"ReadAction","target":["https:\/\/repliquemangacine.fr\/epee-templier-medievale\/epee-des-templiers-de-luxe\/"]}]},{"@type":"ImageObject","inLanguage":"es","@id":"https:\/\/repliquemangacine.fr\/epee-templier-medievale\/epee-des-templiers-de-luxe\/#primaryimage","url":"https:\/\/repliquemangacine.fr\/wp-content\/uploads\/2025\/08\/Epee-des-Templiers-de-Luxe.jpg","contentUrl":"https:\/\/repliquemangacine.fr\/wp-content\/uploads\/2025\/08\/Epee-des-Templiers-de-Luxe.jpg","width":700,"height":700,"caption":"\u00c9p\u00e9e des Templiers de Luxe"},{"@type":"BreadcrumbList","@id":"https:\/\/repliquemangacine.fr\/epee-templier-medievale\/epee-des-templiers-de-luxe\/#breadcrumb","itemListElement":[{"@type":"ListItem","position":1,"name":"Accueil","item":"https:\/\/repliquemangacine.fr\/"},{"@type":"ListItem","position":2,"name":"Produits","item":"https:\/\/repliquemangacine.fr\/boutique\/"},{"@type":"ListItem","position":3,"name":"\u00c9p\u00e9e des Templiers de Luxe"}]},{"@type":"WebSite","@id":"https:\/\/repliquemangacine.fr\/#website","url":"https:\/\/repliquemangacine.fr\/","name":"R\u00e9plique Manga Cin\u00e9","description":"","publisher":{"@id":"https:\/\/repliquemangacine.fr\/#organization"},"potentialAction":[{"@type":"SearchAction","target":{"@type":"EntryPoint","urlTemplate":"https:\/\/repliquemangacine.fr\/?s={search_term_string}"},"query-input":{"@type":"PropertyValueSpecification","valueRequired":true,"valueName":"search_term_string"}}],"inLanguage":"es"},{"@type":"Organization","@id":"https:\/\/repliquemangacine.fr\/#organization","name":"R\u00e9plique Manga Cin\u00e9","url":"https:\/\/repliquemangacine.fr\/","logo":{"@type":"ImageObject","inLanguage":"es","@id":"https:\/\/repliquemangacine.fr\/#\/schema\/logo\/image\/","url":"https:\/\/repliquemangacine.fr\/wp-content\/uploads\/2023\/10\/RMC-500250.png","contentUrl":"https:\/\/repliquemangacine.fr\/wp-content\/uploads\/2023\/10\/RMC-500250.png","width":500,"height":250,"caption":"R\u00e9plique Manga Cin\u00e9"},"image":{"@id":"https:\/\/repliquemangacine.fr\/#\/schema\/logo\/image\/"},"sameAs":["https:\/\/www.facebook.com\/RepliqueMangaCine","https:\/\/www.instagram.com\/repliquemangacine.fr\/"]}]}},"_links":{"self":[{"href":"https:\/\/repliquemangacine.fr\/es\/wp-json\/wp\/v2\/product\/87006","targetHints":{"allow":["GET"]}}],"collection":[{"href":"https:\/\/repliquemangacine.fr\/es\/wp-json\/wp\/v2\/product"}],"about":[{"href":"https:\/\/repliquemangacine.fr\/es\/wp-json\/wp\/v2\/types\/product"}],"wp:featuredmedia":[{"embeddable":true,"href":"https:\/\/repliquemangacine.fr\/es\/wp-json\/wp\/v2\/media\/87008"}],"wp:attachment":[{"href":"https:\/\/repliquemangacine.fr\/es\/wp-json\/wp\/v2\/media?parent=87006"}],"wp:term":[{"taxonomy":"product_brand","embeddable":true,"href":"https:\/\/repliquemangacine.fr\/es\/wp-json\/wp\/v2\/product_brand?post=87006"},{"taxonomy":"product_cat","embeddable":true,"href":"https:\/\/repliquemangacine.fr\/es\/wp-json\/wp\/v2\/product_cat?post=87006"},{"taxonomy":"product_tag","embeddable":true,"href":"https:\/\/repliquemangacine.fr\/es\/wp-json\/wp\/v2\/product_tag?post=87006"}],"curies":[{"name":"wp","href":"https:\/\/api.w.org\/{rel}","templated":true}]}}