





{"id":86993,"date":"2025-08-01T13:21:44","date_gmt":"2025-08-01T11:21:44","guid":{"rendered":"https:\/\/repliquemangacine.fr\/?post_type=product&#038;p=86993"},"modified":"2026-03-07T09:57:20","modified_gmt":"2026-03-07T08:57:20","slug":"im42-cuchillo-aleman-para-botas","status":"publish","type":"product","link":"https:\/\/repliquemangacine.fr\/es\/dagues-et-accessoires-seconde-guerre-mondiale-materiels-militaria\/couteau-de-botte-allemand-im42\/","title":{"rendered":"IM42 Cuchillo alem\u00e1n para botas"},"content":{"rendered":"<h2>Cuchillo de bota alem\u00e1n IM42 - Un dise\u00f1o militar hist\u00f3rico<\/h2>\n<p>El cuchillo de bota alem\u00e1n IM42 (Infanteriemesser 42), inspirado en un modelo emblem\u00e1tico utilizado por la infanter\u00eda alemana. La Infanteriemesser 42 fue una navaja multiusos utilizada por la Wehrmacht (ej\u00e9rcito alem\u00e1n) durante la Segunda Guerra Mundial. Se utilizaba como herramienta polivalente y como arma de combate cuerpo a cuerpo, principalmente para las tropas de infanter\u00eda.<br class=\"yoast-text-mark\" \/>Este cuchillo, que a menudo se deslizaba en una bota, destacaba por su sencillez, eficacia y robustez. El IM42 sustituye poco a poco a su predecesor (el m\u00e1s complejo \"Heer Dolch\"). Su producci\u00f3n es m\u00e1s sencilla y econ\u00f3mica. Este cuchillo acompa\u00f1a a los soldados en todas sus misiones, ya sea en zonas de combate, vivacs o trincheras.<\/p>\n<h2>Una r\u00e9plica ideal para los aficionados a la historia<\/h2>\n<p>Aunque no lleva marcas militares, esta r\u00e9plica del IM42 respeta las l\u00edneas tradicionales del modelo original: una hoja recta y fina, un mango ergon\u00f3mico de madera oscura con ranuras antideslizantes y una funda r\u00edgida negra que permite llevarlo discretamente. Es el accesorio perfecto para los aficionados a la recreaci\u00f3n hist\u00f3rica, los coleccionistas o los apasionados de la cuchiller\u00eda militar.<\/p>\n<p>Dise\u00f1ada para coleccionistas o decoradores, esta r\u00e9plica no incluye ning\u00fan s\u00edmbolo ni inscripci\u00f3n oficial, respetando as\u00ed la legislaci\u00f3n vigente. Ofrece el aspecto aut\u00e9ntico sin los riesgos asociados a la posesi\u00f3n de un objeto militar original.<\/p>\n<h2>Descubra otras r\u00e9plicas hist\u00f3ricas emblem\u00e1ticas<\/h2>\n<p>Adem\u00e1s del famoso cuchillo de bota alem\u00e1n Infanteriemesser 42, R\u00e9plique Manga Cin\u00e9 ofrece una aut\u00e9ntica selecci\u00f3n de r\u00e9plicas militares hist\u00f3ricas que atraer\u00e1n a coleccionistas y aficionados por igual. Por ejemplo, el <a href=\"https:\/\/repliquemangacine.fr\/es\/armas-accesorias-guerra-mundial\/granada-m24-prensa-de-pure\/\">Machacapatatas granada M24<\/a> marca falsa <a href=\"https:\/\/www.denix.fr\/\" target=\"_blank\" rel=\"noopener noreferrer\">Denix<\/a>, fiel reproducci\u00f3n de una pieza emblem\u00e1tica del arsenal alem\u00e1n, es perfecta para puestas en escena o decoraci\u00f3n tem\u00e1tica.<\/p>\n<p>Adem\u00e1s, es imposible pasar por alto el <a href=\"https:\/\/repliquemangacine.fr\/es\/dagas-y-accesorios-material-militar-segunda-guerra-mundial\/casco-aleman-stahlhelm-m42\/\">Casco alem\u00e1n Stahlhelm M42<\/a> Envejecido, cuidadosamente patinado para reproducir el desgaste del tiempo. Encaja perfectamente en una colecci\u00f3n dedicada a la Segunda Guerra Mundial o en recreaciones hist\u00f3ricas.<\/p>\n<p>Por \u00faltimo, los amantes del material estadounidense disfrutar\u00e1n con la r\u00e9plica del <a href=\"https:\/\/repliquemangacine.fr\/es\/dagas-y-accesorios-material-militar-segunda-guerra-mundial\/cuchillo-de-combate-usmc-ka-bar\/\">Cuchillo de combate USMC KA-BAR<\/a>, utilizado por los marines. Con su silueta robusta y su historia legendaria, se impone como una pieza imprescindible en las vitrinas militares.<\/p>\n<p>Gracias a esta variada gama fiel a la historia, su colecci\u00f3n adquiere una nueva dimensi\u00f3n.<\/p>\n<p>&nbsp;<\/p>","protected":false},"excerpt":{"rendered":"<p>Cuchillo de bota alem\u00e1n Infanteriemesser 42, a menudo abreviado IM42.<\/p>\n<ul>\n<li>Hoja recta, de un solo filo, no cortante.<\/li>\n<li>Mango de madera remachado con una ligera ranura para un mejor agarre.<\/li>\n<li>Peque\u00f1a protecci\u00f3n met\u00e1lica para evitar que la mano resbale.<\/li>\n<li>Vaina met\u00e1lica negra, dise\u00f1ada para llevarla discretamente en la bota o en el cintur\u00f3n, con clip de sujeci\u00f3n.<\/li>\n<li>Longitud de la hoja: 15 cm - Longitud total: 27 cm<\/li>\n<\/ul>","protected":false},"featured_media":86994,"template":"","meta":[],"product_brand":[896],"product_cat":[85],"product_tag":[],"class_list":{"0":"post-86993","1":"product","2":"type-product","3":"status-publish","4":"has-post-thumbnail","6":"product_brand-replique-manga-cine","7":"product_cat-dagues-et-accessoires-seconde-guerre-mondiale-materiels-militaria","9":"first","10":"instock","11":"taxable","12":"shipping-taxable","13":"purchasable","14":"product-type-simple"},"yoast_head":"<!-- This site is optimized with the Yoast SEO plugin v27.4 - https:\/\/yoast.com\/product\/yoast-seo-wordpress\/ -->\n<title>Couteau de botte allemand IM42 - R\u00e9plique Manga Cin\u00e9<\/title>\n<meta name=\"description\" content=\"R\u00e9plique du Couteau de botte allemand IM42 (Infanteriemesser 42), sans marquage. Id\u00e9al pour collectionneurs, reconstitutions historiques militaire.\" \/>\n<meta name=\"robots\" content=\"index, follow, max-snippet:-1, max-image-preview:large, max-video-preview:-1\" \/>\n<link rel=\"canonical\" href=\"https:\/\/repliquemangacine.fr\/es\/dagas-y-accesorios-material-militar-segunda-guerra-mundial\/im42-cuchillo-aleman-para-botas\/\" \/>\n<meta property=\"og:locale\" content=\"es_ES\" \/>\n<meta property=\"og:type\" content=\"article\" \/>\n<meta property=\"og:title\" content=\"Couteau de botte allemand IM42 - R\u00e9plique Manga Cin\u00e9\" \/>\n<meta property=\"og:description\" content=\"R\u00e9plique du Couteau de botte allemand IM42 (Infanteriemesser 42), sans marquage. Id\u00e9al pour collectionneurs, reconstitutions historiques militaire.\" \/>\n<meta property=\"og:url\" content=\"https:\/\/repliquemangacine.fr\/es\/dagas-y-accesorios-material-militar-segunda-guerra-mundial\/im42-cuchillo-aleman-para-botas\/\" \/>\n<meta property=\"og:site_name\" content=\"R\u00e9plique Manga Cin\u00e9\" \/>\n<meta property=\"article:publisher\" content=\"https:\/\/www.facebook.com\/RepliqueMangaCine\" \/>\n<meta property=\"article:modified_time\" content=\"2026-03-07T08:57:20+00:00\" \/>\n<meta property=\"og:image\" content=\"https:\/\/repliquemangacine.fr\/wp-content\/uploads\/2025\/08\/COUTEAU-BOTTE-ALLEMANDE.jpg\" \/>\n\t<meta property=\"og:image:width\" content=\"700\" \/>\n\t<meta property=\"og:image:height\" content=\"700\" \/>\n\t<meta property=\"og:image:type\" content=\"image\/jpeg\" \/>\n<meta name=\"twitter:card\" content=\"summary_large_image\" \/>\n<meta name=\"twitter:label1\" content=\"Tiempo de lectura\" \/>\n\t<meta name=\"twitter:data1\" content=\"3 minutos\" \/>\n<script type=\"application\/ld+json\" class=\"yoast-schema-graph\">{\"@context\":\"https:\\\/\\\/schema.org\",\"@graph\":[{\"@type\":\"WebPage\",\"@id\":\"https:\\\/\\\/repliquemangacine.fr\\\/dagues-et-accessoires-seconde-guerre-mondiale-materiels-militaria\\\/couteau-de-botte-allemand-im42\\\/\",\"url\":\"https:\\\/\\\/repliquemangacine.fr\\\/dagues-et-accessoires-seconde-guerre-mondiale-materiels-militaria\\\/couteau-de-botte-allemand-im42\\\/\",\"name\":\"Couteau de botte allemand IM42 - R\u00e9plique Manga Cin\u00e9\",\"isPartOf\":{\"@id\":\"https:\\\/\\\/repliquemangacine.fr\\\/#website\"},\"primaryImageOfPage\":{\"@id\":\"https:\\\/\\\/repliquemangacine.fr\\\/dagues-et-accessoires-seconde-guerre-mondiale-materiels-militaria\\\/couteau-de-botte-allemand-im42\\\/#primaryimage\"},\"image\":{\"@id\":\"https:\\\/\\\/repliquemangacine.fr\\\/dagues-et-accessoires-seconde-guerre-mondiale-materiels-militaria\\\/couteau-de-botte-allemand-im42\\\/#primaryimage\"},\"thumbnailUrl\":\"https:\\\/\\\/repliquemangacine.fr\\\/wp-content\\\/uploads\\\/2025\\\/08\\\/COUTEAU-BOTTE-ALLEMANDE.jpg\",\"datePublished\":\"2025-08-01T11:21:44+00:00\",\"dateModified\":\"2026-03-07T08:57:20+00:00\",\"description\":\"R\u00e9plique du Couteau de botte allemand IM42 (Infanteriemesser 42), sans marquage. Id\u00e9al pour collectionneurs, reconstitutions historiques militaire.\",\"breadcrumb\":{\"@id\":\"https:\\\/\\\/repliquemangacine.fr\\\/dagues-et-accessoires-seconde-guerre-mondiale-materiels-militaria\\\/couteau-de-botte-allemand-im42\\\/#breadcrumb\"},\"inLanguage\":\"es\",\"potentialAction\":[{\"@type\":\"ReadAction\",\"target\":[\"https:\\\/\\\/repliquemangacine.fr\\\/dagues-et-accessoires-seconde-guerre-mondiale-materiels-militaria\\\/couteau-de-botte-allemand-im42\\\/\"]}]},{\"@type\":\"ImageObject\",\"inLanguage\":\"es\",\"@id\":\"https:\\\/\\\/repliquemangacine.fr\\\/dagues-et-accessoires-seconde-guerre-mondiale-materiels-militaria\\\/couteau-de-botte-allemand-im42\\\/#primaryimage\",\"url\":\"https:\\\/\\\/repliquemangacine.fr\\\/wp-content\\\/uploads\\\/2025\\\/08\\\/COUTEAU-BOTTE-ALLEMANDE.jpg\",\"contentUrl\":\"https:\\\/\\\/repliquemangacine.fr\\\/wp-content\\\/uploads\\\/2025\\\/08\\\/COUTEAU-BOTTE-ALLEMANDE.jpg\",\"width\":700,\"height\":700,\"caption\":\"Couteau de Botte Allemand IM42\"},{\"@type\":\"BreadcrumbList\",\"@id\":\"https:\\\/\\\/repliquemangacine.fr\\\/dagues-et-accessoires-seconde-guerre-mondiale-materiels-militaria\\\/couteau-de-botte-allemand-im42\\\/#breadcrumb\",\"itemListElement\":[{\"@type\":\"ListItem\",\"position\":1,\"name\":\"Accueil\",\"item\":\"https:\\\/\\\/repliquemangacine.fr\\\/\"},{\"@type\":\"ListItem\",\"position\":2,\"name\":\"Produits\",\"item\":\"https:\\\/\\\/repliquemangacine.fr\\\/boutique\\\/\"},{\"@type\":\"ListItem\",\"position\":3,\"name\":\"Couteau de botte allemand IM42\"}]},{\"@type\":\"WebSite\",\"@id\":\"https:\\\/\\\/repliquemangacine.fr\\\/#website\",\"url\":\"https:\\\/\\\/repliquemangacine.fr\\\/\",\"name\":\"R\u00e9plique Manga Cin\u00e9\",\"description\":\"\",\"publisher\":{\"@id\":\"https:\\\/\\\/repliquemangacine.fr\\\/#organization\"},\"potentialAction\":[{\"@type\":\"SearchAction\",\"target\":{\"@type\":\"EntryPoint\",\"urlTemplate\":\"https:\\\/\\\/repliquemangacine.fr\\\/?s={search_term_string}\"},\"query-input\":{\"@type\":\"PropertyValueSpecification\",\"valueRequired\":true,\"valueName\":\"search_term_string\"}}],\"inLanguage\":\"es\"},{\"@type\":\"Organization\",\"@id\":\"https:\\\/\\\/repliquemangacine.fr\\\/#organization\",\"name\":\"R\u00e9plique Manga Cin\u00e9\",\"url\":\"https:\\\/\\\/repliquemangacine.fr\\\/\",\"logo\":{\"@type\":\"ImageObject\",\"inLanguage\":\"es\",\"@id\":\"https:\\\/\\\/repliquemangacine.fr\\\/#\\\/schema\\\/logo\\\/image\\\/\",\"url\":\"https:\\\/\\\/repliquemangacine.fr\\\/wp-content\\\/uploads\\\/2023\\\/10\\\/RMC-500250.png\",\"contentUrl\":\"https:\\\/\\\/repliquemangacine.fr\\\/wp-content\\\/uploads\\\/2023\\\/10\\\/RMC-500250.png\",\"width\":500,\"height\":250,\"caption\":\"R\u00e9plique Manga Cin\u00e9\"},\"image\":{\"@id\":\"https:\\\/\\\/repliquemangacine.fr\\\/#\\\/schema\\\/logo\\\/image\\\/\"},\"sameAs\":[\"https:\\\/\\\/www.facebook.com\\\/RepliqueMangaCine\",\"https:\\\/\\\/www.instagram.com\\\/repliquemangacine.fr\\\/\"]}]}<\/script>\n<!-- \/ Yoast SEO plugin. -->","yoast_head_json":{"title":"IM42 Cuchillo alem\u00e1n para botas - R\u00e9plique Manga Cin\u00e9","description":"R\u00e9plica del cuchillo de bota alem\u00e1n IM42 (Infanteriemesser 42), sin marcar. Ideal para coleccionistas y recreadores militares.","robots":{"index":"index","follow":"follow","max-snippet":"max-snippet:-1","max-image-preview":"max-image-preview:large","max-video-preview":"max-video-preview:-1"},"canonical":"https:\/\/repliquemangacine.fr\/es\/dagas-y-accesorios-material-militar-segunda-guerra-mundial\/im42-cuchillo-aleman-para-botas\/","og_locale":"es_ES","og_type":"article","og_title":"Couteau de botte allemand IM42 - R\u00e9plique Manga Cin\u00e9","og_description":"R\u00e9plique du Couteau de botte allemand IM42 (Infanteriemesser 42), sans marquage. Id\u00e9al pour collectionneurs, reconstitutions historiques militaire.","og_url":"https:\/\/repliquemangacine.fr\/es\/dagas-y-accesorios-material-militar-segunda-guerra-mundial\/im42-cuchillo-aleman-para-botas\/","og_site_name":"R\u00e9plique Manga Cin\u00e9","article_publisher":"https:\/\/www.facebook.com\/RepliqueMangaCine","article_modified_time":"2026-03-07T08:57:20+00:00","og_image":[{"width":700,"height":700,"url":"https:\/\/repliquemangacine.fr\/wp-content\/uploads\/2025\/08\/COUTEAU-BOTTE-ALLEMANDE.jpg","type":"image\/jpeg"}],"twitter_card":"summary_large_image","twitter_misc":{"Tiempo de lectura":"3 minutos"},"schema":{"@context":"https:\/\/schema.org","@graph":[{"@type":"WebPage","@id":"https:\/\/repliquemangacine.fr\/dagues-et-accessoires-seconde-guerre-mondiale-materiels-militaria\/couteau-de-botte-allemand-im42\/","url":"https:\/\/repliquemangacine.fr\/dagues-et-accessoires-seconde-guerre-mondiale-materiels-militaria\/couteau-de-botte-allemand-im42\/","name":"IM42 Cuchillo alem\u00e1n para botas - R\u00e9plique Manga Cin\u00e9","isPartOf":{"@id":"https:\/\/repliquemangacine.fr\/#website"},"primaryImageOfPage":{"@id":"https:\/\/repliquemangacine.fr\/dagues-et-accessoires-seconde-guerre-mondiale-materiels-militaria\/couteau-de-botte-allemand-im42\/#primaryimage"},"image":{"@id":"https:\/\/repliquemangacine.fr\/dagues-et-accessoires-seconde-guerre-mondiale-materiels-militaria\/couteau-de-botte-allemand-im42\/#primaryimage"},"thumbnailUrl":"https:\/\/repliquemangacine.fr\/wp-content\/uploads\/2025\/08\/COUTEAU-BOTTE-ALLEMANDE.jpg","datePublished":"2025-08-01T11:21:44+00:00","dateModified":"2026-03-07T08:57:20+00:00","description":"R\u00e9plica del cuchillo de bota alem\u00e1n IM42 (Infanteriemesser 42), sin marcar. Ideal para coleccionistas y recreadores militares.","breadcrumb":{"@id":"https:\/\/repliquemangacine.fr\/dagues-et-accessoires-seconde-guerre-mondiale-materiels-militaria\/couteau-de-botte-allemand-im42\/#breadcrumb"},"inLanguage":"es","potentialAction":[{"@type":"ReadAction","target":["https:\/\/repliquemangacine.fr\/dagues-et-accessoires-seconde-guerre-mondiale-materiels-militaria\/couteau-de-botte-allemand-im42\/"]}]},{"@type":"ImageObject","inLanguage":"es","@id":"https:\/\/repliquemangacine.fr\/dagues-et-accessoires-seconde-guerre-mondiale-materiels-militaria\/couteau-de-botte-allemand-im42\/#primaryimage","url":"https:\/\/repliquemangacine.fr\/wp-content\/uploads\/2025\/08\/COUTEAU-BOTTE-ALLEMANDE.jpg","contentUrl":"https:\/\/repliquemangacine.fr\/wp-content\/uploads\/2025\/08\/COUTEAU-BOTTE-ALLEMANDE.jpg","width":700,"height":700,"caption":"Couteau de Botte Allemand IM42"},{"@type":"BreadcrumbList","@id":"https:\/\/repliquemangacine.fr\/dagues-et-accessoires-seconde-guerre-mondiale-materiels-militaria\/couteau-de-botte-allemand-im42\/#breadcrumb","itemListElement":[{"@type":"ListItem","position":1,"name":"Accueil","item":"https:\/\/repliquemangacine.fr\/"},{"@type":"ListItem","position":2,"name":"Produits","item":"https:\/\/repliquemangacine.fr\/boutique\/"},{"@type":"ListItem","position":3,"name":"Couteau de botte allemand IM42"}]},{"@type":"WebSite","@id":"https:\/\/repliquemangacine.fr\/#website","url":"https:\/\/repliquemangacine.fr\/","name":"R\u00e9plique Manga Cin\u00e9","description":"","publisher":{"@id":"https:\/\/repliquemangacine.fr\/#organization"},"potentialAction":[{"@type":"SearchAction","target":{"@type":"EntryPoint","urlTemplate":"https:\/\/repliquemangacine.fr\/?s={search_term_string}"},"query-input":{"@type":"PropertyValueSpecification","valueRequired":true,"valueName":"search_term_string"}}],"inLanguage":"es"},{"@type":"Organization","@id":"https:\/\/repliquemangacine.fr\/#organization","name":"R\u00e9plique Manga Cin\u00e9","url":"https:\/\/repliquemangacine.fr\/","logo":{"@type":"ImageObject","inLanguage":"es","@id":"https:\/\/repliquemangacine.fr\/#\/schema\/logo\/image\/","url":"https:\/\/repliquemangacine.fr\/wp-content\/uploads\/2023\/10\/RMC-500250.png","contentUrl":"https:\/\/repliquemangacine.fr\/wp-content\/uploads\/2023\/10\/RMC-500250.png","width":500,"height":250,"caption":"R\u00e9plique Manga Cin\u00e9"},"image":{"@id":"https:\/\/repliquemangacine.fr\/#\/schema\/logo\/image\/"},"sameAs":["https:\/\/www.facebook.com\/RepliqueMangaCine","https:\/\/www.instagram.com\/repliquemangacine.fr\/"]}]}},"_links":{"self":[{"href":"https:\/\/repliquemangacine.fr\/es\/wp-json\/wp\/v2\/product\/86993","targetHints":{"allow":["GET"]}}],"collection":[{"href":"https:\/\/repliquemangacine.fr\/es\/wp-json\/wp\/v2\/product"}],"about":[{"href":"https:\/\/repliquemangacine.fr\/es\/wp-json\/wp\/v2\/types\/product"}],"wp:featuredmedia":[{"embeddable":true,"href":"https:\/\/repliquemangacine.fr\/es\/wp-json\/wp\/v2\/media\/86994"}],"wp:attachment":[{"href":"https:\/\/repliquemangacine.fr\/es\/wp-json\/wp\/v2\/media?parent=86993"}],"wp:term":[{"taxonomy":"product_brand","embeddable":true,"href":"https:\/\/repliquemangacine.fr\/es\/wp-json\/wp\/v2\/product_brand?post=86993"},{"taxonomy":"product_cat","embeddable":true,"href":"https:\/\/repliquemangacine.fr\/es\/wp-json\/wp\/v2\/product_cat?post=86993"},{"taxonomy":"product_tag","embeddable":true,"href":"https:\/\/repliquemangacine.fr\/es\/wp-json\/wp\/v2\/product_tag?post=86993"}],"curies":[{"name":"wp","href":"https:\/\/api.w.org\/{rel}","templated":true}]}}