





{"id":86989,"date":"2025-08-01T12:08:46","date_gmt":"2025-08-01T10:08:46","guid":{"rendered":"https:\/\/repliquemangacine.fr\/?post_type=product&#038;p=86989"},"modified":"2025-11-12T23:43:10","modified_gmt":"2025-11-12T22:43:10","slug":"cuchillo-tactico-sck-negro-2","status":"publish","type":"product","link":"https:\/\/repliquemangacine.fr\/es\/coutellerie\/couteau-tactique-sck-noir\/","title":{"rendered":"SCK Cuchillo T\u00e1ctico Negro"},"content":{"rendered":"<h2>Un cuchillo t\u00e1ctico completo, robusto y listo para la acci\u00f3n<\/h2>\n<p>El cuchillo t\u00e1ctico SCK Noir destaca por su dise\u00f1o funcional, concebido para responder a las situaciones m\u00e1s extremas.<br \/>\nEn primer lugar, su hoja negra mixta (lisa y dentada) de acero inoxidable garantiza un corte eficaz, r\u00e1pido y sin esfuerzo.<br \/>\nAdem\u00e1s, su mango ergon\u00f3mico de aluminio texturizado garantiza un excelente agarre, incluso con guantes o bajo la lluvia.<br \/>\nAdem\u00e1s, la apertura asistida permite un despliegue instant\u00e1neo con una sola mano gracias al sistema flipper o al pulgar lateral.<br \/>\nTambi\u00e9n incorpora un cortador de cinturones y un rompecristales para responder a emergencias e intervenciones sobre el terreno.<br \/>\nPor \u00faltimo, la hebilla permite llevarlo de forma discreta, ideal para el\u2019<a href=\"https:\/\/en.wikipedia.org\/wiki\/Everyday_carry\" target=\"_blank\" rel=\"noopener noreferrer\">EDC<\/a>, senderismo, rescate o misiones t\u00e1cticas.<br \/>\nEste cuchillo combina solidez, funcionalidad y versatilidad en un formato compacto, pr\u00e1ctico y siempre listo para usar.<\/p>\n<h2>\u00bfPor qu\u00e9 elegir el cuchillo SCK? Un referente t\u00e1ctico y multifuncional<\/h2>\n<p>Elegir la navaja t\u00e1ctica SCK Noir es invertir en una herramienta fiable, dise\u00f1ada para los apasionados de la supervivencia y la eficacia.<br \/>\nA diferencia de una simple navaja plegable, esta ofrece funciones de emergencia integradas en un dise\u00f1o 100 % t\u00e1ctico.<br \/>\nPor lo tanto, se convierte r\u00e1pidamente en un elemento indispensable para los bomberos, las fuerzas del orden, los militares o cualquier aficionado al equipamiento bien equipado.<br \/>\nGracias a su hoja mixta, se adapta tanto al corte preciso como a tareas m\u00e1s agresivas o t\u00e9cnicas.<br \/>\nPero eso no es todo: su dise\u00f1o moderno, negro y sobrio le da un aspecto profesional y formidable sobre el terreno.<br \/>\nLigero, f\u00e1cil de transportar, pero lo suficientemente resistente como para soportar las peores condiciones de uso prolongado.<br \/>\nEn resumen, no es solo un cuchillo: es una herramienta fiable, dise\u00f1ada para aventureros y profesionales exigentes.<\/p>\n<h2>Encuentra este cuchillo y mucho m\u00e1s en Repliquemangacine<\/h2>\n<p>Visite <strong>Repliquemangacine<\/strong>, Ofrecemos mucho m\u00e1s que cuchillos t\u00e1cticos: nos apasiona el mundo geek y la historia.<br \/>\nEncontrar\u00e1s katanas luminosas de One Piece, espadas de pel\u00edculas de culto, armas de colecci\u00f3n y art\u00edculos exclusivos.<br \/>\nPor ejemplo, nuestras reproducciones de Demon Slayer, Zelda, Harry Potter o <a href=\"https:\/\/repliquemangacine.fr\/es\/epee-the-witcher\/\" target=\"_blank\" rel=\"noopener noreferrer\">The Witcher<\/a> tienen un gran \u00e9xito entre los aficionados.<br \/>\nAdem\u00e1s, nuestro cat\u00e1logo tambi\u00e9n incluye espadas antiguas, sables piratas, armas del oeste o accesorios militares fieles a la realidad.<br \/>\nCada producto ha sido seleccionado por su calidad, su dise\u00f1o y su fidelidad a la obra o al periodo hist\u00f3rico en cuesti\u00f3n.<br \/>\nGracias a <strong>Repliquemangacine<\/strong>, encontrar\u00e1s el regalo perfecto para coleccionistas, apasionados del anime, gamers o amantes de la historia.<br \/>\nRealice su pedido f\u00e1cilmente, disfrute de un servicio de atenci\u00f3n al cliente \u00e1gil y reciba sus piezas r\u00e1pidamente en su domicilio.<\/p>\n<p><strong>\u26a0\ufe0f Venta prohibida a menores. Es posible que tras realizar el pedido se solicite una verificaci\u00f3n de identidad para confirmar la mayor\u00eda de edad del comprador.<\/strong><\/p>","protected":false},"excerpt":{"rendered":"<p>Un couteau tactique complet, robuste et pr\u00eat \u00e0 l\u2019action Le couteau tactique SCK Noir se distingue par son design fonctionnel, con\u00e7u pour r\u00e9pondre aux situations les plus extr\u00eames. D\u2019abord, sa lame noire mixte (lisse et crant\u00e9e) en acier inoxydable assure une d\u00e9coupe efficace, rapide et sans effort. Ensuite, son manche ergonomique en aluminium textur\u00e9 garantit [&hellip;]<\/p>\n","protected":false},"featured_media":86992,"template":"","meta":[],"product_brand":[],"product_cat":[891,892,884],"product_tag":[],"class_list":{"0":"post-86989","1":"product","2":"type-product","3":"status-publish","4":"has-post-thumbnail","6":"product_cat-couteaux-automatiques","7":"product_cat-couteaux-tactical","8":"product_cat-coutellerie","10":"first","11":"instock","12":"taxable","13":"shipping-taxable","14":"purchasable","15":"product-type-simple"},"yoast_head":"<!-- This site is optimized with the Yoast SEO plugin v27.4 - https:\/\/yoast.com\/product\/yoast-seo-wordpress\/ -->\n<title>Couteau Tactique SCK Noir - R\u00e9plique Manga Cin\u00e9<\/title>\n<meta name=\"description\" content=\"Couteau Tactique SCK Noir pliant avec lame mixte (lisse + crant\u00e9e), coupe-ceinture, brise-vitre et clip ceinture. Id\u00e9al pour la survie ou l&#039;EDC\" \/>\n<meta name=\"robots\" content=\"index, follow, max-snippet:-1, max-image-preview:large, max-video-preview:-1\" \/>\n<link rel=\"canonical\" href=\"https:\/\/repliquemangacine.fr\/es\/cubiertos\/cuchillo-tactico-sck-negro-2\/\" \/>\n<meta property=\"og:locale\" content=\"es_ES\" \/>\n<meta property=\"og:type\" content=\"article\" \/>\n<meta property=\"og:title\" content=\"Couteau Tactique SCK Noir - R\u00e9plique Manga Cin\u00e9\" \/>\n<meta property=\"og:description\" content=\"Couteau Tactique SCK Noir pliant avec lame mixte (lisse + crant\u00e9e), coupe-ceinture, brise-vitre et clip ceinture. Id\u00e9al pour la survie ou l&#039;EDC\" \/>\n<meta property=\"og:url\" content=\"https:\/\/repliquemangacine.fr\/es\/cubiertos\/cuchillo-tactico-sck-negro-2\/\" \/>\n<meta property=\"og:site_name\" content=\"R\u00e9plique Manga Cin\u00e9\" \/>\n<meta property=\"article:publisher\" content=\"https:\/\/www.facebook.com\/RepliqueMangaCine\" \/>\n<meta property=\"article:modified_time\" content=\"2025-11-12T22:43:10+00:00\" \/>\n<meta property=\"og:image\" content=\"https:\/\/repliquemangacine.fr\/wp-content\/uploads\/2025\/08\/Couteau-Tactique-SCK-noir.jpg\" \/>\n\t<meta property=\"og:image:width\" content=\"700\" \/>\n\t<meta property=\"og:image:height\" content=\"700\" \/>\n\t<meta property=\"og:image:type\" content=\"image\/jpeg\" \/>\n<meta name=\"twitter:card\" content=\"summary_large_image\" \/>\n<meta name=\"twitter:label1\" content=\"Tiempo de lectura\" \/>\n\t<meta name=\"twitter:data1\" content=\"3 minutos\" \/>\n<script type=\"application\/ld+json\" class=\"yoast-schema-graph\">{\"@context\":\"https:\\\/\\\/schema.org\",\"@graph\":[{\"@type\":\"WebPage\",\"@id\":\"https:\\\/\\\/repliquemangacine.fr\\\/coutellerie\\\/couteau-tactique-sck-noir\\\/\",\"url\":\"https:\\\/\\\/repliquemangacine.fr\\\/coutellerie\\\/couteau-tactique-sck-noir\\\/\",\"name\":\"Couteau Tactique SCK Noir - R\u00e9plique Manga Cin\u00e9\",\"isPartOf\":{\"@id\":\"https:\\\/\\\/repliquemangacine.fr\\\/#website\"},\"primaryImageOfPage\":{\"@id\":\"https:\\\/\\\/repliquemangacine.fr\\\/coutellerie\\\/couteau-tactique-sck-noir\\\/#primaryimage\"},\"image\":{\"@id\":\"https:\\\/\\\/repliquemangacine.fr\\\/coutellerie\\\/couteau-tactique-sck-noir\\\/#primaryimage\"},\"thumbnailUrl\":\"https:\\\/\\\/repliquemangacine.fr\\\/wp-content\\\/uploads\\\/2025\\\/08\\\/Couteau-Tactique-SCK-noir.jpg\",\"datePublished\":\"2025-08-01T10:08:46+00:00\",\"dateModified\":\"2025-11-12T22:43:10+00:00\",\"description\":\"Couteau Tactique SCK Noir pliant avec lame mixte (lisse + crant\u00e9e), coupe-ceinture, brise-vitre et clip ceinture. Id\u00e9al pour la survie ou l'EDC\",\"breadcrumb\":{\"@id\":\"https:\\\/\\\/repliquemangacine.fr\\\/coutellerie\\\/couteau-tactique-sck-noir\\\/#breadcrumb\"},\"inLanguage\":\"es\",\"potentialAction\":[{\"@type\":\"ReadAction\",\"target\":[\"https:\\\/\\\/repliquemangacine.fr\\\/coutellerie\\\/couteau-tactique-sck-noir\\\/\"]}]},{\"@type\":\"ImageObject\",\"inLanguage\":\"es\",\"@id\":\"https:\\\/\\\/repliquemangacine.fr\\\/coutellerie\\\/couteau-tactique-sck-noir\\\/#primaryimage\",\"url\":\"https:\\\/\\\/repliquemangacine.fr\\\/wp-content\\\/uploads\\\/2025\\\/08\\\/Couteau-Tactique-SCK-noir.jpg\",\"contentUrl\":\"https:\\\/\\\/repliquemangacine.fr\\\/wp-content\\\/uploads\\\/2025\\\/08\\\/Couteau-Tactique-SCK-noir.jpg\",\"width\":700,\"height\":700,\"caption\":\"Couteau-Tactique-SCK-noir\"},{\"@type\":\"BreadcrumbList\",\"@id\":\"https:\\\/\\\/repliquemangacine.fr\\\/coutellerie\\\/couteau-tactique-sck-noir\\\/#breadcrumb\",\"itemListElement\":[{\"@type\":\"ListItem\",\"position\":1,\"name\":\"Accueil\",\"item\":\"https:\\\/\\\/repliquemangacine.fr\\\/\"},{\"@type\":\"ListItem\",\"position\":2,\"name\":\"Produits\",\"item\":\"https:\\\/\\\/repliquemangacine.fr\\\/boutique\\\/\"},{\"@type\":\"ListItem\",\"position\":3,\"name\":\"Couteau Tactique SCK Noir\"}]},{\"@type\":\"WebSite\",\"@id\":\"https:\\\/\\\/repliquemangacine.fr\\\/#website\",\"url\":\"https:\\\/\\\/repliquemangacine.fr\\\/\",\"name\":\"R\u00e9plique Manga Cin\u00e9\",\"description\":\"\",\"publisher\":{\"@id\":\"https:\\\/\\\/repliquemangacine.fr\\\/#organization\"},\"potentialAction\":[{\"@type\":\"SearchAction\",\"target\":{\"@type\":\"EntryPoint\",\"urlTemplate\":\"https:\\\/\\\/repliquemangacine.fr\\\/?s={search_term_string}\"},\"query-input\":{\"@type\":\"PropertyValueSpecification\",\"valueRequired\":true,\"valueName\":\"search_term_string\"}}],\"inLanguage\":\"es\"},{\"@type\":\"Organization\",\"@id\":\"https:\\\/\\\/repliquemangacine.fr\\\/#organization\",\"name\":\"R\u00e9plique Manga Cin\u00e9\",\"url\":\"https:\\\/\\\/repliquemangacine.fr\\\/\",\"logo\":{\"@type\":\"ImageObject\",\"inLanguage\":\"es\",\"@id\":\"https:\\\/\\\/repliquemangacine.fr\\\/#\\\/schema\\\/logo\\\/image\\\/\",\"url\":\"https:\\\/\\\/repliquemangacine.fr\\\/wp-content\\\/uploads\\\/2023\\\/10\\\/RMC-500250.png\",\"contentUrl\":\"https:\\\/\\\/repliquemangacine.fr\\\/wp-content\\\/uploads\\\/2023\\\/10\\\/RMC-500250.png\",\"width\":500,\"height\":250,\"caption\":\"R\u00e9plique Manga Cin\u00e9\"},\"image\":{\"@id\":\"https:\\\/\\\/repliquemangacine.fr\\\/#\\\/schema\\\/logo\\\/image\\\/\"},\"sameAs\":[\"https:\\\/\\\/www.facebook.com\\\/RepliqueMangaCine\",\"https:\\\/\\\/www.instagram.com\\\/repliquemangacine.fr\\\/\"]}]}<\/script>\n<!-- \/ Yoast SEO plugin. -->","yoast_head_json":{"title":"SCK Cuchillo T\u00e1ctico Negro - R\u00e9plique Manga Cin\u00e9","description":"SCK Navaja t\u00e1ctica plegable negra con hoja mixta (lisa + dentada), corta-cinturones, rompe-cristales y clip para cintur\u00f3n. Ideal para supervivencia o EDC","robots":{"index":"index","follow":"follow","max-snippet":"max-snippet:-1","max-image-preview":"max-image-preview:large","max-video-preview":"max-video-preview:-1"},"canonical":"https:\/\/repliquemangacine.fr\/es\/cubiertos\/cuchillo-tactico-sck-negro-2\/","og_locale":"es_ES","og_type":"article","og_title":"Couteau Tactique SCK Noir - R\u00e9plique Manga Cin\u00e9","og_description":"Couteau Tactique SCK Noir pliant avec lame mixte (lisse + crant\u00e9e), coupe-ceinture, brise-vitre et clip ceinture. Id\u00e9al pour la survie ou l'EDC","og_url":"https:\/\/repliquemangacine.fr\/es\/cubiertos\/cuchillo-tactico-sck-negro-2\/","og_site_name":"R\u00e9plique Manga Cin\u00e9","article_publisher":"https:\/\/www.facebook.com\/RepliqueMangaCine","article_modified_time":"2025-11-12T22:43:10+00:00","og_image":[{"width":700,"height":700,"url":"https:\/\/repliquemangacine.fr\/wp-content\/uploads\/2025\/08\/Couteau-Tactique-SCK-noir.jpg","type":"image\/jpeg"}],"twitter_card":"summary_large_image","twitter_misc":{"Tiempo de lectura":"3 minutos"},"schema":{"@context":"https:\/\/schema.org","@graph":[{"@type":"WebPage","@id":"https:\/\/repliquemangacine.fr\/coutellerie\/couteau-tactique-sck-noir\/","url":"https:\/\/repliquemangacine.fr\/coutellerie\/couteau-tactique-sck-noir\/","name":"SCK Cuchillo T\u00e1ctico Negro - R\u00e9plique Manga Cin\u00e9","isPartOf":{"@id":"https:\/\/repliquemangacine.fr\/#website"},"primaryImageOfPage":{"@id":"https:\/\/repliquemangacine.fr\/coutellerie\/couteau-tactique-sck-noir\/#primaryimage"},"image":{"@id":"https:\/\/repliquemangacine.fr\/coutellerie\/couteau-tactique-sck-noir\/#primaryimage"},"thumbnailUrl":"https:\/\/repliquemangacine.fr\/wp-content\/uploads\/2025\/08\/Couteau-Tactique-SCK-noir.jpg","datePublished":"2025-08-01T10:08:46+00:00","dateModified":"2025-11-12T22:43:10+00:00","description":"SCK Navaja t\u00e1ctica plegable negra con hoja mixta (lisa + dentada), corta-cinturones, rompe-cristales y clip para cintur\u00f3n. Ideal para supervivencia o EDC","breadcrumb":{"@id":"https:\/\/repliquemangacine.fr\/coutellerie\/couteau-tactique-sck-noir\/#breadcrumb"},"inLanguage":"es","potentialAction":[{"@type":"ReadAction","target":["https:\/\/repliquemangacine.fr\/coutellerie\/couteau-tactique-sck-noir\/"]}]},{"@type":"ImageObject","inLanguage":"es","@id":"https:\/\/repliquemangacine.fr\/coutellerie\/couteau-tactique-sck-noir\/#primaryimage","url":"https:\/\/repliquemangacine.fr\/wp-content\/uploads\/2025\/08\/Couteau-Tactique-SCK-noir.jpg","contentUrl":"https:\/\/repliquemangacine.fr\/wp-content\/uploads\/2025\/08\/Couteau-Tactique-SCK-noir.jpg","width":700,"height":700,"caption":"Couteau-Tactique-SCK-noir"},{"@type":"BreadcrumbList","@id":"https:\/\/repliquemangacine.fr\/coutellerie\/couteau-tactique-sck-noir\/#breadcrumb","itemListElement":[{"@type":"ListItem","position":1,"name":"Accueil","item":"https:\/\/repliquemangacine.fr\/"},{"@type":"ListItem","position":2,"name":"Produits","item":"https:\/\/repliquemangacine.fr\/boutique\/"},{"@type":"ListItem","position":3,"name":"Couteau Tactique SCK Noir"}]},{"@type":"WebSite","@id":"https:\/\/repliquemangacine.fr\/#website","url":"https:\/\/repliquemangacine.fr\/","name":"R\u00e9plique Manga Cin\u00e9","description":"","publisher":{"@id":"https:\/\/repliquemangacine.fr\/#organization"},"potentialAction":[{"@type":"SearchAction","target":{"@type":"EntryPoint","urlTemplate":"https:\/\/repliquemangacine.fr\/?s={search_term_string}"},"query-input":{"@type":"PropertyValueSpecification","valueRequired":true,"valueName":"search_term_string"}}],"inLanguage":"es"},{"@type":"Organization","@id":"https:\/\/repliquemangacine.fr\/#organization","name":"R\u00e9plique Manga Cin\u00e9","url":"https:\/\/repliquemangacine.fr\/","logo":{"@type":"ImageObject","inLanguage":"es","@id":"https:\/\/repliquemangacine.fr\/#\/schema\/logo\/image\/","url":"https:\/\/repliquemangacine.fr\/wp-content\/uploads\/2023\/10\/RMC-500250.png","contentUrl":"https:\/\/repliquemangacine.fr\/wp-content\/uploads\/2023\/10\/RMC-500250.png","width":500,"height":250,"caption":"R\u00e9plique Manga Cin\u00e9"},"image":{"@id":"https:\/\/repliquemangacine.fr\/#\/schema\/logo\/image\/"},"sameAs":["https:\/\/www.facebook.com\/RepliqueMangaCine","https:\/\/www.instagram.com\/repliquemangacine.fr\/"]}]}},"_links":{"self":[{"href":"https:\/\/repliquemangacine.fr\/es\/wp-json\/wp\/v2\/product\/86989","targetHints":{"allow":["GET"]}}],"collection":[{"href":"https:\/\/repliquemangacine.fr\/es\/wp-json\/wp\/v2\/product"}],"about":[{"href":"https:\/\/repliquemangacine.fr\/es\/wp-json\/wp\/v2\/types\/product"}],"wp:featuredmedia":[{"embeddable":true,"href":"https:\/\/repliquemangacine.fr\/es\/wp-json\/wp\/v2\/media\/86992"}],"wp:attachment":[{"href":"https:\/\/repliquemangacine.fr\/es\/wp-json\/wp\/v2\/media?parent=86989"}],"wp:term":[{"taxonomy":"product_brand","embeddable":true,"href":"https:\/\/repliquemangacine.fr\/es\/wp-json\/wp\/v2\/product_brand?post=86989"},{"taxonomy":"product_cat","embeddable":true,"href":"https:\/\/repliquemangacine.fr\/es\/wp-json\/wp\/v2\/product_cat?post=86989"},{"taxonomy":"product_tag","embeddable":true,"href":"https:\/\/repliquemangacine.fr\/es\/wp-json\/wp\/v2\/product_tag?post=86989"}],"curies":[{"name":"wp","href":"https:\/\/api.w.org\/{rel}","templated":true}]}}