





{"id":86949,"date":"2025-07-30T15:38:54","date_gmt":"2025-07-30T13:38:54","guid":{"rendered":"https:\/\/repliquemangacine.fr\/?post_type=product&#038;p=86949"},"modified":"2026-02-04T11:15:58","modified_gmt":"2026-02-04T10:15:58","slug":"cuchillo-plegable-sck","status":"publish","type":"product","link":"https:\/\/repliquemangacine.fr\/es\/coutellerie\/couteau-pliant-dore-sck\/","title":{"rendered":"Cuchillo plegable SCK Gold"},"content":{"rendered":"<h2>Una navaja plegable dorada con un dise\u00f1o \u00fanico y llamativo<\/h2>\n<p>La navaja plegable SCK Golden tiene una hoja impresionante <a href=\"https:\/\/fr.wikipedia.org\/wiki\/Acier_inoxydable\" target=\"_blank\" rel=\"noopener noreferrer\">acero inoxidable<\/a> Bicolor, combinando un elegante acabado satinado negro y dorado.<br \/>\nGracias a su sistema de apertura asistida, se utiliza f\u00e1cilmente, con un solo movimiento fluido, para un uso r\u00e1pido y pr\u00e1ctico.<br \/>\nEl mango texturizado garantiza un excelente agarre, incluso durante un uso prolongado o intenso.<br \/>\nSu clip para el cintur\u00f3n permite llevarlo a todas partes con discreci\u00f3n y seguridad, tanto en la ciudad como en la naturaleza.<br \/>\nPor lo tanto, es ideal para coleccionistas o aficionados a las navajas plegables con un dise\u00f1o cuidado, sobrio y elegante.<br \/>\nPor \u00faltimo, su contraste de colores y su ergonom\u00eda lo hacen tan funcional como est\u00e9tico.<\/p>\n<h2>Una navaja elegante y funcional, muy alejada de los modelos cl\u00e1sicos<\/h2>\n<p>A diferencia de otros cuchillos t\u00e1cticos, este modelo SCK destaca por su dise\u00f1o refinado.<br \/>\nDe hecho, apuesta por un estilo urbano y moderno, con una estructura robusta y una hoja resistente.<br \/>\nAdem\u00e1s, su apertura asistida lo convierte en una herramienta r\u00e1pida e intuitiva, que ofrece una gran comodidad de uso para el d\u00eda a d\u00eda.<br \/>\nPor lo tanto, es una elecci\u00f3n perfecta para los amantes de los cuchillos.<br \/>\nAdem\u00e1s, su peso equilibrado y su manejabilidad garantizan una experiencia agradable.<br \/>\nPor \u00faltimo, sus acabados dorados y negros crean un contraste llamativo que atrae inmediatamente la atenci\u00f3n de los apasionados.<br \/>\nAs\u00ed, la navaja dorada SCK se impone como una pieza imprescindible, a medio camino entre la funcionalidad y el objeto de colecci\u00f3n.<\/p>\n<h2>Encuentra este cuchillo y mucho m\u00e1s en Repliquemangacine<\/h2>\n<p>Visite <strong>Repliquemangacine<\/strong>, Encontrar\u00e1s mucho m\u00e1s que esta navaja dorada: todo un universo dedicado a los apasionados de la cultura pop.<br \/>\nNuestra tienda ofrece una amplia selecci\u00f3n de katanas, espadas, sables, cuchillos y diversos objetos de colecci\u00f3n.<br \/>\nLos fans de <a href=\"https:\/\/repliquemangacine.fr\/es\/replica-de-videojuegos-manga\/\" target=\"_blank\" rel=\"noopener noreferrer\">manga<\/a> estar\u00e1n encantados de descubrir r\u00e9plicas de One Piece, Naruto, Demon Slayer, Bleach o Zelda.<br \/>\nPero eso no es todo: tambi\u00e9n ofrecemos piezas m\u00edticas sacadas de pel\u00edculas de culto, como El Se\u00f1or de los Anillos o Harry Potter.<br \/>\nPara los apasionados de la historia, en nuestra p\u00e1gina web tambi\u00e9n hay disponibles armas medievales, antiguas o de la Segunda Guerra Mundial.<br \/>\nAs\u00ed que, tanto si eres fan\u00e1tico de los videojuegos, de <a href=\"https:\/\/repliquemangacine.fr\/es\/peliculas-series-tv-venta-de-espadas-katana-y-productos-relacionados\/\" target=\"_blank\" rel=\"noopener noreferrer\">cine<\/a>Tanto si es un aficionado al manga como un simple coleccionista, encontrar\u00e1 lo que busca en <strong>Repliquemangacine<\/strong>.<br \/>\nNuestro objetivo es claro: ofrecerte productos originales y de calidad, con entrega r\u00e1pida, para que puedas ampliar tu colecci\u00f3n como es debido.<\/p>\n<p><strong>\u26a0\ufe0f Venta prohibida a menores. Es posible que tras realizar el pedido se solicite una verificaci\u00f3n de identidad para confirmar la mayor\u00eda de edad del comprador.<\/strong><\/p>","protected":false},"excerpt":{"rendered":"<p><strong>Especificaciones t\u00e9cnicas :<\/strong><\/p>\n<ul>\n<li>Marca : SCK<\/li>\n<li>Tipo : Navaja plegable motorizada<\/li>\n<li>Hoja: Acero inoxidable, acabado bicolor negro\/oro con efecto satinado<\/li>\n<li>Grosor del mango: ergon\u00f3mico, buen agarre<\/li>\n<li>Empu\u00f1adura: Recubrimiento texturizado negro, inserciones doradas, empu\u00f1adura reforzada<\/li>\n<li>Clip para cintur\u00f3n: S\u00ed, para llevarlo de forma discreta y pr\u00e1ctica<\/li>\n<li>Sistema de bloqueo: Liner lock (bloqueo seguro de la hoja)<\/li>\n<li>Longitud de la hoja: aprox. 8,5 cm (pendiente de confirmaci\u00f3n)<\/li>\n<li>Longitud total (abierto): aprox. 20 cm<\/li>\n<li>Longitud plegada: aprox. 11,5 cm<\/li>\n<\/ul>","protected":false},"featured_media":86952,"template":"","meta":[],"product_brand":[],"product_cat":[891,886,884],"product_tag":[],"class_list":{"0":"post-86949","1":"product","2":"type-product","3":"status-publish","4":"has-post-thumbnail","6":"product_cat-couteaux-automatiques","7":"product_cat-couteaux-de-poche","8":"product_cat-coutellerie","10":"first","11":"instock","12":"taxable","13":"shipping-taxable","14":"purchasable","15":"product-type-simple"},"yoast_head":"<!-- This site is optimized with the Yoast SEO plugin v27.4 - https:\/\/yoast.com\/product\/yoast-seo-wordpress\/ -->\n<title>Couteau Pliant dor\u00e9 SCK | R\u00e9plique Manga Cin\u00e9<\/title>\n<meta name=\"description\" content=\"D\u00e9couvrez le Couteau Pliant dor\u00e9 SCK : lame inox \u00e0 ouverture assist\u00e9e, design noir et dor\u00e9, clip ceinture int\u00e9gr\u00e9. \u00c9l\u00e9gant, compact et id\u00e9al en collection.\" \/>\n<meta name=\"robots\" content=\"index, follow, max-snippet:-1, max-image-preview:large, max-video-preview:-1\" \/>\n<link rel=\"canonical\" href=\"https:\/\/repliquemangacine.fr\/es\/cubiertos\/cuchillo-plegable-sck\/\" \/>\n<meta property=\"og:locale\" content=\"es_ES\" \/>\n<meta property=\"og:type\" content=\"article\" \/>\n<meta property=\"og:title\" content=\"Couteau Pliant dor\u00e9 SCK | R\u00e9plique Manga Cin\u00e9\" \/>\n<meta property=\"og:description\" content=\"D\u00e9couvrez le Couteau Pliant dor\u00e9 SCK : lame inox \u00e0 ouverture assist\u00e9e, design noir et dor\u00e9, clip ceinture int\u00e9gr\u00e9. \u00c9l\u00e9gant, compact et id\u00e9al en collection.\" \/>\n<meta property=\"og:url\" content=\"https:\/\/repliquemangacine.fr\/es\/cubiertos\/cuchillo-plegable-sck\/\" \/>\n<meta property=\"og:site_name\" content=\"R\u00e9plique Manga Cin\u00e9\" \/>\n<meta property=\"article:publisher\" content=\"https:\/\/www.facebook.com\/RepliqueMangaCine\" \/>\n<meta property=\"article:modified_time\" content=\"2026-02-04T10:15:58+00:00\" \/>\n<meta property=\"og:image\" content=\"https:\/\/repliquemangacine.fr\/wp-content\/uploads\/2025\/07\/Couteau-ouverture-assiste-SCK.jpg\" \/>\n\t<meta property=\"og:image:width\" content=\"700\" \/>\n\t<meta property=\"og:image:height\" content=\"700\" \/>\n\t<meta property=\"og:image:type\" content=\"image\/jpeg\" \/>\n<meta name=\"twitter:card\" content=\"summary_large_image\" \/>\n<meta name=\"twitter:label1\" content=\"Tiempo de lectura\" \/>\n\t<meta name=\"twitter:data1\" content=\"3 minutos\" \/>\n<script type=\"application\/ld+json\" class=\"yoast-schema-graph\">{\"@context\":\"https:\\\/\\\/schema.org\",\"@graph\":[{\"@type\":\"WebPage\",\"@id\":\"https:\\\/\\\/repliquemangacine.fr\\\/coutellerie\\\/couteau-pliant-dore-sck\\\/\",\"url\":\"https:\\\/\\\/repliquemangacine.fr\\\/coutellerie\\\/couteau-pliant-dore-sck\\\/\",\"name\":\"Couteau Pliant dor\u00e9 SCK | R\u00e9plique Manga Cin\u00e9\",\"isPartOf\":{\"@id\":\"https:\\\/\\\/repliquemangacine.fr\\\/#website\"},\"primaryImageOfPage\":{\"@id\":\"https:\\\/\\\/repliquemangacine.fr\\\/coutellerie\\\/couteau-pliant-dore-sck\\\/#primaryimage\"},\"image\":{\"@id\":\"https:\\\/\\\/repliquemangacine.fr\\\/coutellerie\\\/couteau-pliant-dore-sck\\\/#primaryimage\"},\"thumbnailUrl\":\"https:\\\/\\\/repliquemangacine.fr\\\/wp-content\\\/uploads\\\/2025\\\/07\\\/Couteau-ouverture-assiste-SCK.jpg\",\"datePublished\":\"2025-07-30T13:38:54+00:00\",\"dateModified\":\"2026-02-04T10:15:58+00:00\",\"description\":\"D\u00e9couvrez le Couteau Pliant dor\u00e9 SCK : lame inox \u00e0 ouverture assist\u00e9e, design noir et dor\u00e9, clip ceinture int\u00e9gr\u00e9. \u00c9l\u00e9gant, compact et id\u00e9al en collection.\",\"breadcrumb\":{\"@id\":\"https:\\\/\\\/repliquemangacine.fr\\\/coutellerie\\\/couteau-pliant-dore-sck\\\/#breadcrumb\"},\"inLanguage\":\"es\",\"potentialAction\":[{\"@type\":\"ReadAction\",\"target\":[\"https:\\\/\\\/repliquemangacine.fr\\\/coutellerie\\\/couteau-pliant-dore-sck\\\/\"]}]},{\"@type\":\"ImageObject\",\"inLanguage\":\"es\",\"@id\":\"https:\\\/\\\/repliquemangacine.fr\\\/coutellerie\\\/couteau-pliant-dore-sck\\\/#primaryimage\",\"url\":\"https:\\\/\\\/repliquemangacine.fr\\\/wp-content\\\/uploads\\\/2025\\\/07\\\/Couteau-ouverture-assiste-SCK.jpg\",\"contentUrl\":\"https:\\\/\\\/repliquemangacine.fr\\\/wp-content\\\/uploads\\\/2025\\\/07\\\/Couteau-ouverture-assiste-SCK.jpg\",\"width\":700,\"height\":700,\"caption\":\"Couteau-ouverture-assist\u00e9-SCK\"},{\"@type\":\"BreadcrumbList\",\"@id\":\"https:\\\/\\\/repliquemangacine.fr\\\/coutellerie\\\/couteau-pliant-dore-sck\\\/#breadcrumb\",\"itemListElement\":[{\"@type\":\"ListItem\",\"position\":1,\"name\":\"Accueil\",\"item\":\"https:\\\/\\\/repliquemangacine.fr\\\/\"},{\"@type\":\"ListItem\",\"position\":2,\"name\":\"Produits\",\"item\":\"https:\\\/\\\/repliquemangacine.fr\\\/boutique\\\/\"},{\"@type\":\"ListItem\",\"position\":3,\"name\":\"Couteau Pliant dor\u00e9 SCK\"}]},{\"@type\":\"WebSite\",\"@id\":\"https:\\\/\\\/repliquemangacine.fr\\\/#website\",\"url\":\"https:\\\/\\\/repliquemangacine.fr\\\/\",\"name\":\"R\u00e9plique Manga Cin\u00e9\",\"description\":\"\",\"publisher\":{\"@id\":\"https:\\\/\\\/repliquemangacine.fr\\\/#organization\"},\"potentialAction\":[{\"@type\":\"SearchAction\",\"target\":{\"@type\":\"EntryPoint\",\"urlTemplate\":\"https:\\\/\\\/repliquemangacine.fr\\\/?s={search_term_string}\"},\"query-input\":{\"@type\":\"PropertyValueSpecification\",\"valueRequired\":true,\"valueName\":\"search_term_string\"}}],\"inLanguage\":\"es\"},{\"@type\":\"Organization\",\"@id\":\"https:\\\/\\\/repliquemangacine.fr\\\/#organization\",\"name\":\"R\u00e9plique Manga Cin\u00e9\",\"url\":\"https:\\\/\\\/repliquemangacine.fr\\\/\",\"logo\":{\"@type\":\"ImageObject\",\"inLanguage\":\"es\",\"@id\":\"https:\\\/\\\/repliquemangacine.fr\\\/#\\\/schema\\\/logo\\\/image\\\/\",\"url\":\"https:\\\/\\\/repliquemangacine.fr\\\/wp-content\\\/uploads\\\/2023\\\/10\\\/RMC-500250.png\",\"contentUrl\":\"https:\\\/\\\/repliquemangacine.fr\\\/wp-content\\\/uploads\\\/2023\\\/10\\\/RMC-500250.png\",\"width\":500,\"height\":250,\"caption\":\"R\u00e9plique Manga Cin\u00e9\"},\"image\":{\"@id\":\"https:\\\/\\\/repliquemangacine.fr\\\/#\\\/schema\\\/logo\\\/image\\\/\"},\"sameAs\":[\"https:\\\/\\\/www.facebook.com\\\/RepliqueMangaCine\",\"https:\\\/\\\/www.instagram.com\\\/repliquemangacine.fr\\\/\"]}]}<\/script>\n<!-- \/ Yoast SEO plugin. -->","yoast_head_json":{"title":"Cuchillo plegable SCK Gold | R\u00e9plique Manga Cin\u00e9","description":"Descubra la navaja plegable SCK Golden: hoja de acero inoxidable con apertura asistida, dise\u00f1o negro y dorado, clip para cintur\u00f3n integrado. Elegante, compacta e ideal para colecciones.","robots":{"index":"index","follow":"follow","max-snippet":"max-snippet:-1","max-image-preview":"max-image-preview:large","max-video-preview":"max-video-preview:-1"},"canonical":"https:\/\/repliquemangacine.fr\/es\/cubiertos\/cuchillo-plegable-sck\/","og_locale":"es_ES","og_type":"article","og_title":"Couteau Pliant dor\u00e9 SCK | R\u00e9plique Manga Cin\u00e9","og_description":"D\u00e9couvrez le Couteau Pliant dor\u00e9 SCK : lame inox \u00e0 ouverture assist\u00e9e, design noir et dor\u00e9, clip ceinture int\u00e9gr\u00e9. \u00c9l\u00e9gant, compact et id\u00e9al en collection.","og_url":"https:\/\/repliquemangacine.fr\/es\/cubiertos\/cuchillo-plegable-sck\/","og_site_name":"R\u00e9plique Manga Cin\u00e9","article_publisher":"https:\/\/www.facebook.com\/RepliqueMangaCine","article_modified_time":"2026-02-04T10:15:58+00:00","og_image":[{"width":700,"height":700,"url":"https:\/\/repliquemangacine.fr\/wp-content\/uploads\/2025\/07\/Couteau-ouverture-assiste-SCK.jpg","type":"image\/jpeg"}],"twitter_card":"summary_large_image","twitter_misc":{"Tiempo de lectura":"3 minutos"},"schema":{"@context":"https:\/\/schema.org","@graph":[{"@type":"WebPage","@id":"https:\/\/repliquemangacine.fr\/coutellerie\/couteau-pliant-dore-sck\/","url":"https:\/\/repliquemangacine.fr\/coutellerie\/couteau-pliant-dore-sck\/","name":"Cuchillo plegable SCK Gold | R\u00e9plique Manga Cin\u00e9","isPartOf":{"@id":"https:\/\/repliquemangacine.fr\/#website"},"primaryImageOfPage":{"@id":"https:\/\/repliquemangacine.fr\/coutellerie\/couteau-pliant-dore-sck\/#primaryimage"},"image":{"@id":"https:\/\/repliquemangacine.fr\/coutellerie\/couteau-pliant-dore-sck\/#primaryimage"},"thumbnailUrl":"https:\/\/repliquemangacine.fr\/wp-content\/uploads\/2025\/07\/Couteau-ouverture-assiste-SCK.jpg","datePublished":"2025-07-30T13:38:54+00:00","dateModified":"2026-02-04T10:15:58+00:00","description":"Descubra la navaja plegable SCK Golden: hoja de acero inoxidable con apertura asistida, dise\u00f1o negro y dorado, clip para cintur\u00f3n integrado. Elegante, compacta e ideal para colecciones.","breadcrumb":{"@id":"https:\/\/repliquemangacine.fr\/coutellerie\/couteau-pliant-dore-sck\/#breadcrumb"},"inLanguage":"es","potentialAction":[{"@type":"ReadAction","target":["https:\/\/repliquemangacine.fr\/coutellerie\/couteau-pliant-dore-sck\/"]}]},{"@type":"ImageObject","inLanguage":"es","@id":"https:\/\/repliquemangacine.fr\/coutellerie\/couteau-pliant-dore-sck\/#primaryimage","url":"https:\/\/repliquemangacine.fr\/wp-content\/uploads\/2025\/07\/Couteau-ouverture-assiste-SCK.jpg","contentUrl":"https:\/\/repliquemangacine.fr\/wp-content\/uploads\/2025\/07\/Couteau-ouverture-assiste-SCK.jpg","width":700,"height":700,"caption":"Couteau-ouverture-assist\u00e9-SCK"},{"@type":"BreadcrumbList","@id":"https:\/\/repliquemangacine.fr\/coutellerie\/couteau-pliant-dore-sck\/#breadcrumb","itemListElement":[{"@type":"ListItem","position":1,"name":"Accueil","item":"https:\/\/repliquemangacine.fr\/"},{"@type":"ListItem","position":2,"name":"Produits","item":"https:\/\/repliquemangacine.fr\/boutique\/"},{"@type":"ListItem","position":3,"name":"Couteau Pliant dor\u00e9 SCK"}]},{"@type":"WebSite","@id":"https:\/\/repliquemangacine.fr\/#website","url":"https:\/\/repliquemangacine.fr\/","name":"R\u00e9plique Manga Cin\u00e9","description":"","publisher":{"@id":"https:\/\/repliquemangacine.fr\/#organization"},"potentialAction":[{"@type":"SearchAction","target":{"@type":"EntryPoint","urlTemplate":"https:\/\/repliquemangacine.fr\/?s={search_term_string}"},"query-input":{"@type":"PropertyValueSpecification","valueRequired":true,"valueName":"search_term_string"}}],"inLanguage":"es"},{"@type":"Organization","@id":"https:\/\/repliquemangacine.fr\/#organization","name":"R\u00e9plique Manga Cin\u00e9","url":"https:\/\/repliquemangacine.fr\/","logo":{"@type":"ImageObject","inLanguage":"es","@id":"https:\/\/repliquemangacine.fr\/#\/schema\/logo\/image\/","url":"https:\/\/repliquemangacine.fr\/wp-content\/uploads\/2023\/10\/RMC-500250.png","contentUrl":"https:\/\/repliquemangacine.fr\/wp-content\/uploads\/2023\/10\/RMC-500250.png","width":500,"height":250,"caption":"R\u00e9plique Manga Cin\u00e9"},"image":{"@id":"https:\/\/repliquemangacine.fr\/#\/schema\/logo\/image\/"},"sameAs":["https:\/\/www.facebook.com\/RepliqueMangaCine","https:\/\/www.instagram.com\/repliquemangacine.fr\/"]}]}},"_links":{"self":[{"href":"https:\/\/repliquemangacine.fr\/es\/wp-json\/wp\/v2\/product\/86949","targetHints":{"allow":["GET"]}}],"collection":[{"href":"https:\/\/repliquemangacine.fr\/es\/wp-json\/wp\/v2\/product"}],"about":[{"href":"https:\/\/repliquemangacine.fr\/es\/wp-json\/wp\/v2\/types\/product"}],"wp:featuredmedia":[{"embeddable":true,"href":"https:\/\/repliquemangacine.fr\/es\/wp-json\/wp\/v2\/media\/86952"}],"wp:attachment":[{"href":"https:\/\/repliquemangacine.fr\/es\/wp-json\/wp\/v2\/media?parent=86949"}],"wp:term":[{"taxonomy":"product_brand","embeddable":true,"href":"https:\/\/repliquemangacine.fr\/es\/wp-json\/wp\/v2\/product_brand?post=86949"},{"taxonomy":"product_cat","embeddable":true,"href":"https:\/\/repliquemangacine.fr\/es\/wp-json\/wp\/v2\/product_cat?post=86949"},{"taxonomy":"product_tag","embeddable":true,"href":"https:\/\/repliquemangacine.fr\/es\/wp-json\/wp\/v2\/product_tag?post=86949"}],"curies":[{"name":"wp","href":"https:\/\/api.w.org\/{rel}","templated":true}]}}