





{"id":86944,"date":"2025-07-30T14:28:33","date_gmt":"2025-07-30T12:28:33","guid":{"rendered":"https:\/\/repliquemangacine.fr\/?post_type=product&#038;p=86944"},"modified":"2026-04-18T22:28:45","modified_gmt":"2026-04-18T20:28:45","slug":"beatrix-kiddo-katana-de-madera","status":"publish","type":"product","link":"https:\/\/repliquemangacine.fr\/es\/katana-kill-bill\/katana-de-beatrix-kiddo-en-bois\/","title":{"rendered":"Katana de madera Beatrix Kiddo"},"content":{"rendered":"<h2>La katana de madera de Beatrix Kiddo: una r\u00e9plica fiel e impactante<\/h2>\n<p>Empecemos por la Katana de <a href=\"https:\/\/killbill.fandom.com\/wiki\/Beatrix_Kiddo\" target=\"_blank\" rel=\"noopener noreferrer\">B\u00e9atrix Kiddo<\/a> de madera. Esta katana est\u00e1 inspirada en la pel\u00edcula Kill Bill.<br \/>\nEn primer lugar, el famoso s\u00edmbolo del herrero Hattori Hanzo est\u00e1 grabado en la hoja y en la vaina lacada en negro.<br \/>\nAunque la hoja es de madera, su acabado met\u00e1lico crea un aspecto realista, perfecto para exposiciones o cosplay.<br \/>\nEl trenzado blanco y negro de la empu\u00f1adura sigue el estilo tradicional japon\u00e9s de las aut\u00e9nticas katanas samur\u00e1i.<br \/>\nLa protecci\u00f3n met\u00e1lica calada de la tsuba contrasta perfectamente con el dise\u00f1o general, a\u00f1adiendo cach\u00e9 al producto.<br \/>\nAdem\u00e1s, gracias a su robusta construcci\u00f3n, resistir\u00e1 bien el paso del tiempo, incluso el uso frecuente.<br \/>\nCon esta r\u00e9plica, podr\u00e1 encarnar a La Novia con estilo, sin renunciar a la fidelidad y la est\u00e9tica de la espada.<\/p>\n<h2>Una r\u00e9plica simb\u00f3lica: la katana de la venganza ahora a tu alcance<\/h2>\n<p>En Kill Bill, la katana de Beatrix Kiddo es mucho m\u00e1s que un arma: es un s\u00edmbolo de venganza y justicia.<br \/>\nSe dice que esta espada, forjada por Hattori Hanzo, es una de las mejores jam\u00e1s creadas en el universo de la pel\u00edcula.<br \/>\nIncluso en madera, esta r\u00e9plica conserva su aura legendaria gracias a unos acabados cuidadosamente inspirados en el original.<br \/>\nTe permite revivir las escenas de culto de la pel\u00edcula mientras decoras tu casa con un pedazo de personaje.<br \/>\nAdem\u00e1s, su dise\u00f1o ligero lo convierte en el accesorio preferido de los cosplayers que buscan combinar estilo y practicidad.<br \/>\nA diferencia de las versiones met\u00e1licas, este list\u00f3n de madera puede utilizarse en convenciones y actos p\u00fablicos sin restricciones.<br \/>\nSu asombroso efecto visual llama la atenci\u00f3n al instante e impresionar\u00e1 a todos los aficionados a las r\u00e9plicas fieles de pel\u00edculas.<br \/>\nDe este modo, se convierte en una pieza de coleccionista por derecho propio, accesible sin peligro, pero cargada de un fuerte simbolismo.<\/p>\n<h2>Repliquemangacine: los mejores accesorios para mantener y mejorar su katana<\/h2>\n<p>Visite <strong>Repliquemangacine<\/strong>Adem\u00e1s de r\u00e9plicas de espadas, tambi\u00e9n ofrecemos accesorios esenciales para los entusiastas de las espadas.<br \/>\nPara una exposici\u00f3n elegante, descubra nuestros soportes para katanas de madera o de pared.<br \/>\nTambi\u00e9n ofrecemos cinturones katana, ideales para convenciones, sesiones de entrenamiento o cosplay.<br \/>\nTambi\u00e9n encontrar\u00e1 aceites de mantenimiento, perfectos para que las cuchillas de acero eviten la oxidaci\u00f3n y conserven su brillo.<br \/>\nVisite nuestra p\u00e1gina dedicada <a href=\"https:\/\/repliquemangacine.fr\/es\/accesorios-para-katanas\/\" target=\"_blank\" rel=\"noopener noreferrer\">Accesorios para katanas<\/a>Encontrar\u00e1 todo lo que necesita para una colecci\u00f3n completa.<br \/>\nCon estos elementos, puede transformar su sencilla espada decorativa en una pieza viva y bien cuidada, lista para impresionar.<br \/>\nEn <strong>Repliquemangacine<\/strong>Cada detalle cuenta para que su experiencia sea lo m\u00e1s fiel e inmersiva posible.<\/p>","protected":false},"excerpt":{"rendered":"<p>Katana de madera Beatrix Kiddo<\/p>\n<p><strong>Caracter\u00edsticas :\u00a0<\/strong><\/p>\n<ul>\n<li>Hoja: madera pintada imitando acero, con hamon (borde ondulado) y el s\u00edmbolo grabado del herrero Hattori Hanz\u014d (el m\u00edtico le\u00f3n).<\/li>\n<li>Tsuba (guarda): metal negro grabado con recortes triangulares, acabado martillado.<\/li>\n<li>Vaina (saya): laca negra brillante, decorada con el mismo s\u00edmbolo dorado de Hanz\u014d.<\/li>\n<li>Tsuka (empu\u00f1adura): ribete negro con trenzado blanco al estilo tradicional de las katanas.<\/li>\n<li>Uso: decoraci\u00f3n, cosplay o entrenamiento ligero (sin corte).<\/li>\n<li>Longitud total: 102 cm<\/li>\n<li>Longitud de la hoja de madera 70 cm<\/li>\n<li>Peso: 475 gramos.<\/li>\n<\/ul>","protected":false},"featured_media":86945,"template":"","meta":[],"product_brand":[],"product_cat":[26,32,71],"product_tag":[],"class_list":{"0":"post-86944","1":"product","2":"type-product","3":"status-publish","4":"has-post-thumbnail","6":"product_cat-katana-epee","7":"product_cat-katana-decoration","8":"product_cat-katana-kill-bill","10":"first","11":"outofstock","12":"taxable","13":"shipping-taxable","14":"purchasable","15":"product-type-simple"},"yoast_head":"<!-- This site is optimized with the Yoast SEO plugin v27.4 - https:\/\/yoast.com\/product\/yoast-seo-wordpress\/ -->\n<title>Katana de B\u00e9atrix Kiddo en bois - Kill Bill | R\u00e9plique Manga Cin\u00e9<\/title>\n<meta name=\"description\" content=\"Plongez dans l\u2019univers de Kill Bill avec le Katana de B\u00e9atrix Kiddo en bois, symbole Hattori Hanzo grav\u00e9, id\u00e9ale pour cosplay,ou collection.\" \/>\n<meta name=\"robots\" content=\"index, follow, max-snippet:-1, max-image-preview:large, max-video-preview:-1\" \/>\n<link rel=\"canonical\" href=\"https:\/\/repliquemangacine.fr\/es\/katana-kill-bill\/beatrix-kiddo-katana-de-madera\/\" \/>\n<meta property=\"og:locale\" content=\"es_ES\" \/>\n<meta property=\"og:type\" content=\"article\" \/>\n<meta property=\"og:title\" content=\"Katana de B\u00e9atrix Kiddo en bois - Kill Bill | R\u00e9plique Manga Cin\u00e9\" \/>\n<meta property=\"og:description\" content=\"Plongez dans l\u2019univers de Kill Bill avec le Katana de B\u00e9atrix Kiddo en bois, symbole Hattori Hanzo grav\u00e9, id\u00e9ale pour cosplay,ou collection.\" \/>\n<meta property=\"og:url\" content=\"https:\/\/repliquemangacine.fr\/es\/katana-kill-bill\/beatrix-kiddo-katana-de-madera\/\" \/>\n<meta property=\"og:site_name\" content=\"R\u00e9plique Manga Cin\u00e9\" \/>\n<meta property=\"article:publisher\" content=\"https:\/\/www.facebook.com\/RepliqueMangaCine\" \/>\n<meta property=\"article:modified_time\" content=\"2026-04-18T20:28:45+00:00\" \/>\n<meta property=\"og:image\" content=\"https:\/\/repliquemangacine.fr\/wp-content\/uploads\/2025\/07\/Katana-bois-Beatrix-Kill-Bill.jpg\" \/>\n\t<meta property=\"og:image:width\" content=\"700\" \/>\n\t<meta property=\"og:image:height\" content=\"700\" \/>\n\t<meta property=\"og:image:type\" content=\"image\/jpeg\" \/>\n<meta name=\"twitter:card\" content=\"summary_large_image\" \/>\n<meta name=\"twitter:label1\" content=\"Tiempo de lectura\" \/>\n\t<meta name=\"twitter:data1\" content=\"3 minutos\" \/>\n<script type=\"application\/ld+json\" class=\"yoast-schema-graph\">{\"@context\":\"https:\\\/\\\/schema.org\",\"@graph\":[{\"@type\":\"WebPage\",\"@id\":\"https:\\\/\\\/repliquemangacine.fr\\\/katana-kill-bill\\\/katana-de-beatrix-kiddo-en-bois\\\/\",\"url\":\"https:\\\/\\\/repliquemangacine.fr\\\/katana-kill-bill\\\/katana-de-beatrix-kiddo-en-bois\\\/\",\"name\":\"Katana de B\u00e9atrix Kiddo en bois - Kill Bill | R\u00e9plique Manga Cin\u00e9\",\"isPartOf\":{\"@id\":\"https:\\\/\\\/repliquemangacine.fr\\\/#website\"},\"primaryImageOfPage\":{\"@id\":\"https:\\\/\\\/repliquemangacine.fr\\\/katana-kill-bill\\\/katana-de-beatrix-kiddo-en-bois\\\/#primaryimage\"},\"image\":{\"@id\":\"https:\\\/\\\/repliquemangacine.fr\\\/katana-kill-bill\\\/katana-de-beatrix-kiddo-en-bois\\\/#primaryimage\"},\"thumbnailUrl\":\"https:\\\/\\\/repliquemangacine.fr\\\/wp-content\\\/uploads\\\/2025\\\/07\\\/Katana-bois-Beatrix-Kill-Bill.jpg\",\"datePublished\":\"2025-07-30T12:28:33+00:00\",\"dateModified\":\"2026-04-18T20:28:45+00:00\",\"description\":\"Plongez dans l\u2019univers de Kill Bill avec le Katana de B\u00e9atrix Kiddo en bois, symbole Hattori Hanzo grav\u00e9, id\u00e9ale pour cosplay,ou collection.\",\"breadcrumb\":{\"@id\":\"https:\\\/\\\/repliquemangacine.fr\\\/katana-kill-bill\\\/katana-de-beatrix-kiddo-en-bois\\\/#breadcrumb\"},\"inLanguage\":\"es\",\"potentialAction\":[{\"@type\":\"ReadAction\",\"target\":[\"https:\\\/\\\/repliquemangacine.fr\\\/katana-kill-bill\\\/katana-de-beatrix-kiddo-en-bois\\\/\"]}]},{\"@type\":\"ImageObject\",\"inLanguage\":\"es\",\"@id\":\"https:\\\/\\\/repliquemangacine.fr\\\/katana-kill-bill\\\/katana-de-beatrix-kiddo-en-bois\\\/#primaryimage\",\"url\":\"https:\\\/\\\/repliquemangacine.fr\\\/wp-content\\\/uploads\\\/2025\\\/07\\\/Katana-bois-Beatrix-Kill-Bill.jpg\",\"contentUrl\":\"https:\\\/\\\/repliquemangacine.fr\\\/wp-content\\\/uploads\\\/2025\\\/07\\\/Katana-bois-Beatrix-Kill-Bill.jpg\",\"width\":700,\"height\":700,\"caption\":\"Katana-bois-B\u00e9atrix---Kill-Bill\"},{\"@type\":\"BreadcrumbList\",\"@id\":\"https:\\\/\\\/repliquemangacine.fr\\\/katana-kill-bill\\\/katana-de-beatrix-kiddo-en-bois\\\/#breadcrumb\",\"itemListElement\":[{\"@type\":\"ListItem\",\"position\":1,\"name\":\"Accueil\",\"item\":\"https:\\\/\\\/repliquemangacine.fr\\\/\"},{\"@type\":\"ListItem\",\"position\":2,\"name\":\"Produits\",\"item\":\"https:\\\/\\\/repliquemangacine.fr\\\/boutique\\\/\"},{\"@type\":\"ListItem\",\"position\":3,\"name\":\"Katana de B\u00e9atrix Kiddo en bois\"}]},{\"@type\":\"WebSite\",\"@id\":\"https:\\\/\\\/repliquemangacine.fr\\\/#website\",\"url\":\"https:\\\/\\\/repliquemangacine.fr\\\/\",\"name\":\"R\u00e9plique Manga Cin\u00e9\",\"description\":\"\",\"publisher\":{\"@id\":\"https:\\\/\\\/repliquemangacine.fr\\\/#organization\"},\"potentialAction\":[{\"@type\":\"SearchAction\",\"target\":{\"@type\":\"EntryPoint\",\"urlTemplate\":\"https:\\\/\\\/repliquemangacine.fr\\\/?s={search_term_string}\"},\"query-input\":{\"@type\":\"PropertyValueSpecification\",\"valueRequired\":true,\"valueName\":\"search_term_string\"}}],\"inLanguage\":\"es\"},{\"@type\":\"Organization\",\"@id\":\"https:\\\/\\\/repliquemangacine.fr\\\/#organization\",\"name\":\"R\u00e9plique Manga Cin\u00e9\",\"url\":\"https:\\\/\\\/repliquemangacine.fr\\\/\",\"logo\":{\"@type\":\"ImageObject\",\"inLanguage\":\"es\",\"@id\":\"https:\\\/\\\/repliquemangacine.fr\\\/#\\\/schema\\\/logo\\\/image\\\/\",\"url\":\"https:\\\/\\\/repliquemangacine.fr\\\/wp-content\\\/uploads\\\/2023\\\/10\\\/RMC-500250.png\",\"contentUrl\":\"https:\\\/\\\/repliquemangacine.fr\\\/wp-content\\\/uploads\\\/2023\\\/10\\\/RMC-500250.png\",\"width\":500,\"height\":250,\"caption\":\"R\u00e9plique Manga Cin\u00e9\"},\"image\":{\"@id\":\"https:\\\/\\\/repliquemangacine.fr\\\/#\\\/schema\\\/logo\\\/image\\\/\"},\"sameAs\":[\"https:\\\/\\\/www.facebook.com\\\/RepliqueMangaCine\",\"https:\\\/\\\/www.instagram.com\\\/repliquemangacine.fr\\\/\"]}]}<\/script>\n<!-- \/ Yoast SEO plugin. -->","yoast_head_json":{"title":"Katana de madera de Beatrix Kiddo - Kill Bill | R\u00e9plique Manga Cin\u00e9","description":"Sum\u00e9rgete en el mundo de Kill Bill con la Katana de madera de Beatrix Kiddo con el s\u00edmbolo de Hattori Hanzo grabado, ideal para cosplay o coleccionismo.","robots":{"index":"index","follow":"follow","max-snippet":"max-snippet:-1","max-image-preview":"max-image-preview:large","max-video-preview":"max-video-preview:-1"},"canonical":"https:\/\/repliquemangacine.fr\/es\/katana-kill-bill\/beatrix-kiddo-katana-de-madera\/","og_locale":"es_ES","og_type":"article","og_title":"Katana de B\u00e9atrix Kiddo en bois - Kill Bill | R\u00e9plique Manga Cin\u00e9","og_description":"Plongez dans l\u2019univers de Kill Bill avec le Katana de B\u00e9atrix Kiddo en bois, symbole Hattori Hanzo grav\u00e9, id\u00e9ale pour cosplay,ou collection.","og_url":"https:\/\/repliquemangacine.fr\/es\/katana-kill-bill\/beatrix-kiddo-katana-de-madera\/","og_site_name":"R\u00e9plique Manga Cin\u00e9","article_publisher":"https:\/\/www.facebook.com\/RepliqueMangaCine","article_modified_time":"2026-04-18T20:28:45+00:00","og_image":[{"width":700,"height":700,"url":"https:\/\/repliquemangacine.fr\/wp-content\/uploads\/2025\/07\/Katana-bois-Beatrix-Kill-Bill.jpg","type":"image\/jpeg"}],"twitter_card":"summary_large_image","twitter_misc":{"Tiempo de lectura":"3 minutos"},"schema":{"@context":"https:\/\/schema.org","@graph":[{"@type":"WebPage","@id":"https:\/\/repliquemangacine.fr\/katana-kill-bill\/katana-de-beatrix-kiddo-en-bois\/","url":"https:\/\/repliquemangacine.fr\/katana-kill-bill\/katana-de-beatrix-kiddo-en-bois\/","name":"Katana de madera de Beatrix Kiddo - Kill Bill | R\u00e9plique Manga Cin\u00e9","isPartOf":{"@id":"https:\/\/repliquemangacine.fr\/#website"},"primaryImageOfPage":{"@id":"https:\/\/repliquemangacine.fr\/katana-kill-bill\/katana-de-beatrix-kiddo-en-bois\/#primaryimage"},"image":{"@id":"https:\/\/repliquemangacine.fr\/katana-kill-bill\/katana-de-beatrix-kiddo-en-bois\/#primaryimage"},"thumbnailUrl":"https:\/\/repliquemangacine.fr\/wp-content\/uploads\/2025\/07\/Katana-bois-Beatrix-Kill-Bill.jpg","datePublished":"2025-07-30T12:28:33+00:00","dateModified":"2026-04-18T20:28:45+00:00","description":"Sum\u00e9rgete en el mundo de Kill Bill con la Katana de madera de Beatrix Kiddo con el s\u00edmbolo de Hattori Hanzo grabado, ideal para cosplay o coleccionismo.","breadcrumb":{"@id":"https:\/\/repliquemangacine.fr\/katana-kill-bill\/katana-de-beatrix-kiddo-en-bois\/#breadcrumb"},"inLanguage":"es","potentialAction":[{"@type":"ReadAction","target":["https:\/\/repliquemangacine.fr\/katana-kill-bill\/katana-de-beatrix-kiddo-en-bois\/"]}]},{"@type":"ImageObject","inLanguage":"es","@id":"https:\/\/repliquemangacine.fr\/katana-kill-bill\/katana-de-beatrix-kiddo-en-bois\/#primaryimage","url":"https:\/\/repliquemangacine.fr\/wp-content\/uploads\/2025\/07\/Katana-bois-Beatrix-Kill-Bill.jpg","contentUrl":"https:\/\/repliquemangacine.fr\/wp-content\/uploads\/2025\/07\/Katana-bois-Beatrix-Kill-Bill.jpg","width":700,"height":700,"caption":"Katana-bois-B\u00e9atrix---Kill-Bill"},{"@type":"BreadcrumbList","@id":"https:\/\/repliquemangacine.fr\/katana-kill-bill\/katana-de-beatrix-kiddo-en-bois\/#breadcrumb","itemListElement":[{"@type":"ListItem","position":1,"name":"Accueil","item":"https:\/\/repliquemangacine.fr\/"},{"@type":"ListItem","position":2,"name":"Produits","item":"https:\/\/repliquemangacine.fr\/boutique\/"},{"@type":"ListItem","position":3,"name":"Katana de B\u00e9atrix Kiddo en bois"}]},{"@type":"WebSite","@id":"https:\/\/repliquemangacine.fr\/#website","url":"https:\/\/repliquemangacine.fr\/","name":"R\u00e9plique Manga Cin\u00e9","description":"","publisher":{"@id":"https:\/\/repliquemangacine.fr\/#organization"},"potentialAction":[{"@type":"SearchAction","target":{"@type":"EntryPoint","urlTemplate":"https:\/\/repliquemangacine.fr\/?s={search_term_string}"},"query-input":{"@type":"PropertyValueSpecification","valueRequired":true,"valueName":"search_term_string"}}],"inLanguage":"es"},{"@type":"Organization","@id":"https:\/\/repliquemangacine.fr\/#organization","name":"R\u00e9plique Manga Cin\u00e9","url":"https:\/\/repliquemangacine.fr\/","logo":{"@type":"ImageObject","inLanguage":"es","@id":"https:\/\/repliquemangacine.fr\/#\/schema\/logo\/image\/","url":"https:\/\/repliquemangacine.fr\/wp-content\/uploads\/2023\/10\/RMC-500250.png","contentUrl":"https:\/\/repliquemangacine.fr\/wp-content\/uploads\/2023\/10\/RMC-500250.png","width":500,"height":250,"caption":"R\u00e9plique Manga Cin\u00e9"},"image":{"@id":"https:\/\/repliquemangacine.fr\/#\/schema\/logo\/image\/"},"sameAs":["https:\/\/www.facebook.com\/RepliqueMangaCine","https:\/\/www.instagram.com\/repliquemangacine.fr\/"]}]}},"_links":{"self":[{"href":"https:\/\/repliquemangacine.fr\/es\/wp-json\/wp\/v2\/product\/86944","targetHints":{"allow":["GET"]}}],"collection":[{"href":"https:\/\/repliquemangacine.fr\/es\/wp-json\/wp\/v2\/product"}],"about":[{"href":"https:\/\/repliquemangacine.fr\/es\/wp-json\/wp\/v2\/types\/product"}],"wp:featuredmedia":[{"embeddable":true,"href":"https:\/\/repliquemangacine.fr\/es\/wp-json\/wp\/v2\/media\/86945"}],"wp:attachment":[{"href":"https:\/\/repliquemangacine.fr\/es\/wp-json\/wp\/v2\/media?parent=86944"}],"wp:term":[{"taxonomy":"product_brand","embeddable":true,"href":"https:\/\/repliquemangacine.fr\/es\/wp-json\/wp\/v2\/product_brand?post=86944"},{"taxonomy":"product_cat","embeddable":true,"href":"https:\/\/repliquemangacine.fr\/es\/wp-json\/wp\/v2\/product_cat?post=86944"},{"taxonomy":"product_tag","embeddable":true,"href":"https:\/\/repliquemangacine.fr\/es\/wp-json\/wp\/v2\/product_tag?post=86944"}],"curies":[{"name":"wp","href":"https:\/\/api.w.org\/{rel}","templated":true}]}}