





{"id":86912,"date":"2025-07-29T16:25:53","date_gmt":"2025-07-29T14:25:53","guid":{"rendered":"https:\/\/repliquemangacine.fr\/?post_type=product&#038;p=86912"},"modified":"2026-02-19T11:27:47","modified_gmt":"2026-02-19T10:27:47","slug":"katana-el-ultimo-samurai","status":"publish","type":"product","link":"https:\/\/repliquemangacine.fr\/es\/katanas-le-dernier-samourai\/katana-le-dernier-samourai\/","title":{"rendered":"Katana El \u00faltimo samur\u00e1i"},"content":{"rendered":"<h2>Una katana inspirada en El \u00faltimo samur\u00e1i, fiel y refinada en cada detalle<\/h2>\n<p>Empecemos por esta katana decorativa, que rinde homenaje al personaje de Algren, interpretado por Tom Cruise en <a href=\"https:\/\/fr.wikipedia.org\/wiki\/Le_Dernier_Samoura%C3%AF\" target=\"_blank\" rel=\"noopener noreferrer\">El \u00faltimo samur\u00e1i<\/a>.<br class=\"yoast-text-mark\" \/>En primer lugar, con una hoja de madera plateada, grabada con s\u00edmbolos japoneses, respeta la elegancia y el rigor de las armas ancestrales.<br \/>\nLa funda lacada en negro, decorada con inscripciones blancas, evoca la nobleza, el dominio y el respeto del c\u00f3digo Bushido.<br \/>\nAdem\u00e1s, su guarda met\u00e1lica grabada con un drag\u00f3n simboliza la fuerza interior, la protecci\u00f3n y el honor de los legendarios samur\u00e1is.<br \/>\nCon una longitud aproximada de 102 cm, esta katana ofrece un equilibrio perfecto para la decoraci\u00f3n, el cosplay o la colecci\u00f3n personal.<br \/>\nEl mango est\u00e1 trenzado de forma tradicional, lo que garantiza un aspecto visual impresionante, fiel a las espadas de los guerreros japoneses.<br \/>\nGracias a su dise\u00f1o en madera, es ideal para los apasionados que desean exhibir una pieza emblem\u00e1tica sin peligro de cortes.<\/p>\n<h2>\u00bfPor qu\u00e9 esta katana decorativa es una pieza \u00fanica e imprescindible?<\/h2>\n<p>Esta katana de madera no es s\u00f3lo decorativa, sino que encarna una filosof\u00eda, un estilo de vida y una \u00e9poca.<br class=\"yoast-text-mark\" \/>La pel\u00edcula El \u00faltimo samur\u00e1i destaca la transici\u00f3n entre tradici\u00f3n y modernidad, perfectamente representada en esta fiel r\u00e9plica.<br class=\"yoast-text-mark\" \/>Gracias a su acabado de calidad, esta espada se convertir\u00e1 r\u00e1pidamente en el centro de atenci\u00f3n de cualquier decoraci\u00f3n de tem\u00e1tica japonesa o cinematogr\u00e1fica.<br class=\"yoast-text-mark\" \/>Al exponerla en su propia casa, no s\u00f3lo demuestra buen gusto, sino tambi\u00e9n admiraci\u00f3n por la historia y Jap\u00f3n.<br class=\"yoast-text-mark\" \/>Adem\u00e1s, su construcci\u00f3n en madera la hace ideal para cosplaying, fotograf\u00eda o ambientes zen en el hogar.<br class=\"yoast-text-mark\" \/>Mucha gente busca objetos con significado, y esta katana es la respuesta perfecta a ese deseo tan arraigado.<br class=\"yoast-text-mark\" \/>Este modelo \u00fanico combina un dise\u00f1o refinado con un mensaje potente, lo que lo convierte en una opci\u00f3n excelente para los entusiastas m\u00e1s exigentes.<\/p>\n<h2>Repliquemangacine: la referencia para r\u00e9plicas de pel\u00edculas, manga y armas hist\u00f3ricas<\/h2>\n<p>Visite <strong>Repliquemangacine<\/strong>explora un mundo repleto de r\u00e9plicas de katanas, espadas, armas antiguas y objetos exclusivos para coleccionistas.<br class=\"yoast-text-mark\" \/>Entre las m\u00e1s vendidas se encuentran las katanas LED de Ame no Habakiri, la Enma negra y la Nidai Kitetsu de One Piece.<br class=\"yoast-text-mark\" \/>A los jugadores les encantar\u00e1 la famosa Skyward Sword de Zelda y el <a href=\"https:\/\/repliquemangacine.fr\/es\/katana-y-espada-videojuego-otros-videojuegos\/espada-roja-reina-diablo-mi-grito\/\" target=\"_blank\" rel=\"noopener noreferrer\">Reina Roja de Devil May Cry<\/a> en versi\u00f3n fiel.<br \/>\nLos amantes de la historia no se perder\u00e1n la espada de Maximus ni nuestros sets ninja con hojas azules y fundas t\u00e1cticas.<br \/>\nA\u00f1\u00e1dele a eso nuestras figuras chibi, llaveros de Assassin\u2019s Creed, Bleach o <a href=\"https:\/\/repliquemangacine.fr\/es\/katana-y-manga-espada-anime-otros-manga\/xeno-trunks-dbz-dragon-ball-z-espada\/\" target=\"_blank\" rel=\"noopener noreferrer\">la espada de Trunk<\/a> en Dragon Ball Z.<\/p>\n<p>Para terminar<strong> Repliquemangacine<\/strong> Dirigido a los aficionados exigentes que buscan productos inmersivos y con un acabado impecable.<br \/>\nGracias a nuestra variada selecci\u00f3n, cada aficionado encuentra en nuestra tienda una pieza destacada que evoca sus universos favoritos.<\/p>","protected":false},"excerpt":{"rendered":"<p><strong>Especificaciones t\u00e9cnicas :<\/strong><\/p>\n<ul>\n<li>Hoja: Madera plateada con grabado japon\u00e9s<\/li>\n<li>Guardia (tsuba) : Metal con drag\u00f3n grabado<\/li>\n<li>Vaina (saya) : Madera lacada negra con letras blancas<\/li><li>Longitud total : 102 cm aprox.<\/li>\n<li>Longitud de la hoja de madera: 70 cm<\/li>\n<li>Peso: 500 g aproximadamente<\/li>\n<li>Uso : Decoraci\u00f3n mural, cosplay, colecci\u00f3n<\/li>\n<\/ul>","protected":false},"featured_media":86914,"template":"","meta":[],"product_brand":[],"product_cat":[26,32,88],"product_tag":[],"class_list":{"0":"post-86912","1":"product","2":"type-product","3":"status-publish","4":"has-post-thumbnail","6":"product_cat-katana-epee","7":"product_cat-katana-decoration","8":"product_cat-katanas-le-dernier-samourai","10":"first","11":"instock","12":"taxable","13":"shipping-taxable","14":"purchasable","15":"product-type-simple"},"yoast_head":"<!-- This site is optimized with the Yoast SEO plugin v27.4 - https:\/\/yoast.com\/product\/yoast-seo-wordpress\/ -->\n<title>Katana Le Dernier Samoura\u00ef | R\u00e9plique Manga Cin\u00e9<\/title>\n<meta name=\"description\" content=\"Katana Le Dernier Samoura\u00ef \u2013 R\u00e9plique d\u00e9corative avec lame en bois, fourreau laqu\u00e9 noir et garde dragon. Id\u00e9al pour les fans de culture japonaise.\" \/>\n<meta name=\"robots\" content=\"index, follow, max-snippet:-1, max-image-preview:large, max-video-preview:-1\" \/>\n<link rel=\"canonical\" href=\"https:\/\/repliquemangacine.fr\/es\/katanas-el-ultimo-samurai\/katana-el-ultimo-samurai\/\" \/>\n<meta property=\"og:locale\" content=\"es_ES\" \/>\n<meta property=\"og:type\" content=\"article\" \/>\n<meta property=\"og:title\" content=\"Katana Le Dernier Samoura\u00ef | R\u00e9plique Manga Cin\u00e9\" \/>\n<meta property=\"og:description\" content=\"Katana Le Dernier Samoura\u00ef \u2013 R\u00e9plique d\u00e9corative avec lame en bois, fourreau laqu\u00e9 noir et garde dragon. Id\u00e9al pour les fans de culture japonaise.\" \/>\n<meta property=\"og:url\" content=\"https:\/\/repliquemangacine.fr\/es\/katanas-el-ultimo-samurai\/katana-el-ultimo-samurai\/\" \/>\n<meta property=\"og:site_name\" content=\"R\u00e9plique Manga Cin\u00e9\" \/>\n<meta property=\"article:publisher\" content=\"https:\/\/www.facebook.com\/RepliqueMangaCine\" \/>\n<meta property=\"article:modified_time\" content=\"2026-02-19T10:27:47+00:00\" \/>\n<meta property=\"og:image\" content=\"https:\/\/repliquemangacine.fr\/wp-content\/uploads\/2025\/07\/Katana-bois-dernier-Samourai-.jpg\" \/>\n\t<meta property=\"og:image:width\" content=\"700\" \/>\n\t<meta property=\"og:image:height\" content=\"700\" \/>\n\t<meta property=\"og:image:type\" content=\"image\/jpeg\" \/>\n<meta name=\"twitter:card\" content=\"summary_large_image\" \/>\n<meta name=\"twitter:label1\" content=\"Tiempo de lectura\" \/>\n\t<meta name=\"twitter:data1\" content=\"3 minutos\" \/>\n<script type=\"application\/ld+json\" class=\"yoast-schema-graph\">{\"@context\":\"https:\\\/\\\/schema.org\",\"@graph\":[{\"@type\":\"WebPage\",\"@id\":\"https:\\\/\\\/repliquemangacine.fr\\\/katanas-le-dernier-samourai\\\/katana-le-dernier-samourai\\\/\",\"url\":\"https:\\\/\\\/repliquemangacine.fr\\\/katanas-le-dernier-samourai\\\/katana-le-dernier-samourai\\\/\",\"name\":\"Katana Le Dernier Samoura\u00ef | R\u00e9plique Manga Cin\u00e9\",\"isPartOf\":{\"@id\":\"https:\\\/\\\/repliquemangacine.fr\\\/#website\"},\"primaryImageOfPage\":{\"@id\":\"https:\\\/\\\/repliquemangacine.fr\\\/katanas-le-dernier-samourai\\\/katana-le-dernier-samourai\\\/#primaryimage\"},\"image\":{\"@id\":\"https:\\\/\\\/repliquemangacine.fr\\\/katanas-le-dernier-samourai\\\/katana-le-dernier-samourai\\\/#primaryimage\"},\"thumbnailUrl\":\"https:\\\/\\\/repliquemangacine.fr\\\/wp-content\\\/uploads\\\/2025\\\/07\\\/Katana-bois-dernier-Samourai-.jpg\",\"datePublished\":\"2025-07-29T14:25:53+00:00\",\"dateModified\":\"2026-02-19T10:27:47+00:00\",\"description\":\"Katana Le Dernier Samoura\u00ef \u2013 R\u00e9plique d\u00e9corative avec lame en bois, fourreau laqu\u00e9 noir et garde dragon. Id\u00e9al pour les fans de culture japonaise.\",\"breadcrumb\":{\"@id\":\"https:\\\/\\\/repliquemangacine.fr\\\/katanas-le-dernier-samourai\\\/katana-le-dernier-samourai\\\/#breadcrumb\"},\"inLanguage\":\"es\",\"potentialAction\":[{\"@type\":\"ReadAction\",\"target\":[\"https:\\\/\\\/repliquemangacine.fr\\\/katanas-le-dernier-samourai\\\/katana-le-dernier-samourai\\\/\"]}]},{\"@type\":\"ImageObject\",\"inLanguage\":\"es\",\"@id\":\"https:\\\/\\\/repliquemangacine.fr\\\/katanas-le-dernier-samourai\\\/katana-le-dernier-samourai\\\/#primaryimage\",\"url\":\"https:\\\/\\\/repliquemangacine.fr\\\/wp-content\\\/uploads\\\/2025\\\/07\\\/Katana-bois-dernier-Samourai-.jpg\",\"contentUrl\":\"https:\\\/\\\/repliquemangacine.fr\\\/wp-content\\\/uploads\\\/2025\\\/07\\\/Katana-bois-dernier-Samourai-.jpg\",\"width\":700,\"height\":700,\"caption\":\"Katana-bois-dernier-Samoura\u00ef-\"},{\"@type\":\"BreadcrumbList\",\"@id\":\"https:\\\/\\\/repliquemangacine.fr\\\/katanas-le-dernier-samourai\\\/katana-le-dernier-samourai\\\/#breadcrumb\",\"itemListElement\":[{\"@type\":\"ListItem\",\"position\":1,\"name\":\"Accueil\",\"item\":\"https:\\\/\\\/repliquemangacine.fr\\\/\"},{\"@type\":\"ListItem\",\"position\":2,\"name\":\"Produits\",\"item\":\"https:\\\/\\\/repliquemangacine.fr\\\/boutique\\\/\"},{\"@type\":\"ListItem\",\"position\":3,\"name\":\"Katana Le Dernier Samoura\u00ef\"}]},{\"@type\":\"WebSite\",\"@id\":\"https:\\\/\\\/repliquemangacine.fr\\\/#website\",\"url\":\"https:\\\/\\\/repliquemangacine.fr\\\/\",\"name\":\"R\u00e9plique Manga Cin\u00e9\",\"description\":\"\",\"publisher\":{\"@id\":\"https:\\\/\\\/repliquemangacine.fr\\\/#organization\"},\"potentialAction\":[{\"@type\":\"SearchAction\",\"target\":{\"@type\":\"EntryPoint\",\"urlTemplate\":\"https:\\\/\\\/repliquemangacine.fr\\\/?s={search_term_string}\"},\"query-input\":{\"@type\":\"PropertyValueSpecification\",\"valueRequired\":true,\"valueName\":\"search_term_string\"}}],\"inLanguage\":\"es\"},{\"@type\":\"Organization\",\"@id\":\"https:\\\/\\\/repliquemangacine.fr\\\/#organization\",\"name\":\"R\u00e9plique Manga Cin\u00e9\",\"url\":\"https:\\\/\\\/repliquemangacine.fr\\\/\",\"logo\":{\"@type\":\"ImageObject\",\"inLanguage\":\"es\",\"@id\":\"https:\\\/\\\/repliquemangacine.fr\\\/#\\\/schema\\\/logo\\\/image\\\/\",\"url\":\"https:\\\/\\\/repliquemangacine.fr\\\/wp-content\\\/uploads\\\/2023\\\/10\\\/RMC-500250.png\",\"contentUrl\":\"https:\\\/\\\/repliquemangacine.fr\\\/wp-content\\\/uploads\\\/2023\\\/10\\\/RMC-500250.png\",\"width\":500,\"height\":250,\"caption\":\"R\u00e9plique Manga Cin\u00e9\"},\"image\":{\"@id\":\"https:\\\/\\\/repliquemangacine.fr\\\/#\\\/schema\\\/logo\\\/image\\\/\"},\"sameAs\":[\"https:\\\/\\\/www.facebook.com\\\/RepliqueMangaCine\",\"https:\\\/\\\/www.instagram.com\\\/repliquemangacine.fr\\\/\"]}]}<\/script>\n<!-- \/ Yoast SEO plugin. -->","yoast_head_json":{"title":"Katana El \u00daltimo Samurai | R\u00e9plique Manga Cin\u00e9","description":"Katana The Last Samurai - R\u00e9plica decorativa con hoja de madera, vaina lacada en negro y guarda de drag\u00f3n. Ideal para aficionados a la cultura japonesa.","robots":{"index":"index","follow":"follow","max-snippet":"max-snippet:-1","max-image-preview":"max-image-preview:large","max-video-preview":"max-video-preview:-1"},"canonical":"https:\/\/repliquemangacine.fr\/es\/katanas-el-ultimo-samurai\/katana-el-ultimo-samurai\/","og_locale":"es_ES","og_type":"article","og_title":"Katana Le Dernier Samoura\u00ef | R\u00e9plique Manga Cin\u00e9","og_description":"Katana Le Dernier Samoura\u00ef \u2013 R\u00e9plique d\u00e9corative avec lame en bois, fourreau laqu\u00e9 noir et garde dragon. Id\u00e9al pour les fans de culture japonaise.","og_url":"https:\/\/repliquemangacine.fr\/es\/katanas-el-ultimo-samurai\/katana-el-ultimo-samurai\/","og_site_name":"R\u00e9plique Manga Cin\u00e9","article_publisher":"https:\/\/www.facebook.com\/RepliqueMangaCine","article_modified_time":"2026-02-19T10:27:47+00:00","og_image":[{"width":700,"height":700,"url":"https:\/\/repliquemangacine.fr\/wp-content\/uploads\/2025\/07\/Katana-bois-dernier-Samourai-.jpg","type":"image\/jpeg"}],"twitter_card":"summary_large_image","twitter_misc":{"Tiempo de lectura":"3 minutos"},"schema":{"@context":"https:\/\/schema.org","@graph":[{"@type":"WebPage","@id":"https:\/\/repliquemangacine.fr\/katanas-le-dernier-samourai\/katana-le-dernier-samourai\/","url":"https:\/\/repliquemangacine.fr\/katanas-le-dernier-samourai\/katana-le-dernier-samourai\/","name":"Katana El \u00daltimo Samurai | R\u00e9plique Manga Cin\u00e9","isPartOf":{"@id":"https:\/\/repliquemangacine.fr\/#website"},"primaryImageOfPage":{"@id":"https:\/\/repliquemangacine.fr\/katanas-le-dernier-samourai\/katana-le-dernier-samourai\/#primaryimage"},"image":{"@id":"https:\/\/repliquemangacine.fr\/katanas-le-dernier-samourai\/katana-le-dernier-samourai\/#primaryimage"},"thumbnailUrl":"https:\/\/repliquemangacine.fr\/wp-content\/uploads\/2025\/07\/Katana-bois-dernier-Samourai-.jpg","datePublished":"2025-07-29T14:25:53+00:00","dateModified":"2026-02-19T10:27:47+00:00","description":"Katana The Last Samurai - R\u00e9plica decorativa con hoja de madera, vaina lacada en negro y guarda de drag\u00f3n. Ideal para aficionados a la cultura japonesa.","breadcrumb":{"@id":"https:\/\/repliquemangacine.fr\/katanas-le-dernier-samourai\/katana-le-dernier-samourai\/#breadcrumb"},"inLanguage":"es","potentialAction":[{"@type":"ReadAction","target":["https:\/\/repliquemangacine.fr\/katanas-le-dernier-samourai\/katana-le-dernier-samourai\/"]}]},{"@type":"ImageObject","inLanguage":"es","@id":"https:\/\/repliquemangacine.fr\/katanas-le-dernier-samourai\/katana-le-dernier-samourai\/#primaryimage","url":"https:\/\/repliquemangacine.fr\/wp-content\/uploads\/2025\/07\/Katana-bois-dernier-Samourai-.jpg","contentUrl":"https:\/\/repliquemangacine.fr\/wp-content\/uploads\/2025\/07\/Katana-bois-dernier-Samourai-.jpg","width":700,"height":700,"caption":"Katana-bois-dernier-Samoura\u00ef-"},{"@type":"BreadcrumbList","@id":"https:\/\/repliquemangacine.fr\/katanas-le-dernier-samourai\/katana-le-dernier-samourai\/#breadcrumb","itemListElement":[{"@type":"ListItem","position":1,"name":"Accueil","item":"https:\/\/repliquemangacine.fr\/"},{"@type":"ListItem","position":2,"name":"Produits","item":"https:\/\/repliquemangacine.fr\/boutique\/"},{"@type":"ListItem","position":3,"name":"Katana Le Dernier Samoura\u00ef"}]},{"@type":"WebSite","@id":"https:\/\/repliquemangacine.fr\/#website","url":"https:\/\/repliquemangacine.fr\/","name":"R\u00e9plique Manga Cin\u00e9","description":"","publisher":{"@id":"https:\/\/repliquemangacine.fr\/#organization"},"potentialAction":[{"@type":"SearchAction","target":{"@type":"EntryPoint","urlTemplate":"https:\/\/repliquemangacine.fr\/?s={search_term_string}"},"query-input":{"@type":"PropertyValueSpecification","valueRequired":true,"valueName":"search_term_string"}}],"inLanguage":"es"},{"@type":"Organization","@id":"https:\/\/repliquemangacine.fr\/#organization","name":"R\u00e9plique Manga Cin\u00e9","url":"https:\/\/repliquemangacine.fr\/","logo":{"@type":"ImageObject","inLanguage":"es","@id":"https:\/\/repliquemangacine.fr\/#\/schema\/logo\/image\/","url":"https:\/\/repliquemangacine.fr\/wp-content\/uploads\/2023\/10\/RMC-500250.png","contentUrl":"https:\/\/repliquemangacine.fr\/wp-content\/uploads\/2023\/10\/RMC-500250.png","width":500,"height":250,"caption":"R\u00e9plique Manga Cin\u00e9"},"image":{"@id":"https:\/\/repliquemangacine.fr\/#\/schema\/logo\/image\/"},"sameAs":["https:\/\/www.facebook.com\/RepliqueMangaCine","https:\/\/www.instagram.com\/repliquemangacine.fr\/"]}]}},"_links":{"self":[{"href":"https:\/\/repliquemangacine.fr\/es\/wp-json\/wp\/v2\/product\/86912","targetHints":{"allow":["GET"]}}],"collection":[{"href":"https:\/\/repliquemangacine.fr\/es\/wp-json\/wp\/v2\/product"}],"about":[{"href":"https:\/\/repliquemangacine.fr\/es\/wp-json\/wp\/v2\/types\/product"}],"wp:featuredmedia":[{"embeddable":true,"href":"https:\/\/repliquemangacine.fr\/es\/wp-json\/wp\/v2\/media\/86914"}],"wp:attachment":[{"href":"https:\/\/repliquemangacine.fr\/es\/wp-json\/wp\/v2\/media?parent=86912"}],"wp:term":[{"taxonomy":"product_brand","embeddable":true,"href":"https:\/\/repliquemangacine.fr\/es\/wp-json\/wp\/v2\/product_brand?post=86912"},{"taxonomy":"product_cat","embeddable":true,"href":"https:\/\/repliquemangacine.fr\/es\/wp-json\/wp\/v2\/product_cat?post=86912"},{"taxonomy":"product_tag","embeddable":true,"href":"https:\/\/repliquemangacine.fr\/es\/wp-json\/wp\/v2\/product_tag?post=86912"}],"curies":[{"name":"wp","href":"https:\/\/api.w.org\/{rel}","templated":true}]}}