





{"id":86905,"date":"2025-07-29T16:05:07","date_gmt":"2025-07-29T14:05:07","guid":{"rendered":"https:\/\/repliquemangacine.fr\/?post_type=product&#038;p=86905"},"modified":"2026-02-19T10:16:26","modified_gmt":"2026-02-19T09:16:26","slug":"katana-hattori-hanzo","status":"publish","type":"product","link":"https:\/\/repliquemangacine.fr\/es\/katana-kill-bill\/katana-hattori-hanzo\/","title":{"rendered":"Katana Hattori Hanzo"},"content":{"rendered":"<h2>Las caracter\u00edsticas de la katana de Bill y la leyenda de Hattori Hanzo<\/h2>\n<p>Empecemos echando un vistazo a esta Katana Hattori Hanzo de Bill inspirada en la legendaria pel\u00edcula Kill Bill, dirigida por <a href=\"https:\/\/fr.wikipedia.org\/wiki\/Quentin_Tarantino\" target=\"_blank\" rel=\"noopener noreferrer\">Quentin Tarantino<\/a> en 2003.<br class=\"yoast-text-mark\" \/>En primer lugar, esta r\u00e9plica tiene una hoja r\u00edgida de madera, cuidadosamente pintada, con una onda hamon t\u00edpica de las espadas japonesas reales.<br class=\"yoast-text-mark\" \/>En segundo lugar, la guarda de metal finamente decorada recuerda la elegancia de las forjas tradicionales japonesas y los exigentes est\u00e1ndares de su creador en la ficci\u00f3n, Hanzo.<br class=\"yoast-text-mark\" \/>Por \u00faltimo, su brillante vaina negra est\u00e1 adornada con el emblem\u00e1tico demonio grabado en oro, s\u00edmbolo de poder y autoridad cortante.<br class=\"yoast-text-mark\" \/>Por \u00faltimo, el mango cuidadosamente trenzado en blanco y negro garantiza un agarre estable y un aspecto muy fiel al original.<br \/>\nGracias a su hoja de madera, puede exhibirse o manejarse con total seguridad en convenciones o rodajes.<\/p>\n<h2>Por qu\u00e9 la katana de Kill Bill es un objeto imprescindible<\/h2>\n<p>Por encima de todo, esta katana de Kill Bill se distingue por su dise\u00f1o ic\u00f3nico, que la hace reconocible al instante entre un millar de otras espadas.<br class=\"yoast-text-mark\" \/>Luego habla de la intensidad dram\u00e1tica del personaje de Bill, el \u00faltimo adversario de \"La Novia\", interpretado con clase y frialdad.<br class=\"yoast-text-mark\" \/>Adem\u00e1s, esta r\u00e9plica es m\u00e1s que un objeto: lleva el alma de la pel\u00edcula y la leyenda de Hanzo.<br class=\"yoast-text-mark\" \/>Es la encarnaci\u00f3n de la venganza, la maestr\u00eda y la precisi\u00f3n, tres valores clave presentes en todas las escenas de duelo de la pel\u00edcula.<br class=\"yoast-text-mark\" \/>Su peso ligero y su hoja de madera lo convierten en una excelente opci\u00f3n para los aficionados al cosplay y las demostraciones sin peligro.<br \/>\nCon sus fieles acabados y su aspecto de alta gama, esta katana llama la atenci\u00f3n y despierta admiraci\u00f3n en cualquier colecci\u00f3n.<br \/>\nSu brillante funda, su detallada tsuba y su mango tradicional refuerzan su excepcional calidad de reproducci\u00f3n.<\/p>\n<h2>Repliquemangacine: su universo completo de r\u00e9plicas de mangas, pel\u00edculas, juegos y armas hist\u00f3ricas<\/h2>\n<p>Visite <strong>Repliquemangacine<\/strong>te ofrecemos mucho m\u00e1s que la katana de Bill: un aut\u00e9ntico viaje a trav\u00e9s de universos de culto.<br class=\"yoast-text-mark\" \/>Encontrar\u00e1s katanas ligeras de One Piece, como <a href=\"https:\/\/repliquemangacine.fr\/es\/katana-ligera-de-una-pieza\/katana-enma-negro-led-luz-una-pieza\/\" target=\"_blank\" rel=\"noopener noreferrer\">Enma<\/a>Ame no Habakiri y el temido Nidai Kitetsu de Luffy.<br class=\"yoast-text-mark\" \/>Los fans de Naruto, Demon Slayer o Bleach tambi\u00e9n encontrar\u00e1n sus armas favoritas para a\u00f1adir a su colecci\u00f3n shinobi.<br class=\"yoast-text-mark\" \/>Tambi\u00e9n tenemos espadas de The Witcher, r\u00e9plicas de Assassin's Creed y espadas de Gladiator o 300.<br \/>\nEn cuanto al western, sum\u00e9rgete en la Am\u00e9rica de los vaqueros con aut\u00e9nticos rev\u00f3lveres Colt, rifles Winchester, fundas y estrellas de sheriff.<br \/>\nSin olvidar nuestra selecci\u00f3n de videojuegos: Genshin Impact, Zelda, <a href=\"https:\/\/repliquemangacine.fr\/es\/espadas-de-world-of-warcraft\/\" target=\"_blank\" rel=\"noopener noreferrer\">World of Warcraft<\/a>, Devil May Cry y muchos otros.<br \/>\n\u00bfTe gusta la precisi\u00f3n? Descubre nuestros sets de cuchillos de lanzamiento, bolsas t\u00e1cticas y ninjato con funda ajustable.<br \/>\nCon <strong>Repliquemangacine<\/strong>\u00a1transforma tu pasi\u00f3n en una colecci\u00f3n \u00fanica y pega fuerte en tu mundo favorito!<\/p>","protected":false},"excerpt":{"rendered":"<p><strong>Especificaciones t\u00e9cnicas :<\/strong><\/p>\n<ul>\n<li>Hoja: madera r\u00edgida, con mango ondulado pintado (no afilado)<\/li>\n<li>Tsuba (guardia): metal decorado en forma de abanico<\/li>\n<li>Mango: trenzado blanco y negro sobre imitaci\u00f3n de cuero (piel de raya)<\/li>\n<li>Vaina: negra lacada con el s\u00edmbolo del demonio Hanzo dorado<\/li>\n<li>Adorno: cordel de sujeci\u00f3n beige + etiqueta \"Hattori Hanzo\" incluida<\/li>\n<li>Longitud total: 102 cm<\/li>\n<li>Longitud de la hoja de madera: 70 cm<\/li>\n<li>Peso total: 470 gramos<\/li>\n<\/ul>","protected":false},"featured_media":86906,"template":"","meta":[],"product_brand":[],"product_cat":[26,71],"product_tag":[],"class_list":{"0":"post-86905","1":"product","2":"type-product","3":"status-publish","4":"has-post-thumbnail","6":"product_cat-katana-epee","7":"product_cat-katana-kill-bill","9":"first","10":"instock","11":"taxable","12":"shipping-taxable","13":"purchasable","14":"product-type-simple"},"yoast_head":"<!-- This site is optimized with the Yoast SEO plugin v27.4 - https:\/\/yoast.com\/product\/yoast-seo-wordpress\/ -->\n<title>Katana Hattori Hanzo -Kill Bill | R\u00e9plique Manga Cin\u00e9<\/title>\n<meta name=\"description\" content=\"D\u00e9couvrez le katana Hattori Hanzo de Kill Bill en version bois. Une r\u00e9plique fid\u00e8le, id\u00e9ale pour les fans, cosplayeurs et collectionneurs passionn\u00e9s.\" \/>\n<meta name=\"robots\" content=\"index, follow, max-snippet:-1, max-image-preview:large, max-video-preview:-1\" \/>\n<link rel=\"canonical\" href=\"https:\/\/repliquemangacine.fr\/es\/katana-kill-bill\/katana-hattori-hanzo\/\" \/>\n<meta property=\"og:locale\" content=\"es_ES\" \/>\n<meta property=\"og:type\" content=\"article\" \/>\n<meta property=\"og:title\" content=\"Katana Hattori Hanzo -Kill Bill | R\u00e9plique Manga Cin\u00e9\" \/>\n<meta property=\"og:description\" content=\"D\u00e9couvrez le katana Hattori Hanzo de Kill Bill en version bois. Une r\u00e9plique fid\u00e8le, id\u00e9ale pour les fans, cosplayeurs et collectionneurs passionn\u00e9s.\" \/>\n<meta property=\"og:url\" content=\"https:\/\/repliquemangacine.fr\/es\/katana-kill-bill\/katana-hattori-hanzo\/\" \/>\n<meta property=\"og:site_name\" content=\"R\u00e9plique Manga Cin\u00e9\" \/>\n<meta property=\"article:publisher\" content=\"https:\/\/www.facebook.com\/RepliqueMangaCine\" \/>\n<meta property=\"article:modified_time\" content=\"2026-02-19T09:16:26+00:00\" \/>\n<meta property=\"og:image\" content=\"https:\/\/repliquemangacine.fr\/wp-content\/uploads\/2025\/07\/Katana-de-bill-en-bois.jpg\" \/>\n\t<meta property=\"og:image:width\" content=\"700\" \/>\n\t<meta property=\"og:image:height\" content=\"700\" \/>\n\t<meta property=\"og:image:type\" content=\"image\/jpeg\" \/>\n<meta name=\"twitter:card\" content=\"summary_large_image\" \/>\n<meta name=\"twitter:label1\" content=\"Tiempo de lectura\" \/>\n\t<meta name=\"twitter:data1\" content=\"3 minutos\" \/>\n<script type=\"application\/ld+json\" class=\"yoast-schema-graph\">{\"@context\":\"https:\\\/\\\/schema.org\",\"@graph\":[{\"@type\":\"WebPage\",\"@id\":\"https:\\\/\\\/repliquemangacine.fr\\\/katana-kill-bill\\\/katana-hattori-hanzo\\\/\",\"url\":\"https:\\\/\\\/repliquemangacine.fr\\\/katana-kill-bill\\\/katana-hattori-hanzo\\\/\",\"name\":\"Katana Hattori Hanzo -Kill Bill | R\u00e9plique Manga Cin\u00e9\",\"isPartOf\":{\"@id\":\"https:\\\/\\\/repliquemangacine.fr\\\/#website\"},\"primaryImageOfPage\":{\"@id\":\"https:\\\/\\\/repliquemangacine.fr\\\/katana-kill-bill\\\/katana-hattori-hanzo\\\/#primaryimage\"},\"image\":{\"@id\":\"https:\\\/\\\/repliquemangacine.fr\\\/katana-kill-bill\\\/katana-hattori-hanzo\\\/#primaryimage\"},\"thumbnailUrl\":\"https:\\\/\\\/repliquemangacine.fr\\\/wp-content\\\/uploads\\\/2025\\\/07\\\/Katana-de-bill-en-bois.jpg\",\"datePublished\":\"2025-07-29T14:05:07+00:00\",\"dateModified\":\"2026-02-19T09:16:26+00:00\",\"description\":\"D\u00e9couvrez le katana Hattori Hanzo de Kill Bill en version bois. Une r\u00e9plique fid\u00e8le, id\u00e9ale pour les fans, cosplayeurs et collectionneurs passionn\u00e9s.\",\"breadcrumb\":{\"@id\":\"https:\\\/\\\/repliquemangacine.fr\\\/katana-kill-bill\\\/katana-hattori-hanzo\\\/#breadcrumb\"},\"inLanguage\":\"es\",\"potentialAction\":[{\"@type\":\"ReadAction\",\"target\":[\"https:\\\/\\\/repliquemangacine.fr\\\/katana-kill-bill\\\/katana-hattori-hanzo\\\/\"]}]},{\"@type\":\"ImageObject\",\"inLanguage\":\"es\",\"@id\":\"https:\\\/\\\/repliquemangacine.fr\\\/katana-kill-bill\\\/katana-hattori-hanzo\\\/#primaryimage\",\"url\":\"https:\\\/\\\/repliquemangacine.fr\\\/wp-content\\\/uploads\\\/2025\\\/07\\\/Katana-de-bill-en-bois.jpg\",\"contentUrl\":\"https:\\\/\\\/repliquemangacine.fr\\\/wp-content\\\/uploads\\\/2025\\\/07\\\/Katana-de-bill-en-bois.jpg\",\"width\":700,\"height\":700,\"caption\":\"Katana Hattori Hanzo\"},{\"@type\":\"BreadcrumbList\",\"@id\":\"https:\\\/\\\/repliquemangacine.fr\\\/katana-kill-bill\\\/katana-hattori-hanzo\\\/#breadcrumb\",\"itemListElement\":[{\"@type\":\"ListItem\",\"position\":1,\"name\":\"Accueil\",\"item\":\"https:\\\/\\\/repliquemangacine.fr\\\/\"},{\"@type\":\"ListItem\",\"position\":2,\"name\":\"Produits\",\"item\":\"https:\\\/\\\/repliquemangacine.fr\\\/boutique\\\/\"},{\"@type\":\"ListItem\",\"position\":3,\"name\":\"Katana Hattori Hanzo\"}]},{\"@type\":\"WebSite\",\"@id\":\"https:\\\/\\\/repliquemangacine.fr\\\/#website\",\"url\":\"https:\\\/\\\/repliquemangacine.fr\\\/\",\"name\":\"R\u00e9plique Manga Cin\u00e9\",\"description\":\"\",\"publisher\":{\"@id\":\"https:\\\/\\\/repliquemangacine.fr\\\/#organization\"},\"potentialAction\":[{\"@type\":\"SearchAction\",\"target\":{\"@type\":\"EntryPoint\",\"urlTemplate\":\"https:\\\/\\\/repliquemangacine.fr\\\/?s={search_term_string}\"},\"query-input\":{\"@type\":\"PropertyValueSpecification\",\"valueRequired\":true,\"valueName\":\"search_term_string\"}}],\"inLanguage\":\"es\"},{\"@type\":\"Organization\",\"@id\":\"https:\\\/\\\/repliquemangacine.fr\\\/#organization\",\"name\":\"R\u00e9plique Manga Cin\u00e9\",\"url\":\"https:\\\/\\\/repliquemangacine.fr\\\/\",\"logo\":{\"@type\":\"ImageObject\",\"inLanguage\":\"es\",\"@id\":\"https:\\\/\\\/repliquemangacine.fr\\\/#\\\/schema\\\/logo\\\/image\\\/\",\"url\":\"https:\\\/\\\/repliquemangacine.fr\\\/wp-content\\\/uploads\\\/2023\\\/10\\\/RMC-500250.png\",\"contentUrl\":\"https:\\\/\\\/repliquemangacine.fr\\\/wp-content\\\/uploads\\\/2023\\\/10\\\/RMC-500250.png\",\"width\":500,\"height\":250,\"caption\":\"R\u00e9plique Manga Cin\u00e9\"},\"image\":{\"@id\":\"https:\\\/\\\/repliquemangacine.fr\\\/#\\\/schema\\\/logo\\\/image\\\/\"},\"sameAs\":[\"https:\\\/\\\/www.facebook.com\\\/RepliqueMangaCine\",\"https:\\\/\\\/www.instagram.com\\\/repliquemangacine.fr\\\/\"]}]}<\/script>\n<!-- \/ Yoast SEO plugin. -->","yoast_head_json":{"title":"Katana Hattori Hanzo -Matar a Bill | R\u00e9plique Manga Cin\u00e9","description":"Descubre la versi\u00f3n en madera de la katana Hattori Hanzo de Kill Bill. Una r\u00e9plica fiel, ideal para fans, cosplayers y coleccionistas apasionados.","robots":{"index":"index","follow":"follow","max-snippet":"max-snippet:-1","max-image-preview":"max-image-preview:large","max-video-preview":"max-video-preview:-1"},"canonical":"https:\/\/repliquemangacine.fr\/es\/katana-kill-bill\/katana-hattori-hanzo\/","og_locale":"es_ES","og_type":"article","og_title":"Katana Hattori Hanzo -Kill Bill | R\u00e9plique Manga Cin\u00e9","og_description":"D\u00e9couvrez le katana Hattori Hanzo de Kill Bill en version bois. Une r\u00e9plique fid\u00e8le, id\u00e9ale pour les fans, cosplayeurs et collectionneurs passionn\u00e9s.","og_url":"https:\/\/repliquemangacine.fr\/es\/katana-kill-bill\/katana-hattori-hanzo\/","og_site_name":"R\u00e9plique Manga Cin\u00e9","article_publisher":"https:\/\/www.facebook.com\/RepliqueMangaCine","article_modified_time":"2026-02-19T09:16:26+00:00","og_image":[{"width":700,"height":700,"url":"https:\/\/repliquemangacine.fr\/wp-content\/uploads\/2025\/07\/Katana-de-bill-en-bois.jpg","type":"image\/jpeg"}],"twitter_card":"summary_large_image","twitter_misc":{"Tiempo de lectura":"3 minutos"},"schema":{"@context":"https:\/\/schema.org","@graph":[{"@type":"WebPage","@id":"https:\/\/repliquemangacine.fr\/katana-kill-bill\/katana-hattori-hanzo\/","url":"https:\/\/repliquemangacine.fr\/katana-kill-bill\/katana-hattori-hanzo\/","name":"Katana Hattori Hanzo -Matar a Bill | R\u00e9plique Manga Cin\u00e9","isPartOf":{"@id":"https:\/\/repliquemangacine.fr\/#website"},"primaryImageOfPage":{"@id":"https:\/\/repliquemangacine.fr\/katana-kill-bill\/katana-hattori-hanzo\/#primaryimage"},"image":{"@id":"https:\/\/repliquemangacine.fr\/katana-kill-bill\/katana-hattori-hanzo\/#primaryimage"},"thumbnailUrl":"https:\/\/repliquemangacine.fr\/wp-content\/uploads\/2025\/07\/Katana-de-bill-en-bois.jpg","datePublished":"2025-07-29T14:05:07+00:00","dateModified":"2026-02-19T09:16:26+00:00","description":"Descubre la versi\u00f3n en madera de la katana Hattori Hanzo de Kill Bill. Una r\u00e9plica fiel, ideal para fans, cosplayers y coleccionistas apasionados.","breadcrumb":{"@id":"https:\/\/repliquemangacine.fr\/katana-kill-bill\/katana-hattori-hanzo\/#breadcrumb"},"inLanguage":"es","potentialAction":[{"@type":"ReadAction","target":["https:\/\/repliquemangacine.fr\/katana-kill-bill\/katana-hattori-hanzo\/"]}]},{"@type":"ImageObject","inLanguage":"es","@id":"https:\/\/repliquemangacine.fr\/katana-kill-bill\/katana-hattori-hanzo\/#primaryimage","url":"https:\/\/repliquemangacine.fr\/wp-content\/uploads\/2025\/07\/Katana-de-bill-en-bois.jpg","contentUrl":"https:\/\/repliquemangacine.fr\/wp-content\/uploads\/2025\/07\/Katana-de-bill-en-bois.jpg","width":700,"height":700,"caption":"Katana Hattori Hanzo"},{"@type":"BreadcrumbList","@id":"https:\/\/repliquemangacine.fr\/katana-kill-bill\/katana-hattori-hanzo\/#breadcrumb","itemListElement":[{"@type":"ListItem","position":1,"name":"Accueil","item":"https:\/\/repliquemangacine.fr\/"},{"@type":"ListItem","position":2,"name":"Produits","item":"https:\/\/repliquemangacine.fr\/boutique\/"},{"@type":"ListItem","position":3,"name":"Katana Hattori Hanzo"}]},{"@type":"WebSite","@id":"https:\/\/repliquemangacine.fr\/#website","url":"https:\/\/repliquemangacine.fr\/","name":"R\u00e9plique Manga Cin\u00e9","description":"","publisher":{"@id":"https:\/\/repliquemangacine.fr\/#organization"},"potentialAction":[{"@type":"SearchAction","target":{"@type":"EntryPoint","urlTemplate":"https:\/\/repliquemangacine.fr\/?s={search_term_string}"},"query-input":{"@type":"PropertyValueSpecification","valueRequired":true,"valueName":"search_term_string"}}],"inLanguage":"es"},{"@type":"Organization","@id":"https:\/\/repliquemangacine.fr\/#organization","name":"R\u00e9plique Manga Cin\u00e9","url":"https:\/\/repliquemangacine.fr\/","logo":{"@type":"ImageObject","inLanguage":"es","@id":"https:\/\/repliquemangacine.fr\/#\/schema\/logo\/image\/","url":"https:\/\/repliquemangacine.fr\/wp-content\/uploads\/2023\/10\/RMC-500250.png","contentUrl":"https:\/\/repliquemangacine.fr\/wp-content\/uploads\/2023\/10\/RMC-500250.png","width":500,"height":250,"caption":"R\u00e9plique Manga Cin\u00e9"},"image":{"@id":"https:\/\/repliquemangacine.fr\/#\/schema\/logo\/image\/"},"sameAs":["https:\/\/www.facebook.com\/RepliqueMangaCine","https:\/\/www.instagram.com\/repliquemangacine.fr\/"]}]}},"_links":{"self":[{"href":"https:\/\/repliquemangacine.fr\/es\/wp-json\/wp\/v2\/product\/86905","targetHints":{"allow":["GET"]}}],"collection":[{"href":"https:\/\/repliquemangacine.fr\/es\/wp-json\/wp\/v2\/product"}],"about":[{"href":"https:\/\/repliquemangacine.fr\/es\/wp-json\/wp\/v2\/types\/product"}],"wp:featuredmedia":[{"embeddable":true,"href":"https:\/\/repliquemangacine.fr\/es\/wp-json\/wp\/v2\/media\/86906"}],"wp:attachment":[{"href":"https:\/\/repliquemangacine.fr\/es\/wp-json\/wp\/v2\/media?parent=86905"}],"wp:term":[{"taxonomy":"product_brand","embeddable":true,"href":"https:\/\/repliquemangacine.fr\/es\/wp-json\/wp\/v2\/product_brand?post=86905"},{"taxonomy":"product_cat","embeddable":true,"href":"https:\/\/repliquemangacine.fr\/es\/wp-json\/wp\/v2\/product_cat?post=86905"},{"taxonomy":"product_tag","embeddable":true,"href":"https:\/\/repliquemangacine.fr\/es\/wp-json\/wp\/v2\/product_tag?post=86905"}],"curies":[{"name":"wp","href":"https:\/\/api.w.org\/{rel}","templated":true}]}}