





{"id":86739,"date":"2025-07-25T17:10:12","date_gmt":"2025-07-25T15:10:12","guid":{"rendered":"https:\/\/repliquemangacine.fr\/?post_type=product&#038;p=86739"},"modified":"2026-03-13T12:11:15","modified_gmt":"2026-03-13T11:11:15","slug":"funda-de-cuero-para-zurdos-kolser","status":"publish","type":"product","link":"https:\/\/repliquemangacine.fr\/es\/holster-western-ceinturon\/holster-cuir-pour-gaucher-kolser\/","title":{"rendered":"Funda de cuero para zurdos - Kolser"},"content":{"rendered":"<h2>Funda de cuero para zurdos con estilo aut\u00e9ntico<\/h2>\n<p>Dise\u00f1ada inicialmente para coleccionistas exigentes y aficionados al western, esta funda de cuero para zurdos es una pieza excepcional. Su fabricaci\u00f3n artesanal firmada por Kolser le confiere un estilo vintage, fiel al esp\u00edritu del Lejano Oeste y a los grandes cl\u00e1sicos del g\u00e9nero. Con sus 29,5 cm, se adapta perfectamente a sus r\u00e9plicas Colt o Peacemaker. Adem\u00e1s, ofrece una excelente sujeci\u00f3n al cintur\u00f3n. Gracias a su presilla y su cord\u00f3n de fijaci\u00f3n, se mantiene bien en su sitio, incluso cuando desenfundas r\u00e1pidamente o te mueves.<br \/>\nRobusto, elegante y c\u00f3modo, est\u00e1 dirigido a los apasionados de las armas hist\u00f3ricas, del cosplay western o a los amantes de las piezas de exposici\u00f3n. Su cuero marr\u00f3n envejecido y su hebilla met\u00e1lica lo convierten en un accesorio tan \u00fatil como est\u00e9tico, dise\u00f1ado para completar cualquier atuendo western.<\/p>\n<h2>Kolser: el arte de la r\u00e9plica realista y el detalle hist\u00f3rico<\/h2>\n<p>Mundialmente conocida por sus r\u00e9plicas de armas hist\u00f3ricas. La marca <a href=\"https:\/\/kolser.com\/fr\/\" target=\"_blank\" rel=\"noopener noreferrer\">Kolser<\/a> ofrece productos de primera calidad, fieles a los originales. Cada funda, como este modelo para zurdos, est\u00e1 cuidadosamente dise\u00f1ada para combinar autenticidad visual y resistencia al uso. El acabado en cuero flexible, las costuras resistentes y los elementos met\u00e1licos recuerdan a los accesorios que llevaban los vaqueros legendarios.<br \/>\nAdem\u00e1s, Kolser no se limita a hacer copias. Recrea el ambiente y la veracidad hist\u00f3rica para lograr una inmersi\u00f3n completa. Esta maestr\u00eda tambi\u00e9n se refleja en toda su gama disponible en Repliquemangacine, donde la calidad va de la mano de la pasi\u00f3n y la exigencia. As\u00ed, con Kolser, cada detalle cuenta: desde la textura del cuero hasta el peso de las r\u00e9plicas, todo est\u00e1 pensado para seducir a los verdaderos apasionados.<\/p>\n<h2>Descubre las r\u00e9plicas Kolser disponibles en R\u00e9plique Manga Cin\u00e9<\/h2>\n<p>En Repliquemangacine, le proponemos una selecci\u00f3n de r\u00e9plicas Kolser fieles a la historia y a las grandes armas del siglo XIX. Encontrar\u00e1 el <a href=\"https:\/\/repliquemangacine.fr\/es\/pistola-kolser\/remington-1858-convertido-kolser\/\" target=\"_blank\" rel=\"noopener noreferrer\">Remington 1858 convertida<\/a>, una r\u00e9plica emblem\u00e1tica para los amantes de la mec\u00e1nica y las armas de barril realistas.<br \/>\nPara acompa\u00f1arlo, el<a href=\"https:\/\/repliquemangacine.fr\/es\/accesorios-western-funda\/funda-para-remington-1858-kolser\/\" target=\"_blank\" rel=\"noopener noreferrer\"> Funda especial Remington<\/a> tambi\u00e9n est\u00e1 disponible: dise\u00f1ado para el rev\u00f3lver y con dos ranuras adicionales para el ca\u00f1\u00f3n. A esto hay que a\u00f1adir el legendario <a href=\"https:\/\/repliquemangacine.fr\/es\/pistola-kolser\/colt-navy-1851-laton\/\" target=\"_blank\" rel=\"noopener noreferrer\">Colt Navy 1851<\/a> lat\u00f3n, s\u00edmbolo absoluto de las armas cortas utilizadas durante la Guerra de Secesi\u00f3n.<br \/>\nCada una de estas piezas est\u00e1 pensada para los apasionados del western, las recreaciones hist\u00f3ricas o, simplemente, las colecciones bonitas. En Repliquemangacine, seleccionamos las r\u00e9plicas Kolser por su cuidado acabado, su autenticidad y su excelente relaci\u00f3n calidad-precio. En conclusi\u00f3n, \u00fanete a los numerosos coleccionistas que conf\u00edan en nuestra tienda para crear una colecci\u00f3n fiel, elegante y envolvente.<\/p>","protected":false},"excerpt":{"rendered":"<p>Funda de cuero para zurdos, perfecta para completar tu look vaquero y llevar tu r\u00e9plica de rev\u00f3lver con orgullo.<\/p>\n<ul>\n<li>Modelo: Colt holster - Left-handed<\/li>\n<li>Marca : Kolser<\/li>\n<li>Material: 100 % cuero genuino<\/li>\n<li>Longitud total: 29,5 cm<\/li>\n<li>Cierre: trabilla, hebilla met\u00e1lica y cordones.<\/li>\n<li>Costura: Con remaches<\/li>\n<li>Color: Marr\u00f3n oscuro vintage<\/li>\n<\/ul>\n<p>Compatibilidad: r\u00e9plicas Colt, rev\u00f3lveres western y modelos similares<\/p>","protected":false},"featured_media":86740,"template":"","meta":[],"product_brand":[896],"product_cat":[100,45,90,27],"product_tag":[],"class_list":{"0":"post-86739","1":"product","2":"type-product","3":"status-publish","4":"has-post-thumbnail","6":"product_brand-replique-manga-cine","7":"product_cat-arme-kolser","8":"product_cat-holster-western-ceinturon","9":"product_cat-holster-accessoires-western","10":"product_cat-armes-et-accessoires-western","12":"first","13":"instock","14":"taxable","15":"shipping-taxable","16":"purchasable","17":"product-type-simple"},"yoast_head":"<!-- This site is optimized with the Yoast SEO plugin v27.4 - https:\/\/yoast.com\/product\/yoast-seo-wordpress\/ -->\n<title>Holster cuir pour Gaucher - Kolser - R\u00e9plique Manga Cin\u00e9<\/title>\n<meta name=\"description\" content=\"Holster cuir pour Gaucher de 29.5 cm de la marque Kolser. Passant ceinture, boucle acier vieilli et lacet de fixation pour un maintien optimal.\" \/>\n<meta name=\"robots\" content=\"index, follow, max-snippet:-1, max-image-preview:large, max-video-preview:-1\" \/>\n<link rel=\"canonical\" href=\"https:\/\/repliquemangacine.fr\/es\/funda-de-cinturon-western\/funda-de-cuero-para-zurdos-kolser\/\" \/>\n<meta property=\"og:locale\" content=\"es_ES\" \/>\n<meta property=\"og:type\" content=\"article\" \/>\n<meta property=\"og:title\" content=\"Holster cuir pour Gaucher - Kolser - R\u00e9plique Manga Cin\u00e9\" \/>\n<meta property=\"og:description\" content=\"Holster cuir pour Gaucher de 29.5 cm de la marque Kolser. Passant ceinture, boucle acier vieilli et lacet de fixation pour un maintien optimal.\" \/>\n<meta property=\"og:url\" content=\"https:\/\/repliquemangacine.fr\/es\/funda-de-cinturon-western\/funda-de-cuero-para-zurdos-kolser\/\" \/>\n<meta property=\"og:site_name\" content=\"R\u00e9plique Manga Cin\u00e9\" \/>\n<meta property=\"article:publisher\" content=\"https:\/\/www.facebook.com\/RepliqueMangaCine\" \/>\n<meta property=\"article:modified_time\" content=\"2026-03-13T11:11:15+00:00\" \/>\n<meta property=\"og:image\" content=\"https:\/\/repliquemangacine.fr\/wp-content\/uploads\/2025\/07\/Holster-souple-pour-Gaucher.jpg\" \/>\n\t<meta property=\"og:image:width\" content=\"700\" \/>\n\t<meta property=\"og:image:height\" content=\"700\" \/>\n\t<meta property=\"og:image:type\" content=\"image\/jpeg\" \/>\n<meta name=\"twitter:card\" content=\"summary_large_image\" \/>\n<meta name=\"twitter:label1\" content=\"Tiempo de lectura\" \/>\n\t<meta name=\"twitter:data1\" content=\"3 minutos\" \/>\n<script type=\"application\/ld+json\" class=\"yoast-schema-graph\">{\"@context\":\"https:\\\/\\\/schema.org\",\"@graph\":[{\"@type\":\"WebPage\",\"@id\":\"https:\\\/\\\/repliquemangacine.fr\\\/holster-western-ceinturon\\\/holster-cuir-pour-gaucher-kolser\\\/\",\"url\":\"https:\\\/\\\/repliquemangacine.fr\\\/holster-western-ceinturon\\\/holster-cuir-pour-gaucher-kolser\\\/\",\"name\":\"Holster cuir pour Gaucher - Kolser - R\u00e9plique Manga Cin\u00e9\",\"isPartOf\":{\"@id\":\"https:\\\/\\\/repliquemangacine.fr\\\/#website\"},\"primaryImageOfPage\":{\"@id\":\"https:\\\/\\\/repliquemangacine.fr\\\/holster-western-ceinturon\\\/holster-cuir-pour-gaucher-kolser\\\/#primaryimage\"},\"image\":{\"@id\":\"https:\\\/\\\/repliquemangacine.fr\\\/holster-western-ceinturon\\\/holster-cuir-pour-gaucher-kolser\\\/#primaryimage\"},\"thumbnailUrl\":\"https:\\\/\\\/repliquemangacine.fr\\\/wp-content\\\/uploads\\\/2025\\\/07\\\/Holster-souple-pour-Gaucher.jpg\",\"datePublished\":\"2025-07-25T15:10:12+00:00\",\"dateModified\":\"2026-03-13T11:11:15+00:00\",\"description\":\"Holster cuir pour Gaucher de 29.5 cm de la marque Kolser. Passant ceinture, boucle acier vieilli et lacet de fixation pour un maintien optimal.\",\"breadcrumb\":{\"@id\":\"https:\\\/\\\/repliquemangacine.fr\\\/holster-western-ceinturon\\\/holster-cuir-pour-gaucher-kolser\\\/#breadcrumb\"},\"inLanguage\":\"es\",\"potentialAction\":[{\"@type\":\"ReadAction\",\"target\":[\"https:\\\/\\\/repliquemangacine.fr\\\/holster-western-ceinturon\\\/holster-cuir-pour-gaucher-kolser\\\/\"]}]},{\"@type\":\"ImageObject\",\"inLanguage\":\"es\",\"@id\":\"https:\\\/\\\/repliquemangacine.fr\\\/holster-western-ceinturon\\\/holster-cuir-pour-gaucher-kolser\\\/#primaryimage\",\"url\":\"https:\\\/\\\/repliquemangacine.fr\\\/wp-content\\\/uploads\\\/2025\\\/07\\\/Holster-souple-pour-Gaucher.jpg\",\"contentUrl\":\"https:\\\/\\\/repliquemangacine.fr\\\/wp-content\\\/uploads\\\/2025\\\/07\\\/Holster-souple-pour-Gaucher.jpg\",\"width\":700,\"height\":700,\"caption\":\"Holster western en cuir marron pour revolver Colt, mod\u00e8le Gaucher Kolser, avec boucle m\u00e9tallique et lacets de fixation\"},{\"@type\":\"BreadcrumbList\",\"@id\":\"https:\\\/\\\/repliquemangacine.fr\\\/holster-western-ceinturon\\\/holster-cuir-pour-gaucher-kolser\\\/#breadcrumb\",\"itemListElement\":[{\"@type\":\"ListItem\",\"position\":1,\"name\":\"Accueil\",\"item\":\"https:\\\/\\\/repliquemangacine.fr\\\/\"},{\"@type\":\"ListItem\",\"position\":2,\"name\":\"Produits\",\"item\":\"https:\\\/\\\/repliquemangacine.fr\\\/boutique\\\/\"},{\"@type\":\"ListItem\",\"position\":3,\"name\":\"Holster cuir pour Gaucher &#8211; Kolser\"}]},{\"@type\":\"WebSite\",\"@id\":\"https:\\\/\\\/repliquemangacine.fr\\\/#website\",\"url\":\"https:\\\/\\\/repliquemangacine.fr\\\/\",\"name\":\"R\u00e9plique Manga Cin\u00e9\",\"description\":\"\",\"publisher\":{\"@id\":\"https:\\\/\\\/repliquemangacine.fr\\\/#organization\"},\"potentialAction\":[{\"@type\":\"SearchAction\",\"target\":{\"@type\":\"EntryPoint\",\"urlTemplate\":\"https:\\\/\\\/repliquemangacine.fr\\\/?s={search_term_string}\"},\"query-input\":{\"@type\":\"PropertyValueSpecification\",\"valueRequired\":true,\"valueName\":\"search_term_string\"}}],\"inLanguage\":\"es\"},{\"@type\":\"Organization\",\"@id\":\"https:\\\/\\\/repliquemangacine.fr\\\/#organization\",\"name\":\"R\u00e9plique Manga Cin\u00e9\",\"url\":\"https:\\\/\\\/repliquemangacine.fr\\\/\",\"logo\":{\"@type\":\"ImageObject\",\"inLanguage\":\"es\",\"@id\":\"https:\\\/\\\/repliquemangacine.fr\\\/#\\\/schema\\\/logo\\\/image\\\/\",\"url\":\"https:\\\/\\\/repliquemangacine.fr\\\/wp-content\\\/uploads\\\/2023\\\/10\\\/RMC-500250.png\",\"contentUrl\":\"https:\\\/\\\/repliquemangacine.fr\\\/wp-content\\\/uploads\\\/2023\\\/10\\\/RMC-500250.png\",\"width\":500,\"height\":250,\"caption\":\"R\u00e9plique Manga Cin\u00e9\"},\"image\":{\"@id\":\"https:\\\/\\\/repliquemangacine.fr\\\/#\\\/schema\\\/logo\\\/image\\\/\"},\"sameAs\":[\"https:\\\/\\\/www.facebook.com\\\/RepliqueMangaCine\",\"https:\\\/\\\/www.instagram.com\\\/repliquemangacine.fr\\\/\"]}]}<\/script>\n<!-- \/ Yoast SEO plugin. -->","yoast_head_json":{"title":"Funda de cuero para zurdos - Kolser - R\u00e9plique Manga Cin\u00e9","description":"Funda de cuero de 29,5 cm para zurdos de Kolser. Trabilla, hebilla de acero envejecido y cierre de cord\u00f3n para un ajuste \u00f3ptimo.","robots":{"index":"index","follow":"follow","max-snippet":"max-snippet:-1","max-image-preview":"max-image-preview:large","max-video-preview":"max-video-preview:-1"},"canonical":"https:\/\/repliquemangacine.fr\/es\/funda-de-cinturon-western\/funda-de-cuero-para-zurdos-kolser\/","og_locale":"es_ES","og_type":"article","og_title":"Holster cuir pour Gaucher - Kolser - R\u00e9plique Manga Cin\u00e9","og_description":"Holster cuir pour Gaucher de 29.5 cm de la marque Kolser. Passant ceinture, boucle acier vieilli et lacet de fixation pour un maintien optimal.","og_url":"https:\/\/repliquemangacine.fr\/es\/funda-de-cinturon-western\/funda-de-cuero-para-zurdos-kolser\/","og_site_name":"R\u00e9plique Manga Cin\u00e9","article_publisher":"https:\/\/www.facebook.com\/RepliqueMangaCine","article_modified_time":"2026-03-13T11:11:15+00:00","og_image":[{"width":700,"height":700,"url":"https:\/\/repliquemangacine.fr\/wp-content\/uploads\/2025\/07\/Holster-souple-pour-Gaucher.jpg","type":"image\/jpeg"}],"twitter_card":"summary_large_image","twitter_misc":{"Tiempo de lectura":"3 minutos"},"schema":{"@context":"https:\/\/schema.org","@graph":[{"@type":"WebPage","@id":"https:\/\/repliquemangacine.fr\/holster-western-ceinturon\/holster-cuir-pour-gaucher-kolser\/","url":"https:\/\/repliquemangacine.fr\/holster-western-ceinturon\/holster-cuir-pour-gaucher-kolser\/","name":"Funda de cuero para zurdos - Kolser - R\u00e9plique Manga Cin\u00e9","isPartOf":{"@id":"https:\/\/repliquemangacine.fr\/#website"},"primaryImageOfPage":{"@id":"https:\/\/repliquemangacine.fr\/holster-western-ceinturon\/holster-cuir-pour-gaucher-kolser\/#primaryimage"},"image":{"@id":"https:\/\/repliquemangacine.fr\/holster-western-ceinturon\/holster-cuir-pour-gaucher-kolser\/#primaryimage"},"thumbnailUrl":"https:\/\/repliquemangacine.fr\/wp-content\/uploads\/2025\/07\/Holster-souple-pour-Gaucher.jpg","datePublished":"2025-07-25T15:10:12+00:00","dateModified":"2026-03-13T11:11:15+00:00","description":"Funda de cuero de 29,5 cm para zurdos de Kolser. Trabilla, hebilla de acero envejecido y cierre de cord\u00f3n para un ajuste \u00f3ptimo.","breadcrumb":{"@id":"https:\/\/repliquemangacine.fr\/holster-western-ceinturon\/holster-cuir-pour-gaucher-kolser\/#breadcrumb"},"inLanguage":"es","potentialAction":[{"@type":"ReadAction","target":["https:\/\/repliquemangacine.fr\/holster-western-ceinturon\/holster-cuir-pour-gaucher-kolser\/"]}]},{"@type":"ImageObject","inLanguage":"es","@id":"https:\/\/repliquemangacine.fr\/holster-western-ceinturon\/holster-cuir-pour-gaucher-kolser\/#primaryimage","url":"https:\/\/repliquemangacine.fr\/wp-content\/uploads\/2025\/07\/Holster-souple-pour-Gaucher.jpg","contentUrl":"https:\/\/repliquemangacine.fr\/wp-content\/uploads\/2025\/07\/Holster-souple-pour-Gaucher.jpg","width":700,"height":700,"caption":"Holster western en cuir marron pour revolver Colt, mod\u00e8le Gaucher Kolser, avec boucle m\u00e9tallique et lacets de fixation"},{"@type":"BreadcrumbList","@id":"https:\/\/repliquemangacine.fr\/holster-western-ceinturon\/holster-cuir-pour-gaucher-kolser\/#breadcrumb","itemListElement":[{"@type":"ListItem","position":1,"name":"Accueil","item":"https:\/\/repliquemangacine.fr\/"},{"@type":"ListItem","position":2,"name":"Produits","item":"https:\/\/repliquemangacine.fr\/boutique\/"},{"@type":"ListItem","position":3,"name":"Holster cuir pour Gaucher &#8211; Kolser"}]},{"@type":"WebSite","@id":"https:\/\/repliquemangacine.fr\/#website","url":"https:\/\/repliquemangacine.fr\/","name":"R\u00e9plique Manga Cin\u00e9","description":"","publisher":{"@id":"https:\/\/repliquemangacine.fr\/#organization"},"potentialAction":[{"@type":"SearchAction","target":{"@type":"EntryPoint","urlTemplate":"https:\/\/repliquemangacine.fr\/?s={search_term_string}"},"query-input":{"@type":"PropertyValueSpecification","valueRequired":true,"valueName":"search_term_string"}}],"inLanguage":"es"},{"@type":"Organization","@id":"https:\/\/repliquemangacine.fr\/#organization","name":"R\u00e9plique Manga Cin\u00e9","url":"https:\/\/repliquemangacine.fr\/","logo":{"@type":"ImageObject","inLanguage":"es","@id":"https:\/\/repliquemangacine.fr\/#\/schema\/logo\/image\/","url":"https:\/\/repliquemangacine.fr\/wp-content\/uploads\/2023\/10\/RMC-500250.png","contentUrl":"https:\/\/repliquemangacine.fr\/wp-content\/uploads\/2023\/10\/RMC-500250.png","width":500,"height":250,"caption":"R\u00e9plique Manga Cin\u00e9"},"image":{"@id":"https:\/\/repliquemangacine.fr\/#\/schema\/logo\/image\/"},"sameAs":["https:\/\/www.facebook.com\/RepliqueMangaCine","https:\/\/www.instagram.com\/repliquemangacine.fr\/"]}]}},"_links":{"self":[{"href":"https:\/\/repliquemangacine.fr\/es\/wp-json\/wp\/v2\/product\/86739","targetHints":{"allow":["GET"]}}],"collection":[{"href":"https:\/\/repliquemangacine.fr\/es\/wp-json\/wp\/v2\/product"}],"about":[{"href":"https:\/\/repliquemangacine.fr\/es\/wp-json\/wp\/v2\/types\/product"}],"wp:featuredmedia":[{"embeddable":true,"href":"https:\/\/repliquemangacine.fr\/es\/wp-json\/wp\/v2\/media\/86740"}],"wp:attachment":[{"href":"https:\/\/repliquemangacine.fr\/es\/wp-json\/wp\/v2\/media?parent=86739"}],"wp:term":[{"taxonomy":"product_brand","embeddable":true,"href":"https:\/\/repliquemangacine.fr\/es\/wp-json\/wp\/v2\/product_brand?post=86739"},{"taxonomy":"product_cat","embeddable":true,"href":"https:\/\/repliquemangacine.fr\/es\/wp-json\/wp\/v2\/product_cat?post=86739"},{"taxonomy":"product_tag","embeddable":true,"href":"https:\/\/repliquemangacine.fr\/es\/wp-json\/wp\/v2\/product_tag?post=86739"}],"curies":[{"name":"wp","href":"https:\/\/api.w.org\/{rel}","templated":true}]}}