





{"id":86726,"date":"2025-07-25T16:27:11","date_gmt":"2025-07-25T14:27:11","guid":{"rendered":"https:\/\/repliquemangacine.fr\/?post_type=product&#038;p=86726"},"modified":"2026-04-19T10:43:20","modified_gmt":"2026-04-19T08:43:20","slug":"funda-kolser-de-cuero-genuino-para-diestros","status":"publish","type":"product","link":"https:\/\/repliquemangacine.fr\/es\/holster-western-ceinturon\/holster-cuir-veritable-pour-droitier-kolser\/","title":{"rendered":"Funda de cuero para diestros - Kolser"},"content":{"rendered":"<h2>Funda de cuero para diestros aficionados al western<\/h2>\n<p>En primer lugar, este <strong>Funda de cuero para diestros<\/strong> Es imprescindible para todos los apasionados de las armas western y las r\u00e9plicas aut\u00e9nticas. Fabricado 100 % en cuero aut\u00e9ntico, ofrece un aspecto y un tacto fieles al universo del Lejano Oeste. Su acabado marr\u00f3n oscuro, sus costuras resistentes y su hebilla met\u00e1lica y cordones de sujeci\u00f3n. Su dise\u00f1o sencillo pero eficaz recuerda a las fundas que llevaban los sheriffs, vaqueros o cazarrecompensas de la \u00e9poca. Con sus 29,5 cm de longitud, se adapta perfectamente a una amplia gama de r\u00e9plicas tipo Colt 45 o Peacemaker.<\/p>\n<p>F\u00e1cil de sujetar al cintur\u00f3n, garantiza una gran comodidad y un desenfunde r\u00e1pido. Ideal para cosplays, recreaciones hist\u00f3ricas o presentaciones en escaparates. Elegante, funcional y fiel a los c\u00f3digos del western,  es un complemento indispensable para cualquier colecci\u00f3n que se precie.<\/p>\n<h2>Kolser: excelencia en r\u00e9plicas de armas y accesorios occidentales<\/h2>\n<p>La marca <a href=\"https:\/\/kolser.com\/fr\/\" target=\"_blank\" rel=\"noopener noreferrer\">Kolser<\/a> se ha consolidado como una referencia en el mundo de las r\u00e9plicas de armas hist\u00f3ricas, gracias a su exigencia de calidad y su atenci\u00f3n al detalle. Cada pieza dise\u00f1ada por la marca espa\u00f1ola se distingue por su dise\u00f1o realista, sus materiales robustos y su notable fidelidad a los modelos originales. Esta funda no es una excepci\u00f3n: es el resultado de una artesan\u00eda que combina tradici\u00f3n y modernidad.<\/p>\n<p>Kolser no se limita a copiar: recrea la experiencia para que cada coleccionista sienta el peso de la historia. Este nivel de calidad se refleja en todos los productos disponibles en nuestra tienda Repliquemangacine, ya sean armas de percusi\u00f3n, cajas de coleccionista o accesorios para balas. Elegir Kolser es apostar por la autenticidad, la durabilidad y una inmersi\u00f3n total en el universo de las leyendas del Oeste.<\/p>\n<h2>R\u00e9plicas de armas Kolser disponibles en R\u00e9plique manga cin\u00e9<\/h2>\n<p>Repliquemangacine le propone una selecci\u00f3n exclusiva de r\u00e9plicas Kolser para realzar su colecci\u00f3n o completar su atuendo. Encontrar\u00e1 el famoso <a href=\"https:\/\/repliquemangacine.fr\/es\/pistola-kolser\/remington-1858-percussion-kolser\/\" target=\"_blank\" rel=\"noopener noreferrer\">Remington 1858 percusi\u00f3n<\/a>. Un arma emblem\u00e1tica del siglo XIX, perfecta para los aficionados a la historia militar. Para los que deseen ir m\u00e1s all\u00e1, tambi\u00e9n ofrecemos un <a href=\"https:\/\/repliquemangacine.fr\/es\/pistola-kolser\/canon-de-percusion-suplementario-remington-1858-kolser\/\" target=\"_blank\" rel=\"noopener noreferrer\">ca\u00f1\u00f3n de percusi\u00f3n<\/a> para a\u00f1adir realismo a su presentaci\u00f3n. Nuestro <a href=\"https:\/\/repliquemangacine.fr\/es\/pistola-kolser\/6-balas-de-prueba-para-colt-45-kolser\/\" target=\"_blank\" rel=\"noopener noreferrer\">Balas de prueba Colt Kolser<\/a> tambi\u00e9n est\u00e1n disponibles para decorar su funda. Por \u00faltimo, no se pierda el suntuoso <a href=\"https:\/\/repliquemangacine.fr\/es\/pistola-kolser\/peacemaker-5-5-juego-de-kolser-pulido\/\" target=\"_blank\" rel=\"noopener noreferrer\">Peacemaker 5.5 poli<\/a>. Una aut\u00e9ntica pieza de colecci\u00f3n que se entrega en un bonito estuche de madera, ideal para regalar o exhibir.<\/p>\n<p>Todos estos art\u00edculos han sido cuidadosamente seleccionados por su calidad de acabado, su realismo y su valor hist\u00f3rico. \u00danete a los apasionados que ya se han rendido ante Kolser en Repliquemangacine, la p\u00e1gina web de referencia para los fans del western, el manga, el cine y los videojuegos.<\/p>","protected":false},"excerpt":{"rendered":"<p>Funda de cuero Colt para diestros - Fabricada por Kolser - 29,5 cm<\/p>\n<p>La funda perfecta para completar tu look vaquero o exhibir con orgullo tu r\u00e9plica de rev\u00f3lver<\/p>\n<ul>\n<li>Modelo: Colt holster - Right-handed<\/li>\n<li>Marca : Kolser<\/li>\n<li>Material: 100 % cuero genuino<\/li>\n<li>Longitud total: 29,5 cm<\/li>\n<li>Cierre: trabilla, hebilla met\u00e1lica y cordones.<\/li>\n<li>Color: Marr\u00f3n oscuro vintage<\/li>\n<\/ul>","protected":false},"featured_media":86729,"template":"","meta":[],"product_brand":[896],"product_cat":[100,45,90,27],"product_tag":[],"class_list":{"0":"post-86726","1":"product","2":"type-product","3":"status-publish","4":"has-post-thumbnail","6":"product_brand-replique-manga-cine","7":"product_cat-arme-kolser","8":"product_cat-holster-western-ceinturon","9":"product_cat-holster-accessoires-western","10":"product_cat-armes-et-accessoires-western","12":"first","13":"instock","14":"taxable","15":"shipping-taxable","16":"purchasable","17":"product-type-simple"},"yoast_head":"<!-- This site is optimized with the Yoast SEO plugin v27.4 - https:\/\/yoast.com\/product\/yoast-seo-wordpress\/ -->\n<title>Holster cuir pour droitier - Kolser - R\u00e9plique Manga Cin\u00e9<\/title>\n<meta name=\"description\" content=\"Holster cuir v\u00e9ritable pour droitier de la marque Kolser, avec passant ceinture et lacet. Id\u00e9al pour revolvers western type Peacemaker. 29 cm\" \/>\n<meta name=\"robots\" content=\"index, follow, max-snippet:-1, max-image-preview:large, max-video-preview:-1\" \/>\n<link rel=\"canonical\" href=\"https:\/\/repliquemangacine.fr\/es\/funda-de-cinturon-western\/funda-kolser-de-cuero-genuino-para-diestros\/\" \/>\n<meta property=\"og:locale\" content=\"es_ES\" \/>\n<meta property=\"og:type\" content=\"article\" \/>\n<meta property=\"og:title\" content=\"Holster cuir pour droitier - Kolser - R\u00e9plique Manga Cin\u00e9\" \/>\n<meta property=\"og:description\" content=\"Holster cuir v\u00e9ritable pour droitier de la marque Kolser, avec passant ceinture et lacet. Id\u00e9al pour revolvers western type Peacemaker. 29 cm\" \/>\n<meta property=\"og:url\" content=\"https:\/\/repliquemangacine.fr\/es\/funda-de-cinturon-western\/funda-kolser-de-cuero-genuino-para-diestros\/\" \/>\n<meta property=\"og:site_name\" content=\"R\u00e9plique Manga Cin\u00e9\" \/>\n<meta property=\"article:publisher\" content=\"https:\/\/www.facebook.com\/RepliqueMangaCine\" \/>\n<meta property=\"article:modified_time\" content=\"2026-04-19T08:43:20+00:00\" \/>\n<meta property=\"og:image\" content=\"https:\/\/repliquemangacine.fr\/wp-content\/uploads\/2025\/07\/Holster-cuir-pour-droitier-1.jpg\" \/>\n\t<meta property=\"og:image:width\" content=\"700\" \/>\n\t<meta property=\"og:image:height\" content=\"700\" \/>\n\t<meta property=\"og:image:type\" content=\"image\/jpeg\" \/>\n<meta name=\"twitter:card\" content=\"summary_large_image\" \/>\n<meta name=\"twitter:label1\" content=\"Tiempo de lectura\" \/>\n\t<meta name=\"twitter:data1\" content=\"3 minutos\" \/>\n<script type=\"application\/ld+json\" class=\"yoast-schema-graph\">{\"@context\":\"https:\\\/\\\/schema.org\",\"@graph\":[{\"@type\":\"WebPage\",\"@id\":\"https:\\\/\\\/repliquemangacine.fr\\\/holster-western-ceinturon\\\/holster-cuir-veritable-pour-droitier-kolser\\\/\",\"url\":\"https:\\\/\\\/repliquemangacine.fr\\\/holster-western-ceinturon\\\/holster-cuir-veritable-pour-droitier-kolser\\\/\",\"name\":\"Holster cuir pour droitier - Kolser - R\u00e9plique Manga Cin\u00e9\",\"isPartOf\":{\"@id\":\"https:\\\/\\\/repliquemangacine.fr\\\/#website\"},\"primaryImageOfPage\":{\"@id\":\"https:\\\/\\\/repliquemangacine.fr\\\/holster-western-ceinturon\\\/holster-cuir-veritable-pour-droitier-kolser\\\/#primaryimage\"},\"image\":{\"@id\":\"https:\\\/\\\/repliquemangacine.fr\\\/holster-western-ceinturon\\\/holster-cuir-veritable-pour-droitier-kolser\\\/#primaryimage\"},\"thumbnailUrl\":\"https:\\\/\\\/repliquemangacine.fr\\\/wp-content\\\/uploads\\\/2025\\\/07\\\/Holster-cuir-pour-droitier-1.jpg\",\"datePublished\":\"2025-07-25T14:27:11+00:00\",\"dateModified\":\"2026-04-19T08:43:20+00:00\",\"description\":\"Holster cuir v\u00e9ritable pour droitier de la marque Kolser, avec passant ceinture et lacet. Id\u00e9al pour revolvers western type Peacemaker. 29 cm\",\"breadcrumb\":{\"@id\":\"https:\\\/\\\/repliquemangacine.fr\\\/holster-western-ceinturon\\\/holster-cuir-veritable-pour-droitier-kolser\\\/#breadcrumb\"},\"inLanguage\":\"es\",\"potentialAction\":[{\"@type\":\"ReadAction\",\"target\":[\"https:\\\/\\\/repliquemangacine.fr\\\/holster-western-ceinturon\\\/holster-cuir-veritable-pour-droitier-kolser\\\/\"]}]},{\"@type\":\"ImageObject\",\"inLanguage\":\"es\",\"@id\":\"https:\\\/\\\/repliquemangacine.fr\\\/holster-western-ceinturon\\\/holster-cuir-veritable-pour-droitier-kolser\\\/#primaryimage\",\"url\":\"https:\\\/\\\/repliquemangacine.fr\\\/wp-content\\\/uploads\\\/2025\\\/07\\\/Holster-cuir-pour-droitier-1.jpg\",\"contentUrl\":\"https:\\\/\\\/repliquemangacine.fr\\\/wp-content\\\/uploads\\\/2025\\\/07\\\/Holster-cuir-pour-droitier-1.jpg\",\"width\":700,\"height\":700,\"caption\":\"Holster western en cuir marron pour revolver Colt, mod\u00e8le droitier Kolser, avec boucle m\u00e9tallique et lacets de fixation.\"},{\"@type\":\"BreadcrumbList\",\"@id\":\"https:\\\/\\\/repliquemangacine.fr\\\/holster-western-ceinturon\\\/holster-cuir-veritable-pour-droitier-kolser\\\/#breadcrumb\",\"itemListElement\":[{\"@type\":\"ListItem\",\"position\":1,\"name\":\"Accueil\",\"item\":\"https:\\\/\\\/repliquemangacine.fr\\\/\"},{\"@type\":\"ListItem\",\"position\":2,\"name\":\"Produits\",\"item\":\"https:\\\/\\\/repliquemangacine.fr\\\/boutique\\\/\"},{\"@type\":\"ListItem\",\"position\":3,\"name\":\"Holster cuir pour droitier &#8211; Kolser\"}]},{\"@type\":\"WebSite\",\"@id\":\"https:\\\/\\\/repliquemangacine.fr\\\/#website\",\"url\":\"https:\\\/\\\/repliquemangacine.fr\\\/\",\"name\":\"R\u00e9plique Manga Cin\u00e9\",\"description\":\"\",\"publisher\":{\"@id\":\"https:\\\/\\\/repliquemangacine.fr\\\/#organization\"},\"potentialAction\":[{\"@type\":\"SearchAction\",\"target\":{\"@type\":\"EntryPoint\",\"urlTemplate\":\"https:\\\/\\\/repliquemangacine.fr\\\/?s={search_term_string}\"},\"query-input\":{\"@type\":\"PropertyValueSpecification\",\"valueRequired\":true,\"valueName\":\"search_term_string\"}}],\"inLanguage\":\"es\"},{\"@type\":\"Organization\",\"@id\":\"https:\\\/\\\/repliquemangacine.fr\\\/#organization\",\"name\":\"R\u00e9plique Manga Cin\u00e9\",\"url\":\"https:\\\/\\\/repliquemangacine.fr\\\/\",\"logo\":{\"@type\":\"ImageObject\",\"inLanguage\":\"es\",\"@id\":\"https:\\\/\\\/repliquemangacine.fr\\\/#\\\/schema\\\/logo\\\/image\\\/\",\"url\":\"https:\\\/\\\/repliquemangacine.fr\\\/wp-content\\\/uploads\\\/2023\\\/10\\\/RMC-500250.png\",\"contentUrl\":\"https:\\\/\\\/repliquemangacine.fr\\\/wp-content\\\/uploads\\\/2023\\\/10\\\/RMC-500250.png\",\"width\":500,\"height\":250,\"caption\":\"R\u00e9plique Manga Cin\u00e9\"},\"image\":{\"@id\":\"https:\\\/\\\/repliquemangacine.fr\\\/#\\\/schema\\\/logo\\\/image\\\/\"},\"sameAs\":[\"https:\\\/\\\/www.facebook.com\\\/RepliqueMangaCine\",\"https:\\\/\\\/www.instagram.com\\\/repliquemangacine.fr\\\/\"]}]}<\/script>\n<!-- \/ Yoast SEO plugin. -->","yoast_head_json":{"title":"Funda de cuero para diestros - Kolser - R\u00e9plique Manga Cin\u00e9","description":"Funda Kolser de cuero genuino para diestros, con trabilla y cord\u00f3n. Ideal para rev\u00f3lveres western estilo Peacemaker. 29 cm.","robots":{"index":"index","follow":"follow","max-snippet":"max-snippet:-1","max-image-preview":"max-image-preview:large","max-video-preview":"max-video-preview:-1"},"canonical":"https:\/\/repliquemangacine.fr\/es\/funda-de-cinturon-western\/funda-kolser-de-cuero-genuino-para-diestros\/","og_locale":"es_ES","og_type":"article","og_title":"Holster cuir pour droitier - Kolser - R\u00e9plique Manga Cin\u00e9","og_description":"Holster cuir v\u00e9ritable pour droitier de la marque Kolser, avec passant ceinture et lacet. Id\u00e9al pour revolvers western type Peacemaker. 29 cm","og_url":"https:\/\/repliquemangacine.fr\/es\/funda-de-cinturon-western\/funda-kolser-de-cuero-genuino-para-diestros\/","og_site_name":"R\u00e9plique Manga Cin\u00e9","article_publisher":"https:\/\/www.facebook.com\/RepliqueMangaCine","article_modified_time":"2026-04-19T08:43:20+00:00","og_image":[{"width":700,"height":700,"url":"https:\/\/repliquemangacine.fr\/wp-content\/uploads\/2025\/07\/Holster-cuir-pour-droitier-1.jpg","type":"image\/jpeg"}],"twitter_card":"summary_large_image","twitter_misc":{"Tiempo de lectura":"3 minutos"},"schema":{"@context":"https:\/\/schema.org","@graph":[{"@type":"WebPage","@id":"https:\/\/repliquemangacine.fr\/holster-western-ceinturon\/holster-cuir-veritable-pour-droitier-kolser\/","url":"https:\/\/repliquemangacine.fr\/holster-western-ceinturon\/holster-cuir-veritable-pour-droitier-kolser\/","name":"Funda de cuero para diestros - Kolser - R\u00e9plique Manga Cin\u00e9","isPartOf":{"@id":"https:\/\/repliquemangacine.fr\/#website"},"primaryImageOfPage":{"@id":"https:\/\/repliquemangacine.fr\/holster-western-ceinturon\/holster-cuir-veritable-pour-droitier-kolser\/#primaryimage"},"image":{"@id":"https:\/\/repliquemangacine.fr\/holster-western-ceinturon\/holster-cuir-veritable-pour-droitier-kolser\/#primaryimage"},"thumbnailUrl":"https:\/\/repliquemangacine.fr\/wp-content\/uploads\/2025\/07\/Holster-cuir-pour-droitier-1.jpg","datePublished":"2025-07-25T14:27:11+00:00","dateModified":"2026-04-19T08:43:20+00:00","description":"Funda Kolser de cuero genuino para diestros, con trabilla y cord\u00f3n. Ideal para rev\u00f3lveres western estilo Peacemaker. 29 cm.","breadcrumb":{"@id":"https:\/\/repliquemangacine.fr\/holster-western-ceinturon\/holster-cuir-veritable-pour-droitier-kolser\/#breadcrumb"},"inLanguage":"es","potentialAction":[{"@type":"ReadAction","target":["https:\/\/repliquemangacine.fr\/holster-western-ceinturon\/holster-cuir-veritable-pour-droitier-kolser\/"]}]},{"@type":"ImageObject","inLanguage":"es","@id":"https:\/\/repliquemangacine.fr\/holster-western-ceinturon\/holster-cuir-veritable-pour-droitier-kolser\/#primaryimage","url":"https:\/\/repliquemangacine.fr\/wp-content\/uploads\/2025\/07\/Holster-cuir-pour-droitier-1.jpg","contentUrl":"https:\/\/repliquemangacine.fr\/wp-content\/uploads\/2025\/07\/Holster-cuir-pour-droitier-1.jpg","width":700,"height":700,"caption":"Holster western en cuir marron pour revolver Colt, mod\u00e8le droitier Kolser, avec boucle m\u00e9tallique et lacets de fixation."},{"@type":"BreadcrumbList","@id":"https:\/\/repliquemangacine.fr\/holster-western-ceinturon\/holster-cuir-veritable-pour-droitier-kolser\/#breadcrumb","itemListElement":[{"@type":"ListItem","position":1,"name":"Accueil","item":"https:\/\/repliquemangacine.fr\/"},{"@type":"ListItem","position":2,"name":"Produits","item":"https:\/\/repliquemangacine.fr\/boutique\/"},{"@type":"ListItem","position":3,"name":"Holster cuir pour droitier &#8211; Kolser"}]},{"@type":"WebSite","@id":"https:\/\/repliquemangacine.fr\/#website","url":"https:\/\/repliquemangacine.fr\/","name":"R\u00e9plique Manga Cin\u00e9","description":"","publisher":{"@id":"https:\/\/repliquemangacine.fr\/#organization"},"potentialAction":[{"@type":"SearchAction","target":{"@type":"EntryPoint","urlTemplate":"https:\/\/repliquemangacine.fr\/?s={search_term_string}"},"query-input":{"@type":"PropertyValueSpecification","valueRequired":true,"valueName":"search_term_string"}}],"inLanguage":"es"},{"@type":"Organization","@id":"https:\/\/repliquemangacine.fr\/#organization","name":"R\u00e9plique Manga Cin\u00e9","url":"https:\/\/repliquemangacine.fr\/","logo":{"@type":"ImageObject","inLanguage":"es","@id":"https:\/\/repliquemangacine.fr\/#\/schema\/logo\/image\/","url":"https:\/\/repliquemangacine.fr\/wp-content\/uploads\/2023\/10\/RMC-500250.png","contentUrl":"https:\/\/repliquemangacine.fr\/wp-content\/uploads\/2023\/10\/RMC-500250.png","width":500,"height":250,"caption":"R\u00e9plique Manga Cin\u00e9"},"image":{"@id":"https:\/\/repliquemangacine.fr\/#\/schema\/logo\/image\/"},"sameAs":["https:\/\/www.facebook.com\/RepliqueMangaCine","https:\/\/www.instagram.com\/repliquemangacine.fr\/"]}]}},"_links":{"self":[{"href":"https:\/\/repliquemangacine.fr\/es\/wp-json\/wp\/v2\/product\/86726","targetHints":{"allow":["GET"]}}],"collection":[{"href":"https:\/\/repliquemangacine.fr\/es\/wp-json\/wp\/v2\/product"}],"about":[{"href":"https:\/\/repliquemangacine.fr\/es\/wp-json\/wp\/v2\/types\/product"}],"wp:featuredmedia":[{"embeddable":true,"href":"https:\/\/repliquemangacine.fr\/es\/wp-json\/wp\/v2\/media\/86729"}],"wp:attachment":[{"href":"https:\/\/repliquemangacine.fr\/es\/wp-json\/wp\/v2\/media?parent=86726"}],"wp:term":[{"taxonomy":"product_brand","embeddable":true,"href":"https:\/\/repliquemangacine.fr\/es\/wp-json\/wp\/v2\/product_brand?post=86726"},{"taxonomy":"product_cat","embeddable":true,"href":"https:\/\/repliquemangacine.fr\/es\/wp-json\/wp\/v2\/product_cat?post=86726"},{"taxonomy":"product_tag","embeddable":true,"href":"https:\/\/repliquemangacine.fr\/es\/wp-json\/wp\/v2\/product_tag?post=86726"}],"curies":[{"name":"wp","href":"https:\/\/api.w.org\/{rel}","templated":true}]}}