





{"id":86688,"date":"2025-07-24T13:54:58","date_gmt":"2025-07-24T11:54:58","guid":{"rendered":"https:\/\/repliquemangacine.fr\/?post_type=product&#038;p=86688"},"modified":"2026-02-21T14:04:20","modified_gmt":"2026-02-21T13:04:20","slug":"soporte-de-pared-kolser","status":"publish","type":"product","link":"https:\/\/repliquemangacine.fr\/es\/holster-accessoires-western\/support-mural-kolser\/","title":{"rendered":"Soporte de pared Kolser"},"content":{"rendered":"<h2>Un elegante soporte de pared para un legendario rev\u00f3lver del Salvaje Oeste<\/h2>\n<p>Empecemos por el soporte mural <a href=\"https:\/\/kolser.com\/fr\/\" target=\"_blank\" rel=\"noopener noreferrer\">Kolser<\/a> rinde homenaje al legendario Colt 1873.<br class=\"yoast-text-mark\" \/>En primer lugar, est\u00e1 fabricado en madera artesanal y cuenta con dos robustos ganchos para mantener tu r\u00e9plica en una posici\u00f3n perfectamente horizontal.<br class=\"yoast-text-mark\" \/>En primer lugar, una placa dorada reza \"Colts Patent Repeating Pistols\", recordando la historia de las armas de fuego de Samuel Colt del siglo XIX.<br class=\"yoast-text-mark\" \/>En segundo lugar, un casquillo montado en un lateral contiene seis cartuchos de munici\u00f3n simulada para dar un aspecto a\u00fan m\u00e1s realista y decorativo en cualquier entorno.<br class=\"yoast-text-mark\" \/>Por \u00faltimo, su acabado en nogal oscuro le confiere un encanto vintage, perfecto para los apasionados de las armas hist\u00f3ricas y la cultura western.<br \/>\nLa placa mural Kolser es tanto un accesorio decorativo como un expositor, que combina est\u00e9tica, solidez e inspiraci\u00f3n hist\u00f3rica.<br \/>\nEn resumen, una obra imprescindible para cualquier aficionado a los rev\u00f3lveres antiguos o coleccionista apasionado por las armas legendarias.<\/p>\n<h2>Un soporte perfectamente adaptado a su r\u00e9plica de 31 cm<\/h2>\n<p>Dise\u00f1ado para adaptarse al Colt Peacemaker de 31 cm, este soporte de pared de Kolser es una joya de dise\u00f1o y presentaci\u00f3n.<br class=\"yoast-text-mark\" \/>Sus ganchos se han colocado para adaptarse a la estructura exacta de las r\u00e9plicas Kolser, garantizando un ajuste \u00f3ptimo y seguro.<br class=\"yoast-text-mark\" \/>La longitud del tabl\u00f3n de madera es ideal para alojar el rev\u00f3lver sin que se desborde, para conseguir un aspecto limpio y equilibrado.<br class=\"yoast-text-mark\" \/>Gracias a su perfecta compatibilidad con los modelos 1873 de Kolser, la instalaci\u00f3n es sencilla, r\u00e1pida y totalmente intuitiva.<br class=\"yoast-text-mark\" \/>Este soporte de pared a\u00f1ade toda una nueva dimensi\u00f3n a su rev\u00f3lver, transform\u00e1ndolo en una aut\u00e9ntica pieza de decoraci\u00f3n western.<br class=\"yoast-text-mark\" \/>Es el toque final para realzar una pared, un escaparate o una sala dedicada al universo cowboy y a las armas del siglo XIX.<br \/>\nEs ideal tanto para coleccionistas exigentes como para amantes de la decoraci\u00f3n vintage o western de alta gama.<\/p>\n<h2>RepliqueMangaCine.fr: su mundo de r\u00e9plicas excepcionales<\/h2>\n<p>Visite <strong>RepliqueMangaCine.fr<\/strong>otras r\u00e9plicas occidentales de gama alta como el <a href=\"https:\/\/repliquemangacine.fr\/es\/pistola-kolser\/estuche-colt-peacemaker-31cm-pulido-1873-kolser\/\" target=\"_blank\" rel=\"noopener noreferrer\">Colt Peacemaker 1873 estuche pulido 31 cm<\/a>.<br class=\"yoast-text-mark\" \/>Tambi\u00e9n puede descubrir el estuche Colt 45 SAA negro de 31 cm, igualmente impresionante con su aspecto envejecido y su acabado en bruto.<br \/>\nEntre nuestras otras referencias, <a href=\"https:\/\/repliquemangacine.fr\/es\/denix\/colt-saa-cavalry-1873-nickele-cal45\/\" target=\"_blank\" rel=\"noopener noreferrer\">la Colt SAA Cavalerie 1873 niquelada calibre .45<\/a> Deleitar\u00e1 a los amantes de las armas hist\u00f3ricas fieles a los detalles.<br \/>\nNuestra p\u00e1gina web ofrece una amplia gama de objetos de colecci\u00f3n: armas hist\u00f3ricas, katanas manga, figuras, art\u00edculos y accesorios geek.<br \/>\nCada pieza se selecciona cuidadosamente para combinar fidelidad de reproducci\u00f3n, calidad de fabricaci\u00f3n e inmersi\u00f3n visual.<br \/>\n\u00bfBusca un regalo original o una pieza \u00fanica para exhibir? Nuestro cat\u00e1logo ofrece productos exclusivos que no encontrar\u00e1 en ning\u00fan otro lugar.<br \/>\nRepliqueMangaCine.fr est\u00e1 dirigido tanto a los aficionados al cine, los videojuegos y los mangas como a los apasionados de la historia militar o las armas antiguas.<br \/>\n\u00a1\u00danete a nuestra comunidad de coleccionistas y vive plenamente tu pasi\u00f3n con las mejores r\u00e9plicas disponibles en l\u00ednea!<\/p>","protected":false},"excerpt":{"rendered":"<p>Este soporte est\u00e1 dise\u00f1ado para exhibir con elegancia una r\u00e9plica de rev\u00f3lver Colt western.<\/p>\n<p><strong>Especificaciones t\u00e9cnicas:<\/strong><\/p>\n<ul>\n<li>Material: Madera (aspecto de nogal oscuro o nogal con rebabas, muy decorativo)<\/li>\n<li>Dos robustos ganchos met\u00e1licos para sujetar el arma<\/li>\n<li>Soporte lateral fijo para 6 cartuchos simulados (s\u00f3lo compatible con Colt Kolser)<\/li>\n<li>Placa de oro grabada \"Colts Patent Repeating Pistols\", estilo victoriano<\/li>\n<li>Placa con imitaci\u00f3n de la firma de Samuel Colt (fundador de Colt's Manufacturing Company)<\/li>\n<li>Longitud: 44,5 cm<\/li>\n<li>Anchura: 18,5 cm<\/li>\n<\/ul>","protected":false},"featured_media":86689,"template":"","meta":[],"product_brand":[896],"product_cat":[51,90],"product_tag":[],"class_list":{"0":"post-86688","1":"product","2":"type-product","3":"status-publish","4":"has-post-thumbnail","6":"product_brand-replique-manga-cine","7":"product_cat-accessoires-western","8":"product_cat-holster-accessoires-western","10":"first","11":"instock","12":"taxable","13":"shipping-taxable","14":"purchasable","15":"product-type-simple"},"yoast_head":"<!-- This site is optimized with the Yoast SEO plugin v27.4 - https:\/\/yoast.com\/product\/yoast-seo-wordpress\/ -->\n<title>Support mural Kolser | R\u00e9plique Manga Cin\u00e9<\/title>\n<meta name=\"description\" content=\"Exposez votre revolver western avec style gr\u00e2ce au support mural Kolser en bois noble, avec crochets, fausses cartouches et plaque Colt d\u00e9corative.\" \/>\n<meta name=\"robots\" content=\"index, follow, max-snippet:-1, max-image-preview:large, max-video-preview:-1\" \/>\n<link rel=\"canonical\" href=\"https:\/\/repliquemangacine.fr\/es\/accesorios-western-funda\/soporte-de-pared-kolser\/\" \/>\n<meta property=\"og:locale\" content=\"es_ES\" \/>\n<meta property=\"og:type\" content=\"article\" \/>\n<meta property=\"og:title\" content=\"Support mural Kolser | R\u00e9plique Manga Cin\u00e9\" \/>\n<meta property=\"og:description\" content=\"Exposez votre revolver western avec style gr\u00e2ce au support mural Kolser en bois noble, avec crochets, fausses cartouches et plaque Colt d\u00e9corative.\" \/>\n<meta property=\"og:url\" content=\"https:\/\/repliquemangacine.fr\/es\/accesorios-western-funda\/soporte-de-pared-kolser\/\" \/>\n<meta property=\"og:site_name\" content=\"R\u00e9plique Manga Cin\u00e9\" \/>\n<meta property=\"article:publisher\" content=\"https:\/\/www.facebook.com\/RepliqueMangaCine\" \/>\n<meta property=\"article:modified_time\" content=\"2026-02-21T13:04:20+00:00\" \/>\n<meta property=\"og:image\" content=\"https:\/\/repliquemangacine.fr\/wp-content\/uploads\/2025\/07\/Plaque-de-presentation-colt-1064.jpg\" \/>\n\t<meta property=\"og:image:width\" content=\"700\" \/>\n\t<meta property=\"og:image:height\" content=\"500\" \/>\n\t<meta property=\"og:image:type\" content=\"image\/jpeg\" \/>\n<meta name=\"twitter:card\" content=\"summary_large_image\" \/>\n<meta name=\"twitter:label1\" content=\"Tiempo de lectura\" \/>\n\t<meta name=\"twitter:data1\" content=\"3 minutos\" \/>\n<script type=\"application\/ld+json\" class=\"yoast-schema-graph\">{\"@context\":\"https:\\\/\\\/schema.org\",\"@graph\":[{\"@type\":\"WebPage\",\"@id\":\"https:\\\/\\\/repliquemangacine.fr\\\/holster-accessoires-western\\\/support-mural-kolser\\\/\",\"url\":\"https:\\\/\\\/repliquemangacine.fr\\\/holster-accessoires-western\\\/support-mural-kolser\\\/\",\"name\":\"Support mural Kolser | R\u00e9plique Manga Cin\u00e9\",\"isPartOf\":{\"@id\":\"https:\\\/\\\/repliquemangacine.fr\\\/#website\"},\"primaryImageOfPage\":{\"@id\":\"https:\\\/\\\/repliquemangacine.fr\\\/holster-accessoires-western\\\/support-mural-kolser\\\/#primaryimage\"},\"image\":{\"@id\":\"https:\\\/\\\/repliquemangacine.fr\\\/holster-accessoires-western\\\/support-mural-kolser\\\/#primaryimage\"},\"thumbnailUrl\":\"https:\\\/\\\/repliquemangacine.fr\\\/wp-content\\\/uploads\\\/2025\\\/07\\\/Plaque-de-presentation-colt-1064.jpg\",\"datePublished\":\"2025-07-24T11:54:58+00:00\",\"dateModified\":\"2026-02-21T13:04:20+00:00\",\"description\":\"Exposez votre revolver western avec style gr\u00e2ce au support mural Kolser en bois noble, avec crochets, fausses cartouches et plaque Colt d\u00e9corative.\",\"breadcrumb\":{\"@id\":\"https:\\\/\\\/repliquemangacine.fr\\\/holster-accessoires-western\\\/support-mural-kolser\\\/#breadcrumb\"},\"inLanguage\":\"es\",\"potentialAction\":[{\"@type\":\"ReadAction\",\"target\":[\"https:\\\/\\\/repliquemangacine.fr\\\/holster-accessoires-western\\\/support-mural-kolser\\\/\"]}]},{\"@type\":\"ImageObject\",\"inLanguage\":\"es\",\"@id\":\"https:\\\/\\\/repliquemangacine.fr\\\/holster-accessoires-western\\\/support-mural-kolser\\\/#primaryimage\",\"url\":\"https:\\\/\\\/repliquemangacine.fr\\\/wp-content\\\/uploads\\\/2025\\\/07\\\/Plaque-de-presentation-colt-1064.jpg\",\"contentUrl\":\"https:\\\/\\\/repliquemangacine.fr\\\/wp-content\\\/uploads\\\/2025\\\/07\\\/Plaque-de-presentation-colt-1064.jpg\",\"width\":700,\"height\":500,\"caption\":\"Exposez votre revolver western avec style gr\u00e2ce au support mural Kolser en bois noble, avec crochets, fausses cartouches et plaque Colt d\u00e9corative.colt-1064\"},{\"@type\":\"BreadcrumbList\",\"@id\":\"https:\\\/\\\/repliquemangacine.fr\\\/holster-accessoires-western\\\/support-mural-kolser\\\/#breadcrumb\",\"itemListElement\":[{\"@type\":\"ListItem\",\"position\":1,\"name\":\"Accueil\",\"item\":\"https:\\\/\\\/repliquemangacine.fr\\\/\"},{\"@type\":\"ListItem\",\"position\":2,\"name\":\"Produits\",\"item\":\"https:\\\/\\\/repliquemangacine.fr\\\/boutique\\\/\"},{\"@type\":\"ListItem\",\"position\":3,\"name\":\"Support mural Kolser\"}]},{\"@type\":\"WebSite\",\"@id\":\"https:\\\/\\\/repliquemangacine.fr\\\/#website\",\"url\":\"https:\\\/\\\/repliquemangacine.fr\\\/\",\"name\":\"R\u00e9plique Manga Cin\u00e9\",\"description\":\"\",\"publisher\":{\"@id\":\"https:\\\/\\\/repliquemangacine.fr\\\/#organization\"},\"potentialAction\":[{\"@type\":\"SearchAction\",\"target\":{\"@type\":\"EntryPoint\",\"urlTemplate\":\"https:\\\/\\\/repliquemangacine.fr\\\/?s={search_term_string}\"},\"query-input\":{\"@type\":\"PropertyValueSpecification\",\"valueRequired\":true,\"valueName\":\"search_term_string\"}}],\"inLanguage\":\"es\"},{\"@type\":\"Organization\",\"@id\":\"https:\\\/\\\/repliquemangacine.fr\\\/#organization\",\"name\":\"R\u00e9plique Manga Cin\u00e9\",\"url\":\"https:\\\/\\\/repliquemangacine.fr\\\/\",\"logo\":{\"@type\":\"ImageObject\",\"inLanguage\":\"es\",\"@id\":\"https:\\\/\\\/repliquemangacine.fr\\\/#\\\/schema\\\/logo\\\/image\\\/\",\"url\":\"https:\\\/\\\/repliquemangacine.fr\\\/wp-content\\\/uploads\\\/2023\\\/10\\\/RMC-500250.png\",\"contentUrl\":\"https:\\\/\\\/repliquemangacine.fr\\\/wp-content\\\/uploads\\\/2023\\\/10\\\/RMC-500250.png\",\"width\":500,\"height\":250,\"caption\":\"R\u00e9plique Manga Cin\u00e9\"},\"image\":{\"@id\":\"https:\\\/\\\/repliquemangacine.fr\\\/#\\\/schema\\\/logo\\\/image\\\/\"},\"sameAs\":[\"https:\\\/\\\/www.facebook.com\\\/RepliqueMangaCine\",\"https:\\\/\\\/www.instagram.com\\\/repliquemangacine.fr\\\/\"]}]}<\/script>\n<!-- \/ Yoast SEO plugin. -->","yoast_head_json":{"title":"Soporte de pared Kolser | R\u00e9plique Manga Cin\u00e9","description":"Exhiba su rev\u00f3lver western con estilo con el soporte de pared Kolser de madera noble, completo con ganchos, cartuchos simulados y placa decorativa Colt.","robots":{"index":"index","follow":"follow","max-snippet":"max-snippet:-1","max-image-preview":"max-image-preview:large","max-video-preview":"max-video-preview:-1"},"canonical":"https:\/\/repliquemangacine.fr\/es\/accesorios-western-funda\/soporte-de-pared-kolser\/","og_locale":"es_ES","og_type":"article","og_title":"Support mural Kolser | R\u00e9plique Manga Cin\u00e9","og_description":"Exposez votre revolver western avec style gr\u00e2ce au support mural Kolser en bois noble, avec crochets, fausses cartouches et plaque Colt d\u00e9corative.","og_url":"https:\/\/repliquemangacine.fr\/es\/accesorios-western-funda\/soporte-de-pared-kolser\/","og_site_name":"R\u00e9plique Manga Cin\u00e9","article_publisher":"https:\/\/www.facebook.com\/RepliqueMangaCine","article_modified_time":"2026-02-21T13:04:20+00:00","og_image":[{"width":700,"height":500,"url":"https:\/\/repliquemangacine.fr\/wp-content\/uploads\/2025\/07\/Plaque-de-presentation-colt-1064.jpg","type":"image\/jpeg"}],"twitter_card":"summary_large_image","twitter_misc":{"Tiempo de lectura":"3 minutos"},"schema":{"@context":"https:\/\/schema.org","@graph":[{"@type":"WebPage","@id":"https:\/\/repliquemangacine.fr\/holster-accessoires-western\/support-mural-kolser\/","url":"https:\/\/repliquemangacine.fr\/holster-accessoires-western\/support-mural-kolser\/","name":"Soporte de pared Kolser | R\u00e9plique Manga Cin\u00e9","isPartOf":{"@id":"https:\/\/repliquemangacine.fr\/#website"},"primaryImageOfPage":{"@id":"https:\/\/repliquemangacine.fr\/holster-accessoires-western\/support-mural-kolser\/#primaryimage"},"image":{"@id":"https:\/\/repliquemangacine.fr\/holster-accessoires-western\/support-mural-kolser\/#primaryimage"},"thumbnailUrl":"https:\/\/repliquemangacine.fr\/wp-content\/uploads\/2025\/07\/Plaque-de-presentation-colt-1064.jpg","datePublished":"2025-07-24T11:54:58+00:00","dateModified":"2026-02-21T13:04:20+00:00","description":"Exhiba su rev\u00f3lver western con estilo con el soporte de pared Kolser de madera noble, completo con ganchos, cartuchos simulados y placa decorativa Colt.","breadcrumb":{"@id":"https:\/\/repliquemangacine.fr\/holster-accessoires-western\/support-mural-kolser\/#breadcrumb"},"inLanguage":"es","potentialAction":[{"@type":"ReadAction","target":["https:\/\/repliquemangacine.fr\/holster-accessoires-western\/support-mural-kolser\/"]}]},{"@type":"ImageObject","inLanguage":"es","@id":"https:\/\/repliquemangacine.fr\/holster-accessoires-western\/support-mural-kolser\/#primaryimage","url":"https:\/\/repliquemangacine.fr\/wp-content\/uploads\/2025\/07\/Plaque-de-presentation-colt-1064.jpg","contentUrl":"https:\/\/repliquemangacine.fr\/wp-content\/uploads\/2025\/07\/Plaque-de-presentation-colt-1064.jpg","width":700,"height":500,"caption":"Exposez votre revolver western avec style gr\u00e2ce au support mural Kolser en bois noble, avec crochets, fausses cartouches et plaque Colt d\u00e9corative.colt-1064"},{"@type":"BreadcrumbList","@id":"https:\/\/repliquemangacine.fr\/holster-accessoires-western\/support-mural-kolser\/#breadcrumb","itemListElement":[{"@type":"ListItem","position":1,"name":"Accueil","item":"https:\/\/repliquemangacine.fr\/"},{"@type":"ListItem","position":2,"name":"Produits","item":"https:\/\/repliquemangacine.fr\/boutique\/"},{"@type":"ListItem","position":3,"name":"Support mural Kolser"}]},{"@type":"WebSite","@id":"https:\/\/repliquemangacine.fr\/#website","url":"https:\/\/repliquemangacine.fr\/","name":"R\u00e9plique Manga Cin\u00e9","description":"","publisher":{"@id":"https:\/\/repliquemangacine.fr\/#organization"},"potentialAction":[{"@type":"SearchAction","target":{"@type":"EntryPoint","urlTemplate":"https:\/\/repliquemangacine.fr\/?s={search_term_string}"},"query-input":{"@type":"PropertyValueSpecification","valueRequired":true,"valueName":"search_term_string"}}],"inLanguage":"es"},{"@type":"Organization","@id":"https:\/\/repliquemangacine.fr\/#organization","name":"R\u00e9plique Manga Cin\u00e9","url":"https:\/\/repliquemangacine.fr\/","logo":{"@type":"ImageObject","inLanguage":"es","@id":"https:\/\/repliquemangacine.fr\/#\/schema\/logo\/image\/","url":"https:\/\/repliquemangacine.fr\/wp-content\/uploads\/2023\/10\/RMC-500250.png","contentUrl":"https:\/\/repliquemangacine.fr\/wp-content\/uploads\/2023\/10\/RMC-500250.png","width":500,"height":250,"caption":"R\u00e9plique Manga Cin\u00e9"},"image":{"@id":"https:\/\/repliquemangacine.fr\/#\/schema\/logo\/image\/"},"sameAs":["https:\/\/www.facebook.com\/RepliqueMangaCine","https:\/\/www.instagram.com\/repliquemangacine.fr\/"]}]}},"_links":{"self":[{"href":"https:\/\/repliquemangacine.fr\/es\/wp-json\/wp\/v2\/product\/86688","targetHints":{"allow":["GET"]}}],"collection":[{"href":"https:\/\/repliquemangacine.fr\/es\/wp-json\/wp\/v2\/product"}],"about":[{"href":"https:\/\/repliquemangacine.fr\/es\/wp-json\/wp\/v2\/types\/product"}],"wp:featuredmedia":[{"embeddable":true,"href":"https:\/\/repliquemangacine.fr\/es\/wp-json\/wp\/v2\/media\/86689"}],"wp:attachment":[{"href":"https:\/\/repliquemangacine.fr\/es\/wp-json\/wp\/v2\/media?parent=86688"}],"wp:term":[{"taxonomy":"product_brand","embeddable":true,"href":"https:\/\/repliquemangacine.fr\/es\/wp-json\/wp\/v2\/product_brand?post=86688"},{"taxonomy":"product_cat","embeddable":true,"href":"https:\/\/repliquemangacine.fr\/es\/wp-json\/wp\/v2\/product_cat?post=86688"},{"taxonomy":"product_tag","embeddable":true,"href":"https:\/\/repliquemangacine.fr\/es\/wp-json\/wp\/v2\/product_tag?post=86688"}],"curies":[{"name":"wp","href":"https:\/\/api.w.org\/{rel}","templated":true}]}}