





{"id":86664,"date":"2025-07-23T15:59:11","date_gmt":"2025-07-23T13:59:11","guid":{"rendered":"https:\/\/repliquemangacine.fr\/?post_type=product&#038;p=86664"},"modified":"2026-02-19T10:17:03","modified_gmt":"2026-02-19T09:17:03","slug":"marco-de-presentacion-para-potro","status":"publish","type":"product","link":"https:\/\/repliquemangacine.fr\/es\/western-repliques-armes\/cadre-de-presentation-pour-colt\/","title":{"rendered":"Marco de presentaci\u00f3n para Colt 5.5"},"content":{"rendered":"<h2>Una montura de presentaci\u00f3n para Colt 5.5 en aut\u00e9ntico estilo Western<\/h2>\n<p>Vamos a empezar por ver este marco de presentaci\u00f3n para Colt 5.5 es fabricado por <a href=\"https:\/\/kolser.com\/fr\/\" target=\"_blank\" rel=\"noopener noreferrer\">Kolser<\/a>, de madera maciza con acabado r\u00fastico, ideal para crear un ambiente western elegante y aut\u00e9ntico.<br \/>\nEn primer lugar, gracias a su fondo de terciopelo verde, su r\u00e9plica de rev\u00f3lver destaca perfectamente, creando un efecto llamativo.<br \/>\nEn segundo lugar, la placa dorada \u201cColts Patent Repeating Pistols\u201d aporta un toque de historia y autenticidad al conjunto de la presentaci\u00f3n.<br \/>\nPor \u00faltimo, dos ganchos met\u00e1licos integrados permiten fijar f\u00e1cilmente un rev\u00f3lver y las municiones falsas que se incluyen en el marco.<br \/>\nEste marco decorativo es ideal para una r\u00e9plica de la Colt Single Action Army, tambi\u00e9n conocida como \u201cPeacemaker\u201d.<br \/>\nF\u00e1cil de instalar, este marco es una apuesta segura tanto para coleccionistas como para aficionados al cine western.<br \/>\nEn resumen, es un producto tan decorativo como simb\u00f3lico, a la altura de sus mejores r\u00e9plicas western.<\/p>\n<h2>Por qu\u00e9 esta montura es ideal para su Colt 5.5<\/h2>\n<p>Este armaz\u00f3n ha sido especialmente dise\u00f1ado para albergar un rev\u00f3lver Colt con ca\u00f1\u00f3n de 5,5 pulgadas, un formato muy habitual en las r\u00e9plicas.<br \/>\nGracias a sus dimensiones adaptadas, garantiza una presentaci\u00f3n perfectamente equilibrada, sin forzar ni da\u00f1ar su r\u00e9plica.<br \/>\nAdem\u00e1s, los soportes met\u00e1licos integrados garantizan una excelente sujeci\u00f3n, al tiempo que conservan un acabado est\u00e9tico impecable.<br \/>\nA diferencia de otros marcos gen\u00e9ricos, este se adapta perfectamente a la forma del Colt 5.5 para un acabado digno de museo.<br \/>\nAdem\u00e1s, las municiones falsas incluidas a\u00f1aden un gran valor visual y refuerzan el realismo del conjunto expuesto.<br \/>\nAdem\u00e1s, llama inmediatamente la atenci\u00f3n, convirti\u00e9ndose en el punto focal de cualquier habitaci\u00f3n en la que se cuelgue.<br \/>\nEn conclusi\u00f3n, es un accesorio imprescindible para realzar tu Colt y darle el lugar que se merece.<\/p>\n<h2>Descubra otras r\u00e9plicas de Peacemaker en Repliquemangacine<\/h2>\n<p>En nuestro sitio web <strong>Repliquemangacine<\/strong>, descubra una selecci\u00f3n exclusiva de r\u00e9plicas de la famosa Colt Peacemaker calibre .45 en 5,5 pulgadas.<br \/>\nEntre nuestros imprescindibles, descubra el <a href=\"https:\/\/repliquemangacine.fr\/es\/denix\/revolver-colt-peacemaker-55-pulgadas-calibre-45-2\/\" target=\"_blank\" rel=\"noopener noreferrer\">Rev\u00f3lver Colt Peacemaker 5,5 pulgadas de Denix<\/a>, acabado met\u00e1lico realista y mango imitaci\u00f3n madera.<br \/>\nTambi\u00e9n ofrecemos el magn\u00edfico <a href=\"https:\/\/repliquemangacine.fr\/es\/pistola-kolser\/colt-peacemaker-kolser-5-5-snake\/\" target=\"_blank\" rel=\"noopener noreferrer\">Colt Peacemaker Kolser 5.5 Snake<\/a>, con un aspecto \u00fanico gracias a su ca\u00f1\u00f3n grabado y sus cuidados acabados.<br \/>\nEstos \u00faltimos se adaptan perfectamente al marco de presentaci\u00f3n Kolser.<br \/>\nEn <strong>Repliquemangacine<\/strong>, cada pieza ha sido seleccionada por su calidad, su realismo y su potencial decorativo.<br \/>\nNuestros apasionados clientes aprecian la combinaci\u00f3n entre la autenticidad hist\u00f3rica y una presentaci\u00f3n digna de los mejores decorados cinematogr\u00e1ficos.<br \/>\nA\u00f1ade un toque western a tu decoraci\u00f3n o completa tu colecci\u00f3n con r\u00e9plicas de alta calidad.<br \/>\nY, por supuesto, disfrute de nuestro r\u00e1pido servicio de entrega y de una atenci\u00f3n al cliente atenta para cualquier pregunta o consejo.<\/p>","protected":false},"excerpt":{"rendered":"<p><strong>Detalles del producto :<\/strong><\/p>\n<ul>\n<li>Marca : Kolser<\/li>\n<li>Se adapta perfectamente al Colt de 5,5\".<\/li>\n<li>Marco de madera de estilo r\u00fastico, acabado oscuro para un efecto aut\u00e9ntico<\/li>\n<li>Interior de terciopelo verde oscuro, perfecto para resaltar la r\u00e9plica y la munici\u00f3n<\/li>\n<li>Placa de metal dorado con elegante grabado: \"Colts Patent Repeating Pistols\".<\/li>\n<li>Soportes met\u00e1licos integrales para sujetar armas y munici\u00f3n (desmontables)<\/li>\n<li>Dise\u00f1ado para colgarlo en la pared o exponerlo en un mueble<\/li>\n<\/ul>","protected":false},"featured_media":86674,"template":"","meta":[],"product_brand":[896],"product_cat":[51,90,27,64],"product_tag":[],"class_list":{"0":"post-86664","1":"product","2":"type-product","3":"status-publish","4":"has-post-thumbnail","6":"product_brand-replique-manga-cine","7":"product_cat-accessoires-western","8":"product_cat-holster-accessoires-western","9":"product_cat-armes-et-accessoires-western","10":"product_cat-western-repliques-armes","12":"first","13":"instock","14":"taxable","15":"shipping-taxable","16":"purchasable","17":"product-type-simple"},"yoast_head":"<!-- This site is optimized with the Yoast SEO plugin v27.4 - https:\/\/yoast.com\/product\/yoast-seo-wordpress\/ -->\n<title>Cadre de pr\u00e9sentation pour Colt 5.5 - Kolser | R\u00e9plique Manga Cin\u00e9<\/title>\n<meta name=\"description\" content=\"Cadre de pr\u00e9sentation pour Colt en bois avec fond velours vert et plaque dor\u00e9e. Id\u00e9al pour collectionneurs et d\u00e9co Western.\" \/>\n<meta name=\"robots\" content=\"index, follow, max-snippet:-1, max-image-preview:large, max-video-preview:-1\" \/>\n<link rel=\"canonical\" href=\"https:\/\/repliquemangacine.fr\/es\/replicas-de-armas-occidentales\/marco-de-presentacion-para-potro\/\" \/>\n<meta property=\"og:locale\" content=\"es_ES\" \/>\n<meta property=\"og:type\" content=\"article\" \/>\n<meta property=\"og:title\" content=\"Cadre de pr\u00e9sentation pour Colt 5.5 - Kolser | R\u00e9plique Manga Cin\u00e9\" \/>\n<meta property=\"og:description\" content=\"Cadre de pr\u00e9sentation pour Colt en bois avec fond velours vert et plaque dor\u00e9e. Id\u00e9al pour collectionneurs et d\u00e9co Western.\" \/>\n<meta property=\"og:url\" content=\"https:\/\/repliquemangacine.fr\/es\/replicas-de-armas-occidentales\/marco-de-presentacion-para-potro\/\" \/>\n<meta property=\"og:site_name\" content=\"R\u00e9plique Manga Cin\u00e9\" \/>\n<meta property=\"article:publisher\" content=\"https:\/\/www.facebook.com\/RepliqueMangaCine\" \/>\n<meta property=\"article:modified_time\" content=\"2026-02-19T09:17:03+00:00\" \/>\n<meta property=\"og:image\" content=\"https:\/\/repliquemangacine.fr\/wp-content\/uploads\/2025\/07\/Cadre-de-presentation-pour-colt-1065.jpg\" \/>\n\t<meta property=\"og:image:width\" content=\"700\" \/>\n\t<meta property=\"og:image:height\" content=\"500\" \/>\n\t<meta property=\"og:image:type\" content=\"image\/jpeg\" \/>\n<meta name=\"twitter:card\" content=\"summary_large_image\" \/>\n<meta name=\"twitter:label1\" content=\"Tiempo de lectura\" \/>\n\t<meta name=\"twitter:data1\" content=\"3 minutos\" \/>\n<script type=\"application\/ld+json\" class=\"yoast-schema-graph\">{\"@context\":\"https:\\\/\\\/schema.org\",\"@graph\":[{\"@type\":\"WebPage\",\"@id\":\"https:\\\/\\\/repliquemangacine.fr\\\/western-repliques-armes\\\/cadre-de-presentation-pour-colt\\\/\",\"url\":\"https:\\\/\\\/repliquemangacine.fr\\\/western-repliques-armes\\\/cadre-de-presentation-pour-colt\\\/\",\"name\":\"Cadre de pr\u00e9sentation pour Colt 5.5 - Kolser | R\u00e9plique Manga Cin\u00e9\",\"isPartOf\":{\"@id\":\"https:\\\/\\\/repliquemangacine.fr\\\/#website\"},\"primaryImageOfPage\":{\"@id\":\"https:\\\/\\\/repliquemangacine.fr\\\/western-repliques-armes\\\/cadre-de-presentation-pour-colt\\\/#primaryimage\"},\"image\":{\"@id\":\"https:\\\/\\\/repliquemangacine.fr\\\/western-repliques-armes\\\/cadre-de-presentation-pour-colt\\\/#primaryimage\"},\"thumbnailUrl\":\"https:\\\/\\\/repliquemangacine.fr\\\/wp-content\\\/uploads\\\/2025\\\/07\\\/Cadre-de-presentation-pour-colt-1065.jpg\",\"datePublished\":\"2025-07-23T13:59:11+00:00\",\"dateModified\":\"2026-02-19T09:17:03+00:00\",\"description\":\"Cadre de pr\u00e9sentation pour Colt en bois avec fond velours vert et plaque dor\u00e9e. Id\u00e9al pour collectionneurs et d\u00e9co Western.\",\"breadcrumb\":{\"@id\":\"https:\\\/\\\/repliquemangacine.fr\\\/western-repliques-armes\\\/cadre-de-presentation-pour-colt\\\/#breadcrumb\"},\"inLanguage\":\"es\",\"potentialAction\":[{\"@type\":\"ReadAction\",\"target\":[\"https:\\\/\\\/repliquemangacine.fr\\\/western-repliques-armes\\\/cadre-de-presentation-pour-colt\\\/\"]}]},{\"@type\":\"ImageObject\",\"inLanguage\":\"es\",\"@id\":\"https:\\\/\\\/repliquemangacine.fr\\\/western-repliques-armes\\\/cadre-de-presentation-pour-colt\\\/#primaryimage\",\"url\":\"https:\\\/\\\/repliquemangacine.fr\\\/wp-content\\\/uploads\\\/2025\\\/07\\\/Cadre-de-presentation-pour-colt-1065.jpg\",\"contentUrl\":\"https:\\\/\\\/repliquemangacine.fr\\\/wp-content\\\/uploads\\\/2025\\\/07\\\/Cadre-de-presentation-pour-colt-1065.jpg\",\"width\":700,\"height\":500,\"caption\":\"Cadre-de-pr\u00e9sentation-pour-colt-1065\"},{\"@type\":\"BreadcrumbList\",\"@id\":\"https:\\\/\\\/repliquemangacine.fr\\\/western-repliques-armes\\\/cadre-de-presentation-pour-colt\\\/#breadcrumb\",\"itemListElement\":[{\"@type\":\"ListItem\",\"position\":1,\"name\":\"Accueil\",\"item\":\"https:\\\/\\\/repliquemangacine.fr\\\/\"},{\"@type\":\"ListItem\",\"position\":2,\"name\":\"Produits\",\"item\":\"https:\\\/\\\/repliquemangacine.fr\\\/boutique\\\/\"},{\"@type\":\"ListItem\",\"position\":3,\"name\":\"Cadre de pr\u00e9sentation pour Colt 5.5\"}]},{\"@type\":\"WebSite\",\"@id\":\"https:\\\/\\\/repliquemangacine.fr\\\/#website\",\"url\":\"https:\\\/\\\/repliquemangacine.fr\\\/\",\"name\":\"R\u00e9plique Manga Cin\u00e9\",\"description\":\"\",\"publisher\":{\"@id\":\"https:\\\/\\\/repliquemangacine.fr\\\/#organization\"},\"potentialAction\":[{\"@type\":\"SearchAction\",\"target\":{\"@type\":\"EntryPoint\",\"urlTemplate\":\"https:\\\/\\\/repliquemangacine.fr\\\/?s={search_term_string}\"},\"query-input\":{\"@type\":\"PropertyValueSpecification\",\"valueRequired\":true,\"valueName\":\"search_term_string\"}}],\"inLanguage\":\"es\"},{\"@type\":\"Organization\",\"@id\":\"https:\\\/\\\/repliquemangacine.fr\\\/#organization\",\"name\":\"R\u00e9plique Manga Cin\u00e9\",\"url\":\"https:\\\/\\\/repliquemangacine.fr\\\/\",\"logo\":{\"@type\":\"ImageObject\",\"inLanguage\":\"es\",\"@id\":\"https:\\\/\\\/repliquemangacine.fr\\\/#\\\/schema\\\/logo\\\/image\\\/\",\"url\":\"https:\\\/\\\/repliquemangacine.fr\\\/wp-content\\\/uploads\\\/2023\\\/10\\\/RMC-500250.png\",\"contentUrl\":\"https:\\\/\\\/repliquemangacine.fr\\\/wp-content\\\/uploads\\\/2023\\\/10\\\/RMC-500250.png\",\"width\":500,\"height\":250,\"caption\":\"R\u00e9plique Manga Cin\u00e9\"},\"image\":{\"@id\":\"https:\\\/\\\/repliquemangacine.fr\\\/#\\\/schema\\\/logo\\\/image\\\/\"},\"sameAs\":[\"https:\\\/\\\/www.facebook.com\\\/RepliqueMangaCine\",\"https:\\\/\\\/www.instagram.com\\\/repliquemangacine.fr\\\/\"]}]}<\/script>\n<!-- \/ Yoast SEO plugin. -->","yoast_head_json":{"title":"Marco de presentaci\u00f3n para Colt 5.5 - Kolser | R\u00e9plique Manga Cin\u00e9","description":"Marco expositor Colt de madera con fondo de terciopelo verde y placa dorada. Ideal para coleccionistas y decoraci\u00f3n Western.","robots":{"index":"index","follow":"follow","max-snippet":"max-snippet:-1","max-image-preview":"max-image-preview:large","max-video-preview":"max-video-preview:-1"},"canonical":"https:\/\/repliquemangacine.fr\/es\/replicas-de-armas-occidentales\/marco-de-presentacion-para-potro\/","og_locale":"es_ES","og_type":"article","og_title":"Cadre de pr\u00e9sentation pour Colt 5.5 - Kolser | R\u00e9plique Manga Cin\u00e9","og_description":"Cadre de pr\u00e9sentation pour Colt en bois avec fond velours vert et plaque dor\u00e9e. Id\u00e9al pour collectionneurs et d\u00e9co Western.","og_url":"https:\/\/repliquemangacine.fr\/es\/replicas-de-armas-occidentales\/marco-de-presentacion-para-potro\/","og_site_name":"R\u00e9plique Manga Cin\u00e9","article_publisher":"https:\/\/www.facebook.com\/RepliqueMangaCine","article_modified_time":"2026-02-19T09:17:03+00:00","og_image":[{"width":700,"height":500,"url":"https:\/\/repliquemangacine.fr\/wp-content\/uploads\/2025\/07\/Cadre-de-presentation-pour-colt-1065.jpg","type":"image\/jpeg"}],"twitter_card":"summary_large_image","twitter_misc":{"Tiempo de lectura":"3 minutos"},"schema":{"@context":"https:\/\/schema.org","@graph":[{"@type":"WebPage","@id":"https:\/\/repliquemangacine.fr\/western-repliques-armes\/cadre-de-presentation-pour-colt\/","url":"https:\/\/repliquemangacine.fr\/western-repliques-armes\/cadre-de-presentation-pour-colt\/","name":"Marco de presentaci\u00f3n para Colt 5.5 - Kolser | R\u00e9plique Manga Cin\u00e9","isPartOf":{"@id":"https:\/\/repliquemangacine.fr\/#website"},"primaryImageOfPage":{"@id":"https:\/\/repliquemangacine.fr\/western-repliques-armes\/cadre-de-presentation-pour-colt\/#primaryimage"},"image":{"@id":"https:\/\/repliquemangacine.fr\/western-repliques-armes\/cadre-de-presentation-pour-colt\/#primaryimage"},"thumbnailUrl":"https:\/\/repliquemangacine.fr\/wp-content\/uploads\/2025\/07\/Cadre-de-presentation-pour-colt-1065.jpg","datePublished":"2025-07-23T13:59:11+00:00","dateModified":"2026-02-19T09:17:03+00:00","description":"Marco expositor Colt de madera con fondo de terciopelo verde y placa dorada. Ideal para coleccionistas y decoraci\u00f3n Western.","breadcrumb":{"@id":"https:\/\/repliquemangacine.fr\/western-repliques-armes\/cadre-de-presentation-pour-colt\/#breadcrumb"},"inLanguage":"es","potentialAction":[{"@type":"ReadAction","target":["https:\/\/repliquemangacine.fr\/western-repliques-armes\/cadre-de-presentation-pour-colt\/"]}]},{"@type":"ImageObject","inLanguage":"es","@id":"https:\/\/repliquemangacine.fr\/western-repliques-armes\/cadre-de-presentation-pour-colt\/#primaryimage","url":"https:\/\/repliquemangacine.fr\/wp-content\/uploads\/2025\/07\/Cadre-de-presentation-pour-colt-1065.jpg","contentUrl":"https:\/\/repliquemangacine.fr\/wp-content\/uploads\/2025\/07\/Cadre-de-presentation-pour-colt-1065.jpg","width":700,"height":500,"caption":"Cadre-de-pr\u00e9sentation-pour-colt-1065"},{"@type":"BreadcrumbList","@id":"https:\/\/repliquemangacine.fr\/western-repliques-armes\/cadre-de-presentation-pour-colt\/#breadcrumb","itemListElement":[{"@type":"ListItem","position":1,"name":"Accueil","item":"https:\/\/repliquemangacine.fr\/"},{"@type":"ListItem","position":2,"name":"Produits","item":"https:\/\/repliquemangacine.fr\/boutique\/"},{"@type":"ListItem","position":3,"name":"Cadre de pr\u00e9sentation pour Colt 5.5"}]},{"@type":"WebSite","@id":"https:\/\/repliquemangacine.fr\/#website","url":"https:\/\/repliquemangacine.fr\/","name":"R\u00e9plique Manga Cin\u00e9","description":"","publisher":{"@id":"https:\/\/repliquemangacine.fr\/#organization"},"potentialAction":[{"@type":"SearchAction","target":{"@type":"EntryPoint","urlTemplate":"https:\/\/repliquemangacine.fr\/?s={search_term_string}"},"query-input":{"@type":"PropertyValueSpecification","valueRequired":true,"valueName":"search_term_string"}}],"inLanguage":"es"},{"@type":"Organization","@id":"https:\/\/repliquemangacine.fr\/#organization","name":"R\u00e9plique Manga Cin\u00e9","url":"https:\/\/repliquemangacine.fr\/","logo":{"@type":"ImageObject","inLanguage":"es","@id":"https:\/\/repliquemangacine.fr\/#\/schema\/logo\/image\/","url":"https:\/\/repliquemangacine.fr\/wp-content\/uploads\/2023\/10\/RMC-500250.png","contentUrl":"https:\/\/repliquemangacine.fr\/wp-content\/uploads\/2023\/10\/RMC-500250.png","width":500,"height":250,"caption":"R\u00e9plique Manga Cin\u00e9"},"image":{"@id":"https:\/\/repliquemangacine.fr\/#\/schema\/logo\/image\/"},"sameAs":["https:\/\/www.facebook.com\/RepliqueMangaCine","https:\/\/www.instagram.com\/repliquemangacine.fr\/"]}]}},"_links":{"self":[{"href":"https:\/\/repliquemangacine.fr\/es\/wp-json\/wp\/v2\/product\/86664","targetHints":{"allow":["GET"]}}],"collection":[{"href":"https:\/\/repliquemangacine.fr\/es\/wp-json\/wp\/v2\/product"}],"about":[{"href":"https:\/\/repliquemangacine.fr\/es\/wp-json\/wp\/v2\/types\/product"}],"wp:featuredmedia":[{"embeddable":true,"href":"https:\/\/repliquemangacine.fr\/es\/wp-json\/wp\/v2\/media\/86674"}],"wp:attachment":[{"href":"https:\/\/repliquemangacine.fr\/es\/wp-json\/wp\/v2\/media?parent=86664"}],"wp:term":[{"taxonomy":"product_brand","embeddable":true,"href":"https:\/\/repliquemangacine.fr\/es\/wp-json\/wp\/v2\/product_brand?post=86664"},{"taxonomy":"product_cat","embeddable":true,"href":"https:\/\/repliquemangacine.fr\/es\/wp-json\/wp\/v2\/product_cat?post=86664"},{"taxonomy":"product_tag","embeddable":true,"href":"https:\/\/repliquemangacine.fr\/es\/wp-json\/wp\/v2\/product_tag?post=86664"}],"curies":[{"name":"wp","href":"https:\/\/api.w.org\/{rel}","templated":true}]}}