





{"id":86655,"date":"2025-07-23T13:56:38","date_gmt":"2025-07-23T11:56:38","guid":{"rendered":"https:\/\/repliquemangacine.fr\/?post_type=product&#038;p=86655"},"modified":"2025-11-12T23:54:08","modified_gmt":"2025-11-12T22:54:08","slug":"cuchillo-templario-rojo","status":"publish","type":"product","link":"https:\/\/repliquemangacine.fr\/es\/coutellerie\/couteau-templier-rouge\/","title":{"rendered":"Cuchillo templario rojo"},"content":{"rendered":"<h2>Un cuchillo templario rojo con un dise\u00f1o potente y detallado<\/h2>\n<p>Empecemos por examinar este cuchillo Templario rojo con una hoja de acero inoxidable negra, fina, elegante y perfectamente sim\u00e9trica.<br \/>\nAs\u00ed, el mango de metal cepillado rojo y plateado luce con orgullo una <a href=\"https:\/\/fr.wikipedia.org\/wiki\/Ordre_du_Temple\" target=\"_blank\" rel=\"noopener noreferrer\">Cruz templaria<\/a> negro, s\u00edmbolo de fe y poder.<br \/>\nCada extremo del mango est\u00e1 tallado con cruces estilizadas, que recuerdan la iconograf\u00eda sagrada de los caballeros templarios medievales.<br \/>\nSu tama\u00f1o compacto y su clip para el cintur\u00f3n integrado permiten transportarlo f\u00e1cilmente y con total seguridad en cualquier circunstancia.<br \/>\nEl sistema de cierre seguro garantiza un uso pr\u00e1ctico, fluido y fiable en el d\u00eda a d\u00eda o en su colecci\u00f3n.<br \/>\nInspirado en los caballeros cruzados, encarna la valent\u00eda, la lealtad y la fuerza de las \u00f3rdenes sagradas de la Edad Media.<br \/>\nPor \u00faltimo, tanto si eres un coleccionista apasionado como un aficionado a los objetos medievales, este modelo ocupar\u00e1 un lugar destacado.<br \/>\nSu dise\u00f1o robusto, sus impecables acabados y su estilo ic\u00f3nico lo convierten en un imprescindible para todos los aficionados.<\/p>\n<h2>Un cuchillo con car\u00e1cter, s\u00edmbolo de fuerza y compromiso<\/h2>\n<p>Por otra parte, este cuchillo templario rojo no es un simple accesorio: es un aut\u00e9ntico manifiesto de su pasi\u00f3n por la historia.<br \/>\nSus cruces templarias evocan las batallas, las cruzadas y la determinaci\u00f3n de los guerreros sagrados m\u00e1s importantes de la \u00e9poca medieval.<br \/>\nEl color rojo simboliza la sangre derramada por la justicia, el honor y la lealtad, valores fundamentales de esta legendaria orden.<br \/>\nSu dise\u00f1o ergon\u00f3mico y su apertura fluida lo convierten en un objeto tan pr\u00e1ctico como est\u00e9tico para el d\u00eda a d\u00eda.<br \/>\nEs un cuchillo que no deja indiferente a nadie, perfecto para regalar o completar una colecci\u00f3n \u00fanica y memorable.<br \/>\nYa sea como decoraci\u00f3n, en cosplay o como pieza central de un escaparate, afirma tu pasi\u00f3n con fuerza y elegancia.<br \/>\nMucho m\u00e1s que un objeto, es toda una historia grabada en el metal.<\/p>\n<h2>Repliquemangacine: su destino para r\u00e9plicas de culto<\/h2>\n<p>Visite <strong>Repliquemangacine<\/strong>Encontrar\u00e1s una amplia gama de r\u00e9plicas de tus mundos favoritos: <a href=\"https:\/\/repliquemangacine.fr\/es\/replica-de-videojuegos-manga\/\" target=\"_blank\" rel=\"noopener noreferrer\">manga, cine, videojuegos<\/a> e Historia.<br \/>\nEn primer lugar, ofrecemos katanas luminosas inspiradas en One Piece, Demon Slayer, Zelda, Naruto o Sword Art Online.<br \/>\nEn cuanto a cine y series, descubre nuestras r\u00e9plicas de espadas, sables y objetos de culto de Harry Potter, El Se\u00f1or de los Anillos o Juego de Tronos.<br \/>\nLos amantes de la historia tambi\u00e9n disfrutar\u00e1n con nuestras espadas antiguas, espadas medievales, sables piratas y armas de ambos <a href=\"https:\/\/repliquemangacine.fr\/es\/armas-accesorias-guerra-mundial\/\" target=\"_blank\" rel=\"noopener noreferrer\">guerras mundiales.<\/a><br \/>\n\u00bfTe gusta el Lejano Oeste? D\u00e9jate seducir por nuestras r\u00e9plicas fieles de rev\u00f3lveres Colt, rifles Winchester y estrellas de sheriff.<br \/>\nA\u00f1\u00e1dele nuestros art\u00edculos promocionales, figuras y llaveros de colecci\u00f3n para completar tu universo.<br \/>\nEn resumen,<strong> Repliquemangacine<\/strong>Es la ventanilla \u00fanica para los aficionados a las armas legendarias y los h\u00e9roes m\u00edticos.<\/p>\n<p><strong>\u26a0\ufe0f Venta prohibida a menores. Es posible que tras realizar el pedido se solicite una verificaci\u00f3n de identidad para confirmar la mayor\u00eda de edad del comprador.<\/strong><\/p>","protected":false},"excerpt":{"rendered":"<p><strong>Especificaciones t\u00e9cnicas :<\/strong><\/p>\n<ul>\n<li>Hoja: Acero inoxidable negro, con doble filo central decorativo<\/li>\n<li>Empu\u00f1adura: aleaci\u00f3n de metal cepillado rojo y plateado, con cruz templaria en relieve<\/li>\n<li>Sistema: Apertura manual con aleta (tipo cuchilla con resorte o semiautom\u00e1tica)<\/li>\n<li>Clip para cintur\u00f3n: S\u00ed, para un transporte r\u00e1pido y sencillo<\/li>\n<li>Cierre: Liner lock<\/li>\n<li>Longitud total (abierto) : Aprox. 20 cm<\/li>\n<li><\/li>\n<\/ul>","protected":false},"featured_media":86657,"template":"","meta":[],"product_brand":[],"product_cat":[891,884],"product_tag":[],"class_list":{"0":"post-86655","1":"product","2":"type-product","3":"status-publish","4":"has-post-thumbnail","6":"product_cat-couteaux-automatiques","7":"product_cat-coutellerie","9":"first","10":"instock","11":"taxable","12":"shipping-taxable","13":"purchasable","14":"product-type-simple"},"yoast_head":"<!-- This site is optimized with the Yoast SEO plugin v27.4 - https:\/\/yoast.com\/product\/yoast-seo-wordpress\/ -->\n<title>Couteau Templier Rouge - R\u00e9plique Manga Cin\u00e9<\/title>\n<meta name=\"description\" content=\"Ajoutez un couteau de poche stylis\u00e9 Templier rouge \u00e0 votre collection ! Lame noire, croix templi\u00e8res, clip ceinture \u2013 entre histoire et l\u00e9gende !\" \/>\n<meta name=\"robots\" content=\"index, follow, max-snippet:-1, max-image-preview:large, max-video-preview:-1\" \/>\n<link rel=\"canonical\" href=\"https:\/\/repliquemangacine.fr\/es\/cubiertos\/cuchillo-templario-rojo\/\" \/>\n<meta property=\"og:locale\" content=\"es_ES\" \/>\n<meta property=\"og:type\" content=\"article\" \/>\n<meta property=\"og:title\" content=\"Couteau Templier Rouge - R\u00e9plique Manga Cin\u00e9\" \/>\n<meta property=\"og:description\" content=\"Ajoutez un couteau de poche stylis\u00e9 Templier rouge \u00e0 votre collection ! Lame noire, croix templi\u00e8res, clip ceinture \u2013 entre histoire et l\u00e9gende !\" \/>\n<meta property=\"og:url\" content=\"https:\/\/repliquemangacine.fr\/es\/cubiertos\/cuchillo-templario-rojo\/\" \/>\n<meta property=\"og:site_name\" content=\"R\u00e9plique Manga Cin\u00e9\" \/>\n<meta property=\"article:publisher\" content=\"https:\/\/www.facebook.com\/RepliqueMangaCine\" \/>\n<meta property=\"article:modified_time\" content=\"2025-11-12T22:54:08+00:00\" \/>\n<meta property=\"og:image\" content=\"https:\/\/repliquemangacine.fr\/wp-content\/uploads\/2025\/07\/Couteau-Templier-rouge.jpg\" \/>\n\t<meta property=\"og:image:width\" content=\"700\" \/>\n\t<meta property=\"og:image:height\" content=\"700\" \/>\n\t<meta property=\"og:image:type\" content=\"image\/jpeg\" \/>\n<meta name=\"twitter:card\" content=\"summary_large_image\" \/>\n<meta name=\"twitter:label1\" content=\"Tiempo de lectura\" \/>\n\t<meta name=\"twitter:data1\" content=\"3 minutos\" \/>\n<script type=\"application\/ld+json\" class=\"yoast-schema-graph\">{\"@context\":\"https:\\\/\\\/schema.org\",\"@graph\":[{\"@type\":\"WebPage\",\"@id\":\"https:\\\/\\\/repliquemangacine.fr\\\/coutellerie\\\/couteau-templier-rouge\\\/\",\"url\":\"https:\\\/\\\/repliquemangacine.fr\\\/coutellerie\\\/couteau-templier-rouge\\\/\",\"name\":\"Couteau Templier Rouge - R\u00e9plique Manga Cin\u00e9\",\"isPartOf\":{\"@id\":\"https:\\\/\\\/repliquemangacine.fr\\\/#website\"},\"primaryImageOfPage\":{\"@id\":\"https:\\\/\\\/repliquemangacine.fr\\\/coutellerie\\\/couteau-templier-rouge\\\/#primaryimage\"},\"image\":{\"@id\":\"https:\\\/\\\/repliquemangacine.fr\\\/coutellerie\\\/couteau-templier-rouge\\\/#primaryimage\"},\"thumbnailUrl\":\"https:\\\/\\\/repliquemangacine.fr\\\/wp-content\\\/uploads\\\/2025\\\/07\\\/Couteau-Templier-rouge.jpg\",\"datePublished\":\"2025-07-23T11:56:38+00:00\",\"dateModified\":\"2025-11-12T22:54:08+00:00\",\"description\":\"Ajoutez un couteau de poche stylis\u00e9 Templier rouge \u00e0 votre collection ! Lame noire, croix templi\u00e8res, clip ceinture \u2013 entre histoire et l\u00e9gende !\",\"breadcrumb\":{\"@id\":\"https:\\\/\\\/repliquemangacine.fr\\\/coutellerie\\\/couteau-templier-rouge\\\/#breadcrumb\"},\"inLanguage\":\"es\",\"potentialAction\":[{\"@type\":\"ReadAction\",\"target\":[\"https:\\\/\\\/repliquemangacine.fr\\\/coutellerie\\\/couteau-templier-rouge\\\/\"]}]},{\"@type\":\"ImageObject\",\"inLanguage\":\"es\",\"@id\":\"https:\\\/\\\/repliquemangacine.fr\\\/coutellerie\\\/couteau-templier-rouge\\\/#primaryimage\",\"url\":\"https:\\\/\\\/repliquemangacine.fr\\\/wp-content\\\/uploads\\\/2025\\\/07\\\/Couteau-Templier-rouge.jpg\",\"contentUrl\":\"https:\\\/\\\/repliquemangacine.fr\\\/wp-content\\\/uploads\\\/2025\\\/07\\\/Couteau-Templier-rouge.jpg\",\"width\":700,\"height\":700,\"caption\":\"Couteau-Templier-rouge\"},{\"@type\":\"BreadcrumbList\",\"@id\":\"https:\\\/\\\/repliquemangacine.fr\\\/coutellerie\\\/couteau-templier-rouge\\\/#breadcrumb\",\"itemListElement\":[{\"@type\":\"ListItem\",\"position\":1,\"name\":\"Accueil\",\"item\":\"https:\\\/\\\/repliquemangacine.fr\\\/\"},{\"@type\":\"ListItem\",\"position\":2,\"name\":\"Produits\",\"item\":\"https:\\\/\\\/repliquemangacine.fr\\\/boutique\\\/\"},{\"@type\":\"ListItem\",\"position\":3,\"name\":\"Couteau Templier Rouge\"}]},{\"@type\":\"WebSite\",\"@id\":\"https:\\\/\\\/repliquemangacine.fr\\\/#website\",\"url\":\"https:\\\/\\\/repliquemangacine.fr\\\/\",\"name\":\"R\u00e9plique Manga Cin\u00e9\",\"description\":\"\",\"publisher\":{\"@id\":\"https:\\\/\\\/repliquemangacine.fr\\\/#organization\"},\"potentialAction\":[{\"@type\":\"SearchAction\",\"target\":{\"@type\":\"EntryPoint\",\"urlTemplate\":\"https:\\\/\\\/repliquemangacine.fr\\\/?s={search_term_string}\"},\"query-input\":{\"@type\":\"PropertyValueSpecification\",\"valueRequired\":true,\"valueName\":\"search_term_string\"}}],\"inLanguage\":\"es\"},{\"@type\":\"Organization\",\"@id\":\"https:\\\/\\\/repliquemangacine.fr\\\/#organization\",\"name\":\"R\u00e9plique Manga Cin\u00e9\",\"url\":\"https:\\\/\\\/repliquemangacine.fr\\\/\",\"logo\":{\"@type\":\"ImageObject\",\"inLanguage\":\"es\",\"@id\":\"https:\\\/\\\/repliquemangacine.fr\\\/#\\\/schema\\\/logo\\\/image\\\/\",\"url\":\"https:\\\/\\\/repliquemangacine.fr\\\/wp-content\\\/uploads\\\/2023\\\/10\\\/RMC-500250.png\",\"contentUrl\":\"https:\\\/\\\/repliquemangacine.fr\\\/wp-content\\\/uploads\\\/2023\\\/10\\\/RMC-500250.png\",\"width\":500,\"height\":250,\"caption\":\"R\u00e9plique Manga Cin\u00e9\"},\"image\":{\"@id\":\"https:\\\/\\\/repliquemangacine.fr\\\/#\\\/schema\\\/logo\\\/image\\\/\"},\"sameAs\":[\"https:\\\/\\\/www.facebook.com\\\/RepliqueMangaCine\",\"https:\\\/\\\/www.instagram.com\\\/repliquemangacine.fr\\\/\"]}]}<\/script>\n<!-- \/ Yoast SEO plugin. -->","yoast_head_json":{"title":"Cuchillo Templario Rojo - R\u00e9plique Manga Cin\u00e9","description":"\u00a1A\u00f1ada una elegante navaja templaria roja a su colecci\u00f3n! Hoja negra, cruces templarias, clip para cintur\u00f3n: \u00a1entre la historia y la leyenda!","robots":{"index":"index","follow":"follow","max-snippet":"max-snippet:-1","max-image-preview":"max-image-preview:large","max-video-preview":"max-video-preview:-1"},"canonical":"https:\/\/repliquemangacine.fr\/es\/cubiertos\/cuchillo-templario-rojo\/","og_locale":"es_ES","og_type":"article","og_title":"Couteau Templier Rouge - R\u00e9plique Manga Cin\u00e9","og_description":"Ajoutez un couteau de poche stylis\u00e9 Templier rouge \u00e0 votre collection ! Lame noire, croix templi\u00e8res, clip ceinture \u2013 entre histoire et l\u00e9gende !","og_url":"https:\/\/repliquemangacine.fr\/es\/cubiertos\/cuchillo-templario-rojo\/","og_site_name":"R\u00e9plique Manga Cin\u00e9","article_publisher":"https:\/\/www.facebook.com\/RepliqueMangaCine","article_modified_time":"2025-11-12T22:54:08+00:00","og_image":[{"width":700,"height":700,"url":"https:\/\/repliquemangacine.fr\/wp-content\/uploads\/2025\/07\/Couteau-Templier-rouge.jpg","type":"image\/jpeg"}],"twitter_card":"summary_large_image","twitter_misc":{"Tiempo de lectura":"3 minutos"},"schema":{"@context":"https:\/\/schema.org","@graph":[{"@type":"WebPage","@id":"https:\/\/repliquemangacine.fr\/coutellerie\/couteau-templier-rouge\/","url":"https:\/\/repliquemangacine.fr\/coutellerie\/couteau-templier-rouge\/","name":"Cuchillo Templario Rojo - R\u00e9plique Manga Cin\u00e9","isPartOf":{"@id":"https:\/\/repliquemangacine.fr\/#website"},"primaryImageOfPage":{"@id":"https:\/\/repliquemangacine.fr\/coutellerie\/couteau-templier-rouge\/#primaryimage"},"image":{"@id":"https:\/\/repliquemangacine.fr\/coutellerie\/couteau-templier-rouge\/#primaryimage"},"thumbnailUrl":"https:\/\/repliquemangacine.fr\/wp-content\/uploads\/2025\/07\/Couteau-Templier-rouge.jpg","datePublished":"2025-07-23T11:56:38+00:00","dateModified":"2025-11-12T22:54:08+00:00","description":"\u00a1A\u00f1ada una elegante navaja templaria roja a su colecci\u00f3n! Hoja negra, cruces templarias, clip para cintur\u00f3n: \u00a1entre la historia y la leyenda!","breadcrumb":{"@id":"https:\/\/repliquemangacine.fr\/coutellerie\/couteau-templier-rouge\/#breadcrumb"},"inLanguage":"es","potentialAction":[{"@type":"ReadAction","target":["https:\/\/repliquemangacine.fr\/coutellerie\/couteau-templier-rouge\/"]}]},{"@type":"ImageObject","inLanguage":"es","@id":"https:\/\/repliquemangacine.fr\/coutellerie\/couteau-templier-rouge\/#primaryimage","url":"https:\/\/repliquemangacine.fr\/wp-content\/uploads\/2025\/07\/Couteau-Templier-rouge.jpg","contentUrl":"https:\/\/repliquemangacine.fr\/wp-content\/uploads\/2025\/07\/Couteau-Templier-rouge.jpg","width":700,"height":700,"caption":"Couteau-Templier-rouge"},{"@type":"BreadcrumbList","@id":"https:\/\/repliquemangacine.fr\/coutellerie\/couteau-templier-rouge\/#breadcrumb","itemListElement":[{"@type":"ListItem","position":1,"name":"Accueil","item":"https:\/\/repliquemangacine.fr\/"},{"@type":"ListItem","position":2,"name":"Produits","item":"https:\/\/repliquemangacine.fr\/boutique\/"},{"@type":"ListItem","position":3,"name":"Couteau Templier Rouge"}]},{"@type":"WebSite","@id":"https:\/\/repliquemangacine.fr\/#website","url":"https:\/\/repliquemangacine.fr\/","name":"R\u00e9plique Manga Cin\u00e9","description":"","publisher":{"@id":"https:\/\/repliquemangacine.fr\/#organization"},"potentialAction":[{"@type":"SearchAction","target":{"@type":"EntryPoint","urlTemplate":"https:\/\/repliquemangacine.fr\/?s={search_term_string}"},"query-input":{"@type":"PropertyValueSpecification","valueRequired":true,"valueName":"search_term_string"}}],"inLanguage":"es"},{"@type":"Organization","@id":"https:\/\/repliquemangacine.fr\/#organization","name":"R\u00e9plique Manga Cin\u00e9","url":"https:\/\/repliquemangacine.fr\/","logo":{"@type":"ImageObject","inLanguage":"es","@id":"https:\/\/repliquemangacine.fr\/#\/schema\/logo\/image\/","url":"https:\/\/repliquemangacine.fr\/wp-content\/uploads\/2023\/10\/RMC-500250.png","contentUrl":"https:\/\/repliquemangacine.fr\/wp-content\/uploads\/2023\/10\/RMC-500250.png","width":500,"height":250,"caption":"R\u00e9plique Manga Cin\u00e9"},"image":{"@id":"https:\/\/repliquemangacine.fr\/#\/schema\/logo\/image\/"},"sameAs":["https:\/\/www.facebook.com\/RepliqueMangaCine","https:\/\/www.instagram.com\/repliquemangacine.fr\/"]}]}},"_links":{"self":[{"href":"https:\/\/repliquemangacine.fr\/es\/wp-json\/wp\/v2\/product\/86655","targetHints":{"allow":["GET"]}}],"collection":[{"href":"https:\/\/repliquemangacine.fr\/es\/wp-json\/wp\/v2\/product"}],"about":[{"href":"https:\/\/repliquemangacine.fr\/es\/wp-json\/wp\/v2\/types\/product"}],"wp:featuredmedia":[{"embeddable":true,"href":"https:\/\/repliquemangacine.fr\/es\/wp-json\/wp\/v2\/media\/86657"}],"wp:attachment":[{"href":"https:\/\/repliquemangacine.fr\/es\/wp-json\/wp\/v2\/media?parent=86655"}],"wp:term":[{"taxonomy":"product_brand","embeddable":true,"href":"https:\/\/repliquemangacine.fr\/es\/wp-json\/wp\/v2\/product_brand?post=86655"},{"taxonomy":"product_cat","embeddable":true,"href":"https:\/\/repliquemangacine.fr\/es\/wp-json\/wp\/v2\/product_cat?post=86655"},{"taxonomy":"product_tag","embeddable":true,"href":"https:\/\/repliquemangacine.fr\/es\/wp-json\/wp\/v2\/product_tag?post=86655"}],"curies":[{"name":"wp","href":"https:\/\/api.w.org\/{rel}","templated":true}]}}