





{"id":86294,"date":"2025-07-11T15:23:12","date_gmt":"2025-07-11T13:23:12","guid":{"rendered":"https:\/\/repliquemangacine.fr\/?post_type=product&#038;p=86294"},"modified":"2025-11-12T23:59:14","modified_gmt":"2025-11-12T22:59:14","slug":"cuchillo-plegable-tactico-negro","status":"publish","type":"product","link":"https:\/\/repliquemangacine.fr\/es\/coutellerie\/couteau-pliant-tactique-noir\/","title":{"rendered":"Cuchillo t\u00e1ctico plegable negro"},"content":{"rendered":"<h2>Navaja t\u00e1ctica plegable negra - Sobriedad, fuerza y eficacia absoluta<\/h2>\n<p>Empecemos por examinar esta navaja t\u00e1ctica negra, de dise\u00f1o sobrio, elegante y de gran calidad.<br \/>\nEn primer lugar, la hoja negra de acero inoxidable ofrece una precisi\u00f3n \u00f3ptima y una excelente capacidad de corte, incluso en materiales resistentes.<br \/>\nAdem\u00e1s, su mango negro texturizado garantiza un agarre firme, estable y c\u00f3modo.<br \/>\nAdem\u00e1s, el clip para el cintur\u00f3n permite llevarlo de forma discreta, ideal para el\u2019<a href=\"https:\/\/fr.wikipedia.org\/wiki\/EDC\" target=\"_blank\" rel=\"noopener noreferrer\">EDC (everydaycarry)<\/a>, el senderismo, los servicios de rescate o el trabajo de campo. Adem\u00e1s, gracias a su cortador de cintur\u00f3n integrado, est\u00e1 preparado para intervenir en accidentes u operaciones de rescate urgentes.<br \/>\nY un rompecristales met\u00e1lico completa el conjunto, lo que convierte a este cuchillo en una herramienta indispensable en caso de emergencia o supervivencia.<br \/>\nAdem\u00e1s, la apertura r\u00e1pida con una sola mano garantiza una reactividad m\u00e1xima en cualquier circunstancia.<br \/>\nIdeal para profesionales, supervivientes o aficionados al material t\u00e1ctico serio.<\/p>\n<h2>La verdadera utilidad de un cuchillo t\u00e1ctico dise\u00f1ado para situaciones cr\u00edticas<\/h2>\n<p>Esta navaja plegable no solo es est\u00e9tica, sino que ha sido dise\u00f1ada para la acci\u00f3n, las emergencias y el uso diario.<br \/>\nEl cortador de cintur\u00f3n integrado puede marcar la diferencia en caso de accidente, ya que permite liberar r\u00e1pidamente un cintur\u00f3n de seguridad atascado.<br \/>\nEste modelo es un aliado esencial en cualquier kit EDC o configuraci\u00f3n de supervivencia moderna.<br \/>\nGracias a su acabado negro mate, es discreto, t\u00e1ctico y adecuado tanto para profesionales como para aficionados.<br \/>\nCada detalle de este cuchillo est\u00e1 pensado para garantizar rapidez, ergonom\u00eda y eficacia en situaciones de emergencia.<br \/>\nCombina lo mejor del estilo militar, la funcionalidad y la versatilidad t\u00e1ctica moderna.<br \/>\nEn definitiva, este cuchillo es fiable, robusto y funcional, y cumple con las exigencias de los aventureros.<\/p>\n<h2>Explore mundos poderosos y variados en Repliquemangacine.fr<\/h2>\n<p>As\u00ed como este cuchillo t\u00e1ctico, <strong>Repliquemangacine.fr<\/strong> ofrece una ecl\u00e9ctica colecci\u00f3n de objetos inspirados en las obras m\u00e1s importantes.<br \/>\nGracias a nuestra cuidada selecci\u00f3n, puedes enriquecer tu colecci\u00f3n con katanas luminosas, <a href=\"https:\/\/repliquemangacine.fr\/es\/armas-historicas\/\" target=\"_blank\" rel=\"noopener noreferrer\">armas hist\u00f3ricas<\/a>, o piezas legendarias.<br \/>\nTanto si eres fan\u00e1tico de los mangas \u00e9picos como si te apasionan las historias fant\u00e1sticas, tenemos algo para satisfacer todos los gustos.<br \/>\nDesde las espadas de los samur\u00e1is hasta <a href=\"https:\/\/repliquemangacine.fr\/es\/las-espadas-del-hobbit\/espada-thranduil-el-hobbit-espada-elfa\/\" target=\"_blank\" rel=\"noopener noreferrer\">espadas \u00e9lficas<\/a>, Desde accesorios western hasta videojuegos, cada producto tiene su propio car\u00e1cter.<br \/>\nY, sobre todo, cada pieza cuenta una historia: la de un h\u00e9roe, un mundo o una batalla inolvidable.<br \/>\nConf\u00ede en <strong>Repliquemangacine.fr<\/strong> para encontrar ese objeto especial que le faltaba a su escaparate.<br \/>\nCon novedades frecuentes, siempre tendr\u00e1s una buena raz\u00f3n para volver a explorar nuestro universo.<\/p>\n<p><strong>\u26a0\ufe0f Venta prohibida a menores. Es posible que tras realizar el pedido se solicite una verificaci\u00f3n de identidad para confirmar la mayor\u00eda de edad del comprador.<\/strong><\/p>","protected":false},"excerpt":{"rendered":"<p>Cuchillo t\u00e1ctico plegable negro<\/p>\n<p><strong>Especificaciones t\u00e9cnicas :<\/strong><\/p>\n<ul>\n<li>Hoja negra acero inoxidable 400<\/li>\n<li>Una sola mano para un uso instant\u00e1neo<\/li>\n<li>Mango negro mate texturado<\/li>\n<li>Clip para cintur\u00f3n<\/li>\n<li>Cortador de cinta integrado<\/li>\n<li>Rompeventanas met\u00e1lico<\/li>\n<li>Dise\u00f1o elegante y t\u00e1ctico - look 100 % negro<\/li>\n<li>Longitud abierta: 21 cm<\/li>\n<li>Longitud del asa: 12 cm<\/li>\n<li>Longitud de la hoja: 9 cm<\/li>\n<li>Peso 148 gramos<\/li>\n<\/ul>","protected":false},"featured_media":86299,"template":"","meta":[],"product_brand":[],"product_cat":[891,884],"product_tag":[],"class_list":{"0":"post-86294","1":"product","2":"type-product","3":"status-publish","4":"has-post-thumbnail","6":"product_cat-couteaux-automatiques","7":"product_cat-coutellerie","9":"first","10":"instock","11":"taxable","12":"shipping-taxable","13":"purchasable","14":"product-type-simple"},"yoast_head":"<!-- This site is optimized with the Yoast SEO plugin v27.4 - https:\/\/yoast.com\/product\/yoast-seo-wordpress\/ -->\n<title>Couteau pliant tactique noir - R\u00e9plique Manga Cin\u00e9<\/title>\n<meta name=\"description\" content=\"Couteau pliant tactique noir avec lame noir, coupe-ceinture, brise-vitre et clip ceinture. Puissant, discret et ultra fonctionnel.\" \/>\n<meta name=\"robots\" content=\"index, follow, max-snippet:-1, max-image-preview:large, max-video-preview:-1\" \/>\n<link rel=\"canonical\" href=\"https:\/\/repliquemangacine.fr\/es\/cubiertos\/cuchillo-plegable-tactico-negro\/\" \/>\n<meta property=\"og:locale\" content=\"es_ES\" \/>\n<meta property=\"og:type\" content=\"article\" \/>\n<meta property=\"og:title\" content=\"Couteau pliant tactique noir - R\u00e9plique Manga Cin\u00e9\" \/>\n<meta property=\"og:description\" content=\"Couteau pliant tactique noir avec lame noir, coupe-ceinture, brise-vitre et clip ceinture. Puissant, discret et ultra fonctionnel.\" \/>\n<meta property=\"og:url\" content=\"https:\/\/repliquemangacine.fr\/es\/cubiertos\/cuchillo-plegable-tactico-negro\/\" \/>\n<meta property=\"og:site_name\" content=\"R\u00e9plique Manga Cin\u00e9\" \/>\n<meta property=\"article:publisher\" content=\"https:\/\/www.facebook.com\/RepliqueMangaCine\" \/>\n<meta property=\"article:modified_time\" content=\"2025-11-12T22:59:14+00:00\" \/>\n<meta property=\"og:image\" content=\"https:\/\/repliquemangacine.fr\/wp-content\/uploads\/2025\/07\/Couteau-pliant-tactique-noir.jpg\" \/>\n\t<meta property=\"og:image:width\" content=\"700\" \/>\n\t<meta property=\"og:image:height\" content=\"700\" \/>\n\t<meta property=\"og:image:type\" content=\"image\/jpeg\" \/>\n<meta name=\"twitter:card\" content=\"summary_large_image\" \/>\n<meta name=\"twitter:label1\" content=\"Tiempo de lectura\" \/>\n\t<meta name=\"twitter:data1\" content=\"3 minutos\" \/>\n<script type=\"application\/ld+json\" class=\"yoast-schema-graph\">{\"@context\":\"https:\\\/\\\/schema.org\",\"@graph\":[{\"@type\":\"WebPage\",\"@id\":\"https:\\\/\\\/repliquemangacine.fr\\\/coutellerie\\\/couteau-pliant-tactique-noir\\\/\",\"url\":\"https:\\\/\\\/repliquemangacine.fr\\\/coutellerie\\\/couteau-pliant-tactique-noir\\\/\",\"name\":\"Couteau pliant tactique noir - R\u00e9plique Manga Cin\u00e9\",\"isPartOf\":{\"@id\":\"https:\\\/\\\/repliquemangacine.fr\\\/#website\"},\"primaryImageOfPage\":{\"@id\":\"https:\\\/\\\/repliquemangacine.fr\\\/coutellerie\\\/couteau-pliant-tactique-noir\\\/#primaryimage\"},\"image\":{\"@id\":\"https:\\\/\\\/repliquemangacine.fr\\\/coutellerie\\\/couteau-pliant-tactique-noir\\\/#primaryimage\"},\"thumbnailUrl\":\"https:\\\/\\\/repliquemangacine.fr\\\/wp-content\\\/uploads\\\/2025\\\/07\\\/Couteau-pliant-tactique-noir.jpg\",\"datePublished\":\"2025-07-11T13:23:12+00:00\",\"dateModified\":\"2025-11-12T22:59:14+00:00\",\"description\":\"Couteau pliant tactique noir avec lame noir, coupe-ceinture, brise-vitre et clip ceinture. Puissant, discret et ultra fonctionnel.\",\"breadcrumb\":{\"@id\":\"https:\\\/\\\/repliquemangacine.fr\\\/coutellerie\\\/couteau-pliant-tactique-noir\\\/#breadcrumb\"},\"inLanguage\":\"es\",\"potentialAction\":[{\"@type\":\"ReadAction\",\"target\":[\"https:\\\/\\\/repliquemangacine.fr\\\/coutellerie\\\/couteau-pliant-tactique-noir\\\/\"]}]},{\"@type\":\"ImageObject\",\"inLanguage\":\"es\",\"@id\":\"https:\\\/\\\/repliquemangacine.fr\\\/coutellerie\\\/couteau-pliant-tactique-noir\\\/#primaryimage\",\"url\":\"https:\\\/\\\/repliquemangacine.fr\\\/wp-content\\\/uploads\\\/2025\\\/07\\\/Couteau-pliant-tactique-noir.jpg\",\"contentUrl\":\"https:\\\/\\\/repliquemangacine.fr\\\/wp-content\\\/uploads\\\/2025\\\/07\\\/Couteau-pliant-tactique-noir.jpg\",\"width\":700,\"height\":700,\"caption\":\"Couteau-pliant-tactique-noir\"},{\"@type\":\"BreadcrumbList\",\"@id\":\"https:\\\/\\\/repliquemangacine.fr\\\/coutellerie\\\/couteau-pliant-tactique-noir\\\/#breadcrumb\",\"itemListElement\":[{\"@type\":\"ListItem\",\"position\":1,\"name\":\"Accueil\",\"item\":\"https:\\\/\\\/repliquemangacine.fr\\\/\"},{\"@type\":\"ListItem\",\"position\":2,\"name\":\"Produits\",\"item\":\"https:\\\/\\\/repliquemangacine.fr\\\/boutique\\\/\"},{\"@type\":\"ListItem\",\"position\":3,\"name\":\"Couteau pliant tactique noir\"}]},{\"@type\":\"WebSite\",\"@id\":\"https:\\\/\\\/repliquemangacine.fr\\\/#website\",\"url\":\"https:\\\/\\\/repliquemangacine.fr\\\/\",\"name\":\"R\u00e9plique Manga Cin\u00e9\",\"description\":\"\",\"publisher\":{\"@id\":\"https:\\\/\\\/repliquemangacine.fr\\\/#organization\"},\"potentialAction\":[{\"@type\":\"SearchAction\",\"target\":{\"@type\":\"EntryPoint\",\"urlTemplate\":\"https:\\\/\\\/repliquemangacine.fr\\\/?s={search_term_string}\"},\"query-input\":{\"@type\":\"PropertyValueSpecification\",\"valueRequired\":true,\"valueName\":\"search_term_string\"}}],\"inLanguage\":\"es\"},{\"@type\":\"Organization\",\"@id\":\"https:\\\/\\\/repliquemangacine.fr\\\/#organization\",\"name\":\"R\u00e9plique Manga Cin\u00e9\",\"url\":\"https:\\\/\\\/repliquemangacine.fr\\\/\",\"logo\":{\"@type\":\"ImageObject\",\"inLanguage\":\"es\",\"@id\":\"https:\\\/\\\/repliquemangacine.fr\\\/#\\\/schema\\\/logo\\\/image\\\/\",\"url\":\"https:\\\/\\\/repliquemangacine.fr\\\/wp-content\\\/uploads\\\/2023\\\/10\\\/RMC-500250.png\",\"contentUrl\":\"https:\\\/\\\/repliquemangacine.fr\\\/wp-content\\\/uploads\\\/2023\\\/10\\\/RMC-500250.png\",\"width\":500,\"height\":250,\"caption\":\"R\u00e9plique Manga Cin\u00e9\"},\"image\":{\"@id\":\"https:\\\/\\\/repliquemangacine.fr\\\/#\\\/schema\\\/logo\\\/image\\\/\"},\"sameAs\":[\"https:\\\/\\\/www.facebook.com\\\/RepliqueMangaCine\",\"https:\\\/\\\/www.instagram.com\\\/repliquemangacine.fr\\\/\"]}]}<\/script>\n<!-- \/ Yoast SEO plugin. -->","yoast_head_json":{"title":"Navaja t\u00e1ctica plegable negra - R\u00e9plique Manga Cin\u00e9","description":"Navaja t\u00e1ctica plegable negra con hoja negra, cortador de cintur\u00f3n, rompecristales y clip para cintur\u00f3n. Potente, discreta y ultrafuncional.","robots":{"index":"index","follow":"follow","max-snippet":"max-snippet:-1","max-image-preview":"max-image-preview:large","max-video-preview":"max-video-preview:-1"},"canonical":"https:\/\/repliquemangacine.fr\/es\/cubiertos\/cuchillo-plegable-tactico-negro\/","og_locale":"es_ES","og_type":"article","og_title":"Couteau pliant tactique noir - R\u00e9plique Manga Cin\u00e9","og_description":"Couteau pliant tactique noir avec lame noir, coupe-ceinture, brise-vitre et clip ceinture. Puissant, discret et ultra fonctionnel.","og_url":"https:\/\/repliquemangacine.fr\/es\/cubiertos\/cuchillo-plegable-tactico-negro\/","og_site_name":"R\u00e9plique Manga Cin\u00e9","article_publisher":"https:\/\/www.facebook.com\/RepliqueMangaCine","article_modified_time":"2025-11-12T22:59:14+00:00","og_image":[{"width":700,"height":700,"url":"https:\/\/repliquemangacine.fr\/wp-content\/uploads\/2025\/07\/Couteau-pliant-tactique-noir.jpg","type":"image\/jpeg"}],"twitter_card":"summary_large_image","twitter_misc":{"Tiempo de lectura":"3 minutos"},"schema":{"@context":"https:\/\/schema.org","@graph":[{"@type":"WebPage","@id":"https:\/\/repliquemangacine.fr\/coutellerie\/couteau-pliant-tactique-noir\/","url":"https:\/\/repliquemangacine.fr\/coutellerie\/couteau-pliant-tactique-noir\/","name":"Navaja t\u00e1ctica plegable negra - R\u00e9plique Manga Cin\u00e9","isPartOf":{"@id":"https:\/\/repliquemangacine.fr\/#website"},"primaryImageOfPage":{"@id":"https:\/\/repliquemangacine.fr\/coutellerie\/couteau-pliant-tactique-noir\/#primaryimage"},"image":{"@id":"https:\/\/repliquemangacine.fr\/coutellerie\/couteau-pliant-tactique-noir\/#primaryimage"},"thumbnailUrl":"https:\/\/repliquemangacine.fr\/wp-content\/uploads\/2025\/07\/Couteau-pliant-tactique-noir.jpg","datePublished":"2025-07-11T13:23:12+00:00","dateModified":"2025-11-12T22:59:14+00:00","description":"Navaja t\u00e1ctica plegable negra con hoja negra, cortador de cintur\u00f3n, rompecristales y clip para cintur\u00f3n. Potente, discreta y ultrafuncional.","breadcrumb":{"@id":"https:\/\/repliquemangacine.fr\/coutellerie\/couteau-pliant-tactique-noir\/#breadcrumb"},"inLanguage":"es","potentialAction":[{"@type":"ReadAction","target":["https:\/\/repliquemangacine.fr\/coutellerie\/couteau-pliant-tactique-noir\/"]}]},{"@type":"ImageObject","inLanguage":"es","@id":"https:\/\/repliquemangacine.fr\/coutellerie\/couteau-pliant-tactique-noir\/#primaryimage","url":"https:\/\/repliquemangacine.fr\/wp-content\/uploads\/2025\/07\/Couteau-pliant-tactique-noir.jpg","contentUrl":"https:\/\/repliquemangacine.fr\/wp-content\/uploads\/2025\/07\/Couteau-pliant-tactique-noir.jpg","width":700,"height":700,"caption":"Couteau-pliant-tactique-noir"},{"@type":"BreadcrumbList","@id":"https:\/\/repliquemangacine.fr\/coutellerie\/couteau-pliant-tactique-noir\/#breadcrumb","itemListElement":[{"@type":"ListItem","position":1,"name":"Accueil","item":"https:\/\/repliquemangacine.fr\/"},{"@type":"ListItem","position":2,"name":"Produits","item":"https:\/\/repliquemangacine.fr\/boutique\/"},{"@type":"ListItem","position":3,"name":"Couteau pliant tactique noir"}]},{"@type":"WebSite","@id":"https:\/\/repliquemangacine.fr\/#website","url":"https:\/\/repliquemangacine.fr\/","name":"R\u00e9plique Manga Cin\u00e9","description":"","publisher":{"@id":"https:\/\/repliquemangacine.fr\/#organization"},"potentialAction":[{"@type":"SearchAction","target":{"@type":"EntryPoint","urlTemplate":"https:\/\/repliquemangacine.fr\/?s={search_term_string}"},"query-input":{"@type":"PropertyValueSpecification","valueRequired":true,"valueName":"search_term_string"}}],"inLanguage":"es"},{"@type":"Organization","@id":"https:\/\/repliquemangacine.fr\/#organization","name":"R\u00e9plique Manga Cin\u00e9","url":"https:\/\/repliquemangacine.fr\/","logo":{"@type":"ImageObject","inLanguage":"es","@id":"https:\/\/repliquemangacine.fr\/#\/schema\/logo\/image\/","url":"https:\/\/repliquemangacine.fr\/wp-content\/uploads\/2023\/10\/RMC-500250.png","contentUrl":"https:\/\/repliquemangacine.fr\/wp-content\/uploads\/2023\/10\/RMC-500250.png","width":500,"height":250,"caption":"R\u00e9plique Manga Cin\u00e9"},"image":{"@id":"https:\/\/repliquemangacine.fr\/#\/schema\/logo\/image\/"},"sameAs":["https:\/\/www.facebook.com\/RepliqueMangaCine","https:\/\/www.instagram.com\/repliquemangacine.fr\/"]}]}},"_links":{"self":[{"href":"https:\/\/repliquemangacine.fr\/es\/wp-json\/wp\/v2\/product\/86294","targetHints":{"allow":["GET"]}}],"collection":[{"href":"https:\/\/repliquemangacine.fr\/es\/wp-json\/wp\/v2\/product"}],"about":[{"href":"https:\/\/repliquemangacine.fr\/es\/wp-json\/wp\/v2\/types\/product"}],"wp:featuredmedia":[{"embeddable":true,"href":"https:\/\/repliquemangacine.fr\/es\/wp-json\/wp\/v2\/media\/86299"}],"wp:attachment":[{"href":"https:\/\/repliquemangacine.fr\/es\/wp-json\/wp\/v2\/media?parent=86294"}],"wp:term":[{"taxonomy":"product_brand","embeddable":true,"href":"https:\/\/repliquemangacine.fr\/es\/wp-json\/wp\/v2\/product_brand?post=86294"},{"taxonomy":"product_cat","embeddable":true,"href":"https:\/\/repliquemangacine.fr\/es\/wp-json\/wp\/v2\/product_cat?post=86294"},{"taxonomy":"product_tag","embeddable":true,"href":"https:\/\/repliquemangacine.fr\/es\/wp-json\/wp\/v2\/product_tag?post=86294"}],"curies":[{"name":"wp","href":"https:\/\/api.w.org\/{rel}","templated":true}]}}