





{"id":86264,"date":"2025-07-11T11:29:46","date_gmt":"2025-07-11T09:29:46","guid":{"rendered":"https:\/\/repliquemangacine.fr\/?post_type=product&#038;p=86264"},"modified":"2025-11-13T00:09:54","modified_gmt":"2025-11-12T23:09:54","slug":"cuchillo-de-fuego-semiautomatico","status":"publish","type":"product","link":"https:\/\/repliquemangacine.fr\/es\/coutellerie\/couteau-pompier-semi-automatique\/","title":{"rendered":"Cuchillo semiautom\u00e1tico de bombero"},"content":{"rendered":"<h2>Robusta y elegante navaja semiautom\u00e1tica plegable para bomberos<\/h2>\n<p>Empecemos echando un vistazo a este cuchillo semiautom\u00e1tico de bomberos que rinde homenaje a los bomberos, con un flamante dise\u00f1o rojo adornado con el distintivo oficial \"<a href=\"https:\/\/www.linguee.fr\/anglais-francais\/traduction\/fire+dept.html\" target=\"_blank\" rel=\"noopener noreferrer\">Bomberos<\/a>\u202f\u00bb.<br \/>\nEn primer lugar, su hoja de acero inoxidable 440 ofrece un corte limpio y preciso en cualquier situaci\u00f3n de supervivencia.<br \/>\nEn segundo lugar, el mango texturizado ofrece un mejor agarre, con aluminio rojo y negro para un aspecto t\u00e1ctico inimitable.<br \/>\nGracias al clip para el cintur\u00f3n integrado, este cuchillo se puede llevar f\u00e1cilmente a diario, con total seguridad.<br \/>\nPor otro lado, el cortador de cinturones y el rompecristales convierten a este modelo en una aut\u00e9ntica herramienta de emergencia.<br \/>\nEl sistema de apertura r\u00e1pida con una sola mano permite una reactividad \u00f3ptima, incluso en situaciones extremas.<br \/>\nTanto si eres coleccionista como aficionado, este cuchillo de bombero es una pieza imprescindible.<br \/>\nPor \u00faltimo, este modelo combina a la perfecci\u00f3n robustez, dise\u00f1o y simbolismo, para todos aquellos que admiran el compromiso de los bomberos.<\/p>\n<h2>La importancia de un cuchillo t\u00e1ctico y las caracter\u00edsticas especiales de este modelo \u00fanico<\/h2>\n<p>Hoy en d\u00eda, tener un cuchillo t\u00e1ctico fiable es esencial para situaciones imprevistas, ya sea en la ciudad o en la naturaleza.<br \/>\nEste cuchillo para bomberos destaca por su versatilidad, ya que combina la funcionalidad de intervenci\u00f3n r\u00e1pida con una est\u00e9tica cuidada.<br \/>\nEl cortador de cinturones integrado permite liberar r\u00e1pidamente a una persona atrapada, un gesto vital en los accidentes de tr\u00e1fico.<br \/>\nEl rompecristales tambi\u00e9n es \u00fatil para romper el parabrisas en un rescate de emergencia, con un m\u00ednimo esfuerzo.<br \/>\nEstas dos funciones est\u00e1n discretamente integradas en el mango, sin interferir en el agarre ni en la apertura r\u00e1pida.<br \/>\nSu peso equilibrado ofrece una sensaci\u00f3n de control perfecto, indispensable para un uso profesional o diario.<br \/>\nCombina utilidad, estilo y un fuerte simbolismo, en homenaje al valor y la capacidad de reacci\u00f3n de los bomberos.<br \/>\nSu dise\u00f1o \u00fanico y su robustez lo convierten en una referencia en el mundo de los cuchillos multifunci\u00f3n modernos.<\/p>\n<h2>Descubra otras r\u00e9plicas \u00fanicas en Repliquemangacine.fr<\/h2>\n<p>Es m\u00e1s, adem\u00e1s de este cuchillo de bombero, el <strong>Repliquemangacine.fr<\/strong> le ofrece una amplia selecci\u00f3n de productos coleccionables excepcionales.<br \/>\nEn primer lugar, descubre nuestras r\u00e9plicas fieles de katanas inspiradas en One Piece, Demon Slayer, Naruto, Bleach o Sword Art Online.<br \/>\nPor otro lado, los aficionados al cine encontrar\u00e1n lo que buscan con nuestras espadas de El Se\u00f1or de los Anillos, sables de Juego de Tronos o Rambo.<br \/>\nPero tambi\u00e9n armas hist\u00f3ricas, <a href=\"https:\/\/repliquemangacine.fr\/es\/espadas-espada-antigua\/\" target=\"_blank\" rel=\"noopener noreferrer\">espadas de gladiador<\/a>, sables de piratas y cascos de caballeros medievales.<br \/>\nLos amantes del western disfrutar\u00e1n con nuestras pistolas Colt., <a href=\"https:\/\/repliquemangacine.fr\/es\/rifle-winchester\/\" target=\"_blank\" rel=\"noopener noreferrer\">winchesters<\/a>, fundas de cuero y estrellas de sheriff aut\u00e9nticas.<br \/>\nCada art\u00edculo ha sido seleccionado por su realismo, su calidad y su poder evocador en el mundo del cine o del manga.<br \/>\nNuestros productos est\u00e1n dise\u00f1ados para dejar huella y sumergirte en el universo de tus h\u00e9roes favoritos.<br \/>\nPara terminar, echa un vistazo a <strong>Repliquemangacine.fr<\/strong> y d\u00e9jese tentar por la autenticidad y la pasi\u00f3n por el detalle.<\/p>\n<p><strong>\u26a0\ufe0f Venta prohibida a menores. Es posible que tras realizar el pedido se solicite una verificaci\u00f3n de identidad para confirmar la mayor\u00eda de edad del comprador.<\/strong><\/p>","protected":false},"excerpt":{"rendered":"<p>Cuchillo semiautom\u00e1tico de bombero<\/p>\n<p><strong>Caracter\u00edsticas principales:<\/strong><\/p>\n<ul>\n<li>Mango de aluminio acanalado rojo con logotipo \"Fire Dept\" dorado incrustado<\/li>\n<li>Rompeventanas integrado para situaciones de emergencia<\/li>\n<li>Cortador de correa en la parte posterior del mango, eficaz y seguro<\/li>\n<li>Sistema de apertura con una sola mano<\/li>\n<li>Clip negro para cintur\u00f3n<\/li>\n<li>Longitud abierto: aprox. 21 cm - Cerrado: aprox. 12 cm<\/li>\n<li>Longitud de la hoja aprox. 8 cm<\/li>\n<li>Peso 132 gramos<\/li>\n<\/ul>","protected":false},"featured_media":86266,"template":"","meta":[],"product_brand":[],"product_cat":[891,884],"product_tag":[],"class_list":{"0":"post-86264","1":"product","2":"type-product","3":"status-publish","4":"has-post-thumbnail","6":"product_cat-couteaux-automatiques","7":"product_cat-coutellerie","9":"first","10":"instock","11":"taxable","12":"shipping-taxable","13":"purchasable","14":"product-type-simple"},"yoast_head":"<!-- This site is optimized with the Yoast SEO plugin v27.4 - https:\/\/yoast.com\/product\/yoast-seo-wordpress\/ -->\n<title>Couteau pompier semi-automatique - R\u00e9plique Manga Cin\u00e9<\/title>\n<meta name=\"description\" content=\"Couteau pompier semi-automatique, coupe-ceinture et brise-vitre. Un outil tactique styl\u00e9, pratique et robuste. Disponible sur Repliquemangacine.fr.\" \/>\n<meta name=\"robots\" content=\"index, follow, max-snippet:-1, max-image-preview:large, max-video-preview:-1\" \/>\n<link rel=\"canonical\" href=\"https:\/\/repliquemangacine.fr\/es\/cubiertos\/cuchillo-de-fuego-semiautomatico\/\" \/>\n<meta property=\"og:locale\" content=\"es_ES\" \/>\n<meta property=\"og:type\" content=\"article\" \/>\n<meta property=\"og:title\" content=\"Couteau pompier semi-automatique - R\u00e9plique Manga Cin\u00e9\" \/>\n<meta property=\"og:description\" content=\"Couteau pompier semi-automatique, coupe-ceinture et brise-vitre. Un outil tactique styl\u00e9, pratique et robuste. Disponible sur Repliquemangacine.fr.\" \/>\n<meta property=\"og:url\" content=\"https:\/\/repliquemangacine.fr\/es\/cubiertos\/cuchillo-de-fuego-semiautomatico\/\" \/>\n<meta property=\"og:site_name\" content=\"R\u00e9plique Manga Cin\u00e9\" \/>\n<meta property=\"article:publisher\" content=\"https:\/\/www.facebook.com\/RepliqueMangaCine\" \/>\n<meta property=\"article:modified_time\" content=\"2025-11-12T23:09:54+00:00\" \/>\n<meta property=\"og:image\" content=\"https:\/\/repliquemangacine.fr\/wp-content\/uploads\/2025\/07\/couteau-pompier-.jpg\" \/>\n\t<meta property=\"og:image:width\" content=\"697\" \/>\n\t<meta property=\"og:image:height\" content=\"700\" \/>\n\t<meta property=\"og:image:type\" content=\"image\/jpeg\" \/>\n<meta name=\"twitter:card\" content=\"summary_large_image\" \/>\n<meta name=\"twitter:label1\" content=\"Tiempo de lectura\" \/>\n\t<meta name=\"twitter:data1\" content=\"3 minutos\" \/>\n<script type=\"application\/ld+json\" class=\"yoast-schema-graph\">{\"@context\":\"https:\\\/\\\/schema.org\",\"@graph\":[{\"@type\":\"WebPage\",\"@id\":\"https:\\\/\\\/repliquemangacine.fr\\\/coutellerie\\\/couteau-pompier-semi-automatique\\\/\",\"url\":\"https:\\\/\\\/repliquemangacine.fr\\\/coutellerie\\\/couteau-pompier-semi-automatique\\\/\",\"name\":\"Couteau pompier semi-automatique - R\u00e9plique Manga Cin\u00e9\",\"isPartOf\":{\"@id\":\"https:\\\/\\\/repliquemangacine.fr\\\/#website\"},\"primaryImageOfPage\":{\"@id\":\"https:\\\/\\\/repliquemangacine.fr\\\/coutellerie\\\/couteau-pompier-semi-automatique\\\/#primaryimage\"},\"image\":{\"@id\":\"https:\\\/\\\/repliquemangacine.fr\\\/coutellerie\\\/couteau-pompier-semi-automatique\\\/#primaryimage\"},\"thumbnailUrl\":\"https:\\\/\\\/repliquemangacine.fr\\\/wp-content\\\/uploads\\\/2025\\\/07\\\/couteau-pompier-.jpg\",\"datePublished\":\"2025-07-11T09:29:46+00:00\",\"dateModified\":\"2025-11-12T23:09:54+00:00\",\"description\":\"Couteau pompier semi-automatique, coupe-ceinture et brise-vitre. Un outil tactique styl\u00e9, pratique et robuste. Disponible sur Repliquemangacine.fr.\",\"breadcrumb\":{\"@id\":\"https:\\\/\\\/repliquemangacine.fr\\\/coutellerie\\\/couteau-pompier-semi-automatique\\\/#breadcrumb\"},\"inLanguage\":\"es\",\"potentialAction\":[{\"@type\":\"ReadAction\",\"target\":[\"https:\\\/\\\/repliquemangacine.fr\\\/coutellerie\\\/couteau-pompier-semi-automatique\\\/\"]}]},{\"@type\":\"ImageObject\",\"inLanguage\":\"es\",\"@id\":\"https:\\\/\\\/repliquemangacine.fr\\\/coutellerie\\\/couteau-pompier-semi-automatique\\\/#primaryimage\",\"url\":\"https:\\\/\\\/repliquemangacine.fr\\\/wp-content\\\/uploads\\\/2025\\\/07\\\/couteau-pompier-.jpg\",\"contentUrl\":\"https:\\\/\\\/repliquemangacine.fr\\\/wp-content\\\/uploads\\\/2025\\\/07\\\/couteau-pompier-.jpg\",\"width\":697,\"height\":700,\"caption\":\"Couteau pompier semi-automatique\"},{\"@type\":\"BreadcrumbList\",\"@id\":\"https:\\\/\\\/repliquemangacine.fr\\\/coutellerie\\\/couteau-pompier-semi-automatique\\\/#breadcrumb\",\"itemListElement\":[{\"@type\":\"ListItem\",\"position\":1,\"name\":\"Accueil\",\"item\":\"https:\\\/\\\/repliquemangacine.fr\\\/\"},{\"@type\":\"ListItem\",\"position\":2,\"name\":\"Produits\",\"item\":\"https:\\\/\\\/repliquemangacine.fr\\\/boutique\\\/\"},{\"@type\":\"ListItem\",\"position\":3,\"name\":\"Couteau pompier semi-automatique\"}]},{\"@type\":\"WebSite\",\"@id\":\"https:\\\/\\\/repliquemangacine.fr\\\/#website\",\"url\":\"https:\\\/\\\/repliquemangacine.fr\\\/\",\"name\":\"R\u00e9plique Manga Cin\u00e9\",\"description\":\"\",\"publisher\":{\"@id\":\"https:\\\/\\\/repliquemangacine.fr\\\/#organization\"},\"potentialAction\":[{\"@type\":\"SearchAction\",\"target\":{\"@type\":\"EntryPoint\",\"urlTemplate\":\"https:\\\/\\\/repliquemangacine.fr\\\/?s={search_term_string}\"},\"query-input\":{\"@type\":\"PropertyValueSpecification\",\"valueRequired\":true,\"valueName\":\"search_term_string\"}}],\"inLanguage\":\"es\"},{\"@type\":\"Organization\",\"@id\":\"https:\\\/\\\/repliquemangacine.fr\\\/#organization\",\"name\":\"R\u00e9plique Manga Cin\u00e9\",\"url\":\"https:\\\/\\\/repliquemangacine.fr\\\/\",\"logo\":{\"@type\":\"ImageObject\",\"inLanguage\":\"es\",\"@id\":\"https:\\\/\\\/repliquemangacine.fr\\\/#\\\/schema\\\/logo\\\/image\\\/\",\"url\":\"https:\\\/\\\/repliquemangacine.fr\\\/wp-content\\\/uploads\\\/2023\\\/10\\\/RMC-500250.png\",\"contentUrl\":\"https:\\\/\\\/repliquemangacine.fr\\\/wp-content\\\/uploads\\\/2023\\\/10\\\/RMC-500250.png\",\"width\":500,\"height\":250,\"caption\":\"R\u00e9plique Manga Cin\u00e9\"},\"image\":{\"@id\":\"https:\\\/\\\/repliquemangacine.fr\\\/#\\\/schema\\\/logo\\\/image\\\/\"},\"sameAs\":[\"https:\\\/\\\/www.facebook.com\\\/RepliqueMangaCine\",\"https:\\\/\\\/www.instagram.com\\\/repliquemangacine.fr\\\/\"]}]}<\/script>\n<!-- \/ Yoast SEO plugin. -->","yoast_head_json":{"title":"Cuchillo semiautom\u00e1tico de bombero - R\u00e9plique Manga Cin\u00e9","description":"Cuchillo semiautom\u00e1tico de bombero, corta cinturones y rompeventanas. Una herramienta t\u00e1ctica elegante, pr\u00e1ctica y robusta. Disponible en Repliquemangacine.fr.","robots":{"index":"index","follow":"follow","max-snippet":"max-snippet:-1","max-image-preview":"max-image-preview:large","max-video-preview":"max-video-preview:-1"},"canonical":"https:\/\/repliquemangacine.fr\/es\/cubiertos\/cuchillo-de-fuego-semiautomatico\/","og_locale":"es_ES","og_type":"article","og_title":"Couteau pompier semi-automatique - R\u00e9plique Manga Cin\u00e9","og_description":"Couteau pompier semi-automatique, coupe-ceinture et brise-vitre. Un outil tactique styl\u00e9, pratique et robuste. Disponible sur Repliquemangacine.fr.","og_url":"https:\/\/repliquemangacine.fr\/es\/cubiertos\/cuchillo-de-fuego-semiautomatico\/","og_site_name":"R\u00e9plique Manga Cin\u00e9","article_publisher":"https:\/\/www.facebook.com\/RepliqueMangaCine","article_modified_time":"2025-11-12T23:09:54+00:00","og_image":[{"width":697,"height":700,"url":"https:\/\/repliquemangacine.fr\/wp-content\/uploads\/2025\/07\/couteau-pompier-.jpg","type":"image\/jpeg"}],"twitter_card":"summary_large_image","twitter_misc":{"Tiempo de lectura":"3 minutos"},"schema":{"@context":"https:\/\/schema.org","@graph":[{"@type":"WebPage","@id":"https:\/\/repliquemangacine.fr\/coutellerie\/couteau-pompier-semi-automatique\/","url":"https:\/\/repliquemangacine.fr\/coutellerie\/couteau-pompier-semi-automatique\/","name":"Cuchillo semiautom\u00e1tico de bombero - R\u00e9plique Manga Cin\u00e9","isPartOf":{"@id":"https:\/\/repliquemangacine.fr\/#website"},"primaryImageOfPage":{"@id":"https:\/\/repliquemangacine.fr\/coutellerie\/couteau-pompier-semi-automatique\/#primaryimage"},"image":{"@id":"https:\/\/repliquemangacine.fr\/coutellerie\/couteau-pompier-semi-automatique\/#primaryimage"},"thumbnailUrl":"https:\/\/repliquemangacine.fr\/wp-content\/uploads\/2025\/07\/couteau-pompier-.jpg","datePublished":"2025-07-11T09:29:46+00:00","dateModified":"2025-11-12T23:09:54+00:00","description":"Cuchillo semiautom\u00e1tico de bombero, corta cinturones y rompeventanas. Una herramienta t\u00e1ctica elegante, pr\u00e1ctica y robusta. Disponible en Repliquemangacine.fr.","breadcrumb":{"@id":"https:\/\/repliquemangacine.fr\/coutellerie\/couteau-pompier-semi-automatique\/#breadcrumb"},"inLanguage":"es","potentialAction":[{"@type":"ReadAction","target":["https:\/\/repliquemangacine.fr\/coutellerie\/couteau-pompier-semi-automatique\/"]}]},{"@type":"ImageObject","inLanguage":"es","@id":"https:\/\/repliquemangacine.fr\/coutellerie\/couteau-pompier-semi-automatique\/#primaryimage","url":"https:\/\/repliquemangacine.fr\/wp-content\/uploads\/2025\/07\/couteau-pompier-.jpg","contentUrl":"https:\/\/repliquemangacine.fr\/wp-content\/uploads\/2025\/07\/couteau-pompier-.jpg","width":697,"height":700,"caption":"Couteau pompier semi-automatique"},{"@type":"BreadcrumbList","@id":"https:\/\/repliquemangacine.fr\/coutellerie\/couteau-pompier-semi-automatique\/#breadcrumb","itemListElement":[{"@type":"ListItem","position":1,"name":"Accueil","item":"https:\/\/repliquemangacine.fr\/"},{"@type":"ListItem","position":2,"name":"Produits","item":"https:\/\/repliquemangacine.fr\/boutique\/"},{"@type":"ListItem","position":3,"name":"Couteau pompier semi-automatique"}]},{"@type":"WebSite","@id":"https:\/\/repliquemangacine.fr\/#website","url":"https:\/\/repliquemangacine.fr\/","name":"R\u00e9plique Manga Cin\u00e9","description":"","publisher":{"@id":"https:\/\/repliquemangacine.fr\/#organization"},"potentialAction":[{"@type":"SearchAction","target":{"@type":"EntryPoint","urlTemplate":"https:\/\/repliquemangacine.fr\/?s={search_term_string}"},"query-input":{"@type":"PropertyValueSpecification","valueRequired":true,"valueName":"search_term_string"}}],"inLanguage":"es"},{"@type":"Organization","@id":"https:\/\/repliquemangacine.fr\/#organization","name":"R\u00e9plique Manga Cin\u00e9","url":"https:\/\/repliquemangacine.fr\/","logo":{"@type":"ImageObject","inLanguage":"es","@id":"https:\/\/repliquemangacine.fr\/#\/schema\/logo\/image\/","url":"https:\/\/repliquemangacine.fr\/wp-content\/uploads\/2023\/10\/RMC-500250.png","contentUrl":"https:\/\/repliquemangacine.fr\/wp-content\/uploads\/2023\/10\/RMC-500250.png","width":500,"height":250,"caption":"R\u00e9plique Manga Cin\u00e9"},"image":{"@id":"https:\/\/repliquemangacine.fr\/#\/schema\/logo\/image\/"},"sameAs":["https:\/\/www.facebook.com\/RepliqueMangaCine","https:\/\/www.instagram.com\/repliquemangacine.fr\/"]}]}},"_links":{"self":[{"href":"https:\/\/repliquemangacine.fr\/es\/wp-json\/wp\/v2\/product\/86264","targetHints":{"allow":["GET"]}}],"collection":[{"href":"https:\/\/repliquemangacine.fr\/es\/wp-json\/wp\/v2\/product"}],"about":[{"href":"https:\/\/repliquemangacine.fr\/es\/wp-json\/wp\/v2\/types\/product"}],"wp:featuredmedia":[{"embeddable":true,"href":"https:\/\/repliquemangacine.fr\/es\/wp-json\/wp\/v2\/media\/86266"}],"wp:attachment":[{"href":"https:\/\/repliquemangacine.fr\/es\/wp-json\/wp\/v2\/media?parent=86264"}],"wp:term":[{"taxonomy":"product_brand","embeddable":true,"href":"https:\/\/repliquemangacine.fr\/es\/wp-json\/wp\/v2\/product_brand?post=86264"},{"taxonomy":"product_cat","embeddable":true,"href":"https:\/\/repliquemangacine.fr\/es\/wp-json\/wp\/v2\/product_cat?post=86264"},{"taxonomy":"product_tag","embeddable":true,"href":"https:\/\/repliquemangacine.fr\/es\/wp-json\/wp\/v2\/product_tag?post=86264"}],"curies":[{"name":"wp","href":"https:\/\/api.w.org\/{rel}","templated":true}]}}