





{"id":86190,"date":"2025-07-09T12:46:28","date_gmt":"2025-07-09T10:46:28","guid":{"rendered":"https:\/\/repliquemangacine.fr\/?post_type=product&#038;p=86190"},"modified":"2025-11-13T00:12:05","modified_gmt":"2025-11-12T23:12:05","slug":"navaja-negra-de-apertura-asistida","status":"publish","type":"product","link":"https:\/\/repliquemangacine.fr\/es\/coutellerie\/couteau-noir-pliant-a-ouverture-assistee\/","title":{"rendered":"Cuchillo negro de apertura asistida"},"content":{"rendered":"<h2>Navaja negra de apertura asistida: una pieza de coleccionista precisa y elegante<\/h2>\n<p>En primer lugar, examinemos este cuchillo plegable negro que seduce inmediatamente por su acabado mate, su cuidado dise\u00f1o y su apertura asistida ultrafluida.<br \/>\nEn primer lugar, su hoja de <a href=\"https:\/\/fr.china-stainless-steels.com\/stainless-steel-plate\/stainless-steel-alloy-440.html\" target=\"_blank\" rel=\"noopener noreferrer\">acier inoxydable inoxidable 440<\/a> Ofrece un excelente equilibrio entre robustez, ligereza y elegancia para los amantes de las piezas bonitas.<br \/>\nEn segundo lugar, el mango ergon\u00f3mico texturizado garantiza un agarre estable y c\u00f3modo cada vez que se manipula o se abre.<br \/>\nPor \u00faltimo, su clip integrado permite un almacenamiento pr\u00e1ctico y seguro, ideal tanto para coleccionistas como para amantes del aire libre.<br \/>\nEl detalle rojo en la bisagra realza el conjunto y le da un toque t\u00e9cnico muy contempor\u00e1neo.<br \/>\nEste cuchillo es perfecto para los apasionados de los cuchillos plegables, los aficionados a la mec\u00e1nica o los amantes del senderismo.<br \/>\nEs una pieza tan \u00fatil como est\u00e9tica, imprescindible en cualquier colecci\u00f3n de objetos t\u00e9cnicos o de estilo.<\/p>\n<h2>Una navaja plegable excepcional con un dise\u00f1o atrevido y funcional<\/h2>\n<p>Esta navaja se distingue por su apertura asistida, un mecanismo fluido que facilita cada movimiento con rapidez y comodidad.<br \/>\nSu cuidada est\u00e9tica, totalmente en negro, le confiere un aspecto moderno, reforzado por unos tornillos rojos con un acabado de alta gama.<br \/>\nA diferencia de los cuchillos cl\u00e1sicos, este combina tecnicidad y est\u00e9tica en un formato pensado para los apasionados m\u00e1s exigentes.<br \/>\nCompacto, manejable y bien dise\u00f1ado, encuentra su lugar en una colecci\u00f3n de navajas plegables o de equipamiento para senderismo.<br \/>\nDise\u00f1ado para durar, se convierte en un compa\u00f1ero de viaje robusto y discreto para aquellos que aprecian las herramientas de calidad.<br \/>\nEste cuchillo es mucho m\u00e1s que un accesorio: es una pieza t\u00e9cnica dise\u00f1ada para los amantes de la precisi\u00f3n y el dise\u00f1o.<\/p>\n<h2>Descubra todas nuestras r\u00e9plicas de culto en Repliquemangacine<\/h2>\n<p>En <strong>Repliquemangacine<\/strong>, nuestra misi\u00f3n es ofrecer r\u00e9plicas fieles, inspiradas en las grandes sagas del cine, el manga y los videojuegos.<br \/>\nAdem\u00e1s de esta navaja plegable con apertura asistida, descubrir\u00e1s katanas luminosas de One Piece, Demon Slayer o Bleach.<br \/>\nAdem\u00e1s, nuestra colecci\u00f3n tambi\u00e9n incluye las espadas de Zelda., <a href=\"https:\/\/repliquemangacine.fr\/es\/epee-the-witcher\/\" target=\"_blank\" rel=\"noopener noreferrer\">The Witcher<\/a>, o incluso la legendaria espada de Gladiator.<br \/>\nPero tambi\u00e9n ofrecemos cuchillos de lanzamiento, sets ninja, dagas fant\u00e1sticas y otros objetos de colecci\u00f3n \u00fanicos.<br \/>\nPor \u00faltimo, los amantes de la historia podr\u00e1n encontrar r\u00e9plicas de\u2019<a href=\"https:\/\/repliquemangacine.fr\/es\/epee-the-witcher\/\" target=\"_blank\" rel=\"noopener noreferrer\">armas medievales<\/a>, escudos, sables piratas o cascos antiguos reproducidos fielmente.<br \/>\nAdem\u00e1s, ofrecemos figuritas, llaveros de colecci\u00f3n y art\u00edculos derivados para geeks con los que enriquecer cada afici\u00f3n.<br \/>\nEn resumen, <strong>Repliquemangacina,<\/strong> es la ventanilla \u00fanica para los aficionados a la cultura pop, el manga, la fantas\u00eda y los universos \u00e9picos.<\/p>\n<p><strong>\u26a0\ufe0f Venta prohibida a menores. Es posible que tras realizar el pedido se solicite una verificaci\u00f3n de identidad para confirmar la mayor\u00eda de edad del comprador.<\/strong><\/p>","protected":false},"excerpt":{"rendered":"<p>Navaja T\u00e1ctica Plegable Negra - Dise\u00f1o Urbano y Detalle Rojo<\/p>\n<p><strong>Caracter\u00edsticas :<\/strong><\/p>\n<ul>\n<li>Hoja de acero inoxidable 440 negro, acabado mate<\/li>\n<li>Mango texturizado antideslizante para un agarre firme y seguro<\/li>\n<li>Apertura r\u00e1pida y asistida mediante aleta<\/li>\n<li>Clip para cintur\u00f3n integrado para un transporte discreto y pr\u00e1ctico<\/li>\n<li>Detalle rojo en la bisagra para un estilo \u00fanico<\/li>\n<li>Longitud cerrada: 12 cm<\/li>\n<li>Longitud abierta: 22 cm<\/li>\n<li>Peso: 148 gramos<\/li>\n<\/ul>","protected":false},"featured_media":86196,"template":"","meta":[],"product_brand":[],"product_cat":[891,884],"product_tag":[],"class_list":{"0":"post-86190","1":"product","2":"type-product","3":"status-publish","4":"has-post-thumbnail","6":"product_cat-couteaux-automatiques","7":"product_cat-coutellerie","9":"first","10":"instock","11":"taxable","12":"shipping-taxable","13":"purchasable","14":"product-type-simple"},"yoast_head":"<!-- This site is optimized with the Yoast SEO plugin v27.4 - https:\/\/yoast.com\/product\/yoast-seo-wordpress\/ -->\n<title>Couteau noir \u00e0 ouverture assist\u00e9e - R\u00e9plique Manga Cin\u00e9<\/title>\n<meta name=\"description\" content=\"D\u00e9couvrez ce couteau noir pliant \u00e0 ouverture assist\u00e9e, design tactique et finition soign\u00e9e. Disponible sur Repliquemangacine ! N&#039;h\u00e9sitez plus\" \/>\n<meta name=\"robots\" content=\"index, follow, max-snippet:-1, max-image-preview:large, max-video-preview:-1\" \/>\n<link rel=\"canonical\" href=\"https:\/\/repliquemangacine.fr\/es\/cubiertos\/navaja-negra-de-apertura-asistida\/\" \/>\n<meta property=\"og:locale\" content=\"es_ES\" \/>\n<meta property=\"og:type\" content=\"article\" \/>\n<meta property=\"og:title\" content=\"Couteau noir \u00e0 ouverture assist\u00e9e - R\u00e9plique Manga Cin\u00e9\" \/>\n<meta property=\"og:description\" content=\"D\u00e9couvrez ce couteau noir pliant \u00e0 ouverture assist\u00e9e, design tactique et finition soign\u00e9e. Disponible sur Repliquemangacine ! N&#039;h\u00e9sitez plus\" \/>\n<meta property=\"og:url\" content=\"https:\/\/repliquemangacine.fr\/es\/cubiertos\/navaja-negra-de-apertura-asistida\/\" \/>\n<meta property=\"og:site_name\" content=\"R\u00e9plique Manga Cin\u00e9\" \/>\n<meta property=\"article:publisher\" content=\"https:\/\/www.facebook.com\/RepliqueMangaCine\" \/>\n<meta property=\"article:modified_time\" content=\"2025-11-12T23:12:05+00:00\" \/>\n<meta property=\"og:image\" content=\"https:\/\/repliquemangacine.fr\/wp-content\/uploads\/2025\/07\/couteau-strie-noir.jpg\" \/>\n\t<meta property=\"og:image:width\" content=\"700\" \/>\n\t<meta property=\"og:image:height\" content=\"700\" \/>\n\t<meta property=\"og:image:type\" content=\"image\/jpeg\" \/>\n<meta name=\"twitter:card\" content=\"summary_large_image\" \/>\n<meta name=\"twitter:label1\" content=\"Tiempo de lectura\" \/>\n\t<meta name=\"twitter:data1\" content=\"3 minutos\" \/>\n<script type=\"application\/ld+json\" class=\"yoast-schema-graph\">{\"@context\":\"https:\\\/\\\/schema.org\",\"@graph\":[{\"@type\":\"WebPage\",\"@id\":\"https:\\\/\\\/repliquemangacine.fr\\\/coutellerie\\\/couteau-noir-pliant-a-ouverture-assistee\\\/\",\"url\":\"https:\\\/\\\/repliquemangacine.fr\\\/coutellerie\\\/couteau-noir-pliant-a-ouverture-assistee\\\/\",\"name\":\"Couteau noir \u00e0 ouverture assist\u00e9e - R\u00e9plique Manga Cin\u00e9\",\"isPartOf\":{\"@id\":\"https:\\\/\\\/repliquemangacine.fr\\\/#website\"},\"primaryImageOfPage\":{\"@id\":\"https:\\\/\\\/repliquemangacine.fr\\\/coutellerie\\\/couteau-noir-pliant-a-ouverture-assistee\\\/#primaryimage\"},\"image\":{\"@id\":\"https:\\\/\\\/repliquemangacine.fr\\\/coutellerie\\\/couteau-noir-pliant-a-ouverture-assistee\\\/#primaryimage\"},\"thumbnailUrl\":\"https:\\\/\\\/repliquemangacine.fr\\\/wp-content\\\/uploads\\\/2025\\\/07\\\/couteau-strie-noir.jpg\",\"datePublished\":\"2025-07-09T10:46:28+00:00\",\"dateModified\":\"2025-11-12T23:12:05+00:00\",\"description\":\"D\u00e9couvrez ce couteau noir pliant \u00e0 ouverture assist\u00e9e, design tactique et finition soign\u00e9e. Disponible sur Repliquemangacine ! N'h\u00e9sitez plus\",\"breadcrumb\":{\"@id\":\"https:\\\/\\\/repliquemangacine.fr\\\/coutellerie\\\/couteau-noir-pliant-a-ouverture-assistee\\\/#breadcrumb\"},\"inLanguage\":\"es\",\"potentialAction\":[{\"@type\":\"ReadAction\",\"target\":[\"https:\\\/\\\/repliquemangacine.fr\\\/coutellerie\\\/couteau-noir-pliant-a-ouverture-assistee\\\/\"]}]},{\"@type\":\"ImageObject\",\"inLanguage\":\"es\",\"@id\":\"https:\\\/\\\/repliquemangacine.fr\\\/coutellerie\\\/couteau-noir-pliant-a-ouverture-assistee\\\/#primaryimage\",\"url\":\"https:\\\/\\\/repliquemangacine.fr\\\/wp-content\\\/uploads\\\/2025\\\/07\\\/couteau-strie-noir.jpg\",\"contentUrl\":\"https:\\\/\\\/repliquemangacine.fr\\\/wp-content\\\/uploads\\\/2025\\\/07\\\/couteau-strie-noir.jpg\",\"width\":700,\"height\":700,\"caption\":\"couteau-stri\u00e9-noir\"},{\"@type\":\"BreadcrumbList\",\"@id\":\"https:\\\/\\\/repliquemangacine.fr\\\/coutellerie\\\/couteau-noir-pliant-a-ouverture-assistee\\\/#breadcrumb\",\"itemListElement\":[{\"@type\":\"ListItem\",\"position\":1,\"name\":\"Accueil\",\"item\":\"https:\\\/\\\/repliquemangacine.fr\\\/\"},{\"@type\":\"ListItem\",\"position\":2,\"name\":\"Produits\",\"item\":\"https:\\\/\\\/repliquemangacine.fr\\\/boutique\\\/\"},{\"@type\":\"ListItem\",\"position\":3,\"name\":\"Couteau noir \u00e0 ouverture assist\u00e9e\"}]},{\"@type\":\"WebSite\",\"@id\":\"https:\\\/\\\/repliquemangacine.fr\\\/#website\",\"url\":\"https:\\\/\\\/repliquemangacine.fr\\\/\",\"name\":\"R\u00e9plique Manga Cin\u00e9\",\"description\":\"\",\"publisher\":{\"@id\":\"https:\\\/\\\/repliquemangacine.fr\\\/#organization\"},\"potentialAction\":[{\"@type\":\"SearchAction\",\"target\":{\"@type\":\"EntryPoint\",\"urlTemplate\":\"https:\\\/\\\/repliquemangacine.fr\\\/?s={search_term_string}\"},\"query-input\":{\"@type\":\"PropertyValueSpecification\",\"valueRequired\":true,\"valueName\":\"search_term_string\"}}],\"inLanguage\":\"es\"},{\"@type\":\"Organization\",\"@id\":\"https:\\\/\\\/repliquemangacine.fr\\\/#organization\",\"name\":\"R\u00e9plique Manga Cin\u00e9\",\"url\":\"https:\\\/\\\/repliquemangacine.fr\\\/\",\"logo\":{\"@type\":\"ImageObject\",\"inLanguage\":\"es\",\"@id\":\"https:\\\/\\\/repliquemangacine.fr\\\/#\\\/schema\\\/logo\\\/image\\\/\",\"url\":\"https:\\\/\\\/repliquemangacine.fr\\\/wp-content\\\/uploads\\\/2023\\\/10\\\/RMC-500250.png\",\"contentUrl\":\"https:\\\/\\\/repliquemangacine.fr\\\/wp-content\\\/uploads\\\/2023\\\/10\\\/RMC-500250.png\",\"width\":500,\"height\":250,\"caption\":\"R\u00e9plique Manga Cin\u00e9\"},\"image\":{\"@id\":\"https:\\\/\\\/repliquemangacine.fr\\\/#\\\/schema\\\/logo\\\/image\\\/\"},\"sameAs\":[\"https:\\\/\\\/www.facebook.com\\\/RepliqueMangaCine\",\"https:\\\/\\\/www.instagram.com\\\/repliquemangacine.fr\\\/\"]}]}<\/script>\n<!-- \/ Yoast SEO plugin. -->","yoast_head_json":{"title":"Navaja negra de apertura asistida - R\u00e9plique Manga Cin\u00e9","description":"Descubra esta navaja negra de apertura asistida, dise\u00f1o t\u00e1ctico y acabado esmerado. \u00a1Disponible en Repliquemangacine! No lo dude","robots":{"index":"index","follow":"follow","max-snippet":"max-snippet:-1","max-image-preview":"max-image-preview:large","max-video-preview":"max-video-preview:-1"},"canonical":"https:\/\/repliquemangacine.fr\/es\/cubiertos\/navaja-negra-de-apertura-asistida\/","og_locale":"es_ES","og_type":"article","og_title":"Couteau noir \u00e0 ouverture assist\u00e9e - R\u00e9plique Manga Cin\u00e9","og_description":"D\u00e9couvrez ce couteau noir pliant \u00e0 ouverture assist\u00e9e, design tactique et finition soign\u00e9e. Disponible sur Repliquemangacine ! N'h\u00e9sitez plus","og_url":"https:\/\/repliquemangacine.fr\/es\/cubiertos\/navaja-negra-de-apertura-asistida\/","og_site_name":"R\u00e9plique Manga Cin\u00e9","article_publisher":"https:\/\/www.facebook.com\/RepliqueMangaCine","article_modified_time":"2025-11-12T23:12:05+00:00","og_image":[{"width":700,"height":700,"url":"https:\/\/repliquemangacine.fr\/wp-content\/uploads\/2025\/07\/couteau-strie-noir.jpg","type":"image\/jpeg"}],"twitter_card":"summary_large_image","twitter_misc":{"Tiempo de lectura":"3 minutos"},"schema":{"@context":"https:\/\/schema.org","@graph":[{"@type":"WebPage","@id":"https:\/\/repliquemangacine.fr\/coutellerie\/couteau-noir-pliant-a-ouverture-assistee\/","url":"https:\/\/repliquemangacine.fr\/coutellerie\/couteau-noir-pliant-a-ouverture-assistee\/","name":"Navaja negra de apertura asistida - R\u00e9plique Manga Cin\u00e9","isPartOf":{"@id":"https:\/\/repliquemangacine.fr\/#website"},"primaryImageOfPage":{"@id":"https:\/\/repliquemangacine.fr\/coutellerie\/couteau-noir-pliant-a-ouverture-assistee\/#primaryimage"},"image":{"@id":"https:\/\/repliquemangacine.fr\/coutellerie\/couteau-noir-pliant-a-ouverture-assistee\/#primaryimage"},"thumbnailUrl":"https:\/\/repliquemangacine.fr\/wp-content\/uploads\/2025\/07\/couteau-strie-noir.jpg","datePublished":"2025-07-09T10:46:28+00:00","dateModified":"2025-11-12T23:12:05+00:00","description":"Descubra esta navaja negra de apertura asistida, dise\u00f1o t\u00e1ctico y acabado esmerado. \u00a1Disponible en Repliquemangacine! No lo dude","breadcrumb":{"@id":"https:\/\/repliquemangacine.fr\/coutellerie\/couteau-noir-pliant-a-ouverture-assistee\/#breadcrumb"},"inLanguage":"es","potentialAction":[{"@type":"ReadAction","target":["https:\/\/repliquemangacine.fr\/coutellerie\/couteau-noir-pliant-a-ouverture-assistee\/"]}]},{"@type":"ImageObject","inLanguage":"es","@id":"https:\/\/repliquemangacine.fr\/coutellerie\/couteau-noir-pliant-a-ouverture-assistee\/#primaryimage","url":"https:\/\/repliquemangacine.fr\/wp-content\/uploads\/2025\/07\/couteau-strie-noir.jpg","contentUrl":"https:\/\/repliquemangacine.fr\/wp-content\/uploads\/2025\/07\/couteau-strie-noir.jpg","width":700,"height":700,"caption":"couteau-stri\u00e9-noir"},{"@type":"BreadcrumbList","@id":"https:\/\/repliquemangacine.fr\/coutellerie\/couteau-noir-pliant-a-ouverture-assistee\/#breadcrumb","itemListElement":[{"@type":"ListItem","position":1,"name":"Accueil","item":"https:\/\/repliquemangacine.fr\/"},{"@type":"ListItem","position":2,"name":"Produits","item":"https:\/\/repliquemangacine.fr\/boutique\/"},{"@type":"ListItem","position":3,"name":"Couteau noir \u00e0 ouverture assist\u00e9e"}]},{"@type":"WebSite","@id":"https:\/\/repliquemangacine.fr\/#website","url":"https:\/\/repliquemangacine.fr\/","name":"R\u00e9plique Manga Cin\u00e9","description":"","publisher":{"@id":"https:\/\/repliquemangacine.fr\/#organization"},"potentialAction":[{"@type":"SearchAction","target":{"@type":"EntryPoint","urlTemplate":"https:\/\/repliquemangacine.fr\/?s={search_term_string}"},"query-input":{"@type":"PropertyValueSpecification","valueRequired":true,"valueName":"search_term_string"}}],"inLanguage":"es"},{"@type":"Organization","@id":"https:\/\/repliquemangacine.fr\/#organization","name":"R\u00e9plique Manga Cin\u00e9","url":"https:\/\/repliquemangacine.fr\/","logo":{"@type":"ImageObject","inLanguage":"es","@id":"https:\/\/repliquemangacine.fr\/#\/schema\/logo\/image\/","url":"https:\/\/repliquemangacine.fr\/wp-content\/uploads\/2023\/10\/RMC-500250.png","contentUrl":"https:\/\/repliquemangacine.fr\/wp-content\/uploads\/2023\/10\/RMC-500250.png","width":500,"height":250,"caption":"R\u00e9plique Manga Cin\u00e9"},"image":{"@id":"https:\/\/repliquemangacine.fr\/#\/schema\/logo\/image\/"},"sameAs":["https:\/\/www.facebook.com\/RepliqueMangaCine","https:\/\/www.instagram.com\/repliquemangacine.fr\/"]}]}},"_links":{"self":[{"href":"https:\/\/repliquemangacine.fr\/es\/wp-json\/wp\/v2\/product\/86190","targetHints":{"allow":["GET"]}}],"collection":[{"href":"https:\/\/repliquemangacine.fr\/es\/wp-json\/wp\/v2\/product"}],"about":[{"href":"https:\/\/repliquemangacine.fr\/es\/wp-json\/wp\/v2\/types\/product"}],"wp:featuredmedia":[{"embeddable":true,"href":"https:\/\/repliquemangacine.fr\/es\/wp-json\/wp\/v2\/media\/86196"}],"wp:attachment":[{"href":"https:\/\/repliquemangacine.fr\/es\/wp-json\/wp\/v2\/media?parent=86190"}],"wp:term":[{"taxonomy":"product_brand","embeddable":true,"href":"https:\/\/repliquemangacine.fr\/es\/wp-json\/wp\/v2\/product_brand?post=86190"},{"taxonomy":"product_cat","embeddable":true,"href":"https:\/\/repliquemangacine.fr\/es\/wp-json\/wp\/v2\/product_cat?post=86190"},{"taxonomy":"product_tag","embeddable":true,"href":"https:\/\/repliquemangacine.fr\/es\/wp-json\/wp\/v2\/product_tag?post=86190"}],"curies":[{"name":"wp","href":"https:\/\/api.w.org\/{rel}","templated":true}]}}