





{"id":86155,"date":"2025-07-08T14:13:43","date_gmt":"2025-07-08T12:13:43","guid":{"rendered":"https:\/\/repliquemangacine.fr\/?post_type=product&#038;p=86155"},"modified":"2025-12-11T15:49:13","modified_gmt":"2025-12-11T14:49:13","slug":"cuchillo-dragon-de-primavera","status":"publish","type":"product","link":"https:\/\/repliquemangacine.fr\/es\/coutellerie\/couteau-spring-dragon\/","title":{"rendered":"Cuchillo de muelle Dragon"},"content":{"rendered":"<h2>Cuchillo de muelle Dragon - Compacto, s\u00f3lido y listo para la acci\u00f3n<\/h2>\n<p>En primer lugar, examinemos este cuchillo t\u00e1ctico Spring Dragon, fabricado \u00edntegramente en acero, que mide 20 cm abierto y 12 cm cerrado, con un peso total de solo 174 gramos.<br \/>\nEn primer lugar, la hoja dentada. <a href=\"https:\/\/fr.china-stainless-steels.com\/stainless-steel-plate\/stainless-steel-alloy-440.html\">Acero inoxidable 440<\/a>, con garganta perforada. Su apertura semiautom\u00e1tica permite una salida r\u00e1pida y fiable, con un mecanismo fluido.<br \/>\nEn segundo lugar, el mango ergon\u00f3mico garantiza un excelente agarre, con una decoraci\u00f3n de drag\u00f3n azul en relieve.<br \/>\nDotado de un discreto clip para el cintur\u00f3n, es f\u00e1cil de transportar, ya sea para hacer senderismo, practicar airsoft o realizar cosplay realista.<br \/>\nPor \u00faltimo, en el extremo del mango encontrar\u00e1 un rompecristales y un cortacuerdas.<br \/>\nUna opci\u00f3n ideal para los amantes del equipamiento t\u00e1ctico o los coleccionistas de cuchillos.<\/p>\n<h2>Un cuchillo con car\u00e1cter, que combina estilo, eficacia y un mecanismo inteligente<\/h2>\n<p>Esta navaja Spring ofrece una apertura semiautom\u00e1tica, perfecta para ganar rapidez sin perder el control total.<br \/>\nA diferencia de los cuchillos convencionales, combina velocidad, precisi\u00f3n y seguridad gracias a su sistema de asistencia robusto y duradero.<br \/>\nCon sus cuidados acabados, llama inmediatamente la atenci\u00f3n, ya sea en un escaparate o colgado del cintur\u00f3n.<br \/>\nSu hoja dentada con una decoraci\u00f3n en relieve de llamas azules, as\u00ed como su garganta con orificio.<br \/>\nEl discreto clip para el cintur\u00f3n permite llevarlo a diario sin que moleste, al tiempo que garantiza un acceso instant\u00e1neo.<br \/>\nEste cuchillo es ideal tanto para coleccionistas apasionados como para aficionados al cosplay o al airsoft.<br \/>\nEn resumen, est\u00e1 dispuesto a seguirle a todas partes, con prestancia y eficacia.<\/p>\n<h2>Encuentre este cuchillo y muchos otros en repliquemangacine.fr<\/h2>\n<p>Visite <strong>R\u00e9plique Manga Cin\u00e9<\/strong>, encontrar\u00e1s mucho m\u00e1s que este cuchillo: todo un universo de r\u00e9plicas inspiradas en tus licencias favoritas.<br \/>\nOfrecemos katanas de One Piece, <a href=\"https:\/\/repliquemangacine.fr\/es\/katana-cazademonios\/\">Cazador de demonios<\/a>, Naruto, Bleach, Sword Art Online, Zelda y muchos m\u00e1s.<br \/>\nA nuestros clientes tambi\u00e9n les encantan nuestras espadas, sables, armas hist\u00f3ricas, figuras de piratas, o incluso nuestras pistolas western y winchesters.<br \/>\nCada producto se selecciona cuidadosamente por su dise\u00f1o fiel, su calidad de fabricaci\u00f3n y su impacto visual garantizado.<br \/>\nTambi\u00e9n contamos con una amplia gama de art\u00edculos promocionales, llaveros, figuritas y objetos de colecci\u00f3n derivados de pel\u00edculas, series y videojuegos de culto.<br \/>\nEntre ellos se encuentran Harry Potter, The Witcher, Assassin\u2019s Creed, Game of Thrones, o incluso <a href=\"https:\/\/repliquemangacine.fr\/es\/armas-the-walking-dead\/\">The Walking Dead<\/a>.<br \/>\nCada novedad se a\u00f1ade con pasi\u00f3n, para satisfacer a los aficionados y apasionados de los objetos fuera de lo com\u00fan.<br \/>\n\u00a1\u00danete a la comunidad de apasionados en repliquemangacine.fr y entra en el universo definitivo de las r\u00e9plicas!<\/p>\n<p><strong>\u26a0\ufe0f Venta prohibida a menores. Es posible que tras realizar el pedido se solicite una verificaci\u00f3n de identidad para confirmar la mayor\u00eda de edad del comprador.<\/strong><\/p>","protected":false},"excerpt":{"rendered":"<p>Magn\u00edfico cuchillo Spring Dragon<\/p>\n<ul>\n<li>Hoja de acero inoxidable 440<\/li>\n<li>Cuerpo de acero<\/li>\n<li>Longitud total: 20 cm<\/li>\n<li>Longitud cerrada: 12 cm<\/li>\n<li>Peso: 174 gramos<\/li>\n<\/ul>","protected":false},"featured_media":86165,"template":"","meta":[],"product_brand":[],"product_cat":[886,884],"product_tag":[],"class_list":{"0":"post-86155","1":"product","2":"type-product","3":"status-publish","4":"has-post-thumbnail","6":"product_cat-couteaux-de-poche","7":"product_cat-coutellerie","9":"first","10":"instock","11":"taxable","12":"shipping-taxable","13":"purchasable","14":"product-type-simple"},"yoast_head":"<!-- This site is optimized with the Yoast SEO plugin v27.4 - https:\/\/yoast.com\/product\/yoast-seo-wordpress\/ -->\n<title>Couteau spring dragon - R\u00e9plique Manga Cin\u00e9<\/title>\n<meta name=\"description\" content=\"Couteau spring dragon \u2013 ouverture semi-auto, lame tanto noire, manche ergonomique, 20\u202fcm de puissance tactique. \u00c0 d\u00e9couvrir sur repliquemangacine.fr.\" \/>\n<meta name=\"robots\" content=\"index, follow, max-snippet:-1, max-image-preview:large, max-video-preview:-1\" \/>\n<link rel=\"canonical\" href=\"https:\/\/repliquemangacine.fr\/es\/cubiertos\/cuchillo-dragon-de-primavera\/\" \/>\n<meta property=\"og:locale\" content=\"es_ES\" \/>\n<meta property=\"og:type\" content=\"article\" \/>\n<meta property=\"og:title\" content=\"Couteau spring dragon - R\u00e9plique Manga Cin\u00e9\" \/>\n<meta property=\"og:description\" content=\"Couteau spring dragon \u2013 ouverture semi-auto, lame tanto noire, manche ergonomique, 20\u202fcm de puissance tactique. \u00c0 d\u00e9couvrir sur repliquemangacine.fr.\" \/>\n<meta property=\"og:url\" content=\"https:\/\/repliquemangacine.fr\/es\/cubiertos\/cuchillo-dragon-de-primavera\/\" \/>\n<meta property=\"og:site_name\" content=\"R\u00e9plique Manga Cin\u00e9\" \/>\n<meta property=\"article:publisher\" content=\"https:\/\/www.facebook.com\/RepliqueMangaCine\" \/>\n<meta property=\"article:modified_time\" content=\"2025-12-11T14:49:13+00:00\" \/>\n<meta property=\"og:image\" content=\"https:\/\/repliquemangacine.fr\/wp-content\/uploads\/2025\/07\/couteau-dragon.jpg\" \/>\n\t<meta property=\"og:image:width\" content=\"700\" \/>\n\t<meta property=\"og:image:height\" content=\"700\" \/>\n\t<meta property=\"og:image:type\" content=\"image\/jpeg\" \/>\n<meta name=\"twitter:card\" content=\"summary_large_image\" \/>\n<meta name=\"twitter:label1\" content=\"Tiempo de lectura\" \/>\n\t<meta name=\"twitter:data1\" content=\"3 minutos\" \/>\n<script type=\"application\/ld+json\" class=\"yoast-schema-graph\">{\"@context\":\"https:\\\/\\\/schema.org\",\"@graph\":[{\"@type\":\"WebPage\",\"@id\":\"https:\\\/\\\/repliquemangacine.fr\\\/coutellerie\\\/couteau-spring-dragon\\\/\",\"url\":\"https:\\\/\\\/repliquemangacine.fr\\\/coutellerie\\\/couteau-spring-dragon\\\/\",\"name\":\"Couteau spring dragon - R\u00e9plique Manga Cin\u00e9\",\"isPartOf\":{\"@id\":\"https:\\\/\\\/repliquemangacine.fr\\\/#website\"},\"primaryImageOfPage\":{\"@id\":\"https:\\\/\\\/repliquemangacine.fr\\\/coutellerie\\\/couteau-spring-dragon\\\/#primaryimage\"},\"image\":{\"@id\":\"https:\\\/\\\/repliquemangacine.fr\\\/coutellerie\\\/couteau-spring-dragon\\\/#primaryimage\"},\"thumbnailUrl\":\"https:\\\/\\\/repliquemangacine.fr\\\/wp-content\\\/uploads\\\/2025\\\/07\\\/couteau-dragon.jpg\",\"datePublished\":\"2025-07-08T12:13:43+00:00\",\"dateModified\":\"2025-12-11T14:49:13+00:00\",\"description\":\"Couteau spring dragon \u2013 ouverture semi-auto, lame tanto noire, manche ergonomique, 20\u202fcm de puissance tactique. \u00c0 d\u00e9couvrir sur repliquemangacine.fr.\",\"breadcrumb\":{\"@id\":\"https:\\\/\\\/repliquemangacine.fr\\\/coutellerie\\\/couteau-spring-dragon\\\/#breadcrumb\"},\"inLanguage\":\"es\",\"potentialAction\":[{\"@type\":\"ReadAction\",\"target\":[\"https:\\\/\\\/repliquemangacine.fr\\\/coutellerie\\\/couteau-spring-dragon\\\/\"]}]},{\"@type\":\"ImageObject\",\"inLanguage\":\"es\",\"@id\":\"https:\\\/\\\/repliquemangacine.fr\\\/coutellerie\\\/couteau-spring-dragon\\\/#primaryimage\",\"url\":\"https:\\\/\\\/repliquemangacine.fr\\\/wp-content\\\/uploads\\\/2025\\\/07\\\/couteau-dragon.jpg\",\"contentUrl\":\"https:\\\/\\\/repliquemangacine.fr\\\/wp-content\\\/uploads\\\/2025\\\/07\\\/couteau-dragon.jpg\",\"width\":700,\"height\":700,\"caption\":\"Couteau spring dragon\"},{\"@type\":\"BreadcrumbList\",\"@id\":\"https:\\\/\\\/repliquemangacine.fr\\\/coutellerie\\\/couteau-spring-dragon\\\/#breadcrumb\",\"itemListElement\":[{\"@type\":\"ListItem\",\"position\":1,\"name\":\"Accueil\",\"item\":\"https:\\\/\\\/repliquemangacine.fr\\\/\"},{\"@type\":\"ListItem\",\"position\":2,\"name\":\"Produits\",\"item\":\"https:\\\/\\\/repliquemangacine.fr\\\/boutique\\\/\"},{\"@type\":\"ListItem\",\"position\":3,\"name\":\"Couteau spring dragon\"}]},{\"@type\":\"WebSite\",\"@id\":\"https:\\\/\\\/repliquemangacine.fr\\\/#website\",\"url\":\"https:\\\/\\\/repliquemangacine.fr\\\/\",\"name\":\"R\u00e9plique Manga Cin\u00e9\",\"description\":\"\",\"publisher\":{\"@id\":\"https:\\\/\\\/repliquemangacine.fr\\\/#organization\"},\"potentialAction\":[{\"@type\":\"SearchAction\",\"target\":{\"@type\":\"EntryPoint\",\"urlTemplate\":\"https:\\\/\\\/repliquemangacine.fr\\\/?s={search_term_string}\"},\"query-input\":{\"@type\":\"PropertyValueSpecification\",\"valueRequired\":true,\"valueName\":\"search_term_string\"}}],\"inLanguage\":\"es\"},{\"@type\":\"Organization\",\"@id\":\"https:\\\/\\\/repliquemangacine.fr\\\/#organization\",\"name\":\"R\u00e9plique Manga Cin\u00e9\",\"url\":\"https:\\\/\\\/repliquemangacine.fr\\\/\",\"logo\":{\"@type\":\"ImageObject\",\"inLanguage\":\"es\",\"@id\":\"https:\\\/\\\/repliquemangacine.fr\\\/#\\\/schema\\\/logo\\\/image\\\/\",\"url\":\"https:\\\/\\\/repliquemangacine.fr\\\/wp-content\\\/uploads\\\/2023\\\/10\\\/RMC-500250.png\",\"contentUrl\":\"https:\\\/\\\/repliquemangacine.fr\\\/wp-content\\\/uploads\\\/2023\\\/10\\\/RMC-500250.png\",\"width\":500,\"height\":250,\"caption\":\"R\u00e9plique Manga Cin\u00e9\"},\"image\":{\"@id\":\"https:\\\/\\\/repliquemangacine.fr\\\/#\\\/schema\\\/logo\\\/image\\\/\"},\"sameAs\":[\"https:\\\/\\\/www.facebook.com\\\/RepliqueMangaCine\",\"https:\\\/\\\/www.instagram.com\\\/repliquemangacine.fr\\\/\"]}]}<\/script>\n<!-- \/ Yoast SEO plugin. -->","yoast_head_json":{"title":"Cuchillo de muelle Dragon - R\u00e9plique Manga Cin\u00e9","description":"Cuchillo Dragon Spring - apertura semiautom\u00e1tica, hoja tanto negra, mango ergon\u00f3mico, 20 cm de potencia t\u00e1ctica. Desc\u00fabrelo en repliquemangacine.fr.","robots":{"index":"index","follow":"follow","max-snippet":"max-snippet:-1","max-image-preview":"max-image-preview:large","max-video-preview":"max-video-preview:-1"},"canonical":"https:\/\/repliquemangacine.fr\/es\/cubiertos\/cuchillo-dragon-de-primavera\/","og_locale":"es_ES","og_type":"article","og_title":"Couteau spring dragon - R\u00e9plique Manga Cin\u00e9","og_description":"Couteau spring dragon \u2013 ouverture semi-auto, lame tanto noire, manche ergonomique, 20\u202fcm de puissance tactique. \u00c0 d\u00e9couvrir sur repliquemangacine.fr.","og_url":"https:\/\/repliquemangacine.fr\/es\/cubiertos\/cuchillo-dragon-de-primavera\/","og_site_name":"R\u00e9plique Manga Cin\u00e9","article_publisher":"https:\/\/www.facebook.com\/RepliqueMangaCine","article_modified_time":"2025-12-11T14:49:13+00:00","og_image":[{"width":700,"height":700,"url":"https:\/\/repliquemangacine.fr\/wp-content\/uploads\/2025\/07\/couteau-dragon.jpg","type":"image\/jpeg"}],"twitter_card":"summary_large_image","twitter_misc":{"Tiempo de lectura":"3 minutos"},"schema":{"@context":"https:\/\/schema.org","@graph":[{"@type":"WebPage","@id":"https:\/\/repliquemangacine.fr\/coutellerie\/couteau-spring-dragon\/","url":"https:\/\/repliquemangacine.fr\/coutellerie\/couteau-spring-dragon\/","name":"Cuchillo de muelle Dragon - R\u00e9plique Manga Cin\u00e9","isPartOf":{"@id":"https:\/\/repliquemangacine.fr\/#website"},"primaryImageOfPage":{"@id":"https:\/\/repliquemangacine.fr\/coutellerie\/couteau-spring-dragon\/#primaryimage"},"image":{"@id":"https:\/\/repliquemangacine.fr\/coutellerie\/couteau-spring-dragon\/#primaryimage"},"thumbnailUrl":"https:\/\/repliquemangacine.fr\/wp-content\/uploads\/2025\/07\/couteau-dragon.jpg","datePublished":"2025-07-08T12:13:43+00:00","dateModified":"2025-12-11T14:49:13+00:00","description":"Cuchillo Dragon Spring - apertura semiautom\u00e1tica, hoja tanto negra, mango ergon\u00f3mico, 20 cm de potencia t\u00e1ctica. Desc\u00fabrelo en repliquemangacine.fr.","breadcrumb":{"@id":"https:\/\/repliquemangacine.fr\/coutellerie\/couteau-spring-dragon\/#breadcrumb"},"inLanguage":"es","potentialAction":[{"@type":"ReadAction","target":["https:\/\/repliquemangacine.fr\/coutellerie\/couteau-spring-dragon\/"]}]},{"@type":"ImageObject","inLanguage":"es","@id":"https:\/\/repliquemangacine.fr\/coutellerie\/couteau-spring-dragon\/#primaryimage","url":"https:\/\/repliquemangacine.fr\/wp-content\/uploads\/2025\/07\/couteau-dragon.jpg","contentUrl":"https:\/\/repliquemangacine.fr\/wp-content\/uploads\/2025\/07\/couteau-dragon.jpg","width":700,"height":700,"caption":"Couteau spring dragon"},{"@type":"BreadcrumbList","@id":"https:\/\/repliquemangacine.fr\/coutellerie\/couteau-spring-dragon\/#breadcrumb","itemListElement":[{"@type":"ListItem","position":1,"name":"Accueil","item":"https:\/\/repliquemangacine.fr\/"},{"@type":"ListItem","position":2,"name":"Produits","item":"https:\/\/repliquemangacine.fr\/boutique\/"},{"@type":"ListItem","position":3,"name":"Couteau spring dragon"}]},{"@type":"WebSite","@id":"https:\/\/repliquemangacine.fr\/#website","url":"https:\/\/repliquemangacine.fr\/","name":"R\u00e9plique Manga Cin\u00e9","description":"","publisher":{"@id":"https:\/\/repliquemangacine.fr\/#organization"},"potentialAction":[{"@type":"SearchAction","target":{"@type":"EntryPoint","urlTemplate":"https:\/\/repliquemangacine.fr\/?s={search_term_string}"},"query-input":{"@type":"PropertyValueSpecification","valueRequired":true,"valueName":"search_term_string"}}],"inLanguage":"es"},{"@type":"Organization","@id":"https:\/\/repliquemangacine.fr\/#organization","name":"R\u00e9plique Manga Cin\u00e9","url":"https:\/\/repliquemangacine.fr\/","logo":{"@type":"ImageObject","inLanguage":"es","@id":"https:\/\/repliquemangacine.fr\/#\/schema\/logo\/image\/","url":"https:\/\/repliquemangacine.fr\/wp-content\/uploads\/2023\/10\/RMC-500250.png","contentUrl":"https:\/\/repliquemangacine.fr\/wp-content\/uploads\/2023\/10\/RMC-500250.png","width":500,"height":250,"caption":"R\u00e9plique Manga Cin\u00e9"},"image":{"@id":"https:\/\/repliquemangacine.fr\/#\/schema\/logo\/image\/"},"sameAs":["https:\/\/www.facebook.com\/RepliqueMangaCine","https:\/\/www.instagram.com\/repliquemangacine.fr\/"]}]}},"_links":{"self":[{"href":"https:\/\/repliquemangacine.fr\/es\/wp-json\/wp\/v2\/product\/86155","targetHints":{"allow":["GET"]}}],"collection":[{"href":"https:\/\/repliquemangacine.fr\/es\/wp-json\/wp\/v2\/product"}],"about":[{"href":"https:\/\/repliquemangacine.fr\/es\/wp-json\/wp\/v2\/types\/product"}],"wp:featuredmedia":[{"embeddable":true,"href":"https:\/\/repliquemangacine.fr\/es\/wp-json\/wp\/v2\/media\/86165"}],"wp:attachment":[{"href":"https:\/\/repliquemangacine.fr\/es\/wp-json\/wp\/v2\/media?parent=86155"}],"wp:term":[{"taxonomy":"product_brand","embeddable":true,"href":"https:\/\/repliquemangacine.fr\/es\/wp-json\/wp\/v2\/product_brand?post=86155"},{"taxonomy":"product_cat","embeddable":true,"href":"https:\/\/repliquemangacine.fr\/es\/wp-json\/wp\/v2\/product_cat?post=86155"},{"taxonomy":"product_tag","embeddable":true,"href":"https:\/\/repliquemangacine.fr\/es\/wp-json\/wp\/v2\/product_tag?post=86155"}],"curies":[{"name":"wp","href":"https:\/\/api.w.org\/{rel}","templated":true}]}}