





{"id":86126,"date":"2025-07-08T11:10:00","date_gmt":"2025-07-08T09:10:00","guid":{"rendered":"https:\/\/repliquemangacine.fr\/?post_type=product&#038;p=86126"},"modified":"2025-11-13T00:15:38","modified_gmt":"2025-11-12T23:15:38","slug":"cuchillo-plegable-negro","status":"publish","type":"product","link":"https:\/\/repliquemangacine.fr\/es\/coutellerie\/couteau-pliant-noir\/","title":{"rendered":"Navaja negra"},"content":{"rendered":"<h2><strong>Navaja negra de aspecto t\u00e1ctico y acabado impecable<\/strong><\/h2>\n<p>La navaja plegable negra F822 seduce por su dise\u00f1o moderno, inspirado directamente en los universos militar, urbano y tecnol\u00f3gico contempor\u00e1neos.<br \/>\nSu hoja negra <a href=\"https:\/\/fr.wikipedia.org\/wiki\/Drop-point\">punto de semidescenso<\/a> Es eficaz, elegante y resistente, perfecta para realizar cortes precisos en el d\u00eda a d\u00eda.<br \/>\nEl mecanismo de apertura asistida hace que el movimiento sea fluido, r\u00e1pido e intuitivo, para una acci\u00f3n controlada en una fracci\u00f3n de segundo.<br \/>\nSu mango estructurado se adapta naturalmente a la palma de la mano, mango de ABS y sujeci\u00f3n en todas las situaciones.<br \/>\nEl discreto clip para el cintur\u00f3n permite llevar el cuchillo siempre a mano, sin obstaculizar los movimientos ni el transporte.<br \/>\nEn el extremo de la manga, un rompecristales y un cortador de cintur\u00f3n aportan un toque t\u00e9cnico y visualmente llamativo al conjunto.<\/p>\n<h2>Una navaja plegable de dise\u00f1o moderno, pr\u00e1ctica, elegante y lista para la acci\u00f3n<\/h2>\n<p>La navaja plegable negra destaca de inmediato por su dise\u00f1o anguloso, agresivo y futurista, digno del equipamiento t\u00e1ctico de un universo de ficci\u00f3n.<br class=\"yoast-text-mark\" \/>Su hoja negra semiplomada capta la luz, con un llamativo efecto mate que acent\u00faa su presencia visual nada m\u00e1s abrirla.<br class=\"yoast-text-mark\" \/>En primer lugar, este modelo plegable se abre en un movimiento suave gracias a su sistema de acci\u00f3n r\u00e1pida, perfecto para un uso diario r\u00e1pido y sencillo.<br class=\"yoast-text-mark\" \/>En segundo lugar, su mango texturizado y antideslizante se adapta de forma natural a la forma de la mano, para un manejo c\u00f3modo y sin resbalones.<br class=\"yoast-text-mark\" \/>Por \u00faltimo, el clip permite sujetar la navaja discretamente al cintur\u00f3n o a la correa del equipo.<br class=\"yoast-text-mark\" \/>El conjunto transmite solidez, pero tambi\u00e9n modernidad, con l\u00edneas brutas que recuerdan a las herramientas de algunos videojuegos t\u00e1cticos.<br \/>\nEn resumen, es imprescindible para los amantes de los equipos bien dise\u00f1ados que desean combinar utilidad, est\u00e9tica y personalidad.<\/p>\n<h2>Decenas de l\u00edneas por descubrir en R\u00e9pliques Manga Cin\u00e9<\/h2>\n<p>As\u00ed, en nuestro sitio <strong>R\u00e9plicas de pel\u00edculas manga<\/strong>Encontrar\u00e1s art\u00edculos inspirados en las mayores licencias de manga, cine y videojuegos.<br class=\"yoast-text-mark\" \/>Ofrecemos una amplia gama de <a href=\"https:\/\/repliquemangacine.fr\/es\/espada-katana\/\">katanas<\/a> decorativos, a veces luminosos, directamente inspirados en One Piece, Demon Slayer o Bleach.<br class=\"yoast-text-mark\" \/>Tambi\u00e9n encontrar\u00e1s r\u00e9plicas ultra fieles de espadas de videojuegos emblem\u00e1ticos como Zelda, Genshin Impact o The Witcher.<br \/>\nLos amantes de la fantas\u00eda podr\u00e1n descubrir nuestras espadas ic\u00f3nicas de <a href=\"https:\/\/repliquemangacine.fr\/es\/espadas-del-senor-de-los-anillos\/\">El Se\u00f1or de los Anillos<\/a> o de Juego de Tronos.<br \/>\nEn cuanto a la historia, nuestra colecci\u00f3n incluye espadas romanas, sables de piratas, espadas medievales y armas de la Segunda Guerra Mundial.<br \/>\nPor \u00faltimo, los amantes del western podr\u00e1n encontrar rev\u00f3lveres Colt, rifles Winchester, fundas y accesorios t\u00edpicos de la \u00e9poca de los sheriffs.<\/p>\n<p><strong>\u26a0\ufe0f Venta prohibida a menores. Es posible que tras realizar el pedido se solicite una verificaci\u00f3n de identidad para confirmar la mayor\u00eda de edad del comprador.<\/strong><\/p>","protected":false},"excerpt":{"rendered":"<p>Navaja plegable negra F822 con un moderno dise\u00f1o t\u00e1ctico inspirado en el mundo militar y urbano.<\/p>\n<ul>\n<li>Hoja semi-drop-point de acero inoxidable negro con aleta de liberaci\u00f3n r\u00e1pida.<\/li>\n<li>Mango texturizado para un agarre excelente, acabado ultra estilizado en negro total.<\/li>\n<li>Rompecristales integrado en el extremo + discreto cortador de cintur\u00f3n para un aspecto t\u00e9cnico asertivo.<\/li>\n<li>Clip para cintur\u00f3n para un transporte pr\u00e1ctico, discreto y r\u00e1pido.<\/li>\n<li>Longitud abierto: 21 cm - Longitud cerrado: 12,5 cm - Peso: 112 g<\/li>\n<\/ul>","protected":false},"featured_media":86135,"template":"","meta":[],"product_brand":[],"product_cat":[891,886,892,884],"product_tag":[],"class_list":{"0":"post-86126","1":"product","2":"type-product","3":"status-publish","4":"has-post-thumbnail","6":"product_cat-couteaux-automatiques","7":"product_cat-couteaux-de-poche","8":"product_cat-couteaux-tactical","9":"product_cat-coutellerie","11":"first","12":"instock","13":"taxable","14":"shipping-taxable","15":"purchasable","16":"product-type-simple"},"yoast_head":"<!-- This site is optimized with the Yoast SEO plugin v27.4 - https:\/\/yoast.com\/product\/yoast-seo-wordpress\/ -->\n<title>Couteau pliant noir - R\u00e9plique Manga Cin\u00e9<\/title>\n<meta name=\"description\" content=\"Couteau pliant noir F822 au design tactique. Lame noire, clip ceinture, brise-vitre. Pratique, styl\u00e9 et pr\u00eat \u00e0 l\u2019action. Livraison rapide.\" \/>\n<meta name=\"robots\" content=\"index, follow, max-snippet:-1, max-image-preview:large, max-video-preview:-1\" \/>\n<link rel=\"canonical\" href=\"https:\/\/repliquemangacine.fr\/es\/cubiertos\/cuchillo-plegable-negro\/\" \/>\n<meta property=\"og:locale\" content=\"es_ES\" \/>\n<meta property=\"og:type\" content=\"article\" \/>\n<meta property=\"og:title\" content=\"Couteau pliant noir - R\u00e9plique Manga Cin\u00e9\" \/>\n<meta property=\"og:description\" content=\"Couteau pliant noir F822 au design tactique. Lame noire, clip ceinture, brise-vitre. Pratique, styl\u00e9 et pr\u00eat \u00e0 l\u2019action. Livraison rapide.\" \/>\n<meta property=\"og:url\" content=\"https:\/\/repliquemangacine.fr\/es\/cubiertos\/cuchillo-plegable-negro\/\" \/>\n<meta property=\"og:site_name\" content=\"R\u00e9plique Manga Cin\u00e9\" \/>\n<meta property=\"article:publisher\" content=\"https:\/\/www.facebook.com\/RepliqueMangaCine\" \/>\n<meta property=\"article:modified_time\" content=\"2025-11-12T23:15:38+00:00\" \/>\n<meta property=\"og:image\" content=\"https:\/\/repliquemangacine.fr\/wp-content\/uploads\/2025\/07\/Couteau-F822.jpg\" \/>\n\t<meta property=\"og:image:width\" content=\"700\" \/>\n\t<meta property=\"og:image:height\" content=\"700\" \/>\n\t<meta property=\"og:image:type\" content=\"image\/jpeg\" \/>\n<meta name=\"twitter:card\" content=\"summary_large_image\" \/>\n<meta name=\"twitter:label1\" content=\"Tiempo de lectura\" \/>\n\t<meta name=\"twitter:data1\" content=\"3 minutos\" \/>\n<script type=\"application\/ld+json\" class=\"yoast-schema-graph\">{\"@context\":\"https:\\\/\\\/schema.org\",\"@graph\":[{\"@type\":\"WebPage\",\"@id\":\"https:\\\/\\\/repliquemangacine.fr\\\/coutellerie\\\/couteau-pliant-noir\\\/\",\"url\":\"https:\\\/\\\/repliquemangacine.fr\\\/coutellerie\\\/couteau-pliant-noir\\\/\",\"name\":\"Couteau pliant noir - R\u00e9plique Manga Cin\u00e9\",\"isPartOf\":{\"@id\":\"https:\\\/\\\/repliquemangacine.fr\\\/#website\"},\"primaryImageOfPage\":{\"@id\":\"https:\\\/\\\/repliquemangacine.fr\\\/coutellerie\\\/couteau-pliant-noir\\\/#primaryimage\"},\"image\":{\"@id\":\"https:\\\/\\\/repliquemangacine.fr\\\/coutellerie\\\/couteau-pliant-noir\\\/#primaryimage\"},\"thumbnailUrl\":\"https:\\\/\\\/repliquemangacine.fr\\\/wp-content\\\/uploads\\\/2025\\\/07\\\/Couteau-F822.jpg\",\"datePublished\":\"2025-07-08T09:10:00+00:00\",\"dateModified\":\"2025-11-12T23:15:38+00:00\",\"description\":\"Couteau pliant noir F822 au design tactique. Lame noire, clip ceinture, brise-vitre. Pratique, styl\u00e9 et pr\u00eat \u00e0 l\u2019action. Livraison rapide.\",\"breadcrumb\":{\"@id\":\"https:\\\/\\\/repliquemangacine.fr\\\/coutellerie\\\/couteau-pliant-noir\\\/#breadcrumb\"},\"inLanguage\":\"es\",\"potentialAction\":[{\"@type\":\"ReadAction\",\"target\":[\"https:\\\/\\\/repliquemangacine.fr\\\/coutellerie\\\/couteau-pliant-noir\\\/\"]}]},{\"@type\":\"ImageObject\",\"inLanguage\":\"es\",\"@id\":\"https:\\\/\\\/repliquemangacine.fr\\\/coutellerie\\\/couteau-pliant-noir\\\/#primaryimage\",\"url\":\"https:\\\/\\\/repliquemangacine.fr\\\/wp-content\\\/uploads\\\/2025\\\/07\\\/Couteau-F822.jpg\",\"contentUrl\":\"https:\\\/\\\/repliquemangacine.fr\\\/wp-content\\\/uploads\\\/2025\\\/07\\\/Couteau-F822.jpg\",\"width\":700,\"height\":700,\"caption\":\"Couteau pliant noir\"},{\"@type\":\"BreadcrumbList\",\"@id\":\"https:\\\/\\\/repliquemangacine.fr\\\/coutellerie\\\/couteau-pliant-noir\\\/#breadcrumb\",\"itemListElement\":[{\"@type\":\"ListItem\",\"position\":1,\"name\":\"Accueil\",\"item\":\"https:\\\/\\\/repliquemangacine.fr\\\/\"},{\"@type\":\"ListItem\",\"position\":2,\"name\":\"Produits\",\"item\":\"https:\\\/\\\/repliquemangacine.fr\\\/boutique\\\/\"},{\"@type\":\"ListItem\",\"position\":3,\"name\":\"Couteau pliant noir\"}]},{\"@type\":\"WebSite\",\"@id\":\"https:\\\/\\\/repliquemangacine.fr\\\/#website\",\"url\":\"https:\\\/\\\/repliquemangacine.fr\\\/\",\"name\":\"R\u00e9plique Manga Cin\u00e9\",\"description\":\"\",\"publisher\":{\"@id\":\"https:\\\/\\\/repliquemangacine.fr\\\/#organization\"},\"potentialAction\":[{\"@type\":\"SearchAction\",\"target\":{\"@type\":\"EntryPoint\",\"urlTemplate\":\"https:\\\/\\\/repliquemangacine.fr\\\/?s={search_term_string}\"},\"query-input\":{\"@type\":\"PropertyValueSpecification\",\"valueRequired\":true,\"valueName\":\"search_term_string\"}}],\"inLanguage\":\"es\"},{\"@type\":\"Organization\",\"@id\":\"https:\\\/\\\/repliquemangacine.fr\\\/#organization\",\"name\":\"R\u00e9plique Manga Cin\u00e9\",\"url\":\"https:\\\/\\\/repliquemangacine.fr\\\/\",\"logo\":{\"@type\":\"ImageObject\",\"inLanguage\":\"es\",\"@id\":\"https:\\\/\\\/repliquemangacine.fr\\\/#\\\/schema\\\/logo\\\/image\\\/\",\"url\":\"https:\\\/\\\/repliquemangacine.fr\\\/wp-content\\\/uploads\\\/2023\\\/10\\\/RMC-500250.png\",\"contentUrl\":\"https:\\\/\\\/repliquemangacine.fr\\\/wp-content\\\/uploads\\\/2023\\\/10\\\/RMC-500250.png\",\"width\":500,\"height\":250,\"caption\":\"R\u00e9plique Manga Cin\u00e9\"},\"image\":{\"@id\":\"https:\\\/\\\/repliquemangacine.fr\\\/#\\\/schema\\\/logo\\\/image\\\/\"},\"sameAs\":[\"https:\\\/\\\/www.facebook.com\\\/RepliqueMangaCine\",\"https:\\\/\\\/www.instagram.com\\\/repliquemangacine.fr\\\/\"]}]}<\/script>\n<!-- \/ Yoast SEO plugin. -->","yoast_head_json":{"title":"Navaja negra - R\u00e9plique Manga Cin\u00e9","description":"Navaja negra F822 con dise\u00f1o t\u00e1ctico. Hoja negra, clip para el cintur\u00f3n, rompecristales. Pr\u00e1ctica, elegante y lista para la acci\u00f3n. Entrega r\u00e1pida.","robots":{"index":"index","follow":"follow","max-snippet":"max-snippet:-1","max-image-preview":"max-image-preview:large","max-video-preview":"max-video-preview:-1"},"canonical":"https:\/\/repliquemangacine.fr\/es\/cubiertos\/cuchillo-plegable-negro\/","og_locale":"es_ES","og_type":"article","og_title":"Couteau pliant noir - R\u00e9plique Manga Cin\u00e9","og_description":"Couteau pliant noir F822 au design tactique. Lame noire, clip ceinture, brise-vitre. Pratique, styl\u00e9 et pr\u00eat \u00e0 l\u2019action. Livraison rapide.","og_url":"https:\/\/repliquemangacine.fr\/es\/cubiertos\/cuchillo-plegable-negro\/","og_site_name":"R\u00e9plique Manga Cin\u00e9","article_publisher":"https:\/\/www.facebook.com\/RepliqueMangaCine","article_modified_time":"2025-11-12T23:15:38+00:00","og_image":[{"width":700,"height":700,"url":"https:\/\/repliquemangacine.fr\/wp-content\/uploads\/2025\/07\/Couteau-F822.jpg","type":"image\/jpeg"}],"twitter_card":"summary_large_image","twitter_misc":{"Tiempo de lectura":"3 minutos"},"schema":{"@context":"https:\/\/schema.org","@graph":[{"@type":"WebPage","@id":"https:\/\/repliquemangacine.fr\/coutellerie\/couteau-pliant-noir\/","url":"https:\/\/repliquemangacine.fr\/coutellerie\/couteau-pliant-noir\/","name":"Navaja negra - R\u00e9plique Manga Cin\u00e9","isPartOf":{"@id":"https:\/\/repliquemangacine.fr\/#website"},"primaryImageOfPage":{"@id":"https:\/\/repliquemangacine.fr\/coutellerie\/couteau-pliant-noir\/#primaryimage"},"image":{"@id":"https:\/\/repliquemangacine.fr\/coutellerie\/couteau-pliant-noir\/#primaryimage"},"thumbnailUrl":"https:\/\/repliquemangacine.fr\/wp-content\/uploads\/2025\/07\/Couteau-F822.jpg","datePublished":"2025-07-08T09:10:00+00:00","dateModified":"2025-11-12T23:15:38+00:00","description":"Navaja negra F822 con dise\u00f1o t\u00e1ctico. Hoja negra, clip para el cintur\u00f3n, rompecristales. Pr\u00e1ctica, elegante y lista para la acci\u00f3n. Entrega r\u00e1pida.","breadcrumb":{"@id":"https:\/\/repliquemangacine.fr\/coutellerie\/couteau-pliant-noir\/#breadcrumb"},"inLanguage":"es","potentialAction":[{"@type":"ReadAction","target":["https:\/\/repliquemangacine.fr\/coutellerie\/couteau-pliant-noir\/"]}]},{"@type":"ImageObject","inLanguage":"es","@id":"https:\/\/repliquemangacine.fr\/coutellerie\/couteau-pliant-noir\/#primaryimage","url":"https:\/\/repliquemangacine.fr\/wp-content\/uploads\/2025\/07\/Couteau-F822.jpg","contentUrl":"https:\/\/repliquemangacine.fr\/wp-content\/uploads\/2025\/07\/Couteau-F822.jpg","width":700,"height":700,"caption":"Couteau pliant noir"},{"@type":"BreadcrumbList","@id":"https:\/\/repliquemangacine.fr\/coutellerie\/couteau-pliant-noir\/#breadcrumb","itemListElement":[{"@type":"ListItem","position":1,"name":"Accueil","item":"https:\/\/repliquemangacine.fr\/"},{"@type":"ListItem","position":2,"name":"Produits","item":"https:\/\/repliquemangacine.fr\/boutique\/"},{"@type":"ListItem","position":3,"name":"Couteau pliant noir"}]},{"@type":"WebSite","@id":"https:\/\/repliquemangacine.fr\/#website","url":"https:\/\/repliquemangacine.fr\/","name":"R\u00e9plique Manga Cin\u00e9","description":"","publisher":{"@id":"https:\/\/repliquemangacine.fr\/#organization"},"potentialAction":[{"@type":"SearchAction","target":{"@type":"EntryPoint","urlTemplate":"https:\/\/repliquemangacine.fr\/?s={search_term_string}"},"query-input":{"@type":"PropertyValueSpecification","valueRequired":true,"valueName":"search_term_string"}}],"inLanguage":"es"},{"@type":"Organization","@id":"https:\/\/repliquemangacine.fr\/#organization","name":"R\u00e9plique Manga Cin\u00e9","url":"https:\/\/repliquemangacine.fr\/","logo":{"@type":"ImageObject","inLanguage":"es","@id":"https:\/\/repliquemangacine.fr\/#\/schema\/logo\/image\/","url":"https:\/\/repliquemangacine.fr\/wp-content\/uploads\/2023\/10\/RMC-500250.png","contentUrl":"https:\/\/repliquemangacine.fr\/wp-content\/uploads\/2023\/10\/RMC-500250.png","width":500,"height":250,"caption":"R\u00e9plique Manga Cin\u00e9"},"image":{"@id":"https:\/\/repliquemangacine.fr\/#\/schema\/logo\/image\/"},"sameAs":["https:\/\/www.facebook.com\/RepliqueMangaCine","https:\/\/www.instagram.com\/repliquemangacine.fr\/"]}]}},"_links":{"self":[{"href":"https:\/\/repliquemangacine.fr\/es\/wp-json\/wp\/v2\/product\/86126","targetHints":{"allow":["GET"]}}],"collection":[{"href":"https:\/\/repliquemangacine.fr\/es\/wp-json\/wp\/v2\/product"}],"about":[{"href":"https:\/\/repliquemangacine.fr\/es\/wp-json\/wp\/v2\/types\/product"}],"wp:featuredmedia":[{"embeddable":true,"href":"https:\/\/repliquemangacine.fr\/es\/wp-json\/wp\/v2\/media\/86135"}],"wp:attachment":[{"href":"https:\/\/repliquemangacine.fr\/es\/wp-json\/wp\/v2\/media?parent=86126"}],"wp:term":[{"taxonomy":"product_brand","embeddable":true,"href":"https:\/\/repliquemangacine.fr\/es\/wp-json\/wp\/v2\/product_brand?post=86126"},{"taxonomy":"product_cat","embeddable":true,"href":"https:\/\/repliquemangacine.fr\/es\/wp-json\/wp\/v2\/product_cat?post=86126"},{"taxonomy":"product_tag","embeddable":true,"href":"https:\/\/repliquemangacine.fr\/es\/wp-json\/wp\/v2\/product_tag?post=86126"}],"curies":[{"name":"wp","href":"https:\/\/api.w.org\/{rel}","templated":true}]}}