





{"id":85916,"date":"2025-07-01T16:10:37","date_gmt":"2025-07-01T14:10:37","guid":{"rendered":"https:\/\/repliquemangacine.fr\/?post_type=product&#038;p=85916"},"modified":"2026-04-01T06:37:22","modified_gmt":"2026-04-01T04:37:22","slug":"pistola-inglesa-de-6-canones","status":"publish","type":"product","link":"https:\/\/repliquemangacine.fr\/es\/armes-historiques\/pistolet-anglais-6-canons\/","title":{"rendered":"Pistola inglesa de 6 ca\u00f1ones"},"content":{"rendered":"<h2>Una fiel e impresionante pistola inglesa de seis ca\u00f1ones de 1840 de Denix<\/h2>\n<p>Para empezar, esta pistola inglesa de 6 ca\u00f1ones <a href=\"https:\/\/www.denix.fr\/\" target=\"_blank\" rel=\"noopener noreferrer\">Denix<\/a> es una r\u00e9plica \u00fanica, inspirada en los complejos y temidos modelos de pistola del siglo XIX.<br \/>\nFabricada con esmero, reproduce el estilo t\u00edpico de las armas de duelo con varios ca\u00f1ones utilizadas hacia el a\u00f1o 1840.<br \/>\nSu particularidad reside en sus seis ca\u00f1ones giratorios, una proeza t\u00e9cnica dise\u00f1ada para disparar r\u00e1pidamente varios tiros sin recargar.<br \/>\nLa r\u00e9plica mide aproximadamente 22,5 cm y pesa cerca de 968 g, perfecta para exposici\u00f3n, cosplay o colecci\u00f3n.<br \/>\nEl cuerpo es de metal envejecido, con un acabado imitaci\u00f3n madera de caoba en la culata, para un resultado muy realista.<br \/>\nLa pistola encarna la transici\u00f3n entre las armas artesanales cl\u00e1sicas y el ingenio industrial del siglo naciente.<br \/>\nFirmada por Denix, esta pieza decorativa refleja a la perfecci\u00f3n el refinamiento brutal de la \u00e9poca victoriana brit\u00e1nica.<br \/>\nPor lo tanto, coleccionistas, amantes de la historia o apasionados de las armas antiguas, esta pistola no dejar\u00e1 indiferente a nadie en su vitrina.<\/p>\n<h2>Una rara r\u00e9plica hist\u00f3rica con una mec\u00e1nica tan est\u00e9tica como inusual<\/h2>\n<p>Hay que decir que la pistola inglesa de seis ca\u00f1ones encarna una forma poco com\u00fan de ingenio militar en pleno siglo XIX, en plena evoluci\u00f3n tecnol\u00f3gica.<br \/>\nDise\u00f1ado para paliar la lentitud de la recarga, ofrece a su portador una clara ventaja estrat\u00e9gica en los duelos cuerpo a cuerpo.<br \/>\nEn este caso, la presencia de seis ca\u00f1ones superpuestos resulta disuasoria, innovadora y, en ocasiones, incluso se considera un lujo aristocr\u00e1tico.<br \/>\nLos oficiales, navegantes o exploradores brit\u00e1nicos en misi\u00f3n en tierras hostiles llevan esta arma.<br \/>\nLa r\u00e9plica de Denix respeta escrupulosamente esta elegancia t\u00e9cnica, combinando robustez, detalles grabados y mecanismo de armado giratorio.<br \/>\nEn resumen, regalar o regalarse esta pistola es adquirir una pieza \u00fanica que celebra el ingenio armament\u00edstico del siglo XIX brit\u00e1nico.<\/p>\n<h2>Explore otras r\u00e9plicas inglesas en R\u00e9plique Manga Cin\u00e9<\/h2>\n<p>Visite <strong>R\u00e9plique Manga Cin\u00e9<\/strong>, descubra otras armas brit\u00e1nicas fielmente reproducidas para enriquecer su colecci\u00f3n con estilo y coherencia hist\u00f3rica.<br \/>\nEn primer lugar, a\u00f1ada, por ejemplo, el <a href=\"https:\/\/repliquemangacine.fr\/es\/denix\/pistola-inglesa-de-duelo-de-laton-del-siglo-xviii\/\" target=\"_blank\" rel=\"noopener noreferrer\">Pistola de duelo inglesa de lat\u00f3n y pedernal<\/a>, elegante, preciso y t\u00edpico de los duelos aristocr\u00e1ticos por honor.<br \/>\nSu acabado en lat\u00f3n pulido y su culata de madera tallada lo convierten en una pieza de prestigio y refinamiento hist\u00f3rico.<br \/>\nEn segundo lugar, el <a href=\"https:\/\/repliquemangacine.fr\/es\/armas-piratas\/canon-naval-ingles-del-siglo-xviii\/\" target=\"_blank\" rel=\"noopener noreferrer\">Ca\u00f1\u00f3n naval ingl\u00e9s del siglo XVIII<\/a>, miniatura decorativa e impresionante por su acabado en metal y madera.<br \/>\nAs\u00ed, estos productos combinan a la perfecci\u00f3n con la pistola de 6 ca\u00f1ones para recrear un universo mar\u00edtimo o militar brit\u00e1nico coherente.<br \/>\nEn conclusi\u00f3n,<strong> R\u00e9plique Manga Cin\u00e9<\/strong> Se selecciona por su fidelidad, su acabado y su potencial decorativo.<br \/>\nPor ello, si eres un apasionado de la historia, la recreaci\u00f3n hist\u00f3rica o el coleccionismo, aqu\u00ed encontrar\u00e1s objetos \u00fanicos con los que enriquecer tu colecci\u00f3n.<\/p>","protected":false},"excerpt":{"rendered":"<p>Impresionante r\u00e9plica de una pistola rotativa inglesa de seis ca\u00f1ones, modelo 1840, firmada Denix. Una pieza rara, perfecta para coleccionismo, decoraci\u00f3n o cosplay hist\u00f3rico.<\/p>\n<p><strong>Caracter\u00edsticas del producto :<\/strong><\/p>\n<ul>\n<li>R\u00e9plica no funcional fabricada por Denix<\/li>\n<li>Seis ca\u00f1ones giratorios para un aspecto \u00fanico y realista<\/li>\n<li>Armaz\u00f3n de metal antiguo con culata de madera<\/li>\n<li>Mecanismo m\u00f3vil para la simulaci\u00f3n de armas<\/li>\n<li>Fiel a las armas brit\u00e1nicas de duelo y defensa del siglo XIX<\/li>\n<li>Objeto decorativo hist\u00f3rico o accesorio para cosplay victoriano<\/li>\n<li>Perfecto como complemento de vitrinas de armas antiguas o navales<\/li>\n<li>Longitud aproximada: 22,5 cm<\/li>\n<li>Peso: 968 g<\/li>\n<\/ul>","protected":false},"featured_media":85943,"template":"","meta":[],"product_brand":[],"product_cat":[25,102,52,28],"product_tag":[],"class_list":{"0":"post-85916","1":"product","2":"type-product","3":"status-publish","4":"has-post-thumbnail","6":"product_cat-armes-historiques","7":"product_cat-denix","8":"product_cat-pistolet-ancien","9":"product_cat-repliques-darmes","11":"first","12":"instock","13":"sale","14":"taxable","15":"shipping-taxable","16":"purchasable","17":"product-type-simple"},"yoast_head":"<!-- This site is optimized with the Yoast SEO plugin v27.4 - https:\/\/yoast.com\/product\/yoast-seo-wordpress\/ -->\n<title>Pistolet Anglais 6 Canons - R\u00e9plique Manga Cin\u00e9<\/title>\n<meta name=\"description\" content=\"R\u00e9plique Denix d&#039;un Pistolet Anglais 6 Canons. Pi\u00e8ce historique d\u00e9corative, id\u00e9ale pour collection, exposition ou passionn\u00e9s d\u2019armes anciennes.\" \/>\n<meta name=\"robots\" content=\"index, follow, max-snippet:-1, max-image-preview:large, max-video-preview:-1\" \/>\n<link rel=\"canonical\" href=\"https:\/\/repliquemangacine.fr\/es\/armas-historicas\/pistola-inglesa-de-6-canones\/\" \/>\n<meta property=\"og:locale\" content=\"es_ES\" \/>\n<meta property=\"og:type\" content=\"article\" \/>\n<meta property=\"og:title\" content=\"Pistolet Anglais 6 Canons - R\u00e9plique Manga Cin\u00e9\" \/>\n<meta property=\"og:description\" content=\"R\u00e9plique Denix d&#039;un Pistolet Anglais 6 Canons. Pi\u00e8ce historique d\u00e9corative, id\u00e9ale pour collection, exposition ou passionn\u00e9s d\u2019armes anciennes.\" \/>\n<meta property=\"og:url\" content=\"https:\/\/repliquemangacine.fr\/es\/armas-historicas\/pistola-inglesa-de-6-canones\/\" \/>\n<meta property=\"og:site_name\" content=\"R\u00e9plique Manga Cin\u00e9\" \/>\n<meta property=\"article:publisher\" content=\"https:\/\/www.facebook.com\/RepliqueMangaCine\" \/>\n<meta property=\"article:modified_time\" content=\"2026-04-01T04:37:22+00:00\" \/>\n<meta property=\"og:image\" content=\"https:\/\/repliquemangacine.fr\/wp-content\/uploads\/2025\/07\/Revolver-6-canons-Angleterre-1840.jpg\" \/>\n\t<meta property=\"og:image:width\" content=\"700\" \/>\n\t<meta property=\"og:image:height\" content=\"700\" \/>\n\t<meta property=\"og:image:type\" content=\"image\/jpeg\" \/>\n<meta name=\"twitter:card\" content=\"summary_large_image\" \/>\n<meta name=\"twitter:label1\" content=\"Tiempo de lectura\" \/>\n\t<meta name=\"twitter:data1\" content=\"3 minutos\" \/>\n<script type=\"application\/ld+json\" class=\"yoast-schema-graph\">{\"@context\":\"https:\\\/\\\/schema.org\",\"@graph\":[{\"@type\":\"WebPage\",\"@id\":\"https:\\\/\\\/repliquemangacine.fr\\\/armes-historiques\\\/pistolet-anglais-6-canons\\\/\",\"url\":\"https:\\\/\\\/repliquemangacine.fr\\\/armes-historiques\\\/pistolet-anglais-6-canons\\\/\",\"name\":\"Pistolet Anglais 6 Canons - R\u00e9plique Manga Cin\u00e9\",\"isPartOf\":{\"@id\":\"https:\\\/\\\/repliquemangacine.fr\\\/#website\"},\"primaryImageOfPage\":{\"@id\":\"https:\\\/\\\/repliquemangacine.fr\\\/armes-historiques\\\/pistolet-anglais-6-canons\\\/#primaryimage\"},\"image\":{\"@id\":\"https:\\\/\\\/repliquemangacine.fr\\\/armes-historiques\\\/pistolet-anglais-6-canons\\\/#primaryimage\"},\"thumbnailUrl\":\"https:\\\/\\\/repliquemangacine.fr\\\/wp-content\\\/uploads\\\/2025\\\/07\\\/Revolver-6-canons-Angleterre-1840.jpg\",\"datePublished\":\"2025-07-01T14:10:37+00:00\",\"dateModified\":\"2026-04-01T04:37:22+00:00\",\"description\":\"R\u00e9plique Denix d'un Pistolet Anglais 6 Canons. Pi\u00e8ce historique d\u00e9corative, id\u00e9ale pour collection, exposition ou passionn\u00e9s d\u2019armes anciennes.\",\"breadcrumb\":{\"@id\":\"https:\\\/\\\/repliquemangacine.fr\\\/armes-historiques\\\/pistolet-anglais-6-canons\\\/#breadcrumb\"},\"inLanguage\":\"es\",\"potentialAction\":[{\"@type\":\"ReadAction\",\"target\":[\"https:\\\/\\\/repliquemangacine.fr\\\/armes-historiques\\\/pistolet-anglais-6-canons\\\/\"]}]},{\"@type\":\"ImageObject\",\"inLanguage\":\"es\",\"@id\":\"https:\\\/\\\/repliquemangacine.fr\\\/armes-historiques\\\/pistolet-anglais-6-canons\\\/#primaryimage\",\"url\":\"https:\\\/\\\/repliquemangacine.fr\\\/wp-content\\\/uploads\\\/2025\\\/07\\\/Revolver-6-canons-Angleterre-1840.jpg\",\"contentUrl\":\"https:\\\/\\\/repliquemangacine.fr\\\/wp-content\\\/uploads\\\/2025\\\/07\\\/Revolver-6-canons-Angleterre-1840.jpg\",\"width\":700,\"height\":700,\"caption\":\"Revolver-6-canons-Angleterre-1840\"},{\"@type\":\"BreadcrumbList\",\"@id\":\"https:\\\/\\\/repliquemangacine.fr\\\/armes-historiques\\\/pistolet-anglais-6-canons\\\/#breadcrumb\",\"itemListElement\":[{\"@type\":\"ListItem\",\"position\":1,\"name\":\"Accueil\",\"item\":\"https:\\\/\\\/repliquemangacine.fr\\\/\"},{\"@type\":\"ListItem\",\"position\":2,\"name\":\"Produits\",\"item\":\"https:\\\/\\\/repliquemangacine.fr\\\/boutique\\\/\"},{\"@type\":\"ListItem\",\"position\":3,\"name\":\"Pistolet Anglais 6 Canons\"}]},{\"@type\":\"WebSite\",\"@id\":\"https:\\\/\\\/repliquemangacine.fr\\\/#website\",\"url\":\"https:\\\/\\\/repliquemangacine.fr\\\/\",\"name\":\"R\u00e9plique Manga Cin\u00e9\",\"description\":\"\",\"publisher\":{\"@id\":\"https:\\\/\\\/repliquemangacine.fr\\\/#organization\"},\"potentialAction\":[{\"@type\":\"SearchAction\",\"target\":{\"@type\":\"EntryPoint\",\"urlTemplate\":\"https:\\\/\\\/repliquemangacine.fr\\\/?s={search_term_string}\"},\"query-input\":{\"@type\":\"PropertyValueSpecification\",\"valueRequired\":true,\"valueName\":\"search_term_string\"}}],\"inLanguage\":\"es\"},{\"@type\":\"Organization\",\"@id\":\"https:\\\/\\\/repliquemangacine.fr\\\/#organization\",\"name\":\"R\u00e9plique Manga Cin\u00e9\",\"url\":\"https:\\\/\\\/repliquemangacine.fr\\\/\",\"logo\":{\"@type\":\"ImageObject\",\"inLanguage\":\"es\",\"@id\":\"https:\\\/\\\/repliquemangacine.fr\\\/#\\\/schema\\\/logo\\\/image\\\/\",\"url\":\"https:\\\/\\\/repliquemangacine.fr\\\/wp-content\\\/uploads\\\/2023\\\/10\\\/RMC-500250.png\",\"contentUrl\":\"https:\\\/\\\/repliquemangacine.fr\\\/wp-content\\\/uploads\\\/2023\\\/10\\\/RMC-500250.png\",\"width\":500,\"height\":250,\"caption\":\"R\u00e9plique Manga Cin\u00e9\"},\"image\":{\"@id\":\"https:\\\/\\\/repliquemangacine.fr\\\/#\\\/schema\\\/logo\\\/image\\\/\"},\"sameAs\":[\"https:\\\/\\\/www.facebook.com\\\/RepliqueMangaCine\",\"https:\\\/\\\/www.instagram.com\\\/repliquemangacine.fr\\\/\"]}]}<\/script>\n<!-- \/ Yoast SEO plugin. -->","yoast_head_json":{"title":"Pistola inglesa de 6 ca\u00f1ones - R\u00e9plique Manga Cin\u00e9","description":"R\u00e9plica Denix de una pistola inglesa de 6 ca\u00f1ones. Una pieza hist\u00f3rica decorativa, ideal para colecciones, exposiciones o aficionados a las armas antiguas.","robots":{"index":"index","follow":"follow","max-snippet":"max-snippet:-1","max-image-preview":"max-image-preview:large","max-video-preview":"max-video-preview:-1"},"canonical":"https:\/\/repliquemangacine.fr\/es\/armas-historicas\/pistola-inglesa-de-6-canones\/","og_locale":"es_ES","og_type":"article","og_title":"Pistolet Anglais 6 Canons - R\u00e9plique Manga Cin\u00e9","og_description":"R\u00e9plique Denix d'un Pistolet Anglais 6 Canons. Pi\u00e8ce historique d\u00e9corative, id\u00e9ale pour collection, exposition ou passionn\u00e9s d\u2019armes anciennes.","og_url":"https:\/\/repliquemangacine.fr\/es\/armas-historicas\/pistola-inglesa-de-6-canones\/","og_site_name":"R\u00e9plique Manga Cin\u00e9","article_publisher":"https:\/\/www.facebook.com\/RepliqueMangaCine","article_modified_time":"2026-04-01T04:37:22+00:00","og_image":[{"width":700,"height":700,"url":"https:\/\/repliquemangacine.fr\/wp-content\/uploads\/2025\/07\/Revolver-6-canons-Angleterre-1840.jpg","type":"image\/jpeg"}],"twitter_card":"summary_large_image","twitter_misc":{"Tiempo de lectura":"3 minutos"},"schema":{"@context":"https:\/\/schema.org","@graph":[{"@type":"WebPage","@id":"https:\/\/repliquemangacine.fr\/armes-historiques\/pistolet-anglais-6-canons\/","url":"https:\/\/repliquemangacine.fr\/armes-historiques\/pistolet-anglais-6-canons\/","name":"Pistola inglesa de 6 ca\u00f1ones - R\u00e9plique Manga Cin\u00e9","isPartOf":{"@id":"https:\/\/repliquemangacine.fr\/#website"},"primaryImageOfPage":{"@id":"https:\/\/repliquemangacine.fr\/armes-historiques\/pistolet-anglais-6-canons\/#primaryimage"},"image":{"@id":"https:\/\/repliquemangacine.fr\/armes-historiques\/pistolet-anglais-6-canons\/#primaryimage"},"thumbnailUrl":"https:\/\/repliquemangacine.fr\/wp-content\/uploads\/2025\/07\/Revolver-6-canons-Angleterre-1840.jpg","datePublished":"2025-07-01T14:10:37+00:00","dateModified":"2026-04-01T04:37:22+00:00","description":"R\u00e9plica Denix de una pistola inglesa de 6 ca\u00f1ones. Una pieza hist\u00f3rica decorativa, ideal para colecciones, exposiciones o aficionados a las armas antiguas.","breadcrumb":{"@id":"https:\/\/repliquemangacine.fr\/armes-historiques\/pistolet-anglais-6-canons\/#breadcrumb"},"inLanguage":"es","potentialAction":[{"@type":"ReadAction","target":["https:\/\/repliquemangacine.fr\/armes-historiques\/pistolet-anglais-6-canons\/"]}]},{"@type":"ImageObject","inLanguage":"es","@id":"https:\/\/repliquemangacine.fr\/armes-historiques\/pistolet-anglais-6-canons\/#primaryimage","url":"https:\/\/repliquemangacine.fr\/wp-content\/uploads\/2025\/07\/Revolver-6-canons-Angleterre-1840.jpg","contentUrl":"https:\/\/repliquemangacine.fr\/wp-content\/uploads\/2025\/07\/Revolver-6-canons-Angleterre-1840.jpg","width":700,"height":700,"caption":"Revolver-6-canons-Angleterre-1840"},{"@type":"BreadcrumbList","@id":"https:\/\/repliquemangacine.fr\/armes-historiques\/pistolet-anglais-6-canons\/#breadcrumb","itemListElement":[{"@type":"ListItem","position":1,"name":"Accueil","item":"https:\/\/repliquemangacine.fr\/"},{"@type":"ListItem","position":2,"name":"Produits","item":"https:\/\/repliquemangacine.fr\/boutique\/"},{"@type":"ListItem","position":3,"name":"Pistolet Anglais 6 Canons"}]},{"@type":"WebSite","@id":"https:\/\/repliquemangacine.fr\/#website","url":"https:\/\/repliquemangacine.fr\/","name":"R\u00e9plique Manga Cin\u00e9","description":"","publisher":{"@id":"https:\/\/repliquemangacine.fr\/#organization"},"potentialAction":[{"@type":"SearchAction","target":{"@type":"EntryPoint","urlTemplate":"https:\/\/repliquemangacine.fr\/?s={search_term_string}"},"query-input":{"@type":"PropertyValueSpecification","valueRequired":true,"valueName":"search_term_string"}}],"inLanguage":"es"},{"@type":"Organization","@id":"https:\/\/repliquemangacine.fr\/#organization","name":"R\u00e9plique Manga Cin\u00e9","url":"https:\/\/repliquemangacine.fr\/","logo":{"@type":"ImageObject","inLanguage":"es","@id":"https:\/\/repliquemangacine.fr\/#\/schema\/logo\/image\/","url":"https:\/\/repliquemangacine.fr\/wp-content\/uploads\/2023\/10\/RMC-500250.png","contentUrl":"https:\/\/repliquemangacine.fr\/wp-content\/uploads\/2023\/10\/RMC-500250.png","width":500,"height":250,"caption":"R\u00e9plique Manga Cin\u00e9"},"image":{"@id":"https:\/\/repliquemangacine.fr\/#\/schema\/logo\/image\/"},"sameAs":["https:\/\/www.facebook.com\/RepliqueMangaCine","https:\/\/www.instagram.com\/repliquemangacine.fr\/"]}]}},"_links":{"self":[{"href":"https:\/\/repliquemangacine.fr\/es\/wp-json\/wp\/v2\/product\/85916","targetHints":{"allow":["GET"]}}],"collection":[{"href":"https:\/\/repliquemangacine.fr\/es\/wp-json\/wp\/v2\/product"}],"about":[{"href":"https:\/\/repliquemangacine.fr\/es\/wp-json\/wp\/v2\/types\/product"}],"wp:featuredmedia":[{"embeddable":true,"href":"https:\/\/repliquemangacine.fr\/es\/wp-json\/wp\/v2\/media\/85943"}],"wp:attachment":[{"href":"https:\/\/repliquemangacine.fr\/es\/wp-json\/wp\/v2\/media?parent=85916"}],"wp:term":[{"taxonomy":"product_brand","embeddable":true,"href":"https:\/\/repliquemangacine.fr\/es\/wp-json\/wp\/v2\/product_brand?post=85916"},{"taxonomy":"product_cat","embeddable":true,"href":"https:\/\/repliquemangacine.fr\/es\/wp-json\/wp\/v2\/product_cat?post=85916"},{"taxonomy":"product_tag","embeddable":true,"href":"https:\/\/repliquemangacine.fr\/es\/wp-json\/wp\/v2\/product_tag?post=85916"}],"curies":[{"name":"wp","href":"https:\/\/api.w.org\/{rel}","templated":true}]}}