





{"id":85868,"date":"2025-07-01T15:04:48","date_gmt":"2025-07-01T13:04:48","guid":{"rendered":"https:\/\/repliquemangacine.fr\/?post_type=product&#038;p=85868"},"modified":"2026-02-19T10:17:20","modified_gmt":"2026-02-19T09:17:20","slug":"mini-katana-de-michonne","status":"publish","type":"product","link":"https:\/\/repliquemangacine.fr\/es\/armes-the-walking-dead\/mini-katana-de-michonne\/","title":{"rendered":"Mini Katana de Michonne"},"content":{"rendered":"<h2>Una mini katana fiel a la ic\u00f3nica arma de Michonne en The Walking Dead<\/h2>\n<p>Esta Mini Katana de Michonne es una r\u00e9plica fiel de la emblem\u00e1tica arma utilizada por <a href=\"https:\/\/thewalkingdead.fandom.com\/fr\/wiki\/Michonne_(univers_TV)\" target=\"_blank\" rel=\"noopener noreferrer\">Michonne<\/a> en la serie The Walking Dead.<br class=\"yoast-text-mark\" \/>En primer lugar, la mini katana mide 45,5 cm, con un peso total de 230 g, perfecto para exponer en una vitrina.<br class=\"yoast-text-mark\" \/>La hoja es de acero inoxidable 440 y lleva grabado un s\u00edmbolo de peligro biol\u00f3gico.<br class=\"yoast-text-mark\" \/>El mango est\u00e1 envuelto en una trenza de algod\u00f3n blanco, en consonancia con el estilo tradicional japon\u00e9s que Michonne luce en todas sus apariciones.<br class=\"yoast-text-mark\" \/>La vaina de madera tambi\u00e9n tiene un trenzado de algod\u00f3n blanco y un cord\u00f3n decorativo negro.<br class=\"yoast-text-mark\" \/>El formato en miniatura hace que esta r\u00e9plica sea accesible y f\u00e1cil de exponer, al tiempo que conserva los detalles esenciales del arma original.<br class=\"yoast-text-mark\" \/>En definitiva, esta katana en miniatura har\u00e1 las delicias de los fans de los zombis, de la serie y de las bellas r\u00e9plicas de katanas.<\/p>\n<h2>Una katana simb\u00f3lica, un arma silenciosa de supervivencia y la firma de Michonne.<\/h2>\n<p>En primer lugar, la katana de Michonne es mucho m\u00e1s que un arma: es una extensi\u00f3n de su identidad, su s\u00edmbolo de supervivencia y dominio.<br class=\"yoast-text-mark\" \/>Por ello, esta particularidad ha convertido a Michonne en una de las supervivientes m\u00e1s temidas y respetadas a lo largo de las temporadas de la serie.<br \/>\nAs\u00ed, su forma de manejar la espada es fluida. Precisa y decidida, refleja una gran sabidur\u00eda.<\/p>\n<p>Esta mini katana captura la esencia de esta arma de culto, con acabados cuidados y una guarda grabada.<br class=\"yoast-text-mark\" \/>Tambi\u00e9n es una met\u00e1fora del silencio, el control y la resistencia que Michonne encarna con cada aparici\u00f3n.<br class=\"yoast-text-mark\" \/>Con esta katana, rendir\u00e1 homenaje a una guerrera discreta que se gui\u00f3 por la necesidad de proteger a sus seres queridos.<\/p>\n<h2>M\u00e1s armas ic\u00f3nicas de The Walking Dead en R\u00e9plique Manga Cin\u00e9<\/h2>\n<p>En <strong>R\u00e9plique Manga Cin\u00e9<\/strong>Tambi\u00e9n encontrar\u00e1s otras r\u00e9plicas m\u00edticas del universo The Walking Dead para a\u00f1adir a tu colecci\u00f3n.<br class=\"yoast-text-mark\" \/>Por encima de todo, el <a href=\"https:\/\/repliquemangacine.fr\/es\/armas-the-walking-dead\/katana-forge-de-michonne\/\" target=\"_blank\" rel=\"noopener noreferrer\">La katana cortante de Michonne<\/a> Una versi\u00f3n a tama\u00f1o natural, perfeccionada para un aspecto a\u00fan m\u00e1s realista.<br class=\"yoast-text-mark\" \/>As\u00ed como el <a href=\"https:\/\/repliquemangacine.fr\/es\/denix\/colt-python-rick-grimes\/\" target=\"_blank\" rel=\"noopener noreferrer\">El arma de Ric<\/a>k Grimes a tu arsenal: un rev\u00f3lver emblem\u00e1tico utilizado a lo largo de la serie para defender a los supervivientes.<br \/>\nNuestra tienda ofrece r\u00e9plicas de armas de cine y series, fieles, detalladas y seleccionadas por su calidad y autenticidad.<br \/>\nPor \u00faltimo, visite <strong>R\u00e9plique Manga Cin\u00e9<\/strong> y recree la atm\u00f3sfera de su serie favorita con estilo, precisi\u00f3n y pasi\u00f3n por el detalle.<\/p>","protected":false},"excerpt":{"rendered":"<p>Una r\u00e9plica fiel de la ic\u00f3nica katana de Michonne, la hero\u00edna de culto de la serie The Walking Dead. Compacto, detallado y elegante, este modelo en miniatura conserva toda el alma del arma original en un formato peque\u00f1o y accesible.<\/p>\n<p><strong>Caracter\u00edsticas del producto :<\/strong><\/p>\n<ul>\n<li>Hoja: acero inoxidable 440, no afilada, grabada con el s\u00edmbolo de riesgo biol\u00f3gico<\/li>\n<li>Mango: trenzado de algod\u00f3n blanco sobre mango de imitaci\u00f3n madera<\/li>\n<li>Vaina: madera pintada, con trenzado blanco y cord\u00f3n negro decorativo<\/li>\n<li>R\u00e9plica decorativa fiel al arma de Michonne, formato mini ideal para exposici\u00f3n.<\/li>\n<li>Perfectos para colecciones, cosplays, escaparates o regalos para fans de los zombis y las series de culto.<\/li>\n<li>Longitud total: 45,5 cm<\/li>\n<li>Longitud de la hoja: 27 cm<\/li>\n<li>Peso: 230 g<\/li>\n<\/ul>","protected":false},"featured_media":85872,"template":"","meta":[],"product_brand":[],"product_cat":[62],"product_tag":[],"class_list":{"0":"post-85868","1":"product","2":"type-product","3":"status-publish","4":"has-post-thumbnail","6":"product_cat-armes-the-walking-dead","8":"first","9":"instock","10":"taxable","11":"shipping-taxable","12":"purchasable","13":"product-type-simple"},"yoast_head":"<!-- This site is optimized with the Yoast SEO plugin v27.4 - https:\/\/yoast.com\/product\/yoast-seo-wordpress\/ -->\n<title>Mini Katana de Michonne - R\u00e9plique Manga Cin\u00e9<\/title>\n<meta name=\"description\" content=\"Mini katana de Michonne \u2013 The Walking Dead. R\u00e9plique fid\u00e8le avec fourreau, lame d\u00e9corative et finitions r\u00e9alistes. Id\u00e9al pour les collectionneurs\" \/>\n<meta name=\"robots\" content=\"index, follow, max-snippet:-1, max-image-preview:large, max-video-preview:-1\" \/>\n<link rel=\"canonical\" href=\"https:\/\/repliquemangacine.fr\/es\/armas-the-walking-dead\/mini-katana-de-michonne\/\" \/>\n<meta property=\"og:locale\" content=\"es_ES\" \/>\n<meta property=\"og:type\" content=\"article\" \/>\n<meta property=\"og:title\" content=\"Mini Katana de Michonne - R\u00e9plique Manga Cin\u00e9\" \/>\n<meta property=\"og:description\" content=\"Mini katana de Michonne \u2013 The Walking Dead. R\u00e9plique fid\u00e8le avec fourreau, lame d\u00e9corative et finitions r\u00e9alistes. Id\u00e9al pour les collectionneurs\" \/>\n<meta property=\"og:url\" content=\"https:\/\/repliquemangacine.fr\/es\/armas-the-walking-dead\/mini-katana-de-michonne\/\" \/>\n<meta property=\"og:site_name\" content=\"R\u00e9plique Manga Cin\u00e9\" \/>\n<meta property=\"article:publisher\" content=\"https:\/\/www.facebook.com\/RepliqueMangaCine\" \/>\n<meta property=\"article:modified_time\" content=\"2026-02-19T09:17:20+00:00\" \/>\n<meta property=\"og:image\" content=\"https:\/\/repliquemangacine.fr\/wp-content\/uploads\/2025\/07\/mini-katana-Michonne.jpg\" \/>\n\t<meta property=\"og:image:width\" content=\"700\" \/>\n\t<meta property=\"og:image:height\" content=\"700\" \/>\n\t<meta property=\"og:image:type\" content=\"image\/jpeg\" \/>\n<meta name=\"twitter:card\" content=\"summary_large_image\" \/>\n<meta name=\"twitter:label1\" content=\"Tiempo de lectura\" \/>\n\t<meta name=\"twitter:data1\" content=\"3 minutos\" \/>\n<script type=\"application\/ld+json\" class=\"yoast-schema-graph\">{\"@context\":\"https:\\\/\\\/schema.org\",\"@graph\":[{\"@type\":\"WebPage\",\"@id\":\"https:\\\/\\\/repliquemangacine.fr\\\/armes-the-walking-dead\\\/mini-katana-de-michonne\\\/\",\"url\":\"https:\\\/\\\/repliquemangacine.fr\\\/armes-the-walking-dead\\\/mini-katana-de-michonne\\\/\",\"name\":\"Mini Katana de Michonne - R\u00e9plique Manga Cin\u00e9\",\"isPartOf\":{\"@id\":\"https:\\\/\\\/repliquemangacine.fr\\\/#website\"},\"primaryImageOfPage\":{\"@id\":\"https:\\\/\\\/repliquemangacine.fr\\\/armes-the-walking-dead\\\/mini-katana-de-michonne\\\/#primaryimage\"},\"image\":{\"@id\":\"https:\\\/\\\/repliquemangacine.fr\\\/armes-the-walking-dead\\\/mini-katana-de-michonne\\\/#primaryimage\"},\"thumbnailUrl\":\"https:\\\/\\\/repliquemangacine.fr\\\/wp-content\\\/uploads\\\/2025\\\/07\\\/mini-katana-Michonne.jpg\",\"datePublished\":\"2025-07-01T13:04:48+00:00\",\"dateModified\":\"2026-02-19T09:17:20+00:00\",\"description\":\"Mini katana de Michonne \u2013 The Walking Dead. R\u00e9plique fid\u00e8le avec fourreau, lame d\u00e9corative et finitions r\u00e9alistes. Id\u00e9al pour les collectionneurs\",\"breadcrumb\":{\"@id\":\"https:\\\/\\\/repliquemangacine.fr\\\/armes-the-walking-dead\\\/mini-katana-de-michonne\\\/#breadcrumb\"},\"inLanguage\":\"es\",\"potentialAction\":[{\"@type\":\"ReadAction\",\"target\":[\"https:\\\/\\\/repliquemangacine.fr\\\/armes-the-walking-dead\\\/mini-katana-de-michonne\\\/\"]}]},{\"@type\":\"ImageObject\",\"inLanguage\":\"es\",\"@id\":\"https:\\\/\\\/repliquemangacine.fr\\\/armes-the-walking-dead\\\/mini-katana-de-michonne\\\/#primaryimage\",\"url\":\"https:\\\/\\\/repliquemangacine.fr\\\/wp-content\\\/uploads\\\/2025\\\/07\\\/mini-katana-Michonne.jpg\",\"contentUrl\":\"https:\\\/\\\/repliquemangacine.fr\\\/wp-content\\\/uploads\\\/2025\\\/07\\\/mini-katana-Michonne.jpg\",\"width\":700,\"height\":700,\"caption\":\"mini-katana-Michonne\"},{\"@type\":\"BreadcrumbList\",\"@id\":\"https:\\\/\\\/repliquemangacine.fr\\\/armes-the-walking-dead\\\/mini-katana-de-michonne\\\/#breadcrumb\",\"itemListElement\":[{\"@type\":\"ListItem\",\"position\":1,\"name\":\"Accueil\",\"item\":\"https:\\\/\\\/repliquemangacine.fr\\\/\"},{\"@type\":\"ListItem\",\"position\":2,\"name\":\"Produits\",\"item\":\"https:\\\/\\\/repliquemangacine.fr\\\/boutique\\\/\"},{\"@type\":\"ListItem\",\"position\":3,\"name\":\"Mini Katana de Michonne\"}]},{\"@type\":\"WebSite\",\"@id\":\"https:\\\/\\\/repliquemangacine.fr\\\/#website\",\"url\":\"https:\\\/\\\/repliquemangacine.fr\\\/\",\"name\":\"R\u00e9plique Manga Cin\u00e9\",\"description\":\"\",\"publisher\":{\"@id\":\"https:\\\/\\\/repliquemangacine.fr\\\/#organization\"},\"potentialAction\":[{\"@type\":\"SearchAction\",\"target\":{\"@type\":\"EntryPoint\",\"urlTemplate\":\"https:\\\/\\\/repliquemangacine.fr\\\/?s={search_term_string}\"},\"query-input\":{\"@type\":\"PropertyValueSpecification\",\"valueRequired\":true,\"valueName\":\"search_term_string\"}}],\"inLanguage\":\"es\"},{\"@type\":\"Organization\",\"@id\":\"https:\\\/\\\/repliquemangacine.fr\\\/#organization\",\"name\":\"R\u00e9plique Manga Cin\u00e9\",\"url\":\"https:\\\/\\\/repliquemangacine.fr\\\/\",\"logo\":{\"@type\":\"ImageObject\",\"inLanguage\":\"es\",\"@id\":\"https:\\\/\\\/repliquemangacine.fr\\\/#\\\/schema\\\/logo\\\/image\\\/\",\"url\":\"https:\\\/\\\/repliquemangacine.fr\\\/wp-content\\\/uploads\\\/2023\\\/10\\\/RMC-500250.png\",\"contentUrl\":\"https:\\\/\\\/repliquemangacine.fr\\\/wp-content\\\/uploads\\\/2023\\\/10\\\/RMC-500250.png\",\"width\":500,\"height\":250,\"caption\":\"R\u00e9plique Manga Cin\u00e9\"},\"image\":{\"@id\":\"https:\\\/\\\/repliquemangacine.fr\\\/#\\\/schema\\\/logo\\\/image\\\/\"},\"sameAs\":[\"https:\\\/\\\/www.facebook.com\\\/RepliqueMangaCine\",\"https:\\\/\\\/www.instagram.com\\\/repliquemangacine.fr\\\/\"]}]}<\/script>\n<!-- \/ Yoast SEO plugin. -->","yoast_head_json":{"title":"Mini Katana de Michonne - R\u00e9plique Manga Cin\u00e9","description":"Mini katana de Michonne - The Walking Dead. Fiel r\u00e9plica con vaina, hoja decorativa y acabado realista. Ideal para coleccionistas","robots":{"index":"index","follow":"follow","max-snippet":"max-snippet:-1","max-image-preview":"max-image-preview:large","max-video-preview":"max-video-preview:-1"},"canonical":"https:\/\/repliquemangacine.fr\/es\/armas-the-walking-dead\/mini-katana-de-michonne\/","og_locale":"es_ES","og_type":"article","og_title":"Mini Katana de Michonne - R\u00e9plique Manga Cin\u00e9","og_description":"Mini katana de Michonne \u2013 The Walking Dead. R\u00e9plique fid\u00e8le avec fourreau, lame d\u00e9corative et finitions r\u00e9alistes. Id\u00e9al pour les collectionneurs","og_url":"https:\/\/repliquemangacine.fr\/es\/armas-the-walking-dead\/mini-katana-de-michonne\/","og_site_name":"R\u00e9plique Manga Cin\u00e9","article_publisher":"https:\/\/www.facebook.com\/RepliqueMangaCine","article_modified_time":"2026-02-19T09:17:20+00:00","og_image":[{"width":700,"height":700,"url":"https:\/\/repliquemangacine.fr\/wp-content\/uploads\/2025\/07\/mini-katana-Michonne.jpg","type":"image\/jpeg"}],"twitter_card":"summary_large_image","twitter_misc":{"Tiempo de lectura":"3 minutos"},"schema":{"@context":"https:\/\/schema.org","@graph":[{"@type":"WebPage","@id":"https:\/\/repliquemangacine.fr\/armes-the-walking-dead\/mini-katana-de-michonne\/","url":"https:\/\/repliquemangacine.fr\/armes-the-walking-dead\/mini-katana-de-michonne\/","name":"Mini Katana de Michonne - R\u00e9plique Manga Cin\u00e9","isPartOf":{"@id":"https:\/\/repliquemangacine.fr\/#website"},"primaryImageOfPage":{"@id":"https:\/\/repliquemangacine.fr\/armes-the-walking-dead\/mini-katana-de-michonne\/#primaryimage"},"image":{"@id":"https:\/\/repliquemangacine.fr\/armes-the-walking-dead\/mini-katana-de-michonne\/#primaryimage"},"thumbnailUrl":"https:\/\/repliquemangacine.fr\/wp-content\/uploads\/2025\/07\/mini-katana-Michonne.jpg","datePublished":"2025-07-01T13:04:48+00:00","dateModified":"2026-02-19T09:17:20+00:00","description":"Mini katana de Michonne - The Walking Dead. Fiel r\u00e9plica con vaina, hoja decorativa y acabado realista. Ideal para coleccionistas","breadcrumb":{"@id":"https:\/\/repliquemangacine.fr\/armes-the-walking-dead\/mini-katana-de-michonne\/#breadcrumb"},"inLanguage":"es","potentialAction":[{"@type":"ReadAction","target":["https:\/\/repliquemangacine.fr\/armes-the-walking-dead\/mini-katana-de-michonne\/"]}]},{"@type":"ImageObject","inLanguage":"es","@id":"https:\/\/repliquemangacine.fr\/armes-the-walking-dead\/mini-katana-de-michonne\/#primaryimage","url":"https:\/\/repliquemangacine.fr\/wp-content\/uploads\/2025\/07\/mini-katana-Michonne.jpg","contentUrl":"https:\/\/repliquemangacine.fr\/wp-content\/uploads\/2025\/07\/mini-katana-Michonne.jpg","width":700,"height":700,"caption":"mini-katana-Michonne"},{"@type":"BreadcrumbList","@id":"https:\/\/repliquemangacine.fr\/armes-the-walking-dead\/mini-katana-de-michonne\/#breadcrumb","itemListElement":[{"@type":"ListItem","position":1,"name":"Accueil","item":"https:\/\/repliquemangacine.fr\/"},{"@type":"ListItem","position":2,"name":"Produits","item":"https:\/\/repliquemangacine.fr\/boutique\/"},{"@type":"ListItem","position":3,"name":"Mini Katana de Michonne"}]},{"@type":"WebSite","@id":"https:\/\/repliquemangacine.fr\/#website","url":"https:\/\/repliquemangacine.fr\/","name":"R\u00e9plique Manga Cin\u00e9","description":"","publisher":{"@id":"https:\/\/repliquemangacine.fr\/#organization"},"potentialAction":[{"@type":"SearchAction","target":{"@type":"EntryPoint","urlTemplate":"https:\/\/repliquemangacine.fr\/?s={search_term_string}"},"query-input":{"@type":"PropertyValueSpecification","valueRequired":true,"valueName":"search_term_string"}}],"inLanguage":"es"},{"@type":"Organization","@id":"https:\/\/repliquemangacine.fr\/#organization","name":"R\u00e9plique Manga Cin\u00e9","url":"https:\/\/repliquemangacine.fr\/","logo":{"@type":"ImageObject","inLanguage":"es","@id":"https:\/\/repliquemangacine.fr\/#\/schema\/logo\/image\/","url":"https:\/\/repliquemangacine.fr\/wp-content\/uploads\/2023\/10\/RMC-500250.png","contentUrl":"https:\/\/repliquemangacine.fr\/wp-content\/uploads\/2023\/10\/RMC-500250.png","width":500,"height":250,"caption":"R\u00e9plique Manga Cin\u00e9"},"image":{"@id":"https:\/\/repliquemangacine.fr\/#\/schema\/logo\/image\/"},"sameAs":["https:\/\/www.facebook.com\/RepliqueMangaCine","https:\/\/www.instagram.com\/repliquemangacine.fr\/"]}]}},"_links":{"self":[{"href":"https:\/\/repliquemangacine.fr\/es\/wp-json\/wp\/v2\/product\/85868","targetHints":{"allow":["GET"]}}],"collection":[{"href":"https:\/\/repliquemangacine.fr\/es\/wp-json\/wp\/v2\/product"}],"about":[{"href":"https:\/\/repliquemangacine.fr\/es\/wp-json\/wp\/v2\/types\/product"}],"wp:featuredmedia":[{"embeddable":true,"href":"https:\/\/repliquemangacine.fr\/es\/wp-json\/wp\/v2\/media\/85872"}],"wp:attachment":[{"href":"https:\/\/repliquemangacine.fr\/es\/wp-json\/wp\/v2\/media?parent=85868"}],"wp:term":[{"taxonomy":"product_brand","embeddable":true,"href":"https:\/\/repliquemangacine.fr\/es\/wp-json\/wp\/v2\/product_brand?post=85868"},{"taxonomy":"product_cat","embeddable":true,"href":"https:\/\/repliquemangacine.fr\/es\/wp-json\/wp\/v2\/product_cat?post=85868"},{"taxonomy":"product_tag","embeddable":true,"href":"https:\/\/repliquemangacine.fr\/es\/wp-json\/wp\/v2\/product_tag?post=85868"}],"curies":[{"name":"wp","href":"https:\/\/api.w.org\/{rel}","templated":true}]}}