





{"id":85832,"date":"2025-07-01T13:57:46","date_gmt":"2025-07-01T11:57:46","guid":{"rendered":"https:\/\/repliquemangacine.fr\/?post_type=product&#038;p=85832"},"modified":"2026-04-15T12:52:01","modified_gmt":"2026-04-15T10:52:01","slug":"arma-pirata-xviii","status":"publish","type":"product","link":"https:\/\/repliquemangacine.fr\/es\/armes-de-pirates\/pistolet-pirate-xviii\/","title":{"rendered":"Pistola Pirate XVIII"},"content":{"rendered":"<h2>Una r\u00e9plica de la pistola pirata Denix XVIII detallada para encarnar a un aut\u00e9ntico bucanero del siglo XVIII<\/h2>\n<p>Para empezar, esta pistola pirata del siglo XVIII <a href=\"https:\/\/www.denix.fr\/\" target=\"_blank\" rel=\"noopener noreferrer\">Denix<\/a> es una r\u00e9plica fiel de un arma pirata del siglo XVIII, dise\u00f1ada para zurdos audaces e intr\u00e9pidos.<br class=\"yoast-text-mark\" \/>El mango de madera presenta un emblema pirata: la calavera y las tibias cruzadas, s\u00edmbolo m\u00edtico de los temibles bucaneros.<br class=\"yoast-text-mark\" \/>El tonel envejecido y dorado, los grabados barrocos y el martillo de metal ilustran una notable y envolvente atenci\u00f3n al detalle.<br class=\"yoast-text-mark\" \/>Este modelo mide aproximadamente 38 cm y pesa un total de 654 g, lo que le confiere un excelente equilibrio en la mano. Adem\u00e1s, cuenta con un mecanismo articulado que simula el armado de la \u00e9poca.<br \/>\nPor lo tanto, es ideal tanto para los apasionados de la historia como para los fans de Piratas del Caribe o de las aut\u00e9nticas aventuras mar\u00edtimas cinematogr\u00e1ficas.<br \/>\nEvoca el alma de un capit\u00e1n con mano firme, fiel a sus principios.<br \/>\nCon este modelo \u00fanico, encarna a un pirata decidido, libre y feroz, impulsado por el mar y el olor de la p\u00f3lvora.<\/p>\n<h2>Una moneda simb\u00f3lica que refleja el poder y el prestigio de los piratas<\/h2>\n<p>En primer lugar, esta pistola pirata es mucho m\u00e1s que un arma: encarna el estatus, la fuerza y la astucia de los corsarios experimentados.<br class=\"yoast-text-mark\" \/>En primer lugar, veamos c\u00f3mo se fabrica. Las escopetas para zurdos son raras y preciosas, a menudo fabricadas por tiradores expertos y temidos.<br class=\"yoast-text-mark\" \/>La calavera y las tibias cruzadas grabadas en la culata recuerdan la famosa bandera negra, se\u00f1al de amenaza y ultim\u00e1tum fatal.<br class=\"yoast-text-mark\" \/>Sus ornamentos grabados expresan un alto rango: no es el arma de un espumoso, sino la de un l\u00edder asertivo.<br class=\"yoast-text-mark\" \/>Al abordar, la pistola se utiliza para duelos cuerpo a cuerpo o como \u00faltimo recurso.<br class=\"yoast-text-mark\" \/>Nos recuerda que todo pirata debe ir armado, ser r\u00e1pido y estar listo para disparar.<br class=\"yoast-text-mark\" \/>En resumen, con esta r\u00e9plica de Denix, usted posee un pedazo de historia, un arma s\u00edmbolo de valor, honor y libertad.<\/p>\n<h2>Crea un universo pirata completo con R\u00e9plique Manga Cin\u00e9<\/h2>\n<p>Para completar tu atuendo pirata, explora la colecci\u00f3n completa de armas y accesorios disponibles en <strong>R\u00e9plique Manga Cin\u00e9<\/strong>.<br \/>\nEn primer lugar, asocie esta pistola con el <a href=\"https:\/\/repliquemangacine.fr\/es\/espada-pirata\/sable-pirata-sable-bucanero\/\" target=\"_blank\" rel=\"noopener noreferrer\">espada de abordaje de bucanero<\/a>, ideal para completar un conjunto de pantalones piratas.<br \/>\nAdem\u00e1s, a\u00f1ada una <a href=\"https:\/\/repliquemangacine.fr\/es\/espada-pirata\/monedero-pirata-con-monedas\/\" target=\"_blank\" rel=\"noopener noreferrer\">bolso pirata<\/a> con piezas antiguas para recrear el ambiente de bot\u00edn y tesoro.<br \/>\nDescubra tambi\u00e9n nuestro <a href=\"https:\/\/repliquemangacine.fr\/es\/armas-piratas\/arma-hacha-pirata-siglo-xviii\/\" target=\"_blank\" rel=\"noopener noreferrer\">pistola hacha<\/a> del siglo XVIII, un arma mixta con una est\u00e9tica potente y llamativa.<\/p>\n<p>Visite <strong>R\u00e9plique Manga Cin\u00e9<\/strong>, le ofrecemos art\u00edculos cuidadosamente seleccionados por su calidad y realismo, que combinan pasi\u00f3n, historia y una inmersi\u00f3n cinematogr\u00e1fica.<br \/>\nNuestras r\u00e9plicas son perfectas para los amantes de Piratas del Caribe, Assassin's Creed u otros universos.<br \/>\nFinalmente<strong> R\u00e9plique Manga Cin\u00e9<\/strong>Es tu refugio de tesoros piratas, espadas, armas antiguas y r\u00e9plicas de leyendas.<\/p>","protected":false},"excerpt":{"rendered":"<p>Magn\u00edfica r\u00e9plica de una pistola pirata zurda, con grabado dorado, calavera y tibias cruzadas y acabado en madera envejecida. Ideal para coleccionismo, cosplay o decoraci\u00f3n marinera. Una pieza emblem\u00e1tica del mundo de los bucaneros, firmada Denix.<\/p>\n<p><strong>Caracter\u00edsticas del producto :<\/strong><\/p>\n<ul>\n<li>Manufacture Denix - marca especializada en la reproducci\u00f3n de armas antiguas<\/li>\n<li>Dise\u00f1ado para zurdos: empu\u00f1adura ergon\u00f3mica invertida<\/li>\n<li>Grabados dorados en el ca\u00f1\u00f3n y ornamentaci\u00f3n barroca<\/li>\n<li>Mango de madera aut\u00e9ntica con calavera y tibias cruzadas incrustadas<\/li>\n<li>Mecanismo de pedernal articulado (simulaci\u00f3n de disparo)<\/li>\n<li>Longitud aproximada: 38 cm<\/li>\n<li>Materiales: metal envejecido e imitaci\u00f3n de madera<\/li>\n<li>Objeto decorativo no funcional - de venta libre<\/li>\n<li>Perfecto para cosplay, colecci\u00f3n, decoraci\u00f3n o recreaci\u00f3n pirata<\/li>\n<\/ul>","protected":false},"featured_media":85833,"template":"","meta":[],"product_brand":[],"product_cat":[49,102,114],"product_tag":[],"class_list":{"0":"post-85832","1":"product","2":"type-product","3":"status-publish","4":"has-post-thumbnail","6":"product_cat-armes-de-pirates","7":"product_cat-denix","8":"product_cat-pistolet-pirate","10":"first","11":"instock","12":"taxable","13":"shipping-taxable","14":"purchasable","15":"product-type-simple"},"yoast_head":"<!-- This site is optimized with the Yoast SEO plugin v27.4 - https:\/\/yoast.com\/product\/yoast-seo-wordpress\/ -->\n<title>Pistolet Pirate XVIII - R\u00e9plique Manga Cin\u00e9<\/title>\n<meta name=\"description\" content=\"R\u00e9plique Denix d\u2019un Pistolet Pirate XVIII si\u00e8cle pour gaucher, gravures dor\u00e9es et t\u00eate de mort. Parfait pour collection, d\u00e9co ou cosplay.\" \/>\n<meta name=\"robots\" content=\"index, follow, max-snippet:-1, max-image-preview:large, max-video-preview:-1\" \/>\n<link rel=\"canonical\" href=\"https:\/\/repliquemangacine.fr\/es\/armas-piratas\/arma-pirata-xviii\/\" \/>\n<meta property=\"og:locale\" content=\"es_ES\" \/>\n<meta property=\"og:type\" content=\"article\" \/>\n<meta property=\"og:title\" content=\"Pistolet Pirate XVIII - R\u00e9plique Manga Cin\u00e9\" \/>\n<meta property=\"og:description\" content=\"R\u00e9plique Denix d\u2019un Pistolet Pirate XVIII si\u00e8cle pour gaucher, gravures dor\u00e9es et t\u00eate de mort. Parfait pour collection, d\u00e9co ou cosplay.\" \/>\n<meta property=\"og:url\" content=\"https:\/\/repliquemangacine.fr\/es\/armas-piratas\/arma-pirata-xviii\/\" \/>\n<meta property=\"og:site_name\" content=\"R\u00e9plique Manga Cin\u00e9\" \/>\n<meta property=\"article:publisher\" content=\"https:\/\/www.facebook.com\/RepliqueMangaCine\" \/>\n<meta property=\"article:modified_time\" content=\"2026-04-15T10:52:01+00:00\" \/>\n<meta property=\"og:image\" content=\"https:\/\/repliquemangacine.fr\/wp-content\/uploads\/2025\/07\/Pistolet-pirate-S.XVIII-gaucher.jpg\" \/>\n\t<meta property=\"og:image:width\" content=\"700\" \/>\n\t<meta property=\"og:image:height\" content=\"700\" \/>\n\t<meta property=\"og:image:type\" content=\"image\/jpeg\" \/>\n<meta name=\"twitter:card\" content=\"summary_large_image\" \/>\n<meta name=\"twitter:label1\" content=\"Tiempo de lectura\" \/>\n\t<meta name=\"twitter:data1\" content=\"3 minutos\" \/>\n<script type=\"application\/ld+json\" class=\"yoast-schema-graph\">{\"@context\":\"https:\\\/\\\/schema.org\",\"@graph\":[{\"@type\":\"WebPage\",\"@id\":\"https:\\\/\\\/repliquemangacine.fr\\\/armes-de-pirates\\\/pistolet-pirate-xviii\\\/\",\"url\":\"https:\\\/\\\/repliquemangacine.fr\\\/armes-de-pirates\\\/pistolet-pirate-xviii\\\/\",\"name\":\"Pistolet Pirate XVIII - R\u00e9plique Manga Cin\u00e9\",\"isPartOf\":{\"@id\":\"https:\\\/\\\/repliquemangacine.fr\\\/#website\"},\"primaryImageOfPage\":{\"@id\":\"https:\\\/\\\/repliquemangacine.fr\\\/armes-de-pirates\\\/pistolet-pirate-xviii\\\/#primaryimage\"},\"image\":{\"@id\":\"https:\\\/\\\/repliquemangacine.fr\\\/armes-de-pirates\\\/pistolet-pirate-xviii\\\/#primaryimage\"},\"thumbnailUrl\":\"https:\\\/\\\/repliquemangacine.fr\\\/wp-content\\\/uploads\\\/2025\\\/07\\\/Pistolet-pirate-S.XVIII-gaucher.jpg\",\"datePublished\":\"2025-07-01T11:57:46+00:00\",\"dateModified\":\"2026-04-15T10:52:01+00:00\",\"description\":\"R\u00e9plique Denix d\u2019un Pistolet Pirate XVIII si\u00e8cle pour gaucher, gravures dor\u00e9es et t\u00eate de mort. Parfait pour collection, d\u00e9co ou cosplay.\",\"breadcrumb\":{\"@id\":\"https:\\\/\\\/repliquemangacine.fr\\\/armes-de-pirates\\\/pistolet-pirate-xviii\\\/#breadcrumb\"},\"inLanguage\":\"es\",\"potentialAction\":[{\"@type\":\"ReadAction\",\"target\":[\"https:\\\/\\\/repliquemangacine.fr\\\/armes-de-pirates\\\/pistolet-pirate-xviii\\\/\"]}]},{\"@type\":\"ImageObject\",\"inLanguage\":\"es\",\"@id\":\"https:\\\/\\\/repliquemangacine.fr\\\/armes-de-pirates\\\/pistolet-pirate-xviii\\\/#primaryimage\",\"url\":\"https:\\\/\\\/repliquemangacine.fr\\\/wp-content\\\/uploads\\\/2025\\\/07\\\/Pistolet-pirate-S.XVIII-gaucher.jpg\",\"contentUrl\":\"https:\\\/\\\/repliquemangacine.fr\\\/wp-content\\\/uploads\\\/2025\\\/07\\\/Pistolet-pirate-S.XVIII-gaucher.jpg\",\"width\":700,\"height\":700,\"caption\":\"Pistolet-pirate-S.XVIII-gaucher\"},{\"@type\":\"BreadcrumbList\",\"@id\":\"https:\\\/\\\/repliquemangacine.fr\\\/armes-de-pirates\\\/pistolet-pirate-xviii\\\/#breadcrumb\",\"itemListElement\":[{\"@type\":\"ListItem\",\"position\":1,\"name\":\"Accueil\",\"item\":\"https:\\\/\\\/repliquemangacine.fr\\\/\"},{\"@type\":\"ListItem\",\"position\":2,\"name\":\"Produits\",\"item\":\"https:\\\/\\\/repliquemangacine.fr\\\/boutique\\\/\"},{\"@type\":\"ListItem\",\"position\":3,\"name\":\"Pistolet Pirate XVIII\"}]},{\"@type\":\"WebSite\",\"@id\":\"https:\\\/\\\/repliquemangacine.fr\\\/#website\",\"url\":\"https:\\\/\\\/repliquemangacine.fr\\\/\",\"name\":\"R\u00e9plique Manga Cin\u00e9\",\"description\":\"\",\"publisher\":{\"@id\":\"https:\\\/\\\/repliquemangacine.fr\\\/#organization\"},\"potentialAction\":[{\"@type\":\"SearchAction\",\"target\":{\"@type\":\"EntryPoint\",\"urlTemplate\":\"https:\\\/\\\/repliquemangacine.fr\\\/?s={search_term_string}\"},\"query-input\":{\"@type\":\"PropertyValueSpecification\",\"valueRequired\":true,\"valueName\":\"search_term_string\"}}],\"inLanguage\":\"es\"},{\"@type\":\"Organization\",\"@id\":\"https:\\\/\\\/repliquemangacine.fr\\\/#organization\",\"name\":\"R\u00e9plique Manga Cin\u00e9\",\"url\":\"https:\\\/\\\/repliquemangacine.fr\\\/\",\"logo\":{\"@type\":\"ImageObject\",\"inLanguage\":\"es\",\"@id\":\"https:\\\/\\\/repliquemangacine.fr\\\/#\\\/schema\\\/logo\\\/image\\\/\",\"url\":\"https:\\\/\\\/repliquemangacine.fr\\\/wp-content\\\/uploads\\\/2023\\\/10\\\/RMC-500250.png\",\"contentUrl\":\"https:\\\/\\\/repliquemangacine.fr\\\/wp-content\\\/uploads\\\/2023\\\/10\\\/RMC-500250.png\",\"width\":500,\"height\":250,\"caption\":\"R\u00e9plique Manga Cin\u00e9\"},\"image\":{\"@id\":\"https:\\\/\\\/repliquemangacine.fr\\\/#\\\/schema\\\/logo\\\/image\\\/\"},\"sameAs\":[\"https:\\\/\\\/www.facebook.com\\\/RepliqueMangaCine\",\"https:\\\/\\\/www.instagram.com\\\/repliquemangacine.fr\\\/\"]}]}<\/script>\n<!-- \/ Yoast SEO plugin. -->","yoast_head_json":{"title":"Pistola Pirata XVIII - R\u00e9plique Manga Cin\u00e9","description":"R\u00e9plica Denix de una pistola pirata zurda del siglo XVIII con grabados dorados y calavera y tibias cruzadas. Perfecta para colecci\u00f3n, decoraci\u00f3n o cosplay.","robots":{"index":"index","follow":"follow","max-snippet":"max-snippet:-1","max-image-preview":"max-image-preview:large","max-video-preview":"max-video-preview:-1"},"canonical":"https:\/\/repliquemangacine.fr\/es\/armas-piratas\/arma-pirata-xviii\/","og_locale":"es_ES","og_type":"article","og_title":"Pistolet Pirate XVIII - R\u00e9plique Manga Cin\u00e9","og_description":"R\u00e9plique Denix d\u2019un Pistolet Pirate XVIII si\u00e8cle pour gaucher, gravures dor\u00e9es et t\u00eate de mort. Parfait pour collection, d\u00e9co ou cosplay.","og_url":"https:\/\/repliquemangacine.fr\/es\/armas-piratas\/arma-pirata-xviii\/","og_site_name":"R\u00e9plique Manga Cin\u00e9","article_publisher":"https:\/\/www.facebook.com\/RepliqueMangaCine","article_modified_time":"2026-04-15T10:52:01+00:00","og_image":[{"width":700,"height":700,"url":"https:\/\/repliquemangacine.fr\/wp-content\/uploads\/2025\/07\/Pistolet-pirate-S.XVIII-gaucher.jpg","type":"image\/jpeg"}],"twitter_card":"summary_large_image","twitter_misc":{"Tiempo de lectura":"3 minutos"},"schema":{"@context":"https:\/\/schema.org","@graph":[{"@type":"WebPage","@id":"https:\/\/repliquemangacine.fr\/armes-de-pirates\/pistolet-pirate-xviii\/","url":"https:\/\/repliquemangacine.fr\/armes-de-pirates\/pistolet-pirate-xviii\/","name":"Pistola Pirata XVIII - R\u00e9plique Manga Cin\u00e9","isPartOf":{"@id":"https:\/\/repliquemangacine.fr\/#website"},"primaryImageOfPage":{"@id":"https:\/\/repliquemangacine.fr\/armes-de-pirates\/pistolet-pirate-xviii\/#primaryimage"},"image":{"@id":"https:\/\/repliquemangacine.fr\/armes-de-pirates\/pistolet-pirate-xviii\/#primaryimage"},"thumbnailUrl":"https:\/\/repliquemangacine.fr\/wp-content\/uploads\/2025\/07\/Pistolet-pirate-S.XVIII-gaucher.jpg","datePublished":"2025-07-01T11:57:46+00:00","dateModified":"2026-04-15T10:52:01+00:00","description":"R\u00e9plica Denix de una pistola pirata zurda del siglo XVIII con grabados dorados y calavera y tibias cruzadas. Perfecta para colecci\u00f3n, decoraci\u00f3n o cosplay.","breadcrumb":{"@id":"https:\/\/repliquemangacine.fr\/armes-de-pirates\/pistolet-pirate-xviii\/#breadcrumb"},"inLanguage":"es","potentialAction":[{"@type":"ReadAction","target":["https:\/\/repliquemangacine.fr\/armes-de-pirates\/pistolet-pirate-xviii\/"]}]},{"@type":"ImageObject","inLanguage":"es","@id":"https:\/\/repliquemangacine.fr\/armes-de-pirates\/pistolet-pirate-xviii\/#primaryimage","url":"https:\/\/repliquemangacine.fr\/wp-content\/uploads\/2025\/07\/Pistolet-pirate-S.XVIII-gaucher.jpg","contentUrl":"https:\/\/repliquemangacine.fr\/wp-content\/uploads\/2025\/07\/Pistolet-pirate-S.XVIII-gaucher.jpg","width":700,"height":700,"caption":"Pistolet-pirate-S.XVIII-gaucher"},{"@type":"BreadcrumbList","@id":"https:\/\/repliquemangacine.fr\/armes-de-pirates\/pistolet-pirate-xviii\/#breadcrumb","itemListElement":[{"@type":"ListItem","position":1,"name":"Accueil","item":"https:\/\/repliquemangacine.fr\/"},{"@type":"ListItem","position":2,"name":"Produits","item":"https:\/\/repliquemangacine.fr\/boutique\/"},{"@type":"ListItem","position":3,"name":"Pistolet Pirate XVIII"}]},{"@type":"WebSite","@id":"https:\/\/repliquemangacine.fr\/#website","url":"https:\/\/repliquemangacine.fr\/","name":"R\u00e9plique Manga Cin\u00e9","description":"","publisher":{"@id":"https:\/\/repliquemangacine.fr\/#organization"},"potentialAction":[{"@type":"SearchAction","target":{"@type":"EntryPoint","urlTemplate":"https:\/\/repliquemangacine.fr\/?s={search_term_string}"},"query-input":{"@type":"PropertyValueSpecification","valueRequired":true,"valueName":"search_term_string"}}],"inLanguage":"es"},{"@type":"Organization","@id":"https:\/\/repliquemangacine.fr\/#organization","name":"R\u00e9plique Manga Cin\u00e9","url":"https:\/\/repliquemangacine.fr\/","logo":{"@type":"ImageObject","inLanguage":"es","@id":"https:\/\/repliquemangacine.fr\/#\/schema\/logo\/image\/","url":"https:\/\/repliquemangacine.fr\/wp-content\/uploads\/2023\/10\/RMC-500250.png","contentUrl":"https:\/\/repliquemangacine.fr\/wp-content\/uploads\/2023\/10\/RMC-500250.png","width":500,"height":250,"caption":"R\u00e9plique Manga Cin\u00e9"},"image":{"@id":"https:\/\/repliquemangacine.fr\/#\/schema\/logo\/image\/"},"sameAs":["https:\/\/www.facebook.com\/RepliqueMangaCine","https:\/\/www.instagram.com\/repliquemangacine.fr\/"]}]}},"_links":{"self":[{"href":"https:\/\/repliquemangacine.fr\/es\/wp-json\/wp\/v2\/product\/85832","targetHints":{"allow":["GET"]}}],"collection":[{"href":"https:\/\/repliquemangacine.fr\/es\/wp-json\/wp\/v2\/product"}],"about":[{"href":"https:\/\/repliquemangacine.fr\/es\/wp-json\/wp\/v2\/types\/product"}],"wp:featuredmedia":[{"embeddable":true,"href":"https:\/\/repliquemangacine.fr\/es\/wp-json\/wp\/v2\/media\/85833"}],"wp:attachment":[{"href":"https:\/\/repliquemangacine.fr\/es\/wp-json\/wp\/v2\/media?parent=85832"}],"wp:term":[{"taxonomy":"product_brand","embeddable":true,"href":"https:\/\/repliquemangacine.fr\/es\/wp-json\/wp\/v2\/product_brand?post=85832"},{"taxonomy":"product_cat","embeddable":true,"href":"https:\/\/repliquemangacine.fr\/es\/wp-json\/wp\/v2\/product_cat?post=85832"},{"taxonomy":"product_tag","embeddable":true,"href":"https:\/\/repliquemangacine.fr\/es\/wp-json\/wp\/v2\/product_tag?post=85832"}],"curies":[{"name":"wp","href":"https:\/\/api.w.org\/{rel}","templated":true}]}}