





{"id":85808,"date":"2025-07-01T10:15:33","date_gmt":"2025-07-01T08:15:33","guid":{"rendered":"https:\/\/repliquemangacine.fr\/?post_type=product&#038;p=85808"},"modified":"2026-02-19T10:17:56","modified_gmt":"2026-02-19T09:17:56","slug":"denix-pistola-pirata-de-doble-canon","status":"publish","type":"product","link":"https:\/\/repliquemangacine.fr\/es\/non-classe\/pistolet-pirate-double-barillet-denix\/","title":{"rendered":"Pistola Denix Pirate de doble ca\u00f1\u00f3n"},"content":{"rendered":"<h2>Sum\u00e9rgete en el mundo de los piratas con esta pistola realista Denix Pirate Double Barrel Pistol.<\/h2>\n<p>Inspirada en las armas de fuego del siglo XVIII, esta pistola pirata de doble ca\u00f1\u00f3n Denix encarna el poder y la elegancia de los corsarios.<br \/>\nCon sus 42 cm de largo, impresiona inmediatamente por su generoso tama\u00f1o, fiel a las armas de a bordo de los piratas.<br \/>\nSe ha trabajado cada detalle para reflejar la realidad hist\u00f3rica, desde el doble barril hasta los grabados con calaveras doradas.<br \/>\nGracias a sus dos gatillos, la simulaci\u00f3n de tiro se vuelve realista, lo que permite una inmersi\u00f3n total durante la exposici\u00f3n.<br \/>\nSu mecanismo funcional permite simular la carga, lo que hace que la r\u00e9plica sea a\u00fan m\u00e1s aut\u00e9ntica.<br \/>\nAdem\u00e1s, su fabricaci\u00f3n en metal envejecido, madera y dorado imitaci\u00f3n refuerza su encanto y su aspecto tremendamente cre\u00edble.<br \/>\n\u00a1As\u00ed, combinas historia y est\u00e9tica con una r\u00e9plica de arma pirata!<br \/>\nPor \u00faltimo, esta r\u00e9plica <a href=\"https:\/\/www.denix.fr\/\" target=\"_blank\" rel=\"noopener noreferrer\">Denix<\/a> es una visita obligada para todos los aficionados a los piratas y a la decoraci\u00f3n de \u00e9poca.<\/p>\n<h2>Una r\u00e9plica hist\u00f3rica del siglo XVIII en aut\u00e9ntico y detallado estilo corsario<\/h2>\n<p>Esta pistola de doble ca\u00f1\u00f3n era el arma favorita de los capitanes piratas, ya que permit\u00eda disparar dos veces sin tener que recargar inmediatamente.<br \/>\nUtilizado en abordajes o duelos cuerpo a cuerpo, este modelo ofrec\u00eda una ventaja mortal frente a los mosquetes largos, lentos de recargar.<br \/>\nSu doble mecanismo de disparo simboliza la innovaci\u00f3n de los piratas, que buscaban constantemente sorprender y dominar a sus enemigos.<br \/>\nLos grabados y adornos tambi\u00e9n evocan el estatus social: este tipo de arma la llevaban los jefes o los filibusteros ricos.<br \/>\nDenix ha cuidado cada detalle, convirtiendo esta pieza en una aut\u00e9ntica c\u00e1psula del tiempo de la \u00e9poca dorada de la pirater\u00eda mar\u00edtima.<br \/>\nSu aspecto macizo, su acabado patinado y su mecanismo realista le confieren una presencia poco com\u00fan en cualquier colecci\u00f3n de armas.<br \/>\nDe este modo, usted posee una pieza que encarna la audacia, la astucia y la libertad de los piratas legendarios.<\/p>\n<h2>El accesorio ideal para colecciones, cosplays o decoraciones de inspiraci\u00f3n pirata.<\/h2>\n<p>Para sumergirte por completo en el mundo pirata, descubre otros accesorios y armas emblem\u00e1ticas en nuestro sitio web <strong>R\u00e9plique Manga Cin\u00e9<\/strong>.<br \/>\nCombine esta pistola Denix con nuestro <a href=\"https:\/\/repliquemangacine.fr\/es\/espada-pirata\/coutelas-des-pirates-poignard-ou-petit-sabre-pirate\/\" target=\"_blank\" rel=\"noopener noreferrer\">alfanje pirata<\/a>, un modelo robusto con hoja curva.<br \/>\nA\u00f1ada tambi\u00e9n la <a href=\"https:\/\/repliquemangacine.fr\/es\/espada-pirata\/monedero-pirata-con-monedas\/\" target=\"_blank\" rel=\"noopener noreferrer\">monedero pirata con monedas antiguas<\/a>, para recrear tus propias escenas de saqueo o enriquecer un disfraz detallado.<br \/>\nTambi\u00e9n puede enamorarse del muy original <a href=\"https:\/\/repliquemangacine.fr\/es\/pistola-pirata\/pistola-pirata-del-siglo-xviii\/\" target=\"_blank\" rel=\"noopener noreferrer\">Pistola pirata del siglo XVIII<\/a>.<br \/>\nEstos accesorios son ideales para coleccionistas, apasionados de la historia y aficionados al cosplay.<br \/>\nCada pieza propuesta por <strong>R\u00e9plique Manga Cin\u00e9<\/strong> combina calidad de fabricaci\u00f3n, realismo hist\u00f3rico y un precio asequible para la mayor\u00eda.<br \/>\nGracias a ellas, tu universo pirata se construye con coherencia y estilo.<br \/>\nEn conjunto, estas piezas crean un ambiente envolvente, ya sea para una colecci\u00f3n personal o para la puesta en escena de un evento.<br \/>\n\u00danete a la tripulaci\u00f3n de <strong>R\u00e9plique Manga Cin\u00e9<\/strong> \u00a1y enarbolar la bandera de la edad de oro de la pirater\u00eda!<\/p>","protected":false},"excerpt":{"rendered":"<p>Magn\u00edfica r\u00e9plica de una pistola pirata de doble ca\u00f1\u00f3n del siglo XVIII. Detalle realista, acabado de \u00e9poca, simulaci\u00f3n de disparo.<\/p>\n<p><strong>Caracter\u00edsticas principales:<\/strong><\/p>\n<p>- R\u00e9plica de pistola pirata del siglo XVIII (modelo Denix)<br \/>\n- Longitud: 42 cm - imponente formato fiel a la \u00e9poca<br \/>\n- Doble ca\u00f1\u00f3n funcional y doble gatillo para una simulaci\u00f3n realista<br \/>\n- Mecanismo de simulaci\u00f3n de carga y disparo seguros<br \/>\n- De metal, madera e imitaci\u00f3n de dorado antiguo<br \/>\n- Ideal para cosplay, colecciones o decoraci\u00f3n tem\u00e1tica<br \/>\n- Art\u00edculo no funcional (sin munici\u00f3n real - de venta libre)<br \/>\n- Reproducci\u00f3n hist\u00f3rica de un modelo utilizado en colisiones<br \/>\n- Perfecto con espadas, cartucheras piratas o pistolas piratas del siglo XVIII<br \/>\n- Exclusiva en R\u00e9plique Manga Cin\u00e9<\/p>","protected":false},"featured_media":85813,"template":"","meta":[],"product_brand":[],"product_cat":[49,102,22,114],"product_tag":[],"class_list":{"0":"post-85808","1":"product","2":"type-product","3":"status-publish","4":"has-post-thumbnail","6":"product_cat-armes-de-pirates","7":"product_cat-denix","8":"product_cat-non-classe","9":"product_cat-pistolet-pirate","11":"first","12":"instock","13":"sale","14":"taxable","15":"shipping-taxable","16":"purchasable","17":"product-type-simple"},"yoast_head":"<!-- This site is optimized with the Yoast SEO plugin v27.4 - https:\/\/yoast.com\/product\/yoast-seo-wordpress\/ -->\n<title>Pistolet Pirate Double Barillet Denix - R\u00e9plique Manga Cin\u00e9<\/title>\n<meta name=\"description\" content=\"D\u00e9couvrez le pistolet pirate Denix \u00e0 double barillet, 42 cm, r\u00e9alisme garanti. Parfait pour collection, cosplay ou d\u00e9coration d\u2019\u00e9poque XVIIIe si\u00e8cle.\" \/>\n<meta name=\"robots\" content=\"index, follow, max-snippet:-1, max-image-preview:large, max-video-preview:-1\" \/>\n<link rel=\"canonical\" href=\"https:\/\/repliquemangacine.fr\/es\/sin-clasificar\/denix-pistola-pirata-de-doble-canon\/\" \/>\n<meta property=\"og:locale\" content=\"es_ES\" \/>\n<meta property=\"og:type\" content=\"article\" \/>\n<meta property=\"og:title\" content=\"Pistolet Pirate Double Barillet Denix - R\u00e9plique Manga Cin\u00e9\" \/>\n<meta property=\"og:description\" content=\"D\u00e9couvrez le pistolet pirate Denix \u00e0 double barillet, 42 cm, r\u00e9alisme garanti. Parfait pour collection, cosplay ou d\u00e9coration d\u2019\u00e9poque XVIIIe si\u00e8cle.\" \/>\n<meta property=\"og:url\" content=\"https:\/\/repliquemangacine.fr\/es\/sin-clasificar\/denix-pistola-pirata-de-doble-canon\/\" \/>\n<meta property=\"og:site_name\" content=\"R\u00e9plique Manga Cin\u00e9\" \/>\n<meta property=\"article:publisher\" content=\"https:\/\/www.facebook.com\/RepliqueMangaCine\" \/>\n<meta property=\"article:modified_time\" content=\"2026-02-19T09:17:56+00:00\" \/>\n<meta property=\"og:image\" content=\"https:\/\/repliquemangacine.fr\/wp-content\/uploads\/2025\/07\/Grand-Pistolet-Pirate-Laiton-denix.jpg\" \/>\n\t<meta property=\"og:image:width\" content=\"700\" \/>\n\t<meta property=\"og:image:height\" content=\"700\" \/>\n\t<meta property=\"og:image:type\" content=\"image\/jpeg\" \/>\n<meta name=\"twitter:card\" content=\"summary_large_image\" \/>\n<meta name=\"twitter:label1\" content=\"Tiempo de lectura\" \/>\n\t<meta name=\"twitter:data1\" content=\"3 minutos\" \/>\n<script type=\"application\/ld+json\" class=\"yoast-schema-graph\">{\"@context\":\"https:\\\/\\\/schema.org\",\"@graph\":[{\"@type\":\"WebPage\",\"@id\":\"https:\\\/\\\/repliquemangacine.fr\\\/non-classe\\\/pistolet-pirate-double-barillet-denix\\\/\",\"url\":\"https:\\\/\\\/repliquemangacine.fr\\\/non-classe\\\/pistolet-pirate-double-barillet-denix\\\/\",\"name\":\"Pistolet Pirate Double Barillet Denix - R\u00e9plique Manga Cin\u00e9\",\"isPartOf\":{\"@id\":\"https:\\\/\\\/repliquemangacine.fr\\\/#website\"},\"primaryImageOfPage\":{\"@id\":\"https:\\\/\\\/repliquemangacine.fr\\\/non-classe\\\/pistolet-pirate-double-barillet-denix\\\/#primaryimage\"},\"image\":{\"@id\":\"https:\\\/\\\/repliquemangacine.fr\\\/non-classe\\\/pistolet-pirate-double-barillet-denix\\\/#primaryimage\"},\"thumbnailUrl\":\"https:\\\/\\\/repliquemangacine.fr\\\/wp-content\\\/uploads\\\/2025\\\/07\\\/Grand-Pistolet-Pirate-Laiton-denix.jpg\",\"datePublished\":\"2025-07-01T08:15:33+00:00\",\"dateModified\":\"2026-02-19T09:17:56+00:00\",\"description\":\"D\u00e9couvrez le pistolet pirate Denix \u00e0 double barillet, 42 cm, r\u00e9alisme garanti. Parfait pour collection, cosplay ou d\u00e9coration d\u2019\u00e9poque XVIIIe si\u00e8cle.\",\"breadcrumb\":{\"@id\":\"https:\\\/\\\/repliquemangacine.fr\\\/non-classe\\\/pistolet-pirate-double-barillet-denix\\\/#breadcrumb\"},\"inLanguage\":\"es\",\"potentialAction\":[{\"@type\":\"ReadAction\",\"target\":[\"https:\\\/\\\/repliquemangacine.fr\\\/non-classe\\\/pistolet-pirate-double-barillet-denix\\\/\"]}]},{\"@type\":\"ImageObject\",\"inLanguage\":\"es\",\"@id\":\"https:\\\/\\\/repliquemangacine.fr\\\/non-classe\\\/pistolet-pirate-double-barillet-denix\\\/#primaryimage\",\"url\":\"https:\\\/\\\/repliquemangacine.fr\\\/wp-content\\\/uploads\\\/2025\\\/07\\\/Grand-Pistolet-Pirate-Laiton-denix.jpg\",\"contentUrl\":\"https:\\\/\\\/repliquemangacine.fr\\\/wp-content\\\/uploads\\\/2025\\\/07\\\/Grand-Pistolet-Pirate-Laiton-denix.jpg\",\"width\":700,\"height\":700,\"caption\":\"Grand-Pistolet-Pirate-Laiton-denix\"},{\"@type\":\"BreadcrumbList\",\"@id\":\"https:\\\/\\\/repliquemangacine.fr\\\/non-classe\\\/pistolet-pirate-double-barillet-denix\\\/#breadcrumb\",\"itemListElement\":[{\"@type\":\"ListItem\",\"position\":1,\"name\":\"Accueil\",\"item\":\"https:\\\/\\\/repliquemangacine.fr\\\/\"},{\"@type\":\"ListItem\",\"position\":2,\"name\":\"Produits\",\"item\":\"https:\\\/\\\/repliquemangacine.fr\\\/boutique\\\/\"},{\"@type\":\"ListItem\",\"position\":3,\"name\":\"Pistolet Pirate Double Barillet Denix\"}]},{\"@type\":\"WebSite\",\"@id\":\"https:\\\/\\\/repliquemangacine.fr\\\/#website\",\"url\":\"https:\\\/\\\/repliquemangacine.fr\\\/\",\"name\":\"R\u00e9plique Manga Cin\u00e9\",\"description\":\"\",\"publisher\":{\"@id\":\"https:\\\/\\\/repliquemangacine.fr\\\/#organization\"},\"potentialAction\":[{\"@type\":\"SearchAction\",\"target\":{\"@type\":\"EntryPoint\",\"urlTemplate\":\"https:\\\/\\\/repliquemangacine.fr\\\/?s={search_term_string}\"},\"query-input\":{\"@type\":\"PropertyValueSpecification\",\"valueRequired\":true,\"valueName\":\"search_term_string\"}}],\"inLanguage\":\"es\"},{\"@type\":\"Organization\",\"@id\":\"https:\\\/\\\/repliquemangacine.fr\\\/#organization\",\"name\":\"R\u00e9plique Manga Cin\u00e9\",\"url\":\"https:\\\/\\\/repliquemangacine.fr\\\/\",\"logo\":{\"@type\":\"ImageObject\",\"inLanguage\":\"es\",\"@id\":\"https:\\\/\\\/repliquemangacine.fr\\\/#\\\/schema\\\/logo\\\/image\\\/\",\"url\":\"https:\\\/\\\/repliquemangacine.fr\\\/wp-content\\\/uploads\\\/2023\\\/10\\\/RMC-500250.png\",\"contentUrl\":\"https:\\\/\\\/repliquemangacine.fr\\\/wp-content\\\/uploads\\\/2023\\\/10\\\/RMC-500250.png\",\"width\":500,\"height\":250,\"caption\":\"R\u00e9plique Manga Cin\u00e9\"},\"image\":{\"@id\":\"https:\\\/\\\/repliquemangacine.fr\\\/#\\\/schema\\\/logo\\\/image\\\/\"},\"sameAs\":[\"https:\\\/\\\/www.facebook.com\\\/RepliqueMangaCine\",\"https:\\\/\\\/www.instagram.com\\\/repliquemangacine.fr\\\/\"]}]}<\/script>\n<!-- \/ Yoast SEO plugin. -->","yoast_head_json":{"title":"Pistola pirata de doble ca\u00f1\u00f3n Denix - R\u00e9plique Manga Cin\u00e9","description":"Descubra la pistola pirata Denix de doble ca\u00f1\u00f3n, 42 cm, realismo garantizado. Perfecta para colecciones, cosplay o decoraci\u00f3n del siglo XVIII.","robots":{"index":"index","follow":"follow","max-snippet":"max-snippet:-1","max-image-preview":"max-image-preview:large","max-video-preview":"max-video-preview:-1"},"canonical":"https:\/\/repliquemangacine.fr\/es\/sin-clasificar\/denix-pistola-pirata-de-doble-canon\/","og_locale":"es_ES","og_type":"article","og_title":"Pistolet Pirate Double Barillet Denix - R\u00e9plique Manga Cin\u00e9","og_description":"D\u00e9couvrez le pistolet pirate Denix \u00e0 double barillet, 42 cm, r\u00e9alisme garanti. Parfait pour collection, cosplay ou d\u00e9coration d\u2019\u00e9poque XVIIIe si\u00e8cle.","og_url":"https:\/\/repliquemangacine.fr\/es\/sin-clasificar\/denix-pistola-pirata-de-doble-canon\/","og_site_name":"R\u00e9plique Manga Cin\u00e9","article_publisher":"https:\/\/www.facebook.com\/RepliqueMangaCine","article_modified_time":"2026-02-19T09:17:56+00:00","og_image":[{"width":700,"height":700,"url":"https:\/\/repliquemangacine.fr\/wp-content\/uploads\/2025\/07\/Grand-Pistolet-Pirate-Laiton-denix.jpg","type":"image\/jpeg"}],"twitter_card":"summary_large_image","twitter_misc":{"Tiempo de lectura":"3 minutos"},"schema":{"@context":"https:\/\/schema.org","@graph":[{"@type":"WebPage","@id":"https:\/\/repliquemangacine.fr\/non-classe\/pistolet-pirate-double-barillet-denix\/","url":"https:\/\/repliquemangacine.fr\/non-classe\/pistolet-pirate-double-barillet-denix\/","name":"Pistola pirata de doble ca\u00f1\u00f3n Denix - R\u00e9plique Manga Cin\u00e9","isPartOf":{"@id":"https:\/\/repliquemangacine.fr\/#website"},"primaryImageOfPage":{"@id":"https:\/\/repliquemangacine.fr\/non-classe\/pistolet-pirate-double-barillet-denix\/#primaryimage"},"image":{"@id":"https:\/\/repliquemangacine.fr\/non-classe\/pistolet-pirate-double-barillet-denix\/#primaryimage"},"thumbnailUrl":"https:\/\/repliquemangacine.fr\/wp-content\/uploads\/2025\/07\/Grand-Pistolet-Pirate-Laiton-denix.jpg","datePublished":"2025-07-01T08:15:33+00:00","dateModified":"2026-02-19T09:17:56+00:00","description":"Descubra la pistola pirata Denix de doble ca\u00f1\u00f3n, 42 cm, realismo garantizado. Perfecta para colecciones, cosplay o decoraci\u00f3n del siglo XVIII.","breadcrumb":{"@id":"https:\/\/repliquemangacine.fr\/non-classe\/pistolet-pirate-double-barillet-denix\/#breadcrumb"},"inLanguage":"es","potentialAction":[{"@type":"ReadAction","target":["https:\/\/repliquemangacine.fr\/non-classe\/pistolet-pirate-double-barillet-denix\/"]}]},{"@type":"ImageObject","inLanguage":"es","@id":"https:\/\/repliquemangacine.fr\/non-classe\/pistolet-pirate-double-barillet-denix\/#primaryimage","url":"https:\/\/repliquemangacine.fr\/wp-content\/uploads\/2025\/07\/Grand-Pistolet-Pirate-Laiton-denix.jpg","contentUrl":"https:\/\/repliquemangacine.fr\/wp-content\/uploads\/2025\/07\/Grand-Pistolet-Pirate-Laiton-denix.jpg","width":700,"height":700,"caption":"Grand-Pistolet-Pirate-Laiton-denix"},{"@type":"BreadcrumbList","@id":"https:\/\/repliquemangacine.fr\/non-classe\/pistolet-pirate-double-barillet-denix\/#breadcrumb","itemListElement":[{"@type":"ListItem","position":1,"name":"Accueil","item":"https:\/\/repliquemangacine.fr\/"},{"@type":"ListItem","position":2,"name":"Produits","item":"https:\/\/repliquemangacine.fr\/boutique\/"},{"@type":"ListItem","position":3,"name":"Pistolet Pirate Double Barillet Denix"}]},{"@type":"WebSite","@id":"https:\/\/repliquemangacine.fr\/#website","url":"https:\/\/repliquemangacine.fr\/","name":"R\u00e9plique Manga Cin\u00e9","description":"","publisher":{"@id":"https:\/\/repliquemangacine.fr\/#organization"},"potentialAction":[{"@type":"SearchAction","target":{"@type":"EntryPoint","urlTemplate":"https:\/\/repliquemangacine.fr\/?s={search_term_string}"},"query-input":{"@type":"PropertyValueSpecification","valueRequired":true,"valueName":"search_term_string"}}],"inLanguage":"es"},{"@type":"Organization","@id":"https:\/\/repliquemangacine.fr\/#organization","name":"R\u00e9plique Manga Cin\u00e9","url":"https:\/\/repliquemangacine.fr\/","logo":{"@type":"ImageObject","inLanguage":"es","@id":"https:\/\/repliquemangacine.fr\/#\/schema\/logo\/image\/","url":"https:\/\/repliquemangacine.fr\/wp-content\/uploads\/2023\/10\/RMC-500250.png","contentUrl":"https:\/\/repliquemangacine.fr\/wp-content\/uploads\/2023\/10\/RMC-500250.png","width":500,"height":250,"caption":"R\u00e9plique Manga Cin\u00e9"},"image":{"@id":"https:\/\/repliquemangacine.fr\/#\/schema\/logo\/image\/"},"sameAs":["https:\/\/www.facebook.com\/RepliqueMangaCine","https:\/\/www.instagram.com\/repliquemangacine.fr\/"]}]}},"_links":{"self":[{"href":"https:\/\/repliquemangacine.fr\/es\/wp-json\/wp\/v2\/product\/85808","targetHints":{"allow":["GET"]}}],"collection":[{"href":"https:\/\/repliquemangacine.fr\/es\/wp-json\/wp\/v2\/product"}],"about":[{"href":"https:\/\/repliquemangacine.fr\/es\/wp-json\/wp\/v2\/types\/product"}],"wp:featuredmedia":[{"embeddable":true,"href":"https:\/\/repliquemangacine.fr\/es\/wp-json\/wp\/v2\/media\/85813"}],"wp:attachment":[{"href":"https:\/\/repliquemangacine.fr\/es\/wp-json\/wp\/v2\/media?parent=85808"}],"wp:term":[{"taxonomy":"product_brand","embeddable":true,"href":"https:\/\/repliquemangacine.fr\/es\/wp-json\/wp\/v2\/product_brand?post=85808"},{"taxonomy":"product_cat","embeddable":true,"href":"https:\/\/repliquemangacine.fr\/es\/wp-json\/wp\/v2\/product_cat?post=85808"},{"taxonomy":"product_tag","embeddable":true,"href":"https:\/\/repliquemangacine.fr\/es\/wp-json\/wp\/v2\/product_tag?post=85808"}],"curies":[{"name":"wp","href":"https:\/\/api.w.org\/{rel}","templated":true}]}}