





{"id":85782,"date":"2025-07-01T09:43:51","date_gmt":"2025-07-01T07:43:51","guid":{"rendered":"https:\/\/repliquemangacine.fr\/?post_type=product&#038;p=85782"},"modified":"2026-02-19T10:18:13","modified_gmt":"2026-02-19T09:18:13","slug":"gran-pistola-pirata-denix","status":"publish","type":"product","link":"https:\/\/repliquemangacine.fr\/es\/armes-de-pirates\/grand-pistolet-pirate-denix\/","title":{"rendered":"Pistola pirata grande Denix"},"content":{"rendered":"<h2>Una imponente Denix Pirate Grand Pistol, llena de historia y realismo envolvente<\/h2>\n<p>Inspirada en las armas de fuego del siglo XVIII, esta gran pistola pirata Denix encarna el poder y la elegancia de los corsarios.<br \/>\nCon sus 42 cm de largo, impresiona inmediatamente por su generoso tama\u00f1o, fiel a las armas de a bordo de los piratas.<br \/>\nSe ha trabajado cada detalle para reflejar la realidad hist\u00f3rica, desde el doble barril hasta los grabados con calaveras.<br \/>\nGracias a sus dos gatillos, la simulaci\u00f3n de tiro se vuelve realista, lo que permite una inmersi\u00f3n total durante la exposici\u00f3n.<br \/>\nSu mecanismo funcional permite simular la carga, lo que hace que la r\u00e9plica sea a\u00fan m\u00e1s aut\u00e9ntica y realista en tus manos.<br \/>\nAdem\u00e1s, su fabricaci\u00f3n en metal envejecido y madera imitaci\u00f3n refuerza su encanto antiguo y su aspecto tremendamente cre\u00edble.<br \/>\n\u00a1As\u00ed, combinas historia y est\u00e9tica con una r\u00e9plica de arma pirata!<br \/>\nPor \u00faltimo, esta r\u00e9plica <a href=\"https:\/\/www.denix.fr\/\" target=\"_blank\" rel=\"noopener noreferrer\">Denix<\/a> es una visita obligada para todos los aficionados a los piratas y a la decoraci\u00f3n de \u00e9poca.<\/p>\n<h2>Un s\u00edmbolo temible, emblema de los piratas m\u00e1s peligrosos del siglo XVIII<\/h2>\n<p>Esta pistola de doble ca\u00f1\u00f3n era el arma favorita de los capitanes piratas, ya que permit\u00eda disparar dos veces sin tener que recargar inmediatamente.<br \/>\nUtilizado en abordajes o duelos cuerpo a cuerpo, este modelo ofrec\u00eda una ventaja mortal frente a los mosquetes largos, lentos de recargar.<br \/>\nSu doble mecanismo de disparo simboliza la innovaci\u00f3n de los piratas, que buscaban constantemente sorprender y dominar a sus enemigos.<br \/>\nLos grabados y adornos tambi\u00e9n evocan el estatus social: este tipo de arma la llevaban los jefes o los filibusteros ricos.<br \/>\nDenix ha cuidado cada detalle, convirtiendo esta pieza en una aut\u00e9ntica c\u00e1psula del tiempo de la \u00e9poca dorada de la pirater\u00eda mar\u00edtima.<br \/>\nSu aspecto macizo, su acabado patinado y su mecanismo realista le confieren una presencia poco com\u00fan en cualquier colecci\u00f3n de armas.<br \/>\nDe este modo, usted posee una pieza que encarna la audacia, la astucia y la libertad de los piratas legendarios.<\/p>\n<h2>Completa tu atuendo pirata con los b\u00e1sicos de R\u00e9plique Manga Cin\u00e9<\/h2>\n<p>Para sumergirte por completo en el mundo pirata, descubre otros accesorios y armas emblem\u00e1ticas en nuestro sitio web <strong>R\u00e9plique Manga Cin\u00e9<\/strong>.<br \/>\nCombine esta pistola Denix con nuestro <a href=\"https:\/\/repliquemangacine.fr\/es\/espada-pirata\/sable-pirata-sable-bucanero\/\" target=\"_blank\" rel=\"noopener noreferrer\">espada de abordaje de bucanero<\/a>, un modelo robusto con hoja curva.<br \/>\nA\u00f1ada tambi\u00e9n la <a href=\"https:\/\/repliquemangacine.fr\/es\/espada-pirata\/monedero-pirata-con-monedas\/\" target=\"_blank\" rel=\"noopener noreferrer\">monedero pirata con monedas antiguas<\/a>, para recrear tus propias escenas de saqueo o enriquecer un disfraz detallado.<br \/>\nTambi\u00e9n puede enamorarse del muy original <a href=\"https:\/\/repliquemangacine.fr\/es\/armas-piratas\/arma-hacha-pirata-siglo-xviii\/\" target=\"_blank\" rel=\"noopener noreferrer\">pistola hacha pirata.<\/a><br \/>\nEstos accesorios son ideales para coleccionistas, apasionados de la historia y aficionados al cosplay.<br \/>\nCada pieza propuesta por <strong>R\u00e9plique Manga Cin\u00e9<\/strong> combina calidad de fabricaci\u00f3n, realismo hist\u00f3rico y un precio asequible para la mayor\u00eda.<br \/>\nGracias a ellas, tu universo pirata se construye con coherencia y estilo.<br \/>\nEn conjunto, estas piezas crean un ambiente envolvente, ya sea para una colecci\u00f3n personal o para la puesta en escena de un evento.<br \/>\n\u00danete a la tripulaci\u00f3n de <strong>R\u00e9plique Manga Cin\u00e9<\/strong> \u00a1y enarbolar la bandera de la edad de oro de la pirater\u00eda!<\/p>","protected":false},"excerpt":{"rendered":"<p>Magn\u00edfica r\u00e9plica de una pistola pirata de doble ca\u00f1\u00f3n del siglo XVIII. Detalle realista, acabado de \u00e9poca, simulaci\u00f3n de disparo.<\/p>\n<p><strong>Caracter\u00edsticas principales:<\/strong><br \/>\n- R\u00e9plica de pistola pirata del siglo XVIII (modelo Denix)<br \/>\n- Longitud: 42 cm - imponente formato fiel a la \u00e9poca<br \/>\n- Doble ca\u00f1\u00f3n funcional y doble gatillo para una simulaci\u00f3n realista<br \/>\n- Mecanismo de simulaci\u00f3n de carga y disparo seguros<br \/>\n- De metal e imitaci\u00f3n de madera envejecida<br \/>\n- Ideal para cosplay, colecciones o decoraci\u00f3n tem\u00e1tica<br \/>\n- Art\u00edculo no funcional (sin munici\u00f3n real - de venta libre)<br \/>\n- Reproducci\u00f3n hist\u00f3rica de un modelo utilizado en colisiones<br \/>\n- Perfecto con espadas, cartucheras piratas o pistolas hacha<br \/>\n- Exclusiva en R\u00e9plique Manga Cin\u00e9<\/p>","protected":false},"featured_media":85803,"template":"","meta":[],"product_brand":[],"product_cat":[49,102,114],"product_tag":[],"class_list":{"0":"post-85782","1":"product","2":"type-product","3":"status-publish","4":"has-post-thumbnail","6":"product_cat-armes-de-pirates","7":"product_cat-denix","8":"product_cat-pistolet-pirate","10":"first","11":"instock","12":"taxable","13":"shipping-taxable","14":"purchasable","15":"product-type-simple"},"yoast_head":"<!-- This site is optimized with the Yoast SEO plugin v27.4 - https:\/\/yoast.com\/product\/yoast-seo-wordpress\/ -->\n<title>Grand Pistolet Pirate Denix - R\u00e9plique Manga Cin\u00e9<\/title>\n<meta name=\"description\" content=\"D\u00e9couvrez le Grand Pistolet Pirate Denix \u00e0 double barillet, 42 cm, r\u00e9alisme historique garanti. Parfait pour collection, cosplay d\u2019\u00e9poque XVIIIe si\u00e8cle.\" \/>\n<meta name=\"robots\" content=\"index, follow, max-snippet:-1, max-image-preview:large, max-video-preview:-1\" \/>\n<link rel=\"canonical\" href=\"https:\/\/repliquemangacine.fr\/es\/armas-piratas\/gran-pistola-pirata-denix\/\" \/>\n<meta property=\"og:locale\" content=\"es_ES\" \/>\n<meta property=\"og:type\" content=\"article\" \/>\n<meta property=\"og:title\" content=\"Grand Pistolet Pirate Denix - R\u00e9plique Manga Cin\u00e9\" \/>\n<meta property=\"og:description\" content=\"D\u00e9couvrez le Grand Pistolet Pirate Denix \u00e0 double barillet, 42 cm, r\u00e9alisme historique garanti. Parfait pour collection, cosplay d\u2019\u00e9poque XVIIIe si\u00e8cle.\" \/>\n<meta property=\"og:url\" content=\"https:\/\/repliquemangacine.fr\/es\/armas-piratas\/gran-pistola-pirata-denix\/\" \/>\n<meta property=\"og:site_name\" content=\"R\u00e9plique Manga Cin\u00e9\" \/>\n<meta property=\"article:publisher\" content=\"https:\/\/www.facebook.com\/RepliqueMangaCine\" \/>\n<meta property=\"article:modified_time\" content=\"2026-02-19T09:18:13+00:00\" \/>\n<meta property=\"og:image\" content=\"https:\/\/repliquemangacine.fr\/wp-content\/uploads\/2025\/06\/Grand-Pistolet-Pirate-Denix-autre-profil-.jpg\" \/>\n\t<meta property=\"og:image:width\" content=\"700\" \/>\n\t<meta property=\"og:image:height\" content=\"700\" \/>\n\t<meta property=\"og:image:type\" content=\"image\/jpeg\" \/>\n<meta name=\"twitter:card\" content=\"summary_large_image\" \/>\n<meta name=\"twitter:label1\" content=\"Tiempo de lectura\" \/>\n\t<meta name=\"twitter:data1\" content=\"3 minutos\" \/>\n<script type=\"application\/ld+json\" class=\"yoast-schema-graph\">{\"@context\":\"https:\\\/\\\/schema.org\",\"@graph\":[{\"@type\":\"WebPage\",\"@id\":\"https:\\\/\\\/repliquemangacine.fr\\\/armes-de-pirates\\\/grand-pistolet-pirate-denix\\\/\",\"url\":\"https:\\\/\\\/repliquemangacine.fr\\\/armes-de-pirates\\\/grand-pistolet-pirate-denix\\\/\",\"name\":\"Grand Pistolet Pirate Denix - R\u00e9plique Manga Cin\u00e9\",\"isPartOf\":{\"@id\":\"https:\\\/\\\/repliquemangacine.fr\\\/#website\"},\"primaryImageOfPage\":{\"@id\":\"https:\\\/\\\/repliquemangacine.fr\\\/armes-de-pirates\\\/grand-pistolet-pirate-denix\\\/#primaryimage\"},\"image\":{\"@id\":\"https:\\\/\\\/repliquemangacine.fr\\\/armes-de-pirates\\\/grand-pistolet-pirate-denix\\\/#primaryimage\"},\"thumbnailUrl\":\"https:\\\/\\\/repliquemangacine.fr\\\/wp-content\\\/uploads\\\/2025\\\/06\\\/Grand-Pistolet-Pirate-Denix-autre-profil-.jpg\",\"datePublished\":\"2025-07-01T07:43:51+00:00\",\"dateModified\":\"2026-02-19T09:18:13+00:00\",\"description\":\"D\u00e9couvrez le Grand Pistolet Pirate Denix \u00e0 double barillet, 42 cm, r\u00e9alisme historique garanti. Parfait pour collection, cosplay d\u2019\u00e9poque XVIIIe si\u00e8cle.\",\"breadcrumb\":{\"@id\":\"https:\\\/\\\/repliquemangacine.fr\\\/armes-de-pirates\\\/grand-pistolet-pirate-denix\\\/#breadcrumb\"},\"inLanguage\":\"es\",\"potentialAction\":[{\"@type\":\"ReadAction\",\"target\":[\"https:\\\/\\\/repliquemangacine.fr\\\/armes-de-pirates\\\/grand-pistolet-pirate-denix\\\/\"]}]},{\"@type\":\"ImageObject\",\"inLanguage\":\"es\",\"@id\":\"https:\\\/\\\/repliquemangacine.fr\\\/armes-de-pirates\\\/grand-pistolet-pirate-denix\\\/#primaryimage\",\"url\":\"https:\\\/\\\/repliquemangacine.fr\\\/wp-content\\\/uploads\\\/2025\\\/06\\\/Grand-Pistolet-Pirate-Denix-autre-profil-.jpg\",\"contentUrl\":\"https:\\\/\\\/repliquemangacine.fr\\\/wp-content\\\/uploads\\\/2025\\\/06\\\/Grand-Pistolet-Pirate-Denix-autre-profil-.jpg\",\"width\":700,\"height\":700,\"caption\":\"R\u00e9plique du grand pistolet pirate Denix \u00e0 double barillet du XVIIIe si\u00e8cle, finition bois et m\u00e9tal vieilli, 42 cm.\"},{\"@type\":\"BreadcrumbList\",\"@id\":\"https:\\\/\\\/repliquemangacine.fr\\\/armes-de-pirates\\\/grand-pistolet-pirate-denix\\\/#breadcrumb\",\"itemListElement\":[{\"@type\":\"ListItem\",\"position\":1,\"name\":\"Accueil\",\"item\":\"https:\\\/\\\/repliquemangacine.fr\\\/\"},{\"@type\":\"ListItem\",\"position\":2,\"name\":\"Produits\",\"item\":\"https:\\\/\\\/repliquemangacine.fr\\\/boutique\\\/\"},{\"@type\":\"ListItem\",\"position\":3,\"name\":\"Grand Pistolet Pirate Denix\"}]},{\"@type\":\"WebSite\",\"@id\":\"https:\\\/\\\/repliquemangacine.fr\\\/#website\",\"url\":\"https:\\\/\\\/repliquemangacine.fr\\\/\",\"name\":\"R\u00e9plique Manga Cin\u00e9\",\"description\":\"\",\"publisher\":{\"@id\":\"https:\\\/\\\/repliquemangacine.fr\\\/#organization\"},\"potentialAction\":[{\"@type\":\"SearchAction\",\"target\":{\"@type\":\"EntryPoint\",\"urlTemplate\":\"https:\\\/\\\/repliquemangacine.fr\\\/?s={search_term_string}\"},\"query-input\":{\"@type\":\"PropertyValueSpecification\",\"valueRequired\":true,\"valueName\":\"search_term_string\"}}],\"inLanguage\":\"es\"},{\"@type\":\"Organization\",\"@id\":\"https:\\\/\\\/repliquemangacine.fr\\\/#organization\",\"name\":\"R\u00e9plique Manga Cin\u00e9\",\"url\":\"https:\\\/\\\/repliquemangacine.fr\\\/\",\"logo\":{\"@type\":\"ImageObject\",\"inLanguage\":\"es\",\"@id\":\"https:\\\/\\\/repliquemangacine.fr\\\/#\\\/schema\\\/logo\\\/image\\\/\",\"url\":\"https:\\\/\\\/repliquemangacine.fr\\\/wp-content\\\/uploads\\\/2023\\\/10\\\/RMC-500250.png\",\"contentUrl\":\"https:\\\/\\\/repliquemangacine.fr\\\/wp-content\\\/uploads\\\/2023\\\/10\\\/RMC-500250.png\",\"width\":500,\"height\":250,\"caption\":\"R\u00e9plique Manga Cin\u00e9\"},\"image\":{\"@id\":\"https:\\\/\\\/repliquemangacine.fr\\\/#\\\/schema\\\/logo\\\/image\\\/\"},\"sameAs\":[\"https:\\\/\\\/www.facebook.com\\\/RepliqueMangaCine\",\"https:\\\/\\\/www.instagram.com\\\/repliquemangacine.fr\\\/\"]}]}<\/script>\n<!-- \/ Yoast SEO plugin. -->","yoast_head_json":{"title":"Denix Pistola Pirata Grande - R\u00e9plique Manga Cin\u00e9","description":"Descubra la Gran Pistola Pirata Denix con doble ca\u00f1\u00f3n, 42 cm, realismo hist\u00f3rico garantizado. Perfecta para colecciones y cosplay del siglo XVIII.","robots":{"index":"index","follow":"follow","max-snippet":"max-snippet:-1","max-image-preview":"max-image-preview:large","max-video-preview":"max-video-preview:-1"},"canonical":"https:\/\/repliquemangacine.fr\/es\/armas-piratas\/gran-pistola-pirata-denix\/","og_locale":"es_ES","og_type":"article","og_title":"Grand Pistolet Pirate Denix - R\u00e9plique Manga Cin\u00e9","og_description":"D\u00e9couvrez le Grand Pistolet Pirate Denix \u00e0 double barillet, 42 cm, r\u00e9alisme historique garanti. Parfait pour collection, cosplay d\u2019\u00e9poque XVIIIe si\u00e8cle.","og_url":"https:\/\/repliquemangacine.fr\/es\/armas-piratas\/gran-pistola-pirata-denix\/","og_site_name":"R\u00e9plique Manga Cin\u00e9","article_publisher":"https:\/\/www.facebook.com\/RepliqueMangaCine","article_modified_time":"2026-02-19T09:18:13+00:00","og_image":[{"width":700,"height":700,"url":"https:\/\/repliquemangacine.fr\/wp-content\/uploads\/2025\/06\/Grand-Pistolet-Pirate-Denix-autre-profil-.jpg","type":"image\/jpeg"}],"twitter_card":"summary_large_image","twitter_misc":{"Tiempo de lectura":"3 minutos"},"schema":{"@context":"https:\/\/schema.org","@graph":[{"@type":"WebPage","@id":"https:\/\/repliquemangacine.fr\/armes-de-pirates\/grand-pistolet-pirate-denix\/","url":"https:\/\/repliquemangacine.fr\/armes-de-pirates\/grand-pistolet-pirate-denix\/","name":"Denix Pistola Pirata Grande - R\u00e9plique Manga Cin\u00e9","isPartOf":{"@id":"https:\/\/repliquemangacine.fr\/#website"},"primaryImageOfPage":{"@id":"https:\/\/repliquemangacine.fr\/armes-de-pirates\/grand-pistolet-pirate-denix\/#primaryimage"},"image":{"@id":"https:\/\/repliquemangacine.fr\/armes-de-pirates\/grand-pistolet-pirate-denix\/#primaryimage"},"thumbnailUrl":"https:\/\/repliquemangacine.fr\/wp-content\/uploads\/2025\/06\/Grand-Pistolet-Pirate-Denix-autre-profil-.jpg","datePublished":"2025-07-01T07:43:51+00:00","dateModified":"2026-02-19T09:18:13+00:00","description":"Descubra la Gran Pistola Pirata Denix con doble ca\u00f1\u00f3n, 42 cm, realismo hist\u00f3rico garantizado. Perfecta para colecciones y cosplay del siglo XVIII.","breadcrumb":{"@id":"https:\/\/repliquemangacine.fr\/armes-de-pirates\/grand-pistolet-pirate-denix\/#breadcrumb"},"inLanguage":"es","potentialAction":[{"@type":"ReadAction","target":["https:\/\/repliquemangacine.fr\/armes-de-pirates\/grand-pistolet-pirate-denix\/"]}]},{"@type":"ImageObject","inLanguage":"es","@id":"https:\/\/repliquemangacine.fr\/armes-de-pirates\/grand-pistolet-pirate-denix\/#primaryimage","url":"https:\/\/repliquemangacine.fr\/wp-content\/uploads\/2025\/06\/Grand-Pistolet-Pirate-Denix-autre-profil-.jpg","contentUrl":"https:\/\/repliquemangacine.fr\/wp-content\/uploads\/2025\/06\/Grand-Pistolet-Pirate-Denix-autre-profil-.jpg","width":700,"height":700,"caption":"R\u00e9plique du grand pistolet pirate Denix \u00e0 double barillet du XVIIIe si\u00e8cle, finition bois et m\u00e9tal vieilli, 42 cm."},{"@type":"BreadcrumbList","@id":"https:\/\/repliquemangacine.fr\/armes-de-pirates\/grand-pistolet-pirate-denix\/#breadcrumb","itemListElement":[{"@type":"ListItem","position":1,"name":"Accueil","item":"https:\/\/repliquemangacine.fr\/"},{"@type":"ListItem","position":2,"name":"Produits","item":"https:\/\/repliquemangacine.fr\/boutique\/"},{"@type":"ListItem","position":3,"name":"Grand Pistolet Pirate Denix"}]},{"@type":"WebSite","@id":"https:\/\/repliquemangacine.fr\/#website","url":"https:\/\/repliquemangacine.fr\/","name":"R\u00e9plique Manga Cin\u00e9","description":"","publisher":{"@id":"https:\/\/repliquemangacine.fr\/#organization"},"potentialAction":[{"@type":"SearchAction","target":{"@type":"EntryPoint","urlTemplate":"https:\/\/repliquemangacine.fr\/?s={search_term_string}"},"query-input":{"@type":"PropertyValueSpecification","valueRequired":true,"valueName":"search_term_string"}}],"inLanguage":"es"},{"@type":"Organization","@id":"https:\/\/repliquemangacine.fr\/#organization","name":"R\u00e9plique Manga Cin\u00e9","url":"https:\/\/repliquemangacine.fr\/","logo":{"@type":"ImageObject","inLanguage":"es","@id":"https:\/\/repliquemangacine.fr\/#\/schema\/logo\/image\/","url":"https:\/\/repliquemangacine.fr\/wp-content\/uploads\/2023\/10\/RMC-500250.png","contentUrl":"https:\/\/repliquemangacine.fr\/wp-content\/uploads\/2023\/10\/RMC-500250.png","width":500,"height":250,"caption":"R\u00e9plique Manga Cin\u00e9"},"image":{"@id":"https:\/\/repliquemangacine.fr\/#\/schema\/logo\/image\/"},"sameAs":["https:\/\/www.facebook.com\/RepliqueMangaCine","https:\/\/www.instagram.com\/repliquemangacine.fr\/"]}]}},"_links":{"self":[{"href":"https:\/\/repliquemangacine.fr\/es\/wp-json\/wp\/v2\/product\/85782","targetHints":{"allow":["GET"]}}],"collection":[{"href":"https:\/\/repliquemangacine.fr\/es\/wp-json\/wp\/v2\/product"}],"about":[{"href":"https:\/\/repliquemangacine.fr\/es\/wp-json\/wp\/v2\/types\/product"}],"wp:featuredmedia":[{"embeddable":true,"href":"https:\/\/repliquemangacine.fr\/es\/wp-json\/wp\/v2\/media\/85803"}],"wp:attachment":[{"href":"https:\/\/repliquemangacine.fr\/es\/wp-json\/wp\/v2\/media?parent=85782"}],"wp:term":[{"taxonomy":"product_brand","embeddable":true,"href":"https:\/\/repliquemangacine.fr\/es\/wp-json\/wp\/v2\/product_brand?post=85782"},{"taxonomy":"product_cat","embeddable":true,"href":"https:\/\/repliquemangacine.fr\/es\/wp-json\/wp\/v2\/product_cat?post=85782"},{"taxonomy":"product_tag","embeddable":true,"href":"https:\/\/repliquemangacine.fr\/es\/wp-json\/wp\/v2\/product_tag?post=85782"}],"curies":[{"name":"wp","href":"https:\/\/api.w.org\/{rel}","templated":true}]}}