





{"id":85643,"date":"2025-06-24T15:46:14","date_gmt":"2025-06-24T13:46:14","guid":{"rendered":"https:\/\/repliquemangacine.fr\/?post_type=product&#038;p=85643"},"modified":"2025-12-13T16:18:21","modified_gmt":"2025-12-13T15:18:21","slug":"rifle-de-repeticion-winchester-con-sistema-de-expulsion-de-balas-denix","status":"publish","type":"product","link":"https:\/\/repliquemangacine.fr\/es\/repliques-carabine-winchester-western\/fusil-winchester-a-repetition-et-ejection-des-balles-denix\/","title":{"rendered":"Fusil de repetici\u00f3n Winchester con expulsi\u00f3n de bala - Denix"},"content":{"rendered":"<h2>Fusil de repetici\u00f3n Winchester - El mito del Lejano Oeste en sus manos<\/h2>\n<p>Para empezar, sum\u00e9rjase en el mundo occidental con este\u00a0 <strong>Fusil de repetici\u00f3n Winchester<\/strong> firmado <a href=\"https:\/\/www.denix.fr\" target=\"_blank\" rel=\"noopener noreferrer\">Denix<\/a> : metal zamac, madera maciza y acabados de lat\u00f3n ultrarrealistas. Adem\u00e1s, su mecanismo funciona como el de una pistola real: la palanca situada debajo de la guarda expulsa las balas de fogueo con un chasquido digno de las grandes pel\u00edculas. Por si fuera poco, el arma viene acompa\u00f1ada de tres cartuchos expulsables. Esta pieza impresiona por su presencia: 110 cm de largo y 2,6 kg de puro placer. La culata de madera garantiza comodidad y un agarre perfecto para recrear tus escenas de duelo o enriquecer tu decoraci\u00f3n western de alta gama.<\/p>\n<p>En cuanto a las autorizaciones, no son necesarias, ya que esta r\u00e9plica se vende libremente. La pides, la recibes y la exhibes con orgullo. Para coleccionar, exponer o manipular, es una aut\u00e9ntica joya para los aficionados al Lejano Oeste y los apasionados de las armas antiguas realistas. Atrae todas las miradas y da pie a conversaciones: esta Winchester nunca pasa desapercibida.<\/p>\n<h2>Una leyenda del Oeste a su alcance<\/h2>\n<p>El modelo 1873 era un rifle de repetici\u00f3n con palanca, es decir, permit\u00eda disparar varias veces antes de recargar, extrayendo el casquillo usado y sustituy\u00e9ndolo por uno nuevo mediante la acci\u00f3n de una palanca situada debajo de la guarda, de ah\u00ed el t\u00e9rmino \u201crifle de repetici\u00f3n\u201d.<\/p>\n<p>De hecho, fue el rifle m\u00e1s utilizado de su \u00e9poca, debido a su estructura de acero y a que utilizaba los mismos cartuchos de percusi\u00f3n central que los rev\u00f3lveres de la \u00e9poca, lo que permit\u00eda al tirador llevar dos armas diferentes con un solo tipo de munici\u00f3n. Se fabricaron tantas unidades que se convirti\u00f3 en un elemento habitual en el oeste de los Estados Unidos, recibiendo el sobrenombre de \u201cThe gun that won the West\u201d (El arma que conquist\u00f3 el Oeste) debido a su arraigo y versatilidad. Inspir\u00f3 la pel\u00edcula \u201cWinchester \u201973\u201d, rodada en 1950, con James Stewart y dirigida por Anthony Mann.<\/p>\n<p>En resumen: es LA pieza que todo fan del universo cowboy debe tener. Y ahora es tuya.<\/p>\n<h2>R\u00e9plique Manga Cin\u00e9 - El para\u00edso de las armas Denix<\/h2>\n<p>En R\u00e9plique Manga Cin\u00e9 no hacemos las cosas a medias: el Winchester 1873 es s\u00f3lo el principio de la fiesta. Tambi\u00e9n encontrar\u00e1 <a href=\"https:\/\/repliquemangacine.fr\/es\/denix\/balas-de-prueba-winchester-denix\/\">balas falsas<\/a> para completar tu rifle y simular eyecciones reales como en las pel\u00edculas.<\/p>\n<p>\u00bfTe gusta la Segunda Guerra Mundial? La <a href=\"https:\/\/repliquemangacine.fr\/es\/reproduccion-armas-segunda-guerra-mundial-denix\/mauser-k98-rifle-antiguo\/\">Fusil Mauser K98<\/a> Te sumergir\u00e1s en la historia con un realismo sencillamente impresionante. En el lado de la pistola, el <a href=\"https:\/\/repliquemangacine.fr\/es\/reproduccion-armas-segunda-guerra-mundial-denix\/pistola-automatica-m1911a1-con-patina-y-acabado-antiguo\/\">M1911A1 con p\u00e1tina<\/a> Le espera, listo para salir de su funda e impresionar en todas sus puestas en escena.<\/p>\n<p>\u00bfTe apetece un look confederado? El <a href=\"https:\/\/repliquemangacine.fr\/es\/pistola-colt\/confedere-revolver-1860-envejecido\/\">rev\u00f3lver 1860<\/a> firmado Denix, envejecido a la perfecci\u00f3n, le transporta directamente al siglo XIX. Todas nuestras r\u00e9plicas son de metal, con mecanismos fieles, meticulosamente acabadas y 100% legales para coleccionistas exigentes. Visite R\u00e9plique Manga Cin\u00e9 para una entrega r\u00e1pida, un stock rastreado, la m\u00e1xima calidad... En resumen, \u00a1la cueva de Al\u00ed Bab\u00e1 de las armas hist\u00f3ricas!<\/p>","protected":false},"excerpt":{"rendered":"<p>Magn\u00edfica r\u00e9plica del rifle de repetici\u00f3n Winchester de lat\u00f3n de 1873 fabricado por Denix.<\/p>\n<ul>\n<li>En metal (zamac) con acabado en lat\u00f3n y madera<\/li>\n<li>Mecanismo funcional con expulsi\u00f3n de balas.<\/li>\n<li>Stock de madera<\/li>\n<li>Palanca del guardamonte funcional para expulsar las balas.<\/li>\n<li>Se suministra con 3 bolas eyectoras.<\/li>\n<li>Longitud total: 110 cm<\/li>\n<li>Peso: 2625 g<br \/>\n<strong>No se requiere autorizaci\u00f3n. Venta y posesi\u00f3n libres.<\/strong><\/li>\n<\/ul>","protected":false},"featured_media":85644,"template":"","meta":[],"product_brand":[896],"product_cat":[34,86,39,28,64],"product_tag":[],"class_list":{"0":"post-85643","1":"product","2":"type-product","3":"status-publish","4":"has-post-thumbnail","6":"product_brand-replique-manga-cine","7":"product_cat-armes-westerns","8":"product_cat-repliques-carabine-winchester-western","9":"product_cat-carabine-winchester","10":"product_cat-repliques-darmes","11":"product_cat-western-repliques-armes","13":"first","14":"outofstock","15":"sale","16":"taxable","17":"shipping-taxable","18":"purchasable","19":"product-type-simple"},"yoast_head":"<!-- This site is optimized with the Yoast SEO plugin v27.4 - https:\/\/yoast.com\/product\/yoast-seo-wordpress\/ -->\n<title>Fusil Winchester \u00e0 r\u00e9p\u00e9tition et \u00e9jection des balles - Denix - R\u00e9plique Manga Cin\u00e9<\/title>\n<meta name=\"description\" content=\"Fusil Winchester \u00e0 r\u00e9p\u00e9tition 1873 Denix ultra r\u00e9aliste avec m\u00e9canisme \u00e9jecteur, bois et m\u00e9tal. Vente libre. Pour fans de western et collectionneurs.\" \/>\n<meta name=\"robots\" content=\"index, follow, max-snippet:-1, max-image-preview:large, max-video-preview:-1\" \/>\n<link rel=\"canonical\" href=\"https:\/\/repliquemangacine.fr\/es\/replica-de-rifle-winchester-western\/rifle-de-repeticion-winchester-con-sistema-de-expulsion-de-balas-denix\/\" \/>\n<meta property=\"og:locale\" content=\"es_ES\" \/>\n<meta property=\"og:type\" content=\"article\" \/>\n<meta property=\"og:title\" content=\"Fusil Winchester \u00e0 r\u00e9p\u00e9tition et \u00e9jection des balles - Denix - R\u00e9plique Manga Cin\u00e9\" \/>\n<meta property=\"og:description\" content=\"Fusil Winchester \u00e0 r\u00e9p\u00e9tition 1873 Denix ultra r\u00e9aliste avec m\u00e9canisme \u00e9jecteur, bois et m\u00e9tal. Vente libre. Pour fans de western et collectionneurs.\" \/>\n<meta property=\"og:url\" content=\"https:\/\/repliquemangacine.fr\/es\/replica-de-rifle-winchester-western\/rifle-de-repeticion-winchester-con-sistema-de-expulsion-de-balas-denix\/\" \/>\n<meta property=\"og:site_name\" content=\"R\u00e9plique Manga Cin\u00e9\" \/>\n<meta property=\"article:publisher\" content=\"https:\/\/www.facebook.com\/RepliqueMangaCine\" \/>\n<meta property=\"article:modified_time\" content=\"2025-12-13T15:18:21+00:00\" \/>\n<meta property=\"og:image\" content=\"https:\/\/repliquemangacine.fr\/wp-content\/uploads\/2025\/06\/winchester-mod-73-laiton-denix.jpg\" \/>\n\t<meta property=\"og:image:width\" content=\"600\" \/>\n\t<meta property=\"og:image:height\" content=\"600\" \/>\n\t<meta property=\"og:image:type\" content=\"image\/jpeg\" \/>\n<meta name=\"twitter:card\" content=\"summary_large_image\" \/>\n<meta name=\"twitter:label1\" content=\"Tiempo de lectura\" \/>\n\t<meta name=\"twitter:data1\" content=\"3 minutos\" \/>\n<script type=\"application\/ld+json\" class=\"yoast-schema-graph\">{\"@context\":\"https:\\\/\\\/schema.org\",\"@graph\":[{\"@type\":\"WebPage\",\"@id\":\"https:\\\/\\\/repliquemangacine.fr\\\/repliques-carabine-winchester-western\\\/fusil-winchester-a-repetition-et-ejection-des-balles-denix\\\/\",\"url\":\"https:\\\/\\\/repliquemangacine.fr\\\/repliques-carabine-winchester-western\\\/fusil-winchester-a-repetition-et-ejection-des-balles-denix\\\/\",\"name\":\"Fusil Winchester \u00e0 r\u00e9p\u00e9tition et \u00e9jection des balles - Denix - R\u00e9plique Manga Cin\u00e9\",\"isPartOf\":{\"@id\":\"https:\\\/\\\/repliquemangacine.fr\\\/#website\"},\"primaryImageOfPage\":{\"@id\":\"https:\\\/\\\/repliquemangacine.fr\\\/repliques-carabine-winchester-western\\\/fusil-winchester-a-repetition-et-ejection-des-balles-denix\\\/#primaryimage\"},\"image\":{\"@id\":\"https:\\\/\\\/repliquemangacine.fr\\\/repliques-carabine-winchester-western\\\/fusil-winchester-a-repetition-et-ejection-des-balles-denix\\\/#primaryimage\"},\"thumbnailUrl\":\"https:\\\/\\\/repliquemangacine.fr\\\/wp-content\\\/uploads\\\/2025\\\/06\\\/winchester-mod-73-laiton-denix.jpg\",\"datePublished\":\"2025-06-24T13:46:14+00:00\",\"dateModified\":\"2025-12-13T15:18:21+00:00\",\"description\":\"Fusil Winchester \u00e0 r\u00e9p\u00e9tition 1873 Denix ultra r\u00e9aliste avec m\u00e9canisme \u00e9jecteur, bois et m\u00e9tal. Vente libre. Pour fans de western et collectionneurs.\",\"breadcrumb\":{\"@id\":\"https:\\\/\\\/repliquemangacine.fr\\\/repliques-carabine-winchester-western\\\/fusil-winchester-a-repetition-et-ejection-des-balles-denix\\\/#breadcrumb\"},\"inLanguage\":\"es\",\"potentialAction\":[{\"@type\":\"ReadAction\",\"target\":[\"https:\\\/\\\/repliquemangacine.fr\\\/repliques-carabine-winchester-western\\\/fusil-winchester-a-repetition-et-ejection-des-balles-denix\\\/\"]}]},{\"@type\":\"ImageObject\",\"inLanguage\":\"es\",\"@id\":\"https:\\\/\\\/repliquemangacine.fr\\\/repliques-carabine-winchester-western\\\/fusil-winchester-a-repetition-et-ejection-des-balles-denix\\\/#primaryimage\",\"url\":\"https:\\\/\\\/repliquemangacine.fr\\\/wp-content\\\/uploads\\\/2025\\\/06\\\/winchester-mod-73-laiton-denix.jpg\",\"contentUrl\":\"https:\\\/\\\/repliquemangacine.fr\\\/wp-content\\\/uploads\\\/2025\\\/06\\\/winchester-mod-73-laiton-denix.jpg\",\"width\":600,\"height\":600,\"caption\":\"Fusil Winchester \u00e0 r\u00e9p\u00e9tition et \u00e9jection des balles Denix\"},{\"@type\":\"BreadcrumbList\",\"@id\":\"https:\\\/\\\/repliquemangacine.fr\\\/repliques-carabine-winchester-western\\\/fusil-winchester-a-repetition-et-ejection-des-balles-denix\\\/#breadcrumb\",\"itemListElement\":[{\"@type\":\"ListItem\",\"position\":1,\"name\":\"Accueil\",\"item\":\"https:\\\/\\\/repliquemangacine.fr\\\/\"},{\"@type\":\"ListItem\",\"position\":2,\"name\":\"Produits\",\"item\":\"https:\\\/\\\/repliquemangacine.fr\\\/boutique\\\/\"},{\"@type\":\"ListItem\",\"position\":3,\"name\":\"Fusil Winchester \u00e0 r\u00e9p\u00e9tition et \u00e9jection des balles &#8211; Denix\"}]},{\"@type\":\"WebSite\",\"@id\":\"https:\\\/\\\/repliquemangacine.fr\\\/#website\",\"url\":\"https:\\\/\\\/repliquemangacine.fr\\\/\",\"name\":\"R\u00e9plique Manga Cin\u00e9\",\"description\":\"\",\"publisher\":{\"@id\":\"https:\\\/\\\/repliquemangacine.fr\\\/#organization\"},\"potentialAction\":[{\"@type\":\"SearchAction\",\"target\":{\"@type\":\"EntryPoint\",\"urlTemplate\":\"https:\\\/\\\/repliquemangacine.fr\\\/?s={search_term_string}\"},\"query-input\":{\"@type\":\"PropertyValueSpecification\",\"valueRequired\":true,\"valueName\":\"search_term_string\"}}],\"inLanguage\":\"es\"},{\"@type\":\"Organization\",\"@id\":\"https:\\\/\\\/repliquemangacine.fr\\\/#organization\",\"name\":\"R\u00e9plique Manga Cin\u00e9\",\"url\":\"https:\\\/\\\/repliquemangacine.fr\\\/\",\"logo\":{\"@type\":\"ImageObject\",\"inLanguage\":\"es\",\"@id\":\"https:\\\/\\\/repliquemangacine.fr\\\/#\\\/schema\\\/logo\\\/image\\\/\",\"url\":\"https:\\\/\\\/repliquemangacine.fr\\\/wp-content\\\/uploads\\\/2023\\\/10\\\/RMC-500250.png\",\"contentUrl\":\"https:\\\/\\\/repliquemangacine.fr\\\/wp-content\\\/uploads\\\/2023\\\/10\\\/RMC-500250.png\",\"width\":500,\"height\":250,\"caption\":\"R\u00e9plique Manga Cin\u00e9\"},\"image\":{\"@id\":\"https:\\\/\\\/repliquemangacine.fr\\\/#\\\/schema\\\/logo\\\/image\\\/\"},\"sameAs\":[\"https:\\\/\\\/www.facebook.com\\\/RepliqueMangaCine\",\"https:\\\/\\\/www.instagram.com\\\/repliquemangacine.fr\\\/\"]}]}<\/script>\n<!-- \/ Yoast SEO plugin. -->","yoast_head_json":{"title":"Fusil de repetici\u00f3n Winchester con expulsi\u00f3n de bala - Denix - R\u00e9plique Manga Cin\u00e9","description":"Fusil de repetici\u00f3n Winchester 1873 Denix ultra realista con mecanismo eyector, madera y metal. Venta libre. Para aficionados y coleccionistas del western.","robots":{"index":"index","follow":"follow","max-snippet":"max-snippet:-1","max-image-preview":"max-image-preview:large","max-video-preview":"max-video-preview:-1"},"canonical":"https:\/\/repliquemangacine.fr\/es\/replica-de-rifle-winchester-western\/rifle-de-repeticion-winchester-con-sistema-de-expulsion-de-balas-denix\/","og_locale":"es_ES","og_type":"article","og_title":"Fusil Winchester \u00e0 r\u00e9p\u00e9tition et \u00e9jection des balles - Denix - R\u00e9plique Manga Cin\u00e9","og_description":"Fusil Winchester \u00e0 r\u00e9p\u00e9tition 1873 Denix ultra r\u00e9aliste avec m\u00e9canisme \u00e9jecteur, bois et m\u00e9tal. Vente libre. Pour fans de western et collectionneurs.","og_url":"https:\/\/repliquemangacine.fr\/es\/replica-de-rifle-winchester-western\/rifle-de-repeticion-winchester-con-sistema-de-expulsion-de-balas-denix\/","og_site_name":"R\u00e9plique Manga Cin\u00e9","article_publisher":"https:\/\/www.facebook.com\/RepliqueMangaCine","article_modified_time":"2025-12-13T15:18:21+00:00","og_image":[{"width":600,"height":600,"url":"https:\/\/repliquemangacine.fr\/wp-content\/uploads\/2025\/06\/winchester-mod-73-laiton-denix.jpg","type":"image\/jpeg"}],"twitter_card":"summary_large_image","twitter_misc":{"Tiempo de lectura":"3 minutos"},"schema":{"@context":"https:\/\/schema.org","@graph":[{"@type":"WebPage","@id":"https:\/\/repliquemangacine.fr\/repliques-carabine-winchester-western\/fusil-winchester-a-repetition-et-ejection-des-balles-denix\/","url":"https:\/\/repliquemangacine.fr\/repliques-carabine-winchester-western\/fusil-winchester-a-repetition-et-ejection-des-balles-denix\/","name":"Fusil de repetici\u00f3n Winchester con expulsi\u00f3n de bala - Denix - R\u00e9plique Manga Cin\u00e9","isPartOf":{"@id":"https:\/\/repliquemangacine.fr\/#website"},"primaryImageOfPage":{"@id":"https:\/\/repliquemangacine.fr\/repliques-carabine-winchester-western\/fusil-winchester-a-repetition-et-ejection-des-balles-denix\/#primaryimage"},"image":{"@id":"https:\/\/repliquemangacine.fr\/repliques-carabine-winchester-western\/fusil-winchester-a-repetition-et-ejection-des-balles-denix\/#primaryimage"},"thumbnailUrl":"https:\/\/repliquemangacine.fr\/wp-content\/uploads\/2025\/06\/winchester-mod-73-laiton-denix.jpg","datePublished":"2025-06-24T13:46:14+00:00","dateModified":"2025-12-13T15:18:21+00:00","description":"Fusil de repetici\u00f3n Winchester 1873 Denix ultra realista con mecanismo eyector, madera y metal. Venta libre. Para aficionados y coleccionistas del western.","breadcrumb":{"@id":"https:\/\/repliquemangacine.fr\/repliques-carabine-winchester-western\/fusil-winchester-a-repetition-et-ejection-des-balles-denix\/#breadcrumb"},"inLanguage":"es","potentialAction":[{"@type":"ReadAction","target":["https:\/\/repliquemangacine.fr\/repliques-carabine-winchester-western\/fusil-winchester-a-repetition-et-ejection-des-balles-denix\/"]}]},{"@type":"ImageObject","inLanguage":"es","@id":"https:\/\/repliquemangacine.fr\/repliques-carabine-winchester-western\/fusil-winchester-a-repetition-et-ejection-des-balles-denix\/#primaryimage","url":"https:\/\/repliquemangacine.fr\/wp-content\/uploads\/2025\/06\/winchester-mod-73-laiton-denix.jpg","contentUrl":"https:\/\/repliquemangacine.fr\/wp-content\/uploads\/2025\/06\/winchester-mod-73-laiton-denix.jpg","width":600,"height":600,"caption":"Fusil Winchester \u00e0 r\u00e9p\u00e9tition et \u00e9jection des balles Denix"},{"@type":"BreadcrumbList","@id":"https:\/\/repliquemangacine.fr\/repliques-carabine-winchester-western\/fusil-winchester-a-repetition-et-ejection-des-balles-denix\/#breadcrumb","itemListElement":[{"@type":"ListItem","position":1,"name":"Accueil","item":"https:\/\/repliquemangacine.fr\/"},{"@type":"ListItem","position":2,"name":"Produits","item":"https:\/\/repliquemangacine.fr\/boutique\/"},{"@type":"ListItem","position":3,"name":"Fusil Winchester \u00e0 r\u00e9p\u00e9tition et \u00e9jection des balles &#8211; Denix"}]},{"@type":"WebSite","@id":"https:\/\/repliquemangacine.fr\/#website","url":"https:\/\/repliquemangacine.fr\/","name":"R\u00e9plique Manga Cin\u00e9","description":"","publisher":{"@id":"https:\/\/repliquemangacine.fr\/#organization"},"potentialAction":[{"@type":"SearchAction","target":{"@type":"EntryPoint","urlTemplate":"https:\/\/repliquemangacine.fr\/?s={search_term_string}"},"query-input":{"@type":"PropertyValueSpecification","valueRequired":true,"valueName":"search_term_string"}}],"inLanguage":"es"},{"@type":"Organization","@id":"https:\/\/repliquemangacine.fr\/#organization","name":"R\u00e9plique Manga Cin\u00e9","url":"https:\/\/repliquemangacine.fr\/","logo":{"@type":"ImageObject","inLanguage":"es","@id":"https:\/\/repliquemangacine.fr\/#\/schema\/logo\/image\/","url":"https:\/\/repliquemangacine.fr\/wp-content\/uploads\/2023\/10\/RMC-500250.png","contentUrl":"https:\/\/repliquemangacine.fr\/wp-content\/uploads\/2023\/10\/RMC-500250.png","width":500,"height":250,"caption":"R\u00e9plique Manga Cin\u00e9"},"image":{"@id":"https:\/\/repliquemangacine.fr\/#\/schema\/logo\/image\/"},"sameAs":["https:\/\/www.facebook.com\/RepliqueMangaCine","https:\/\/www.instagram.com\/repliquemangacine.fr\/"]}]}},"_links":{"self":[{"href":"https:\/\/repliquemangacine.fr\/es\/wp-json\/wp\/v2\/product\/85643","targetHints":{"allow":["GET"]}}],"collection":[{"href":"https:\/\/repliquemangacine.fr\/es\/wp-json\/wp\/v2\/product"}],"about":[{"href":"https:\/\/repliquemangacine.fr\/es\/wp-json\/wp\/v2\/types\/product"}],"wp:featuredmedia":[{"embeddable":true,"href":"https:\/\/repliquemangacine.fr\/es\/wp-json\/wp\/v2\/media\/85644"}],"wp:attachment":[{"href":"https:\/\/repliquemangacine.fr\/es\/wp-json\/wp\/v2\/media?parent=85643"}],"wp:term":[{"taxonomy":"product_brand","embeddable":true,"href":"https:\/\/repliquemangacine.fr\/es\/wp-json\/wp\/v2\/product_brand?post=85643"},{"taxonomy":"product_cat","embeddable":true,"href":"https:\/\/repliquemangacine.fr\/es\/wp-json\/wp\/v2\/product_cat?post=85643"},{"taxonomy":"product_tag","embeddable":true,"href":"https:\/\/repliquemangacine.fr\/es\/wp-json\/wp\/v2\/product_tag?post=85643"}],"curies":[{"name":"wp","href":"https:\/\/api.w.org\/{rel}","templated":true}]}}