





{"id":85608,"date":"2025-06-23T17:45:01","date_gmt":"2025-06-23T15:45:01","guid":{"rendered":"https:\/\/repliquemangacine.fr\/?post_type=product&#038;p=85608"},"modified":"2026-04-16T06:36:19","modified_gmt":"2026-04-16T04:36:19","slug":"peluche-oficial-hedwige-noble-coleccion-harry-potter","status":"publish","type":"product","link":"https:\/\/repliquemangacine.fr\/es\/collectors-et-goodies-harry-potter\/peluche-hedwige-officielle-noble-collection-harry-potter\/","title":{"rendered":"Peluche oficial Hedwig - Harry Potter"},"content":{"rendered":"<h2>Peluche oficial de Hedwige: un coleccionista de peluche para adoptar<\/h2>\n<p>En primer lugar, descubra esto <strong>Peluche oficial Hedwige<\/strong>, cuidadosamente fabricada \u00edntegramente en fibra de poli\u00e9ster para ofrecer una suavidad duradera y una resistencia incre\u00edble.<br \/>\nBajo licencia oficial de Warner Bros, distribuida por The <a href=\"https:\/\/noblecollection.fr\/\" target=\"_blank\" rel=\"noopener noreferrer\">Colecci\u00f3n Noble.<\/a> Acabado impecable, mirada entra\u00f1able y calidad superior. Una aut\u00e9ntica joya para los fans de Harry Potter o los amantes de las lechuzas blancas.<\/p>\n<p>Para el mantenimiento, opte exclusivamente por la limpieza manual, sencilla, r\u00e1pida y respetuosa con las fibras, evitando cualquier deformaci\u00f3n, p\u00e9rdida de brillo o desgaste prematuro. Para ello, pase delicadamente un guante de ba\u00f1o humedecido con agua tibia y jab\u00f3n, luego enjuague con un guante h\u00famedo y seque con un guante seco, simplemente. Por lo tanto, nunca utilice la lavadora, el programa de centrifugado agresivo ni la secadora, para garantizar la longevidad, la belleza, el aspecto y el valor excepcional de la colecci\u00f3n intactos.<\/p>\n<p>Por \u00faltimo, tenga en cuenta que este art\u00edculo no es adecuado para ni\u00f1os menores de treinta y seis meses, por motivos de seguridad y por la necesidad de estar atentos.<\/p>\n<h2>Hedwige: mucho m\u00e1s que un b\u00faho, un poderoso s\u00edmbolo de la saga<\/h2>\n<p>En primer lugar, Hedwig es mucho m\u00e1s que un b\u00faho. Es la primera amiga de Harry, su mensajera, su v\u00ednculo con el mundo m\u00e1gico. Adem\u00e1s, con su pureza, nobleza y lealtad, encarna la pureza y la fidelidad, y acompa\u00f1a a Harry en sus momentos m\u00e1s oscuros. Por otra parte, su presencia reconforta, tranquiliza y a\u00f1ade un toque po\u00e9tico a cada escena en la que aparece. Vuela en los recuerdos de los fans como un s\u00edmbolo de ternura, libertad y profundo apego.<\/p>\n<p>Su tr\u00e1gico final permanece grabado en los corazones: marca un punto de inflexi\u00f3n, una p\u00e9rdida de inocencia, un paso a la edad adulta. Regalar o regalarse su peluche es revivir esa emoci\u00f3n y mantener cerca una parte de la magia intacta. En conclusi\u00f3n, una pieza emotiva, \u00fanica, decorativa y simb\u00f3lica a la vez, perfecta para aquellos que a\u00fan se emocionan cada vez que ven pasar un b\u00faho.<\/p>\n<h2>Descubre otros tesoros de Harry Potter en R\u00e9plique Manga Cin\u00e9<\/h2>\n<p>\u00bfEres fan del mundo m\u00e1gico? En R\u00e9plique Manga Cin\u00e9 encontrar\u00e1s mucho m\u00e1s que peluches: \u00a1encontrar\u00e1s piezas de coleccionista que no puedes pasar por alto!<\/p>\n<ul>\n<li>Cabeza de cartel: el <a href=\"https:\/\/repliquemangacine.fr\/es\/coleccionistas-y-objetos-de-harry-potter\/harry-potter-escoba-de-fuego\/\">Escoba Firebolt<\/a> bajo licencia oficial, como la de Harry durante los partidos de Quidditch.<\/li>\n<li>A\u00f1ade el legendario <a href=\"https:\/\/repliquemangacine.fr\/es\/coleccionistas-y-objetos-de-harry-potter\/sombrero-interactivo-de-harry-potter\/\">Sombrero m\u00e1gico<\/a>con sus llamativos detalles, directamente del Gran Sal\u00f3n.<\/li>\n<li>\u00bfNecesita valor? L'<a href=\"https:\/\/repliquemangacine.fr\/es\/varitas-y-objetos-de-harry-potter\/harry-potter-godric-espada\/\">Espada Godric Gryffindor<\/a> te est\u00e1 esperando, listo para adornar tu pared o completar tu cosplay.<\/li>\n<li>Y, por supuesto, todas las varitas oficiales est\u00e1n aqu\u00ed: Harry, Hermione, Dumbledore, Voldemort y muchos m\u00e1s. Cada art\u00edculo ha sido cuidadosamente seleccionado para los verdaderos fans del universo de JK Rowling. En conclusi\u00f3n, \u00a1sum\u00e9rgete en nuestra tienda, descubre tesoros m\u00e1gicos y da vida a tu propia aventura de Harry Potter ahora mismo!<\/li>\n<\/ul>","protected":false},"excerpt":{"rendered":"<p>Descubre este magn\u00edfico peluche oficial de Hedwig, de Warner Bros y distribuido por Noble Collection, de la saga Harry Potter.<\/p>\n<ul>\n<li>Todo fibra de poli\u00e9ster<\/li>\n<li>Con licencia oficial de Warner Bros y distribuido por Noble Collection.<\/li>\n<li>Se entrega en una caja de cart\u00f3n HP<\/li>\n<li>Tama\u00f1o: 29 cm de largo (de la cabeza a la cola)<\/li>\n<li>No lavar a m\u00e1quina<\/li>\n<li>Peso: 304 g<\/li>\n<li><strong>No apto para ni\u00f1os menores de 36 meses.<\/strong><\/li>\n<\/ul>","protected":false},"featured_media":85609,"template":"","meta":[],"product_brand":[896],"product_cat":[87,41],"product_tag":[],"class_list":{"0":"post-85608","1":"product","2":"type-product","3":"status-publish","4":"has-post-thumbnail","6":"product_brand-replique-manga-cine","7":"product_cat-collectors-et-goodies-harry-potter","8":"product_cat-baguettes-et-goodies-harry-potter","10":"first","11":"instock","12":"taxable","13":"shipping-taxable","14":"purchasable","15":"product-type-simple"},"yoast_head":"<!-- This site is optimized with the Yoast SEO plugin v27.4 - https:\/\/yoast.com\/product\/yoast-seo-wordpress\/ -->\n<title>Peluche Hedwige officielle - Harry Potter - R\u00e9plique Manga Cin\u00e9<\/title>\n<meta name=\"description\" content=\"Adoptez la Peluche Hedwige officielle dans Harry Potter. Douce, fid\u00e8le, sous licence Warner Bros. Un incontournable pour tous les vrais fans de la saga !\" \/>\n<meta name=\"robots\" content=\"index, follow, max-snippet:-1, max-image-preview:large, max-video-preview:-1\" \/>\n<link rel=\"canonical\" href=\"https:\/\/repliquemangacine.fr\/es\/coleccionistas-y-objetos-de-harry-potter\/peluche-oficial-hedwige-noble-coleccion-harry-potter\/\" \/>\n<meta property=\"og:locale\" content=\"es_ES\" \/>\n<meta property=\"og:type\" content=\"article\" \/>\n<meta property=\"og:title\" content=\"Peluche Hedwige officielle - Harry Potter - R\u00e9plique Manga Cin\u00e9\" \/>\n<meta property=\"og:description\" content=\"Adoptez la Peluche Hedwige officielle dans Harry Potter. Douce, fid\u00e8le, sous licence Warner Bros. Un incontournable pour tous les vrais fans de la saga !\" \/>\n<meta property=\"og:url\" content=\"https:\/\/repliquemangacine.fr\/es\/coleccionistas-y-objetos-de-harry-potter\/peluche-oficial-hedwige-noble-coleccion-harry-potter\/\" \/>\n<meta property=\"og:site_name\" content=\"R\u00e9plique Manga Cin\u00e9\" \/>\n<meta property=\"article:publisher\" content=\"https:\/\/www.facebook.com\/RepliqueMangaCine\" \/>\n<meta property=\"article:modified_time\" content=\"2026-04-16T04:36:19+00:00\" \/>\n<meta property=\"og:image\" content=\"https:\/\/repliquemangacine.fr\/wp-content\/uploads\/2025\/06\/Peluche-Hedwige-Harry-Potter.jpg\" \/>\n\t<meta property=\"og:image:width\" content=\"700\" \/>\n\t<meta property=\"og:image:height\" content=\"701\" \/>\n\t<meta property=\"og:image:type\" content=\"image\/jpeg\" \/>\n<meta name=\"twitter:card\" content=\"summary_large_image\" \/>\n<meta name=\"twitter:label1\" content=\"Tiempo de lectura\" \/>\n\t<meta name=\"twitter:data1\" content=\"3 minutos\" \/>\n<script type=\"application\/ld+json\" class=\"yoast-schema-graph\">{\"@context\":\"https:\\\/\\\/schema.org\",\"@graph\":[{\"@type\":\"WebPage\",\"@id\":\"https:\\\/\\\/repliquemangacine.fr\\\/collectors-et-goodies-harry-potter\\\/peluche-hedwige-officielle-noble-collection-harry-potter\\\/\",\"url\":\"https:\\\/\\\/repliquemangacine.fr\\\/collectors-et-goodies-harry-potter\\\/peluche-hedwige-officielle-noble-collection-harry-potter\\\/\",\"name\":\"Peluche Hedwige officielle - Harry Potter - R\u00e9plique Manga Cin\u00e9\",\"isPartOf\":{\"@id\":\"https:\\\/\\\/repliquemangacine.fr\\\/#website\"},\"primaryImageOfPage\":{\"@id\":\"https:\\\/\\\/repliquemangacine.fr\\\/collectors-et-goodies-harry-potter\\\/peluche-hedwige-officielle-noble-collection-harry-potter\\\/#primaryimage\"},\"image\":{\"@id\":\"https:\\\/\\\/repliquemangacine.fr\\\/collectors-et-goodies-harry-potter\\\/peluche-hedwige-officielle-noble-collection-harry-potter\\\/#primaryimage\"},\"thumbnailUrl\":\"https:\\\/\\\/repliquemangacine.fr\\\/wp-content\\\/uploads\\\/2025\\\/06\\\/Peluche-Hedwige-Harry-Potter.jpg\",\"datePublished\":\"2025-06-23T15:45:01+00:00\",\"dateModified\":\"2026-04-16T04:36:19+00:00\",\"description\":\"Adoptez la Peluche Hedwige officielle dans Harry Potter. Douce, fid\u00e8le, sous licence Warner Bros. Un incontournable pour tous les vrais fans de la saga !\",\"breadcrumb\":{\"@id\":\"https:\\\/\\\/repliquemangacine.fr\\\/collectors-et-goodies-harry-potter\\\/peluche-hedwige-officielle-noble-collection-harry-potter\\\/#breadcrumb\"},\"inLanguage\":\"es\",\"potentialAction\":[{\"@type\":\"ReadAction\",\"target\":[\"https:\\\/\\\/repliquemangacine.fr\\\/collectors-et-goodies-harry-potter\\\/peluche-hedwige-officielle-noble-collection-harry-potter\\\/\"]}]},{\"@type\":\"ImageObject\",\"inLanguage\":\"es\",\"@id\":\"https:\\\/\\\/repliquemangacine.fr\\\/collectors-et-goodies-harry-potter\\\/peluche-hedwige-officielle-noble-collection-harry-potter\\\/#primaryimage\",\"url\":\"https:\\\/\\\/repliquemangacine.fr\\\/wp-content\\\/uploads\\\/2025\\\/06\\\/Peluche-Hedwige-Harry-Potter.jpg\",\"contentUrl\":\"https:\\\/\\\/repliquemangacine.fr\\\/wp-content\\\/uploads\\\/2025\\\/06\\\/Peluche-Hedwige-Harry-Potter.jpg\",\"width\":700,\"height\":701,\"caption\":\"Peluche Hedwige Noble Collection Harry potter\"},{\"@type\":\"BreadcrumbList\",\"@id\":\"https:\\\/\\\/repliquemangacine.fr\\\/collectors-et-goodies-harry-potter\\\/peluche-hedwige-officielle-noble-collection-harry-potter\\\/#breadcrumb\",\"itemListElement\":[{\"@type\":\"ListItem\",\"position\":1,\"name\":\"Accueil\",\"item\":\"https:\\\/\\\/repliquemangacine.fr\\\/\"},{\"@type\":\"ListItem\",\"position\":2,\"name\":\"Produits\",\"item\":\"https:\\\/\\\/repliquemangacine.fr\\\/boutique\\\/\"},{\"@type\":\"ListItem\",\"position\":3,\"name\":\"Peluche Hedwige officielle &#8211; Harry Potter\"}]},{\"@type\":\"WebSite\",\"@id\":\"https:\\\/\\\/repliquemangacine.fr\\\/#website\",\"url\":\"https:\\\/\\\/repliquemangacine.fr\\\/\",\"name\":\"R\u00e9plique Manga Cin\u00e9\",\"description\":\"\",\"publisher\":{\"@id\":\"https:\\\/\\\/repliquemangacine.fr\\\/#organization\"},\"potentialAction\":[{\"@type\":\"SearchAction\",\"target\":{\"@type\":\"EntryPoint\",\"urlTemplate\":\"https:\\\/\\\/repliquemangacine.fr\\\/?s={search_term_string}\"},\"query-input\":{\"@type\":\"PropertyValueSpecification\",\"valueRequired\":true,\"valueName\":\"search_term_string\"}}],\"inLanguage\":\"es\"},{\"@type\":\"Organization\",\"@id\":\"https:\\\/\\\/repliquemangacine.fr\\\/#organization\",\"name\":\"R\u00e9plique Manga Cin\u00e9\",\"url\":\"https:\\\/\\\/repliquemangacine.fr\\\/\",\"logo\":{\"@type\":\"ImageObject\",\"inLanguage\":\"es\",\"@id\":\"https:\\\/\\\/repliquemangacine.fr\\\/#\\\/schema\\\/logo\\\/image\\\/\",\"url\":\"https:\\\/\\\/repliquemangacine.fr\\\/wp-content\\\/uploads\\\/2023\\\/10\\\/RMC-500250.png\",\"contentUrl\":\"https:\\\/\\\/repliquemangacine.fr\\\/wp-content\\\/uploads\\\/2023\\\/10\\\/RMC-500250.png\",\"width\":500,\"height\":250,\"caption\":\"R\u00e9plique Manga Cin\u00e9\"},\"image\":{\"@id\":\"https:\\\/\\\/repliquemangacine.fr\\\/#\\\/schema\\\/logo\\\/image\\\/\"},\"sameAs\":[\"https:\\\/\\\/www.facebook.com\\\/RepliqueMangaCine\",\"https:\\\/\\\/www.instagram.com\\\/repliquemangacine.fr\\\/\"]}]}<\/script>\n<!-- \/ Yoast SEO plugin. -->","yoast_head_json":{"title":"Peluche oficial Hedwig - Harry Potter - R\u00e9plique Manga Cin\u00e9","description":"Adopta el peluche oficial de Harry Potter Hedwig. Gentil, leal, con licencia de Warner Bros. Imprescindible para todos los fans de la saga.","robots":{"index":"index","follow":"follow","max-snippet":"max-snippet:-1","max-image-preview":"max-image-preview:large","max-video-preview":"max-video-preview:-1"},"canonical":"https:\/\/repliquemangacine.fr\/es\/coleccionistas-y-objetos-de-harry-potter\/peluche-oficial-hedwige-noble-coleccion-harry-potter\/","og_locale":"es_ES","og_type":"article","og_title":"Peluche Hedwige officielle - Harry Potter - R\u00e9plique Manga Cin\u00e9","og_description":"Adoptez la Peluche Hedwige officielle dans Harry Potter. Douce, fid\u00e8le, sous licence Warner Bros. Un incontournable pour tous les vrais fans de la saga !","og_url":"https:\/\/repliquemangacine.fr\/es\/coleccionistas-y-objetos-de-harry-potter\/peluche-oficial-hedwige-noble-coleccion-harry-potter\/","og_site_name":"R\u00e9plique Manga Cin\u00e9","article_publisher":"https:\/\/www.facebook.com\/RepliqueMangaCine","article_modified_time":"2026-04-16T04:36:19+00:00","og_image":[{"width":700,"height":701,"url":"https:\/\/repliquemangacine.fr\/wp-content\/uploads\/2025\/06\/Peluche-Hedwige-Harry-Potter.jpg","type":"image\/jpeg"}],"twitter_card":"summary_large_image","twitter_misc":{"Tiempo de lectura":"3 minutos"},"schema":{"@context":"https:\/\/schema.org","@graph":[{"@type":"WebPage","@id":"https:\/\/repliquemangacine.fr\/collectors-et-goodies-harry-potter\/peluche-hedwige-officielle-noble-collection-harry-potter\/","url":"https:\/\/repliquemangacine.fr\/collectors-et-goodies-harry-potter\/peluche-hedwige-officielle-noble-collection-harry-potter\/","name":"Peluche oficial Hedwig - Harry Potter - R\u00e9plique Manga Cin\u00e9","isPartOf":{"@id":"https:\/\/repliquemangacine.fr\/#website"},"primaryImageOfPage":{"@id":"https:\/\/repliquemangacine.fr\/collectors-et-goodies-harry-potter\/peluche-hedwige-officielle-noble-collection-harry-potter\/#primaryimage"},"image":{"@id":"https:\/\/repliquemangacine.fr\/collectors-et-goodies-harry-potter\/peluche-hedwige-officielle-noble-collection-harry-potter\/#primaryimage"},"thumbnailUrl":"https:\/\/repliquemangacine.fr\/wp-content\/uploads\/2025\/06\/Peluche-Hedwige-Harry-Potter.jpg","datePublished":"2025-06-23T15:45:01+00:00","dateModified":"2026-04-16T04:36:19+00:00","description":"Adopta el peluche oficial de Harry Potter Hedwig. Gentil, leal, con licencia de Warner Bros. Imprescindible para todos los fans de la saga.","breadcrumb":{"@id":"https:\/\/repliquemangacine.fr\/collectors-et-goodies-harry-potter\/peluche-hedwige-officielle-noble-collection-harry-potter\/#breadcrumb"},"inLanguage":"es","potentialAction":[{"@type":"ReadAction","target":["https:\/\/repliquemangacine.fr\/collectors-et-goodies-harry-potter\/peluche-hedwige-officielle-noble-collection-harry-potter\/"]}]},{"@type":"ImageObject","inLanguage":"es","@id":"https:\/\/repliquemangacine.fr\/collectors-et-goodies-harry-potter\/peluche-hedwige-officielle-noble-collection-harry-potter\/#primaryimage","url":"https:\/\/repliquemangacine.fr\/wp-content\/uploads\/2025\/06\/Peluche-Hedwige-Harry-Potter.jpg","contentUrl":"https:\/\/repliquemangacine.fr\/wp-content\/uploads\/2025\/06\/Peluche-Hedwige-Harry-Potter.jpg","width":700,"height":701,"caption":"Peluche Hedwige Noble Collection Harry potter"},{"@type":"BreadcrumbList","@id":"https:\/\/repliquemangacine.fr\/collectors-et-goodies-harry-potter\/peluche-hedwige-officielle-noble-collection-harry-potter\/#breadcrumb","itemListElement":[{"@type":"ListItem","position":1,"name":"Accueil","item":"https:\/\/repliquemangacine.fr\/"},{"@type":"ListItem","position":2,"name":"Produits","item":"https:\/\/repliquemangacine.fr\/boutique\/"},{"@type":"ListItem","position":3,"name":"Peluche Hedwige officielle &#8211; Harry Potter"}]},{"@type":"WebSite","@id":"https:\/\/repliquemangacine.fr\/#website","url":"https:\/\/repliquemangacine.fr\/","name":"R\u00e9plique Manga Cin\u00e9","description":"","publisher":{"@id":"https:\/\/repliquemangacine.fr\/#organization"},"potentialAction":[{"@type":"SearchAction","target":{"@type":"EntryPoint","urlTemplate":"https:\/\/repliquemangacine.fr\/?s={search_term_string}"},"query-input":{"@type":"PropertyValueSpecification","valueRequired":true,"valueName":"search_term_string"}}],"inLanguage":"es"},{"@type":"Organization","@id":"https:\/\/repliquemangacine.fr\/#organization","name":"R\u00e9plique Manga Cin\u00e9","url":"https:\/\/repliquemangacine.fr\/","logo":{"@type":"ImageObject","inLanguage":"es","@id":"https:\/\/repliquemangacine.fr\/#\/schema\/logo\/image\/","url":"https:\/\/repliquemangacine.fr\/wp-content\/uploads\/2023\/10\/RMC-500250.png","contentUrl":"https:\/\/repliquemangacine.fr\/wp-content\/uploads\/2023\/10\/RMC-500250.png","width":500,"height":250,"caption":"R\u00e9plique Manga Cin\u00e9"},"image":{"@id":"https:\/\/repliquemangacine.fr\/#\/schema\/logo\/image\/"},"sameAs":["https:\/\/www.facebook.com\/RepliqueMangaCine","https:\/\/www.instagram.com\/repliquemangacine.fr\/"]}]}},"_links":{"self":[{"href":"https:\/\/repliquemangacine.fr\/es\/wp-json\/wp\/v2\/product\/85608","targetHints":{"allow":["GET"]}}],"collection":[{"href":"https:\/\/repliquemangacine.fr\/es\/wp-json\/wp\/v2\/product"}],"about":[{"href":"https:\/\/repliquemangacine.fr\/es\/wp-json\/wp\/v2\/types\/product"}],"wp:featuredmedia":[{"embeddable":true,"href":"https:\/\/repliquemangacine.fr\/es\/wp-json\/wp\/v2\/media\/85609"}],"wp:attachment":[{"href":"https:\/\/repliquemangacine.fr\/es\/wp-json\/wp\/v2\/media?parent=85608"}],"wp:term":[{"taxonomy":"product_brand","embeddable":true,"href":"https:\/\/repliquemangacine.fr\/es\/wp-json\/wp\/v2\/product_brand?post=85608"},{"taxonomy":"product_cat","embeddable":true,"href":"https:\/\/repliquemangacine.fr\/es\/wp-json\/wp\/v2\/product_cat?post=85608"},{"taxonomy":"product_tag","embeddable":true,"href":"https:\/\/repliquemangacine.fr\/es\/wp-json\/wp\/v2\/product_tag?post=85608"}],"curies":[{"name":"wp","href":"https:\/\/api.w.org\/{rel}","templated":true}]}}