





{"id":85581,"date":"2025-06-22T18:58:59","date_gmt":"2025-06-22T16:58:59","guid":{"rendered":"https:\/\/repliquemangacine.fr\/?post_type=product&#038;p=85581"},"modified":"2026-03-16T12:04:47","modified_gmt":"2026-03-16T11:04:47","slug":"funda-para-remington-1858-kolser","status":"publish","type":"product","link":"https:\/\/repliquemangacine.fr\/es\/holster-accessoires-western\/holster-pour-remington-1858-kolser\/","title":{"rendered":"Funda para Remington 1858 Kolser"},"content":{"rendered":"<h2>Funda Kolser Remington 1858 - Artesan\u00eda en cuero hecha para durar<\/h2>\n<p>En primer lugar, la marca Kolser presenta aqu\u00ed un accesorio de alta gama que refuerza la reputaci\u00f3n de sus r\u00e9plicas: robustas, realistas y elegantes. Fabricada en cuero flexible de grano completo, curtido mediante un proceso vegetal, la funda se adapta a la silueta del rev\u00f3lver Remington 1858. Adem\u00e1s, una cartuchera integrada alberga las balas de fogueo que se incluyen de serie. Adem\u00e1s, dos compartimentos moldeados mantienen los tambores adicionales para acelerar la cadencia de tiro.<\/p>\n<p>Para garantizar la durabilidad del montaje, <a href=\"https:\/\/kolser.com\/\" target=\"_blank\" rel=\"noopener noreferrer\">Kolser<\/a> utiliza un ensamblaje remachado en lugar de cosido. Esto elimina el riesgo de que las costuras se rompan bajo tensi\u00f3n. Por \u00faltimo, la hebilla del cintur\u00f3n de acero -tratada para resistir la corrosi\u00f3n- asegura un ajuste r\u00e1pido, al tiempo que ofrece un aut\u00e9ntico aspecto del Oeste. En resumen, esta funda encarna el encuentro entre la artesan\u00eda tradicional y las exigencias modernas, garantizando comodidad, seguridad y una est\u00e9tica impecable.<\/p>\n<h2>Por qu\u00e9 la funda era vital en el Salvaje Oeste, y sigue si\u00e9ndolo hoy en d\u00eda<\/h2>\n<p>En la \u00e9poca de las llanuras polvorientas y los ruidosos salones, la funda no era un simple accesorio: era un s\u00edmbolo de estatus y una ventaja t\u00e1ctica. En primer lugar, una funda de cuero bien formada facilitaba el \u00abquick-draw\u00bb, un gesto decisivo en un duelo o un enfrentamiento improvisado. Adem\u00e1s, la cartuchera llena permit\u00eda recargar r\u00e1pidamente. Mientras que los tambores de reserva colgados de las caderas proporcionaban una ventaja crucial en la cadencia de tiro. Un detalle que Kolser vuelve a poner de relieve con acierto.<\/p>\n<p>Adem\u00e1s, la resistente hebilla met\u00e1lica proteg\u00eda el arma de ca\u00eddas durante la cabalgada, garantizando que el rev\u00f3lver permaneciera estable, pero accesible. Por \u00faltimo, llevar una funda elaborada era se\u00f1al de dominio de las armas: sheriffs, cazarrecompensas o exploradores mostraban as\u00ed su profesionalidad. Hoy en d\u00eda, esta funda reproduce fielmente la funci\u00f3n y el aura de la \u00e9poca, a\u00f1adiendo realismo hist\u00f3rico y practicidad a cualquier reconstrucci\u00f3n o colecci\u00f3n.<\/p>\n<h2>Completa tu equipamiento western con nuestros accesorios Kolser<\/h2>\n<p>Para sacar el m\u00e1ximo partido a su funda Remington 1858 Kolser. Le recomendamos que descubra nuestra selecci\u00f3n de accesorios complementarios disponibles en nuestra tienda. Por ejemplo, puede encontrar nuestra <a href=\"https:\/\/repliquemangacine.fr\/es\/pistola-kolser\/canon-de-percusion-suplementario-remington-1858-kolser\/\">Ca\u00f1ones de percusi\u00f3n<\/a> o convertidos, especialmente dise\u00f1ados para encajar en las ranuras de la funda. Adem\u00e1s, nuestras <a href=\"https:\/\/repliquemangacine.fr\/es\/pistola-kolser\/6-balas-de-prueba-para-colt-45-kolser\/\">balas falsas para Colt<\/a> Nuestros petardos tambi\u00e9n est\u00e1n disponibles por unidades o en paquetes, ideales para tus sesiones de cosplay, exposiciones o recreaciones hist\u00f3ricas.<\/p>\n<p>No dude en visitar nuestra categor\u00eda \u201c<a href=\"https:\/\/repliquemangacine.fr\/es\/armas-y-accesorios-occidentales\/\">Occidental<\/a>\u201d para explorar todas nuestras r\u00e9plicas emblem\u00e1ticas: rev\u00f3lveres, carabinas, fundas, placas de sheriff o accesorios de vaquero.<\/p>\n<p>Gracias a este completo equipamiento, tu Remington 1858 Kolser dejar\u00e1 de ser solo una r\u00e9plica. Se convertir\u00e1 en el coraz\u00f3n palpitante de tu universo western, listo para desenfundar a la menor ocasi\u00f3n.<\/p>","protected":false},"excerpt":{"rendered":"<p>Funda para Remington 1858 Kolser<\/p>\n<ul>\n<li>Todo en piel flexible<\/li>\n<li>Cintur\u00f3n de cartuchos con balas suministradas<\/li>\n<li>Espacio para dos barriles adicionales<\/li>\n<li>Hebilla de acero<\/li>\n<li>Montaje de remaches<\/li>\n<\/ul>","protected":false},"featured_media":85582,"template":"","meta":[],"product_brand":[896],"product_cat":[51,100,45,90],"product_tag":[],"class_list":{"0":"post-85581","1":"product","2":"type-product","3":"status-publish","4":"has-post-thumbnail","6":"product_brand-replique-manga-cine","7":"product_cat-accessoires-western","8":"product_cat-arme-kolser","9":"product_cat-holster-western-ceinturon","10":"product_cat-holster-accessoires-western","12":"first","13":"outofstock","14":"taxable","15":"shipping-taxable","16":"purchasable","17":"product-type-simple"},"yoast_head":"<!-- This site is optimized with the Yoast SEO plugin v27.4 - https:\/\/yoast.com\/product\/yoast-seo-wordpress\/ -->\n<title>Holster pour Remington 1858 Kolser - R\u00e9plique Manga Cin\u00e9<\/title>\n<meta name=\"description\" content=\"Venez d\u00e9couvrir ce Holster pour Remington 1858 de la marque Kolser. Tout en cuir souple. Emplacement de deux barillets, cartouchi\u00e8re avec balles fournies.\" \/>\n<meta name=\"robots\" content=\"index, follow, max-snippet:-1, max-image-preview:large, max-video-preview:-1\" \/>\n<link rel=\"canonical\" href=\"https:\/\/repliquemangacine.fr\/es\/accesorios-western-funda\/funda-para-remington-1858-kolser\/\" \/>\n<meta property=\"og:locale\" content=\"es_ES\" \/>\n<meta property=\"og:type\" content=\"article\" \/>\n<meta property=\"og:title\" content=\"Holster pour Remington 1858 Kolser - R\u00e9plique Manga Cin\u00e9\" \/>\n<meta property=\"og:description\" content=\"Venez d\u00e9couvrir ce Holster pour Remington 1858 de la marque Kolser. Tout en cuir souple. Emplacement de deux barillets, cartouchi\u00e8re avec balles fournies.\" \/>\n<meta property=\"og:url\" content=\"https:\/\/repliquemangacine.fr\/es\/accesorios-western-funda\/funda-para-remington-1858-kolser\/\" \/>\n<meta property=\"og:site_name\" content=\"R\u00e9plique Manga Cin\u00e9\" \/>\n<meta property=\"article:publisher\" content=\"https:\/\/www.facebook.com\/RepliqueMangaCine\" \/>\n<meta property=\"article:modified_time\" content=\"2026-03-16T11:04:47+00:00\" \/>\n<meta property=\"og:image\" content=\"https:\/\/repliquemangacine.fr\/wp-content\/uploads\/2025\/06\/holster-pour-Remington.jpg\" \/>\n\t<meta property=\"og:image:width\" content=\"600\" \/>\n\t<meta property=\"og:image:height\" content=\"600\" \/>\n\t<meta property=\"og:image:type\" content=\"image\/jpeg\" \/>\n<meta name=\"twitter:card\" content=\"summary_large_image\" \/>\n<meta name=\"twitter:label1\" content=\"Tiempo de lectura\" \/>\n\t<meta name=\"twitter:data1\" content=\"3 minutos\" \/>\n<script type=\"application\/ld+json\" class=\"yoast-schema-graph\">{\"@context\":\"https:\\\/\\\/schema.org\",\"@graph\":[{\"@type\":\"WebPage\",\"@id\":\"https:\\\/\\\/repliquemangacine.fr\\\/holster-accessoires-western\\\/holster-pour-remington-1858-kolser\\\/\",\"url\":\"https:\\\/\\\/repliquemangacine.fr\\\/holster-accessoires-western\\\/holster-pour-remington-1858-kolser\\\/\",\"name\":\"Holster pour Remington 1858 Kolser - R\u00e9plique Manga Cin\u00e9\",\"isPartOf\":{\"@id\":\"https:\\\/\\\/repliquemangacine.fr\\\/#website\"},\"primaryImageOfPage\":{\"@id\":\"https:\\\/\\\/repliquemangacine.fr\\\/holster-accessoires-western\\\/holster-pour-remington-1858-kolser\\\/#primaryimage\"},\"image\":{\"@id\":\"https:\\\/\\\/repliquemangacine.fr\\\/holster-accessoires-western\\\/holster-pour-remington-1858-kolser\\\/#primaryimage\"},\"thumbnailUrl\":\"https:\\\/\\\/repliquemangacine.fr\\\/wp-content\\\/uploads\\\/2025\\\/06\\\/holster-pour-Remington.jpg\",\"datePublished\":\"2025-06-22T16:58:59+00:00\",\"dateModified\":\"2026-03-16T11:04:47+00:00\",\"description\":\"Venez d\u00e9couvrir ce Holster pour Remington 1858 de la marque Kolser. Tout en cuir souple. Emplacement de deux barillets, cartouchi\u00e8re avec balles fournies.\",\"breadcrumb\":{\"@id\":\"https:\\\/\\\/repliquemangacine.fr\\\/holster-accessoires-western\\\/holster-pour-remington-1858-kolser\\\/#breadcrumb\"},\"inLanguage\":\"es\",\"potentialAction\":[{\"@type\":\"ReadAction\",\"target\":[\"https:\\\/\\\/repliquemangacine.fr\\\/holster-accessoires-western\\\/holster-pour-remington-1858-kolser\\\/\"]}]},{\"@type\":\"ImageObject\",\"inLanguage\":\"es\",\"@id\":\"https:\\\/\\\/repliquemangacine.fr\\\/holster-accessoires-western\\\/holster-pour-remington-1858-kolser\\\/#primaryimage\",\"url\":\"https:\\\/\\\/repliquemangacine.fr\\\/wp-content\\\/uploads\\\/2025\\\/06\\\/holster-pour-Remington.jpg\",\"contentUrl\":\"https:\\\/\\\/repliquemangacine.fr\\\/wp-content\\\/uploads\\\/2025\\\/06\\\/holster-pour-Remington.jpg\",\"width\":600,\"height\":600,\"caption\":\"Holster pour Remington Kolser\"},{\"@type\":\"BreadcrumbList\",\"@id\":\"https:\\\/\\\/repliquemangacine.fr\\\/holster-accessoires-western\\\/holster-pour-remington-1858-kolser\\\/#breadcrumb\",\"itemListElement\":[{\"@type\":\"ListItem\",\"position\":1,\"name\":\"Accueil\",\"item\":\"https:\\\/\\\/repliquemangacine.fr\\\/\"},{\"@type\":\"ListItem\",\"position\":2,\"name\":\"Produits\",\"item\":\"https:\\\/\\\/repliquemangacine.fr\\\/boutique\\\/\"},{\"@type\":\"ListItem\",\"position\":3,\"name\":\"Holster pour Remington 1858 Kolser\"}]},{\"@type\":\"WebSite\",\"@id\":\"https:\\\/\\\/repliquemangacine.fr\\\/#website\",\"url\":\"https:\\\/\\\/repliquemangacine.fr\\\/\",\"name\":\"R\u00e9plique Manga Cin\u00e9\",\"description\":\"\",\"publisher\":{\"@id\":\"https:\\\/\\\/repliquemangacine.fr\\\/#organization\"},\"potentialAction\":[{\"@type\":\"SearchAction\",\"target\":{\"@type\":\"EntryPoint\",\"urlTemplate\":\"https:\\\/\\\/repliquemangacine.fr\\\/?s={search_term_string}\"},\"query-input\":{\"@type\":\"PropertyValueSpecification\",\"valueRequired\":true,\"valueName\":\"search_term_string\"}}],\"inLanguage\":\"es\"},{\"@type\":\"Organization\",\"@id\":\"https:\\\/\\\/repliquemangacine.fr\\\/#organization\",\"name\":\"R\u00e9plique Manga Cin\u00e9\",\"url\":\"https:\\\/\\\/repliquemangacine.fr\\\/\",\"logo\":{\"@type\":\"ImageObject\",\"inLanguage\":\"es\",\"@id\":\"https:\\\/\\\/repliquemangacine.fr\\\/#\\\/schema\\\/logo\\\/image\\\/\",\"url\":\"https:\\\/\\\/repliquemangacine.fr\\\/wp-content\\\/uploads\\\/2023\\\/10\\\/RMC-500250.png\",\"contentUrl\":\"https:\\\/\\\/repliquemangacine.fr\\\/wp-content\\\/uploads\\\/2023\\\/10\\\/RMC-500250.png\",\"width\":500,\"height\":250,\"caption\":\"R\u00e9plique Manga Cin\u00e9\"},\"image\":{\"@id\":\"https:\\\/\\\/repliquemangacine.fr\\\/#\\\/schema\\\/logo\\\/image\\\/\"},\"sameAs\":[\"https:\\\/\\\/www.facebook.com\\\/RepliqueMangaCine\",\"https:\\\/\\\/www.instagram.com\\\/repliquemangacine.fr\\\/\"]}]}<\/script>\n<!-- \/ Yoast SEO plugin. -->","yoast_head_json":{"title":"Funda para Remington 1858 Kolser - R\u00e9plique Manga Cin\u00e9","description":"Descubra esta funda para Remington 1858 de Kolser. Todo en cuero flexible. Espacio para dos ca\u00f1ones, cintur\u00f3n de cartuchos con balas suministradas.","robots":{"index":"index","follow":"follow","max-snippet":"max-snippet:-1","max-image-preview":"max-image-preview:large","max-video-preview":"max-video-preview:-1"},"canonical":"https:\/\/repliquemangacine.fr\/es\/accesorios-western-funda\/funda-para-remington-1858-kolser\/","og_locale":"es_ES","og_type":"article","og_title":"Holster pour Remington 1858 Kolser - R\u00e9plique Manga Cin\u00e9","og_description":"Venez d\u00e9couvrir ce Holster pour Remington 1858 de la marque Kolser. Tout en cuir souple. Emplacement de deux barillets, cartouchi\u00e8re avec balles fournies.","og_url":"https:\/\/repliquemangacine.fr\/es\/accesorios-western-funda\/funda-para-remington-1858-kolser\/","og_site_name":"R\u00e9plique Manga Cin\u00e9","article_publisher":"https:\/\/www.facebook.com\/RepliqueMangaCine","article_modified_time":"2026-03-16T11:04:47+00:00","og_image":[{"width":600,"height":600,"url":"https:\/\/repliquemangacine.fr\/wp-content\/uploads\/2025\/06\/holster-pour-Remington.jpg","type":"image\/jpeg"}],"twitter_card":"summary_large_image","twitter_misc":{"Tiempo de lectura":"3 minutos"},"schema":{"@context":"https:\/\/schema.org","@graph":[{"@type":"WebPage","@id":"https:\/\/repliquemangacine.fr\/holster-accessoires-western\/holster-pour-remington-1858-kolser\/","url":"https:\/\/repliquemangacine.fr\/holster-accessoires-western\/holster-pour-remington-1858-kolser\/","name":"Funda para Remington 1858 Kolser - R\u00e9plique Manga Cin\u00e9","isPartOf":{"@id":"https:\/\/repliquemangacine.fr\/#website"},"primaryImageOfPage":{"@id":"https:\/\/repliquemangacine.fr\/holster-accessoires-western\/holster-pour-remington-1858-kolser\/#primaryimage"},"image":{"@id":"https:\/\/repliquemangacine.fr\/holster-accessoires-western\/holster-pour-remington-1858-kolser\/#primaryimage"},"thumbnailUrl":"https:\/\/repliquemangacine.fr\/wp-content\/uploads\/2025\/06\/holster-pour-Remington.jpg","datePublished":"2025-06-22T16:58:59+00:00","dateModified":"2026-03-16T11:04:47+00:00","description":"Descubra esta funda para Remington 1858 de Kolser. Todo en cuero flexible. Espacio para dos ca\u00f1ones, cintur\u00f3n de cartuchos con balas suministradas.","breadcrumb":{"@id":"https:\/\/repliquemangacine.fr\/holster-accessoires-western\/holster-pour-remington-1858-kolser\/#breadcrumb"},"inLanguage":"es","potentialAction":[{"@type":"ReadAction","target":["https:\/\/repliquemangacine.fr\/holster-accessoires-western\/holster-pour-remington-1858-kolser\/"]}]},{"@type":"ImageObject","inLanguage":"es","@id":"https:\/\/repliquemangacine.fr\/holster-accessoires-western\/holster-pour-remington-1858-kolser\/#primaryimage","url":"https:\/\/repliquemangacine.fr\/wp-content\/uploads\/2025\/06\/holster-pour-Remington.jpg","contentUrl":"https:\/\/repliquemangacine.fr\/wp-content\/uploads\/2025\/06\/holster-pour-Remington.jpg","width":600,"height":600,"caption":"Holster pour Remington Kolser"},{"@type":"BreadcrumbList","@id":"https:\/\/repliquemangacine.fr\/holster-accessoires-western\/holster-pour-remington-1858-kolser\/#breadcrumb","itemListElement":[{"@type":"ListItem","position":1,"name":"Accueil","item":"https:\/\/repliquemangacine.fr\/"},{"@type":"ListItem","position":2,"name":"Produits","item":"https:\/\/repliquemangacine.fr\/boutique\/"},{"@type":"ListItem","position":3,"name":"Holster pour Remington 1858 Kolser"}]},{"@type":"WebSite","@id":"https:\/\/repliquemangacine.fr\/#website","url":"https:\/\/repliquemangacine.fr\/","name":"R\u00e9plique Manga Cin\u00e9","description":"","publisher":{"@id":"https:\/\/repliquemangacine.fr\/#organization"},"potentialAction":[{"@type":"SearchAction","target":{"@type":"EntryPoint","urlTemplate":"https:\/\/repliquemangacine.fr\/?s={search_term_string}"},"query-input":{"@type":"PropertyValueSpecification","valueRequired":true,"valueName":"search_term_string"}}],"inLanguage":"es"},{"@type":"Organization","@id":"https:\/\/repliquemangacine.fr\/#organization","name":"R\u00e9plique Manga Cin\u00e9","url":"https:\/\/repliquemangacine.fr\/","logo":{"@type":"ImageObject","inLanguage":"es","@id":"https:\/\/repliquemangacine.fr\/#\/schema\/logo\/image\/","url":"https:\/\/repliquemangacine.fr\/wp-content\/uploads\/2023\/10\/RMC-500250.png","contentUrl":"https:\/\/repliquemangacine.fr\/wp-content\/uploads\/2023\/10\/RMC-500250.png","width":500,"height":250,"caption":"R\u00e9plique Manga Cin\u00e9"},"image":{"@id":"https:\/\/repliquemangacine.fr\/#\/schema\/logo\/image\/"},"sameAs":["https:\/\/www.facebook.com\/RepliqueMangaCine","https:\/\/www.instagram.com\/repliquemangacine.fr\/"]}]}},"_links":{"self":[{"href":"https:\/\/repliquemangacine.fr\/es\/wp-json\/wp\/v2\/product\/85581","targetHints":{"allow":["GET"]}}],"collection":[{"href":"https:\/\/repliquemangacine.fr\/es\/wp-json\/wp\/v2\/product"}],"about":[{"href":"https:\/\/repliquemangacine.fr\/es\/wp-json\/wp\/v2\/types\/product"}],"wp:featuredmedia":[{"embeddable":true,"href":"https:\/\/repliquemangacine.fr\/es\/wp-json\/wp\/v2\/media\/85582"}],"wp:attachment":[{"href":"https:\/\/repliquemangacine.fr\/es\/wp-json\/wp\/v2\/media?parent=85581"}],"wp:term":[{"taxonomy":"product_brand","embeddable":true,"href":"https:\/\/repliquemangacine.fr\/es\/wp-json\/wp\/v2\/product_brand?post=85581"},{"taxonomy":"product_cat","embeddable":true,"href":"https:\/\/repliquemangacine.fr\/es\/wp-json\/wp\/v2\/product_cat?post=85581"},{"taxonomy":"product_tag","embeddable":true,"href":"https:\/\/repliquemangacine.fr\/es\/wp-json\/wp\/v2\/product_tag?post=85581"}],"curies":[{"name":"wp","href":"https:\/\/api.w.org\/{rel}","templated":true}]}}