





{"id":85578,"date":"2025-06-22T17:49:19","date_gmt":"2025-06-22T15:49:19","guid":{"rendered":"https:\/\/repliquemangacine.fr\/?post_type=product&#038;p=85578"},"modified":"2026-02-19T10:18:50","modified_gmt":"2026-02-19T09:18:50","slug":"remington-1858-kolser-cilindro-convertido","status":"publish","type":"product","link":"https:\/\/repliquemangacine.fr\/es\/arme-kolser\/barillet-converti-remington-1858-kolser\/","title":{"rendered":"Remington 1858 Kolser ca\u00f1\u00f3n convertido"},"content":{"rendered":"<h2>Barril transformado - Moderno y eficiente<\/h2>\n<p>En primer lugar, este accesorio reproduce el barril convertido, t\u00edpico de la transici\u00f3n postamericana de las armas de la Guerra Civil estadounidense. Fabricado en zamak de alta calidad y con acabado en negro.<\/p>\n<p>Este modelo de tambor corresponde al rev\u00f3lver Remington 1858 convertido, como el que Clint Eastwood empu\u00f1a en Pale Rider (1985). En la pel\u00edcula, el legendario tirador no solo utiliza esta arma, sino que tambi\u00e9n lleva consigo varios tambores adicionales listos para recargar, una estrategia que le da una ventaja t\u00e1ctica esencial.<\/p>\n<p>Con este accesorio <a href=\"https:\/\/kolser.com\/\" target=\"_blank\" rel=\"noopener noreferrer\">Kolser<\/a>Puede recrear esa misma experiencia del Viejo Oeste y completar su r\u00e9plica para exposiciones, actividades de ocio hist\u00f3rico o simplemente para disfrutar de una pieza legendaria.<\/p>\n<h2>Ca\u00f1\u00f3n exclusivo para Remington modelo convertido 1858 Kolser<\/h2>\n<p>Ante todo, este ca\u00f1\u00f3n convertido para Remington 1858 Kolser le permite cambiar a una versi\u00f3n modernizada. Sin cartuchos reales, pero con un sistema visual y sonoro impresionante. Dise\u00f1ado para alojar balas falsas de Colt, cuenta con un compartimento adaptado en la parte trasera de cada rec\u00e1mara para insertar un cebador pirot\u00e9cnico. De este modo, reproduce el sonido de un disparo real durante sus escenificaciones.<\/p>\n<p>Adem\u00e1s, su extractor integrado permite expulsar f\u00e1cilmente los casquillos falsos. El acabado cromado garantiza un movimiento fluido y protege los componentes internos. Gracias a este dise\u00f1o, disfrutar\u00e1s de una r\u00e9plica fiel, pero tambi\u00e9n segura y perfectamente adaptada a la animaci\u00f3n o al cosplay.<\/p>\n<p>Por \u00faltimo, este cilindro se cambia en pocos segundos, sin herramientas, gracias a su sistema drop-in. Por lo tanto, es el accesorio indispensable para los aficionados que desean combinar una est\u00e9tica aut\u00e9ntica, un manejo realista y unos efectos sonoros impresionantes, sin ning\u00fan riesgo.<\/p>\n<h2>Accesorios esenciales para una Remington 1858 completa y lista para la acci\u00f3n<\/h2>\n<p>Para vivir plenamente la experiencia del Lejano Oeste y realzar su Remington 1858, hay algunos accesorios que son simplemente imprescindibles. Empezando por la funda de cuero especialmente dise\u00f1ada para este modelo. Acompa\u00f1ada de su cartuchera integrada, no solo ofrece una gran comodidad, sino tambi\u00e9n un aut\u00e9ntico look de vaquero. Y lo que es a\u00fan mejor: cuenta con un doble compartimento para ca\u00f1ones adicionales, lo que le permite alternar entre la versi\u00f3n de percusi\u00f3n y la versi\u00f3n convertida en cualquier momento.<\/p>\n<p>Adem\u00e1s, para acentuar el realismo sonoro y visual, los <a href=\"https:\/\/repliquemangacine.fr\/es\/pistola-kolser\/blister-208-imprimaciones-kolser\/\">cebos petardos<\/a> son esenciales. Se colocan directamente sobre el percutor del cilindro o en el espacio previsto en la parte trasera del modelo convertido, a\u00f1adiendo un efecto de disparo impresionante, sin ning\u00fan peligro.<\/p>\n<p>Por \u00faltimo, para completar la ilusi\u00f3n, los <a href=\"https:\/\/repliquemangacine.fr\/es\/pistola-kolser\/6-balas-de-prueba-para-colt-45-kolser\/\">balas falsas para Colt<\/a> se insertan en las rec\u00e1maras de los ca\u00f1ones transformados. A\u00f1aden el toque final perfecto a sus escenas de recreaci\u00f3n, exposiciones o sesiones fotogr\u00e1ficas. Juntos, estos accesorios transforman su rev\u00f3lver en una pieza viva de la historia, lista para impresionar.<\/p>","protected":false},"excerpt":{"rendered":"<p>Recree la conversi\u00f3n hist\u00f3rica de la Remington 1858 con este ca\u00f1\u00f3n adaptado para cartuchos met\u00e1licos Kolser.<\/p>\n<ul>\n<li>Dise\u00f1ado exclusivamente para la r\u00e9plica Remington 1858 Converted de Kolser<\/li>\n<li>Fabricado en zamak de alta calidad y acabado en negro.<\/li>\n<li><strong>IMPORTANTE:<\/strong> Este tambor ha sido dise\u00f1ado exclusivamente para el Remington 1858 Converted. No es <strong>no compatible con el modelo de percusi\u00f3n<\/strong> cl\u00e1sico, porque los dos tienen mecanismos diferentes. No intercambie tambores entre modelos. Aseg\u00farate de adquirir el adecuado para tu r\u00e9plica.<\/li>\n<\/ul>","protected":false},"featured_media":85579,"template":"","meta":[],"product_brand":[896],"product_cat":[51,100,90],"product_tag":[],"class_list":{"0":"post-85578","1":"product","2":"type-product","3":"status-publish","4":"has-post-thumbnail","6":"product_brand-replique-manga-cine","7":"product_cat-accessoires-western","8":"product_cat-arme-kolser","9":"product_cat-holster-accessoires-western","11":"first","12":"outofstock","13":"taxable","14":"shipping-taxable","15":"purchasable","16":"product-type-simple"},"yoast_head":"<!-- This site is optimized with the Yoast SEO plugin v27.4 - https:\/\/yoast.com\/product\/yoast-seo-wordpress\/ -->\n<title>Barillet converti Remington 1858 Kolser - R\u00e9plique Manga Cin\u00e9<\/title>\n<meta name=\"description\" content=\"Recr\u00e9er la conversion historique du Remington 1858 avec ce Barillet converti adapt\u00e9 pour les cartouches en m\u00e9tal Kolser. Zamac de haute qualit\u00e9.\" \/>\n<meta name=\"robots\" content=\"index, follow, max-snippet:-1, max-image-preview:large, max-video-preview:-1\" \/>\n<link rel=\"canonical\" href=\"https:\/\/repliquemangacine.fr\/es\/pistola-kolser\/remington-1858-kolser-cilindro-convertido\/\" \/>\n<meta property=\"og:locale\" content=\"es_ES\" \/>\n<meta property=\"og:type\" content=\"article\" \/>\n<meta property=\"og:title\" content=\"Barillet converti Remington 1858 Kolser - R\u00e9plique Manga Cin\u00e9\" \/>\n<meta property=\"og:description\" content=\"Recr\u00e9er la conversion historique du Remington 1858 avec ce Barillet converti adapt\u00e9 pour les cartouches en m\u00e9tal Kolser. Zamac de haute qualit\u00e9.\" \/>\n<meta property=\"og:url\" content=\"https:\/\/repliquemangacine.fr\/es\/pistola-kolser\/remington-1858-kolser-cilindro-convertido\/\" \/>\n<meta property=\"og:site_name\" content=\"R\u00e9plique Manga Cin\u00e9\" \/>\n<meta property=\"article:publisher\" content=\"https:\/\/www.facebook.com\/RepliqueMangaCine\" \/>\n<meta property=\"article:modified_time\" content=\"2026-02-19T09:18:50+00:00\" \/>\n<meta property=\"og:image\" content=\"https:\/\/repliquemangacine.fr\/wp-content\/uploads\/2025\/06\/barillet-converti.jpg\" \/>\n\t<meta property=\"og:image:width\" content=\"800\" \/>\n\t<meta property=\"og:image:height\" content=\"800\" \/>\n\t<meta property=\"og:image:type\" content=\"image\/jpeg\" \/>\n<meta name=\"twitter:card\" content=\"summary_large_image\" \/>\n<meta name=\"twitter:label1\" content=\"Tiempo de lectura\" \/>\n\t<meta name=\"twitter:data1\" content=\"3 minutos\" \/>\n<script type=\"application\/ld+json\" class=\"yoast-schema-graph\">{\"@context\":\"https:\\\/\\\/schema.org\",\"@graph\":[{\"@type\":\"WebPage\",\"@id\":\"https:\\\/\\\/repliquemangacine.fr\\\/arme-kolser\\\/barillet-converti-remington-1858-kolser\\\/\",\"url\":\"https:\\\/\\\/repliquemangacine.fr\\\/arme-kolser\\\/barillet-converti-remington-1858-kolser\\\/\",\"name\":\"Barillet converti Remington 1858 Kolser - R\u00e9plique Manga Cin\u00e9\",\"isPartOf\":{\"@id\":\"https:\\\/\\\/repliquemangacine.fr\\\/#website\"},\"primaryImageOfPage\":{\"@id\":\"https:\\\/\\\/repliquemangacine.fr\\\/arme-kolser\\\/barillet-converti-remington-1858-kolser\\\/#primaryimage\"},\"image\":{\"@id\":\"https:\\\/\\\/repliquemangacine.fr\\\/arme-kolser\\\/barillet-converti-remington-1858-kolser\\\/#primaryimage\"},\"thumbnailUrl\":\"https:\\\/\\\/repliquemangacine.fr\\\/wp-content\\\/uploads\\\/2025\\\/06\\\/barillet-converti.jpg\",\"datePublished\":\"2025-06-22T15:49:19+00:00\",\"dateModified\":\"2026-02-19T09:18:50+00:00\",\"description\":\"Recr\u00e9er la conversion historique du Remington 1858 avec ce Barillet converti adapt\u00e9 pour les cartouches en m\u00e9tal Kolser. Zamac de haute qualit\u00e9.\",\"breadcrumb\":{\"@id\":\"https:\\\/\\\/repliquemangacine.fr\\\/arme-kolser\\\/barillet-converti-remington-1858-kolser\\\/#breadcrumb\"},\"inLanguage\":\"es\",\"potentialAction\":[{\"@type\":\"ReadAction\",\"target\":[\"https:\\\/\\\/repliquemangacine.fr\\\/arme-kolser\\\/barillet-converti-remington-1858-kolser\\\/\"]}]},{\"@type\":\"ImageObject\",\"inLanguage\":\"es\",\"@id\":\"https:\\\/\\\/repliquemangacine.fr\\\/arme-kolser\\\/barillet-converti-remington-1858-kolser\\\/#primaryimage\",\"url\":\"https:\\\/\\\/repliquemangacine.fr\\\/wp-content\\\/uploads\\\/2025\\\/06\\\/barillet-converti.jpg\",\"contentUrl\":\"https:\\\/\\\/repliquemangacine.fr\\\/wp-content\\\/uploads\\\/2025\\\/06\\\/barillet-converti.jpg\",\"width\":800,\"height\":800,\"caption\":\"Barillet converti Remington 1858 Kolser\"},{\"@type\":\"BreadcrumbList\",\"@id\":\"https:\\\/\\\/repliquemangacine.fr\\\/arme-kolser\\\/barillet-converti-remington-1858-kolser\\\/#breadcrumb\",\"itemListElement\":[{\"@type\":\"ListItem\",\"position\":1,\"name\":\"Accueil\",\"item\":\"https:\\\/\\\/repliquemangacine.fr\\\/\"},{\"@type\":\"ListItem\",\"position\":2,\"name\":\"Produits\",\"item\":\"https:\\\/\\\/repliquemangacine.fr\\\/boutique\\\/\"},{\"@type\":\"ListItem\",\"position\":3,\"name\":\"Barillet converti Remington 1858 Kolser\"}]},{\"@type\":\"WebSite\",\"@id\":\"https:\\\/\\\/repliquemangacine.fr\\\/#website\",\"url\":\"https:\\\/\\\/repliquemangacine.fr\\\/\",\"name\":\"R\u00e9plique Manga Cin\u00e9\",\"description\":\"\",\"publisher\":{\"@id\":\"https:\\\/\\\/repliquemangacine.fr\\\/#organization\"},\"potentialAction\":[{\"@type\":\"SearchAction\",\"target\":{\"@type\":\"EntryPoint\",\"urlTemplate\":\"https:\\\/\\\/repliquemangacine.fr\\\/?s={search_term_string}\"},\"query-input\":{\"@type\":\"PropertyValueSpecification\",\"valueRequired\":true,\"valueName\":\"search_term_string\"}}],\"inLanguage\":\"es\"},{\"@type\":\"Organization\",\"@id\":\"https:\\\/\\\/repliquemangacine.fr\\\/#organization\",\"name\":\"R\u00e9plique Manga Cin\u00e9\",\"url\":\"https:\\\/\\\/repliquemangacine.fr\\\/\",\"logo\":{\"@type\":\"ImageObject\",\"inLanguage\":\"es\",\"@id\":\"https:\\\/\\\/repliquemangacine.fr\\\/#\\\/schema\\\/logo\\\/image\\\/\",\"url\":\"https:\\\/\\\/repliquemangacine.fr\\\/wp-content\\\/uploads\\\/2023\\\/10\\\/RMC-500250.png\",\"contentUrl\":\"https:\\\/\\\/repliquemangacine.fr\\\/wp-content\\\/uploads\\\/2023\\\/10\\\/RMC-500250.png\",\"width\":500,\"height\":250,\"caption\":\"R\u00e9plique Manga Cin\u00e9\"},\"image\":{\"@id\":\"https:\\\/\\\/repliquemangacine.fr\\\/#\\\/schema\\\/logo\\\/image\\\/\"},\"sameAs\":[\"https:\\\/\\\/www.facebook.com\\\/RepliqueMangaCine\",\"https:\\\/\\\/www.instagram.com\\\/repliquemangacine.fr\\\/\"]}]}<\/script>\n<!-- \/ Yoast SEO plugin. -->","yoast_head_json":{"title":"Cilindro Remington 1858 Kolser convertido - R\u00e9plique Manga Cin\u00e9","description":"Recree la conversi\u00f3n hist\u00f3rica de la Remington 1858 con este ca\u00f1\u00f3n adaptado para cartuchos met\u00e1licos Kolser. Zamac de alta calidad.","robots":{"index":"index","follow":"follow","max-snippet":"max-snippet:-1","max-image-preview":"max-image-preview:large","max-video-preview":"max-video-preview:-1"},"canonical":"https:\/\/repliquemangacine.fr\/es\/pistola-kolser\/remington-1858-kolser-cilindro-convertido\/","og_locale":"es_ES","og_type":"article","og_title":"Barillet converti Remington 1858 Kolser - R\u00e9plique Manga Cin\u00e9","og_description":"Recr\u00e9er la conversion historique du Remington 1858 avec ce Barillet converti adapt\u00e9 pour les cartouches en m\u00e9tal Kolser. Zamac de haute qualit\u00e9.","og_url":"https:\/\/repliquemangacine.fr\/es\/pistola-kolser\/remington-1858-kolser-cilindro-convertido\/","og_site_name":"R\u00e9plique Manga Cin\u00e9","article_publisher":"https:\/\/www.facebook.com\/RepliqueMangaCine","article_modified_time":"2026-02-19T09:18:50+00:00","og_image":[{"width":800,"height":800,"url":"https:\/\/repliquemangacine.fr\/wp-content\/uploads\/2025\/06\/barillet-converti.jpg","type":"image\/jpeg"}],"twitter_card":"summary_large_image","twitter_misc":{"Tiempo de lectura":"3 minutos"},"schema":{"@context":"https:\/\/schema.org","@graph":[{"@type":"WebPage","@id":"https:\/\/repliquemangacine.fr\/arme-kolser\/barillet-converti-remington-1858-kolser\/","url":"https:\/\/repliquemangacine.fr\/arme-kolser\/barillet-converti-remington-1858-kolser\/","name":"Cilindro Remington 1858 Kolser convertido - R\u00e9plique Manga Cin\u00e9","isPartOf":{"@id":"https:\/\/repliquemangacine.fr\/#website"},"primaryImageOfPage":{"@id":"https:\/\/repliquemangacine.fr\/arme-kolser\/barillet-converti-remington-1858-kolser\/#primaryimage"},"image":{"@id":"https:\/\/repliquemangacine.fr\/arme-kolser\/barillet-converti-remington-1858-kolser\/#primaryimage"},"thumbnailUrl":"https:\/\/repliquemangacine.fr\/wp-content\/uploads\/2025\/06\/barillet-converti.jpg","datePublished":"2025-06-22T15:49:19+00:00","dateModified":"2026-02-19T09:18:50+00:00","description":"Recree la conversi\u00f3n hist\u00f3rica de la Remington 1858 con este ca\u00f1\u00f3n adaptado para cartuchos met\u00e1licos Kolser. Zamac de alta calidad.","breadcrumb":{"@id":"https:\/\/repliquemangacine.fr\/arme-kolser\/barillet-converti-remington-1858-kolser\/#breadcrumb"},"inLanguage":"es","potentialAction":[{"@type":"ReadAction","target":["https:\/\/repliquemangacine.fr\/arme-kolser\/barillet-converti-remington-1858-kolser\/"]}]},{"@type":"ImageObject","inLanguage":"es","@id":"https:\/\/repliquemangacine.fr\/arme-kolser\/barillet-converti-remington-1858-kolser\/#primaryimage","url":"https:\/\/repliquemangacine.fr\/wp-content\/uploads\/2025\/06\/barillet-converti.jpg","contentUrl":"https:\/\/repliquemangacine.fr\/wp-content\/uploads\/2025\/06\/barillet-converti.jpg","width":800,"height":800,"caption":"Barillet converti Remington 1858 Kolser"},{"@type":"BreadcrumbList","@id":"https:\/\/repliquemangacine.fr\/arme-kolser\/barillet-converti-remington-1858-kolser\/#breadcrumb","itemListElement":[{"@type":"ListItem","position":1,"name":"Accueil","item":"https:\/\/repliquemangacine.fr\/"},{"@type":"ListItem","position":2,"name":"Produits","item":"https:\/\/repliquemangacine.fr\/boutique\/"},{"@type":"ListItem","position":3,"name":"Barillet converti Remington 1858 Kolser"}]},{"@type":"WebSite","@id":"https:\/\/repliquemangacine.fr\/#website","url":"https:\/\/repliquemangacine.fr\/","name":"R\u00e9plique Manga Cin\u00e9","description":"","publisher":{"@id":"https:\/\/repliquemangacine.fr\/#organization"},"potentialAction":[{"@type":"SearchAction","target":{"@type":"EntryPoint","urlTemplate":"https:\/\/repliquemangacine.fr\/?s={search_term_string}"},"query-input":{"@type":"PropertyValueSpecification","valueRequired":true,"valueName":"search_term_string"}}],"inLanguage":"es"},{"@type":"Organization","@id":"https:\/\/repliquemangacine.fr\/#organization","name":"R\u00e9plique Manga Cin\u00e9","url":"https:\/\/repliquemangacine.fr\/","logo":{"@type":"ImageObject","inLanguage":"es","@id":"https:\/\/repliquemangacine.fr\/#\/schema\/logo\/image\/","url":"https:\/\/repliquemangacine.fr\/wp-content\/uploads\/2023\/10\/RMC-500250.png","contentUrl":"https:\/\/repliquemangacine.fr\/wp-content\/uploads\/2023\/10\/RMC-500250.png","width":500,"height":250,"caption":"R\u00e9plique Manga Cin\u00e9"},"image":{"@id":"https:\/\/repliquemangacine.fr\/#\/schema\/logo\/image\/"},"sameAs":["https:\/\/www.facebook.com\/RepliqueMangaCine","https:\/\/www.instagram.com\/repliquemangacine.fr\/"]}]}},"_links":{"self":[{"href":"https:\/\/repliquemangacine.fr\/es\/wp-json\/wp\/v2\/product\/85578","targetHints":{"allow":["GET"]}}],"collection":[{"href":"https:\/\/repliquemangacine.fr\/es\/wp-json\/wp\/v2\/product"}],"about":[{"href":"https:\/\/repliquemangacine.fr\/es\/wp-json\/wp\/v2\/types\/product"}],"wp:featuredmedia":[{"embeddable":true,"href":"https:\/\/repliquemangacine.fr\/es\/wp-json\/wp\/v2\/media\/85579"}],"wp:attachment":[{"href":"https:\/\/repliquemangacine.fr\/es\/wp-json\/wp\/v2\/media?parent=85578"}],"wp:term":[{"taxonomy":"product_brand","embeddable":true,"href":"https:\/\/repliquemangacine.fr\/es\/wp-json\/wp\/v2\/product_brand?post=85578"},{"taxonomy":"product_cat","embeddable":true,"href":"https:\/\/repliquemangacine.fr\/es\/wp-json\/wp\/v2\/product_cat?post=85578"},{"taxonomy":"product_tag","embeddable":true,"href":"https:\/\/repliquemangacine.fr\/es\/wp-json\/wp\/v2\/product_tag?post=85578"}],"curies":[{"name":"wp","href":"https:\/\/api.w.org\/{rel}","templated":true}]}}