





{"id":85576,"date":"2025-06-22T17:25:20","date_gmt":"2025-06-22T15:25:20","guid":{"rendered":"https:\/\/repliquemangacine.fr\/?post_type=product&#038;p=85576"},"modified":"2026-03-25T21:28:24","modified_gmt":"2026-03-25T20:28:24","slug":"canon-de-percusion-suplementario-remington-1858-kolser","status":"publish","type":"product","link":"https:\/\/repliquemangacine.fr\/es\/arme-kolser\/barillet-a-percussion-supplementaire-remington-1858-kolser\/","title":{"rendered":"Ca\u00f1\u00f3n de percusi\u00f3n suplementario Remington 1858 Kolser"},"content":{"rendered":"<h2>Ca\u00f1\u00f3n de percusi\u00f3n adicional - Autenticidad sin concesiones<\/h2>\n<p>En primer lugar, complete su r\u00e9plica de Remington 1858 con este ca\u00f1\u00f3n de percusi\u00f3n de repuesto <a href=\"https:\/\/kolser.com\/\" target=\"_blank\" rel=\"noopener noreferrer\">Kolser<\/a> de origen. Dise\u00f1ado espec\u00edficamente para el modelo de percusi\u00f3n cl\u00e1sica. Este accesorio le permite simular la funci\u00f3n m\u00e1s innovadora del rev\u00f3lver: el cambio r\u00e1pido del tambor en combate.<\/p>\n<p>Fabricado con los mismos materiales y acabados que la r\u00e9plica principal. Este tambor reproduce fielmente el dise\u00f1o utilizado por el ej\u00e9rcito de la Uni\u00f3n durante la Guerra Civil Americana. Ideal para coleccionistas, recreadores hist\u00f3ricos del Oeste y aficionados que desean una experiencia m\u00e1s aut\u00e9ntica.<\/p>\n<p>Es el modelo de tambor que corresponde al rev\u00f3lver de percusi\u00f3n del New Army 1858, el mismo tipo de arma que empu\u00f1a Jamie Foxx en Django Unchained (2012).<\/p>\n<h2>Ca\u00f1\u00f3n exclusivo para el modelo de percusi\u00f3n Remington 1858<\/h2>\n<p>En primer lugar, este cilindro de percusi\u00f3n convierte su Remington 1858 Kolser en una aut\u00e9ntica m\u00e1quina para revivir la historia. Fabricado en acero tratado, tiene exactamente la misma capacidad de seis rec\u00e1maras. La posici\u00f3n de las chimeneas y la forma c\u00f3nica interior.<\/p>\n<p>Adem\u00e1s, cada rec\u00e1mara cuenta con un peque\u00f1o percutor destinado a recibir directamente un cebador, lo que ofrece una animaci\u00f3n fiel al sistema original. Gracias a esta compatibilidad y a su sistema de indexaci\u00f3n fluido, puede preparar varios cilindros por adelantado y duplicar as\u00ed su capacidad de disparo durante sus recreaciones o exposiciones.<\/p>\n<p>Por \u00faltimo, la superficie pulida limita la acumulaci\u00f3n de suciedad, lo que facilita la limpieza. Este ca\u00f1\u00f3n de percusi\u00f3n es, por lo tanto, el accesorio perfecto para los aficionados que buscan una experiencia realista. Sin p\u00f3lvora ni proyectiles, pero con un efecto sonoro y mec\u00e1nico garantizado.<\/p>\n<h2>Accesorios esenciales para una Remington 1858 completa y lista para la acci\u00f3n<\/h2>\n<p>Para vivir plenamente la experiencia del Lejano Oeste y realzar su Remington 1858, hay algunos accesorios que son simplemente imprescindibles. Empezando por la funda de cuero especialmente dise\u00f1ada para este modelo. Acompa\u00f1ada de su cartuchera integrada, no solo ofrece una gran comodidad, sino tambi\u00e9n un aut\u00e9ntico look de vaquero. Y lo que es a\u00fan mejor: cuenta con un doble compartimento para ca\u00f1ones adicionales, lo que le permite alternar entre la versi\u00f3n de percusi\u00f3n y la versi\u00f3n convertida en cualquier momento.<\/p>\n<p>Adem\u00e1s, para acentuar el realismo sonoro y visual, los <a href=\"https:\/\/repliquemangacine.fr\/es\/pistola-kolser\/blister-208-imprimaciones-kolser\/\">cebos petardos<\/a> son esenciales. Se colocan directamente sobre el percutor del cilindro o en el espacio previsto en la parte trasera del modelo convertido, a\u00f1adiendo un efecto de disparo impresionante, sin ning\u00fan peligro.<\/p>\n<p>Por \u00faltimo, para completar la ilusi\u00f3n, los<a href=\"https:\/\/repliquemangacine.fr\/es\/pistola-kolser\/6-balas-de-prueba-para-colt-45-kolser\/\"> balas falsas para Colt<\/a> se insertan en las rec\u00e1maras de los ca\u00f1ones transformados. A\u00f1aden el toque final perfecto a sus escenas de recreaci\u00f3n, exposiciones o sesiones fotogr\u00e1ficas. Juntos, estos accesorios transforman su rev\u00f3lver en una pieza viva de la historia, lista para impresionar.<\/p>","protected":false},"excerpt":{"rendered":"<p>Complete su r\u00e9plica de Remington 1858 con este ca\u00f1\u00f3n de percusi\u00f3n de repuesto Kolser.<\/p>\n<ul>\n<li>Dise\u00f1ado espec\u00edficamente para el modelo de percusi\u00f3n cl\u00e1sico<\/li>\n<li>Zamak de alta calidad<\/li>\n<li><strong>IMPORTANTE<\/strong>El mecanismo de percusi\u00f3n de la Remington 1858 no es <strong>NO<\/strong> igual a la de la Remington 1858 Convertie<br \/>\nPor ello, los tambores no pueden intercambiarse entre estos dos modelos.<br \/>\nSi compras un tambor adicional, aseg\u00farate de que sea para el modelo correcto. <strong>No son compatibles entre s\u00ed<\/strong>.<\/li>\n<\/ul>","protected":false},"featured_media":85571,"template":"","meta":[],"product_brand":[896],"product_cat":[51,100,90,27],"product_tag":[],"class_list":{"0":"post-85576","1":"product","2":"type-product","3":"status-publish","4":"has-post-thumbnail","6":"product_brand-replique-manga-cine","7":"product_cat-accessoires-western","8":"product_cat-arme-kolser","9":"product_cat-holster-accessoires-western","10":"product_cat-armes-et-accessoires-western","12":"first","13":"instock","14":"taxable","15":"shipping-taxable","16":"purchasable","17":"product-type-simple"},"yoast_head":"<!-- This site is optimized with the Yoast SEO plugin v27.4 - https:\/\/yoast.com\/product\/yoast-seo-wordpress\/ -->\n<title>Barillet \u00e0 percussion suppl\u00e9mentaire Remington 1858 Kolser - R\u00e9plique Manga Cin\u00e9<\/title>\n<meta name=\"description\" content=\"Compl\u00e9tez votre r\u00e9plique Remington 1858 avec ce Barillet \u00e0 percussion de remplacement Kolser. Accepte les amorces p\u00e9tards. Tout en zamac\" \/>\n<meta name=\"robots\" content=\"index, follow, max-snippet:-1, max-image-preview:large, max-video-preview:-1\" \/>\n<link rel=\"canonical\" href=\"https:\/\/repliquemangacine.fr\/es\/pistola-kolser\/canon-de-percusion-suplementario-remington-1858-kolser\/\" \/>\n<meta property=\"og:locale\" content=\"es_ES\" \/>\n<meta property=\"og:type\" content=\"article\" \/>\n<meta property=\"og:title\" content=\"Barillet \u00e0 percussion suppl\u00e9mentaire Remington 1858 Kolser - R\u00e9plique Manga Cin\u00e9\" \/>\n<meta property=\"og:description\" content=\"Compl\u00e9tez votre r\u00e9plique Remington 1858 avec ce Barillet \u00e0 percussion de remplacement Kolser. Accepte les amorces p\u00e9tards. Tout en zamac\" \/>\n<meta property=\"og:url\" content=\"https:\/\/repliquemangacine.fr\/es\/pistola-kolser\/canon-de-percusion-suplementario-remington-1858-kolser\/\" \/>\n<meta property=\"og:site_name\" content=\"R\u00e9plique Manga Cin\u00e9\" \/>\n<meta property=\"article:publisher\" content=\"https:\/\/www.facebook.com\/RepliqueMangaCine\" \/>\n<meta property=\"article:modified_time\" content=\"2026-03-25T20:28:24+00:00\" \/>\n<meta property=\"og:image\" content=\"https:\/\/repliquemangacine.fr\/wp-content\/uploads\/2025\/06\/barillet-a-percussion.jpg\" \/>\n\t<meta property=\"og:image:width\" content=\"800\" \/>\n\t<meta property=\"og:image:height\" content=\"800\" \/>\n\t<meta property=\"og:image:type\" content=\"image\/jpeg\" \/>\n<meta name=\"twitter:card\" content=\"summary_large_image\" \/>\n<meta name=\"twitter:label1\" content=\"Tiempo de lectura\" \/>\n\t<meta name=\"twitter:data1\" content=\"3 minutos\" \/>\n<script type=\"application\/ld+json\" class=\"yoast-schema-graph\">{\"@context\":\"https:\\\/\\\/schema.org\",\"@graph\":[{\"@type\":\"WebPage\",\"@id\":\"https:\\\/\\\/repliquemangacine.fr\\\/arme-kolser\\\/barillet-a-percussion-supplementaire-remington-1858-kolser\\\/\",\"url\":\"https:\\\/\\\/repliquemangacine.fr\\\/arme-kolser\\\/barillet-a-percussion-supplementaire-remington-1858-kolser\\\/\",\"name\":\"Barillet \u00e0 percussion suppl\u00e9mentaire Remington 1858 Kolser - R\u00e9plique Manga Cin\u00e9\",\"isPartOf\":{\"@id\":\"https:\\\/\\\/repliquemangacine.fr\\\/#website\"},\"primaryImageOfPage\":{\"@id\":\"https:\\\/\\\/repliquemangacine.fr\\\/arme-kolser\\\/barillet-a-percussion-supplementaire-remington-1858-kolser\\\/#primaryimage\"},\"image\":{\"@id\":\"https:\\\/\\\/repliquemangacine.fr\\\/arme-kolser\\\/barillet-a-percussion-supplementaire-remington-1858-kolser\\\/#primaryimage\"},\"thumbnailUrl\":\"https:\\\/\\\/repliquemangacine.fr\\\/wp-content\\\/uploads\\\/2025\\\/06\\\/barillet-a-percussion.jpg\",\"datePublished\":\"2025-06-22T15:25:20+00:00\",\"dateModified\":\"2026-03-25T20:28:24+00:00\",\"description\":\"Compl\u00e9tez votre r\u00e9plique Remington 1858 avec ce Barillet \u00e0 percussion de remplacement Kolser. Accepte les amorces p\u00e9tards. Tout en zamac\",\"breadcrumb\":{\"@id\":\"https:\\\/\\\/repliquemangacine.fr\\\/arme-kolser\\\/barillet-a-percussion-supplementaire-remington-1858-kolser\\\/#breadcrumb\"},\"inLanguage\":\"es\",\"potentialAction\":[{\"@type\":\"ReadAction\",\"target\":[\"https:\\\/\\\/repliquemangacine.fr\\\/arme-kolser\\\/barillet-a-percussion-supplementaire-remington-1858-kolser\\\/\"]}]},{\"@type\":\"ImageObject\",\"inLanguage\":\"es\",\"@id\":\"https:\\\/\\\/repliquemangacine.fr\\\/arme-kolser\\\/barillet-a-percussion-supplementaire-remington-1858-kolser\\\/#primaryimage\",\"url\":\"https:\\\/\\\/repliquemangacine.fr\\\/wp-content\\\/uploads\\\/2025\\\/06\\\/barillet-a-percussion.jpg\",\"contentUrl\":\"https:\\\/\\\/repliquemangacine.fr\\\/wp-content\\\/uploads\\\/2025\\\/06\\\/barillet-a-percussion.jpg\",\"width\":800,\"height\":800,\"caption\":\"Barillet \u00e0 percussion suppl\u00e9mentaire pour Remington 1858\"},{\"@type\":\"BreadcrumbList\",\"@id\":\"https:\\\/\\\/repliquemangacine.fr\\\/arme-kolser\\\/barillet-a-percussion-supplementaire-remington-1858-kolser\\\/#breadcrumb\",\"itemListElement\":[{\"@type\":\"ListItem\",\"position\":1,\"name\":\"Accueil\",\"item\":\"https:\\\/\\\/repliquemangacine.fr\\\/\"},{\"@type\":\"ListItem\",\"position\":2,\"name\":\"Produits\",\"item\":\"https:\\\/\\\/repliquemangacine.fr\\\/boutique\\\/\"},{\"@type\":\"ListItem\",\"position\":3,\"name\":\"Barillet \u00e0 percussion suppl\u00e9mentaire Remington 1858 Kolser\"}]},{\"@type\":\"WebSite\",\"@id\":\"https:\\\/\\\/repliquemangacine.fr\\\/#website\",\"url\":\"https:\\\/\\\/repliquemangacine.fr\\\/\",\"name\":\"R\u00e9plique Manga Cin\u00e9\",\"description\":\"\",\"publisher\":{\"@id\":\"https:\\\/\\\/repliquemangacine.fr\\\/#organization\"},\"potentialAction\":[{\"@type\":\"SearchAction\",\"target\":{\"@type\":\"EntryPoint\",\"urlTemplate\":\"https:\\\/\\\/repliquemangacine.fr\\\/?s={search_term_string}\"},\"query-input\":{\"@type\":\"PropertyValueSpecification\",\"valueRequired\":true,\"valueName\":\"search_term_string\"}}],\"inLanguage\":\"es\"},{\"@type\":\"Organization\",\"@id\":\"https:\\\/\\\/repliquemangacine.fr\\\/#organization\",\"name\":\"R\u00e9plique Manga Cin\u00e9\",\"url\":\"https:\\\/\\\/repliquemangacine.fr\\\/\",\"logo\":{\"@type\":\"ImageObject\",\"inLanguage\":\"es\",\"@id\":\"https:\\\/\\\/repliquemangacine.fr\\\/#\\\/schema\\\/logo\\\/image\\\/\",\"url\":\"https:\\\/\\\/repliquemangacine.fr\\\/wp-content\\\/uploads\\\/2023\\\/10\\\/RMC-500250.png\",\"contentUrl\":\"https:\\\/\\\/repliquemangacine.fr\\\/wp-content\\\/uploads\\\/2023\\\/10\\\/RMC-500250.png\",\"width\":500,\"height\":250,\"caption\":\"R\u00e9plique Manga Cin\u00e9\"},\"image\":{\"@id\":\"https:\\\/\\\/repliquemangacine.fr\\\/#\\\/schema\\\/logo\\\/image\\\/\"},\"sameAs\":[\"https:\\\/\\\/www.facebook.com\\\/RepliqueMangaCine\",\"https:\\\/\\\/www.instagram.com\\\/repliquemangacine.fr\\\/\"]}]}<\/script>\n<!-- \/ Yoast SEO plugin. -->","yoast_head_json":{"title":"Cilindro de percusi\u00f3n suplementario Remington 1858 Kolser - R\u00e9plique Manga Cin\u00e9","description":"Complete su r\u00e9plica de Remington 1858 con este ca\u00f1\u00f3n de percusi\u00f3n de repuesto Kolser. Acepta cebos de petardo. Todo de zamac","robots":{"index":"index","follow":"follow","max-snippet":"max-snippet:-1","max-image-preview":"max-image-preview:large","max-video-preview":"max-video-preview:-1"},"canonical":"https:\/\/repliquemangacine.fr\/es\/pistola-kolser\/canon-de-percusion-suplementario-remington-1858-kolser\/","og_locale":"es_ES","og_type":"article","og_title":"Barillet \u00e0 percussion suppl\u00e9mentaire Remington 1858 Kolser - R\u00e9plique Manga Cin\u00e9","og_description":"Compl\u00e9tez votre r\u00e9plique Remington 1858 avec ce Barillet \u00e0 percussion de remplacement Kolser. Accepte les amorces p\u00e9tards. Tout en zamac","og_url":"https:\/\/repliquemangacine.fr\/es\/pistola-kolser\/canon-de-percusion-suplementario-remington-1858-kolser\/","og_site_name":"R\u00e9plique Manga Cin\u00e9","article_publisher":"https:\/\/www.facebook.com\/RepliqueMangaCine","article_modified_time":"2026-03-25T20:28:24+00:00","og_image":[{"width":800,"height":800,"url":"https:\/\/repliquemangacine.fr\/wp-content\/uploads\/2025\/06\/barillet-a-percussion.jpg","type":"image\/jpeg"}],"twitter_card":"summary_large_image","twitter_misc":{"Tiempo de lectura":"3 minutos"},"schema":{"@context":"https:\/\/schema.org","@graph":[{"@type":"WebPage","@id":"https:\/\/repliquemangacine.fr\/arme-kolser\/barillet-a-percussion-supplementaire-remington-1858-kolser\/","url":"https:\/\/repliquemangacine.fr\/arme-kolser\/barillet-a-percussion-supplementaire-remington-1858-kolser\/","name":"Cilindro de percusi\u00f3n suplementario Remington 1858 Kolser - R\u00e9plique Manga Cin\u00e9","isPartOf":{"@id":"https:\/\/repliquemangacine.fr\/#website"},"primaryImageOfPage":{"@id":"https:\/\/repliquemangacine.fr\/arme-kolser\/barillet-a-percussion-supplementaire-remington-1858-kolser\/#primaryimage"},"image":{"@id":"https:\/\/repliquemangacine.fr\/arme-kolser\/barillet-a-percussion-supplementaire-remington-1858-kolser\/#primaryimage"},"thumbnailUrl":"https:\/\/repliquemangacine.fr\/wp-content\/uploads\/2025\/06\/barillet-a-percussion.jpg","datePublished":"2025-06-22T15:25:20+00:00","dateModified":"2026-03-25T20:28:24+00:00","description":"Complete su r\u00e9plica de Remington 1858 con este ca\u00f1\u00f3n de percusi\u00f3n de repuesto Kolser. Acepta cebos de petardo. Todo de zamac","breadcrumb":{"@id":"https:\/\/repliquemangacine.fr\/arme-kolser\/barillet-a-percussion-supplementaire-remington-1858-kolser\/#breadcrumb"},"inLanguage":"es","potentialAction":[{"@type":"ReadAction","target":["https:\/\/repliquemangacine.fr\/arme-kolser\/barillet-a-percussion-supplementaire-remington-1858-kolser\/"]}]},{"@type":"ImageObject","inLanguage":"es","@id":"https:\/\/repliquemangacine.fr\/arme-kolser\/barillet-a-percussion-supplementaire-remington-1858-kolser\/#primaryimage","url":"https:\/\/repliquemangacine.fr\/wp-content\/uploads\/2025\/06\/barillet-a-percussion.jpg","contentUrl":"https:\/\/repliquemangacine.fr\/wp-content\/uploads\/2025\/06\/barillet-a-percussion.jpg","width":800,"height":800,"caption":"Barillet \u00e0 percussion suppl\u00e9mentaire pour Remington 1858"},{"@type":"BreadcrumbList","@id":"https:\/\/repliquemangacine.fr\/arme-kolser\/barillet-a-percussion-supplementaire-remington-1858-kolser\/#breadcrumb","itemListElement":[{"@type":"ListItem","position":1,"name":"Accueil","item":"https:\/\/repliquemangacine.fr\/"},{"@type":"ListItem","position":2,"name":"Produits","item":"https:\/\/repliquemangacine.fr\/boutique\/"},{"@type":"ListItem","position":3,"name":"Barillet \u00e0 percussion suppl\u00e9mentaire Remington 1858 Kolser"}]},{"@type":"WebSite","@id":"https:\/\/repliquemangacine.fr\/#website","url":"https:\/\/repliquemangacine.fr\/","name":"R\u00e9plique Manga Cin\u00e9","description":"","publisher":{"@id":"https:\/\/repliquemangacine.fr\/#organization"},"potentialAction":[{"@type":"SearchAction","target":{"@type":"EntryPoint","urlTemplate":"https:\/\/repliquemangacine.fr\/?s={search_term_string}"},"query-input":{"@type":"PropertyValueSpecification","valueRequired":true,"valueName":"search_term_string"}}],"inLanguage":"es"},{"@type":"Organization","@id":"https:\/\/repliquemangacine.fr\/#organization","name":"R\u00e9plique Manga Cin\u00e9","url":"https:\/\/repliquemangacine.fr\/","logo":{"@type":"ImageObject","inLanguage":"es","@id":"https:\/\/repliquemangacine.fr\/#\/schema\/logo\/image\/","url":"https:\/\/repliquemangacine.fr\/wp-content\/uploads\/2023\/10\/RMC-500250.png","contentUrl":"https:\/\/repliquemangacine.fr\/wp-content\/uploads\/2023\/10\/RMC-500250.png","width":500,"height":250,"caption":"R\u00e9plique Manga Cin\u00e9"},"image":{"@id":"https:\/\/repliquemangacine.fr\/#\/schema\/logo\/image\/"},"sameAs":["https:\/\/www.facebook.com\/RepliqueMangaCine","https:\/\/www.instagram.com\/repliquemangacine.fr\/"]}]}},"_links":{"self":[{"href":"https:\/\/repliquemangacine.fr\/es\/wp-json\/wp\/v2\/product\/85576","targetHints":{"allow":["GET"]}}],"collection":[{"href":"https:\/\/repliquemangacine.fr\/es\/wp-json\/wp\/v2\/product"}],"about":[{"href":"https:\/\/repliquemangacine.fr\/es\/wp-json\/wp\/v2\/types\/product"}],"wp:featuredmedia":[{"embeddable":true,"href":"https:\/\/repliquemangacine.fr\/es\/wp-json\/wp\/v2\/media\/85571"}],"wp:attachment":[{"href":"https:\/\/repliquemangacine.fr\/es\/wp-json\/wp\/v2\/media?parent=85576"}],"wp:term":[{"taxonomy":"product_brand","embeddable":true,"href":"https:\/\/repliquemangacine.fr\/es\/wp-json\/wp\/v2\/product_brand?post=85576"},{"taxonomy":"product_cat","embeddable":true,"href":"https:\/\/repliquemangacine.fr\/es\/wp-json\/wp\/v2\/product_cat?post=85576"},{"taxonomy":"product_tag","embeddable":true,"href":"https:\/\/repliquemangacine.fr\/es\/wp-json\/wp\/v2\/product_tag?post=85576"}],"curies":[{"name":"wp","href":"https:\/\/api.w.org\/{rel}","templated":true}]}}