





{"id":85567,"date":"2025-06-22T15:39:58","date_gmt":"2025-06-22T13:39:58","guid":{"rendered":"https:\/\/repliquemangacine.fr\/?post_type=product&#038;p=85567"},"modified":"2026-02-27T10:34:29","modified_gmt":"2026-02-27T09:34:29","slug":"balas-de-prueba-derringer-kolser","status":"publish","type":"product","link":"https:\/\/repliquemangacine.fr\/es\/arme-kolser\/balles-factices-derringer-kolser\/","title":{"rendered":"Bolas falsas Derringer Kolser"},"content":{"rendered":"<h2>Bolas falsas Derringer Kolser<\/h2>\n<p>Para empezar, las balas falsas Derringer Kolser o imitaciones de balas, objetos que a veces imitan de forma muy realista munici\u00f3n real. Las armas y balas falsas suelen ser juguetes o r\u00e9plicas destinadas a coleccionistas.<\/p>\n<p>Para completar tu r\u00e9plica de la pistola Derringer Kolser, elige estas balas de metal falsas, especialmente dise\u00f1adas para una compatibilidad perfecta. De hecho, estas municiones falsas permiten a\u00f1adir un cebador. De este modo, ofrecen una detonaci\u00f3n realista sin peligro. Gracias a esta caracter\u00edstica, disfrutar\u00e1s de una experiencia inmersiva. Ideal para los apasionados de la recreaci\u00f3n hist\u00f3rica, el cosplay western o el tiro con balas de fogueo escenificado. Adem\u00e1s, su fabricaci\u00f3n en metal les confiere un aspecto visual aut\u00e9ntico, lo que acent\u00faa a\u00fan m\u00e1s el realismo de su r\u00e9plica. A diferencia de otros modelos, estas balas son exclusivamente compatibles con las pistolas Kolser (no compatibles con Denix). Esto garantiza un ajuste y un funcionamiento \u00f3ptimos. Por \u00faltimo, con su excelente relaci\u00f3n calidad-precio, estas municiones son el accesorio indispensable para dar vida a tus escenas western.<\/p>\n<p>Las pistolas Derringer de doble ca\u00f1\u00f3n Kolser est\u00e1n fabricadas a mano y son de alta calidad. Las balas, fabricadas en acero dorado y metal gris, est\u00e1n ligeramente ahuecadas en la parte trasera y tienen una peque\u00f1a punta saliente. Coloque el detonador en esta punta, introduzca las balas en la rec\u00e1mara y dispare. En cuanto el perro golpee el detonador, \u00a1se producir\u00e1 una fuerte explosi\u00f3n! \u00a1Ahora le toca a usted!<\/p>\n<p>En conclusi\u00f3n, las balas de fogueo son un complemento esencial para dar m\u00e1s realismo a tu pistola de la marca Kolser. \u00a1Haz tu pedido ahora y mejora cada disparo con estilo y precisi\u00f3n!<\/p>\n<h2>Tus accesorios western al mejor precio.<\/h2>\n<p>Le ofrecemos una amplia selecci\u00f3n de reproducciones de armas falsas Kolser.<\/p>\n<p>Lo primero y m\u00e1s importante,<\/p>\n<ul>\n<li>En <a href=\"https:\/\/repliquemangacine.fr\/es\/replicas-de-armas-occidentales\/pistola-derringer-kolser\/\">Pistolas Derringer<\/a> doble ca\u00f1\u00f3n en diferentes versiones.<\/li>\n<li>As\u00ed como el <a href=\"https:\/\/repliquemangacine.fr\/es\/pistola-kolser\/estuche-colt-45-pulido-4-75-pulgadas-1873-kolser\/\">Colt 45 pulido<\/a> 4,75 pulgadas en una caja con seis bolas.<\/li>\n<li>Tambi\u00e9n existe la <a href=\"https:\/\/repliquemangacine.fr\/es\/pistola-kolser\/revolver-thunderer-laton\/\">Rev\u00f3lver Thunderer<\/a> de lat\u00f3n con su culata de n\u00e1car.<\/li>\n<li>Y muchos m\u00e1s por descubrir en nuestra tienda en l\u00ednea.<\/li>\n<\/ul>\n<p>Por eso es una magn\u00edfica idea de regalo para todos los amantes de las armas hist\u00f3ricas.<\/p>\n<p>En conclusi\u00f3n, puede utilizar estas balas falsas Derringer Kolser para sus recreaciones y decorados hist\u00f3ricos. Pero, ante todo, esta arma es una pieza de colecci\u00f3n y decoraci\u00f3n.<\/p>\n<p>R\u00e9plique Manga Cin\u00e9 es una empresa francesa, distribuidora oficial de las marcas <a href=\"https:\/\/kolser.com\/\" target=\"_blank\" rel=\"noopener noreferrer\">Kolser<\/a> y Denix.<\/p>","protected":false},"excerpt":{"rendered":"<p>Paquete de 6 balas de prueba para Derringer, un complemento esencial para un mayor realismo.<\/p>\n<ul>\n<li>En metal dorado y gris.<\/li>\n<li>Sin carga explosiva.<\/li>\n<li>Recibe petardos.<\/li>\n<li>Se adaptan a todos los modelos Derringer Kolser.<\/li>\n<li>Bolsa de 6 bolas.<\/li>\n<li>Longitud de la bola: 2 cm<\/li>\n<\/ul>","protected":false},"featured_media":85568,"template":"","meta":[],"product_brand":[896],"product_cat":[51,100,34,90],"product_tag":[],"class_list":{"0":"post-85567","1":"product","2":"type-product","3":"status-publish","4":"has-post-thumbnail","6":"product_brand-replique-manga-cine","7":"product_cat-accessoires-western","8":"product_cat-arme-kolser","9":"product_cat-armes-westerns","10":"product_cat-holster-accessoires-western","12":"first","13":"outofstock","14":"taxable","15":"shipping-taxable","16":"purchasable","17":"product-type-simple"},"yoast_head":"<!-- This site is optimized with the Yoast SEO plugin v27.4 - https:\/\/yoast.com\/product\/yoast-seo-wordpress\/ -->\n<title>Balles Factices Derringer Kolser - R\u00e9plique Manga Cin\u00e9<\/title>\n<meta name=\"description\" content=\"Venez d\u00e9couvrir les nouvelles Balles Factices Derringer Kolser. En m\u00e9tal dor\u00e9 et embout gris pour une parfaite illusion. Accepte les amorces p\u00eatards. 2 cm\" \/>\n<meta name=\"robots\" content=\"index, follow, max-snippet:-1, max-image-preview:large, max-video-preview:-1\" \/>\n<link rel=\"canonical\" href=\"https:\/\/repliquemangacine.fr\/es\/pistola-kolser\/balas-de-prueba-derringer-kolser\/\" \/>\n<meta property=\"og:locale\" content=\"es_ES\" \/>\n<meta property=\"og:type\" content=\"article\" \/>\n<meta property=\"og:title\" content=\"Balles Factices Derringer Kolser - R\u00e9plique Manga Cin\u00e9\" \/>\n<meta property=\"og:description\" content=\"Venez d\u00e9couvrir les nouvelles Balles Factices Derringer Kolser. En m\u00e9tal dor\u00e9 et embout gris pour une parfaite illusion. Accepte les amorces p\u00eatards. 2 cm\" \/>\n<meta property=\"og:url\" content=\"https:\/\/repliquemangacine.fr\/es\/pistola-kolser\/balas-de-prueba-derringer-kolser\/\" \/>\n<meta property=\"og:site_name\" content=\"R\u00e9plique Manga Cin\u00e9\" \/>\n<meta property=\"article:publisher\" content=\"https:\/\/www.facebook.com\/RepliqueMangaCine\" \/>\n<meta property=\"article:modified_time\" content=\"2026-02-27T09:34:29+00:00\" \/>\n<meta property=\"og:image\" content=\"https:\/\/repliquemangacine.fr\/wp-content\/uploads\/2025\/06\/balle-pour-derringer.jpg\" \/>\n\t<meta property=\"og:image:width\" content=\"800\" \/>\n\t<meta property=\"og:image:height\" content=\"800\" \/>\n\t<meta property=\"og:image:type\" content=\"image\/jpeg\" \/>\n<meta name=\"twitter:card\" content=\"summary_large_image\" \/>\n<meta name=\"twitter:label1\" content=\"Tiempo de lectura\" \/>\n\t<meta name=\"twitter:data1\" content=\"3 minutos\" \/>\n<script type=\"application\/ld+json\" class=\"yoast-schema-graph\">{\"@context\":\"https:\\\/\\\/schema.org\",\"@graph\":[{\"@type\":\"WebPage\",\"@id\":\"https:\\\/\\\/repliquemangacine.fr\\\/arme-kolser\\\/balles-factices-derringer-kolser\\\/\",\"url\":\"https:\\\/\\\/repliquemangacine.fr\\\/arme-kolser\\\/balles-factices-derringer-kolser\\\/\",\"name\":\"Balles Factices Derringer Kolser - R\u00e9plique Manga Cin\u00e9\",\"isPartOf\":{\"@id\":\"https:\\\/\\\/repliquemangacine.fr\\\/#website\"},\"primaryImageOfPage\":{\"@id\":\"https:\\\/\\\/repliquemangacine.fr\\\/arme-kolser\\\/balles-factices-derringer-kolser\\\/#primaryimage\"},\"image\":{\"@id\":\"https:\\\/\\\/repliquemangacine.fr\\\/arme-kolser\\\/balles-factices-derringer-kolser\\\/#primaryimage\"},\"thumbnailUrl\":\"https:\\\/\\\/repliquemangacine.fr\\\/wp-content\\\/uploads\\\/2025\\\/06\\\/balle-pour-derringer.jpg\",\"datePublished\":\"2025-06-22T13:39:58+00:00\",\"dateModified\":\"2026-02-27T09:34:29+00:00\",\"description\":\"Venez d\u00e9couvrir les nouvelles Balles Factices Derringer Kolser. En m\u00e9tal dor\u00e9 et embout gris pour une parfaite illusion. Accepte les amorces p\u00eatards. 2 cm\",\"breadcrumb\":{\"@id\":\"https:\\\/\\\/repliquemangacine.fr\\\/arme-kolser\\\/balles-factices-derringer-kolser\\\/#breadcrumb\"},\"inLanguage\":\"es\",\"potentialAction\":[{\"@type\":\"ReadAction\",\"target\":[\"https:\\\/\\\/repliquemangacine.fr\\\/arme-kolser\\\/balles-factices-derringer-kolser\\\/\"]}]},{\"@type\":\"ImageObject\",\"inLanguage\":\"es\",\"@id\":\"https:\\\/\\\/repliquemangacine.fr\\\/arme-kolser\\\/balles-factices-derringer-kolser\\\/#primaryimage\",\"url\":\"https:\\\/\\\/repliquemangacine.fr\\\/wp-content\\\/uploads\\\/2025\\\/06\\\/balle-pour-derringer.jpg\",\"contentUrl\":\"https:\\\/\\\/repliquemangacine.fr\\\/wp-content\\\/uploads\\\/2025\\\/06\\\/balle-pour-derringer.jpg\",\"width\":800,\"height\":800,\"caption\":\"Balles Factices Derringer Kolser\"},{\"@type\":\"BreadcrumbList\",\"@id\":\"https:\\\/\\\/repliquemangacine.fr\\\/arme-kolser\\\/balles-factices-derringer-kolser\\\/#breadcrumb\",\"itemListElement\":[{\"@type\":\"ListItem\",\"position\":1,\"name\":\"Accueil\",\"item\":\"https:\\\/\\\/repliquemangacine.fr\\\/\"},{\"@type\":\"ListItem\",\"position\":2,\"name\":\"Produits\",\"item\":\"https:\\\/\\\/repliquemangacine.fr\\\/boutique\\\/\"},{\"@type\":\"ListItem\",\"position\":3,\"name\":\"Balles Factices Derringer Kolser\"}]},{\"@type\":\"WebSite\",\"@id\":\"https:\\\/\\\/repliquemangacine.fr\\\/#website\",\"url\":\"https:\\\/\\\/repliquemangacine.fr\\\/\",\"name\":\"R\u00e9plique Manga Cin\u00e9\",\"description\":\"\",\"publisher\":{\"@id\":\"https:\\\/\\\/repliquemangacine.fr\\\/#organization\"},\"potentialAction\":[{\"@type\":\"SearchAction\",\"target\":{\"@type\":\"EntryPoint\",\"urlTemplate\":\"https:\\\/\\\/repliquemangacine.fr\\\/?s={search_term_string}\"},\"query-input\":{\"@type\":\"PropertyValueSpecification\",\"valueRequired\":true,\"valueName\":\"search_term_string\"}}],\"inLanguage\":\"es\"},{\"@type\":\"Organization\",\"@id\":\"https:\\\/\\\/repliquemangacine.fr\\\/#organization\",\"name\":\"R\u00e9plique Manga Cin\u00e9\",\"url\":\"https:\\\/\\\/repliquemangacine.fr\\\/\",\"logo\":{\"@type\":\"ImageObject\",\"inLanguage\":\"es\",\"@id\":\"https:\\\/\\\/repliquemangacine.fr\\\/#\\\/schema\\\/logo\\\/image\\\/\",\"url\":\"https:\\\/\\\/repliquemangacine.fr\\\/wp-content\\\/uploads\\\/2023\\\/10\\\/RMC-500250.png\",\"contentUrl\":\"https:\\\/\\\/repliquemangacine.fr\\\/wp-content\\\/uploads\\\/2023\\\/10\\\/RMC-500250.png\",\"width\":500,\"height\":250,\"caption\":\"R\u00e9plique Manga Cin\u00e9\"},\"image\":{\"@id\":\"https:\\\/\\\/repliquemangacine.fr\\\/#\\\/schema\\\/logo\\\/image\\\/\"},\"sameAs\":[\"https:\\\/\\\/www.facebook.com\\\/RepliqueMangaCine\",\"https:\\\/\\\/www.instagram.com\\\/repliquemangacine.fr\\\/\"]}]}<\/script>\n<!-- \/ Yoast SEO plugin. -->","yoast_head_json":{"title":"Bolas Maniqu\u00ed Derringer Kolser - R\u00e9plique Manga Cin\u00e9","description":"Descubra las nuevas Derringer Kolser Dummy Balls. Fabricadas en metal dorado con punta gris para una ilusi\u00f3n perfecta. Acepta cebos. 2 cm","robots":{"index":"index","follow":"follow","max-snippet":"max-snippet:-1","max-image-preview":"max-image-preview:large","max-video-preview":"max-video-preview:-1"},"canonical":"https:\/\/repliquemangacine.fr\/es\/pistola-kolser\/balas-de-prueba-derringer-kolser\/","og_locale":"es_ES","og_type":"article","og_title":"Balles Factices Derringer Kolser - R\u00e9plique Manga Cin\u00e9","og_description":"Venez d\u00e9couvrir les nouvelles Balles Factices Derringer Kolser. En m\u00e9tal dor\u00e9 et embout gris pour une parfaite illusion. Accepte les amorces p\u00eatards. 2 cm","og_url":"https:\/\/repliquemangacine.fr\/es\/pistola-kolser\/balas-de-prueba-derringer-kolser\/","og_site_name":"R\u00e9plique Manga Cin\u00e9","article_publisher":"https:\/\/www.facebook.com\/RepliqueMangaCine","article_modified_time":"2026-02-27T09:34:29+00:00","og_image":[{"width":800,"height":800,"url":"https:\/\/repliquemangacine.fr\/wp-content\/uploads\/2025\/06\/balle-pour-derringer.jpg","type":"image\/jpeg"}],"twitter_card":"summary_large_image","twitter_misc":{"Tiempo de lectura":"3 minutos"},"schema":{"@context":"https:\/\/schema.org","@graph":[{"@type":"WebPage","@id":"https:\/\/repliquemangacine.fr\/arme-kolser\/balles-factices-derringer-kolser\/","url":"https:\/\/repliquemangacine.fr\/arme-kolser\/balles-factices-derringer-kolser\/","name":"Bolas Maniqu\u00ed Derringer Kolser - R\u00e9plique Manga Cin\u00e9","isPartOf":{"@id":"https:\/\/repliquemangacine.fr\/#website"},"primaryImageOfPage":{"@id":"https:\/\/repliquemangacine.fr\/arme-kolser\/balles-factices-derringer-kolser\/#primaryimage"},"image":{"@id":"https:\/\/repliquemangacine.fr\/arme-kolser\/balles-factices-derringer-kolser\/#primaryimage"},"thumbnailUrl":"https:\/\/repliquemangacine.fr\/wp-content\/uploads\/2025\/06\/balle-pour-derringer.jpg","datePublished":"2025-06-22T13:39:58+00:00","dateModified":"2026-02-27T09:34:29+00:00","description":"Descubra las nuevas Derringer Kolser Dummy Balls. Fabricadas en metal dorado con punta gris para una ilusi\u00f3n perfecta. Acepta cebos. 2 cm","breadcrumb":{"@id":"https:\/\/repliquemangacine.fr\/arme-kolser\/balles-factices-derringer-kolser\/#breadcrumb"},"inLanguage":"es","potentialAction":[{"@type":"ReadAction","target":["https:\/\/repliquemangacine.fr\/arme-kolser\/balles-factices-derringer-kolser\/"]}]},{"@type":"ImageObject","inLanguage":"es","@id":"https:\/\/repliquemangacine.fr\/arme-kolser\/balles-factices-derringer-kolser\/#primaryimage","url":"https:\/\/repliquemangacine.fr\/wp-content\/uploads\/2025\/06\/balle-pour-derringer.jpg","contentUrl":"https:\/\/repliquemangacine.fr\/wp-content\/uploads\/2025\/06\/balle-pour-derringer.jpg","width":800,"height":800,"caption":"Balles Factices Derringer Kolser"},{"@type":"BreadcrumbList","@id":"https:\/\/repliquemangacine.fr\/arme-kolser\/balles-factices-derringer-kolser\/#breadcrumb","itemListElement":[{"@type":"ListItem","position":1,"name":"Accueil","item":"https:\/\/repliquemangacine.fr\/"},{"@type":"ListItem","position":2,"name":"Produits","item":"https:\/\/repliquemangacine.fr\/boutique\/"},{"@type":"ListItem","position":3,"name":"Balles Factices Derringer Kolser"}]},{"@type":"WebSite","@id":"https:\/\/repliquemangacine.fr\/#website","url":"https:\/\/repliquemangacine.fr\/","name":"R\u00e9plique Manga Cin\u00e9","description":"","publisher":{"@id":"https:\/\/repliquemangacine.fr\/#organization"},"potentialAction":[{"@type":"SearchAction","target":{"@type":"EntryPoint","urlTemplate":"https:\/\/repliquemangacine.fr\/?s={search_term_string}"},"query-input":{"@type":"PropertyValueSpecification","valueRequired":true,"valueName":"search_term_string"}}],"inLanguage":"es"},{"@type":"Organization","@id":"https:\/\/repliquemangacine.fr\/#organization","name":"R\u00e9plique Manga Cin\u00e9","url":"https:\/\/repliquemangacine.fr\/","logo":{"@type":"ImageObject","inLanguage":"es","@id":"https:\/\/repliquemangacine.fr\/#\/schema\/logo\/image\/","url":"https:\/\/repliquemangacine.fr\/wp-content\/uploads\/2023\/10\/RMC-500250.png","contentUrl":"https:\/\/repliquemangacine.fr\/wp-content\/uploads\/2023\/10\/RMC-500250.png","width":500,"height":250,"caption":"R\u00e9plique Manga Cin\u00e9"},"image":{"@id":"https:\/\/repliquemangacine.fr\/#\/schema\/logo\/image\/"},"sameAs":["https:\/\/www.facebook.com\/RepliqueMangaCine","https:\/\/www.instagram.com\/repliquemangacine.fr\/"]}]}},"_links":{"self":[{"href":"https:\/\/repliquemangacine.fr\/es\/wp-json\/wp\/v2\/product\/85567","targetHints":{"allow":["GET"]}}],"collection":[{"href":"https:\/\/repliquemangacine.fr\/es\/wp-json\/wp\/v2\/product"}],"about":[{"href":"https:\/\/repliquemangacine.fr\/es\/wp-json\/wp\/v2\/types\/product"}],"wp:featuredmedia":[{"embeddable":true,"href":"https:\/\/repliquemangacine.fr\/es\/wp-json\/wp\/v2\/media\/85568"}],"wp:attachment":[{"href":"https:\/\/repliquemangacine.fr\/es\/wp-json\/wp\/v2\/media?parent=85567"}],"wp:term":[{"taxonomy":"product_brand","embeddable":true,"href":"https:\/\/repliquemangacine.fr\/es\/wp-json\/wp\/v2\/product_brand?post=85567"},{"taxonomy":"product_cat","embeddable":true,"href":"https:\/\/repliquemangacine.fr\/es\/wp-json\/wp\/v2\/product_cat?post=85567"},{"taxonomy":"product_tag","embeddable":true,"href":"https:\/\/repliquemangacine.fr\/es\/wp-json\/wp\/v2\/product_tag?post=85567"}],"curies":[{"name":"wp","href":"https:\/\/api.w.org\/{rel}","templated":true}]}}