





{"id":85389,"date":"2025-06-19T16:32:37","date_gmt":"2025-06-19T14:32:37","guid":{"rendered":"https:\/\/repliquemangacine.fr\/?post_type=product&#038;p=85389"},"modified":"2026-02-19T10:20:28","modified_gmt":"2026-02-19T09:20:28","slug":"luna-oscura-greatsword-metal-elden-ring","status":"publish","type":"product","link":"https:\/\/repliquemangacine.fr\/es\/elden-ring\/dark-moon-greatsword-metal-elden-ring\/","title":{"rendered":"Dark Moon Greatsword Metal"},"content":{"rendered":"<h2>Impresionante r\u00e9plica met\u00e1lica de la Espada de la Luna Oscura<\/h2>\n<p>En primer lugar, aqu\u00ed est\u00e1 la r\u00e9plica 1:1 del legendario <strong>Dark Moon Greatsword Metal<\/strong> de la obra maestra <a href=\"https:\/\/eldenring.fandom.com\/fr\/wiki\/Wiki_Elden_Ring\" target=\"_blank\" rel=\"noopener noreferrer\">Anillo Elden<\/a>Es ultra fiel y espectacular. Su hoja de acero inoxidable azulado brilla intensamente, con un grabado floral en relieve que evoca la magia lunar del juego. La guarda y la empu\u00f1adura est\u00e1n finamente esculpidas en acero, ofreciendo un acabado de alta gama para coleccionistas exigentes. Con una hoja de 89,5 cm y una longitud total de 122 cm, esta imponente espada desprende un aura \u00fanica y legendaria. Se entrega con un soporte de pared de madera decorado con el logotipo de Elden Ring, la forma perfecta de lucirla. Adem\u00e1s, su peso de 3565 g garantiza un agarre realista, ideal para exposiciones o cosplay. As\u00ed que a\u00f1ada ya esta pieza m\u00edtica a su colecci\u00f3n y quedar\u00e1 impresionado desde el primer momento.<\/p>\n<h2>Un arma m\u00edtica en el coraz\u00f3n del Anillo de Elden<\/h2>\n<p>El Espad\u00f3n de la Luna Oscura es una de las armas m\u00e1s emblem\u00e1ticas y codiciadas del oscuro y m\u00edstico mundo de Elden Ring. Representa la herencia m\u00e1gica de la bruja Ranni, y encarna el poder de las estrellas y la luna eterna. As\u00ed que es mucho m\u00e1s que una espada: es un s\u00edmbolo de sabidur\u00eda, magia y destino, reservado a los elegidos por la inteligencia. \u00bfQu\u00e9 la hace especial? Desata oleadas de magia lunar, infligiendo un espectacular da\u00f1o de escarcha a distancia. Inspirada en la antigua Moonlight Greatsword, vincula Elden Ring a las leyendas de otros juegos de FromSoftware. Es a la vez majestuosa y mortal, y cada detalle de esta r\u00e9plica es un homenaje fiel y vibrante a ella. Poseer esta espada es demostrar tu pasi\u00f3n por un universo complejo, misterioso e incre\u00edblemente rico.<\/p>\n<h2>Otras espadas Elden Ring disponibles en R\u00e9plique Manga Cin\u00e9<\/h2>\n<p>En R\u00e9plique Manga Cin\u00e9, descubre tambi\u00e9n una versi\u00f3n <a href=\"https:\/\/repliquemangacine.fr\/es\/anillo-elden\/espada-luna-oscura-gran-espada-anillo-elden\/\">Gran Espada Luna Oscura de fibra de vidrio<\/a>Ligero y perfecto para cosplay. \u00bfQuieres potencia bruta? Elige el <a href=\"https:\/\/repliquemangacine.fr\/es\/anillo-elden\/colmillo-sabueso-elden-anillo-espada\/\">Colmillo de sabueso<\/a>con su hoja curva martillada color bronce, cruda y bestial. \u00bfPrefieres la elegancia? Opte por el <a href=\"https:\/\/repliquemangacine.fr\/es\/anillo-elden\/anillo-rapiere-de-rogier-elden\/\">Estoque Rogier<\/a>con su hoja estriada y sus magn\u00edficos grabados en oro. Sin olvidar el imprescindible <a href=\"https:\/\/repliquemangacine.fr\/es\/anillo-elden\/katana-moonveil-en-anillo-elden\/\">Katana Moonveil<\/a>, de acero 440 en dos tonos, con una guarda de estilo envejecido, inspirada en los samur\u00e1is lunares. Y eso no es todo: otras armas legendarias de Elden Ring te esperan en nuestra colecci\u00f3n, todas ellas con un gran nivel de detalle.<br \/>\nEn conclusi\u00f3n, R\u00e9plique Manga Cin\u00e9 es la referencia para los amantes de la fantas\u00eda y los juegos de rol oscuros que buscan objetos \u00fanicos. \u00a1No esperes m\u00e1s, visita nuestra tienda y sum\u00e9rgete en el universo de Elden Ring como nunca antes!<\/p>","protected":false},"excerpt":{"rendered":"<p>Magn\u00edfica r\u00e9plica del Gran Espad\u00f3n de la Luna Oscura del juego Elden Ring<\/p>\n<p><strong>R\u00e9plica a escala 1:1<\/strong><\/p>\n<ul>\n<li>Hoja de acero inoxidable de alta calidad, acabado pavonado.<\/li>\n<li>Grabado floral en relieve en la hoja<\/li>\n<li>Empu\u00f1adura y pu\u00f1o de acero tallado.<\/li>\n<li>Se suministra con soporte de pared de madera con el logotipo de Elden Ring<\/li>\n<li>Longitud de la hoja: 89,5 cm - Longitud total: 122 cm<\/li>\n<li>Peso: 3565 g<\/li>\n<\/ul>","protected":false},"featured_media":85390,"template":"","meta":[],"product_brand":[896],"product_cat":[876,23],"product_tag":[],"class_list":{"0":"post-85389","1":"product","2":"type-product","3":"status-publish","4":"has-post-thumbnail","6":"product_brand-replique-manga-cine","7":"product_cat-elden-ring","8":"product_cat-repliques-manga-jeux-video","10":"first","11":"instock","12":"taxable","13":"shipping-taxable","14":"purchasable","15":"product-type-simple"},"yoast_head":"<!-- This site is optimized with the Yoast SEO plugin v27.4 - https:\/\/yoast.com\/product\/yoast-seo-wordpress\/ -->\n<title>Dark Moon Greatsword M\u00e9tal - R\u00e9plique Manga Cin\u00e9<\/title>\n<meta name=\"description\" content=\"R\u00e9plique 1:1 de la Dark Moon Greatsword M\u00e9tal d\u2019Elden Ring. Lame bleut\u00e9e, gravures, support mural. Une pi\u00e8ce de collection \u00e9pique et d\u00e9taill\u00e9e.\" \/>\n<meta name=\"robots\" content=\"index, follow, max-snippet:-1, max-image-preview:large, max-video-preview:-1\" \/>\n<link rel=\"canonical\" href=\"https:\/\/repliquemangacine.fr\/es\/anillo-elden\/luna-oscura-greatsword-metal-elden-ring\/\" \/>\n<meta property=\"og:locale\" content=\"es_ES\" \/>\n<meta property=\"og:type\" content=\"article\" \/>\n<meta property=\"og:title\" content=\"Dark Moon Greatsword M\u00e9tal - R\u00e9plique Manga Cin\u00e9\" \/>\n<meta property=\"og:description\" content=\"R\u00e9plique 1:1 de la Dark Moon Greatsword M\u00e9tal d\u2019Elden Ring. Lame bleut\u00e9e, gravures, support mural. Une pi\u00e8ce de collection \u00e9pique et d\u00e9taill\u00e9e.\" \/>\n<meta property=\"og:url\" content=\"https:\/\/repliquemangacine.fr\/es\/anillo-elden\/luna-oscura-greatsword-metal-elden-ring\/\" \/>\n<meta property=\"og:site_name\" content=\"R\u00e9plique Manga Cin\u00e9\" \/>\n<meta property=\"article:publisher\" content=\"https:\/\/www.facebook.com\/RepliqueMangaCine\" \/>\n<meta property=\"article:modified_time\" content=\"2026-02-19T09:20:28+00:00\" \/>\n<meta property=\"og:image\" content=\"https:\/\/repliquemangacine.fr\/wp-content\/uploads\/2025\/06\/Dark-Moon-Greatsword-metal.jpg\" \/>\n\t<meta property=\"og:image:width\" content=\"700\" \/>\n\t<meta property=\"og:image:height\" content=\"700\" \/>\n\t<meta property=\"og:image:type\" content=\"image\/jpeg\" \/>\n<meta name=\"twitter:card\" content=\"summary_large_image\" \/>\n<meta name=\"twitter:label1\" content=\"Tiempo de lectura\" \/>\n\t<meta name=\"twitter:data1\" content=\"3 minutos\" \/>\n<script type=\"application\/ld+json\" class=\"yoast-schema-graph\">{\"@context\":\"https:\\\/\\\/schema.org\",\"@graph\":[{\"@type\":\"WebPage\",\"@id\":\"https:\\\/\\\/repliquemangacine.fr\\\/elden-ring\\\/dark-moon-greatsword-metal-elden-ring\\\/\",\"url\":\"https:\\\/\\\/repliquemangacine.fr\\\/elden-ring\\\/dark-moon-greatsword-metal-elden-ring\\\/\",\"name\":\"Dark Moon Greatsword M\u00e9tal - R\u00e9plique Manga Cin\u00e9\",\"isPartOf\":{\"@id\":\"https:\\\/\\\/repliquemangacine.fr\\\/#website\"},\"primaryImageOfPage\":{\"@id\":\"https:\\\/\\\/repliquemangacine.fr\\\/elden-ring\\\/dark-moon-greatsword-metal-elden-ring\\\/#primaryimage\"},\"image\":{\"@id\":\"https:\\\/\\\/repliquemangacine.fr\\\/elden-ring\\\/dark-moon-greatsword-metal-elden-ring\\\/#primaryimage\"},\"thumbnailUrl\":\"https:\\\/\\\/repliquemangacine.fr\\\/wp-content\\\/uploads\\\/2025\\\/06\\\/Dark-Moon-Greatsword-metal.jpg\",\"datePublished\":\"2025-06-19T14:32:37+00:00\",\"dateModified\":\"2026-02-19T09:20:28+00:00\",\"description\":\"R\u00e9plique 1:1 de la Dark Moon Greatsword M\u00e9tal d\u2019Elden Ring. Lame bleut\u00e9e, gravures, support mural. Une pi\u00e8ce de collection \u00e9pique et d\u00e9taill\u00e9e.\",\"breadcrumb\":{\"@id\":\"https:\\\/\\\/repliquemangacine.fr\\\/elden-ring\\\/dark-moon-greatsword-metal-elden-ring\\\/#breadcrumb\"},\"inLanguage\":\"es\",\"potentialAction\":[{\"@type\":\"ReadAction\",\"target\":[\"https:\\\/\\\/repliquemangacine.fr\\\/elden-ring\\\/dark-moon-greatsword-metal-elden-ring\\\/\"]}]},{\"@type\":\"ImageObject\",\"inLanguage\":\"es\",\"@id\":\"https:\\\/\\\/repliquemangacine.fr\\\/elden-ring\\\/dark-moon-greatsword-metal-elden-ring\\\/#primaryimage\",\"url\":\"https:\\\/\\\/repliquemangacine.fr\\\/wp-content\\\/uploads\\\/2025\\\/06\\\/Dark-Moon-Greatsword-metal.jpg\",\"contentUrl\":\"https:\\\/\\\/repliquemangacine.fr\\\/wp-content\\\/uploads\\\/2025\\\/06\\\/Dark-Moon-Greatsword-metal.jpg\",\"width\":700,\"height\":700,\"caption\":\"Dark Moon Greatsword M\u00e9tal\"},{\"@type\":\"BreadcrumbList\",\"@id\":\"https:\\\/\\\/repliquemangacine.fr\\\/elden-ring\\\/dark-moon-greatsword-metal-elden-ring\\\/#breadcrumb\",\"itemListElement\":[{\"@type\":\"ListItem\",\"position\":1,\"name\":\"Accueil\",\"item\":\"https:\\\/\\\/repliquemangacine.fr\\\/\"},{\"@type\":\"ListItem\",\"position\":2,\"name\":\"Produits\",\"item\":\"https:\\\/\\\/repliquemangacine.fr\\\/boutique\\\/\"},{\"@type\":\"ListItem\",\"position\":3,\"name\":\"Dark Moon Greatsword M\u00e9tal\"}]},{\"@type\":\"WebSite\",\"@id\":\"https:\\\/\\\/repliquemangacine.fr\\\/#website\",\"url\":\"https:\\\/\\\/repliquemangacine.fr\\\/\",\"name\":\"R\u00e9plique Manga Cin\u00e9\",\"description\":\"\",\"publisher\":{\"@id\":\"https:\\\/\\\/repliquemangacine.fr\\\/#organization\"},\"potentialAction\":[{\"@type\":\"SearchAction\",\"target\":{\"@type\":\"EntryPoint\",\"urlTemplate\":\"https:\\\/\\\/repliquemangacine.fr\\\/?s={search_term_string}\"},\"query-input\":{\"@type\":\"PropertyValueSpecification\",\"valueRequired\":true,\"valueName\":\"search_term_string\"}}],\"inLanguage\":\"es\"},{\"@type\":\"Organization\",\"@id\":\"https:\\\/\\\/repliquemangacine.fr\\\/#organization\",\"name\":\"R\u00e9plique Manga Cin\u00e9\",\"url\":\"https:\\\/\\\/repliquemangacine.fr\\\/\",\"logo\":{\"@type\":\"ImageObject\",\"inLanguage\":\"es\",\"@id\":\"https:\\\/\\\/repliquemangacine.fr\\\/#\\\/schema\\\/logo\\\/image\\\/\",\"url\":\"https:\\\/\\\/repliquemangacine.fr\\\/wp-content\\\/uploads\\\/2023\\\/10\\\/RMC-500250.png\",\"contentUrl\":\"https:\\\/\\\/repliquemangacine.fr\\\/wp-content\\\/uploads\\\/2023\\\/10\\\/RMC-500250.png\",\"width\":500,\"height\":250,\"caption\":\"R\u00e9plique Manga Cin\u00e9\"},\"image\":{\"@id\":\"https:\\\/\\\/repliquemangacine.fr\\\/#\\\/schema\\\/logo\\\/image\\\/\"},\"sameAs\":[\"https:\\\/\\\/www.facebook.com\\\/RepliqueMangaCine\",\"https:\\\/\\\/www.instagram.com\\\/repliquemangacine.fr\\\/\"]}]}<\/script>\n<!-- \/ Yoast SEO plugin. -->","yoast_head_json":{"title":"Gran Espada de Metal Luna Oscura - R\u00e9plique Manga Cin\u00e9","description":"R\u00e9plica 1:1 de la espada de metal Dark Moon Greatsword de Elden Ring. Hoja pavonada, grabados, soporte de pared. Una pieza de coleccionista \u00e9pica y detallada.","robots":{"index":"index","follow":"follow","max-snippet":"max-snippet:-1","max-image-preview":"max-image-preview:large","max-video-preview":"max-video-preview:-1"},"canonical":"https:\/\/repliquemangacine.fr\/es\/anillo-elden\/luna-oscura-greatsword-metal-elden-ring\/","og_locale":"es_ES","og_type":"article","og_title":"Dark Moon Greatsword M\u00e9tal - R\u00e9plique Manga Cin\u00e9","og_description":"R\u00e9plique 1:1 de la Dark Moon Greatsword M\u00e9tal d\u2019Elden Ring. Lame bleut\u00e9e, gravures, support mural. Une pi\u00e8ce de collection \u00e9pique et d\u00e9taill\u00e9e.","og_url":"https:\/\/repliquemangacine.fr\/es\/anillo-elden\/luna-oscura-greatsword-metal-elden-ring\/","og_site_name":"R\u00e9plique Manga Cin\u00e9","article_publisher":"https:\/\/www.facebook.com\/RepliqueMangaCine","article_modified_time":"2026-02-19T09:20:28+00:00","og_image":[{"width":700,"height":700,"url":"https:\/\/repliquemangacine.fr\/wp-content\/uploads\/2025\/06\/Dark-Moon-Greatsword-metal.jpg","type":"image\/jpeg"}],"twitter_card":"summary_large_image","twitter_misc":{"Tiempo de lectura":"3 minutos"},"schema":{"@context":"https:\/\/schema.org","@graph":[{"@type":"WebPage","@id":"https:\/\/repliquemangacine.fr\/elden-ring\/dark-moon-greatsword-metal-elden-ring\/","url":"https:\/\/repliquemangacine.fr\/elden-ring\/dark-moon-greatsword-metal-elden-ring\/","name":"Gran Espada de Metal Luna Oscura - R\u00e9plique Manga Cin\u00e9","isPartOf":{"@id":"https:\/\/repliquemangacine.fr\/#website"},"primaryImageOfPage":{"@id":"https:\/\/repliquemangacine.fr\/elden-ring\/dark-moon-greatsword-metal-elden-ring\/#primaryimage"},"image":{"@id":"https:\/\/repliquemangacine.fr\/elden-ring\/dark-moon-greatsword-metal-elden-ring\/#primaryimage"},"thumbnailUrl":"https:\/\/repliquemangacine.fr\/wp-content\/uploads\/2025\/06\/Dark-Moon-Greatsword-metal.jpg","datePublished":"2025-06-19T14:32:37+00:00","dateModified":"2026-02-19T09:20:28+00:00","description":"R\u00e9plica 1:1 de la espada de metal Dark Moon Greatsword de Elden Ring. Hoja pavonada, grabados, soporte de pared. Una pieza de coleccionista \u00e9pica y detallada.","breadcrumb":{"@id":"https:\/\/repliquemangacine.fr\/elden-ring\/dark-moon-greatsword-metal-elden-ring\/#breadcrumb"},"inLanguage":"es","potentialAction":[{"@type":"ReadAction","target":["https:\/\/repliquemangacine.fr\/elden-ring\/dark-moon-greatsword-metal-elden-ring\/"]}]},{"@type":"ImageObject","inLanguage":"es","@id":"https:\/\/repliquemangacine.fr\/elden-ring\/dark-moon-greatsword-metal-elden-ring\/#primaryimage","url":"https:\/\/repliquemangacine.fr\/wp-content\/uploads\/2025\/06\/Dark-Moon-Greatsword-metal.jpg","contentUrl":"https:\/\/repliquemangacine.fr\/wp-content\/uploads\/2025\/06\/Dark-Moon-Greatsword-metal.jpg","width":700,"height":700,"caption":"Dark Moon Greatsword M\u00e9tal"},{"@type":"BreadcrumbList","@id":"https:\/\/repliquemangacine.fr\/elden-ring\/dark-moon-greatsword-metal-elden-ring\/#breadcrumb","itemListElement":[{"@type":"ListItem","position":1,"name":"Accueil","item":"https:\/\/repliquemangacine.fr\/"},{"@type":"ListItem","position":2,"name":"Produits","item":"https:\/\/repliquemangacine.fr\/boutique\/"},{"@type":"ListItem","position":3,"name":"Dark Moon Greatsword M\u00e9tal"}]},{"@type":"WebSite","@id":"https:\/\/repliquemangacine.fr\/#website","url":"https:\/\/repliquemangacine.fr\/","name":"R\u00e9plique Manga Cin\u00e9","description":"","publisher":{"@id":"https:\/\/repliquemangacine.fr\/#organization"},"potentialAction":[{"@type":"SearchAction","target":{"@type":"EntryPoint","urlTemplate":"https:\/\/repliquemangacine.fr\/?s={search_term_string}"},"query-input":{"@type":"PropertyValueSpecification","valueRequired":true,"valueName":"search_term_string"}}],"inLanguage":"es"},{"@type":"Organization","@id":"https:\/\/repliquemangacine.fr\/#organization","name":"R\u00e9plique Manga Cin\u00e9","url":"https:\/\/repliquemangacine.fr\/","logo":{"@type":"ImageObject","inLanguage":"es","@id":"https:\/\/repliquemangacine.fr\/#\/schema\/logo\/image\/","url":"https:\/\/repliquemangacine.fr\/wp-content\/uploads\/2023\/10\/RMC-500250.png","contentUrl":"https:\/\/repliquemangacine.fr\/wp-content\/uploads\/2023\/10\/RMC-500250.png","width":500,"height":250,"caption":"R\u00e9plique Manga Cin\u00e9"},"image":{"@id":"https:\/\/repliquemangacine.fr\/#\/schema\/logo\/image\/"},"sameAs":["https:\/\/www.facebook.com\/RepliqueMangaCine","https:\/\/www.instagram.com\/repliquemangacine.fr\/"]}]}},"_links":{"self":[{"href":"https:\/\/repliquemangacine.fr\/es\/wp-json\/wp\/v2\/product\/85389","targetHints":{"allow":["GET"]}}],"collection":[{"href":"https:\/\/repliquemangacine.fr\/es\/wp-json\/wp\/v2\/product"}],"about":[{"href":"https:\/\/repliquemangacine.fr\/es\/wp-json\/wp\/v2\/types\/product"}],"wp:featuredmedia":[{"embeddable":true,"href":"https:\/\/repliquemangacine.fr\/es\/wp-json\/wp\/v2\/media\/85390"}],"wp:attachment":[{"href":"https:\/\/repliquemangacine.fr\/es\/wp-json\/wp\/v2\/media?parent=85389"}],"wp:term":[{"taxonomy":"product_brand","embeddable":true,"href":"https:\/\/repliquemangacine.fr\/es\/wp-json\/wp\/v2\/product_brand?post=85389"},{"taxonomy":"product_cat","embeddable":true,"href":"https:\/\/repliquemangacine.fr\/es\/wp-json\/wp\/v2\/product_cat?post=85389"},{"taxonomy":"product_tag","embeddable":true,"href":"https:\/\/repliquemangacine.fr\/es\/wp-json\/wp\/v2\/product_tag?post=85389"}],"curies":[{"name":"wp","href":"https:\/\/api.w.org\/{rel}","templated":true}]}}