





{"id":85360,"date":"2025-06-17T20:01:42","date_gmt":"2025-06-17T18:01:42","guid":{"rendered":"https:\/\/repliquemangacine.fr\/?post_type=product&#038;p=85360"},"modified":"2026-02-23T09:46:44","modified_gmt":"2026-02-23T08:46:44","slug":"remington-1858-convertido-kolser","status":"publish","type":"product","link":"https:\/\/repliquemangacine.fr\/es\/arme-kolser\/remington-1858-converti-kolser\/","title":{"rendered":"Remington 1858 convertida - Kolser"},"content":{"rendered":"<h2>Remington 1858 convertida a cartuchos - Cuando el Salvaje Oeste se moderniza<\/h2>\n<p>En primer lugar, el <strong>Remington 1858 convertida<\/strong>, Se trata de una respuesta l\u00f3gica a la necesidad de una recarga m\u00e1s r\u00e1pida y eficaz.<\/p>\n<p>A finales de la d\u00e9cada de 1860, el mundo de las armas de fuego experimentaba una revoluci\u00f3n. Aparecen los cartuchos met\u00e1licos. Ofrec\u00edan un ahorro de tiempo, una fiabilidad y una seguridad inigualables. Los rev\u00f3lveres de percusi\u00f3n, como el Remington 1858, quedaron obsoletos ante esta innovaci\u00f3n. Para seguir siendo competitivos, Remington transform\u00f3 sus modelos existentes. En efecto, modificando su estructura para permitir el disparo de cartuchos met\u00e1licos. Esta Remington 1858 transformada encarna este periodo crucial en la historia de las armas de fuego. Un arma h\u00edbrida, entre el tiro tradicional con p\u00f3lvora negra y la bal\u00edstica moderna. Una pieza fascinante, s\u00edmbolo del paso al Oeste mecanizado.<\/p>\n<h2>Una transformaci\u00f3n t\u00e9cnica discreta pero decisiva<\/h2>\n<p>Exteriormente, esta versi\u00f3n transformada conserva toda la elegancia y el aspecto del modelo de percusi\u00f3n. Pero si se observa m\u00e1s de cerca, incorpora algunos cambios clave: una rec\u00e1mara cerrada, una compuerta de carga en el lado derecho y un extractor para expulsar los casquillos. Estos ajustes permiten cargar cartuchos met\u00e1licos directamente desde la parte trasera del ca\u00f1\u00f3n, sin palanca de carga ni cebadores. Este sistema hace que el arma sea m\u00e1s r\u00e1pida, limpia y f\u00e1cil de usar en pleno combate. El cilindro puede modificarse o sustituirse en funci\u00f3n de la conversi\u00f3n, pero generalmente se mantiene en 6 disparos. <a href=\"https:\/\/kolser.com\/fr\/produit\/replica-remington-1858-converted\/\" target=\"_blank\" rel=\"noopener noreferrer\">Kolser<\/a> ofrece a coleccionistas y aficionados la oportunidad de poseer una pieza funcional de la historia, recreada con extrema atenci\u00f3n al detalle y un profundo respeto por la autenticidad del dise\u00f1o original.<\/p>\n<h2>Una pieza hist\u00f3rica y funcional para todos los entusiastas del Oeste americano<\/h2>\n<p>Este Remington 1858 reconvertido es mucho m\u00e1s que un rev\u00f3lver decorativo: es testigo de un punto de inflexi\u00f3n decisivo en la historia de las armas de fuego. Con su silueta ic\u00f3nica y su mecanismo de cartucho, encarna el Salvaje Oeste en su versi\u00f3n m\u00e1s moderna. La de los cazarrecompensas, pistoleros y francotiradores del \u00faltimo cuarto del siglo XIX. Ideal para los aficionados al Oeste, los cosplayers y los amantes de la buena mec\u00e1nica. Esta r\u00e9plica aportar\u00e1 un toque de originalidad a cualquier colecci\u00f3n. En conclusi\u00f3n, un arma m\u00edtica, lista para revivir bajo el resplandor de un duelo al atardecer.<\/p>\n<p>Descubra nuestros otros modelos Kolser:<\/p>\n<ul>\n<li>La <a href=\"https:\/\/repliquemangacine.fr\/es\/pistola-kolser\/ponds-leg-55cm-laton-kolser\/\">Pierna de yegua<\/a> por Josh Randall<\/li>\n<li>Le <a href=\"https:\/\/repliquemangacine.fr\/es\/pistola-kolser\/volcanica-1854\/\">Pistola volc\u00e1nica<\/a> 1854 y sus grabados<\/li>\n<li>As\u00ed como el <a href=\"https:\/\/repliquemangacine.fr\/es\/pistola-kolser\/revolver-thunderer-laton\/\">Rev\u00f3lver Thunderer<\/a> con culata de n\u00e1car<\/li>\n<li>Y muchas m\u00e1s por descubrir en nuestro sitio web.<\/li>\n<\/ul>","protected":false},"excerpt":{"rendered":"<p>Magn\u00edfica r\u00e9plica de la Remington 1858 convertida por Kolser<\/p>\n<ul>\n<li>Armaz\u00f3n de metal envejecido (zamac de alta resistencia)<\/li>\n<li>Placas de madera aut\u00e9ntica.<\/li>\n<li>Ca\u00f1\u00f3n octogonal de 8 pulgadas<\/li>\n<li>Mecanismo funcional con disparo simulado<\/li>\n<li>Ca\u00f1\u00f3n intercambiable, apto para cartuchos Kolser.<\/li>\n<li>Compatible con cebadores<\/li>\n<li>Longitud total: 35,5 cm - Peso: 1125 g<\/li>\n<\/ul>","protected":false},"featured_media":85366,"template":"","meta":[],"product_brand":[896],"product_cat":[100,34,77,28,64],"product_tag":[],"class_list":{"0":"post-85360","1":"product","2":"type-product","3":"status-publish","4":"has-post-thumbnail","6":"product_brand-replique-manga-cine","7":"product_cat-arme-kolser","8":"product_cat-armes-westerns","9":"product_cat-colt-revolver-western","10":"product_cat-repliques-darmes","11":"product_cat-western-repliques-armes","13":"first","14":"outofstock","15":"taxable","16":"shipping-taxable","17":"purchasable","18":"product-type-variable"},"yoast_head":"<!-- This site is optimized with the Yoast SEO plugin v27.4 - https:\/\/yoast.com\/product\/yoast-seo-wordpress\/ -->\n<title>Remington 1858 converti - Kolser - R\u00e9plique Manga Cin\u00e9<\/title>\n<meta name=\"description\" content=\"Remington 1858 converti \u00e0 cartouches, r\u00e9plique fid\u00e8le d\u2019une arme mythique modernis\u00e9e pour l\u2019Ouest sauvage des ann\u00e9es 1870. Fonctionnel, avec tir simul\u00e9.\" \/>\n<meta name=\"robots\" content=\"index, follow, max-snippet:-1, max-image-preview:large, max-video-preview:-1\" \/>\n<link rel=\"canonical\" href=\"https:\/\/repliquemangacine.fr\/es\/pistola-kolser\/remington-1858-convertido-kolser\/\" \/>\n<meta property=\"og:locale\" content=\"es_ES\" \/>\n<meta property=\"og:type\" content=\"article\" \/>\n<meta property=\"og:title\" content=\"Remington 1858 converti - Kolser - R\u00e9plique Manga Cin\u00e9\" \/>\n<meta property=\"og:description\" content=\"Remington 1858 converti \u00e0 cartouches, r\u00e9plique fid\u00e8le d\u2019une arme mythique modernis\u00e9e pour l\u2019Ouest sauvage des ann\u00e9es 1870. Fonctionnel, avec tir simul\u00e9.\" \/>\n<meta property=\"og:url\" content=\"https:\/\/repliquemangacine.fr\/es\/pistola-kolser\/remington-1858-convertido-kolser\/\" \/>\n<meta property=\"og:site_name\" content=\"R\u00e9plique Manga Cin\u00e9\" \/>\n<meta property=\"article:publisher\" content=\"https:\/\/www.facebook.com\/RepliqueMangaCine\" \/>\n<meta property=\"article:modified_time\" content=\"2026-02-23T08:46:44+00:00\" \/>\n<meta property=\"og:image\" content=\"https:\/\/repliquemangacine.fr\/wp-content\/uploads\/2025\/06\/Colt-Remington-laiton-chien8754wl.jpg\" \/>\n\t<meta property=\"og:image:width\" content=\"800\" \/>\n\t<meta property=\"og:image:height\" content=\"800\" \/>\n\t<meta property=\"og:image:type\" content=\"image\/jpeg\" \/>\n<meta name=\"twitter:card\" content=\"summary_large_image\" \/>\n<meta name=\"twitter:label1\" content=\"Tiempo de lectura\" \/>\n\t<meta name=\"twitter:data1\" content=\"3 minutos\" \/>\n<script type=\"application\/ld+json\" class=\"yoast-schema-graph\">{\"@context\":\"https:\\\/\\\/schema.org\",\"@graph\":[{\"@type\":\"WebPage\",\"@id\":\"https:\\\/\\\/repliquemangacine.fr\\\/arme-kolser\\\/remington-1858-converti-kolser\\\/\",\"url\":\"https:\\\/\\\/repliquemangacine.fr\\\/arme-kolser\\\/remington-1858-converti-kolser\\\/\",\"name\":\"Remington 1858 converti - Kolser - R\u00e9plique Manga Cin\u00e9\",\"isPartOf\":{\"@id\":\"https:\\\/\\\/repliquemangacine.fr\\\/#website\"},\"primaryImageOfPage\":{\"@id\":\"https:\\\/\\\/repliquemangacine.fr\\\/arme-kolser\\\/remington-1858-converti-kolser\\\/#primaryimage\"},\"image\":{\"@id\":\"https:\\\/\\\/repliquemangacine.fr\\\/arme-kolser\\\/remington-1858-converti-kolser\\\/#primaryimage\"},\"thumbnailUrl\":\"https:\\\/\\\/repliquemangacine.fr\\\/wp-content\\\/uploads\\\/2025\\\/06\\\/Colt-Remington-laiton-chien8754wl.jpg\",\"datePublished\":\"2025-06-17T18:01:42+00:00\",\"dateModified\":\"2026-02-23T08:46:44+00:00\",\"description\":\"Remington 1858 converti \u00e0 cartouches, r\u00e9plique fid\u00e8le d\u2019une arme mythique modernis\u00e9e pour l\u2019Ouest sauvage des ann\u00e9es 1870. Fonctionnel, avec tir simul\u00e9.\",\"breadcrumb\":{\"@id\":\"https:\\\/\\\/repliquemangacine.fr\\\/arme-kolser\\\/remington-1858-converti-kolser\\\/#breadcrumb\"},\"inLanguage\":\"es\",\"potentialAction\":[{\"@type\":\"ReadAction\",\"target\":[\"https:\\\/\\\/repliquemangacine.fr\\\/arme-kolser\\\/remington-1858-converti-kolser\\\/\"]}]},{\"@type\":\"ImageObject\",\"inLanguage\":\"es\",\"@id\":\"https:\\\/\\\/repliquemangacine.fr\\\/arme-kolser\\\/remington-1858-converti-kolser\\\/#primaryimage\",\"url\":\"https:\\\/\\\/repliquemangacine.fr\\\/wp-content\\\/uploads\\\/2025\\\/06\\\/Colt-Remington-laiton-chien8754wl.jpg\",\"contentUrl\":\"https:\\\/\\\/repliquemangacine.fr\\\/wp-content\\\/uploads\\\/2025\\\/06\\\/Colt-Remington-laiton-chien8754wl.jpg\",\"width\":800,\"height\":800},{\"@type\":\"BreadcrumbList\",\"@id\":\"https:\\\/\\\/repliquemangacine.fr\\\/arme-kolser\\\/remington-1858-converti-kolser\\\/#breadcrumb\",\"itemListElement\":[{\"@type\":\"ListItem\",\"position\":1,\"name\":\"Accueil\",\"item\":\"https:\\\/\\\/repliquemangacine.fr\\\/\"},{\"@type\":\"ListItem\",\"position\":2,\"name\":\"Produits\",\"item\":\"https:\\\/\\\/repliquemangacine.fr\\\/boutique\\\/\"},{\"@type\":\"ListItem\",\"position\":3,\"name\":\"Remington 1858 converti &#8211; Kolser\"}]},{\"@type\":\"WebSite\",\"@id\":\"https:\\\/\\\/repliquemangacine.fr\\\/#website\",\"url\":\"https:\\\/\\\/repliquemangacine.fr\\\/\",\"name\":\"R\u00e9plique Manga Cin\u00e9\",\"description\":\"\",\"publisher\":{\"@id\":\"https:\\\/\\\/repliquemangacine.fr\\\/#organization\"},\"potentialAction\":[{\"@type\":\"SearchAction\",\"target\":{\"@type\":\"EntryPoint\",\"urlTemplate\":\"https:\\\/\\\/repliquemangacine.fr\\\/?s={search_term_string}\"},\"query-input\":{\"@type\":\"PropertyValueSpecification\",\"valueRequired\":true,\"valueName\":\"search_term_string\"}}],\"inLanguage\":\"es\"},{\"@type\":\"Organization\",\"@id\":\"https:\\\/\\\/repliquemangacine.fr\\\/#organization\",\"name\":\"R\u00e9plique Manga Cin\u00e9\",\"url\":\"https:\\\/\\\/repliquemangacine.fr\\\/\",\"logo\":{\"@type\":\"ImageObject\",\"inLanguage\":\"es\",\"@id\":\"https:\\\/\\\/repliquemangacine.fr\\\/#\\\/schema\\\/logo\\\/image\\\/\",\"url\":\"https:\\\/\\\/repliquemangacine.fr\\\/wp-content\\\/uploads\\\/2023\\\/10\\\/RMC-500250.png\",\"contentUrl\":\"https:\\\/\\\/repliquemangacine.fr\\\/wp-content\\\/uploads\\\/2023\\\/10\\\/RMC-500250.png\",\"width\":500,\"height\":250,\"caption\":\"R\u00e9plique Manga Cin\u00e9\"},\"image\":{\"@id\":\"https:\\\/\\\/repliquemangacine.fr\\\/#\\\/schema\\\/logo\\\/image\\\/\"},\"sameAs\":[\"https:\\\/\\\/www.facebook.com\\\/RepliqueMangaCine\",\"https:\\\/\\\/www.instagram.com\\\/repliquemangacine.fr\\\/\"]}]}<\/script>\n<!-- \/ Yoast SEO plugin. -->","yoast_head_json":{"title":"Remington 1858 convertido - Kolser - R\u00e9plique Manga Cin\u00e9","description":"Remington 1858 convertida a cartuchos, fiel r\u00e9plica de un arma m\u00edtica modernizada para el Salvaje Oeste de la d\u00e9cada de 1870. Funcional, con disparo simulado.","robots":{"index":"index","follow":"follow","max-snippet":"max-snippet:-1","max-image-preview":"max-image-preview:large","max-video-preview":"max-video-preview:-1"},"canonical":"https:\/\/repliquemangacine.fr\/es\/pistola-kolser\/remington-1858-convertido-kolser\/","og_locale":"es_ES","og_type":"article","og_title":"Remington 1858 converti - Kolser - R\u00e9plique Manga Cin\u00e9","og_description":"Remington 1858 converti \u00e0 cartouches, r\u00e9plique fid\u00e8le d\u2019une arme mythique modernis\u00e9e pour l\u2019Ouest sauvage des ann\u00e9es 1870. Fonctionnel, avec tir simul\u00e9.","og_url":"https:\/\/repliquemangacine.fr\/es\/pistola-kolser\/remington-1858-convertido-kolser\/","og_site_name":"R\u00e9plique Manga Cin\u00e9","article_publisher":"https:\/\/www.facebook.com\/RepliqueMangaCine","article_modified_time":"2026-02-23T08:46:44+00:00","og_image":[{"width":800,"height":800,"url":"https:\/\/repliquemangacine.fr\/wp-content\/uploads\/2025\/06\/Colt-Remington-laiton-chien8754wl.jpg","type":"image\/jpeg"}],"twitter_card":"summary_large_image","twitter_misc":{"Tiempo de lectura":"3 minutos"},"schema":{"@context":"https:\/\/schema.org","@graph":[{"@type":"WebPage","@id":"https:\/\/repliquemangacine.fr\/arme-kolser\/remington-1858-converti-kolser\/","url":"https:\/\/repliquemangacine.fr\/arme-kolser\/remington-1858-converti-kolser\/","name":"Remington 1858 convertido - Kolser - R\u00e9plique Manga Cin\u00e9","isPartOf":{"@id":"https:\/\/repliquemangacine.fr\/#website"},"primaryImageOfPage":{"@id":"https:\/\/repliquemangacine.fr\/arme-kolser\/remington-1858-converti-kolser\/#primaryimage"},"image":{"@id":"https:\/\/repliquemangacine.fr\/arme-kolser\/remington-1858-converti-kolser\/#primaryimage"},"thumbnailUrl":"https:\/\/repliquemangacine.fr\/wp-content\/uploads\/2025\/06\/Colt-Remington-laiton-chien8754wl.jpg","datePublished":"2025-06-17T18:01:42+00:00","dateModified":"2026-02-23T08:46:44+00:00","description":"Remington 1858 convertida a cartuchos, fiel r\u00e9plica de un arma m\u00edtica modernizada para el Salvaje Oeste de la d\u00e9cada de 1870. Funcional, con disparo simulado.","breadcrumb":{"@id":"https:\/\/repliquemangacine.fr\/arme-kolser\/remington-1858-converti-kolser\/#breadcrumb"},"inLanguage":"es","potentialAction":[{"@type":"ReadAction","target":["https:\/\/repliquemangacine.fr\/arme-kolser\/remington-1858-converti-kolser\/"]}]},{"@type":"ImageObject","inLanguage":"es","@id":"https:\/\/repliquemangacine.fr\/arme-kolser\/remington-1858-converti-kolser\/#primaryimage","url":"https:\/\/repliquemangacine.fr\/wp-content\/uploads\/2025\/06\/Colt-Remington-laiton-chien8754wl.jpg","contentUrl":"https:\/\/repliquemangacine.fr\/wp-content\/uploads\/2025\/06\/Colt-Remington-laiton-chien8754wl.jpg","width":800,"height":800},{"@type":"BreadcrumbList","@id":"https:\/\/repliquemangacine.fr\/arme-kolser\/remington-1858-converti-kolser\/#breadcrumb","itemListElement":[{"@type":"ListItem","position":1,"name":"Accueil","item":"https:\/\/repliquemangacine.fr\/"},{"@type":"ListItem","position":2,"name":"Produits","item":"https:\/\/repliquemangacine.fr\/boutique\/"},{"@type":"ListItem","position":3,"name":"Remington 1858 converti &#8211; Kolser"}]},{"@type":"WebSite","@id":"https:\/\/repliquemangacine.fr\/#website","url":"https:\/\/repliquemangacine.fr\/","name":"R\u00e9plique Manga Cin\u00e9","description":"","publisher":{"@id":"https:\/\/repliquemangacine.fr\/#organization"},"potentialAction":[{"@type":"SearchAction","target":{"@type":"EntryPoint","urlTemplate":"https:\/\/repliquemangacine.fr\/?s={search_term_string}"},"query-input":{"@type":"PropertyValueSpecification","valueRequired":true,"valueName":"search_term_string"}}],"inLanguage":"es"},{"@type":"Organization","@id":"https:\/\/repliquemangacine.fr\/#organization","name":"R\u00e9plique Manga Cin\u00e9","url":"https:\/\/repliquemangacine.fr\/","logo":{"@type":"ImageObject","inLanguage":"es","@id":"https:\/\/repliquemangacine.fr\/#\/schema\/logo\/image\/","url":"https:\/\/repliquemangacine.fr\/wp-content\/uploads\/2023\/10\/RMC-500250.png","contentUrl":"https:\/\/repliquemangacine.fr\/wp-content\/uploads\/2023\/10\/RMC-500250.png","width":500,"height":250,"caption":"R\u00e9plique Manga Cin\u00e9"},"image":{"@id":"https:\/\/repliquemangacine.fr\/#\/schema\/logo\/image\/"},"sameAs":["https:\/\/www.facebook.com\/RepliqueMangaCine","https:\/\/www.instagram.com\/repliquemangacine.fr\/"]}]}},"_links":{"self":[{"href":"https:\/\/repliquemangacine.fr\/es\/wp-json\/wp\/v2\/product\/85360","targetHints":{"allow":["GET"]}}],"collection":[{"href":"https:\/\/repliquemangacine.fr\/es\/wp-json\/wp\/v2\/product"}],"about":[{"href":"https:\/\/repliquemangacine.fr\/es\/wp-json\/wp\/v2\/types\/product"}],"wp:featuredmedia":[{"embeddable":true,"href":"https:\/\/repliquemangacine.fr\/es\/wp-json\/wp\/v2\/media\/85366"}],"wp:attachment":[{"href":"https:\/\/repliquemangacine.fr\/es\/wp-json\/wp\/v2\/media?parent=85360"}],"wp:term":[{"taxonomy":"product_brand","embeddable":true,"href":"https:\/\/repliquemangacine.fr\/es\/wp-json\/wp\/v2\/product_brand?post=85360"},{"taxonomy":"product_cat","embeddable":true,"href":"https:\/\/repliquemangacine.fr\/es\/wp-json\/wp\/v2\/product_cat?post=85360"},{"taxonomy":"product_tag","embeddable":true,"href":"https:\/\/repliquemangacine.fr\/es\/wp-json\/wp\/v2\/product_tag?post=85360"}],"curies":[{"name":"wp","href":"https:\/\/api.w.org\/{rel}","templated":true}]}}