





{"id":85345,"date":"2025-06-17T17:59:30","date_gmt":"2025-06-17T15:59:30","guid":{"rendered":"https:\/\/repliquemangacine.fr\/?post_type=product&#038;p=85345"},"modified":"2026-04-11T14:30:06","modified_gmt":"2026-04-11T12:30:06","slug":"remington-1858-percussion-kolser","status":"publish","type":"product","link":"https:\/\/repliquemangacine.fr\/es\/arme-kolser\/remington-1858-a-percussion-kolser\/","title":{"rendered":"Remington 1858 percusi\u00f3n - Kolser"},"content":{"rendered":"<h2>Remington 1858 Kolser Percussion - Autenticidad del Salvaje Oeste en una sorprendente r\u00e9plica<\/h2>\n<p>En primer lugar, redescubrir uno de los rev\u00f3lveres m\u00e1s emblem\u00e1ticos la <strong>Remington 1858 percusi\u00f3n<\/strong> propuesto por la marca <a href=\"https:\/\/kolser.com\/fr\/\" target=\"_blank\" rel=\"noopener noreferrer\">Kolser<\/a>. Este modelo fue el arma preferida de muchos soldados de la Uni\u00f3n durante la Guerra Civil estadounidense. Su armaz\u00f3n cerrado lo estableci\u00f3 r\u00e1pidamente como rev\u00f3lver est\u00e1ndar de p\u00f3lvora negra. S\u00f3lido y fiable, mucho m\u00e1s robusto que los Colts actuales. Esta fiel reproducci\u00f3n recrea cada detalle con precisi\u00f3n. Cilindro de seis disparos, palanca de recarga bajo el ca\u00f1\u00f3n, martillo articulado y acabado met\u00e1lico envejecido. Una pieza hist\u00f3rica que huele a polvo, p\u00f3lvora y a la epopeya salvaje del Oeste americano.<\/p>\n<h2>Un acabado meticuloso y un mecanismo realista de Kolser<\/h2>\n<p>Kolser ha producido una pieza de alta calidad que combina el realismo visual con la robustez mec\u00e1nica. Esta Remington 1858 se distingue por su peso aut\u00e9ntico y su empu\u00f1adura de imitaci\u00f3n de madera perfectamente moldeada. Tambi\u00e9n cuenta con un sistema de inercia mec\u00e1nica: el martillo se mueve y el ca\u00f1\u00f3n gira. Gracias al sistema Kolser, la r\u00e9plica puede armarse con petardos para reproducir fielmente la acci\u00f3n original. Esto la convierte en una excelente elecci\u00f3n para coleccionistas exigentes. aficionados a la recreaci\u00f3n hist\u00f3rica, entusiastas del Oeste o simplemente para realzar una decoraci\u00f3n inspirada en el siglo XIX. En conclusi\u00f3n, cada detalle ha sido pensado para recrear el alma de la \u00e9poca con una est\u00e9tica impactante y un tacto convincente.<\/p>\n<p>Descubra otras r\u00e9plicas de Kolser como el <a href=\"https:\/\/repliquemangacine.fr\/es\/revolver-colt-western\/colt-navy-1851-gris\/\">colt Navy 1851<\/a>y el <a href=\"https:\/\/repliquemangacine.fr\/es\/pistola-kolser\/culata-de-nacar-colt-thunderer\/\">Colt Thunderer<\/a> y sus diversos palos, tambi\u00e9n est\u00e1 el <a href=\"https:\/\/repliquemangacine.fr\/es\/replicas-de-armas-occidentales\/pistola-derringer-kolser\/\">Pistola Derringer<\/a>. Y mucho, mucho m\u00e1s...<\/p>\n<h2>Una obra maestra para los amantes de la historia y los objetos de car\u00e1cter<\/h2>\n<p>En un escaparate, en un cintur\u00f3n de cuero o en las manos de un aficionado al Oeste, esta r\u00e9plica de la Remington 1858 atrae todas las miradas. Es m\u00e1s que un objeto decorativo: es un s\u00edmbolo del Salvaje Oeste, un pedazo de historia que casi se puede o\u00edr rugir. Por eso es ideal para crear un ambiente vaquero, recrear escenas de las pel\u00edculas o completar el atuendo de un sheriff, un forajido o un cazarrecompensas. Evoca la \u00e9poca dorada de los duelos polvorientos, los salones llenos de humo y los paseos bajo el sol ardiente. En conclusi\u00f3n, reg\u00e1late un trozo de la leyenda, con una r\u00e9plica que es tan bonita de exhibir como de manejar.<\/p>","protected":false},"excerpt":{"rendered":"<p>Magn\u00edfica r\u00e9plica de la pistola de percusi\u00f3n Remington 1858 Kolser<\/p>\n<ul>\n<li>Armaz\u00f3n de metal envejecido (zamac de alta resistencia)<\/li>\n<li>Placas de madera aut\u00e9ntica.<\/li>\n<li>Ca\u00f1\u00f3n octogonal de 8 pulgadas<\/li>\n<li>Mecanismo funcional con disparo simulado<\/li>\n<li>Ca\u00f1\u00f3n intercambiable.<\/li>\n<li>Compatible con cebadores<\/li>\n<li>Longitud total: 35,5 cm - Peso: 1125 g<\/li>\n<\/ul>\n<p>&nbsp;<\/p>","protected":false},"featured_media":85356,"template":"","meta":[],"product_brand":[896],"product_cat":[100,34,77,27,64],"product_tag":[],"class_list":{"0":"post-85345","1":"product","2":"type-product","3":"status-publish","4":"has-post-thumbnail","6":"product_brand-replique-manga-cine","7":"product_cat-arme-kolser","8":"product_cat-armes-westerns","9":"product_cat-colt-revolver-western","10":"product_cat-armes-et-accessoires-western","11":"product_cat-western-repliques-armes","13":"first","14":"outofstock","15":"taxable","16":"shipping-taxable","17":"purchasable","18":"product-type-variable"},"yoast_head":"<!-- This site is optimized with the Yoast SEO plugin v27.4 - https:\/\/yoast.com\/product\/yoast-seo-wordpress\/ -->\n<title>Remington 1858 \u00e0 percussion - Kolser - R\u00e9plique Manga Cin\u00e9<\/title>\n<meta name=\"description\" content=\"Nouveaut\u00e9 : Remington 1858 \u00e0 percussion de Kolser. R\u00e9plique ultra-r\u00e9aliste d\u2019arme de poing western avec m\u00e9canisme fonctionnel. Balles factices \u00e0 amorces\" \/>\n<meta name=\"robots\" content=\"index, follow, max-snippet:-1, max-image-preview:large, max-video-preview:-1\" \/>\n<link rel=\"canonical\" href=\"https:\/\/repliquemangacine.fr\/es\/pistola-kolser\/remington-1858-percussion-kolser\/\" \/>\n<meta property=\"og:locale\" content=\"es_ES\" \/>\n<meta property=\"og:type\" content=\"article\" \/>\n<meta property=\"og:title\" content=\"Remington 1858 \u00e0 percussion - Kolser - R\u00e9plique Manga Cin\u00e9\" \/>\n<meta property=\"og:description\" content=\"Nouveaut\u00e9 : Remington 1858 \u00e0 percussion de Kolser. R\u00e9plique ultra-r\u00e9aliste d\u2019arme de poing western avec m\u00e9canisme fonctionnel. Balles factices \u00e0 amorces\" \/>\n<meta property=\"og:url\" content=\"https:\/\/repliquemangacine.fr\/es\/pistola-kolser\/remington-1858-percussion-kolser\/\" \/>\n<meta property=\"og:site_name\" content=\"R\u00e9plique Manga Cin\u00e9\" \/>\n<meta property=\"article:publisher\" content=\"https:\/\/www.facebook.com\/RepliqueMangaCine\" \/>\n<meta property=\"article:modified_time\" content=\"2026-04-11T12:30:06+00:00\" \/>\n<meta property=\"og:image\" content=\"https:\/\/repliquemangacine.fr\/wp-content\/uploads\/2025\/06\/Remington-a-percussion-laiton-1.jpg\" \/>\n\t<meta property=\"og:image:width\" content=\"800\" \/>\n\t<meta property=\"og:image:height\" content=\"800\" \/>\n\t<meta property=\"og:image:type\" content=\"image\/jpeg\" \/>\n<meta name=\"twitter:card\" content=\"summary_large_image\" \/>\n<meta name=\"twitter:label1\" content=\"Tiempo de lectura\" \/>\n\t<meta name=\"twitter:data1\" content=\"3 minutos\" \/>\n<script type=\"application\/ld+json\" class=\"yoast-schema-graph\">{\"@context\":\"https:\\\/\\\/schema.org\",\"@graph\":[{\"@type\":\"WebPage\",\"@id\":\"https:\\\/\\\/repliquemangacine.fr\\\/arme-kolser\\\/remington-1858-a-percussion-kolser\\\/\",\"url\":\"https:\\\/\\\/repliquemangacine.fr\\\/arme-kolser\\\/remington-1858-a-percussion-kolser\\\/\",\"name\":\"Remington 1858 \u00e0 percussion - Kolser - R\u00e9plique Manga Cin\u00e9\",\"isPartOf\":{\"@id\":\"https:\\\/\\\/repliquemangacine.fr\\\/#website\"},\"primaryImageOfPage\":{\"@id\":\"https:\\\/\\\/repliquemangacine.fr\\\/arme-kolser\\\/remington-1858-a-percussion-kolser\\\/#primaryimage\"},\"image\":{\"@id\":\"https:\\\/\\\/repliquemangacine.fr\\\/arme-kolser\\\/remington-1858-a-percussion-kolser\\\/#primaryimage\"},\"thumbnailUrl\":\"https:\\\/\\\/repliquemangacine.fr\\\/wp-content\\\/uploads\\\/2025\\\/06\\\/Remington-a-percussion-laiton-1.jpg\",\"datePublished\":\"2025-06-17T15:59:30+00:00\",\"dateModified\":\"2026-04-11T12:30:06+00:00\",\"description\":\"Nouveaut\u00e9 : Remington 1858 \u00e0 percussion de Kolser. R\u00e9plique ultra-r\u00e9aliste d\u2019arme de poing western avec m\u00e9canisme fonctionnel. Balles factices \u00e0 amorces\",\"breadcrumb\":{\"@id\":\"https:\\\/\\\/repliquemangacine.fr\\\/arme-kolser\\\/remington-1858-a-percussion-kolser\\\/#breadcrumb\"},\"inLanguage\":\"es\",\"potentialAction\":[{\"@type\":\"ReadAction\",\"target\":[\"https:\\\/\\\/repliquemangacine.fr\\\/arme-kolser\\\/remington-1858-a-percussion-kolser\\\/\"]}]},{\"@type\":\"ImageObject\",\"inLanguage\":\"es\",\"@id\":\"https:\\\/\\\/repliquemangacine.fr\\\/arme-kolser\\\/remington-1858-a-percussion-kolser\\\/#primaryimage\",\"url\":\"https:\\\/\\\/repliquemangacine.fr\\\/wp-content\\\/uploads\\\/2025\\\/06\\\/Remington-a-percussion-laiton-1.jpg\",\"contentUrl\":\"https:\\\/\\\/repliquemangacine.fr\\\/wp-content\\\/uploads\\\/2025\\\/06\\\/Remington-a-percussion-laiton-1.jpg\",\"width\":800,\"height\":800,\"caption\":\"Remington 1858 \u00e0 percussion Laiton\"},{\"@type\":\"BreadcrumbList\",\"@id\":\"https:\\\/\\\/repliquemangacine.fr\\\/arme-kolser\\\/remington-1858-a-percussion-kolser\\\/#breadcrumb\",\"itemListElement\":[{\"@type\":\"ListItem\",\"position\":1,\"name\":\"Accueil\",\"item\":\"https:\\\/\\\/repliquemangacine.fr\\\/\"},{\"@type\":\"ListItem\",\"position\":2,\"name\":\"Produits\",\"item\":\"https:\\\/\\\/repliquemangacine.fr\\\/boutique\\\/\"},{\"@type\":\"ListItem\",\"position\":3,\"name\":\"Remington 1858 \u00e0 percussion &#8211; Kolser\"}]},{\"@type\":\"WebSite\",\"@id\":\"https:\\\/\\\/repliquemangacine.fr\\\/#website\",\"url\":\"https:\\\/\\\/repliquemangacine.fr\\\/\",\"name\":\"R\u00e9plique Manga Cin\u00e9\",\"description\":\"\",\"publisher\":{\"@id\":\"https:\\\/\\\/repliquemangacine.fr\\\/#organization\"},\"potentialAction\":[{\"@type\":\"SearchAction\",\"target\":{\"@type\":\"EntryPoint\",\"urlTemplate\":\"https:\\\/\\\/repliquemangacine.fr\\\/?s={search_term_string}\"},\"query-input\":{\"@type\":\"PropertyValueSpecification\",\"valueRequired\":true,\"valueName\":\"search_term_string\"}}],\"inLanguage\":\"es\"},{\"@type\":\"Organization\",\"@id\":\"https:\\\/\\\/repliquemangacine.fr\\\/#organization\",\"name\":\"R\u00e9plique Manga Cin\u00e9\",\"url\":\"https:\\\/\\\/repliquemangacine.fr\\\/\",\"logo\":{\"@type\":\"ImageObject\",\"inLanguage\":\"es\",\"@id\":\"https:\\\/\\\/repliquemangacine.fr\\\/#\\\/schema\\\/logo\\\/image\\\/\",\"url\":\"https:\\\/\\\/repliquemangacine.fr\\\/wp-content\\\/uploads\\\/2023\\\/10\\\/RMC-500250.png\",\"contentUrl\":\"https:\\\/\\\/repliquemangacine.fr\\\/wp-content\\\/uploads\\\/2023\\\/10\\\/RMC-500250.png\",\"width\":500,\"height\":250,\"caption\":\"R\u00e9plique Manga Cin\u00e9\"},\"image\":{\"@id\":\"https:\\\/\\\/repliquemangacine.fr\\\/#\\\/schema\\\/logo\\\/image\\\/\"},\"sameAs\":[\"https:\\\/\\\/www.facebook.com\\\/RepliqueMangaCine\",\"https:\\\/\\\/www.instagram.com\\\/repliquemangacine.fr\\\/\"]}]}<\/script>\n<!-- \/ Yoast SEO plugin. -->","yoast_head_json":{"title":"Remington 1858 percusi\u00f3n - Kolser - R\u00e9plique Manga Cin\u00e9","description":"Nuevo: Remington 1858 pistola de percusi\u00f3n por Kolser. R\u00e9plica ultrarrealista de pistola del oeste con mecanismo funcional. Balas de prueba con cebadores","robots":{"index":"index","follow":"follow","max-snippet":"max-snippet:-1","max-image-preview":"max-image-preview:large","max-video-preview":"max-video-preview:-1"},"canonical":"https:\/\/repliquemangacine.fr\/es\/pistola-kolser\/remington-1858-percussion-kolser\/","og_locale":"es_ES","og_type":"article","og_title":"Remington 1858 \u00e0 percussion - Kolser - R\u00e9plique Manga Cin\u00e9","og_description":"Nouveaut\u00e9 : Remington 1858 \u00e0 percussion de Kolser. R\u00e9plique ultra-r\u00e9aliste d\u2019arme de poing western avec m\u00e9canisme fonctionnel. Balles factices \u00e0 amorces","og_url":"https:\/\/repliquemangacine.fr\/es\/pistola-kolser\/remington-1858-percussion-kolser\/","og_site_name":"R\u00e9plique Manga Cin\u00e9","article_publisher":"https:\/\/www.facebook.com\/RepliqueMangaCine","article_modified_time":"2026-04-11T12:30:06+00:00","og_image":[{"width":800,"height":800,"url":"https:\/\/repliquemangacine.fr\/wp-content\/uploads\/2025\/06\/Remington-a-percussion-laiton-1.jpg","type":"image\/jpeg"}],"twitter_card":"summary_large_image","twitter_misc":{"Tiempo de lectura":"3 minutos"},"schema":{"@context":"https:\/\/schema.org","@graph":[{"@type":"WebPage","@id":"https:\/\/repliquemangacine.fr\/arme-kolser\/remington-1858-a-percussion-kolser\/","url":"https:\/\/repliquemangacine.fr\/arme-kolser\/remington-1858-a-percussion-kolser\/","name":"Remington 1858 percusi\u00f3n - Kolser - R\u00e9plique Manga Cin\u00e9","isPartOf":{"@id":"https:\/\/repliquemangacine.fr\/#website"},"primaryImageOfPage":{"@id":"https:\/\/repliquemangacine.fr\/arme-kolser\/remington-1858-a-percussion-kolser\/#primaryimage"},"image":{"@id":"https:\/\/repliquemangacine.fr\/arme-kolser\/remington-1858-a-percussion-kolser\/#primaryimage"},"thumbnailUrl":"https:\/\/repliquemangacine.fr\/wp-content\/uploads\/2025\/06\/Remington-a-percussion-laiton-1.jpg","datePublished":"2025-06-17T15:59:30+00:00","dateModified":"2026-04-11T12:30:06+00:00","description":"Nuevo: Remington 1858 pistola de percusi\u00f3n por Kolser. R\u00e9plica ultrarrealista de pistola del oeste con mecanismo funcional. Balas de prueba con cebadores","breadcrumb":{"@id":"https:\/\/repliquemangacine.fr\/arme-kolser\/remington-1858-a-percussion-kolser\/#breadcrumb"},"inLanguage":"es","potentialAction":[{"@type":"ReadAction","target":["https:\/\/repliquemangacine.fr\/arme-kolser\/remington-1858-a-percussion-kolser\/"]}]},{"@type":"ImageObject","inLanguage":"es","@id":"https:\/\/repliquemangacine.fr\/arme-kolser\/remington-1858-a-percussion-kolser\/#primaryimage","url":"https:\/\/repliquemangacine.fr\/wp-content\/uploads\/2025\/06\/Remington-a-percussion-laiton-1.jpg","contentUrl":"https:\/\/repliquemangacine.fr\/wp-content\/uploads\/2025\/06\/Remington-a-percussion-laiton-1.jpg","width":800,"height":800,"caption":"Remington 1858 \u00e0 percussion Laiton"},{"@type":"BreadcrumbList","@id":"https:\/\/repliquemangacine.fr\/arme-kolser\/remington-1858-a-percussion-kolser\/#breadcrumb","itemListElement":[{"@type":"ListItem","position":1,"name":"Accueil","item":"https:\/\/repliquemangacine.fr\/"},{"@type":"ListItem","position":2,"name":"Produits","item":"https:\/\/repliquemangacine.fr\/boutique\/"},{"@type":"ListItem","position":3,"name":"Remington 1858 \u00e0 percussion &#8211; Kolser"}]},{"@type":"WebSite","@id":"https:\/\/repliquemangacine.fr\/#website","url":"https:\/\/repliquemangacine.fr\/","name":"R\u00e9plique Manga Cin\u00e9","description":"","publisher":{"@id":"https:\/\/repliquemangacine.fr\/#organization"},"potentialAction":[{"@type":"SearchAction","target":{"@type":"EntryPoint","urlTemplate":"https:\/\/repliquemangacine.fr\/?s={search_term_string}"},"query-input":{"@type":"PropertyValueSpecification","valueRequired":true,"valueName":"search_term_string"}}],"inLanguage":"es"},{"@type":"Organization","@id":"https:\/\/repliquemangacine.fr\/#organization","name":"R\u00e9plique Manga Cin\u00e9","url":"https:\/\/repliquemangacine.fr\/","logo":{"@type":"ImageObject","inLanguage":"es","@id":"https:\/\/repliquemangacine.fr\/#\/schema\/logo\/image\/","url":"https:\/\/repliquemangacine.fr\/wp-content\/uploads\/2023\/10\/RMC-500250.png","contentUrl":"https:\/\/repliquemangacine.fr\/wp-content\/uploads\/2023\/10\/RMC-500250.png","width":500,"height":250,"caption":"R\u00e9plique Manga Cin\u00e9"},"image":{"@id":"https:\/\/repliquemangacine.fr\/#\/schema\/logo\/image\/"},"sameAs":["https:\/\/www.facebook.com\/RepliqueMangaCine","https:\/\/www.instagram.com\/repliquemangacine.fr\/"]}]}},"_links":{"self":[{"href":"https:\/\/repliquemangacine.fr\/es\/wp-json\/wp\/v2\/product\/85345","targetHints":{"allow":["GET"]}}],"collection":[{"href":"https:\/\/repliquemangacine.fr\/es\/wp-json\/wp\/v2\/product"}],"about":[{"href":"https:\/\/repliquemangacine.fr\/es\/wp-json\/wp\/v2\/types\/product"}],"wp:featuredmedia":[{"embeddable":true,"href":"https:\/\/repliquemangacine.fr\/es\/wp-json\/wp\/v2\/media\/85356"}],"wp:attachment":[{"href":"https:\/\/repliquemangacine.fr\/es\/wp-json\/wp\/v2\/media?parent=85345"}],"wp:term":[{"taxonomy":"product_brand","embeddable":true,"href":"https:\/\/repliquemangacine.fr\/es\/wp-json\/wp\/v2\/product_brand?post=85345"},{"taxonomy":"product_cat","embeddable":true,"href":"https:\/\/repliquemangacine.fr\/es\/wp-json\/wp\/v2\/product_cat?post=85345"},{"taxonomy":"product_tag","embeddable":true,"href":"https:\/\/repliquemangacine.fr\/es\/wp-json\/wp\/v2\/product_tag?post=85345"}],"curies":[{"name":"wp","href":"https:\/\/api.w.org\/{rel}","templated":true}]}}