





{"id":84742,"date":"2025-05-30T18:44:54","date_gmt":"2025-05-30T16:44:54","guid":{"rendered":"https:\/\/repliquemangacine.fr\/?post_type=product&#038;p=84742"},"modified":"2025-12-06T16:45:35","modified_gmt":"2025-12-06T15:45:35","slug":"m1-garand-patine-vieilli-denix","status":"publish","type":"product","link":"https:\/\/repliquemangacine.fr\/es\/reproductions-armes-seconde-guerre-mondiale-denix\/m1-garand-patine-vieilli-denix\/","title":{"rendered":"M1 Garand con p\u00e1tina y acabado envejecido - Denix"},"content":{"rendered":"<h2>M1 Garand con p\u00e1tina y acabado envejecido - Excepcional reproducci\u00f3n Denix<\/h2>\n<p>En primer lugar, este <strong>M1 Garand patinado y envejecido<\/strong> Presenta una culata y un ca\u00f1\u00f3n de madera maciza para un acabado aut\u00e9ntico y excepcionalmente robusto. Las piezas met\u00e1licas est\u00e1n fabricadas en zamac patinado y envejecido para un aspecto fiel a las armas hist\u00f3ricas de la \u00e9poca. El mecanismo funciona y simula la carga y el disparo, para una inmersi\u00f3n total en el universo militar estadounidense.<br \/>\nEsta r\u00e9plica de Denix se carga y dispara, pero no es apta para disparar, por lo que es solo para uso decorativo. No se requiere ninguna autorizaci\u00f3n para comprar o poseer este M1 Garand patinado y envejecido.<br \/>\nSu calibre es un .30 (7,62), reproducci\u00f3n fiel del modelo original utilizado por el ej\u00e9rcito estadounidense durante la guerra.<\/p>\n<p>Esta pieza de colecci\u00f3n impresiona por la calidad de su acabado y su minucioso respeto por la historia. Imprescindible para los amantes de las armas antiguas, las recreaciones o la decoraci\u00f3n militar aut\u00e9ntica. Reg\u00e1lese el arma m\u00edtica que acompa\u00f1\u00f3 a los soldados aliados hacia la victoria contra las fuerzas del Eje. El M1 Garand. <a href=\"https:\/\/www.denix.fr\/fr\/\" target=\"_blank\" rel=\"noopener noreferrer\">Denix<\/a> combina realismo, seguridad y pasi\u00f3n por los objetos de colecci\u00f3n cuidadosamente detallados.<\/p>\n<h2>El M1 Garand: un arma legendaria de la Segunda Guerra Mundial<\/h2>\n<p>Para empezar, fue el arma principal del ej\u00e9rcito estadounidense durante la Segunda Guerra Mundial, sustituyendo a los fusiles cl\u00e1sicos de cerrojo. Ofrec\u00eda una cadencia de tiro semiautom\u00e1tica, lo que supon\u00eda una ventaja decisiva frente a enemigos equipados con armas m\u00e1s lentas y arcaicas. Dise\u00f1ado por John Garand, este rifle semiautom\u00e1tico era famoso por su fiabilidad, precisi\u00f3n y robustez sobre el terreno. Su famoso \u201cping\u201d met\u00e1lico al expulsar el cargador se ha convertido en un s\u00edmbolo para los veteranos y los apasionados de las armas hist\u00f3ricas. Utilizado masivamente durante el desembarco de Normand\u00eda, contribuy\u00f3 a la liberaci\u00f3n de la Europa ocupada por los nazis. De hecho, el M1 Garand simboliza la superioridad tecnol\u00f3gica estadounidense frente a los ej\u00e9rcitos del Eje durante las grandes ofensivas aliadas.<\/p>\n<p>Adoptado posteriormente durante la Guerra de Corea, este rifle representa un punto de inflexi\u00f3n importante en la historia del armamento militar moderno. Su mecanismo semiautom\u00e1tico inspir\u00f3 numerosos modelos de armas de fuego en las d\u00e9cadas siguientes. Esta r\u00e9plica de Denix le permite honrar esta pieza hist\u00f3rica en su colecci\u00f3n o decoraci\u00f3n de tem\u00e1tica militar. El M1 Garand sigue siendo un icono indiscutible de la victoria aliada y del valor de los soldados estadounidenses.<\/p>\n<h2>Otras reproducciones de Denix para descubrir en R\u00e9plique Manga Cin\u00e9<\/h2>\n<p>En nuestra tienda R\u00e9plique Manga Cin\u00e9, encontrar\u00e1 otras armas Denix con un acabado patinado y envejecido y detalles meticulosos y fieles. Est\u00e1 la <a href=\"https:\/\/repliquemangacine.fr\/es\/reproduccion-armas-segunda-guerra-mundial-denix\/mauser-k98-rifle-antiguo\/\">Antigua carabina Mauser K98<\/a> ofrece un aspecto realista con sus acabados de madera y metal, para los entusiastas de la Wehrmacht. Descubra tambi\u00e9n el <a href=\"https:\/\/repliquemangacine.fr\/es\/replicas-de-armas\/subfusil-thompson-m1928a1-denix\/\">Subfusil Thompson M1928A1<\/a>la famosa arma de los comandos americanos y de las pel\u00edculas cl\u00e1sicas de guerra. Adem\u00e1s de la <a href=\"https:\/\/repliquemangacine.fr\/es\/reproduccion-armas-segunda-guerra-mundial-denix\/pistola-automatica-m1911a1-con-patina-y-acabado-antiguo\/\">Pistola autom\u00e1tica M1911A1<\/a> te sumerge en el mundo de los oficiales estadounidenses con un mecanismo fiel y funcional. En cuanto al <a href=\"https:\/\/repliquemangacine.fr\/es\/reproduccion-armas-segunda-guerra-mundial-denix\/pistola-luger-p08-antigua\/\">Pistola Luger P08 antigua<\/a>, representa el arma emblem\u00e1tica del ej\u00e9rcito alem\u00e1n con un acabado hist\u00f3rico excepcional. Cada r\u00e9plica Denix est\u00e1 dise\u00f1ada para satisfacer a coleccionistas, aficionados a la recreaci\u00f3n hist\u00f3rica y apasionados de la historia militar.<\/p>\n<p>Estos objetos son seguros, decorativos y est\u00e1n disponibles sin restricciones, perfectos para vitrinas o decoraciones tem\u00e1ticas. Nuestra p\u00e1gina web ofrece una amplia selecci\u00f3n de armas hist\u00f3ricas reproducidas con esmero para lograr un resultado aut\u00e9ntico y espectacular. R\u00e9plique Manga Cin\u00e9 se compromete a ofrecer productos de calidad a los apasionados de las armas, la historia y la cultura popular.\u00a0 A\u00f1ada ahora mismo el M1 Garand u otra pieza de Denix a su colecci\u00f3n personal o a su espacio decorativo.<\/p>","protected":false},"excerpt":{"rendered":"<p>Magn\u00edfica r\u00e9plica del fusil Garand M1, patinada y envejecida, EE.UU. 1932.<\/p>\n<ul>\n<li>Culata y ca\u00f1\u00f3n de madera maciza.<\/li>\n<li>Piezas met\u00e1licas de Zamac patinado y envejecido.<\/li>\n<li>Mecanismo de carga y simulaci\u00f3n de incendios<\/li>\n<li>Arma y golpea, pero totalmente incapaz de disparar.<\/li>\n<li>No se requiere autorizaci\u00f3n. Venta y posesi\u00f3n libres.<\/li>\n<li>Calibre.30 (7.62)<\/li>\n<li>Longitud: 110 cm - Peso: 3480 grs<\/li>\n<\/ul>","protected":false},"featured_media":84743,"template":"","meta":[],"product_brand":[896],"product_cat":[102,46,54,28,76],"product_tag":[],"class_list":{"0":"post-84742","1":"product","2":"type-product","3":"status-publish","4":"has-post-thumbnail","6":"product_brand-replique-manga-cine","7":"product_cat-denix","8":"product_cat-fusil-d-assaut-fusil-moderne","9":"product_cat-armes-accessoires-guerre-mondiale","10":"product_cat-repliques-darmes","11":"product_cat-reproductions-armes-seconde-guerre-mondiale-denix","13":"first","14":"outofstock","15":"taxable","16":"shipping-taxable","17":"purchasable","18":"product-type-simple"},"yoast_head":"<!-- This site is optimized with the Yoast SEO plugin v27.4 - https:\/\/yoast.com\/product\/yoast-seo-wordpress\/ -->\n<title>M1 Garand patin\u00e9 et vieilli - Denix - R\u00e9plique Manga Cin\u00e9<\/title>\n<meta name=\"description\" content=\"D\u00e9couvrez le M1 Garand patin\u00e9 et vieilli Denix : reproduction fid\u00e8le, m\u00e9canisme fonctionnel, bois massif et Zamac vieilli. Vente libre sur RMC\" \/>\n<meta name=\"robots\" content=\"index, follow, max-snippet:-1, max-image-preview:large, max-video-preview:-1\" \/>\n<link rel=\"canonical\" href=\"https:\/\/repliquemangacine.fr\/es\/reproduccion-armas-segunda-guerra-mundial-denix\/m1-garand-patine-vieilli-denix\/\" \/>\n<meta property=\"og:locale\" content=\"es_ES\" \/>\n<meta property=\"og:type\" content=\"article\" \/>\n<meta property=\"og:title\" content=\"M1 Garand patin\u00e9 et vieilli - Denix - R\u00e9plique Manga Cin\u00e9\" \/>\n<meta property=\"og:description\" content=\"D\u00e9couvrez le M1 Garand patin\u00e9 et vieilli Denix : reproduction fid\u00e8le, m\u00e9canisme fonctionnel, bois massif et Zamac vieilli. Vente libre sur RMC\" \/>\n<meta property=\"og:url\" content=\"https:\/\/repliquemangacine.fr\/es\/reproduccion-armas-segunda-guerra-mundial-denix\/m1-garand-patine-vieilli-denix\/\" \/>\n<meta property=\"og:site_name\" content=\"R\u00e9plique Manga Cin\u00e9\" \/>\n<meta property=\"article:publisher\" content=\"https:\/\/www.facebook.com\/RepliqueMangaCine\" \/>\n<meta property=\"article:modified_time\" content=\"2025-12-06T15:45:35+00:00\" \/>\n<meta property=\"og:image\" content=\"https:\/\/repliquemangacine.fr\/wp-content\/uploads\/2025\/05\/M1-Garand-Vieilli.jpg\" \/>\n\t<meta property=\"og:image:width\" content=\"800\" \/>\n\t<meta property=\"og:image:height\" content=\"800\" \/>\n\t<meta property=\"og:image:type\" content=\"image\/jpeg\" \/>\n<meta name=\"twitter:card\" content=\"summary_large_image\" \/>\n<meta name=\"twitter:label1\" content=\"Tiempo de lectura\" \/>\n\t<meta name=\"twitter:data1\" content=\"4 minutos\" \/>\n<script type=\"application\/ld+json\" class=\"yoast-schema-graph\">{\"@context\":\"https:\\\/\\\/schema.org\",\"@graph\":[{\"@type\":\"WebPage\",\"@id\":\"https:\\\/\\\/repliquemangacine.fr\\\/reproductions-armes-seconde-guerre-mondiale-denix\\\/m1-garand-patine-vieilli-denix\\\/\",\"url\":\"https:\\\/\\\/repliquemangacine.fr\\\/reproductions-armes-seconde-guerre-mondiale-denix\\\/m1-garand-patine-vieilli-denix\\\/\",\"name\":\"M1 Garand patin\u00e9 et vieilli - Denix - R\u00e9plique Manga Cin\u00e9\",\"isPartOf\":{\"@id\":\"https:\\\/\\\/repliquemangacine.fr\\\/#website\"},\"primaryImageOfPage\":{\"@id\":\"https:\\\/\\\/repliquemangacine.fr\\\/reproductions-armes-seconde-guerre-mondiale-denix\\\/m1-garand-patine-vieilli-denix\\\/#primaryimage\"},\"image\":{\"@id\":\"https:\\\/\\\/repliquemangacine.fr\\\/reproductions-armes-seconde-guerre-mondiale-denix\\\/m1-garand-patine-vieilli-denix\\\/#primaryimage\"},\"thumbnailUrl\":\"https:\\\/\\\/repliquemangacine.fr\\\/wp-content\\\/uploads\\\/2025\\\/05\\\/M1-Garand-Vieilli.jpg\",\"datePublished\":\"2025-05-30T16:44:54+00:00\",\"dateModified\":\"2025-12-06T15:45:35+00:00\",\"description\":\"D\u00e9couvrez le M1 Garand patin\u00e9 et vieilli Denix : reproduction fid\u00e8le, m\u00e9canisme fonctionnel, bois massif et Zamac vieilli. Vente libre sur RMC\",\"breadcrumb\":{\"@id\":\"https:\\\/\\\/repliquemangacine.fr\\\/reproductions-armes-seconde-guerre-mondiale-denix\\\/m1-garand-patine-vieilli-denix\\\/#breadcrumb\"},\"inLanguage\":\"es\",\"potentialAction\":[{\"@type\":\"ReadAction\",\"target\":[\"https:\\\/\\\/repliquemangacine.fr\\\/reproductions-armes-seconde-guerre-mondiale-denix\\\/m1-garand-patine-vieilli-denix\\\/\"]}]},{\"@type\":\"ImageObject\",\"inLanguage\":\"es\",\"@id\":\"https:\\\/\\\/repliquemangacine.fr\\\/reproductions-armes-seconde-guerre-mondiale-denix\\\/m1-garand-patine-vieilli-denix\\\/#primaryimage\",\"url\":\"https:\\\/\\\/repliquemangacine.fr\\\/wp-content\\\/uploads\\\/2025\\\/05\\\/M1-Garand-Vieilli.jpg\",\"contentUrl\":\"https:\\\/\\\/repliquemangacine.fr\\\/wp-content\\\/uploads\\\/2025\\\/05\\\/M1-Garand-Vieilli.jpg\",\"width\":800,\"height\":800,\"caption\":\"M1 Garand Vieilli Denix\"},{\"@type\":\"BreadcrumbList\",\"@id\":\"https:\\\/\\\/repliquemangacine.fr\\\/reproductions-armes-seconde-guerre-mondiale-denix\\\/m1-garand-patine-vieilli-denix\\\/#breadcrumb\",\"itemListElement\":[{\"@type\":\"ListItem\",\"position\":1,\"name\":\"Accueil\",\"item\":\"https:\\\/\\\/repliquemangacine.fr\\\/\"},{\"@type\":\"ListItem\",\"position\":2,\"name\":\"Produits\",\"item\":\"https:\\\/\\\/repliquemangacine.fr\\\/boutique\\\/\"},{\"@type\":\"ListItem\",\"position\":3,\"name\":\"M1 Garand patin\u00e9 et vieilli &#8211; Denix\"}]},{\"@type\":\"WebSite\",\"@id\":\"https:\\\/\\\/repliquemangacine.fr\\\/#website\",\"url\":\"https:\\\/\\\/repliquemangacine.fr\\\/\",\"name\":\"R\u00e9plique Manga Cin\u00e9\",\"description\":\"\",\"publisher\":{\"@id\":\"https:\\\/\\\/repliquemangacine.fr\\\/#organization\"},\"potentialAction\":[{\"@type\":\"SearchAction\",\"target\":{\"@type\":\"EntryPoint\",\"urlTemplate\":\"https:\\\/\\\/repliquemangacine.fr\\\/?s={search_term_string}\"},\"query-input\":{\"@type\":\"PropertyValueSpecification\",\"valueRequired\":true,\"valueName\":\"search_term_string\"}}],\"inLanguage\":\"es\"},{\"@type\":\"Organization\",\"@id\":\"https:\\\/\\\/repliquemangacine.fr\\\/#organization\",\"name\":\"R\u00e9plique Manga Cin\u00e9\",\"url\":\"https:\\\/\\\/repliquemangacine.fr\\\/\",\"logo\":{\"@type\":\"ImageObject\",\"inLanguage\":\"es\",\"@id\":\"https:\\\/\\\/repliquemangacine.fr\\\/#\\\/schema\\\/logo\\\/image\\\/\",\"url\":\"https:\\\/\\\/repliquemangacine.fr\\\/wp-content\\\/uploads\\\/2023\\\/10\\\/RMC-500250.png\",\"contentUrl\":\"https:\\\/\\\/repliquemangacine.fr\\\/wp-content\\\/uploads\\\/2023\\\/10\\\/RMC-500250.png\",\"width\":500,\"height\":250,\"caption\":\"R\u00e9plique Manga Cin\u00e9\"},\"image\":{\"@id\":\"https:\\\/\\\/repliquemangacine.fr\\\/#\\\/schema\\\/logo\\\/image\\\/\"},\"sameAs\":[\"https:\\\/\\\/www.facebook.com\\\/RepliqueMangaCine\",\"https:\\\/\\\/www.instagram.com\\\/repliquemangacine.fr\\\/\"]}]}<\/script>\n<!-- \/ Yoast SEO plugin. -->","yoast_head_json":{"title":"M1 Garand con p\u00e1tina y acabado envejecido - Denix - R\u00e9plique Manga Cin\u00e9","description":"Descubra el Denix M1 Garand patinado y envejecido: reproducci\u00f3n fiel, mecanismo funcional, madera maciza y Zamac envejecido. Venta libre en RMC","robots":{"index":"index","follow":"follow","max-snippet":"max-snippet:-1","max-image-preview":"max-image-preview:large","max-video-preview":"max-video-preview:-1"},"canonical":"https:\/\/repliquemangacine.fr\/es\/reproduccion-armas-segunda-guerra-mundial-denix\/m1-garand-patine-vieilli-denix\/","og_locale":"es_ES","og_type":"article","og_title":"M1 Garand patin\u00e9 et vieilli - Denix - R\u00e9plique Manga Cin\u00e9","og_description":"D\u00e9couvrez le M1 Garand patin\u00e9 et vieilli Denix : reproduction fid\u00e8le, m\u00e9canisme fonctionnel, bois massif et Zamac vieilli. Vente libre sur RMC","og_url":"https:\/\/repliquemangacine.fr\/es\/reproduccion-armas-segunda-guerra-mundial-denix\/m1-garand-patine-vieilli-denix\/","og_site_name":"R\u00e9plique Manga Cin\u00e9","article_publisher":"https:\/\/www.facebook.com\/RepliqueMangaCine","article_modified_time":"2025-12-06T15:45:35+00:00","og_image":[{"width":800,"height":800,"url":"https:\/\/repliquemangacine.fr\/wp-content\/uploads\/2025\/05\/M1-Garand-Vieilli.jpg","type":"image\/jpeg"}],"twitter_card":"summary_large_image","twitter_misc":{"Tiempo de lectura":"4 minutos"},"schema":{"@context":"https:\/\/schema.org","@graph":[{"@type":"WebPage","@id":"https:\/\/repliquemangacine.fr\/reproductions-armes-seconde-guerre-mondiale-denix\/m1-garand-patine-vieilli-denix\/","url":"https:\/\/repliquemangacine.fr\/reproductions-armes-seconde-guerre-mondiale-denix\/m1-garand-patine-vieilli-denix\/","name":"M1 Garand con p\u00e1tina y acabado envejecido - Denix - R\u00e9plique Manga Cin\u00e9","isPartOf":{"@id":"https:\/\/repliquemangacine.fr\/#website"},"primaryImageOfPage":{"@id":"https:\/\/repliquemangacine.fr\/reproductions-armes-seconde-guerre-mondiale-denix\/m1-garand-patine-vieilli-denix\/#primaryimage"},"image":{"@id":"https:\/\/repliquemangacine.fr\/reproductions-armes-seconde-guerre-mondiale-denix\/m1-garand-patine-vieilli-denix\/#primaryimage"},"thumbnailUrl":"https:\/\/repliquemangacine.fr\/wp-content\/uploads\/2025\/05\/M1-Garand-Vieilli.jpg","datePublished":"2025-05-30T16:44:54+00:00","dateModified":"2025-12-06T15:45:35+00:00","description":"Descubra el Denix M1 Garand patinado y envejecido: reproducci\u00f3n fiel, mecanismo funcional, madera maciza y Zamac envejecido. Venta libre en RMC","breadcrumb":{"@id":"https:\/\/repliquemangacine.fr\/reproductions-armes-seconde-guerre-mondiale-denix\/m1-garand-patine-vieilli-denix\/#breadcrumb"},"inLanguage":"es","potentialAction":[{"@type":"ReadAction","target":["https:\/\/repliquemangacine.fr\/reproductions-armes-seconde-guerre-mondiale-denix\/m1-garand-patine-vieilli-denix\/"]}]},{"@type":"ImageObject","inLanguage":"es","@id":"https:\/\/repliquemangacine.fr\/reproductions-armes-seconde-guerre-mondiale-denix\/m1-garand-patine-vieilli-denix\/#primaryimage","url":"https:\/\/repliquemangacine.fr\/wp-content\/uploads\/2025\/05\/M1-Garand-Vieilli.jpg","contentUrl":"https:\/\/repliquemangacine.fr\/wp-content\/uploads\/2025\/05\/M1-Garand-Vieilli.jpg","width":800,"height":800,"caption":"M1 Garand Vieilli Denix"},{"@type":"BreadcrumbList","@id":"https:\/\/repliquemangacine.fr\/reproductions-armes-seconde-guerre-mondiale-denix\/m1-garand-patine-vieilli-denix\/#breadcrumb","itemListElement":[{"@type":"ListItem","position":1,"name":"Accueil","item":"https:\/\/repliquemangacine.fr\/"},{"@type":"ListItem","position":2,"name":"Produits","item":"https:\/\/repliquemangacine.fr\/boutique\/"},{"@type":"ListItem","position":3,"name":"M1 Garand patin\u00e9 et vieilli &#8211; Denix"}]},{"@type":"WebSite","@id":"https:\/\/repliquemangacine.fr\/#website","url":"https:\/\/repliquemangacine.fr\/","name":"R\u00e9plique Manga Cin\u00e9","description":"","publisher":{"@id":"https:\/\/repliquemangacine.fr\/#organization"},"potentialAction":[{"@type":"SearchAction","target":{"@type":"EntryPoint","urlTemplate":"https:\/\/repliquemangacine.fr\/?s={search_term_string}"},"query-input":{"@type":"PropertyValueSpecification","valueRequired":true,"valueName":"search_term_string"}}],"inLanguage":"es"},{"@type":"Organization","@id":"https:\/\/repliquemangacine.fr\/#organization","name":"R\u00e9plique Manga Cin\u00e9","url":"https:\/\/repliquemangacine.fr\/","logo":{"@type":"ImageObject","inLanguage":"es","@id":"https:\/\/repliquemangacine.fr\/#\/schema\/logo\/image\/","url":"https:\/\/repliquemangacine.fr\/wp-content\/uploads\/2023\/10\/RMC-500250.png","contentUrl":"https:\/\/repliquemangacine.fr\/wp-content\/uploads\/2023\/10\/RMC-500250.png","width":500,"height":250,"caption":"R\u00e9plique Manga Cin\u00e9"},"image":{"@id":"https:\/\/repliquemangacine.fr\/#\/schema\/logo\/image\/"},"sameAs":["https:\/\/www.facebook.com\/RepliqueMangaCine","https:\/\/www.instagram.com\/repliquemangacine.fr\/"]}]}},"_links":{"self":[{"href":"https:\/\/repliquemangacine.fr\/es\/wp-json\/wp\/v2\/product\/84742","targetHints":{"allow":["GET"]}}],"collection":[{"href":"https:\/\/repliquemangacine.fr\/es\/wp-json\/wp\/v2\/product"}],"about":[{"href":"https:\/\/repliquemangacine.fr\/es\/wp-json\/wp\/v2\/types\/product"}],"wp:featuredmedia":[{"embeddable":true,"href":"https:\/\/repliquemangacine.fr\/es\/wp-json\/wp\/v2\/media\/84743"}],"wp:attachment":[{"href":"https:\/\/repliquemangacine.fr\/es\/wp-json\/wp\/v2\/media?parent=84742"}],"wp:term":[{"taxonomy":"product_brand","embeddable":true,"href":"https:\/\/repliquemangacine.fr\/es\/wp-json\/wp\/v2\/product_brand?post=84742"},{"taxonomy":"product_cat","embeddable":true,"href":"https:\/\/repliquemangacine.fr\/es\/wp-json\/wp\/v2\/product_cat?post=84742"},{"taxonomy":"product_tag","embeddable":true,"href":"https:\/\/repliquemangacine.fr\/es\/wp-json\/wp\/v2\/product_tag?post=84742"}],"curies":[{"name":"wp","href":"https:\/\/api.w.org\/{rel}","templated":true}]}}