





{"id":84659,"date":"2025-05-28T18:48:08","date_gmt":"2025-05-28T16:48:08","guid":{"rendered":"https:\/\/repliquemangacine.fr\/?post_type=product&#038;p=84659"},"modified":"2026-01-13T04:20:46","modified_gmt":"2026-01-13T03:20:46","slug":"subfusil-thompson-m1928a1-denix","status":"publish","type":"product","link":"https:\/\/repliquemangacine.fr\/es\/repliques-darmes\/mitraillette-thompson-m1928a1-denix\/","title":{"rendered":"Subfusil Thompson M1928A1 - P\u00e1tina de aspecto envejecido"},"content":{"rendered":"<h2>Subfusil Thompson M1928A1: un objeto de culto sorprendentemente realista<\/h2>\n<p>En primer lugar, redescubra el legendario subfusil Thompson M1928A1 en su versi\u00f3n patinada. <a href=\"https:\/\/www.denix.fr\/fr\/catalogue\/guerres-mondiales-1914-1945\/mitraillettes-et-mitrailleuses\/2093\/\" target=\"_blank\" rel=\"noopener noreferrer\">Denix<\/a>. Esta reproducci\u00f3n es un fiel homenaje. Con su culata de madera maciza y sus piezas met\u00e1licas envejecidas, impone un aut\u00e9ntico encanto retro. Su mecanismo de simulaci\u00f3n permite cargar, amartillar y percutir para un efecto realista impresionante. El cargador es extra\u00edble, lo que refuerza la sensaci\u00f3n de tener un arma real en las manos. Sin ning\u00fan riesgo: esta r\u00e9plica es totalmente incapaz de disparar, por lo que se puede coleccionar con total legalidad. Con un peso de 3745 gramos y una longitud de 86 cm, ofrece un agarre sorprendente.<\/p>\n<p>No se necesita autorizaci\u00f3n: esta r\u00e9plica est\u00e1 a la venta libremente para todos los aficionados. Esta pieza excepcional har\u00e1 las delicias de los apasionados de la historia, el cine o las recreaciones militares. Denix ofrece aqu\u00ed un modelo de alta gama que combina la est\u00e9tica vintage con la seguridad absoluta. En definitiva, una metralleta emblem\u00e1tica que atraviesa las \u00e9pocas sin perder un \u00e1pice de su encanto.<\/p>\n<h2>Un arma legendaria en el coraz\u00f3n de los grandes conflictos del siglo XX<\/h2>\n<p>La metralleta Thompson M1928A1 es un icono de la Segunda Guerra Mundial, utilizada por las tropas estadounidenses desde 1941. Apodada \u201cTommy Gun\u201d, fue muy popular entre los g\u00e1nsteres de los a\u00f1os 30 en Estados Unidos. Su dise\u00f1o robusto, su cadencia r\u00e1pida y su cargador de tambor la hicieron famosa desde sus inicios. Las fuerzas aliadas la adoptaron posteriormente por su fiabilidad en combate cuerpo a cuerpo. Acompa\u00f1\u00f3 a los soldados estadounidenses en todos los frentes: \u00c1frica, Europa y Pac\u00edfico. Por lo tanto, se la puede encontrar en manos de comandos, oficiales y unidades especiales. Su caracter\u00edstico ruido y su imponente silueta la convirtieron en un arma temida y respetada.<\/p>\n<p>De hecho, hoy en d\u00eda simboliza el compromiso de las fuerzas aliadas en la lucha contra los reg\u00edmenes totalitarios. Representar a la Thompson es rendir homenaje a la historia militar del siglo XX. Una pieza que lleva consigo la memoria de generaciones enteras de combatientes.<\/p>\n<h2>Imprescindible en R\u00e9plique Manag Cin\u00e9 junto a las mejores r\u00e9plicas de Denix.<\/h2>\n<p>El subfusil Thompson M1928A1 ya est\u00e1 disponible en R\u00e9plique Manga Cin\u00e9, como parte de nuestra colecci\u00f3n de armas hist\u00f3ricas patinadas. Se une a una exclusiva selecci\u00f3n de r\u00e9plicas Denix, famosas por su realismo y excepcional calidad de acabado. En la categor\u00eda Segunda Guerra Mundial, encontrar\u00e1 el legendario fusil Garand, el famoso <a href=\"https:\/\/repliquemangacine.fr\/es\/reproduccion-armas-segunda-guerra-mundial-denix\/mauser-k98-rifle-antiguo\/\">Fusil Mauser K98<\/a>,<br \/>\nas\u00ed como el legendario <a href=\"https:\/\/repliquemangacine.fr\/es\/reproduccion-armas-segunda-guerra-mundial-denix\/pistola-luger-p08-antigua\/\">Pistola Luger<\/a>, todas ellas con un bonito efecto envejecido. Estas emblem\u00e1ticas piezas reviven la historia a trav\u00e9s de reproducciones totalmente legales y de una fidelidad asombrosa.<\/p>\n<p>Nuestra colecci\u00f3n Western tambi\u00e9n ofrece <a href=\"https:\/\/repliquemangacine.fr\/es\/armas-occidentales\/\">Potros Vaqueros<\/a> desde el Salvaje Oeste hasta Hollywood. Por \u00faltimo <a href=\"https:\/\/repliquemangacine.fr\/es\/rifle-antiguo\/\">rifles antiguos<\/a>Disponemos de una amplia gama de productos, como el majestuoso fusil Napole\u00f3n, perfecto para los entusiastas de las armas de \u00e9poca. Cada producto se selecciona por su autenticidad, su est\u00e9tica y su capacidad para enriquecer su colecci\u00f3n con pasi\u00f3n.<\/p>","protected":false},"excerpt":{"rendered":"<p>Magn\u00edfica reproducci\u00f3n de la pistola ametralladora Thompson M1A1 - Colecci\u00f3n con p\u00e1tina y edad.<\/p>\n<ul>\n<li>Culata de madera maciza.<\/li>\n<li>Piezas met\u00e1licas de Zamac patinado y envejecido.<\/li>\n<li>Mecanismo de carga y simulaci\u00f3n de incendios.<\/li>\n<li>Cargador extra\u00edble.<\/li>\n<li>Arma y golpea, pero totalmente incapaz de disparar.<\/li>\n<li>Longitud: 86 cm - Peso: 3745 grs<\/li>\n<li>No se requiere autorizaci\u00f3n. Venta y posesi\u00f3n libres<\/li>\n<\/ul>","protected":false},"featured_media":84661,"template":"","meta":[],"product_brand":[896],"product_cat":[46,54,28,76],"product_tag":[],"class_list":{"0":"post-84659","1":"product","2":"type-product","3":"status-publish","4":"has-post-thumbnail","6":"product_brand-replique-manga-cine","7":"product_cat-fusil-d-assaut-fusil-moderne","8":"product_cat-armes-accessoires-guerre-mondiale","9":"product_cat-repliques-darmes","10":"product_cat-reproductions-armes-seconde-guerre-mondiale-denix","12":"first","13":"instock","14":"taxable","15":"shipping-taxable","16":"purchasable","17":"product-type-simple"},"yoast_head":"<!-- This site is optimized with the Yoast SEO plugin v27.4 - https:\/\/yoast.com\/product\/yoast-seo-wordpress\/ -->\n<title>Mitraillette Thompson M1928A1 - Patin\u00e9 aspect Vieilli - R\u00e9plique Manga Cin\u00e9<\/title>\n<meta name=\"description\" content=\"R\u00e9plique patin\u00e9e de la mitraillette Thompson M1928A1 par Denix, fid\u00e8le \u00e0 l&#039;originale. Id\u00e9ale pour collectionneurs et passionn\u00e9s d\u2019histoire militaire.\" \/>\n<meta name=\"robots\" content=\"index, follow, max-snippet:-1, max-image-preview:large, max-video-preview:-1\" \/>\n<link rel=\"canonical\" href=\"https:\/\/repliquemangacine.fr\/es\/replicas-de-armas\/subfusil-thompson-m1928a1-denix\/\" \/>\n<meta property=\"og:locale\" content=\"es_ES\" \/>\n<meta property=\"og:type\" content=\"article\" \/>\n<meta property=\"og:title\" content=\"Mitraillette Thompson M1928A1 - Patin\u00e9 aspect Vieilli - R\u00e9plique Manga Cin\u00e9\" \/>\n<meta property=\"og:description\" content=\"R\u00e9plique patin\u00e9e de la mitraillette Thompson M1928A1 par Denix, fid\u00e8le \u00e0 l&#039;originale. Id\u00e9ale pour collectionneurs et passionn\u00e9s d\u2019histoire militaire.\" \/>\n<meta property=\"og:url\" content=\"https:\/\/repliquemangacine.fr\/es\/replicas-de-armas\/subfusil-thompson-m1928a1-denix\/\" \/>\n<meta property=\"og:site_name\" content=\"R\u00e9plique Manga Cin\u00e9\" \/>\n<meta property=\"article:publisher\" content=\"https:\/\/www.facebook.com\/RepliqueMangaCine\" \/>\n<meta property=\"article:modified_time\" content=\"2026-01-13T03:20:46+00:00\" \/>\n<meta property=\"og:image\" content=\"https:\/\/repliquemangacine.fr\/wp-content\/uploads\/2025\/05\/Mitraillette-Thompson-M1928A1.jpg\" \/>\n\t<meta property=\"og:image:width\" content=\"800\" \/>\n\t<meta property=\"og:image:height\" content=\"800\" \/>\n\t<meta property=\"og:image:type\" content=\"image\/jpeg\" \/>\n<meta name=\"twitter:card\" content=\"summary_large_image\" \/>\n<meta name=\"twitter:label1\" content=\"Tiempo de lectura\" \/>\n\t<meta name=\"twitter:data1\" content=\"3 minutos\" \/>\n<script type=\"application\/ld+json\" class=\"yoast-schema-graph\">{\"@context\":\"https:\\\/\\\/schema.org\",\"@graph\":[{\"@type\":\"WebPage\",\"@id\":\"https:\\\/\\\/repliquemangacine.fr\\\/repliques-darmes\\\/mitraillette-thompson-m1928a1-denix\\\/\",\"url\":\"https:\\\/\\\/repliquemangacine.fr\\\/repliques-darmes\\\/mitraillette-thompson-m1928a1-denix\\\/\",\"name\":\"Mitraillette Thompson M1928A1 - Patin\u00e9 aspect Vieilli - R\u00e9plique Manga Cin\u00e9\",\"isPartOf\":{\"@id\":\"https:\\\/\\\/repliquemangacine.fr\\\/#website\"},\"primaryImageOfPage\":{\"@id\":\"https:\\\/\\\/repliquemangacine.fr\\\/repliques-darmes\\\/mitraillette-thompson-m1928a1-denix\\\/#primaryimage\"},\"image\":{\"@id\":\"https:\\\/\\\/repliquemangacine.fr\\\/repliques-darmes\\\/mitraillette-thompson-m1928a1-denix\\\/#primaryimage\"},\"thumbnailUrl\":\"https:\\\/\\\/repliquemangacine.fr\\\/wp-content\\\/uploads\\\/2025\\\/05\\\/Mitraillette-Thompson-M1928A1.jpg\",\"datePublished\":\"2025-05-28T16:48:08+00:00\",\"dateModified\":\"2026-01-13T03:20:46+00:00\",\"description\":\"R\u00e9plique patin\u00e9e de la mitraillette Thompson M1928A1 par Denix, fid\u00e8le \u00e0 l'originale. Id\u00e9ale pour collectionneurs et passionn\u00e9s d\u2019histoire militaire.\",\"breadcrumb\":{\"@id\":\"https:\\\/\\\/repliquemangacine.fr\\\/repliques-darmes\\\/mitraillette-thompson-m1928a1-denix\\\/#breadcrumb\"},\"inLanguage\":\"es\",\"potentialAction\":[{\"@type\":\"ReadAction\",\"target\":[\"https:\\\/\\\/repliquemangacine.fr\\\/repliques-darmes\\\/mitraillette-thompson-m1928a1-denix\\\/\"]}]},{\"@type\":\"ImageObject\",\"inLanguage\":\"es\",\"@id\":\"https:\\\/\\\/repliquemangacine.fr\\\/repliques-darmes\\\/mitraillette-thompson-m1928a1-denix\\\/#primaryimage\",\"url\":\"https:\\\/\\\/repliquemangacine.fr\\\/wp-content\\\/uploads\\\/2025\\\/05\\\/Mitraillette-Thompson-M1928A1.jpg\",\"contentUrl\":\"https:\\\/\\\/repliquemangacine.fr\\\/wp-content\\\/uploads\\\/2025\\\/05\\\/Mitraillette-Thompson-M1928A1.jpg\",\"width\":800,\"height\":800,\"caption\":\"Mitraillette Thompson M1928A1\"},{\"@type\":\"BreadcrumbList\",\"@id\":\"https:\\\/\\\/repliquemangacine.fr\\\/repliques-darmes\\\/mitraillette-thompson-m1928a1-denix\\\/#breadcrumb\",\"itemListElement\":[{\"@type\":\"ListItem\",\"position\":1,\"name\":\"Accueil\",\"item\":\"https:\\\/\\\/repliquemangacine.fr\\\/\"},{\"@type\":\"ListItem\",\"position\":2,\"name\":\"Produits\",\"item\":\"https:\\\/\\\/repliquemangacine.fr\\\/boutique\\\/\"},{\"@type\":\"ListItem\",\"position\":3,\"name\":\"Mitraillette Thompson M1928A1 &#8211; Patin\u00e9 aspect Vieilli\"}]},{\"@type\":\"WebSite\",\"@id\":\"https:\\\/\\\/repliquemangacine.fr\\\/#website\",\"url\":\"https:\\\/\\\/repliquemangacine.fr\\\/\",\"name\":\"R\u00e9plique Manga Cin\u00e9\",\"description\":\"\",\"publisher\":{\"@id\":\"https:\\\/\\\/repliquemangacine.fr\\\/#organization\"},\"potentialAction\":[{\"@type\":\"SearchAction\",\"target\":{\"@type\":\"EntryPoint\",\"urlTemplate\":\"https:\\\/\\\/repliquemangacine.fr\\\/?s={search_term_string}\"},\"query-input\":{\"@type\":\"PropertyValueSpecification\",\"valueRequired\":true,\"valueName\":\"search_term_string\"}}],\"inLanguage\":\"es\"},{\"@type\":\"Organization\",\"@id\":\"https:\\\/\\\/repliquemangacine.fr\\\/#organization\",\"name\":\"R\u00e9plique Manga Cin\u00e9\",\"url\":\"https:\\\/\\\/repliquemangacine.fr\\\/\",\"logo\":{\"@type\":\"ImageObject\",\"inLanguage\":\"es\",\"@id\":\"https:\\\/\\\/repliquemangacine.fr\\\/#\\\/schema\\\/logo\\\/image\\\/\",\"url\":\"https:\\\/\\\/repliquemangacine.fr\\\/wp-content\\\/uploads\\\/2023\\\/10\\\/RMC-500250.png\",\"contentUrl\":\"https:\\\/\\\/repliquemangacine.fr\\\/wp-content\\\/uploads\\\/2023\\\/10\\\/RMC-500250.png\",\"width\":500,\"height\":250,\"caption\":\"R\u00e9plique Manga Cin\u00e9\"},\"image\":{\"@id\":\"https:\\\/\\\/repliquemangacine.fr\\\/#\\\/schema\\\/logo\\\/image\\\/\"},\"sameAs\":[\"https:\\\/\\\/www.facebook.com\\\/RepliqueMangaCine\",\"https:\\\/\\\/www.instagram.com\\\/repliquemangacine.fr\\\/\"]}]}<\/script>\n<!-- \/ Yoast SEO plugin. -->","yoast_head_json":{"title":"Subfusil Thompson M1928A1 - Aspecto envejecido - R\u00e9plique Manga Cin\u00e9","description":"R\u00e9plica patinada del subfusil Thompson M1928A1 de Denix, fiel al original. Ideal para coleccionistas y entusiastas de la historia militar.","robots":{"index":"index","follow":"follow","max-snippet":"max-snippet:-1","max-image-preview":"max-image-preview:large","max-video-preview":"max-video-preview:-1"},"canonical":"https:\/\/repliquemangacine.fr\/es\/replicas-de-armas\/subfusil-thompson-m1928a1-denix\/","og_locale":"es_ES","og_type":"article","og_title":"Mitraillette Thompson M1928A1 - Patin\u00e9 aspect Vieilli - R\u00e9plique Manga Cin\u00e9","og_description":"R\u00e9plique patin\u00e9e de la mitraillette Thompson M1928A1 par Denix, fid\u00e8le \u00e0 l'originale. Id\u00e9ale pour collectionneurs et passionn\u00e9s d\u2019histoire militaire.","og_url":"https:\/\/repliquemangacine.fr\/es\/replicas-de-armas\/subfusil-thompson-m1928a1-denix\/","og_site_name":"R\u00e9plique Manga Cin\u00e9","article_publisher":"https:\/\/www.facebook.com\/RepliqueMangaCine","article_modified_time":"2026-01-13T03:20:46+00:00","og_image":[{"width":800,"height":800,"url":"https:\/\/repliquemangacine.fr\/wp-content\/uploads\/2025\/05\/Mitraillette-Thompson-M1928A1.jpg","type":"image\/jpeg"}],"twitter_card":"summary_large_image","twitter_misc":{"Tiempo de lectura":"3 minutos"},"schema":{"@context":"https:\/\/schema.org","@graph":[{"@type":"WebPage","@id":"https:\/\/repliquemangacine.fr\/repliques-darmes\/mitraillette-thompson-m1928a1-denix\/","url":"https:\/\/repliquemangacine.fr\/repliques-darmes\/mitraillette-thompson-m1928a1-denix\/","name":"Subfusil Thompson M1928A1 - Aspecto envejecido - R\u00e9plique Manga Cin\u00e9","isPartOf":{"@id":"https:\/\/repliquemangacine.fr\/#website"},"primaryImageOfPage":{"@id":"https:\/\/repliquemangacine.fr\/repliques-darmes\/mitraillette-thompson-m1928a1-denix\/#primaryimage"},"image":{"@id":"https:\/\/repliquemangacine.fr\/repliques-darmes\/mitraillette-thompson-m1928a1-denix\/#primaryimage"},"thumbnailUrl":"https:\/\/repliquemangacine.fr\/wp-content\/uploads\/2025\/05\/Mitraillette-Thompson-M1928A1.jpg","datePublished":"2025-05-28T16:48:08+00:00","dateModified":"2026-01-13T03:20:46+00:00","description":"R\u00e9plica patinada del subfusil Thompson M1928A1 de Denix, fiel al original. Ideal para coleccionistas y entusiastas de la historia militar.","breadcrumb":{"@id":"https:\/\/repliquemangacine.fr\/repliques-darmes\/mitraillette-thompson-m1928a1-denix\/#breadcrumb"},"inLanguage":"es","potentialAction":[{"@type":"ReadAction","target":["https:\/\/repliquemangacine.fr\/repliques-darmes\/mitraillette-thompson-m1928a1-denix\/"]}]},{"@type":"ImageObject","inLanguage":"es","@id":"https:\/\/repliquemangacine.fr\/repliques-darmes\/mitraillette-thompson-m1928a1-denix\/#primaryimage","url":"https:\/\/repliquemangacine.fr\/wp-content\/uploads\/2025\/05\/Mitraillette-Thompson-M1928A1.jpg","contentUrl":"https:\/\/repliquemangacine.fr\/wp-content\/uploads\/2025\/05\/Mitraillette-Thompson-M1928A1.jpg","width":800,"height":800,"caption":"Mitraillette Thompson M1928A1"},{"@type":"BreadcrumbList","@id":"https:\/\/repliquemangacine.fr\/repliques-darmes\/mitraillette-thompson-m1928a1-denix\/#breadcrumb","itemListElement":[{"@type":"ListItem","position":1,"name":"Accueil","item":"https:\/\/repliquemangacine.fr\/"},{"@type":"ListItem","position":2,"name":"Produits","item":"https:\/\/repliquemangacine.fr\/boutique\/"},{"@type":"ListItem","position":3,"name":"Mitraillette Thompson M1928A1 &#8211; Patin\u00e9 aspect Vieilli"}]},{"@type":"WebSite","@id":"https:\/\/repliquemangacine.fr\/#website","url":"https:\/\/repliquemangacine.fr\/","name":"R\u00e9plique Manga Cin\u00e9","description":"","publisher":{"@id":"https:\/\/repliquemangacine.fr\/#organization"},"potentialAction":[{"@type":"SearchAction","target":{"@type":"EntryPoint","urlTemplate":"https:\/\/repliquemangacine.fr\/?s={search_term_string}"},"query-input":{"@type":"PropertyValueSpecification","valueRequired":true,"valueName":"search_term_string"}}],"inLanguage":"es"},{"@type":"Organization","@id":"https:\/\/repliquemangacine.fr\/#organization","name":"R\u00e9plique Manga Cin\u00e9","url":"https:\/\/repliquemangacine.fr\/","logo":{"@type":"ImageObject","inLanguage":"es","@id":"https:\/\/repliquemangacine.fr\/#\/schema\/logo\/image\/","url":"https:\/\/repliquemangacine.fr\/wp-content\/uploads\/2023\/10\/RMC-500250.png","contentUrl":"https:\/\/repliquemangacine.fr\/wp-content\/uploads\/2023\/10\/RMC-500250.png","width":500,"height":250,"caption":"R\u00e9plique Manga Cin\u00e9"},"image":{"@id":"https:\/\/repliquemangacine.fr\/#\/schema\/logo\/image\/"},"sameAs":["https:\/\/www.facebook.com\/RepliqueMangaCine","https:\/\/www.instagram.com\/repliquemangacine.fr\/"]}]}},"_links":{"self":[{"href":"https:\/\/repliquemangacine.fr\/es\/wp-json\/wp\/v2\/product\/84659","targetHints":{"allow":["GET"]}}],"collection":[{"href":"https:\/\/repliquemangacine.fr\/es\/wp-json\/wp\/v2\/product"}],"about":[{"href":"https:\/\/repliquemangacine.fr\/es\/wp-json\/wp\/v2\/types\/product"}],"wp:featuredmedia":[{"embeddable":true,"href":"https:\/\/repliquemangacine.fr\/es\/wp-json\/wp\/v2\/media\/84661"}],"wp:attachment":[{"href":"https:\/\/repliquemangacine.fr\/es\/wp-json\/wp\/v2\/media?parent=84659"}],"wp:term":[{"taxonomy":"product_brand","embeddable":true,"href":"https:\/\/repliquemangacine.fr\/es\/wp-json\/wp\/v2\/product_brand?post=84659"},{"taxonomy":"product_cat","embeddable":true,"href":"https:\/\/repliquemangacine.fr\/es\/wp-json\/wp\/v2\/product_cat?post=84659"},{"taxonomy":"product_tag","embeddable":true,"href":"https:\/\/repliquemangacine.fr\/es\/wp-json\/wp\/v2\/product_tag?post=84659"}],"curies":[{"name":"wp","href":"https:\/\/api.w.org\/{rel}","templated":true}]}}