





{"id":84574,"date":"2025-05-24T20:42:53","date_gmt":"2025-05-24T18:42:53","guid":{"rendered":"https:\/\/repliquemangacine.fr\/?post_type=product&#038;p=84574"},"modified":"2025-11-13T00:43:30","modified_gmt":"2025-11-12T23:43:30","slug":"espada-tradicional-de-la-dinastia-ming","status":"publish","type":"product","link":"https:\/\/repliquemangacine.fr\/es\/katana-decoration\/epee-traditionnelle-dynastie-ming\/","title":{"rendered":"Espada tradicional de la dinast\u00eda Ming"},"content":{"rendered":"<h2>Espada tradicional de la dinast\u00eda Ming: maciza e impresionante<\/h2>\n<p>En primer lugar, este <strong>Espada tradicional de la dinast\u00eda Ming<\/strong>, se inspira directamente en los modelos ceremoniales que llevaban los oficiales en las grandes ceremonias imperiales. De hecho, durante la dinast\u00eda Ming, el refinamiento de las armas reflejaba el poder del imperio y la maestr\u00eda de los artesanos imperiales. Su imponente dise\u00f1o evoca una \u00e9poca en la que la autoridad se manifestaba tanto a trav\u00e9s del acero como de la magnificencia de los adornos. Cada elemento de esta hoja rinde homenaje al fasto, la disciplina y el prestigio de los militares de alto rango. Su aspecto noble recuerda los desfiles en las cortes reales y las demostraciones marciales en los palacios prohibidos.<br \/>\nEste tipo de espada era la prolongaci\u00f3n del estatus social, una prueba de lealtad al emperador y a sus valores. Llevada como un emblema, impresionaba tanto por su belleza como por el simbolismo que encarnaba. Una pieza que, a\u00fan hoy, fascina por su presencia y su notable poder visual.<\/p>\n<h2>El arma de prestigio de un imperio refinado y temido<\/h2>\n<p>Cabe destacar que, en la \u00e9poca Ming, las armas no eran simples herramientas de guerra. Eran el reflejo de un imperio refinado, seguro de su fuerza y de su legitimidad divina. Esta espada es un ejemplo perfecto, con su aspecto majestuoso y sus adornos finamente trabajados. No estaba destinada al campo de batalla, sino a imponer respeto y lealtad. Utilizada en ceremonias, desfiles militares o demostraciones marciales, ten\u00eda un significado tanto simb\u00f3lico como funcional.<br \/>\nLos dragones, omnipresentes en sus grabados, se asocian con el emperador, el poder celestial y la longevidad. De hecho, cada detalle evoca la grandeza de una \u00e9poca en la que el arte y la autoridad eran uno. Hoy en d\u00eda, se ha convertido en una pieza muy codiciada por los coleccionistas, que combina misterio, prestigio y aura imperial. En definitiva, un objeto decorativo \u00fanico que parece sacado de un museo o de un palacio olvidado.<\/p>\n<h2>Una epopeya imperial grabada en acero<\/h2>\n<p>La dinast\u00eda Ming marc\u00f3 uno de los per\u00edodos m\u00e1s brillantes de la historia imperial china. El comercio, las artes, la exploraci\u00f3n y la fuerza militar alcanzaron su apogeo bajo la atenta mirada del emperador.<br \/>\nEsta espada podr\u00eda ser la de un capit\u00e1n leal que protege la frontera o la de un guardia apostado en la <a href=\"https:\/\/chinoistips.com\/cite-interdite\/\" target=\"_blank\" rel=\"noopener noreferrer\">Ciudad Prohibida<\/a>. Evoca el esplendor de una \u00e9poca en la que el protocolo, la jerarqu\u00eda y el honor dominaban todos los aspectos de la sociedad. As\u00ed, cada curva, cada grabado narra un fragmento de esta epopeya imperial en la que la lealtad rimaba con grandeza.<br \/>\nEl drag\u00f3n, figura central, vela por la hoja como por el Imperio, s\u00edmbolo de poder eterno y justicia divina. Al exponer esta pieza, expone una historia, un legado, una leyenda. En definitiva, invita a su hogar al alma de los Ming, cargada de misterio y nobleza imperial. En nuestra p\u00e1gina web tambi\u00e9n encontrar\u00e1 el\u2019<a href=\"https:\/\/repliquemangacine.fr\/es\/decoracion-katana\/espada-tradicional-de-la-dinastia-tang\/\">Espada tradicional de la dinast\u00eda Tang<\/a>.<\/p>","protected":false},"excerpt":{"rendered":"<p>Majestuosa espada tradicional del Drag\u00f3n de la Dinast\u00eda Ming.<\/p>\n<ul>\n<li>Hoja de acero inoxidable sin filo con un drag\u00f3n grabado en la parte superior de la hoja.<\/li>\n<li>Guarda de acero macizo envejecido con decoraci\u00f3n de drag\u00f3n<\/li>\n<li>Mango largo de acero ricamente decorado con drag\u00f3n y correa de cuero en el centro para un buen agarre.<\/li>\n<li>Pomo de acero macizo tambi\u00e9n ricamente decorado<\/li>\n<li>Vaina de madera forrada de tela gruesa negra con decoraci\u00f3n de dragones.<\/li>\n<li>Cuatro piezas de acero envejecido finamente decoradas a lo largo de la vaina.<\/li>\n<li>Cord\u00f3n negro con dos pompones y cuentas de madera<\/li>\n<li>Longitud de la hoja: 89 cm - Longitud total sin vaina: 132 cm y 140 cm con vaina<\/li>\n<li>Peso: 2040g espada sola y 2650g con vaina<\/li>\n<\/ul>","protected":false},"featured_media":84576,"template":"","meta":[],"product_brand":[896],"product_cat":[44,26,32],"product_tag":[],"class_list":{"0":"post-84574","1":"product","2":"type-product","3":"status-publish","4":"has-post-thumbnail","6":"product_brand-replique-manga-cine","7":"product_cat-epees-et-dagues-fantasy","8":"product_cat-katana-epee","9":"product_cat-katana-decoration","11":"first","12":"instock","13":"taxable","14":"shipping-taxable","15":"purchasable","16":"product-type-simple"},"yoast_head":"<!-- This site is optimized with the Yoast SEO plugin v27.4 - https:\/\/yoast.com\/product\/yoast-seo-wordpress\/ -->\n<title>\u00c9p\u00e9e Traditionnelle Dynastie Ming - R\u00e9plique Manga Cin\u00e9<\/title>\n<meta name=\"description\" content=\"D\u00e9couvrez un chef-d\u2019\u0153uvre de tradition chinoise avec cette \u00c9p\u00e9e Traditionnelle Dynastie Ming, d\u00e9cor\u00e9 de dragons symboliques et de finitions somptueuses.\" \/>\n<meta name=\"robots\" content=\"index, follow, max-snippet:-1, max-image-preview:large, max-video-preview:-1\" \/>\n<link rel=\"canonical\" href=\"https:\/\/repliquemangacine.fr\/es\/decoracion-katana\/espada-tradicional-de-la-dinastia-ming\/\" \/>\n<meta property=\"og:locale\" content=\"es_ES\" \/>\n<meta property=\"og:type\" content=\"article\" \/>\n<meta property=\"og:title\" content=\"\u00c9p\u00e9e Traditionnelle Dynastie Ming - R\u00e9plique Manga Cin\u00e9\" \/>\n<meta property=\"og:description\" content=\"D\u00e9couvrez un chef-d\u2019\u0153uvre de tradition chinoise avec cette \u00c9p\u00e9e Traditionnelle Dynastie Ming, d\u00e9cor\u00e9 de dragons symboliques et de finitions somptueuses.\" \/>\n<meta property=\"og:url\" content=\"https:\/\/repliquemangacine.fr\/es\/decoracion-katana\/espada-tradicional-de-la-dinastia-ming\/\" \/>\n<meta property=\"og:site_name\" content=\"R\u00e9plique Manga Cin\u00e9\" \/>\n<meta property=\"article:publisher\" content=\"https:\/\/www.facebook.com\/RepliqueMangaCine\" \/>\n<meta property=\"article:modified_time\" content=\"2025-11-12T23:43:30+00:00\" \/>\n<meta property=\"og:image\" content=\"https:\/\/repliquemangacine.fr\/wp-content\/uploads\/2025\/05\/Epee-Traditionnelle-Dynastie-Ming.jpg\" \/>\n\t<meta property=\"og:image:width\" content=\"1000\" \/>\n\t<meta property=\"og:image:height\" content=\"1000\" \/>\n\t<meta property=\"og:image:type\" content=\"image\/jpeg\" \/>\n<meta name=\"twitter:card\" content=\"summary_large_image\" \/>\n<meta name=\"twitter:label1\" content=\"Tiempo de lectura\" \/>\n\t<meta name=\"twitter:data1\" content=\"3 minutos\" \/>\n<script type=\"application\/ld+json\" class=\"yoast-schema-graph\">{\"@context\":\"https:\\\/\\\/schema.org\",\"@graph\":[{\"@type\":\"WebPage\",\"@id\":\"https:\\\/\\\/repliquemangacine.fr\\\/katana-decoration\\\/epee-traditionnelle-dynastie-ming\\\/\",\"url\":\"https:\\\/\\\/repliquemangacine.fr\\\/katana-decoration\\\/epee-traditionnelle-dynastie-ming\\\/\",\"name\":\"\u00c9p\u00e9e Traditionnelle Dynastie Ming - R\u00e9plique Manga Cin\u00e9\",\"isPartOf\":{\"@id\":\"https:\\\/\\\/repliquemangacine.fr\\\/#website\"},\"primaryImageOfPage\":{\"@id\":\"https:\\\/\\\/repliquemangacine.fr\\\/katana-decoration\\\/epee-traditionnelle-dynastie-ming\\\/#primaryimage\"},\"image\":{\"@id\":\"https:\\\/\\\/repliquemangacine.fr\\\/katana-decoration\\\/epee-traditionnelle-dynastie-ming\\\/#primaryimage\"},\"thumbnailUrl\":\"https:\\\/\\\/repliquemangacine.fr\\\/wp-content\\\/uploads\\\/2025\\\/05\\\/Epee-Traditionnelle-Dynastie-Ming.jpg\",\"datePublished\":\"2025-05-24T18:42:53+00:00\",\"dateModified\":\"2025-11-12T23:43:30+00:00\",\"description\":\"D\u00e9couvrez un chef-d\u2019\u0153uvre de tradition chinoise avec cette \u00c9p\u00e9e Traditionnelle Dynastie Ming, d\u00e9cor\u00e9 de dragons symboliques et de finitions somptueuses.\",\"breadcrumb\":{\"@id\":\"https:\\\/\\\/repliquemangacine.fr\\\/katana-decoration\\\/epee-traditionnelle-dynastie-ming\\\/#breadcrumb\"},\"inLanguage\":\"es\",\"potentialAction\":[{\"@type\":\"ReadAction\",\"target\":[\"https:\\\/\\\/repliquemangacine.fr\\\/katana-decoration\\\/epee-traditionnelle-dynastie-ming\\\/\"]}]},{\"@type\":\"ImageObject\",\"inLanguage\":\"es\",\"@id\":\"https:\\\/\\\/repliquemangacine.fr\\\/katana-decoration\\\/epee-traditionnelle-dynastie-ming\\\/#primaryimage\",\"url\":\"https:\\\/\\\/repliquemangacine.fr\\\/wp-content\\\/uploads\\\/2025\\\/05\\\/Epee-Traditionnelle-Dynastie-Ming.jpg\",\"contentUrl\":\"https:\\\/\\\/repliquemangacine.fr\\\/wp-content\\\/uploads\\\/2025\\\/05\\\/Epee-Traditionnelle-Dynastie-Ming.jpg\",\"width\":1000,\"height\":1000,\"caption\":\"\u00c9p\u00e9e Traditionnelle Dynastie Ming\"},{\"@type\":\"BreadcrumbList\",\"@id\":\"https:\\\/\\\/repliquemangacine.fr\\\/katana-decoration\\\/epee-traditionnelle-dynastie-ming\\\/#breadcrumb\",\"itemListElement\":[{\"@type\":\"ListItem\",\"position\":1,\"name\":\"Accueil\",\"item\":\"https:\\\/\\\/repliquemangacine.fr\\\/\"},{\"@type\":\"ListItem\",\"position\":2,\"name\":\"Produits\",\"item\":\"https:\\\/\\\/repliquemangacine.fr\\\/boutique\\\/\"},{\"@type\":\"ListItem\",\"position\":3,\"name\":\"\u00c9p\u00e9e Traditionnelle Dynastie Ming\"}]},{\"@type\":\"WebSite\",\"@id\":\"https:\\\/\\\/repliquemangacine.fr\\\/#website\",\"url\":\"https:\\\/\\\/repliquemangacine.fr\\\/\",\"name\":\"R\u00e9plique Manga Cin\u00e9\",\"description\":\"\",\"publisher\":{\"@id\":\"https:\\\/\\\/repliquemangacine.fr\\\/#organization\"},\"potentialAction\":[{\"@type\":\"SearchAction\",\"target\":{\"@type\":\"EntryPoint\",\"urlTemplate\":\"https:\\\/\\\/repliquemangacine.fr\\\/?s={search_term_string}\"},\"query-input\":{\"@type\":\"PropertyValueSpecification\",\"valueRequired\":true,\"valueName\":\"search_term_string\"}}],\"inLanguage\":\"es\"},{\"@type\":\"Organization\",\"@id\":\"https:\\\/\\\/repliquemangacine.fr\\\/#organization\",\"name\":\"R\u00e9plique Manga Cin\u00e9\",\"url\":\"https:\\\/\\\/repliquemangacine.fr\\\/\",\"logo\":{\"@type\":\"ImageObject\",\"inLanguage\":\"es\",\"@id\":\"https:\\\/\\\/repliquemangacine.fr\\\/#\\\/schema\\\/logo\\\/image\\\/\",\"url\":\"https:\\\/\\\/repliquemangacine.fr\\\/wp-content\\\/uploads\\\/2023\\\/10\\\/RMC-500250.png\",\"contentUrl\":\"https:\\\/\\\/repliquemangacine.fr\\\/wp-content\\\/uploads\\\/2023\\\/10\\\/RMC-500250.png\",\"width\":500,\"height\":250,\"caption\":\"R\u00e9plique Manga Cin\u00e9\"},\"image\":{\"@id\":\"https:\\\/\\\/repliquemangacine.fr\\\/#\\\/schema\\\/logo\\\/image\\\/\"},\"sameAs\":[\"https:\\\/\\\/www.facebook.com\\\/RepliqueMangaCine\",\"https:\\\/\\\/www.instagram.com\\\/repliquemangacine.fr\\\/\"]}]}<\/script>\n<!-- \/ Yoast SEO plugin. -->","yoast_head_json":{"title":"Espada tradicional de la dinast\u00eda Ming - R\u00e9plique Manga Cin\u00e9","description":"Descubra una obra maestra de la tradici\u00f3n china con esta espada tradicional de la dinast\u00eda Ming, decorada con dragones simb\u00f3licos y suntuosamente acabada.","robots":{"index":"index","follow":"follow","max-snippet":"max-snippet:-1","max-image-preview":"max-image-preview:large","max-video-preview":"max-video-preview:-1"},"canonical":"https:\/\/repliquemangacine.fr\/es\/decoracion-katana\/espada-tradicional-de-la-dinastia-ming\/","og_locale":"es_ES","og_type":"article","og_title":"\u00c9p\u00e9e Traditionnelle Dynastie Ming - R\u00e9plique Manga Cin\u00e9","og_description":"D\u00e9couvrez un chef-d\u2019\u0153uvre de tradition chinoise avec cette \u00c9p\u00e9e Traditionnelle Dynastie Ming, d\u00e9cor\u00e9 de dragons symboliques et de finitions somptueuses.","og_url":"https:\/\/repliquemangacine.fr\/es\/decoracion-katana\/espada-tradicional-de-la-dinastia-ming\/","og_site_name":"R\u00e9plique Manga Cin\u00e9","article_publisher":"https:\/\/www.facebook.com\/RepliqueMangaCine","article_modified_time":"2025-11-12T23:43:30+00:00","og_image":[{"width":1000,"height":1000,"url":"https:\/\/repliquemangacine.fr\/wp-content\/uploads\/2025\/05\/Epee-Traditionnelle-Dynastie-Ming.jpg","type":"image\/jpeg"}],"twitter_card":"summary_large_image","twitter_misc":{"Tiempo de lectura":"3 minutos"},"schema":{"@context":"https:\/\/schema.org","@graph":[{"@type":"WebPage","@id":"https:\/\/repliquemangacine.fr\/katana-decoration\/epee-traditionnelle-dynastie-ming\/","url":"https:\/\/repliquemangacine.fr\/katana-decoration\/epee-traditionnelle-dynastie-ming\/","name":"Espada tradicional de la dinast\u00eda Ming - R\u00e9plique Manga Cin\u00e9","isPartOf":{"@id":"https:\/\/repliquemangacine.fr\/#website"},"primaryImageOfPage":{"@id":"https:\/\/repliquemangacine.fr\/katana-decoration\/epee-traditionnelle-dynastie-ming\/#primaryimage"},"image":{"@id":"https:\/\/repliquemangacine.fr\/katana-decoration\/epee-traditionnelle-dynastie-ming\/#primaryimage"},"thumbnailUrl":"https:\/\/repliquemangacine.fr\/wp-content\/uploads\/2025\/05\/Epee-Traditionnelle-Dynastie-Ming.jpg","datePublished":"2025-05-24T18:42:53+00:00","dateModified":"2025-11-12T23:43:30+00:00","description":"Descubra una obra maestra de la tradici\u00f3n china con esta espada tradicional de la dinast\u00eda Ming, decorada con dragones simb\u00f3licos y suntuosamente acabada.","breadcrumb":{"@id":"https:\/\/repliquemangacine.fr\/katana-decoration\/epee-traditionnelle-dynastie-ming\/#breadcrumb"},"inLanguage":"es","potentialAction":[{"@type":"ReadAction","target":["https:\/\/repliquemangacine.fr\/katana-decoration\/epee-traditionnelle-dynastie-ming\/"]}]},{"@type":"ImageObject","inLanguage":"es","@id":"https:\/\/repliquemangacine.fr\/katana-decoration\/epee-traditionnelle-dynastie-ming\/#primaryimage","url":"https:\/\/repliquemangacine.fr\/wp-content\/uploads\/2025\/05\/Epee-Traditionnelle-Dynastie-Ming.jpg","contentUrl":"https:\/\/repliquemangacine.fr\/wp-content\/uploads\/2025\/05\/Epee-Traditionnelle-Dynastie-Ming.jpg","width":1000,"height":1000,"caption":"\u00c9p\u00e9e Traditionnelle Dynastie Ming"},{"@type":"BreadcrumbList","@id":"https:\/\/repliquemangacine.fr\/katana-decoration\/epee-traditionnelle-dynastie-ming\/#breadcrumb","itemListElement":[{"@type":"ListItem","position":1,"name":"Accueil","item":"https:\/\/repliquemangacine.fr\/"},{"@type":"ListItem","position":2,"name":"Produits","item":"https:\/\/repliquemangacine.fr\/boutique\/"},{"@type":"ListItem","position":3,"name":"\u00c9p\u00e9e Traditionnelle Dynastie Ming"}]},{"@type":"WebSite","@id":"https:\/\/repliquemangacine.fr\/#website","url":"https:\/\/repliquemangacine.fr\/","name":"R\u00e9plique Manga Cin\u00e9","description":"","publisher":{"@id":"https:\/\/repliquemangacine.fr\/#organization"},"potentialAction":[{"@type":"SearchAction","target":{"@type":"EntryPoint","urlTemplate":"https:\/\/repliquemangacine.fr\/?s={search_term_string}"},"query-input":{"@type":"PropertyValueSpecification","valueRequired":true,"valueName":"search_term_string"}}],"inLanguage":"es"},{"@type":"Organization","@id":"https:\/\/repliquemangacine.fr\/#organization","name":"R\u00e9plique Manga Cin\u00e9","url":"https:\/\/repliquemangacine.fr\/","logo":{"@type":"ImageObject","inLanguage":"es","@id":"https:\/\/repliquemangacine.fr\/#\/schema\/logo\/image\/","url":"https:\/\/repliquemangacine.fr\/wp-content\/uploads\/2023\/10\/RMC-500250.png","contentUrl":"https:\/\/repliquemangacine.fr\/wp-content\/uploads\/2023\/10\/RMC-500250.png","width":500,"height":250,"caption":"R\u00e9plique Manga Cin\u00e9"},"image":{"@id":"https:\/\/repliquemangacine.fr\/#\/schema\/logo\/image\/"},"sameAs":["https:\/\/www.facebook.com\/RepliqueMangaCine","https:\/\/www.instagram.com\/repliquemangacine.fr\/"]}]}},"_links":{"self":[{"href":"https:\/\/repliquemangacine.fr\/es\/wp-json\/wp\/v2\/product\/84574","targetHints":{"allow":["GET"]}}],"collection":[{"href":"https:\/\/repliquemangacine.fr\/es\/wp-json\/wp\/v2\/product"}],"about":[{"href":"https:\/\/repliquemangacine.fr\/es\/wp-json\/wp\/v2\/types\/product"}],"wp:featuredmedia":[{"embeddable":true,"href":"https:\/\/repliquemangacine.fr\/es\/wp-json\/wp\/v2\/media\/84576"}],"wp:attachment":[{"href":"https:\/\/repliquemangacine.fr\/es\/wp-json\/wp\/v2\/media?parent=84574"}],"wp:term":[{"taxonomy":"product_brand","embeddable":true,"href":"https:\/\/repliquemangacine.fr\/es\/wp-json\/wp\/v2\/product_brand?post=84574"},{"taxonomy":"product_cat","embeddable":true,"href":"https:\/\/repliquemangacine.fr\/es\/wp-json\/wp\/v2\/product_cat?post=84574"},{"taxonomy":"product_tag","embeddable":true,"href":"https:\/\/repliquemangacine.fr\/es\/wp-json\/wp\/v2\/product_tag?post=84574"}],"curies":[{"name":"wp","href":"https:\/\/api.w.org\/{rel}","templated":true}]}}