





{"id":84566,"date":"2025-05-24T18:15:03","date_gmt":"2025-05-24T16:15:03","guid":{"rendered":"https:\/\/repliquemangacine.fr\/?post_type=product&#038;p=84566"},"modified":"2026-03-25T15:58:21","modified_gmt":"2026-03-25T14:58:21","slug":"espada-tradicional-de-la-dinastia-tang","status":"publish","type":"product","link":"https:\/\/repliquemangacine.fr\/es\/katana-decoration\/epee-traditionnelle-dynastie-tang\/","title":{"rendered":"Espada tradicional de la dinast\u00eda Tang"},"content":{"rendered":"<h2>Espada tradicional de la dinast\u00eda Tang - La elegancia de una \u00e9poca imperial<\/h2>\n<p>En primer lugar, sum\u00e9rjase en el coraz\u00f3n de la <a href=\"https:\/\/www.nationalgeographic.fr\/histoire\/la-revolte-des-taiping-cauchemar-de-la-derniere-dynastie-imperiale-de-chine\" target=\"_blank\" rel=\"noopener noreferrer\">China imperial<\/a> con esta aut\u00e9ntica r\u00e9plica inspirada en <strong>Espada tradicional de la dinast\u00eda Tang<\/strong>\u00a0(618-907 d. C.). Uno de los periodos m\u00e1s pr\u00f3speros, art\u00edsticos y poderosos de la historia china.<\/p>\n<p>A continuaci\u00f3n, imagina a un oficial del ej\u00e9rcito imperial, con su armadura ornamentada, avanzando en la niebla matinal. En su cintur\u00f3n: una espada recta, afilada, de metal brillante. Es la espada Tang, s\u00edmbolo de \u00e9lite y lealtad al emperador. Esta r\u00e9plica poderosa y elegante se inspira en los modelos del siglo VIII. De hecho, su silueta sobria pero elegante evoca la disciplina y la excelencia militar de la antigua China. Cada detalle recuerda la \u00e9poca dorada de la dinast\u00eda Tang, en la que el arte y la guerra iban de la mano. Fabricada con esmero, combina belleza y robustez. De hecho, es ese mismo poder el que le ofrecemos hoy, con una r\u00e9plica fiel al esp\u00edritu de la \u00e9poca.<\/p>\n<h2>La espada Tang: detalles nobles para el coleccionista exigente<\/h2>\n<p>Para empezar, imagina a un general del imperio Tang caminando con seguridad por los pasillos del palacio real. En su cintur\u00f3n, el arma de las altas esferas militares: una espada recta, temible y refinada.<\/p>\n<p>Con elegantes motivos grabados, esta espada combina est\u00e9tica y rendimiento. Tambi\u00e9n evoca los duelos de honor, los desfiles militares y la disciplina marcial de una \u00e9poca prestigiosa.<\/p>\n<p>El dise\u00f1o, fiel a la imaginaci\u00f3n de los generales de la \u00e9poca Tang, con su guarda de acero macizo envejecido, adornada con dos cabezas de drag\u00f3n entrelazadas, encarna a la perfecci\u00f3n la simbolog\u00eda imperial. La funda de madera, revestida con una tela gruesa decorada con dragones tradicionales, completa esta pieza excepcional.\u00a0 Adem\u00e1s, en sus extremos y en su centro hay piezas met\u00e1licas finamente esculpidas. La cuerda negra, adornada con dos pompones con cuentas de madera, a\u00f1ade un toque ceremonial y aut\u00e9ntico.<\/p>\n<h2>\u00bfPor qu\u00e9 a\u00f1adirlo a su colecci\u00f3n?<\/h2>\n<p>Tanto si es un coleccionista como un entusiasta de las artes marciales chinas (Wushu, Tai Chi) o un amante de las armas hist\u00f3ricas, esta espada Tang es algo m\u00e1s que una r\u00e9plica: es un homenaje a una \u00e9poca dorada del arte militar asi\u00e1tico.<\/p>\n<ul>\n<li>Dise\u00f1o hist\u00f3rico fiel a la imaginaci\u00f3n de los generales de la era Tang<\/li>\n<li>Hoja equilibrada, perfecta para demostraciones y exposiciones<\/li>\n<li>Un toque de exotismo y refinamiento para los amantes de las artes marciales o de los objetos de \u00e9poca. Una habitaci\u00f3n con car\u00e1cter, entre artes marciales y decoraci\u00f3n de alta gama.<\/li>\n<\/ul>\n<p>Una idea original para regalar a los apasionados de la historia, la antigua China o la cultura asi\u00e1tica. En conclusi\u00f3n, \u00a1no deje escapar la historia! Reg\u00e1lese una parte del legado imperial con esta pieza excepcional.<\/p>\n<p>Cabe destacar que tambi\u00e9n puede encontrar el\u2019<a href=\"https:\/\/repliquemangacine.fr\/es\/decoracion-katana\/espada-tradicional-de-la-dinastia-ming\/\">espada tradicional de la dinast\u00eda Ming<\/a>.<\/p>","protected":false},"excerpt":{"rendered":"<p>Magn\u00edfica espada tradicional de la dinast\u00eda Tang, pieza emblem\u00e1tica de la historia militar y cultural china.<\/p>\n<ul>\n<li>Hoja recta de acero inoxidable con elegante grabado<\/li>\n<li>Mango de madera recubierto de cuero para un agarre seguro<\/li>\n<li>Pomo de metal antiguo en forma de garras<\/li>\n<li>Empu\u00f1adura completa de acero, tambi\u00e9n envejecida, que representa dos cabezas de drag\u00f3n entrelazadas.<\/li>\n<li>Vaina de madera recubierta de tela gruesa con decoraci\u00f3n de dragones.<\/li>\n<li>Piezas met\u00e1licas finamente decoradas en los extremos de la vaina y en el centro. Cord\u00f3n negro y dos pompones con cuentas de madera.<\/li>\n<li>Longitud de la hoja: 71 cm - Longitud total: 106,5 cm sin vaina y 111,5 cm con vaina<\/li>\n<li>Peso: 1455g sin vaina y 1950g con vaina<\/li>\n<\/ul>","protected":false},"featured_media":84567,"template":"","meta":[],"product_brand":[896],"product_cat":[44,26,32],"product_tag":[],"class_list":{"0":"post-84566","1":"product","2":"type-product","3":"status-publish","4":"has-post-thumbnail","6":"product_brand-replique-manga-cine","7":"product_cat-epees-et-dagues-fantasy","8":"product_cat-katana-epee","9":"product_cat-katana-decoration","11":"first","12":"instock","13":"taxable","14":"shipping-taxable","15":"purchasable","16":"product-type-simple"},"yoast_head":"<!-- This site is optimized with the Yoast SEO plugin v27.4 - https:\/\/yoast.com\/product\/yoast-seo-wordpress\/ -->\n<title>\u00c9p\u00e9e Traditionnelle Dynastie Tang - R\u00e9plique Manga Cin\u00e9<\/title>\n<meta name=\"description\" content=\"Faites entrer la grandeur imp\u00e9riale chez vous ! Avec cette \u00c9p\u00e9e Traditionnelle Dynastie Tang, un fragment d&#039;histoire \u00e0 votre port\u00e9e. 106.5 cm\" \/>\n<meta name=\"robots\" content=\"index, follow, max-snippet:-1, max-image-preview:large, max-video-preview:-1\" \/>\n<link rel=\"canonical\" href=\"https:\/\/repliquemangacine.fr\/es\/decoracion-katana\/espada-tradicional-de-la-dinastia-tang\/\" \/>\n<meta property=\"og:locale\" content=\"es_ES\" \/>\n<meta property=\"og:type\" content=\"article\" \/>\n<meta property=\"og:title\" content=\"\u00c9p\u00e9e Traditionnelle Dynastie Tang - R\u00e9plique Manga Cin\u00e9\" \/>\n<meta property=\"og:description\" content=\"Faites entrer la grandeur imp\u00e9riale chez vous ! Avec cette \u00c9p\u00e9e Traditionnelle Dynastie Tang, un fragment d&#039;histoire \u00e0 votre port\u00e9e. 106.5 cm\" \/>\n<meta property=\"og:url\" content=\"https:\/\/repliquemangacine.fr\/es\/decoracion-katana\/espada-tradicional-de-la-dinastia-tang\/\" \/>\n<meta property=\"og:site_name\" content=\"R\u00e9plique Manga Cin\u00e9\" \/>\n<meta property=\"article:publisher\" content=\"https:\/\/www.facebook.com\/RepliqueMangaCine\" \/>\n<meta property=\"article:modified_time\" content=\"2026-03-25T14:58:21+00:00\" \/>\n<meta property=\"og:image\" content=\"https:\/\/repliquemangacine.fr\/wp-content\/uploads\/2025\/05\/Epee-Traditionnelle-Dynasty-Tang.jpg\" \/>\n\t<meta property=\"og:image:width\" content=\"800\" \/>\n\t<meta property=\"og:image:height\" content=\"800\" \/>\n\t<meta property=\"og:image:type\" content=\"image\/jpeg\" \/>\n<meta name=\"twitter:card\" content=\"summary_large_image\" \/>\n<meta name=\"twitter:label1\" content=\"Tiempo de lectura\" \/>\n\t<meta name=\"twitter:data1\" content=\"3 minutos\" \/>\n<script type=\"application\/ld+json\" class=\"yoast-schema-graph\">{\"@context\":\"https:\\\/\\\/schema.org\",\"@graph\":[{\"@type\":\"WebPage\",\"@id\":\"https:\\\/\\\/repliquemangacine.fr\\\/katana-decoration\\\/epee-traditionnelle-dynastie-tang\\\/\",\"url\":\"https:\\\/\\\/repliquemangacine.fr\\\/katana-decoration\\\/epee-traditionnelle-dynastie-tang\\\/\",\"name\":\"\u00c9p\u00e9e Traditionnelle Dynastie Tang - R\u00e9plique Manga Cin\u00e9\",\"isPartOf\":{\"@id\":\"https:\\\/\\\/repliquemangacine.fr\\\/#website\"},\"primaryImageOfPage\":{\"@id\":\"https:\\\/\\\/repliquemangacine.fr\\\/katana-decoration\\\/epee-traditionnelle-dynastie-tang\\\/#primaryimage\"},\"image\":{\"@id\":\"https:\\\/\\\/repliquemangacine.fr\\\/katana-decoration\\\/epee-traditionnelle-dynastie-tang\\\/#primaryimage\"},\"thumbnailUrl\":\"https:\\\/\\\/repliquemangacine.fr\\\/wp-content\\\/uploads\\\/2025\\\/05\\\/Epee-Traditionnelle-Dynasty-Tang.jpg\",\"datePublished\":\"2025-05-24T16:15:03+00:00\",\"dateModified\":\"2026-03-25T14:58:21+00:00\",\"description\":\"Faites entrer la grandeur imp\u00e9riale chez vous ! Avec cette \u00c9p\u00e9e Traditionnelle Dynastie Tang, un fragment d'histoire \u00e0 votre port\u00e9e. 106.5 cm\",\"breadcrumb\":{\"@id\":\"https:\\\/\\\/repliquemangacine.fr\\\/katana-decoration\\\/epee-traditionnelle-dynastie-tang\\\/#breadcrumb\"},\"inLanguage\":\"es\",\"potentialAction\":[{\"@type\":\"ReadAction\",\"target\":[\"https:\\\/\\\/repliquemangacine.fr\\\/katana-decoration\\\/epee-traditionnelle-dynastie-tang\\\/\"]}]},{\"@type\":\"ImageObject\",\"inLanguage\":\"es\",\"@id\":\"https:\\\/\\\/repliquemangacine.fr\\\/katana-decoration\\\/epee-traditionnelle-dynastie-tang\\\/#primaryimage\",\"url\":\"https:\\\/\\\/repliquemangacine.fr\\\/wp-content\\\/uploads\\\/2025\\\/05\\\/Epee-Traditionnelle-Dynasty-Tang.jpg\",\"contentUrl\":\"https:\\\/\\\/repliquemangacine.fr\\\/wp-content\\\/uploads\\\/2025\\\/05\\\/Epee-Traditionnelle-Dynasty-Tang.jpg\",\"width\":800,\"height\":800,\"caption\":\"\u00c9p\u00e9e Traditionnelle Dynastie Tang\"},{\"@type\":\"BreadcrumbList\",\"@id\":\"https:\\\/\\\/repliquemangacine.fr\\\/katana-decoration\\\/epee-traditionnelle-dynastie-tang\\\/#breadcrumb\",\"itemListElement\":[{\"@type\":\"ListItem\",\"position\":1,\"name\":\"Accueil\",\"item\":\"https:\\\/\\\/repliquemangacine.fr\\\/\"},{\"@type\":\"ListItem\",\"position\":2,\"name\":\"Produits\",\"item\":\"https:\\\/\\\/repliquemangacine.fr\\\/boutique\\\/\"},{\"@type\":\"ListItem\",\"position\":3,\"name\":\"\u00c9p\u00e9e Traditionnelle Dynastie Tang\"}]},{\"@type\":\"WebSite\",\"@id\":\"https:\\\/\\\/repliquemangacine.fr\\\/#website\",\"url\":\"https:\\\/\\\/repliquemangacine.fr\\\/\",\"name\":\"R\u00e9plique Manga Cin\u00e9\",\"description\":\"\",\"publisher\":{\"@id\":\"https:\\\/\\\/repliquemangacine.fr\\\/#organization\"},\"potentialAction\":[{\"@type\":\"SearchAction\",\"target\":{\"@type\":\"EntryPoint\",\"urlTemplate\":\"https:\\\/\\\/repliquemangacine.fr\\\/?s={search_term_string}\"},\"query-input\":{\"@type\":\"PropertyValueSpecification\",\"valueRequired\":true,\"valueName\":\"search_term_string\"}}],\"inLanguage\":\"es\"},{\"@type\":\"Organization\",\"@id\":\"https:\\\/\\\/repliquemangacine.fr\\\/#organization\",\"name\":\"R\u00e9plique Manga Cin\u00e9\",\"url\":\"https:\\\/\\\/repliquemangacine.fr\\\/\",\"logo\":{\"@type\":\"ImageObject\",\"inLanguage\":\"es\",\"@id\":\"https:\\\/\\\/repliquemangacine.fr\\\/#\\\/schema\\\/logo\\\/image\\\/\",\"url\":\"https:\\\/\\\/repliquemangacine.fr\\\/wp-content\\\/uploads\\\/2023\\\/10\\\/RMC-500250.png\",\"contentUrl\":\"https:\\\/\\\/repliquemangacine.fr\\\/wp-content\\\/uploads\\\/2023\\\/10\\\/RMC-500250.png\",\"width\":500,\"height\":250,\"caption\":\"R\u00e9plique Manga Cin\u00e9\"},\"image\":{\"@id\":\"https:\\\/\\\/repliquemangacine.fr\\\/#\\\/schema\\\/logo\\\/image\\\/\"},\"sameAs\":[\"https:\\\/\\\/www.facebook.com\\\/RepliqueMangaCine\",\"https:\\\/\\\/www.instagram.com\\\/repliquemangacine.fr\\\/\"]}]}<\/script>\n<!-- \/ Yoast SEO plugin. -->","yoast_head_json":{"title":"Espada tradicional de la dinast\u00eda Tang - R\u00e9plique Manga Cin\u00e9","description":"\u00a1Lleve la grandeza imperial a su hogar! Con esta espada tradicional de la dinast\u00eda Tang, tendr\u00e1 a su alcance un fragmento de la historia. 106,5 cm","robots":{"index":"index","follow":"follow","max-snippet":"max-snippet:-1","max-image-preview":"max-image-preview:large","max-video-preview":"max-video-preview:-1"},"canonical":"https:\/\/repliquemangacine.fr\/es\/decoracion-katana\/espada-tradicional-de-la-dinastia-tang\/","og_locale":"es_ES","og_type":"article","og_title":"\u00c9p\u00e9e Traditionnelle Dynastie Tang - R\u00e9plique Manga Cin\u00e9","og_description":"Faites entrer la grandeur imp\u00e9riale chez vous ! Avec cette \u00c9p\u00e9e Traditionnelle Dynastie Tang, un fragment d'histoire \u00e0 votre port\u00e9e. 106.5 cm","og_url":"https:\/\/repliquemangacine.fr\/es\/decoracion-katana\/espada-tradicional-de-la-dinastia-tang\/","og_site_name":"R\u00e9plique Manga Cin\u00e9","article_publisher":"https:\/\/www.facebook.com\/RepliqueMangaCine","article_modified_time":"2026-03-25T14:58:21+00:00","og_image":[{"width":800,"height":800,"url":"https:\/\/repliquemangacine.fr\/wp-content\/uploads\/2025\/05\/Epee-Traditionnelle-Dynasty-Tang.jpg","type":"image\/jpeg"}],"twitter_card":"summary_large_image","twitter_misc":{"Tiempo de lectura":"3 minutos"},"schema":{"@context":"https:\/\/schema.org","@graph":[{"@type":"WebPage","@id":"https:\/\/repliquemangacine.fr\/katana-decoration\/epee-traditionnelle-dynastie-tang\/","url":"https:\/\/repliquemangacine.fr\/katana-decoration\/epee-traditionnelle-dynastie-tang\/","name":"Espada tradicional de la dinast\u00eda Tang - R\u00e9plique Manga Cin\u00e9","isPartOf":{"@id":"https:\/\/repliquemangacine.fr\/#website"},"primaryImageOfPage":{"@id":"https:\/\/repliquemangacine.fr\/katana-decoration\/epee-traditionnelle-dynastie-tang\/#primaryimage"},"image":{"@id":"https:\/\/repliquemangacine.fr\/katana-decoration\/epee-traditionnelle-dynastie-tang\/#primaryimage"},"thumbnailUrl":"https:\/\/repliquemangacine.fr\/wp-content\/uploads\/2025\/05\/Epee-Traditionnelle-Dynasty-Tang.jpg","datePublished":"2025-05-24T16:15:03+00:00","dateModified":"2026-03-25T14:58:21+00:00","description":"\u00a1Lleve la grandeza imperial a su hogar! Con esta espada tradicional de la dinast\u00eda Tang, tendr\u00e1 a su alcance un fragmento de la historia. 106,5 cm","breadcrumb":{"@id":"https:\/\/repliquemangacine.fr\/katana-decoration\/epee-traditionnelle-dynastie-tang\/#breadcrumb"},"inLanguage":"es","potentialAction":[{"@type":"ReadAction","target":["https:\/\/repliquemangacine.fr\/katana-decoration\/epee-traditionnelle-dynastie-tang\/"]}]},{"@type":"ImageObject","inLanguage":"es","@id":"https:\/\/repliquemangacine.fr\/katana-decoration\/epee-traditionnelle-dynastie-tang\/#primaryimage","url":"https:\/\/repliquemangacine.fr\/wp-content\/uploads\/2025\/05\/Epee-Traditionnelle-Dynasty-Tang.jpg","contentUrl":"https:\/\/repliquemangacine.fr\/wp-content\/uploads\/2025\/05\/Epee-Traditionnelle-Dynasty-Tang.jpg","width":800,"height":800,"caption":"\u00c9p\u00e9e Traditionnelle Dynastie Tang"},{"@type":"BreadcrumbList","@id":"https:\/\/repliquemangacine.fr\/katana-decoration\/epee-traditionnelle-dynastie-tang\/#breadcrumb","itemListElement":[{"@type":"ListItem","position":1,"name":"Accueil","item":"https:\/\/repliquemangacine.fr\/"},{"@type":"ListItem","position":2,"name":"Produits","item":"https:\/\/repliquemangacine.fr\/boutique\/"},{"@type":"ListItem","position":3,"name":"\u00c9p\u00e9e Traditionnelle Dynastie Tang"}]},{"@type":"WebSite","@id":"https:\/\/repliquemangacine.fr\/#website","url":"https:\/\/repliquemangacine.fr\/","name":"R\u00e9plique Manga Cin\u00e9","description":"","publisher":{"@id":"https:\/\/repliquemangacine.fr\/#organization"},"potentialAction":[{"@type":"SearchAction","target":{"@type":"EntryPoint","urlTemplate":"https:\/\/repliquemangacine.fr\/?s={search_term_string}"},"query-input":{"@type":"PropertyValueSpecification","valueRequired":true,"valueName":"search_term_string"}}],"inLanguage":"es"},{"@type":"Organization","@id":"https:\/\/repliquemangacine.fr\/#organization","name":"R\u00e9plique Manga Cin\u00e9","url":"https:\/\/repliquemangacine.fr\/","logo":{"@type":"ImageObject","inLanguage":"es","@id":"https:\/\/repliquemangacine.fr\/#\/schema\/logo\/image\/","url":"https:\/\/repliquemangacine.fr\/wp-content\/uploads\/2023\/10\/RMC-500250.png","contentUrl":"https:\/\/repliquemangacine.fr\/wp-content\/uploads\/2023\/10\/RMC-500250.png","width":500,"height":250,"caption":"R\u00e9plique Manga Cin\u00e9"},"image":{"@id":"https:\/\/repliquemangacine.fr\/#\/schema\/logo\/image\/"},"sameAs":["https:\/\/www.facebook.com\/RepliqueMangaCine","https:\/\/www.instagram.com\/repliquemangacine.fr\/"]}]}},"_links":{"self":[{"href":"https:\/\/repliquemangacine.fr\/es\/wp-json\/wp\/v2\/product\/84566","targetHints":{"allow":["GET"]}}],"collection":[{"href":"https:\/\/repliquemangacine.fr\/es\/wp-json\/wp\/v2\/product"}],"about":[{"href":"https:\/\/repliquemangacine.fr\/es\/wp-json\/wp\/v2\/types\/product"}],"wp:featuredmedia":[{"embeddable":true,"href":"https:\/\/repliquemangacine.fr\/es\/wp-json\/wp\/v2\/media\/84567"}],"wp:attachment":[{"href":"https:\/\/repliquemangacine.fr\/es\/wp-json\/wp\/v2\/media?parent=84566"}],"wp:term":[{"taxonomy":"product_brand","embeddable":true,"href":"https:\/\/repliquemangacine.fr\/es\/wp-json\/wp\/v2\/product_brand?post=84566"},{"taxonomy":"product_cat","embeddable":true,"href":"https:\/\/repliquemangacine.fr\/es\/wp-json\/wp\/v2\/product_cat?post=84566"},{"taxonomy":"product_tag","embeddable":true,"href":"https:\/\/repliquemangacine.fr\/es\/wp-json\/wp\/v2\/product_tag?post=84566"}],"curies":[{"name":"wp","href":"https:\/\/api.w.org\/{rel}","templated":true}]}}