





{"id":84438,"date":"2025-05-19T18:09:14","date_gmt":"2025-05-19T16:09:14","guid":{"rendered":"https:\/\/repliquemangacine.fr\/?post_type=product&#038;p=84438"},"modified":"2025-11-13T00:47:13","modified_gmt":"2025-11-12T23:47:13","slug":"luna-sagrada-antes-de-la-transformacion-de-bloodborne","status":"publish","type":"product","link":"https:\/\/repliquemangacine.fr\/es\/katana-et-epee-de-jeux-video-autre-jeux-video\/holy-moonlight-avant-transformation-bloodborne\/","title":{"rendered":"Holy Moonlight antes de la transformaci\u00f3n - Bloodborne"},"content":{"rendered":"<h2>La espada Sagrada Luz de Luna: el artefacto esencial para los cazadores<\/h2>\n<p>Primero, la espada <strong>Holy Moonlight antes de la transformaci\u00f3n<\/strong>una pieza legendaria del mundo de <a href=\"https:\/\/bloodborne.fandom.com\/wiki\/Bloodborne_Wiki\" target=\"_blank\" rel=\"noopener noreferrer\">Transmisi\u00f3n sangu\u00ednea<\/a>. En su forma original, encarna la fuerza bruta y el legado de los cazadores. Su aspecto sobrio, con una hoja maciza y robusta, refleja toda la fuerza que encierra esta arma ic\u00f3nica. Para los fans del juego, esta r\u00e9plica es un aut\u00e9ntico homenaje a una de las armas m\u00e1s emblem\u00e1ticas.<\/p>\n<p>Gracias a su s\u00f3lida estructura, la espada Holy Moonlight es perfecta para los amantes de las r\u00e9plicas de calidad. Su dise\u00f1o, fiel al modelo del juego, rinde homenaje al esp\u00edritu de Bloodborne. Tanto si eres coleccionista como si te apasiona el universo g\u00f3tico de FromSoftware, esta espada encontrar\u00e1 naturalmente su lugar en tu colecci\u00f3n.<\/p>\n<h2>Holy Moonlight antes de la transformaci\u00f3n: poder sin igual<\/h2>\n<p>Cuando no est\u00e1 transformada, la espada Holy Moonlight conserva su car\u00e1cter imponente. Los ataques son r\u00e1pidos, cortantes y permiten derrotar a los enemigos sin concesiones. Su manejo equilibrado la convierte en un arma temible, incluso en los combates m\u00e1s intensos. Adem\u00e1s, su dise\u00f1o evoca las grandes espadas de los caballeros legendarios, lo que refuerza su aspecto heroico.<\/p>\n<p>Esta forma bruta es perfecta para el combate cuerpo a cuerpo, especialmente contra las criaturas de Yharnam. Los jugadores que disfrutan de las armas que requieren fuerza y destreza encontrar\u00e1n aqu\u00ed una gran ventaja para dominar a sus oponentes. Por lo tanto, destaca por su versatilidad y eficacia.<\/p>\n<h2>La espada transformada Holy Moonlight: la esencia de la magia lunar<\/h2>\n<p>Por el contrario, la versi\u00f3n transformada de la espada Holy Moonlight revela todo su potencial m\u00e1gico. Envuelta en un aura azul y luminosa, la hoja es capaz de proyectar ondas de energ\u00eda. Esta versi\u00f3n sublima el arma y le confiere una dimensi\u00f3n m\u00edstica innegable. Para los adeptos a los ataques arcanos, se convierte en el arma perfecta para enfrentarse a hordas de enemigos.<\/p>\n<p>De hecho, poseer las dos versiones de esta espada es poseer la esencia misma del poder de la luna y la fuerza bruta. Una pieza excepcional que ilustra a la perfecci\u00f3n la evoluci\u00f3n de las armas en Bloodborne.<\/p>\n<h2>Otras espadas legendarias para coleccionistas<\/h2>\n<p>En R\u00e9plique Manga Cin\u00e9, los aficionados a las armas emblem\u00e1ticas tambi\u00e9n pueden encontrar otras espadas igual de impresionantes. Entre ellas, la<a href=\"https:\/\/repliquemangacine.fr\/es\/anillo-elden\/espada-luna-oscura-gran-espada-anillo-elden\/\">Espada de luna oscura de Elden Ring<\/a>. Esta m\u00edtica arma, con su brillante hoja azul, simboliza la magia lunar y el poder de los caballeros. Una pieza imprescindible para los fans de la serie.<\/p>\n<p>Adem\u00e1s, la <a href=\"https:\/\/repliquemangacine.fr\/es\/katana-y-espada-videojuego-otros-videojuegos\/devil-sword-epee-du-diable-de-dante-devil-my-cry\/\">Espada del Diablo de Dante<\/a> en Devil May Cry tambi\u00e9n est\u00e1 disponible. Su dise\u00f1o demon\u00edaco y su poder legendario la convierten en un arma espectacular. Sin olvidar el<a href=\"https:\/\/repliquemangacine.fr\/es\/katana-y-manga-espada-anime-otros-manga\/espada-dragon-slayer-berserk-guts\/\">espada de Guts<\/a>, el Dragon Slayer de Berserk, un aut\u00e9ntico coloso de metal capaz de destrozar ej\u00e9rcitos.<\/p>\n<p>En conclusi\u00f3n, todas estas r\u00e9plicas te esperan en nuestra p\u00e1gina web para enriquecer tu colecci\u00f3n. Explora nuestro cat\u00e1logo y descubre armas legendarias procedentes de las sagas m\u00e1s importantes de videojuegos y animaci\u00f3n.<\/p>\n<p>&nbsp;<\/p>","protected":false},"excerpt":{"rendered":"<p>Magn\u00edfica r\u00e9plica de la espada Holy Moonlight (<span class=\"Y2IQFc\" lang=\"fr\">Clair de lune sacr\u00e9) en el juego Bloodborne.<\/span><\/p>\n<ul>\n<li>Hoja de acero antiguo con grabado y efecto de desgaste.<\/li>\n<li>Cinta marr\u00f3n en la hoja que termina en el mango<\/li>\n<li>Empu\u00f1adura, empu\u00f1adura y pomo de metal envejecido finamente decorado.<\/li>\n<li>Se suministra con su soporte mural de madera en forma de cruz.<\/li>\n<li>Longitud de la hoja: 76 cm - Longitud total: 101 cm<\/li>\n<li>Peso: 1430 g<\/li>\n<\/ul>","protected":false},"featured_media":84439,"template":"","meta":[],"product_brand":[896],"product_cat":[67],"product_tag":[],"class_list":{"0":"post-84438","1":"product","2":"type-product","3":"status-publish","4":"has-post-thumbnail","6":"product_brand-replique-manga-cine","7":"product_cat-katana-et-epee-de-jeux-video-autre-jeux-video","9":"first","10":"instock","11":"taxable","12":"shipping-taxable","13":"purchasable","14":"product-type-simple"},"yoast_head":"<!-- This site is optimized with the Yoast SEO plugin v27.5 - https:\/\/yoast.com\/product\/yoast-seo-wordpress\/ -->\n<title>Holy Moonlight avant transformation - Bloodborne - R\u00e9plique Manga Cin\u00e9<\/title>\n<meta name=\"description\" content=\"R\u00e9plique de l&#039;\u00e9p\u00e9e Holy Moonlight avant transformation, fid\u00e8le \u00e0 Bloodborne. Une pi\u00e8ce l\u00e9gendaire pour tout collectionneur passionn\u00e9. En m\u00e9tal. 101 cm\" \/>\n<meta name=\"robots\" content=\"index, follow, max-snippet:-1, max-image-preview:large, max-video-preview:-1\" \/>\n<link rel=\"canonical\" href=\"https:\/\/repliquemangacine.fr\/es\/katana-y-espada-videojuego-otros-videojuegos\/luna-sagrada-antes-de-la-transformacion-de-bloodborne\/\" \/>\n<meta property=\"og:locale\" content=\"es_ES\" \/>\n<meta property=\"og:type\" content=\"article\" \/>\n<meta property=\"og:title\" content=\"Holy Moonlight avant transformation - Bloodborne - R\u00e9plique Manga Cin\u00e9\" \/>\n<meta property=\"og:description\" content=\"R\u00e9plique de l&#039;\u00e9p\u00e9e Holy Moonlight avant transformation, fid\u00e8le \u00e0 Bloodborne. Une pi\u00e8ce l\u00e9gendaire pour tout collectionneur passionn\u00e9. En m\u00e9tal. 101 cm\" \/>\n<meta property=\"og:url\" content=\"https:\/\/repliquemangacine.fr\/es\/katana-y-espada-videojuego-otros-videojuegos\/luna-sagrada-antes-de-la-transformacion-de-bloodborne\/\" \/>\n<meta property=\"og:site_name\" content=\"R\u00e9plique Manga Cin\u00e9\" \/>\n<meta property=\"article:publisher\" content=\"https:\/\/www.facebook.com\/RepliqueMangaCine\" \/>\n<meta property=\"article:modified_time\" content=\"2025-11-12T23:47:13+00:00\" \/>\n<meta property=\"og:image\" content=\"https:\/\/repliquemangacine.fr\/wp-content\/uploads\/2025\/05\/Holy-Moonlight-avant-transformation.jpg\" \/>\n\t<meta property=\"og:image:width\" content=\"800\" \/>\n\t<meta property=\"og:image:height\" content=\"800\" \/>\n\t<meta property=\"og:image:type\" content=\"image\/jpeg\" \/>\n<meta name=\"twitter:card\" content=\"summary_large_image\" \/>\n<meta name=\"twitter:label1\" content=\"Tiempo de lectura\" \/>\n\t<meta name=\"twitter:data1\" content=\"3 minutos\" \/>\n<script type=\"application\/ld+json\" class=\"yoast-schema-graph\">{\"@context\":\"https:\\\/\\\/schema.org\",\"@graph\":[{\"@type\":\"WebPage\",\"@id\":\"https:\\\/\\\/repliquemangacine.fr\\\/katana-et-epee-de-jeux-video-autre-jeux-video\\\/holy-moonlight-avant-transformation-bloodborne\\\/\",\"url\":\"https:\\\/\\\/repliquemangacine.fr\\\/katana-et-epee-de-jeux-video-autre-jeux-video\\\/holy-moonlight-avant-transformation-bloodborne\\\/\",\"name\":\"Holy Moonlight avant transformation - Bloodborne - R\u00e9plique Manga Cin\u00e9\",\"isPartOf\":{\"@id\":\"https:\\\/\\\/repliquemangacine.fr\\\/#website\"},\"primaryImageOfPage\":{\"@id\":\"https:\\\/\\\/repliquemangacine.fr\\\/katana-et-epee-de-jeux-video-autre-jeux-video\\\/holy-moonlight-avant-transformation-bloodborne\\\/#primaryimage\"},\"image\":{\"@id\":\"https:\\\/\\\/repliquemangacine.fr\\\/katana-et-epee-de-jeux-video-autre-jeux-video\\\/holy-moonlight-avant-transformation-bloodborne\\\/#primaryimage\"},\"thumbnailUrl\":\"https:\\\/\\\/repliquemangacine.fr\\\/wp-content\\\/uploads\\\/2025\\\/05\\\/Holy-Moonlight-avant-transformation.jpg\",\"datePublished\":\"2025-05-19T16:09:14+00:00\",\"dateModified\":\"2025-11-12T23:47:13+00:00\",\"description\":\"R\u00e9plique de l'\u00e9p\u00e9e Holy Moonlight avant transformation, fid\u00e8le \u00e0 Bloodborne. Une pi\u00e8ce l\u00e9gendaire pour tout collectionneur passionn\u00e9. En m\u00e9tal. 101 cm\",\"breadcrumb\":{\"@id\":\"https:\\\/\\\/repliquemangacine.fr\\\/katana-et-epee-de-jeux-video-autre-jeux-video\\\/holy-moonlight-avant-transformation-bloodborne\\\/#breadcrumb\"},\"inLanguage\":\"es\",\"potentialAction\":[{\"@type\":\"ReadAction\",\"target\":[\"https:\\\/\\\/repliquemangacine.fr\\\/katana-et-epee-de-jeux-video-autre-jeux-video\\\/holy-moonlight-avant-transformation-bloodborne\\\/\"]}]},{\"@type\":\"ImageObject\",\"inLanguage\":\"es\",\"@id\":\"https:\\\/\\\/repliquemangacine.fr\\\/katana-et-epee-de-jeux-video-autre-jeux-video\\\/holy-moonlight-avant-transformation-bloodborne\\\/#primaryimage\",\"url\":\"https:\\\/\\\/repliquemangacine.fr\\\/wp-content\\\/uploads\\\/2025\\\/05\\\/Holy-Moonlight-avant-transformation.jpg\",\"contentUrl\":\"https:\\\/\\\/repliquemangacine.fr\\\/wp-content\\\/uploads\\\/2025\\\/05\\\/Holy-Moonlight-avant-transformation.jpg\",\"width\":800,\"height\":800,\"caption\":\"Holy-Moonlight-avant-transformation- Bloodborne\"},{\"@type\":\"BreadcrumbList\",\"@id\":\"https:\\\/\\\/repliquemangacine.fr\\\/katana-et-epee-de-jeux-video-autre-jeux-video\\\/holy-moonlight-avant-transformation-bloodborne\\\/#breadcrumb\",\"itemListElement\":[{\"@type\":\"ListItem\",\"position\":1,\"name\":\"Accueil\",\"item\":\"https:\\\/\\\/repliquemangacine.fr\\\/\"},{\"@type\":\"ListItem\",\"position\":2,\"name\":\"Produits\",\"item\":\"https:\\\/\\\/repliquemangacine.fr\\\/boutique\\\/\"},{\"@type\":\"ListItem\",\"position\":3,\"name\":\"Holy Moonlight avant transformation &#8211; Bloodborne\"}]},{\"@type\":\"WebSite\",\"@id\":\"https:\\\/\\\/repliquemangacine.fr\\\/#website\",\"url\":\"https:\\\/\\\/repliquemangacine.fr\\\/\",\"name\":\"R\u00e9plique Manga Cin\u00e9\",\"description\":\"\",\"publisher\":{\"@id\":\"https:\\\/\\\/repliquemangacine.fr\\\/#organization\"},\"potentialAction\":[{\"@type\":\"SearchAction\",\"target\":{\"@type\":\"EntryPoint\",\"urlTemplate\":\"https:\\\/\\\/repliquemangacine.fr\\\/?s={search_term_string}\"},\"query-input\":{\"@type\":\"PropertyValueSpecification\",\"valueRequired\":true,\"valueName\":\"search_term_string\"}}],\"inLanguage\":\"es\"},{\"@type\":\"Organization\",\"@id\":\"https:\\\/\\\/repliquemangacine.fr\\\/#organization\",\"name\":\"R\u00e9plique Manga Cin\u00e9\",\"url\":\"https:\\\/\\\/repliquemangacine.fr\\\/\",\"logo\":{\"@type\":\"ImageObject\",\"inLanguage\":\"es\",\"@id\":\"https:\\\/\\\/repliquemangacine.fr\\\/#\\\/schema\\\/logo\\\/image\\\/\",\"url\":\"https:\\\/\\\/repliquemangacine.fr\\\/wp-content\\\/uploads\\\/2023\\\/10\\\/RMC-500250.png\",\"contentUrl\":\"https:\\\/\\\/repliquemangacine.fr\\\/wp-content\\\/uploads\\\/2023\\\/10\\\/RMC-500250.png\",\"width\":500,\"height\":250,\"caption\":\"R\u00e9plique Manga Cin\u00e9\"},\"image\":{\"@id\":\"https:\\\/\\\/repliquemangacine.fr\\\/#\\\/schema\\\/logo\\\/image\\\/\"},\"sameAs\":[\"https:\\\/\\\/www.facebook.com\\\/RepliqueMangaCine\",\"https:\\\/\\\/www.instagram.com\\\/repliquemangacine.fr\\\/\"]}]}<\/script>\n<!-- \/ Yoast SEO plugin. -->","yoast_head_json":{"title":"Holy Moonlight antes de la transformaci\u00f3n - Bloodborne - R\u00e9plique Manga Cin\u00e9","description":"R\u00e9plica de la espada Holy Moonlight antes de la transformaci\u00f3n, fiel a Bloodborne. Una pieza legendaria para cualquier coleccionista apasionado. Fabricada en metal. 101 cm","robots":{"index":"index","follow":"follow","max-snippet":"max-snippet:-1","max-image-preview":"max-image-preview:large","max-video-preview":"max-video-preview:-1"},"canonical":"https:\/\/repliquemangacine.fr\/es\/katana-y-espada-videojuego-otros-videojuegos\/luna-sagrada-antes-de-la-transformacion-de-bloodborne\/","og_locale":"es_ES","og_type":"article","og_title":"Holy Moonlight avant transformation - Bloodborne - R\u00e9plique Manga Cin\u00e9","og_description":"R\u00e9plique de l'\u00e9p\u00e9e Holy Moonlight avant transformation, fid\u00e8le \u00e0 Bloodborne. Une pi\u00e8ce l\u00e9gendaire pour tout collectionneur passionn\u00e9. En m\u00e9tal. 101 cm","og_url":"https:\/\/repliquemangacine.fr\/es\/katana-y-espada-videojuego-otros-videojuegos\/luna-sagrada-antes-de-la-transformacion-de-bloodborne\/","og_site_name":"R\u00e9plique Manga Cin\u00e9","article_publisher":"https:\/\/www.facebook.com\/RepliqueMangaCine","article_modified_time":"2025-11-12T23:47:13+00:00","og_image":[{"width":800,"height":800,"url":"https:\/\/repliquemangacine.fr\/wp-content\/uploads\/2025\/05\/Holy-Moonlight-avant-transformation.jpg","type":"image\/jpeg"}],"twitter_card":"summary_large_image","twitter_misc":{"Tiempo de lectura":"3 minutos"},"schema":{"@context":"https:\/\/schema.org","@graph":[{"@type":"WebPage","@id":"https:\/\/repliquemangacine.fr\/katana-et-epee-de-jeux-video-autre-jeux-video\/holy-moonlight-avant-transformation-bloodborne\/","url":"https:\/\/repliquemangacine.fr\/katana-et-epee-de-jeux-video-autre-jeux-video\/holy-moonlight-avant-transformation-bloodborne\/","name":"Holy Moonlight antes de la transformaci\u00f3n - Bloodborne - R\u00e9plique Manga Cin\u00e9","isPartOf":{"@id":"https:\/\/repliquemangacine.fr\/#website"},"primaryImageOfPage":{"@id":"https:\/\/repliquemangacine.fr\/katana-et-epee-de-jeux-video-autre-jeux-video\/holy-moonlight-avant-transformation-bloodborne\/#primaryimage"},"image":{"@id":"https:\/\/repliquemangacine.fr\/katana-et-epee-de-jeux-video-autre-jeux-video\/holy-moonlight-avant-transformation-bloodborne\/#primaryimage"},"thumbnailUrl":"https:\/\/repliquemangacine.fr\/wp-content\/uploads\/2025\/05\/Holy-Moonlight-avant-transformation.jpg","datePublished":"2025-05-19T16:09:14+00:00","dateModified":"2025-11-12T23:47:13+00:00","description":"R\u00e9plica de la espada Holy Moonlight antes de la transformaci\u00f3n, fiel a Bloodborne. Una pieza legendaria para cualquier coleccionista apasionado. Fabricada en metal. 101 cm","breadcrumb":{"@id":"https:\/\/repliquemangacine.fr\/katana-et-epee-de-jeux-video-autre-jeux-video\/holy-moonlight-avant-transformation-bloodborne\/#breadcrumb"},"inLanguage":"es","potentialAction":[{"@type":"ReadAction","target":["https:\/\/repliquemangacine.fr\/katana-et-epee-de-jeux-video-autre-jeux-video\/holy-moonlight-avant-transformation-bloodborne\/"]}]},{"@type":"ImageObject","inLanguage":"es","@id":"https:\/\/repliquemangacine.fr\/katana-et-epee-de-jeux-video-autre-jeux-video\/holy-moonlight-avant-transformation-bloodborne\/#primaryimage","url":"https:\/\/repliquemangacine.fr\/wp-content\/uploads\/2025\/05\/Holy-Moonlight-avant-transformation.jpg","contentUrl":"https:\/\/repliquemangacine.fr\/wp-content\/uploads\/2025\/05\/Holy-Moonlight-avant-transformation.jpg","width":800,"height":800,"caption":"Holy-Moonlight-avant-transformation- Bloodborne"},{"@type":"BreadcrumbList","@id":"https:\/\/repliquemangacine.fr\/katana-et-epee-de-jeux-video-autre-jeux-video\/holy-moonlight-avant-transformation-bloodborne\/#breadcrumb","itemListElement":[{"@type":"ListItem","position":1,"name":"Accueil","item":"https:\/\/repliquemangacine.fr\/"},{"@type":"ListItem","position":2,"name":"Produits","item":"https:\/\/repliquemangacine.fr\/boutique\/"},{"@type":"ListItem","position":3,"name":"Holy Moonlight avant transformation &#8211; Bloodborne"}]},{"@type":"WebSite","@id":"https:\/\/repliquemangacine.fr\/#website","url":"https:\/\/repliquemangacine.fr\/","name":"R\u00e9plique Manga Cin\u00e9","description":"","publisher":{"@id":"https:\/\/repliquemangacine.fr\/#organization"},"potentialAction":[{"@type":"SearchAction","target":{"@type":"EntryPoint","urlTemplate":"https:\/\/repliquemangacine.fr\/?s={search_term_string}"},"query-input":{"@type":"PropertyValueSpecification","valueRequired":true,"valueName":"search_term_string"}}],"inLanguage":"es"},{"@type":"Organization","@id":"https:\/\/repliquemangacine.fr\/#organization","name":"R\u00e9plique Manga Cin\u00e9","url":"https:\/\/repliquemangacine.fr\/","logo":{"@type":"ImageObject","inLanguage":"es","@id":"https:\/\/repliquemangacine.fr\/#\/schema\/logo\/image\/","url":"https:\/\/repliquemangacine.fr\/wp-content\/uploads\/2023\/10\/RMC-500250.png","contentUrl":"https:\/\/repliquemangacine.fr\/wp-content\/uploads\/2023\/10\/RMC-500250.png","width":500,"height":250,"caption":"R\u00e9plique Manga Cin\u00e9"},"image":{"@id":"https:\/\/repliquemangacine.fr\/#\/schema\/logo\/image\/"},"sameAs":["https:\/\/www.facebook.com\/RepliqueMangaCine","https:\/\/www.instagram.com\/repliquemangacine.fr\/"]}]}},"_links":{"self":[{"href":"https:\/\/repliquemangacine.fr\/es\/wp-json\/wp\/v2\/product\/84438","targetHints":{"allow":["GET"]}}],"collection":[{"href":"https:\/\/repliquemangacine.fr\/es\/wp-json\/wp\/v2\/product"}],"about":[{"href":"https:\/\/repliquemangacine.fr\/es\/wp-json\/wp\/v2\/types\/product"}],"wp:featuredmedia":[{"embeddable":true,"href":"https:\/\/repliquemangacine.fr\/es\/wp-json\/wp\/v2\/media\/84439"}],"wp:attachment":[{"href":"https:\/\/repliquemangacine.fr\/es\/wp-json\/wp\/v2\/media?parent=84438"}],"wp:term":[{"taxonomy":"product_brand","embeddable":true,"href":"https:\/\/repliquemangacine.fr\/es\/wp-json\/wp\/v2\/product_brand?post=84438"},{"taxonomy":"product_cat","embeddable":true,"href":"https:\/\/repliquemangacine.fr\/es\/wp-json\/wp\/v2\/product_cat?post=84438"},{"taxonomy":"product_tag","embeddable":true,"href":"https:\/\/repliquemangacine.fr\/es\/wp-json\/wp\/v2\/product_tag?post=84438"}],"curies":[{"name":"wp","href":"https:\/\/api.w.org\/{rel}","templated":true}]}}