





{"id":84394,"date":"2025-05-17T20:41:38","date_gmt":"2025-05-17T18:41:38","guid":{"rendered":"https:\/\/repliquemangacine.fr\/?post_type=product&#038;p=84394"},"modified":"2025-11-26T14:46:16","modified_gmt":"2025-11-26T13:46:16","slug":"espada-maestra-de-luxe-epee-de-legende","status":"publish","type":"product","link":"https:\/\/repliquemangacine.fr\/es\/epee-zelda\/master-sword-de-luxe-epee-de-legende\/","title":{"rendered":"Master Sword de Luxe - Espada legendaria"},"content":{"rendered":"<h2>Master Sword de Luxe - La Espada de Leyenda: Una r\u00e9plica excepcional<\/h2>\n<p>La Espada Maestra de Luxe - La Espada Legendaria es una aut\u00e9ntica pieza de coleccionista para cualquier entusiasta de Zelda. Esta espada m\u00edtica encarna la fuerza y la valent\u00eda del legendario <a href=\"https:\/\/zelda.fandom.com\/fr\/wiki\/Link\" target=\"_blank\" rel=\"noopener noreferrer\">Enlace<\/a>. Cuidadosamente elaborada, cuenta con una hoja de acero inoxidable, tratada para darle un magn\u00edfico y brillante efecto azulado. Adem\u00e1s, la garganta de la hoja est\u00e1 adornada con la Trifuerza e inscripciones detalladas que atestiguan su autenticidad. La empu\u00f1adura y el pomo, de acero macizo con un acabado envejecido, tienen una forma \u00fanica que refleja el mundo del juego. La empu\u00f1adura de madera, cubierta con correas de imitaci\u00f3n de cuero en dos tonos, es c\u00f3moda y atractiva. Para completar esta r\u00e9plica, una lujosa vaina de madera, recubierta de polipiel azul con motivos espec\u00edficos, protege la hoja con elegancia. \u00a1No espere m\u00e1s para regalarse esta pieza emblem\u00e1tica!<\/p>\n<h2>La Espada Maestra: un s\u00edmbolo m\u00edtico y legendario<\/h2>\n<p>La Espada Maestra no es solo una espada, es el arma emblem\u00e1tica del h\u00e9roe Link en el universo Zelda. Su importancia es capital en cada aventura, donde representa el poder para repeler a las fuerzas del mal. De hecho, esta espada legendaria est\u00e1 siempre ligada a las \u00e9picas misiones del h\u00e9roe, marcando cada episodio de la saga. Utilizada para derrotar a los enemigos m\u00e1s formidables, se considera el arma definitiva contra la oscuridad. Gracias a su poder, protege el reino de Hyrule, llevando la esperanza a sus habitantes. Adem\u00e1s, su capacidad para evolucionar al ritmo de las pruebas de Link la convierte en una espada \u00fanica. Tener esta r\u00e9plica en casa significa sumergirse en historias legendarias y revivir las haza\u00f1as de los m\u00e1s valientes aventureros.<\/p>\n<h2>Descubre otras r\u00e9plicas de Zelda en R\u00e9plique Manga Cin\u00e9<\/h2>\n<p>En nuestro sitio web R\u00e9plique Manga Cin\u00e9, tambi\u00e9n podr\u00e1s descubrir otras r\u00e9plicas imprescindibles del universo Zelda. En primer lugar, el <a href=\"https:\/\/repliquemangacine.fr\/es\/espada-de-zelda\/escudo-hylia-zelda-escudo-hylia\/\">Escudo Hyliano<\/a> de \"The Legend of Zelda: Tears of the Kingdom\", fabricada en resina y fibra de vidrio, es el acompa\u00f1ante perfecto de la Espada Maestra. A continuaci\u00f3n, la<a href=\"https:\/\/repliquemangacine.fr\/es\/nuevos-productos\/legendaria-espada-corroida\/\">Espada Leyenda Corro\u00edda<\/a> de Zelda L\u00e1grimas del Reino 2023 es una r\u00e9plica \u00fanica con la hoja de acero parcialmente da\u00f1ada y la punta corro\u00edda. Tambi\u00e9n ofrecemos la <a href=\"https:\/\/repliquemangacine.fr\/es\/varias-golosinas\/caja-de-13-piezas-de-zelda\/\">Caja de coleccionista de Zelda de 13 piezas<\/a>Este estuche incluye siete espadas en miniatura con la Trifuerza, una vaina, una espada legendaria dorada, un collar, un llavero y placas decorativas. Este estuche rinde homenaje a las diferentes opus del juego, reuniendo las espadas emblem\u00e1ticas. Para completar tu colecci\u00f3n o hacer un regalo \u00fanico, \u00a1visita nuestro sitio web y sum\u00e9rgete en el \u00e9pico mundo de Zelda!<\/p>","protected":false},"excerpt":{"rendered":"<p>Absolutamente magn\u00edfica Master Sword de Luxe - La espada legendaria de Zelda.<\/p>\n<ul>\n<li>Hoja de acero inoxidable tratada para dar un efecto azulado brillante.<\/li>\n<li>Hoja con ranura de la trifuerza e inscripci\u00f3n a lo largo de la hoja<\/li>\n<li>Empu\u00f1adura y pomo de acero macizo con un acabado especial envejecido.<\/li>\n<li>Asa de madera cubierta con correas de imitaci\u00f3n de cuero en dos tonos<\/li>\n<li>Lujosa vaina de madera recubierta de polipiel azul con decoraci\u00f3n espec\u00edfica<\/li>\n<li>Tapas met\u00e1licas con trifuerza en la parte inferior del manguito<\/li>\n<li>Longitud de la hoja: 77 cm - Longitud total con vaina: 126 cm<\/li>\n<li>Peso: 1475 g sin vaina y 1950 g con vaina<\/li>\n<\/ul>","protected":false},"featured_media":84395,"template":"","meta":[],"product_brand":[896],"product_cat":[56],"product_tag":[],"class_list":{"0":"post-84394","1":"product","2":"type-product","3":"status-publish","4":"has-post-thumbnail","6":"product_brand-replique-manga-cine","7":"product_cat-epee-zelda","9":"first","10":"instock","11":"taxable","12":"shipping-taxable","13":"purchasable","14":"product-type-simple"},"yoast_head":"<!-- This site is optimized with the Yoast SEO plugin v27.4 - https:\/\/yoast.com\/product\/yoast-seo-wordpress\/ -->\n<title>Master Sword de Luxe - Ep\u00e9e de L\u00e9gende - R\u00e9plique Manga Cin\u00e9<\/title>\n<meta name=\"description\" content=\"Master Sword de Luxe - R\u00e9plique l\u00e9gendaire de Zelda. Lame bleut\u00e9e, garde authentique, fourreau de luxe. Parfait pour les fans et collectionneurs !\" \/>\n<meta name=\"robots\" content=\"index, follow, max-snippet:-1, max-image-preview:large, max-video-preview:-1\" \/>\n<link rel=\"canonical\" href=\"https:\/\/repliquemangacine.fr\/es\/espada-de-zelda\/espada-maestra-de-luxe-epee-de-legende\/\" \/>\n<meta property=\"og:locale\" content=\"es_ES\" \/>\n<meta property=\"og:type\" content=\"article\" \/>\n<meta property=\"og:title\" content=\"Master Sword de Luxe - Ep\u00e9e de L\u00e9gende - R\u00e9plique Manga Cin\u00e9\" \/>\n<meta property=\"og:description\" content=\"Master Sword de Luxe - R\u00e9plique l\u00e9gendaire de Zelda. Lame bleut\u00e9e, garde authentique, fourreau de luxe. Parfait pour les fans et collectionneurs !\" \/>\n<meta property=\"og:url\" content=\"https:\/\/repliquemangacine.fr\/es\/espada-de-zelda\/espada-maestra-de-luxe-epee-de-legende\/\" \/>\n<meta property=\"og:site_name\" content=\"R\u00e9plique Manga Cin\u00e9\" \/>\n<meta property=\"article:publisher\" content=\"https:\/\/www.facebook.com\/RepliqueMangaCine\" \/>\n<meta property=\"article:modified_time\" content=\"2025-11-26T13:46:16+00:00\" \/>\n<meta property=\"og:image\" content=\"https:\/\/repliquemangacine.fr\/wp-content\/uploads\/2025\/05\/Master-Sword-de-Luxe.jpg\" \/>\n\t<meta property=\"og:image:width\" content=\"600\" \/>\n\t<meta property=\"og:image:height\" content=\"600\" \/>\n\t<meta property=\"og:image:type\" content=\"image\/jpeg\" \/>\n<meta name=\"twitter:card\" content=\"summary_large_image\" \/>\n<meta name=\"twitter:label1\" content=\"Tiempo de lectura\" \/>\n\t<meta name=\"twitter:data1\" content=\"3 minutos\" \/>\n<script type=\"application\/ld+json\" class=\"yoast-schema-graph\">{\"@context\":\"https:\\\/\\\/schema.org\",\"@graph\":[{\"@type\":\"WebPage\",\"@id\":\"https:\\\/\\\/repliquemangacine.fr\\\/epee-zelda\\\/master-sword-de-luxe-epee-de-legende\\\/\",\"url\":\"https:\\\/\\\/repliquemangacine.fr\\\/epee-zelda\\\/master-sword-de-luxe-epee-de-legende\\\/\",\"name\":\"Master Sword de Luxe - Ep\u00e9e de L\u00e9gende - R\u00e9plique Manga Cin\u00e9\",\"isPartOf\":{\"@id\":\"https:\\\/\\\/repliquemangacine.fr\\\/#website\"},\"primaryImageOfPage\":{\"@id\":\"https:\\\/\\\/repliquemangacine.fr\\\/epee-zelda\\\/master-sword-de-luxe-epee-de-legende\\\/#primaryimage\"},\"image\":{\"@id\":\"https:\\\/\\\/repliquemangacine.fr\\\/epee-zelda\\\/master-sword-de-luxe-epee-de-legende\\\/#primaryimage\"},\"thumbnailUrl\":\"https:\\\/\\\/repliquemangacine.fr\\\/wp-content\\\/uploads\\\/2025\\\/05\\\/Master-Sword-de-Luxe.jpg\",\"datePublished\":\"2025-05-17T18:41:38+00:00\",\"dateModified\":\"2025-11-26T13:46:16+00:00\",\"description\":\"Master Sword de Luxe - R\u00e9plique l\u00e9gendaire de Zelda. Lame bleut\u00e9e, garde authentique, fourreau de luxe. Parfait pour les fans et collectionneurs !\",\"breadcrumb\":{\"@id\":\"https:\\\/\\\/repliquemangacine.fr\\\/epee-zelda\\\/master-sword-de-luxe-epee-de-legende\\\/#breadcrumb\"},\"inLanguage\":\"es\",\"potentialAction\":[{\"@type\":\"ReadAction\",\"target\":[\"https:\\\/\\\/repliquemangacine.fr\\\/epee-zelda\\\/master-sword-de-luxe-epee-de-legende\\\/\"]}]},{\"@type\":\"ImageObject\",\"inLanguage\":\"es\",\"@id\":\"https:\\\/\\\/repliquemangacine.fr\\\/epee-zelda\\\/master-sword-de-luxe-epee-de-legende\\\/#primaryimage\",\"url\":\"https:\\\/\\\/repliquemangacine.fr\\\/wp-content\\\/uploads\\\/2025\\\/05\\\/Master-Sword-de-Luxe.jpg\",\"contentUrl\":\"https:\\\/\\\/repliquemangacine.fr\\\/wp-content\\\/uploads\\\/2025\\\/05\\\/Master-Sword-de-Luxe.jpg\",\"width\":600,\"height\":600,\"caption\":\"Master Sword de Luxe - Ep\u00e9e de L\u00e9gende - Zelda\"},{\"@type\":\"BreadcrumbList\",\"@id\":\"https:\\\/\\\/repliquemangacine.fr\\\/epee-zelda\\\/master-sword-de-luxe-epee-de-legende\\\/#breadcrumb\",\"itemListElement\":[{\"@type\":\"ListItem\",\"position\":1,\"name\":\"Accueil\",\"item\":\"https:\\\/\\\/repliquemangacine.fr\\\/\"},{\"@type\":\"ListItem\",\"position\":2,\"name\":\"Produits\",\"item\":\"https:\\\/\\\/repliquemangacine.fr\\\/boutique\\\/\"},{\"@type\":\"ListItem\",\"position\":3,\"name\":\"Master Sword de Luxe &#8211; Ep\u00e9e de L\u00e9gende\"}]},{\"@type\":\"WebSite\",\"@id\":\"https:\\\/\\\/repliquemangacine.fr\\\/#website\",\"url\":\"https:\\\/\\\/repliquemangacine.fr\\\/\",\"name\":\"R\u00e9plique Manga Cin\u00e9\",\"description\":\"\",\"publisher\":{\"@id\":\"https:\\\/\\\/repliquemangacine.fr\\\/#organization\"},\"potentialAction\":[{\"@type\":\"SearchAction\",\"target\":{\"@type\":\"EntryPoint\",\"urlTemplate\":\"https:\\\/\\\/repliquemangacine.fr\\\/?s={search_term_string}\"},\"query-input\":{\"@type\":\"PropertyValueSpecification\",\"valueRequired\":true,\"valueName\":\"search_term_string\"}}],\"inLanguage\":\"es\"},{\"@type\":\"Organization\",\"@id\":\"https:\\\/\\\/repliquemangacine.fr\\\/#organization\",\"name\":\"R\u00e9plique Manga Cin\u00e9\",\"url\":\"https:\\\/\\\/repliquemangacine.fr\\\/\",\"logo\":{\"@type\":\"ImageObject\",\"inLanguage\":\"es\",\"@id\":\"https:\\\/\\\/repliquemangacine.fr\\\/#\\\/schema\\\/logo\\\/image\\\/\",\"url\":\"https:\\\/\\\/repliquemangacine.fr\\\/wp-content\\\/uploads\\\/2023\\\/10\\\/RMC-500250.png\",\"contentUrl\":\"https:\\\/\\\/repliquemangacine.fr\\\/wp-content\\\/uploads\\\/2023\\\/10\\\/RMC-500250.png\",\"width\":500,\"height\":250,\"caption\":\"R\u00e9plique Manga Cin\u00e9\"},\"image\":{\"@id\":\"https:\\\/\\\/repliquemangacine.fr\\\/#\\\/schema\\\/logo\\\/image\\\/\"},\"sameAs\":[\"https:\\\/\\\/www.facebook.com\\\/RepliqueMangaCine\",\"https:\\\/\\\/www.instagram.com\\\/repliquemangacine.fr\\\/\"]}]}<\/script>\n<!-- \/ Yoast SEO plugin. -->","yoast_head_json":{"title":"Espada Maestra de Luxe - Espada Legendaria - R\u00e9plique Manga Cin\u00e9","description":"Espada Maestra de Luxe - R\u00e9plica de Zelda Legendario. Hoja pavonada, guarda aut\u00e9ntica, vaina de lujo. Perfecta para fans y coleccionistas.","robots":{"index":"index","follow":"follow","max-snippet":"max-snippet:-1","max-image-preview":"max-image-preview:large","max-video-preview":"max-video-preview:-1"},"canonical":"https:\/\/repliquemangacine.fr\/es\/espada-de-zelda\/espada-maestra-de-luxe-epee-de-legende\/","og_locale":"es_ES","og_type":"article","og_title":"Master Sword de Luxe - Ep\u00e9e de L\u00e9gende - R\u00e9plique Manga Cin\u00e9","og_description":"Master Sword de Luxe - R\u00e9plique l\u00e9gendaire de Zelda. Lame bleut\u00e9e, garde authentique, fourreau de luxe. Parfait pour les fans et collectionneurs !","og_url":"https:\/\/repliquemangacine.fr\/es\/espada-de-zelda\/espada-maestra-de-luxe-epee-de-legende\/","og_site_name":"R\u00e9plique Manga Cin\u00e9","article_publisher":"https:\/\/www.facebook.com\/RepliqueMangaCine","article_modified_time":"2025-11-26T13:46:16+00:00","og_image":[{"width":600,"height":600,"url":"https:\/\/repliquemangacine.fr\/wp-content\/uploads\/2025\/05\/Master-Sword-de-Luxe.jpg","type":"image\/jpeg"}],"twitter_card":"summary_large_image","twitter_misc":{"Tiempo de lectura":"3 minutos"},"schema":{"@context":"https:\/\/schema.org","@graph":[{"@type":"WebPage","@id":"https:\/\/repliquemangacine.fr\/epee-zelda\/master-sword-de-luxe-epee-de-legende\/","url":"https:\/\/repliquemangacine.fr\/epee-zelda\/master-sword-de-luxe-epee-de-legende\/","name":"Espada Maestra de Luxe - Espada Legendaria - R\u00e9plique Manga Cin\u00e9","isPartOf":{"@id":"https:\/\/repliquemangacine.fr\/#website"},"primaryImageOfPage":{"@id":"https:\/\/repliquemangacine.fr\/epee-zelda\/master-sword-de-luxe-epee-de-legende\/#primaryimage"},"image":{"@id":"https:\/\/repliquemangacine.fr\/epee-zelda\/master-sword-de-luxe-epee-de-legende\/#primaryimage"},"thumbnailUrl":"https:\/\/repliquemangacine.fr\/wp-content\/uploads\/2025\/05\/Master-Sword-de-Luxe.jpg","datePublished":"2025-05-17T18:41:38+00:00","dateModified":"2025-11-26T13:46:16+00:00","description":"Espada Maestra de Luxe - R\u00e9plica de Zelda Legendario. Hoja pavonada, guarda aut\u00e9ntica, vaina de lujo. Perfecta para fans y coleccionistas.","breadcrumb":{"@id":"https:\/\/repliquemangacine.fr\/epee-zelda\/master-sword-de-luxe-epee-de-legende\/#breadcrumb"},"inLanguage":"es","potentialAction":[{"@type":"ReadAction","target":["https:\/\/repliquemangacine.fr\/epee-zelda\/master-sword-de-luxe-epee-de-legende\/"]}]},{"@type":"ImageObject","inLanguage":"es","@id":"https:\/\/repliquemangacine.fr\/epee-zelda\/master-sword-de-luxe-epee-de-legende\/#primaryimage","url":"https:\/\/repliquemangacine.fr\/wp-content\/uploads\/2025\/05\/Master-Sword-de-Luxe.jpg","contentUrl":"https:\/\/repliquemangacine.fr\/wp-content\/uploads\/2025\/05\/Master-Sword-de-Luxe.jpg","width":600,"height":600,"caption":"Master Sword de Luxe - Ep\u00e9e de L\u00e9gende - Zelda"},{"@type":"BreadcrumbList","@id":"https:\/\/repliquemangacine.fr\/epee-zelda\/master-sword-de-luxe-epee-de-legende\/#breadcrumb","itemListElement":[{"@type":"ListItem","position":1,"name":"Accueil","item":"https:\/\/repliquemangacine.fr\/"},{"@type":"ListItem","position":2,"name":"Produits","item":"https:\/\/repliquemangacine.fr\/boutique\/"},{"@type":"ListItem","position":3,"name":"Master Sword de Luxe &#8211; Ep\u00e9e de L\u00e9gende"}]},{"@type":"WebSite","@id":"https:\/\/repliquemangacine.fr\/#website","url":"https:\/\/repliquemangacine.fr\/","name":"R\u00e9plique Manga Cin\u00e9","description":"","publisher":{"@id":"https:\/\/repliquemangacine.fr\/#organization"},"potentialAction":[{"@type":"SearchAction","target":{"@type":"EntryPoint","urlTemplate":"https:\/\/repliquemangacine.fr\/?s={search_term_string}"},"query-input":{"@type":"PropertyValueSpecification","valueRequired":true,"valueName":"search_term_string"}}],"inLanguage":"es"},{"@type":"Organization","@id":"https:\/\/repliquemangacine.fr\/#organization","name":"R\u00e9plique Manga Cin\u00e9","url":"https:\/\/repliquemangacine.fr\/","logo":{"@type":"ImageObject","inLanguage":"es","@id":"https:\/\/repliquemangacine.fr\/#\/schema\/logo\/image\/","url":"https:\/\/repliquemangacine.fr\/wp-content\/uploads\/2023\/10\/RMC-500250.png","contentUrl":"https:\/\/repliquemangacine.fr\/wp-content\/uploads\/2023\/10\/RMC-500250.png","width":500,"height":250,"caption":"R\u00e9plique Manga Cin\u00e9"},"image":{"@id":"https:\/\/repliquemangacine.fr\/#\/schema\/logo\/image\/"},"sameAs":["https:\/\/www.facebook.com\/RepliqueMangaCine","https:\/\/www.instagram.com\/repliquemangacine.fr\/"]}]}},"_links":{"self":[{"href":"https:\/\/repliquemangacine.fr\/es\/wp-json\/wp\/v2\/product\/84394","targetHints":{"allow":["GET"]}}],"collection":[{"href":"https:\/\/repliquemangacine.fr\/es\/wp-json\/wp\/v2\/product"}],"about":[{"href":"https:\/\/repliquemangacine.fr\/es\/wp-json\/wp\/v2\/types\/product"}],"wp:featuredmedia":[{"embeddable":true,"href":"https:\/\/repliquemangacine.fr\/es\/wp-json\/wp\/v2\/media\/84395"}],"wp:attachment":[{"href":"https:\/\/repliquemangacine.fr\/es\/wp-json\/wp\/v2\/media?parent=84394"}],"wp:term":[{"taxonomy":"product_brand","embeddable":true,"href":"https:\/\/repliquemangacine.fr\/es\/wp-json\/wp\/v2\/product_brand?post=84394"},{"taxonomy":"product_cat","embeddable":true,"href":"https:\/\/repliquemangacine.fr\/es\/wp-json\/wp\/v2\/product_cat?post=84394"},{"taxonomy":"product_tag","embeddable":true,"href":"https:\/\/repliquemangacine.fr\/es\/wp-json\/wp\/v2\/product_tag?post=84394"}],"curies":[{"name":"wp","href":"https:\/\/api.w.org\/{rel}","templated":true}]}}