





{"id":84148,"date":"2025-05-10T19:18:17","date_gmt":"2025-05-10T17:18:17","guid":{"rendered":"https:\/\/repliquemangacine.fr\/?post_type=product&#038;p=84148"},"modified":"2025-12-19T15:40:15","modified_gmt":"2025-12-19T14:40:15","slug":"colmillo-sabueso-elden-anillo-espada","status":"publish","type":"product","link":"https:\/\/repliquemangacine.fr\/es\/elden-ring\/epee-bloodhound-fang-elden-ring\/","title":{"rendered":"Espada Bloodhound Fang - Anillo Elden"},"content":{"rendered":"<h2>The Elden Ring Bloodhound Fang Sword: una r\u00e9plica incre\u00edble<\/h2>\n<p>Absolutamente incre\u00edble, esta r\u00e9plica de la espada Bloodhound Fang en <a href=\"https:\/\/eldenring.fandom.com\/fr\/wiki\/Wiki_Elden_Ring\" target=\"_blank\" rel=\"noopener noreferrer\">Anillo Elden<\/a> impresiona por su asombroso realismo. La hoja curvada de acero presenta un efecto martillado en un magn\u00edfico color bronce, que recuerda fielmente al arma ic\u00f3nica del juego. El mango de madera est\u00e1 recubierto de imitaci\u00f3n de cuero negro para un agarre c\u00f3modo y resistente. Una punta de acero bronceado completa la empu\u00f1adura con elegancia. La distintiva e imponente guarda tambi\u00e9n est\u00e1 fabricada en acero de color bronce. Se entrega con un soporte de presentaci\u00f3n para realzar su colecci\u00f3n. Sus impresionantes dimensiones no dejar\u00e1n indiferente a nadie: 86 cm de hoja y 122 cm de longitud total. Su peso de 2300 g la convierte en una pieza maciza y aut\u00e9ntica, a imagen del arma utilizada por el feroz Caballero del Sabueso.<\/p>\n<h2>Un arma \u00fanica para los verdaderos aventureros de Elden Ring<\/h2>\n<p>En primer lugar, el<strong>Espada Bloodhound Fang<\/strong> es mucho m\u00e1s que una simple r\u00e9plica; es un aut\u00e9ntico homenaje a los aventureros de Elden Ring. Su imponente dise\u00f1o y su considerable peso recuerdan el poder de esta arma en el juego. Esta espada curva es conocida por su temible eficacia en el combate cuerpo a cuerpo y su capacidad para infligir golpes devastadores. Como coleccionista o fan del Anillo de Elden, poseer esta r\u00e9plica es un aut\u00e9ntico privilegio. Su sofisticada est\u00e9tica y su acabado de primera calidad la convierten en una pieza imprescindible para los fans del g\u00e9nero. Tanto si eres un apasionado del fant\u00e1stico mundo del juego como si simplemente buscas una pieza de coleccionista \u00fanica, esta espada es para ti. Simboliza el poder, la elegancia y la pasi\u00f3n del combate en un universo \u00e9pico.<\/p>\n<h2>Descubra m\u00e1s r\u00e9plicas ic\u00f3nicas en R\u00e9plique Manga Cin\u00e9<\/h2>\n<p>En R\u00e9plique Manga Cin\u00e9, el<strong>Espada Bloodhound Fang<\/strong> es s\u00f3lo una de las muchas piezas. Los fans de Elden Ring tambi\u00e9n encontrar\u00e1n el<a href=\"https:\/\/repliquemangacine.fr\/es\/anillo-elden\/elden-ring-gran-espada-espada\/\">Espada de gran espada,<\/a> macizo e imponente, para un realismo impresionante. Tambi\u00e9n ofrecemos el<a href=\"https:\/\/repliquemangacine.fr\/es\/anillo-elden\/elden-ring-gran-espada-espada\/\">Espada de la Luna Oscura<\/a> en fibra de vidrio, as\u00ed como el R<a href=\"https:\/\/repliquemangacine.fr\/es\/anillo-elden\/anillo-rapiere-de-rogier-elden\/\">api\u00e8re de Rogier<\/a> y el <a href=\"https:\/\/repliquemangacine.fr\/es\/anillo-elden\/katana-moonveil-en-anillo-elden\/\">Katana Moonveil<\/a>Se trata de objetos emblem\u00e1ticos para cualquier coleccionista digno de tal nombre. Adem\u00e1s de las armas del Anillo de Elden, tenemos r\u00e9plicas de la famosa Frostmourne, la espada del Rey Ex\u00e1nime. Los fans de Genshin Impact tampoco se quedar\u00e1n fuera, con nuestra selecci\u00f3n de katanas y espadas inspiradas en el juego. Ya seas fan de la fantas\u00eda, el anime o los videojuegos, nuestro sitio tiene mucho m\u00e1s para ti. As\u00ed que no esperes m\u00e1s para a\u00f1adir estos excepcionales art\u00edculos a tu colecci\u00f3n.<\/p>","protected":false},"excerpt":{"rendered":"<p>R\u00e9plica absolutamente incre\u00edble de la espada Bloodhound Fang en Elden Ring.<\/p>\n<ul>\n<li>Hoja curva de acero de alta calidad con efecto martillado en bronce<\/li>\n<li>Mango de madera recubierto de polipiel negra y punta de acero color bronce.<\/li>\n<li>Protector de acero de color bronce con forma especial.<\/li>\n<li>Se entrega con soporte de presentaci\u00f3n.<\/li>\n<li>Longitud de la hoja: 86 cm - Longitud total: 122 cm<\/li>\n<li>Peso: 2300g<\/li>\n<\/ul>","protected":false},"featured_media":84155,"template":"","meta":[],"product_brand":[896],"product_cat":[876,23],"product_tag":[],"class_list":{"0":"post-84148","1":"product","2":"type-product","3":"status-publish","4":"has-post-thumbnail","6":"product_brand-replique-manga-cine","7":"product_cat-elden-ring","8":"product_cat-repliques-manga-jeux-video","10":"first","11":"instock","12":"taxable","13":"shipping-taxable","14":"purchasable","15":"product-type-simple"},"yoast_head":"<!-- This site is optimized with the Yoast SEO plugin v27.4 - https:\/\/yoast.com\/product\/yoast-seo-wordpress\/ -->\n<title>\u00c9p\u00e9e Bloodhound Fang - Elden Ring - R\u00e9plique Manga Cin\u00e9<\/title>\n<meta name=\"description\" content=\"D\u00e9couvrez l&#039;\u00c9p\u00e9e Bloodhound Fang d&#039;Elden Ring : r\u00e9plique r\u00e9aliste, lame incurv\u00e9e en acier bronze support inclus. 122 cm. Pour les vrais collectionneurs !\" \/>\n<meta name=\"robots\" content=\"index, follow, max-snippet:-1, max-image-preview:large, max-video-preview:-1\" \/>\n<link rel=\"canonical\" href=\"https:\/\/repliquemangacine.fr\/es\/anillo-elden\/colmillo-sabueso-elden-anillo-espada\/\" \/>\n<meta property=\"og:locale\" content=\"es_ES\" \/>\n<meta property=\"og:type\" content=\"article\" \/>\n<meta property=\"og:title\" content=\"\u00c9p\u00e9e Bloodhound Fang - Elden Ring - R\u00e9plique Manga Cin\u00e9\" \/>\n<meta property=\"og:description\" content=\"D\u00e9couvrez l&#039;\u00c9p\u00e9e Bloodhound Fang d&#039;Elden Ring : r\u00e9plique r\u00e9aliste, lame incurv\u00e9e en acier bronze support inclus. 122 cm. Pour les vrais collectionneurs !\" \/>\n<meta property=\"og:url\" content=\"https:\/\/repliquemangacine.fr\/es\/anillo-elden\/colmillo-sabueso-elden-anillo-espada\/\" \/>\n<meta property=\"og:site_name\" content=\"R\u00e9plique Manga Cin\u00e9\" \/>\n<meta property=\"article:publisher\" content=\"https:\/\/www.facebook.com\/RepliqueMangaCine\" \/>\n<meta property=\"article:modified_time\" content=\"2025-12-19T14:40:15+00:00\" \/>\n<meta property=\"og:image\" content=\"https:\/\/repliquemangacine.fr\/wp-content\/uploads\/2025\/05\/Epee-Bloodhound-Fang-Elden-ring.jpg\" \/>\n\t<meta property=\"og:image:width\" content=\"800\" \/>\n\t<meta property=\"og:image:height\" content=\"800\" \/>\n\t<meta property=\"og:image:type\" content=\"image\/jpeg\" \/>\n<meta name=\"twitter:card\" content=\"summary_large_image\" \/>\n<meta name=\"twitter:label1\" content=\"Tiempo de lectura\" \/>\n\t<meta name=\"twitter:data1\" content=\"3 minutos\" \/>\n<script type=\"application\/ld+json\" class=\"yoast-schema-graph\">{\"@context\":\"https:\\\/\\\/schema.org\",\"@graph\":[{\"@type\":\"WebPage\",\"@id\":\"https:\\\/\\\/repliquemangacine.fr\\\/elden-ring\\\/epee-bloodhound-fang-elden-ring\\\/\",\"url\":\"https:\\\/\\\/repliquemangacine.fr\\\/elden-ring\\\/epee-bloodhound-fang-elden-ring\\\/\",\"name\":\"\u00c9p\u00e9e Bloodhound Fang - Elden Ring - R\u00e9plique Manga Cin\u00e9\",\"isPartOf\":{\"@id\":\"https:\\\/\\\/repliquemangacine.fr\\\/#website\"},\"primaryImageOfPage\":{\"@id\":\"https:\\\/\\\/repliquemangacine.fr\\\/elden-ring\\\/epee-bloodhound-fang-elden-ring\\\/#primaryimage\"},\"image\":{\"@id\":\"https:\\\/\\\/repliquemangacine.fr\\\/elden-ring\\\/epee-bloodhound-fang-elden-ring\\\/#primaryimage\"},\"thumbnailUrl\":\"https:\\\/\\\/repliquemangacine.fr\\\/wp-content\\\/uploads\\\/2025\\\/05\\\/Epee-Bloodhound-Fang-Elden-ring.jpg\",\"datePublished\":\"2025-05-10T17:18:17+00:00\",\"dateModified\":\"2025-12-19T14:40:15+00:00\",\"description\":\"D\u00e9couvrez l'\u00c9p\u00e9e Bloodhound Fang d'Elden Ring : r\u00e9plique r\u00e9aliste, lame incurv\u00e9e en acier bronze support inclus. 122 cm. Pour les vrais collectionneurs !\",\"breadcrumb\":{\"@id\":\"https:\\\/\\\/repliquemangacine.fr\\\/elden-ring\\\/epee-bloodhound-fang-elden-ring\\\/#breadcrumb\"},\"inLanguage\":\"es\",\"potentialAction\":[{\"@type\":\"ReadAction\",\"target\":[\"https:\\\/\\\/repliquemangacine.fr\\\/elden-ring\\\/epee-bloodhound-fang-elden-ring\\\/\"]}]},{\"@type\":\"ImageObject\",\"inLanguage\":\"es\",\"@id\":\"https:\\\/\\\/repliquemangacine.fr\\\/elden-ring\\\/epee-bloodhound-fang-elden-ring\\\/#primaryimage\",\"url\":\"https:\\\/\\\/repliquemangacine.fr\\\/wp-content\\\/uploads\\\/2025\\\/05\\\/Epee-Bloodhound-Fang-Elden-ring.jpg\",\"contentUrl\":\"https:\\\/\\\/repliquemangacine.fr\\\/wp-content\\\/uploads\\\/2025\\\/05\\\/Epee-Bloodhound-Fang-Elden-ring.jpg\",\"width\":800,\"height\":800,\"caption\":\"\u00c9p\u00e9e Bloodhound Fang Elden Ring\"},{\"@type\":\"BreadcrumbList\",\"@id\":\"https:\\\/\\\/repliquemangacine.fr\\\/elden-ring\\\/epee-bloodhound-fang-elden-ring\\\/#breadcrumb\",\"itemListElement\":[{\"@type\":\"ListItem\",\"position\":1,\"name\":\"Accueil\",\"item\":\"https:\\\/\\\/repliquemangacine.fr\\\/\"},{\"@type\":\"ListItem\",\"position\":2,\"name\":\"Produits\",\"item\":\"https:\\\/\\\/repliquemangacine.fr\\\/boutique\\\/\"},{\"@type\":\"ListItem\",\"position\":3,\"name\":\"\u00c9p\u00e9e Bloodhound Fang &#8211; Elden Ring\"}]},{\"@type\":\"WebSite\",\"@id\":\"https:\\\/\\\/repliquemangacine.fr\\\/#website\",\"url\":\"https:\\\/\\\/repliquemangacine.fr\\\/\",\"name\":\"R\u00e9plique Manga Cin\u00e9\",\"description\":\"\",\"publisher\":{\"@id\":\"https:\\\/\\\/repliquemangacine.fr\\\/#organization\"},\"potentialAction\":[{\"@type\":\"SearchAction\",\"target\":{\"@type\":\"EntryPoint\",\"urlTemplate\":\"https:\\\/\\\/repliquemangacine.fr\\\/?s={search_term_string}\"},\"query-input\":{\"@type\":\"PropertyValueSpecification\",\"valueRequired\":true,\"valueName\":\"search_term_string\"}}],\"inLanguage\":\"es\"},{\"@type\":\"Organization\",\"@id\":\"https:\\\/\\\/repliquemangacine.fr\\\/#organization\",\"name\":\"R\u00e9plique Manga Cin\u00e9\",\"url\":\"https:\\\/\\\/repliquemangacine.fr\\\/\",\"logo\":{\"@type\":\"ImageObject\",\"inLanguage\":\"es\",\"@id\":\"https:\\\/\\\/repliquemangacine.fr\\\/#\\\/schema\\\/logo\\\/image\\\/\",\"url\":\"https:\\\/\\\/repliquemangacine.fr\\\/wp-content\\\/uploads\\\/2023\\\/10\\\/RMC-500250.png\",\"contentUrl\":\"https:\\\/\\\/repliquemangacine.fr\\\/wp-content\\\/uploads\\\/2023\\\/10\\\/RMC-500250.png\",\"width\":500,\"height\":250,\"caption\":\"R\u00e9plique Manga Cin\u00e9\"},\"image\":{\"@id\":\"https:\\\/\\\/repliquemangacine.fr\\\/#\\\/schema\\\/logo\\\/image\\\/\"},\"sameAs\":[\"https:\\\/\\\/www.facebook.com\\\/RepliqueMangaCine\",\"https:\\\/\\\/www.instagram.com\\\/repliquemangacine.fr\\\/\"]}]}<\/script>\n<!-- \/ Yoast SEO plugin. -->","yoast_head_json":{"title":"Espada Bloodhound Fang - Anillo Elden - R\u00e9plique Manga Cin\u00e9","description":"Descubre la espada Bloodhound Fang de Elden Ring: r\u00e9plica realista, hoja curva de acero bronceado, peana incluida. 122 cm. \u00a1Para aut\u00e9nticos coleccionistas!","robots":{"index":"index","follow":"follow","max-snippet":"max-snippet:-1","max-image-preview":"max-image-preview:large","max-video-preview":"max-video-preview:-1"},"canonical":"https:\/\/repliquemangacine.fr\/es\/anillo-elden\/colmillo-sabueso-elden-anillo-espada\/","og_locale":"es_ES","og_type":"article","og_title":"\u00c9p\u00e9e Bloodhound Fang - Elden Ring - R\u00e9plique Manga Cin\u00e9","og_description":"D\u00e9couvrez l'\u00c9p\u00e9e Bloodhound Fang d'Elden Ring : r\u00e9plique r\u00e9aliste, lame incurv\u00e9e en acier bronze support inclus. 122 cm. Pour les vrais collectionneurs !","og_url":"https:\/\/repliquemangacine.fr\/es\/anillo-elden\/colmillo-sabueso-elden-anillo-espada\/","og_site_name":"R\u00e9plique Manga Cin\u00e9","article_publisher":"https:\/\/www.facebook.com\/RepliqueMangaCine","article_modified_time":"2025-12-19T14:40:15+00:00","og_image":[{"width":800,"height":800,"url":"https:\/\/repliquemangacine.fr\/wp-content\/uploads\/2025\/05\/Epee-Bloodhound-Fang-Elden-ring.jpg","type":"image\/jpeg"}],"twitter_card":"summary_large_image","twitter_misc":{"Tiempo de lectura":"3 minutos"},"schema":{"@context":"https:\/\/schema.org","@graph":[{"@type":"WebPage","@id":"https:\/\/repliquemangacine.fr\/elden-ring\/epee-bloodhound-fang-elden-ring\/","url":"https:\/\/repliquemangacine.fr\/elden-ring\/epee-bloodhound-fang-elden-ring\/","name":"Espada Bloodhound Fang - Anillo Elden - R\u00e9plique Manga Cin\u00e9","isPartOf":{"@id":"https:\/\/repliquemangacine.fr\/#website"},"primaryImageOfPage":{"@id":"https:\/\/repliquemangacine.fr\/elden-ring\/epee-bloodhound-fang-elden-ring\/#primaryimage"},"image":{"@id":"https:\/\/repliquemangacine.fr\/elden-ring\/epee-bloodhound-fang-elden-ring\/#primaryimage"},"thumbnailUrl":"https:\/\/repliquemangacine.fr\/wp-content\/uploads\/2025\/05\/Epee-Bloodhound-Fang-Elden-ring.jpg","datePublished":"2025-05-10T17:18:17+00:00","dateModified":"2025-12-19T14:40:15+00:00","description":"Descubre la espada Bloodhound Fang de Elden Ring: r\u00e9plica realista, hoja curva de acero bronceado, peana incluida. 122 cm. \u00a1Para aut\u00e9nticos coleccionistas!","breadcrumb":{"@id":"https:\/\/repliquemangacine.fr\/elden-ring\/epee-bloodhound-fang-elden-ring\/#breadcrumb"},"inLanguage":"es","potentialAction":[{"@type":"ReadAction","target":["https:\/\/repliquemangacine.fr\/elden-ring\/epee-bloodhound-fang-elden-ring\/"]}]},{"@type":"ImageObject","inLanguage":"es","@id":"https:\/\/repliquemangacine.fr\/elden-ring\/epee-bloodhound-fang-elden-ring\/#primaryimage","url":"https:\/\/repliquemangacine.fr\/wp-content\/uploads\/2025\/05\/Epee-Bloodhound-Fang-Elden-ring.jpg","contentUrl":"https:\/\/repliquemangacine.fr\/wp-content\/uploads\/2025\/05\/Epee-Bloodhound-Fang-Elden-ring.jpg","width":800,"height":800,"caption":"\u00c9p\u00e9e Bloodhound Fang Elden Ring"},{"@type":"BreadcrumbList","@id":"https:\/\/repliquemangacine.fr\/elden-ring\/epee-bloodhound-fang-elden-ring\/#breadcrumb","itemListElement":[{"@type":"ListItem","position":1,"name":"Accueil","item":"https:\/\/repliquemangacine.fr\/"},{"@type":"ListItem","position":2,"name":"Produits","item":"https:\/\/repliquemangacine.fr\/boutique\/"},{"@type":"ListItem","position":3,"name":"\u00c9p\u00e9e Bloodhound Fang &#8211; Elden Ring"}]},{"@type":"WebSite","@id":"https:\/\/repliquemangacine.fr\/#website","url":"https:\/\/repliquemangacine.fr\/","name":"R\u00e9plique Manga Cin\u00e9","description":"","publisher":{"@id":"https:\/\/repliquemangacine.fr\/#organization"},"potentialAction":[{"@type":"SearchAction","target":{"@type":"EntryPoint","urlTemplate":"https:\/\/repliquemangacine.fr\/?s={search_term_string}"},"query-input":{"@type":"PropertyValueSpecification","valueRequired":true,"valueName":"search_term_string"}}],"inLanguage":"es"},{"@type":"Organization","@id":"https:\/\/repliquemangacine.fr\/#organization","name":"R\u00e9plique Manga Cin\u00e9","url":"https:\/\/repliquemangacine.fr\/","logo":{"@type":"ImageObject","inLanguage":"es","@id":"https:\/\/repliquemangacine.fr\/#\/schema\/logo\/image\/","url":"https:\/\/repliquemangacine.fr\/wp-content\/uploads\/2023\/10\/RMC-500250.png","contentUrl":"https:\/\/repliquemangacine.fr\/wp-content\/uploads\/2023\/10\/RMC-500250.png","width":500,"height":250,"caption":"R\u00e9plique Manga Cin\u00e9"},"image":{"@id":"https:\/\/repliquemangacine.fr\/#\/schema\/logo\/image\/"},"sameAs":["https:\/\/www.facebook.com\/RepliqueMangaCine","https:\/\/www.instagram.com\/repliquemangacine.fr\/"]}]}},"_links":{"self":[{"href":"https:\/\/repliquemangacine.fr\/es\/wp-json\/wp\/v2\/product\/84148","targetHints":{"allow":["GET"]}}],"collection":[{"href":"https:\/\/repliquemangacine.fr\/es\/wp-json\/wp\/v2\/product"}],"about":[{"href":"https:\/\/repliquemangacine.fr\/es\/wp-json\/wp\/v2\/types\/product"}],"wp:featuredmedia":[{"embeddable":true,"href":"https:\/\/repliquemangacine.fr\/es\/wp-json\/wp\/v2\/media\/84155"}],"wp:attachment":[{"href":"https:\/\/repliquemangacine.fr\/es\/wp-json\/wp\/v2\/media?parent=84148"}],"wp:term":[{"taxonomy":"product_brand","embeddable":true,"href":"https:\/\/repliquemangacine.fr\/es\/wp-json\/wp\/v2\/product_brand?post=84148"},{"taxonomy":"product_cat","embeddable":true,"href":"https:\/\/repliquemangacine.fr\/es\/wp-json\/wp\/v2\/product_cat?post=84148"},{"taxonomy":"product_tag","embeddable":true,"href":"https:\/\/repliquemangacine.fr\/es\/wp-json\/wp\/v2\/product_tag?post=84148"}],"curies":[{"name":"wp","href":"https:\/\/api.w.org\/{rel}","templated":true}]}}