





{"id":84142,"date":"2025-05-10T15:45:17","date_gmt":"2025-05-10T13:45:17","guid":{"rendered":"https:\/\/repliquemangacine.fr\/?post_type=product&#038;p=84142"},"modified":"2026-03-20T00:15:47","modified_gmt":"2026-03-19T23:15:47","slug":"shirasaya-de-o-ren-ishii-kill-bill","status":"publish","type":"product","link":"https:\/\/repliquemangacine.fr\/es\/katana-kill-bill\/shirasaya-de-o-ren-ishii-kill-bill\/","title":{"rendered":"Shirasaya de O-ren Ishii - Kill Bill"},"content":{"rendered":"<h2>El Shirasaya de O-Ren Ishii en Kill Bill: una r\u00e9plica excepcional<\/h2>\n<p>En primer lugar, sum\u00e9rjase en el fascinante mundo de Kill Bill con el <strong>Shirasaya de O-Ren Ishii<\/strong>. Una r\u00e9plica excepcional de la katana legendaria. O-Ren Ishii, formidable l\u00edder de la <a href=\"https:\/\/killbill.fandom.com\/wiki\/Yakuza\" target=\"_blank\" rel=\"noopener noreferrer\">Yakuzas<\/a>Su katana es el s\u00edmbolo de su poder y su maestr\u00eda marcial. Su katana es el s\u00edmbolo de su poder y su maestr\u00eda marcial. Esta fiel r\u00e9plica reproduce cada detalle con precisi\u00f3n, rindiendo homenaje a esta ic\u00f3nica figura. La hoja de acero inoxidable 440 es perfecta para los coleccionistas que buscan autenticidad. La vaina de madera lacada en negro a\u00f1ade un toque refinado, mientras que la empu\u00f1adura, tambi\u00e9n de madera lacada en negro, est\u00e1 adornada con delicados p\u00e9talos de flores. Su dise\u00f1o depurado y elegante refleja a la perfecci\u00f3n el esp\u00edritu de O-Ren Ishii. Esta pieza de coleccionista es imprescindible para cualquier fan de Tarantino y de su inolvidable universo cinematogr\u00e1fico.<\/p>\n<h2>Una katana Shirasaya \u00fanica: tradici\u00f3n y modernidad combinadas<\/h2>\n<p>Esta excepcional Shirasaya no es s\u00f3lo una r\u00e9plica fiel. Es un s\u00edmbolo de la tradici\u00f3n japonesa mezclado con el aura m\u00edtica de Kill Bill. Su rasgo distintivo es su refinado dise\u00f1o, sin guarda, t\u00edpico de las Shirasaya, utilizada para preservar la belleza de la hoja cuando no se utiliza. Esta katana encarna a la perfecci\u00f3n la sobria elegancia que caracteriza a O-Ren Ishii. M\u00e1s que un simple objeto decorativo, refleja la finura marcial japonesa y el poder de una figura de culto. Adem\u00e1s, con su madera lacada en negro, esta katana destaca por su excepcional acabado y su noble aspecto. Confirme su pasi\u00f3n por los objetos de colecci\u00f3n con esta katana \u00fanica, sin\u00f3nimo de excelencia y prestigio. Para concluir, poseer esta katana significa revivir cada d\u00eda las m\u00edticas escenas de la pel\u00edcula.<\/p>\n<h2>Una colecci\u00f3n completa para los aficionados al cine y a las series de culto<\/h2>\n<p>No te quedes s\u00f3lo con una r\u00e9plica: \u00a1a\u00f1ade a tu colecci\u00f3n las otras katanas ic\u00f3nicas de la saga Kill Bill! Encuentra la <a href=\"https:\/\/repliquemangacine.fr\/es\/katana-kill-bill\/katana-de-bill\/\">La katana de Bill<\/a>y el <a href=\"https:\/\/repliquemangacine.fr\/es\/katana-kill-bill\/katana-de-la-mariee-kill-bill-beatrix\/\">Katana de Beatrix<\/a> alias Black Mamba y la formidable arma de <a href=\"https:\/\/repliquemangacine.fr\/es\/katana-kill-bill\/bud-katana\/\">Bud<\/a>El hermano de Bill. Estas piezas ic\u00f3nicas forman un tr\u00edo legendario que todo fan de Quentin Tarantino debe poseer. Pero nuestra tienda no se detiene ah\u00ed. Sum\u00e9rgete en el mundo de las series de culto con el<a href=\"https:\/\/repliquemangacine.fr\/es\/armas-the-walking-dead\/katana-de-michonne\/\"> La katana de Michonne<\/a> de The Walking Dead, tambi\u00e9n est\u00e1n los <a href=\"https:\/\/repliquemangacine.fr\/es\/espadas-de-juego-de-tronos\/\">espadas legendarias de Juego de Tronos<\/a>El Se\u00f1or de los Anillos y Vikingos. En R\u00e9plique Manga Cin\u00e9, le ofrecemos las r\u00e9plicas m\u00e1s buscadas. En conclusi\u00f3n, \u00a1convierta su pasi\u00f3n en una colecci\u00f3n y exhiba con orgullo sus armas legendarias!<\/p>","protected":false},"excerpt":{"rendered":"<p>R\u00e9plica id\u00e9ntica de la katana de O-ren Ishii en Kill Bill<\/p>\n<ul>\n<li>Hoja de acero 440 no afilada<\/li>\n<li>Vaina de madera lacada en negro<\/li>\n<li>Mango de madera lacada en negro con p\u00e9talos de flores<\/li>\n<li>Longitud de la hoja: 69 cm - Longitud total: 100 cm<\/li>\n<li>Peso con vaina: 750g<\/li>\n<\/ul>","protected":false},"featured_media":84143,"template":"","meta":[],"product_brand":[896],"product_cat":[24,71],"product_tag":[],"class_list":{"0":"post-84142","1":"product","2":"type-product","3":"status-publish","4":"has-post-thumbnail","6":"product_brand-replique-manga-cine","7":"product_cat-films-series-tv-vente-de-katana-epee-et-produits-derives","8":"product_cat-katana-kill-bill","10":"first","11":"instock","12":"taxable","13":"shipping-taxable","14":"purchasable","15":"product-type-simple"},"yoast_head":"<!-- This site is optimized with the Yoast SEO plugin v27.4 - https:\/\/yoast.com\/product\/yoast-seo-wordpress\/ -->\n<title>Shirasaya de O-ren Ishii - Kill Bill - R\u00e9plique Manga Cin\u00e9<\/title>\n<meta name=\"description\" content=\"D\u00e9couvrez le Shirasaya de O-Ren Ishii, r\u00e9plique culte de Kill Bill. \u00c9l\u00e9gance japonaise et authenticit\u00e9 pour les passionn\u00e9s de cin\u00e9ma et d\u2019armes l\u00e9gendaires.\" \/>\n<meta name=\"robots\" content=\"index, follow, max-snippet:-1, max-image-preview:large, max-video-preview:-1\" \/>\n<link rel=\"canonical\" href=\"https:\/\/repliquemangacine.fr\/es\/katana-kill-bill\/shirasaya-de-o-ren-ishii-kill-bill\/\" \/>\n<meta property=\"og:locale\" content=\"es_ES\" \/>\n<meta property=\"og:type\" content=\"article\" \/>\n<meta property=\"og:title\" content=\"Shirasaya de O-ren Ishii - Kill Bill - R\u00e9plique Manga Cin\u00e9\" \/>\n<meta property=\"og:description\" content=\"D\u00e9couvrez le Shirasaya de O-Ren Ishii, r\u00e9plique culte de Kill Bill. \u00c9l\u00e9gance japonaise et authenticit\u00e9 pour les passionn\u00e9s de cin\u00e9ma et d\u2019armes l\u00e9gendaires.\" \/>\n<meta property=\"og:url\" content=\"https:\/\/repliquemangacine.fr\/es\/katana-kill-bill\/shirasaya-de-o-ren-ishii-kill-bill\/\" \/>\n<meta property=\"og:site_name\" content=\"R\u00e9plique Manga Cin\u00e9\" \/>\n<meta property=\"article:publisher\" content=\"https:\/\/www.facebook.com\/RepliqueMangaCine\" \/>\n<meta property=\"article:modified_time\" content=\"2026-03-19T23:15:47+00:00\" \/>\n<meta property=\"og:image\" content=\"https:\/\/repliquemangacine.fr\/wp-content\/uploads\/2025\/05\/shirasaya-oren-iichi-kill-bill.jpg\" \/>\n\t<meta property=\"og:image:width\" content=\"800\" \/>\n\t<meta property=\"og:image:height\" content=\"800\" \/>\n\t<meta property=\"og:image:type\" content=\"image\/jpeg\" \/>\n<meta name=\"twitter:card\" content=\"summary_large_image\" \/>\n<meta name=\"twitter:label1\" content=\"Tiempo de lectura\" \/>\n\t<meta name=\"twitter:data1\" content=\"3 minutos\" \/>\n<script type=\"application\/ld+json\" class=\"yoast-schema-graph\">{\"@context\":\"https:\\\/\\\/schema.org\",\"@graph\":[{\"@type\":\"WebPage\",\"@id\":\"https:\\\/\\\/repliquemangacine.fr\\\/katana-kill-bill\\\/shirasaya-de-o-ren-ishii-kill-bill\\\/\",\"url\":\"https:\\\/\\\/repliquemangacine.fr\\\/katana-kill-bill\\\/shirasaya-de-o-ren-ishii-kill-bill\\\/\",\"name\":\"Shirasaya de O-ren Ishii - Kill Bill - R\u00e9plique Manga Cin\u00e9\",\"isPartOf\":{\"@id\":\"https:\\\/\\\/repliquemangacine.fr\\\/#website\"},\"primaryImageOfPage\":{\"@id\":\"https:\\\/\\\/repliquemangacine.fr\\\/katana-kill-bill\\\/shirasaya-de-o-ren-ishii-kill-bill\\\/#primaryimage\"},\"image\":{\"@id\":\"https:\\\/\\\/repliquemangacine.fr\\\/katana-kill-bill\\\/shirasaya-de-o-ren-ishii-kill-bill\\\/#primaryimage\"},\"thumbnailUrl\":\"https:\\\/\\\/repliquemangacine.fr\\\/wp-content\\\/uploads\\\/2025\\\/05\\\/shirasaya-oren-iichi-kill-bill.jpg\",\"datePublished\":\"2025-05-10T13:45:17+00:00\",\"dateModified\":\"2026-03-19T23:15:47+00:00\",\"description\":\"D\u00e9couvrez le Shirasaya de O-Ren Ishii, r\u00e9plique culte de Kill Bill. \u00c9l\u00e9gance japonaise et authenticit\u00e9 pour les passionn\u00e9s de cin\u00e9ma et d\u2019armes l\u00e9gendaires.\",\"breadcrumb\":{\"@id\":\"https:\\\/\\\/repliquemangacine.fr\\\/katana-kill-bill\\\/shirasaya-de-o-ren-ishii-kill-bill\\\/#breadcrumb\"},\"inLanguage\":\"es\",\"potentialAction\":[{\"@type\":\"ReadAction\",\"target\":[\"https:\\\/\\\/repliquemangacine.fr\\\/katana-kill-bill\\\/shirasaya-de-o-ren-ishii-kill-bill\\\/\"]}]},{\"@type\":\"ImageObject\",\"inLanguage\":\"es\",\"@id\":\"https:\\\/\\\/repliquemangacine.fr\\\/katana-kill-bill\\\/shirasaya-de-o-ren-ishii-kill-bill\\\/#primaryimage\",\"url\":\"https:\\\/\\\/repliquemangacine.fr\\\/wp-content\\\/uploads\\\/2025\\\/05\\\/shirasaya-oren-iichi-kill-bill.jpg\",\"contentUrl\":\"https:\\\/\\\/repliquemangacine.fr\\\/wp-content\\\/uploads\\\/2025\\\/05\\\/shirasaya-oren-iichi-kill-bill.jpg\",\"width\":800,\"height\":800,\"caption\":\"Shirasaya de O-Ren Ishii dans Kill bill\"},{\"@type\":\"BreadcrumbList\",\"@id\":\"https:\\\/\\\/repliquemangacine.fr\\\/katana-kill-bill\\\/shirasaya-de-o-ren-ishii-kill-bill\\\/#breadcrumb\",\"itemListElement\":[{\"@type\":\"ListItem\",\"position\":1,\"name\":\"Accueil\",\"item\":\"https:\\\/\\\/repliquemangacine.fr\\\/\"},{\"@type\":\"ListItem\",\"position\":2,\"name\":\"Produits\",\"item\":\"https:\\\/\\\/repliquemangacine.fr\\\/boutique\\\/\"},{\"@type\":\"ListItem\",\"position\":3,\"name\":\"Shirasaya de O-ren Ishii &#8211; Kill Bill\"}]},{\"@type\":\"WebSite\",\"@id\":\"https:\\\/\\\/repliquemangacine.fr\\\/#website\",\"url\":\"https:\\\/\\\/repliquemangacine.fr\\\/\",\"name\":\"R\u00e9plique Manga Cin\u00e9\",\"description\":\"\",\"publisher\":{\"@id\":\"https:\\\/\\\/repliquemangacine.fr\\\/#organization\"},\"potentialAction\":[{\"@type\":\"SearchAction\",\"target\":{\"@type\":\"EntryPoint\",\"urlTemplate\":\"https:\\\/\\\/repliquemangacine.fr\\\/?s={search_term_string}\"},\"query-input\":{\"@type\":\"PropertyValueSpecification\",\"valueRequired\":true,\"valueName\":\"search_term_string\"}}],\"inLanguage\":\"es\"},{\"@type\":\"Organization\",\"@id\":\"https:\\\/\\\/repliquemangacine.fr\\\/#organization\",\"name\":\"R\u00e9plique Manga Cin\u00e9\",\"url\":\"https:\\\/\\\/repliquemangacine.fr\\\/\",\"logo\":{\"@type\":\"ImageObject\",\"inLanguage\":\"es\",\"@id\":\"https:\\\/\\\/repliquemangacine.fr\\\/#\\\/schema\\\/logo\\\/image\\\/\",\"url\":\"https:\\\/\\\/repliquemangacine.fr\\\/wp-content\\\/uploads\\\/2023\\\/10\\\/RMC-500250.png\",\"contentUrl\":\"https:\\\/\\\/repliquemangacine.fr\\\/wp-content\\\/uploads\\\/2023\\\/10\\\/RMC-500250.png\",\"width\":500,\"height\":250,\"caption\":\"R\u00e9plique Manga Cin\u00e9\"},\"image\":{\"@id\":\"https:\\\/\\\/repliquemangacine.fr\\\/#\\\/schema\\\/logo\\\/image\\\/\"},\"sameAs\":[\"https:\\\/\\\/www.facebook.com\\\/RepliqueMangaCine\",\"https:\\\/\\\/www.instagram.com\\\/repliquemangacine.fr\\\/\"]}]}<\/script>\n<!-- \/ Yoast SEO plugin. -->","yoast_head_json":{"title":"Shirasaya de O-ren Ishii - Kill Bill - R\u00e9plique Manga Cin\u00e9","description":"Descubra la Shirasaya de O-Ren Ishii, una r\u00e9plica de culto de Kill Bill. Elegancia y autenticidad japonesas para los aficionados al cine y a las armas legendarias.","robots":{"index":"index","follow":"follow","max-snippet":"max-snippet:-1","max-image-preview":"max-image-preview:large","max-video-preview":"max-video-preview:-1"},"canonical":"https:\/\/repliquemangacine.fr\/es\/katana-kill-bill\/shirasaya-de-o-ren-ishii-kill-bill\/","og_locale":"es_ES","og_type":"article","og_title":"Shirasaya de O-ren Ishii - Kill Bill - R\u00e9plique Manga Cin\u00e9","og_description":"D\u00e9couvrez le Shirasaya de O-Ren Ishii, r\u00e9plique culte de Kill Bill. \u00c9l\u00e9gance japonaise et authenticit\u00e9 pour les passionn\u00e9s de cin\u00e9ma et d\u2019armes l\u00e9gendaires.","og_url":"https:\/\/repliquemangacine.fr\/es\/katana-kill-bill\/shirasaya-de-o-ren-ishii-kill-bill\/","og_site_name":"R\u00e9plique Manga Cin\u00e9","article_publisher":"https:\/\/www.facebook.com\/RepliqueMangaCine","article_modified_time":"2026-03-19T23:15:47+00:00","og_image":[{"width":800,"height":800,"url":"https:\/\/repliquemangacine.fr\/wp-content\/uploads\/2025\/05\/shirasaya-oren-iichi-kill-bill.jpg","type":"image\/jpeg"}],"twitter_card":"summary_large_image","twitter_misc":{"Tiempo de lectura":"3 minutos"},"schema":{"@context":"https:\/\/schema.org","@graph":[{"@type":"WebPage","@id":"https:\/\/repliquemangacine.fr\/katana-kill-bill\/shirasaya-de-o-ren-ishii-kill-bill\/","url":"https:\/\/repliquemangacine.fr\/katana-kill-bill\/shirasaya-de-o-ren-ishii-kill-bill\/","name":"Shirasaya de O-ren Ishii - Kill Bill - R\u00e9plique Manga Cin\u00e9","isPartOf":{"@id":"https:\/\/repliquemangacine.fr\/#website"},"primaryImageOfPage":{"@id":"https:\/\/repliquemangacine.fr\/katana-kill-bill\/shirasaya-de-o-ren-ishii-kill-bill\/#primaryimage"},"image":{"@id":"https:\/\/repliquemangacine.fr\/katana-kill-bill\/shirasaya-de-o-ren-ishii-kill-bill\/#primaryimage"},"thumbnailUrl":"https:\/\/repliquemangacine.fr\/wp-content\/uploads\/2025\/05\/shirasaya-oren-iichi-kill-bill.jpg","datePublished":"2025-05-10T13:45:17+00:00","dateModified":"2026-03-19T23:15:47+00:00","description":"Descubra la Shirasaya de O-Ren Ishii, una r\u00e9plica de culto de Kill Bill. Elegancia y autenticidad japonesas para los aficionados al cine y a las armas legendarias.","breadcrumb":{"@id":"https:\/\/repliquemangacine.fr\/katana-kill-bill\/shirasaya-de-o-ren-ishii-kill-bill\/#breadcrumb"},"inLanguage":"es","potentialAction":[{"@type":"ReadAction","target":["https:\/\/repliquemangacine.fr\/katana-kill-bill\/shirasaya-de-o-ren-ishii-kill-bill\/"]}]},{"@type":"ImageObject","inLanguage":"es","@id":"https:\/\/repliquemangacine.fr\/katana-kill-bill\/shirasaya-de-o-ren-ishii-kill-bill\/#primaryimage","url":"https:\/\/repliquemangacine.fr\/wp-content\/uploads\/2025\/05\/shirasaya-oren-iichi-kill-bill.jpg","contentUrl":"https:\/\/repliquemangacine.fr\/wp-content\/uploads\/2025\/05\/shirasaya-oren-iichi-kill-bill.jpg","width":800,"height":800,"caption":"Shirasaya de O-Ren Ishii dans Kill bill"},{"@type":"BreadcrumbList","@id":"https:\/\/repliquemangacine.fr\/katana-kill-bill\/shirasaya-de-o-ren-ishii-kill-bill\/#breadcrumb","itemListElement":[{"@type":"ListItem","position":1,"name":"Accueil","item":"https:\/\/repliquemangacine.fr\/"},{"@type":"ListItem","position":2,"name":"Produits","item":"https:\/\/repliquemangacine.fr\/boutique\/"},{"@type":"ListItem","position":3,"name":"Shirasaya de O-ren Ishii &#8211; Kill Bill"}]},{"@type":"WebSite","@id":"https:\/\/repliquemangacine.fr\/#website","url":"https:\/\/repliquemangacine.fr\/","name":"R\u00e9plique Manga Cin\u00e9","description":"","publisher":{"@id":"https:\/\/repliquemangacine.fr\/#organization"},"potentialAction":[{"@type":"SearchAction","target":{"@type":"EntryPoint","urlTemplate":"https:\/\/repliquemangacine.fr\/?s={search_term_string}"},"query-input":{"@type":"PropertyValueSpecification","valueRequired":true,"valueName":"search_term_string"}}],"inLanguage":"es"},{"@type":"Organization","@id":"https:\/\/repliquemangacine.fr\/#organization","name":"R\u00e9plique Manga Cin\u00e9","url":"https:\/\/repliquemangacine.fr\/","logo":{"@type":"ImageObject","inLanguage":"es","@id":"https:\/\/repliquemangacine.fr\/#\/schema\/logo\/image\/","url":"https:\/\/repliquemangacine.fr\/wp-content\/uploads\/2023\/10\/RMC-500250.png","contentUrl":"https:\/\/repliquemangacine.fr\/wp-content\/uploads\/2023\/10\/RMC-500250.png","width":500,"height":250,"caption":"R\u00e9plique Manga Cin\u00e9"},"image":{"@id":"https:\/\/repliquemangacine.fr\/#\/schema\/logo\/image\/"},"sameAs":["https:\/\/www.facebook.com\/RepliqueMangaCine","https:\/\/www.instagram.com\/repliquemangacine.fr\/"]}]}},"_links":{"self":[{"href":"https:\/\/repliquemangacine.fr\/es\/wp-json\/wp\/v2\/product\/84142","targetHints":{"allow":["GET"]}}],"collection":[{"href":"https:\/\/repliquemangacine.fr\/es\/wp-json\/wp\/v2\/product"}],"about":[{"href":"https:\/\/repliquemangacine.fr\/es\/wp-json\/wp\/v2\/types\/product"}],"wp:featuredmedia":[{"embeddable":true,"href":"https:\/\/repliquemangacine.fr\/es\/wp-json\/wp\/v2\/media\/84143"}],"wp:attachment":[{"href":"https:\/\/repliquemangacine.fr\/es\/wp-json\/wp\/v2\/media?parent=84142"}],"wp:term":[{"taxonomy":"product_brand","embeddable":true,"href":"https:\/\/repliquemangacine.fr\/es\/wp-json\/wp\/v2\/product_brand?post=84142"},{"taxonomy":"product_cat","embeddable":true,"href":"https:\/\/repliquemangacine.fr\/es\/wp-json\/wp\/v2\/product_cat?post=84142"},{"taxonomy":"product_tag","embeddable":true,"href":"https:\/\/repliquemangacine.fr\/es\/wp-json\/wp\/v2\/product_tag?post=84142"}],"curies":[{"name":"wp","href":"https:\/\/api.w.org\/{rel}","templated":true}]}}