





{"id":84022,"date":"2025-05-04T17:41:38","date_gmt":"2025-05-04T15:41:38","guid":{"rendered":"https:\/\/repliquemangacine.fr\/?post_type=product&#038;p=84022"},"modified":"2026-04-23T11:27:22","modified_gmt":"2026-04-23T09:27:22","slug":"fantasma-de-tsushima-jin-espada","status":"publish","type":"product","link":"https:\/\/repliquemangacine.fr\/es\/katana-et-epee-de-jeux-video-autre-jeux-video\/epee-de-jin-ghost-of-tsushima\/","title":{"rendered":"La espada de Jin - El fantasma de Tsushima"},"content":{"rendered":"<h2>La espada de Jin Sakai: una lujosa r\u00e9plica fiel al Fantasma de Tsushima<\/h2>\n<p>En primer lugar, descubre la suntuosa espada de Jin Sakai, tambi\u00e9n conocida como Katana Azul Sakai, del juego de culto Ghost of Tsushima. Su hoja de acero 440 en dos tonos le confiere un brillo extraordinario, combinando realismo y elegancia. La guarda de acero, finamente decorada, garantiza un equilibrio visual perfecto entre la sobriedad japonesa y la potencia tradicional. Su empu\u00f1adura, imitaci\u00f3n de piel de raya y recubierta de una trenza de algod\u00f3n blanco, ofrece un excelente agarre y un aspecto aut\u00e9ntico. La funda de madera lacada en negro, adornada con motivos detallados, completa el conjunto con un refinamiento digno de las piezas samur\u00e1is m\u00e1s bellas.<\/p>\n<p>Perfecto para exposiciones, cosplay o colecciones prestigiosas. Dise\u00f1ada para los apasionados, esta r\u00e9plica rinde homenaje al arte del sable japon\u00e9s en toda su nobleza. Seducir\u00e1 tanto a los amantes de Ghost of Tsushima como a los coleccionistas que buscan detalles minuciosos. Pida ahora esta pieza excepcional, disponible en exclusiva en nuestra tienda dedicada a las armas ic\u00f3nicas.<\/p>\n<h2>Ghost of Tsushima: una obra inmersiva de arte marcial y poes\u00eda visual<\/h2>\n<p>Ghost of Tsushima es un aclamado videojuego, famoso por la riqueza de su universo, su direcci\u00f3n art\u00edstica y la profundidad de su jugabilidad. Sumerge a los jugadores en <a href=\"https:\/\/www.worldhistory.org\/trans\/fr\/2-1438\/feodalisme-dans-le-japon-medieval\/\" target=\"_blank\" rel=\"noopener noreferrer\">Jap\u00f3n feudal<\/a>, en plena invasi\u00f3n mongola, encarnando a Jin Sakai, un samur\u00e1i dividido entre tradiciones. Cada enfrentamiento se concibe como un duelo, en el que cada golpe debe anticiparse, calcularse y ejecutarse a la perfecci\u00f3n. Adem\u00e1s, la m\u00fasica, los paisajes y los efectos visuales hacen que cada momento del juego sea est\u00e9ticamente inolvidable y narrativamente impactante. La narraci\u00f3n destaca por su riqueza emocional, entre el honor, el sacrificio y la evoluci\u00f3n psicol\u00f3gica del h\u00e9roe principal, Jin Sakai.<\/p>\n<p>Ghost of Tsushima combina estrategia, belleza gr\u00e1fica y reflexi\u00f3n moral, ofreciendo una experiencia de juego \u00fanica y memorable. Esto explica por qu\u00e9 los objetos derivados del juego, como esta espada, son tan apreciados por los aficionados de todo el mundo. A\u00f1ade esta r\u00e9plica a tu colecci\u00f3n y encarna t\u00fa tambi\u00e9n el alma del samur\u00e1i en tu propio entorno.<\/p>\n<h2>Otras espadas legendarias de videojuegos disponibles en R\u00e9plique Manga Cin\u00e9<\/h2>\n<p>En R\u00e9plique Manga Cin\u00e9, encontrar\u00e1s mucho m\u00e1s que una r\u00e9plica: un aut\u00e9ntico homenaje a las m\u00edticas armas de los videojuegos. Entre los modelos imprescindibles, descubre la impresionante <a href=\"https:\/\/repliquemangacine.fr\/es\/katana-y-espada-videojuego-otros-videojuegos\/devil-sword-epee-du-diable-de-dante-devil-my-cry\/\">Espada del Diablo<\/a> de Dante, inspirada en Devil May Cry 5, fabricada en fibra de vidrio pintada a mano. Esta pieza est\u00e1 reforzada con una estructura met\u00e1lica interna, lo que garantiza su solidez y fidelidad al arma original de Dante.<br \/>\nTambi\u00e9n ofrecemos la legendaria <a href=\"https:\/\/repliquemangacine.fr\/es\/katana-y-espada-videojuego-otros-videojuegos\/espada-fusion-nube-multiblade-buster-espada-final-fantasy-vii\/\">Espada Fusi\u00f3n<\/a> Cloud Strife, de Final Fantasy VII: Advent Children, con seis cuchillas desmontables. Por \u00faltimo, encontrar\u00e1s el <a href=\"https:\/\/repliquemangacine.fr\/es\/anillo-elden\/anillo-rapiere-de-rogier-elden\/\">Estoque Rogier<\/a> En Elden Ring, una hoja con ranura de acero inoxidable, realzada por un grabado estilizado.<\/p>\n<p>Adem\u00e1s, en R\u00e9plique Manga Cin\u00e9 seleccionamos nuestras r\u00e9plicas por su solidez y fidelidad a los modelos originales. En conclusi\u00f3n, son ideales para cosplay, decoraci\u00f3n o coleccionismo. \u00danete a nuestra comunidad y colecciona las armas emblem\u00e1ticas de tus juegos favoritos, directamente desde RMC.<\/p>","protected":false},"excerpt":{"rendered":"<p>Magn\u00edfica r\u00e9plica de la Espada de Jin, la Katana Azul de Sakai en la versi\u00f3n de lujo del videojuego Ghost of Tsushima.<\/p>\n<ul>\n<li>Hoja bicolor de acero 440<\/li>\n<li>Guarda de acero macizo finamente decorada<\/li>\n<li>Mango de imitaci\u00f3n de piel de raya recubierto de trenzado de algod\u00f3n blanco.<\/li>\n<li>Vaina de madera lacada en negro ricamente decorada.<\/li>\n<li>Longitud de la hoja: 67,5 cm - Longitud total: 103 cm<\/li>\n<li>Peso con vaina: 1030g<\/li>\n<\/ul>","protected":false},"featured_media":84023,"template":"","meta":[],"product_brand":[896],"product_cat":[67],"product_tag":[],"class_list":{"0":"post-84022","1":"product","2":"type-product","3":"status-publish","4":"has-post-thumbnail","6":"product_brand-replique-manga-cine","7":"product_cat-katana-et-epee-de-jeux-video-autre-jeux-video","9":"first","10":"instock","11":"taxable","12":"shipping-taxable","13":"purchasable","14":"product-type-simple"},"yoast_head":"<!-- This site is optimized with the Yoast SEO plugin v27.5 - https:\/\/yoast.com\/product\/yoast-seo-wordpress\/ -->\n<title>\u00e9p\u00e9e de Jin - Ghost of Tsushima - R\u00e9plique Manga Cin\u00e9<\/title>\n<meta name=\"description\" content=\"Magnifique r\u00e9plique de l&#039;\u00e9p\u00e9e de Jin Sakai dans Ghost of Tsushima. Lame en acier 440, finitions luxe, id\u00e9ale pour collection ou cosplay.\" \/>\n<meta name=\"robots\" content=\"index, follow, max-snippet:-1, max-image-preview:large, max-video-preview:-1\" \/>\n<link rel=\"canonical\" href=\"https:\/\/repliquemangacine.fr\/es\/katana-y-espada-videojuego-otros-videojuegos\/fantasma-de-tsushima-jin-espada\/\" \/>\n<meta property=\"og:locale\" content=\"es_ES\" \/>\n<meta property=\"og:type\" content=\"article\" \/>\n<meta property=\"og:title\" content=\"\u00e9p\u00e9e de Jin - Ghost of Tsushima - R\u00e9plique Manga Cin\u00e9\" \/>\n<meta property=\"og:description\" content=\"Magnifique r\u00e9plique de l&#039;\u00e9p\u00e9e de Jin Sakai dans Ghost of Tsushima. Lame en acier 440, finitions luxe, id\u00e9ale pour collection ou cosplay.\" \/>\n<meta property=\"og:url\" content=\"https:\/\/repliquemangacine.fr\/es\/katana-y-espada-videojuego-otros-videojuegos\/fantasma-de-tsushima-jin-espada\/\" \/>\n<meta property=\"og:site_name\" content=\"R\u00e9plique Manga Cin\u00e9\" \/>\n<meta property=\"article:publisher\" content=\"https:\/\/www.facebook.com\/RepliqueMangaCine\" \/>\n<meta property=\"article:modified_time\" content=\"2026-04-23T09:27:22+00:00\" \/>\n<meta property=\"og:image\" content=\"https:\/\/repliquemangacine.fr\/wp-content\/uploads\/2025\/05\/Epee-de-Jin.jpg\" \/>\n\t<meta property=\"og:image:width\" content=\"500\" \/>\n\t<meta property=\"og:image:height\" content=\"500\" \/>\n\t<meta property=\"og:image:type\" content=\"image\/jpeg\" \/>\n<meta name=\"twitter:card\" content=\"summary_large_image\" \/>\n<meta name=\"twitter:label1\" content=\"Tiempo de lectura\" \/>\n\t<meta name=\"twitter:data1\" content=\"3 minutos\" \/>\n<script type=\"application\/ld+json\" class=\"yoast-schema-graph\">{\"@context\":\"https:\\\/\\\/schema.org\",\"@graph\":[{\"@type\":\"WebPage\",\"@id\":\"https:\\\/\\\/repliquemangacine.fr\\\/katana-et-epee-de-jeux-video-autre-jeux-video\\\/epee-de-jin-ghost-of-tsushima\\\/\",\"url\":\"https:\\\/\\\/repliquemangacine.fr\\\/katana-et-epee-de-jeux-video-autre-jeux-video\\\/epee-de-jin-ghost-of-tsushima\\\/\",\"name\":\"\u00e9p\u00e9e de Jin - Ghost of Tsushima - R\u00e9plique Manga Cin\u00e9\",\"isPartOf\":{\"@id\":\"https:\\\/\\\/repliquemangacine.fr\\\/#website\"},\"primaryImageOfPage\":{\"@id\":\"https:\\\/\\\/repliquemangacine.fr\\\/katana-et-epee-de-jeux-video-autre-jeux-video\\\/epee-de-jin-ghost-of-tsushima\\\/#primaryimage\"},\"image\":{\"@id\":\"https:\\\/\\\/repliquemangacine.fr\\\/katana-et-epee-de-jeux-video-autre-jeux-video\\\/epee-de-jin-ghost-of-tsushima\\\/#primaryimage\"},\"thumbnailUrl\":\"https:\\\/\\\/repliquemangacine.fr\\\/wp-content\\\/uploads\\\/2025\\\/05\\\/Epee-de-Jin.jpg\",\"datePublished\":\"2025-05-04T15:41:38+00:00\",\"dateModified\":\"2026-04-23T09:27:22+00:00\",\"description\":\"Magnifique r\u00e9plique de l'\u00e9p\u00e9e de Jin Sakai dans Ghost of Tsushima. Lame en acier 440, finitions luxe, id\u00e9ale pour collection ou cosplay.\",\"breadcrumb\":{\"@id\":\"https:\\\/\\\/repliquemangacine.fr\\\/katana-et-epee-de-jeux-video-autre-jeux-video\\\/epee-de-jin-ghost-of-tsushima\\\/#breadcrumb\"},\"inLanguage\":\"es\",\"potentialAction\":[{\"@type\":\"ReadAction\",\"target\":[\"https:\\\/\\\/repliquemangacine.fr\\\/katana-et-epee-de-jeux-video-autre-jeux-video\\\/epee-de-jin-ghost-of-tsushima\\\/\"]}]},{\"@type\":\"ImageObject\",\"inLanguage\":\"es\",\"@id\":\"https:\\\/\\\/repliquemangacine.fr\\\/katana-et-epee-de-jeux-video-autre-jeux-video\\\/epee-de-jin-ghost-of-tsushima\\\/#primaryimage\",\"url\":\"https:\\\/\\\/repliquemangacine.fr\\\/wp-content\\\/uploads\\\/2025\\\/05\\\/Epee-de-Jin.jpg\",\"contentUrl\":\"https:\\\/\\\/repliquemangacine.fr\\\/wp-content\\\/uploads\\\/2025\\\/05\\\/Epee-de-Jin.jpg\",\"width\":500,\"height\":500,\"caption\":\"Ep\u00e9e de Jin Ghost of Tsushima\"},{\"@type\":\"BreadcrumbList\",\"@id\":\"https:\\\/\\\/repliquemangacine.fr\\\/katana-et-epee-de-jeux-video-autre-jeux-video\\\/epee-de-jin-ghost-of-tsushima\\\/#breadcrumb\",\"itemListElement\":[{\"@type\":\"ListItem\",\"position\":1,\"name\":\"Accueil\",\"item\":\"https:\\\/\\\/repliquemangacine.fr\\\/\"},{\"@type\":\"ListItem\",\"position\":2,\"name\":\"Produits\",\"item\":\"https:\\\/\\\/repliquemangacine.fr\\\/boutique\\\/\"},{\"@type\":\"ListItem\",\"position\":3,\"name\":\"\u00e9p\u00e9e de Jin &#8211; Ghost of Tsushima\"}]},{\"@type\":\"WebSite\",\"@id\":\"https:\\\/\\\/repliquemangacine.fr\\\/#website\",\"url\":\"https:\\\/\\\/repliquemangacine.fr\\\/\",\"name\":\"R\u00e9plique Manga Cin\u00e9\",\"description\":\"\",\"publisher\":{\"@id\":\"https:\\\/\\\/repliquemangacine.fr\\\/#organization\"},\"potentialAction\":[{\"@type\":\"SearchAction\",\"target\":{\"@type\":\"EntryPoint\",\"urlTemplate\":\"https:\\\/\\\/repliquemangacine.fr\\\/?s={search_term_string}\"},\"query-input\":{\"@type\":\"PropertyValueSpecification\",\"valueRequired\":true,\"valueName\":\"search_term_string\"}}],\"inLanguage\":\"es\"},{\"@type\":\"Organization\",\"@id\":\"https:\\\/\\\/repliquemangacine.fr\\\/#organization\",\"name\":\"R\u00e9plique Manga Cin\u00e9\",\"url\":\"https:\\\/\\\/repliquemangacine.fr\\\/\",\"logo\":{\"@type\":\"ImageObject\",\"inLanguage\":\"es\",\"@id\":\"https:\\\/\\\/repliquemangacine.fr\\\/#\\\/schema\\\/logo\\\/image\\\/\",\"url\":\"https:\\\/\\\/repliquemangacine.fr\\\/wp-content\\\/uploads\\\/2023\\\/10\\\/RMC-500250.png\",\"contentUrl\":\"https:\\\/\\\/repliquemangacine.fr\\\/wp-content\\\/uploads\\\/2023\\\/10\\\/RMC-500250.png\",\"width\":500,\"height\":250,\"caption\":\"R\u00e9plique Manga Cin\u00e9\"},\"image\":{\"@id\":\"https:\\\/\\\/repliquemangacine.fr\\\/#\\\/schema\\\/logo\\\/image\\\/\"},\"sameAs\":[\"https:\\\/\\\/www.facebook.com\\\/RepliqueMangaCine\",\"https:\\\/\\\/www.instagram.com\\\/repliquemangacine.fr\\\/\"]}]}<\/script>\n<!-- \/ Yoast SEO plugin. -->","yoast_head_json":{"title":"Espada de Jin - El fantasma de Tsushima - R\u00e9plique Manga Cin\u00e9","description":"Magn\u00edfica r\u00e9plica de la espada de Jin Sakai de Ghost of Tsushima. Hoja de acero 440, acabado de lujo, ideal para colecci\u00f3n o cosplay.","robots":{"index":"index","follow":"follow","max-snippet":"max-snippet:-1","max-image-preview":"max-image-preview:large","max-video-preview":"max-video-preview:-1"},"canonical":"https:\/\/repliquemangacine.fr\/es\/katana-y-espada-videojuego-otros-videojuegos\/fantasma-de-tsushima-jin-espada\/","og_locale":"es_ES","og_type":"article","og_title":"\u00e9p\u00e9e de Jin - Ghost of Tsushima - R\u00e9plique Manga Cin\u00e9","og_description":"Magnifique r\u00e9plique de l'\u00e9p\u00e9e de Jin Sakai dans Ghost of Tsushima. Lame en acier 440, finitions luxe, id\u00e9ale pour collection ou cosplay.","og_url":"https:\/\/repliquemangacine.fr\/es\/katana-y-espada-videojuego-otros-videojuegos\/fantasma-de-tsushima-jin-espada\/","og_site_name":"R\u00e9plique Manga Cin\u00e9","article_publisher":"https:\/\/www.facebook.com\/RepliqueMangaCine","article_modified_time":"2026-04-23T09:27:22+00:00","og_image":[{"width":500,"height":500,"url":"https:\/\/repliquemangacine.fr\/wp-content\/uploads\/2025\/05\/Epee-de-Jin.jpg","type":"image\/jpeg"}],"twitter_card":"summary_large_image","twitter_misc":{"Tiempo de lectura":"3 minutos"},"schema":{"@context":"https:\/\/schema.org","@graph":[{"@type":"WebPage","@id":"https:\/\/repliquemangacine.fr\/katana-et-epee-de-jeux-video-autre-jeux-video\/epee-de-jin-ghost-of-tsushima\/","url":"https:\/\/repliquemangacine.fr\/katana-et-epee-de-jeux-video-autre-jeux-video\/epee-de-jin-ghost-of-tsushima\/","name":"Espada de Jin - El fantasma de Tsushima - R\u00e9plique Manga Cin\u00e9","isPartOf":{"@id":"https:\/\/repliquemangacine.fr\/#website"},"primaryImageOfPage":{"@id":"https:\/\/repliquemangacine.fr\/katana-et-epee-de-jeux-video-autre-jeux-video\/epee-de-jin-ghost-of-tsushima\/#primaryimage"},"image":{"@id":"https:\/\/repliquemangacine.fr\/katana-et-epee-de-jeux-video-autre-jeux-video\/epee-de-jin-ghost-of-tsushima\/#primaryimage"},"thumbnailUrl":"https:\/\/repliquemangacine.fr\/wp-content\/uploads\/2025\/05\/Epee-de-Jin.jpg","datePublished":"2025-05-04T15:41:38+00:00","dateModified":"2026-04-23T09:27:22+00:00","description":"Magn\u00edfica r\u00e9plica de la espada de Jin Sakai de Ghost of Tsushima. Hoja de acero 440, acabado de lujo, ideal para colecci\u00f3n o cosplay.","breadcrumb":{"@id":"https:\/\/repliquemangacine.fr\/katana-et-epee-de-jeux-video-autre-jeux-video\/epee-de-jin-ghost-of-tsushima\/#breadcrumb"},"inLanguage":"es","potentialAction":[{"@type":"ReadAction","target":["https:\/\/repliquemangacine.fr\/katana-et-epee-de-jeux-video-autre-jeux-video\/epee-de-jin-ghost-of-tsushima\/"]}]},{"@type":"ImageObject","inLanguage":"es","@id":"https:\/\/repliquemangacine.fr\/katana-et-epee-de-jeux-video-autre-jeux-video\/epee-de-jin-ghost-of-tsushima\/#primaryimage","url":"https:\/\/repliquemangacine.fr\/wp-content\/uploads\/2025\/05\/Epee-de-Jin.jpg","contentUrl":"https:\/\/repliquemangacine.fr\/wp-content\/uploads\/2025\/05\/Epee-de-Jin.jpg","width":500,"height":500,"caption":"Ep\u00e9e de Jin Ghost of Tsushima"},{"@type":"BreadcrumbList","@id":"https:\/\/repliquemangacine.fr\/katana-et-epee-de-jeux-video-autre-jeux-video\/epee-de-jin-ghost-of-tsushima\/#breadcrumb","itemListElement":[{"@type":"ListItem","position":1,"name":"Accueil","item":"https:\/\/repliquemangacine.fr\/"},{"@type":"ListItem","position":2,"name":"Produits","item":"https:\/\/repliquemangacine.fr\/boutique\/"},{"@type":"ListItem","position":3,"name":"\u00e9p\u00e9e de Jin &#8211; Ghost of Tsushima"}]},{"@type":"WebSite","@id":"https:\/\/repliquemangacine.fr\/#website","url":"https:\/\/repliquemangacine.fr\/","name":"R\u00e9plique Manga Cin\u00e9","description":"","publisher":{"@id":"https:\/\/repliquemangacine.fr\/#organization"},"potentialAction":[{"@type":"SearchAction","target":{"@type":"EntryPoint","urlTemplate":"https:\/\/repliquemangacine.fr\/?s={search_term_string}"},"query-input":{"@type":"PropertyValueSpecification","valueRequired":true,"valueName":"search_term_string"}}],"inLanguage":"es"},{"@type":"Organization","@id":"https:\/\/repliquemangacine.fr\/#organization","name":"R\u00e9plique Manga Cin\u00e9","url":"https:\/\/repliquemangacine.fr\/","logo":{"@type":"ImageObject","inLanguage":"es","@id":"https:\/\/repliquemangacine.fr\/#\/schema\/logo\/image\/","url":"https:\/\/repliquemangacine.fr\/wp-content\/uploads\/2023\/10\/RMC-500250.png","contentUrl":"https:\/\/repliquemangacine.fr\/wp-content\/uploads\/2023\/10\/RMC-500250.png","width":500,"height":250,"caption":"R\u00e9plique Manga Cin\u00e9"},"image":{"@id":"https:\/\/repliquemangacine.fr\/#\/schema\/logo\/image\/"},"sameAs":["https:\/\/www.facebook.com\/RepliqueMangaCine","https:\/\/www.instagram.com\/repliquemangacine.fr\/"]}]}},"_links":{"self":[{"href":"https:\/\/repliquemangacine.fr\/es\/wp-json\/wp\/v2\/product\/84022","targetHints":{"allow":["GET"]}}],"collection":[{"href":"https:\/\/repliquemangacine.fr\/es\/wp-json\/wp\/v2\/product"}],"about":[{"href":"https:\/\/repliquemangacine.fr\/es\/wp-json\/wp\/v2\/types\/product"}],"wp:featuredmedia":[{"embeddable":true,"href":"https:\/\/repliquemangacine.fr\/es\/wp-json\/wp\/v2\/media\/84023"}],"wp:attachment":[{"href":"https:\/\/repliquemangacine.fr\/es\/wp-json\/wp\/v2\/media?parent=84022"}],"wp:term":[{"taxonomy":"product_brand","embeddable":true,"href":"https:\/\/repliquemangacine.fr\/es\/wp-json\/wp\/v2\/product_brand?post=84022"},{"taxonomy":"product_cat","embeddable":true,"href":"https:\/\/repliquemangacine.fr\/es\/wp-json\/wp\/v2\/product_cat?post=84022"},{"taxonomy":"product_tag","embeddable":true,"href":"https:\/\/repliquemangacine.fr\/es\/wp-json\/wp\/v2\/product_tag?post=84022"}],"curies":[{"name":"wp","href":"https:\/\/api.w.org\/{rel}","templated":true}]}}