





{"id":84013,"date":"2025-05-04T16:16:53","date_gmt":"2025-05-04T14:16:53","guid":{"rendered":"https:\/\/repliquemangacine.fr\/?post_type=product&#038;p=84013"},"modified":"2025-12-08T10:42:04","modified_gmt":"2025-12-08T09:42:04","slug":"caja-de-impacto-genshin","status":"publish","type":"product","link":"https:\/\/repliquemangacine.fr\/es\/genshin-impact\/coffret-genshin-impact\/","title":{"rendered":"Conjunto Genshin Impact"},"content":{"rendered":"<h2>Caja de 18 piezas Genshin Impact, rica en detalles y fiel al universo del juego.<\/h2>\n<p>En primer lugar, sum\u00e9rgete en este fascinante universo con esta caja de coleccionista de Genshin Impact, que incluye dieciocho piezas \u00fanicas. Contiene siete anillos ajustables que representan los elementos Anemo, Pyro, Electro, Cryo, Geo, Hydro y Dendro, s\u00edmbolos esenciales del juego. Adem\u00e1s, encontrar\u00e1s seis espadas met\u00e1licas en miniatura de 11 cm, entre las que se encuentran la Gravestone, Freedom-Sworn, Skyward y otros modelos famosos.<br class=\"yoast-text-mark\" \/>Un arco de metal, un amuleto Vision y un anillo met\u00e1lico de 3,5 cm completan con elegancia esta prestigiosa colecci\u00f3n. Una cadena de 58 cm con cierre de mosquet\u00f3n y un peque\u00f1o mosquet\u00f3n de 2,5 cm a\u00f1aden un toque pr\u00e1ctico y elegante. Cada pieza est\u00e1 dise\u00f1ada en metal con acabados cuidados para garantizar una durabilidad perfecta y un resultado visual impresionante.<\/p>\n<p>Ideal para los fans de Genshin Impact, ya sea para coleccionar, hacer cosplay o llevar a diario. Se entrega en una caja decorada con los colores del juego, lo que hace que el conjunto sea a\u00fan m\u00e1s inmersivo y visualmente atractivo. En resumen, este set es una idea de regalo perfecta para cualquier apasionado del universo de <a href=\"https:\/\/genshin-impact.fandom.com\/fr\/wiki\/Teyvat\" target=\"_blank\" rel=\"noopener noreferrer\">Teyvat<\/a>.<\/p>\n<h2>Los siete elementos: el coraz\u00f3n estrat\u00e9gico y m\u00e1gico del universo Genshin Impact<\/h2>\n<p>Los siete elementos son el n\u00facleo del juego de Genshin Impact. Cada uno influye en las habilidades, la historia y la estrategia de los combates. Cada elemento (Pyro, Hydro, An\u00e9mo, Cryo, Electro, Geo y Dendro) tiene una identidad visual fuerte y efectos espec\u00edficos bien definidos. Permiten reacciones elementales en combate, lo que refuerza el da\u00f1o y abre posibilidades t\u00e1cticas m\u00e1s creativas y variadas. Por lo tanto, dominar las combinaciones entre elementos se vuelve indispensable para optimizar a los personajes y derrotar a los enemigos m\u00e1s poderosos. Por ejemplo, combinar Cryo e Hydro puede congelar al enemigo, mientras que Electro y Pyro provocan explosiones instant\u00e1neas superpoderosas.<\/p>\n<p>Este sistema de elementos crea una profundidad estrat\u00e9gica poco com\u00fan en los juegos de rol, lo que hace que cada sesi\u00f3n de juego sea totalmente \u00fanica y envolvente.<br class=\"yoast-text-mark\" \/>Adem\u00e1s, la caja viene con un anillo a juego, para que los aficionados puedan lucir su afinidad con orgullo.<\/p>\n<h2>Otras espadas disponibles en R\u00e9plique Manga Cin\u00e9<\/h2>\n<p>En R\u00e9plique Manga Cin\u00e9, tambi\u00e9n encontrar\u00e1 otras r\u00e9plicas de espadas Genshin Impact a tama\u00f1o real, como :<br class=\"yoast-text-mark\" \/>- L'<a href=\"https:\/\/repliquemangacine.fr\/es\/impacto-genshin\/akuoumaru-espada-en-genshin-impacto\/\">Espada Akuoumaru<\/a> presenta una hoja de acero decorada y una elegante guarda extendida, que evoca la nobleza y el poder del personaje.<br class=\"yoast-text-mark\" \/>- A continuaci\u00f3n, el<a href=\"https:\/\/repliquemangacine.fr\/es\/impacto-genshin\/espada-de-impacto-genshin-rugido-de-leon\/\">Espada Rugido de Le\u00f3n<\/a> presenta una imponente empu\u00f1adura de oro en forma de regia cabeza de le\u00f3n.<br class=\"yoast-text-mark\" \/>- En cuanto a <a href=\"https:\/\/repliquemangacine.fr\/es\/impacto-genshin\/fredom-espada-jurada-en-impacto-genshin\/\">Freedom-Sworn<\/a>, con su hoja azul brillante, una guarda dorada finamente trabajada y una piedra turquesa de resina en el centro.<\/p>\n<p>Ideales para los apasionados del cosplay, los amantes de la decoraci\u00f3n geek o los coleccionistas de elegantes armas de fantas\u00eda. Gracias a nuestra tienda R\u00e9plique Manga Cin\u00e9, podr\u00e1s disfrutar de art\u00edculos \u00fanicos, fieles a los modelos originales presentes en Genshin Impact. Cada espada se empaqueta cuidadosamente, se entrega r\u00e1pidamente y est\u00e1 lista para lucir en tu vitrina o realzar tus trajes de cosplay.<br class=\"yoast-text-mark\" \/>Visita nuestra web para descubrir toda la gama de armas ic\u00f3nicas de tus juegos y manga favoritos, incluido Genshin Impact. No pierdas la oportunidad de tener un pedazo de Teyvat en tu casa, haciendo tu pedido ahora en R\u00e9plique Manga Cin\u00e9.<\/p>","protected":false},"excerpt":{"rendered":"<p>Magn\u00edfico juego de 18 llaveros o collares Genshin Impact<\/p>\n<p>El set incluye :<\/p>\n<ul>\n<li>7 Anillos ajustables para los siete elementos: Anemo, Pyro, Electro, Cryo, Geo, Hydro y Dendro<\/li>\n<li>6 Espadas de metal aprox. 11 cm, Graveston, fredom, skyward...<\/li>\n<li>1 Arco met\u00e1lico<\/li>\n<li>1 Amuleto de la Visi\u00f3n<\/li>\n<li>Cadena de 58 cm con peque\u00f1o cierre de langosta<\/li>\n<li>1 anillo met\u00e1lico de 3,5 cm de di\u00e1metro<\/li>\n<li>1 mosquet\u00f3n de 2,5 cm<\/li>\n<li>Se entrega en un estuche con los colores del juego<\/li>\n<\/ul>","protected":false},"featured_media":84014,"template":"","meta":[],"product_brand":[896],"product_cat":[119,94,96],"product_tag":[],"class_list":{"0":"post-84013","1":"product","2":"type-product","3":"status-publish","4":"has-post-thumbnail","6":"product_brand-replique-manga-cine","7":"product_cat-genshin-impact","8":"product_cat-goodies","9":"product_cat-porte-cles-goodies","11":"first","12":"outofstock","13":"taxable","14":"shipping-taxable","15":"purchasable","16":"product-type-simple"},"yoast_head":"<!-- This site is optimized with the Yoast SEO plugin v27.4 - https:\/\/yoast.com\/product\/yoast-seo-wordpress\/ -->\n<title>Coffret Genshin Impact - R\u00e9plique Manga Cin\u00e9<\/title>\n<meta name=\"description\" content=\"Coffret Genshin Impact 18 pi\u00e8ces : bagues \u00e9l\u00e9ments, \u00e9p\u00e9es m\u00e9tal, collier et accessoires. Parfait pour cosplay, collection ou cadeau sur R\u00e9plique Manga Cin\u00e9\" \/>\n<meta name=\"robots\" content=\"index, follow, max-snippet:-1, max-image-preview:large, max-video-preview:-1\" \/>\n<link rel=\"canonical\" href=\"https:\/\/repliquemangacine.fr\/es\/impacto-genshin\/caja-de-impacto-genshin\/\" \/>\n<meta property=\"og:locale\" content=\"es_ES\" \/>\n<meta property=\"og:type\" content=\"article\" \/>\n<meta property=\"og:title\" content=\"Coffret Genshin Impact - R\u00e9plique Manga Cin\u00e9\" \/>\n<meta property=\"og:description\" content=\"Coffret Genshin Impact 18 pi\u00e8ces : bagues \u00e9l\u00e9ments, \u00e9p\u00e9es m\u00e9tal, collier et accessoires. Parfait pour cosplay, collection ou cadeau sur R\u00e9plique Manga Cin\u00e9\" \/>\n<meta property=\"og:url\" content=\"https:\/\/repliquemangacine.fr\/es\/impacto-genshin\/caja-de-impacto-genshin\/\" \/>\n<meta property=\"og:site_name\" content=\"R\u00e9plique Manga Cin\u00e9\" \/>\n<meta property=\"article:publisher\" content=\"https:\/\/www.facebook.com\/RepliqueMangaCine\" \/>\n<meta property=\"article:modified_time\" content=\"2025-12-08T09:42:04+00:00\" \/>\n<meta property=\"og:image\" content=\"https:\/\/repliquemangacine.fr\/wp-content\/uploads\/2025\/05\/coffret15-pieces-Genshin-Impact-avec-chaine.jpg\" \/>\n\t<meta property=\"og:image:width\" content=\"500\" \/>\n\t<meta property=\"og:image:height\" content=\"500\" \/>\n\t<meta property=\"og:image:type\" content=\"image\/jpeg\" \/>\n<meta name=\"twitter:card\" content=\"summary_large_image\" \/>\n<meta name=\"twitter:label1\" content=\"Tiempo de lectura\" \/>\n\t<meta name=\"twitter:data1\" content=\"3 minutos\" \/>\n<script type=\"application\/ld+json\" class=\"yoast-schema-graph\">{\"@context\":\"https:\\\/\\\/schema.org\",\"@graph\":[{\"@type\":\"WebPage\",\"@id\":\"https:\\\/\\\/repliquemangacine.fr\\\/genshin-impact\\\/coffret-genshin-impact\\\/\",\"url\":\"https:\\\/\\\/repliquemangacine.fr\\\/genshin-impact\\\/coffret-genshin-impact\\\/\",\"name\":\"Coffret Genshin Impact - R\u00e9plique Manga Cin\u00e9\",\"isPartOf\":{\"@id\":\"https:\\\/\\\/repliquemangacine.fr\\\/#website\"},\"primaryImageOfPage\":{\"@id\":\"https:\\\/\\\/repliquemangacine.fr\\\/genshin-impact\\\/coffret-genshin-impact\\\/#primaryimage\"},\"image\":{\"@id\":\"https:\\\/\\\/repliquemangacine.fr\\\/genshin-impact\\\/coffret-genshin-impact\\\/#primaryimage\"},\"thumbnailUrl\":\"https:\\\/\\\/repliquemangacine.fr\\\/wp-content\\\/uploads\\\/2025\\\/05\\\/coffret15-pieces-Genshin-Impact-avec-chaine.jpg\",\"datePublished\":\"2025-05-04T14:16:53+00:00\",\"dateModified\":\"2025-12-08T09:42:04+00:00\",\"description\":\"Coffret Genshin Impact 18 pi\u00e8ces : bagues \u00e9l\u00e9ments, \u00e9p\u00e9es m\u00e9tal, collier et accessoires. Parfait pour cosplay, collection ou cadeau sur R\u00e9plique Manga Cin\u00e9\",\"breadcrumb\":{\"@id\":\"https:\\\/\\\/repliquemangacine.fr\\\/genshin-impact\\\/coffret-genshin-impact\\\/#breadcrumb\"},\"inLanguage\":\"es\",\"potentialAction\":[{\"@type\":\"ReadAction\",\"target\":[\"https:\\\/\\\/repliquemangacine.fr\\\/genshin-impact\\\/coffret-genshin-impact\\\/\"]}]},{\"@type\":\"ImageObject\",\"inLanguage\":\"es\",\"@id\":\"https:\\\/\\\/repliquemangacine.fr\\\/genshin-impact\\\/coffret-genshin-impact\\\/#primaryimage\",\"url\":\"https:\\\/\\\/repliquemangacine.fr\\\/wp-content\\\/uploads\\\/2025\\\/05\\\/coffret15-pieces-Genshin-Impact-avec-chaine.jpg\",\"contentUrl\":\"https:\\\/\\\/repliquemangacine.fr\\\/wp-content\\\/uploads\\\/2025\\\/05\\\/coffret15-pieces-Genshin-Impact-avec-chaine.jpg\",\"width\":500,\"height\":500,\"caption\":\"Coffret Genshin Impact 18 pi\u00e8ces\"},{\"@type\":\"BreadcrumbList\",\"@id\":\"https:\\\/\\\/repliquemangacine.fr\\\/genshin-impact\\\/coffret-genshin-impact\\\/#breadcrumb\",\"itemListElement\":[{\"@type\":\"ListItem\",\"position\":1,\"name\":\"Accueil\",\"item\":\"https:\\\/\\\/repliquemangacine.fr\\\/\"},{\"@type\":\"ListItem\",\"position\":2,\"name\":\"Produits\",\"item\":\"https:\\\/\\\/repliquemangacine.fr\\\/boutique\\\/\"},{\"@type\":\"ListItem\",\"position\":3,\"name\":\"Coffret Genshin Impact\"}]},{\"@type\":\"WebSite\",\"@id\":\"https:\\\/\\\/repliquemangacine.fr\\\/#website\",\"url\":\"https:\\\/\\\/repliquemangacine.fr\\\/\",\"name\":\"R\u00e9plique Manga Cin\u00e9\",\"description\":\"\",\"publisher\":{\"@id\":\"https:\\\/\\\/repliquemangacine.fr\\\/#organization\"},\"potentialAction\":[{\"@type\":\"SearchAction\",\"target\":{\"@type\":\"EntryPoint\",\"urlTemplate\":\"https:\\\/\\\/repliquemangacine.fr\\\/?s={search_term_string}\"},\"query-input\":{\"@type\":\"PropertyValueSpecification\",\"valueRequired\":true,\"valueName\":\"search_term_string\"}}],\"inLanguage\":\"es\"},{\"@type\":\"Organization\",\"@id\":\"https:\\\/\\\/repliquemangacine.fr\\\/#organization\",\"name\":\"R\u00e9plique Manga Cin\u00e9\",\"url\":\"https:\\\/\\\/repliquemangacine.fr\\\/\",\"logo\":{\"@type\":\"ImageObject\",\"inLanguage\":\"es\",\"@id\":\"https:\\\/\\\/repliquemangacine.fr\\\/#\\\/schema\\\/logo\\\/image\\\/\",\"url\":\"https:\\\/\\\/repliquemangacine.fr\\\/wp-content\\\/uploads\\\/2023\\\/10\\\/RMC-500250.png\",\"contentUrl\":\"https:\\\/\\\/repliquemangacine.fr\\\/wp-content\\\/uploads\\\/2023\\\/10\\\/RMC-500250.png\",\"width\":500,\"height\":250,\"caption\":\"R\u00e9plique Manga Cin\u00e9\"},\"image\":{\"@id\":\"https:\\\/\\\/repliquemangacine.fr\\\/#\\\/schema\\\/logo\\\/image\\\/\"},\"sameAs\":[\"https:\\\/\\\/www.facebook.com\\\/RepliqueMangaCine\",\"https:\\\/\\\/www.instagram.com\\\/repliquemangacine.fr\\\/\"]}]}<\/script>\n<!-- \/ Yoast SEO plugin. -->","yoast_head_json":{"title":"Juego de impacto Genshin - R\u00e9plique Manga Cin\u00e9","description":"Set Genshin Impact de 18 piezas: anillos de elementos, espadas de metal, collar y accesorios. Perfecto para cosplay, colecci\u00f3n o regalo en R\u00e9plique Manga Cin\u00e9.","robots":{"index":"index","follow":"follow","max-snippet":"max-snippet:-1","max-image-preview":"max-image-preview:large","max-video-preview":"max-video-preview:-1"},"canonical":"https:\/\/repliquemangacine.fr\/es\/impacto-genshin\/caja-de-impacto-genshin\/","og_locale":"es_ES","og_type":"article","og_title":"Coffret Genshin Impact - R\u00e9plique Manga Cin\u00e9","og_description":"Coffret Genshin Impact 18 pi\u00e8ces : bagues \u00e9l\u00e9ments, \u00e9p\u00e9es m\u00e9tal, collier et accessoires. Parfait pour cosplay, collection ou cadeau sur R\u00e9plique Manga Cin\u00e9","og_url":"https:\/\/repliquemangacine.fr\/es\/impacto-genshin\/caja-de-impacto-genshin\/","og_site_name":"R\u00e9plique Manga Cin\u00e9","article_publisher":"https:\/\/www.facebook.com\/RepliqueMangaCine","article_modified_time":"2025-12-08T09:42:04+00:00","og_image":[{"width":500,"height":500,"url":"https:\/\/repliquemangacine.fr\/wp-content\/uploads\/2025\/05\/coffret15-pieces-Genshin-Impact-avec-chaine.jpg","type":"image\/jpeg"}],"twitter_card":"summary_large_image","twitter_misc":{"Tiempo de lectura":"3 minutos"},"schema":{"@context":"https:\/\/schema.org","@graph":[{"@type":"WebPage","@id":"https:\/\/repliquemangacine.fr\/genshin-impact\/coffret-genshin-impact\/","url":"https:\/\/repliquemangacine.fr\/genshin-impact\/coffret-genshin-impact\/","name":"Juego de impacto Genshin - R\u00e9plique Manga Cin\u00e9","isPartOf":{"@id":"https:\/\/repliquemangacine.fr\/#website"},"primaryImageOfPage":{"@id":"https:\/\/repliquemangacine.fr\/genshin-impact\/coffret-genshin-impact\/#primaryimage"},"image":{"@id":"https:\/\/repliquemangacine.fr\/genshin-impact\/coffret-genshin-impact\/#primaryimage"},"thumbnailUrl":"https:\/\/repliquemangacine.fr\/wp-content\/uploads\/2025\/05\/coffret15-pieces-Genshin-Impact-avec-chaine.jpg","datePublished":"2025-05-04T14:16:53+00:00","dateModified":"2025-12-08T09:42:04+00:00","description":"Set Genshin Impact de 18 piezas: anillos de elementos, espadas de metal, collar y accesorios. Perfecto para cosplay, colecci\u00f3n o regalo en R\u00e9plique Manga Cin\u00e9.","breadcrumb":{"@id":"https:\/\/repliquemangacine.fr\/genshin-impact\/coffret-genshin-impact\/#breadcrumb"},"inLanguage":"es","potentialAction":[{"@type":"ReadAction","target":["https:\/\/repliquemangacine.fr\/genshin-impact\/coffret-genshin-impact\/"]}]},{"@type":"ImageObject","inLanguage":"es","@id":"https:\/\/repliquemangacine.fr\/genshin-impact\/coffret-genshin-impact\/#primaryimage","url":"https:\/\/repliquemangacine.fr\/wp-content\/uploads\/2025\/05\/coffret15-pieces-Genshin-Impact-avec-chaine.jpg","contentUrl":"https:\/\/repliquemangacine.fr\/wp-content\/uploads\/2025\/05\/coffret15-pieces-Genshin-Impact-avec-chaine.jpg","width":500,"height":500,"caption":"Coffret Genshin Impact 18 pi\u00e8ces"},{"@type":"BreadcrumbList","@id":"https:\/\/repliquemangacine.fr\/genshin-impact\/coffret-genshin-impact\/#breadcrumb","itemListElement":[{"@type":"ListItem","position":1,"name":"Accueil","item":"https:\/\/repliquemangacine.fr\/"},{"@type":"ListItem","position":2,"name":"Produits","item":"https:\/\/repliquemangacine.fr\/boutique\/"},{"@type":"ListItem","position":3,"name":"Coffret Genshin Impact"}]},{"@type":"WebSite","@id":"https:\/\/repliquemangacine.fr\/#website","url":"https:\/\/repliquemangacine.fr\/","name":"R\u00e9plique Manga Cin\u00e9","description":"","publisher":{"@id":"https:\/\/repliquemangacine.fr\/#organization"},"potentialAction":[{"@type":"SearchAction","target":{"@type":"EntryPoint","urlTemplate":"https:\/\/repliquemangacine.fr\/?s={search_term_string}"},"query-input":{"@type":"PropertyValueSpecification","valueRequired":true,"valueName":"search_term_string"}}],"inLanguage":"es"},{"@type":"Organization","@id":"https:\/\/repliquemangacine.fr\/#organization","name":"R\u00e9plique Manga Cin\u00e9","url":"https:\/\/repliquemangacine.fr\/","logo":{"@type":"ImageObject","inLanguage":"es","@id":"https:\/\/repliquemangacine.fr\/#\/schema\/logo\/image\/","url":"https:\/\/repliquemangacine.fr\/wp-content\/uploads\/2023\/10\/RMC-500250.png","contentUrl":"https:\/\/repliquemangacine.fr\/wp-content\/uploads\/2023\/10\/RMC-500250.png","width":500,"height":250,"caption":"R\u00e9plique Manga Cin\u00e9"},"image":{"@id":"https:\/\/repliquemangacine.fr\/#\/schema\/logo\/image\/"},"sameAs":["https:\/\/www.facebook.com\/RepliqueMangaCine","https:\/\/www.instagram.com\/repliquemangacine.fr\/"]}]}},"_links":{"self":[{"href":"https:\/\/repliquemangacine.fr\/es\/wp-json\/wp\/v2\/product\/84013","targetHints":{"allow":["GET"]}}],"collection":[{"href":"https:\/\/repliquemangacine.fr\/es\/wp-json\/wp\/v2\/product"}],"about":[{"href":"https:\/\/repliquemangacine.fr\/es\/wp-json\/wp\/v2\/types\/product"}],"wp:featuredmedia":[{"embeddable":true,"href":"https:\/\/repliquemangacine.fr\/es\/wp-json\/wp\/v2\/media\/84014"}],"wp:attachment":[{"href":"https:\/\/repliquemangacine.fr\/es\/wp-json\/wp\/v2\/media?parent=84013"}],"wp:term":[{"taxonomy":"product_brand","embeddable":true,"href":"https:\/\/repliquemangacine.fr\/es\/wp-json\/wp\/v2\/product_brand?post=84013"},{"taxonomy":"product_cat","embeddable":true,"href":"https:\/\/repliquemangacine.fr\/es\/wp-json\/wp\/v2\/product_cat?post=84013"},{"taxonomy":"product_tag","embeddable":true,"href":"https:\/\/repliquemangacine.fr\/es\/wp-json\/wp\/v2\/product_tag?post=84013"}],"curies":[{"name":"wp","href":"https:\/\/api.w.org\/{rel}","templated":true}]}}