





{"id":83924,"date":"2025-04-30T19:11:18","date_gmt":"2025-04-30T17:11:18","guid":{"rendered":"https:\/\/repliquemangacine.fr\/?post_type=product&#038;p=83924"},"modified":"2026-04-14T21:50:57","modified_gmt":"2026-04-14T19:50:57","slug":"tanto-ultimo-samurai","status":"publish","type":"product","link":"https:\/\/repliquemangacine.fr\/es\/katanas-le-dernier-samourai\/tanto-dernier-samourai\/","title":{"rendered":"Tanto \u00daltimo Samurai"},"content":{"rendered":"<h2>Tanto Last Samurai - Una r\u00e9plica fiel y elegante<\/h2>\n<p>En primer lugar, este Tanto \u00daltimo Samur\u00e1i est\u00e1 directamente inspirado en la katana de Nathan Algren en La \u00faltima samur\u00e1i. Su hoja de acero inoxidable 440 est\u00e1 decorada con inscripciones japonesas aut\u00e9nticas.<br \/>\nMango cuidadosamente recubierto con una trenza de algod\u00f3n negro, muy agradable al tacto. Su guarda met\u00e1lica completa un dise\u00f1o cuidado y muy fiel a la pel\u00edcula. La funda lacada en negro, decorada con un emblema japon\u00e9s, a\u00f1ade un toque tradicional. Se entrega con un soporte de ABS para una presentaci\u00f3n f\u00e1cil y elegante. Con una hoja de 27 cm y una longitud total de 45 cm, se puede exhibir con estilo en cualquier lugar.<\/p>\n<p>El tanto es un arma corta muy utilizada por los samur\u00e1is para el combate cuerpo a cuerpo. Tambi\u00e9n es un poderoso s\u00edmbolo de lealtad y honor en la cultura japonesa. Este modelo har\u00e1 las delicias tanto de los aficionados al cine como de los amantes de la historia japonesa.<\/p>\n<h2>Nathan Algren - El estadounidense que se convirti\u00f3 en samur\u00e1i<\/h2>\n<p>En El \u00faltimo samur\u00e1i, Nathan Algren es un capit\u00e1n estadounidense consumido por el arrepentimiento. Viaja a Jap\u00f3n para formar un ej\u00e9rcito moderno contra los samur\u00e1is tradicionales. Sin embargo, hecho prisionero, descubre la nobleza del bushido y poco a poco va cambiando. Finalmente adopta su forma de vida y se convierte en un aut\u00e9ntico samur\u00e1i. Este personaje encarna la redenci\u00f3n, el honor y la b\u00fasqueda del sentido a trav\u00e9s de la espada. Su katana se convierte en s\u00edmbolo de su nuevo destino, entre dos mundos y dos \u00e9pocas. Este tanto capta fielmente el alma de esta transformaci\u00f3n y el esp\u00edritu de la pel\u00edcula. Cabe se\u00f1alar que el verdadero \u00daltimo Samur\u00e1i existi\u00f3 realmente bajo el nombre de <a href=\"https:\/\/fildelhistoire.com\/2021\/11\/22\/jules-brunet-le-vrai-dernier-samourai\/\" target=\"_blank\" rel=\"noopener noreferrer\">Jules Brunet<\/a>. Un siglo y medio m\u00e1s tarde, inspirar\u00e1 el personaje de Nathan Algren interpretado por Tom Cruise.<\/p>\n<p>De este modo, permite a cada coleccionista revivir esta aventura \u00fanica y conmovedora. Es mucho m\u00e1s que un objeto, es un homenaje al camino del guerrero. Por lo tanto, se impone como una pieza imprescindible para los apasionados del cine y la historia.<\/p>\n<h2>Tu tienda R\u00e9plique Manga Cin\u00e9 - Armas legendarias<\/h2>\n<p>En R\u00e9plique Manga Cin\u00e9, ofrecemos art\u00edculos de culto de pel\u00edculas y series de televisi\u00f3n inolvidables. Encontrar\u00e1 <a href=\"https:\/\/repliquemangacine.fr\/es\/espadas-del-senor-de-los-anillos\/\">espadas emblem\u00e1ticas de la trilog\u00eda de El Se\u00f1or de los Anillos<\/a>. Nuestras katanas de Kill Bill, fieles a las armas de O-Ren Ishii y Beatrix Kiddo, son impresionantes. Tambi\u00e9n tenemos las <a href=\"https:\/\/repliquemangacine.fr\/es\/espadas-de-juego-de-tronos\/\">espadas de Juego de Tronos<\/a>como Jon Nieve o Arya. A los fans de The Walking Dead les encantar\u00e1 la <a href=\"https:\/\/repliquemangacine.fr\/es\/armas-the-walking-dead\/katana-de-michonne\/\">La katana de Michonne<\/a> y el <a href=\"https:\/\/repliquemangacine.fr\/es\/denix\/colt-python-rick-grimes\/\">El arma de Rick<\/a>. Cada pieza se selecciona cuidadosamente por su calidad y fidelidad a la obra original. Nuestra tienda tambi\u00e9n ofrece soportes, accesorios y estuches para exponer sus r\u00e9plicas.<br \/>\nNuestros productos combinan autenticidad, est\u00e9tica y pasi\u00f3n por los universos de culto. Por \u00faltimo, nuestro cat\u00e1logo est\u00e1 en constante evoluci\u00f3n para satisfacer a todos los coleccionistas. En conclusi\u00f3n, tanto si eres fan\u00e1tico de la fantas\u00eda, los samur\u00e1is o los zombis, con nosotros encontrar\u00e1s lo que buscas.<\/p>","protected":false},"excerpt":{"rendered":"<p>Magn\u00edfica r\u00e9plica del Tanto Last Samurai inspirada en la pel\u00edcula del mismo nombre.<\/p>\n<ul>\n<li>Hoja de acero inoxidable 440 con letras japonesas<\/li>\n<li>Mango recubierto de trenza de algod\u00f3n negro<\/li>\n<li>Protector met\u00e1lico<\/li>\n<li>Vaina lacada en negro con insignia japonesa<\/li>\n<li>Se suministra con soporte de ABS<\/li>\n<li>Longitud de la hoja: 27 cm - Longitud total: 45 cm<\/li>\n<\/ul>","protected":false},"featured_media":83925,"template":"","meta":[],"product_brand":[896],"product_cat":[88],"product_tag":[],"class_list":{"0":"post-83924","1":"product","2":"type-product","3":"status-publish","4":"has-post-thumbnail","6":"product_brand-replique-manga-cine","7":"product_cat-katanas-le-dernier-samourai","9":"first","10":"instock","11":"sale","12":"taxable","13":"shipping-taxable","14":"purchasable","15":"product-type-simple"},"yoast_head":"<!-- This site is optimized with the Yoast SEO plugin v27.4 - https:\/\/yoast.com\/product\/yoast-seo-wordpress\/ -->\n<title>Tanto Dernier Samoura\u00ef - R\u00e9plique Manga Cin\u00e9<\/title>\n<meta name=\"description\" content=\"R\u00e9plique du Tanto Dernier Samoura\u00ef : lame grav\u00e9e, finition soign\u00e9e, livr\u00e9e avec support. Id\u00e9al pour fans de cin\u00e9ma et passionn\u00e9s de culture japonaise.\" \/>\n<meta name=\"robots\" content=\"index, follow, max-snippet:-1, max-image-preview:large, max-video-preview:-1\" \/>\n<link rel=\"canonical\" href=\"https:\/\/repliquemangacine.fr\/es\/katanas-el-ultimo-samurai\/tanto-ultimo-samurai\/\" \/>\n<meta property=\"og:locale\" content=\"es_ES\" \/>\n<meta property=\"og:type\" content=\"article\" \/>\n<meta property=\"og:title\" content=\"Tanto Dernier Samoura\u00ef - R\u00e9plique Manga Cin\u00e9\" \/>\n<meta property=\"og:description\" content=\"R\u00e9plique du Tanto Dernier Samoura\u00ef : lame grav\u00e9e, finition soign\u00e9e, livr\u00e9e avec support. Id\u00e9al pour fans de cin\u00e9ma et passionn\u00e9s de culture japonaise.\" \/>\n<meta property=\"og:url\" content=\"https:\/\/repliquemangacine.fr\/es\/katanas-el-ultimo-samurai\/tanto-ultimo-samurai\/\" \/>\n<meta property=\"og:site_name\" content=\"R\u00e9plique Manga Cin\u00e9\" \/>\n<meta property=\"article:publisher\" content=\"https:\/\/www.facebook.com\/RepliqueMangaCine\" \/>\n<meta property=\"article:modified_time\" content=\"2026-04-14T19:50:57+00:00\" \/>\n<meta property=\"og:image\" content=\"https:\/\/repliquemangacine.fr\/wp-content\/uploads\/2025\/04\/Tanto-Dernier-Samourai.jpg\" \/>\n\t<meta property=\"og:image:width\" content=\"500\" \/>\n\t<meta property=\"og:image:height\" content=\"500\" \/>\n\t<meta property=\"og:image:type\" content=\"image\/jpeg\" \/>\n<meta name=\"twitter:card\" content=\"summary_large_image\" \/>\n<meta name=\"twitter:label1\" content=\"Tiempo de lectura\" \/>\n\t<meta name=\"twitter:data1\" content=\"3 minutos\" \/>\n<script type=\"application\/ld+json\" class=\"yoast-schema-graph\">{\"@context\":\"https:\\\/\\\/schema.org\",\"@graph\":[{\"@type\":\"WebPage\",\"@id\":\"https:\\\/\\\/repliquemangacine.fr\\\/katanas-le-dernier-samourai\\\/tanto-dernier-samourai\\\/\",\"url\":\"https:\\\/\\\/repliquemangacine.fr\\\/katanas-le-dernier-samourai\\\/tanto-dernier-samourai\\\/\",\"name\":\"Tanto Dernier Samoura\u00ef - R\u00e9plique Manga Cin\u00e9\",\"isPartOf\":{\"@id\":\"https:\\\/\\\/repliquemangacine.fr\\\/#website\"},\"primaryImageOfPage\":{\"@id\":\"https:\\\/\\\/repliquemangacine.fr\\\/katanas-le-dernier-samourai\\\/tanto-dernier-samourai\\\/#primaryimage\"},\"image\":{\"@id\":\"https:\\\/\\\/repliquemangacine.fr\\\/katanas-le-dernier-samourai\\\/tanto-dernier-samourai\\\/#primaryimage\"},\"thumbnailUrl\":\"https:\\\/\\\/repliquemangacine.fr\\\/wp-content\\\/uploads\\\/2025\\\/04\\\/Tanto-Dernier-Samourai.jpg\",\"datePublished\":\"2025-04-30T17:11:18+00:00\",\"dateModified\":\"2026-04-14T19:50:57+00:00\",\"description\":\"R\u00e9plique du Tanto Dernier Samoura\u00ef : lame grav\u00e9e, finition soign\u00e9e, livr\u00e9e avec support. Id\u00e9al pour fans de cin\u00e9ma et passionn\u00e9s de culture japonaise.\",\"breadcrumb\":{\"@id\":\"https:\\\/\\\/repliquemangacine.fr\\\/katanas-le-dernier-samourai\\\/tanto-dernier-samourai\\\/#breadcrumb\"},\"inLanguage\":\"es\",\"potentialAction\":[{\"@type\":\"ReadAction\",\"target\":[\"https:\\\/\\\/repliquemangacine.fr\\\/katanas-le-dernier-samourai\\\/tanto-dernier-samourai\\\/\"]}]},{\"@type\":\"ImageObject\",\"inLanguage\":\"es\",\"@id\":\"https:\\\/\\\/repliquemangacine.fr\\\/katanas-le-dernier-samourai\\\/tanto-dernier-samourai\\\/#primaryimage\",\"url\":\"https:\\\/\\\/repliquemangacine.fr\\\/wp-content\\\/uploads\\\/2025\\\/04\\\/Tanto-Dernier-Samourai.jpg\",\"contentUrl\":\"https:\\\/\\\/repliquemangacine.fr\\\/wp-content\\\/uploads\\\/2025\\\/04\\\/Tanto-Dernier-Samourai.jpg\",\"width\":500,\"height\":500,\"caption\":\"Tanto Dernier Samoura\u00ef\"},{\"@type\":\"BreadcrumbList\",\"@id\":\"https:\\\/\\\/repliquemangacine.fr\\\/katanas-le-dernier-samourai\\\/tanto-dernier-samourai\\\/#breadcrumb\",\"itemListElement\":[{\"@type\":\"ListItem\",\"position\":1,\"name\":\"Accueil\",\"item\":\"https:\\\/\\\/repliquemangacine.fr\\\/\"},{\"@type\":\"ListItem\",\"position\":2,\"name\":\"Produits\",\"item\":\"https:\\\/\\\/repliquemangacine.fr\\\/boutique\\\/\"},{\"@type\":\"ListItem\",\"position\":3,\"name\":\"Tanto Dernier Samoura\u00ef\"}]},{\"@type\":\"WebSite\",\"@id\":\"https:\\\/\\\/repliquemangacine.fr\\\/#website\",\"url\":\"https:\\\/\\\/repliquemangacine.fr\\\/\",\"name\":\"R\u00e9plique Manga Cin\u00e9\",\"description\":\"\",\"publisher\":{\"@id\":\"https:\\\/\\\/repliquemangacine.fr\\\/#organization\"},\"potentialAction\":[{\"@type\":\"SearchAction\",\"target\":{\"@type\":\"EntryPoint\",\"urlTemplate\":\"https:\\\/\\\/repliquemangacine.fr\\\/?s={search_term_string}\"},\"query-input\":{\"@type\":\"PropertyValueSpecification\",\"valueRequired\":true,\"valueName\":\"search_term_string\"}}],\"inLanguage\":\"es\"},{\"@type\":\"Organization\",\"@id\":\"https:\\\/\\\/repliquemangacine.fr\\\/#organization\",\"name\":\"R\u00e9plique Manga Cin\u00e9\",\"url\":\"https:\\\/\\\/repliquemangacine.fr\\\/\",\"logo\":{\"@type\":\"ImageObject\",\"inLanguage\":\"es\",\"@id\":\"https:\\\/\\\/repliquemangacine.fr\\\/#\\\/schema\\\/logo\\\/image\\\/\",\"url\":\"https:\\\/\\\/repliquemangacine.fr\\\/wp-content\\\/uploads\\\/2023\\\/10\\\/RMC-500250.png\",\"contentUrl\":\"https:\\\/\\\/repliquemangacine.fr\\\/wp-content\\\/uploads\\\/2023\\\/10\\\/RMC-500250.png\",\"width\":500,\"height\":250,\"caption\":\"R\u00e9plique Manga Cin\u00e9\"},\"image\":{\"@id\":\"https:\\\/\\\/repliquemangacine.fr\\\/#\\\/schema\\\/logo\\\/image\\\/\"},\"sameAs\":[\"https:\\\/\\\/www.facebook.com\\\/RepliqueMangaCine\",\"https:\\\/\\\/www.instagram.com\\\/repliquemangacine.fr\\\/\"]}]}<\/script>\n<!-- \/ Yoast SEO plugin. -->","yoast_head_json":{"title":"Tanto \u00daltimo Samurai - R\u00e9plique Manga Cin\u00e9","description":"R\u00e9plica del Tanto Last Samurai: hoja grabada, meticulosamente acabada, se entrega con soporte. Ideal para cin\u00e9filos y aficionados a la cultura japonesa.","robots":{"index":"index","follow":"follow","max-snippet":"max-snippet:-1","max-image-preview":"max-image-preview:large","max-video-preview":"max-video-preview:-1"},"canonical":"https:\/\/repliquemangacine.fr\/es\/katanas-el-ultimo-samurai\/tanto-ultimo-samurai\/","og_locale":"es_ES","og_type":"article","og_title":"Tanto Dernier Samoura\u00ef - R\u00e9plique Manga Cin\u00e9","og_description":"R\u00e9plique du Tanto Dernier Samoura\u00ef : lame grav\u00e9e, finition soign\u00e9e, livr\u00e9e avec support. Id\u00e9al pour fans de cin\u00e9ma et passionn\u00e9s de culture japonaise.","og_url":"https:\/\/repliquemangacine.fr\/es\/katanas-el-ultimo-samurai\/tanto-ultimo-samurai\/","og_site_name":"R\u00e9plique Manga Cin\u00e9","article_publisher":"https:\/\/www.facebook.com\/RepliqueMangaCine","article_modified_time":"2026-04-14T19:50:57+00:00","og_image":[{"width":500,"height":500,"url":"https:\/\/repliquemangacine.fr\/wp-content\/uploads\/2025\/04\/Tanto-Dernier-Samourai.jpg","type":"image\/jpeg"}],"twitter_card":"summary_large_image","twitter_misc":{"Tiempo de lectura":"3 minutos"},"schema":{"@context":"https:\/\/schema.org","@graph":[{"@type":"WebPage","@id":"https:\/\/repliquemangacine.fr\/katanas-le-dernier-samourai\/tanto-dernier-samourai\/","url":"https:\/\/repliquemangacine.fr\/katanas-le-dernier-samourai\/tanto-dernier-samourai\/","name":"Tanto \u00daltimo Samurai - R\u00e9plique Manga Cin\u00e9","isPartOf":{"@id":"https:\/\/repliquemangacine.fr\/#website"},"primaryImageOfPage":{"@id":"https:\/\/repliquemangacine.fr\/katanas-le-dernier-samourai\/tanto-dernier-samourai\/#primaryimage"},"image":{"@id":"https:\/\/repliquemangacine.fr\/katanas-le-dernier-samourai\/tanto-dernier-samourai\/#primaryimage"},"thumbnailUrl":"https:\/\/repliquemangacine.fr\/wp-content\/uploads\/2025\/04\/Tanto-Dernier-Samourai.jpg","datePublished":"2025-04-30T17:11:18+00:00","dateModified":"2026-04-14T19:50:57+00:00","description":"R\u00e9plica del Tanto Last Samurai: hoja grabada, meticulosamente acabada, se entrega con soporte. Ideal para cin\u00e9filos y aficionados a la cultura japonesa.","breadcrumb":{"@id":"https:\/\/repliquemangacine.fr\/katanas-le-dernier-samourai\/tanto-dernier-samourai\/#breadcrumb"},"inLanguage":"es","potentialAction":[{"@type":"ReadAction","target":["https:\/\/repliquemangacine.fr\/katanas-le-dernier-samourai\/tanto-dernier-samourai\/"]}]},{"@type":"ImageObject","inLanguage":"es","@id":"https:\/\/repliquemangacine.fr\/katanas-le-dernier-samourai\/tanto-dernier-samourai\/#primaryimage","url":"https:\/\/repliquemangacine.fr\/wp-content\/uploads\/2025\/04\/Tanto-Dernier-Samourai.jpg","contentUrl":"https:\/\/repliquemangacine.fr\/wp-content\/uploads\/2025\/04\/Tanto-Dernier-Samourai.jpg","width":500,"height":500,"caption":"Tanto Dernier Samoura\u00ef"},{"@type":"BreadcrumbList","@id":"https:\/\/repliquemangacine.fr\/katanas-le-dernier-samourai\/tanto-dernier-samourai\/#breadcrumb","itemListElement":[{"@type":"ListItem","position":1,"name":"Accueil","item":"https:\/\/repliquemangacine.fr\/"},{"@type":"ListItem","position":2,"name":"Produits","item":"https:\/\/repliquemangacine.fr\/boutique\/"},{"@type":"ListItem","position":3,"name":"Tanto Dernier Samoura\u00ef"}]},{"@type":"WebSite","@id":"https:\/\/repliquemangacine.fr\/#website","url":"https:\/\/repliquemangacine.fr\/","name":"R\u00e9plique Manga Cin\u00e9","description":"","publisher":{"@id":"https:\/\/repliquemangacine.fr\/#organization"},"potentialAction":[{"@type":"SearchAction","target":{"@type":"EntryPoint","urlTemplate":"https:\/\/repliquemangacine.fr\/?s={search_term_string}"},"query-input":{"@type":"PropertyValueSpecification","valueRequired":true,"valueName":"search_term_string"}}],"inLanguage":"es"},{"@type":"Organization","@id":"https:\/\/repliquemangacine.fr\/#organization","name":"R\u00e9plique Manga Cin\u00e9","url":"https:\/\/repliquemangacine.fr\/","logo":{"@type":"ImageObject","inLanguage":"es","@id":"https:\/\/repliquemangacine.fr\/#\/schema\/logo\/image\/","url":"https:\/\/repliquemangacine.fr\/wp-content\/uploads\/2023\/10\/RMC-500250.png","contentUrl":"https:\/\/repliquemangacine.fr\/wp-content\/uploads\/2023\/10\/RMC-500250.png","width":500,"height":250,"caption":"R\u00e9plique Manga Cin\u00e9"},"image":{"@id":"https:\/\/repliquemangacine.fr\/#\/schema\/logo\/image\/"},"sameAs":["https:\/\/www.facebook.com\/RepliqueMangaCine","https:\/\/www.instagram.com\/repliquemangacine.fr\/"]}]}},"_links":{"self":[{"href":"https:\/\/repliquemangacine.fr\/es\/wp-json\/wp\/v2\/product\/83924","targetHints":{"allow":["GET"]}}],"collection":[{"href":"https:\/\/repliquemangacine.fr\/es\/wp-json\/wp\/v2\/product"}],"about":[{"href":"https:\/\/repliquemangacine.fr\/es\/wp-json\/wp\/v2\/types\/product"}],"wp:featuredmedia":[{"embeddable":true,"href":"https:\/\/repliquemangacine.fr\/es\/wp-json\/wp\/v2\/media\/83925"}],"wp:attachment":[{"href":"https:\/\/repliquemangacine.fr\/es\/wp-json\/wp\/v2\/media?parent=83924"}],"wp:term":[{"taxonomy":"product_brand","embeddable":true,"href":"https:\/\/repliquemangacine.fr\/es\/wp-json\/wp\/v2\/product_brand?post=83924"},{"taxonomy":"product_cat","embeddable":true,"href":"https:\/\/repliquemangacine.fr\/es\/wp-json\/wp\/v2\/product_cat?post=83924"},{"taxonomy":"product_tag","embeddable":true,"href":"https:\/\/repliquemangacine.fr\/es\/wp-json\/wp\/v2\/product_tag?post=83924"}],"curies":[{"name":"wp","href":"https:\/\/api.w.org\/{rel}","templated":true}]}}