





{"id":83821,"date":"2025-04-26T19:59:03","date_gmt":"2025-04-26T17:59:03","guid":{"rendered":"https:\/\/repliquemangacine.fr\/?post_type=product&#038;p=83821"},"modified":"2026-04-04T20:29:51","modified_gmt":"2026-04-04T18:29:51","slug":"daga-richard-corazon-de-leon-siglo-xii","status":"publish","type":"product","link":"https:\/\/repliquemangacine.fr\/es\/dagues-medievales\/dague-richard-coeur-de-lion-12eme-siecle\/","title":{"rendered":"Pu\u00f1al de Ricardo Coraz\u00f3n de Le\u00f3n Siglo XII"},"content":{"rendered":"<h2>Pu\u00f1al de Ricardo Coraz\u00f3n de Le\u00f3n del siglo XII\u1d49: una r\u00e9plica fiel<\/h2>\n<p>La daga Ricardo Coraz\u00f3n de Le\u00f3n es una pieza emblem\u00e1tica para todos los apasionados de la historia medieval. En primer lugar, su hoja de acero inoxidable 440 ofrece robustez y est\u00e9tica. Adem\u00e1s, la guarda de acero envejecido est\u00e1 decorada con dos magn\u00edficas cabezas de le\u00f3n en los extremos. El escudo de los tres leones est\u00e1 presente tanto en la guarda como en la hoja. El pomo macizo de acero envejecido, adornado con una cruz, refuerza la autenticidad de esta r\u00e9plica. La empu\u00f1adura de metal, finamente detallada, garantiza un agarre agradable y s\u00f3lido.<\/p>\n<p>Adem\u00e1s, la funda de ABS moldeado en rojo completa esta daga excepcional. Por \u00faltimo, sus piezas de acero en los extremos est\u00e1n finamente trabajadas, con la \u201cR\u201d de Ricardo y el escudo real. \u00a1Imprescindible para los coleccionistas de armas hist\u00f3ricas y los amantes de la Edad Media!<\/p>\n<h2>La legendaria historia de Ricardo Coraz\u00f3n de Le\u00f3n<\/h2>\n<p>Ricardo Coraz\u00f3n de Le\u00f3n, rey de Inglaterra, es una figura emblem\u00e1tica del <a href=\"https:\/\/carnet-dhistoire.fr\/anecdotes\/chronologie-et-dates-des-croisades-au-moyen-age\/\" target=\"_blank\" rel=\"noopener noreferrer\">cruzadas<\/a> y del hero\u00edsmo medieval. Nacido en 1157, es conocido por su valent\u00eda, su carisma y su incre\u00edble dominio de las armas. A lo largo de su vida, Ricardo luch\u00f3 para defender sus tierras y sus ideales religiosos. Adem\u00e1s, su emblema de los tres leones simboliza su poder y su glorioso linaje real. Por otra parte, la daga, al igual que sus espadas, era una prolongaci\u00f3n de su autoridad indiscutible. As\u00ed, nuestra r\u00e9plica rinde homenaje a este rey legendario, cuyo nombre sigue inspirando valent\u00eda.<\/p>\n<p>Los relatos de sus heroicas batallas, especialmente durante la Tercera Cruzada, alimentan la leyenda. Al elegir esta daga, usted lleva consigo una parte de esta rica y apasionante historia. \u00a1Un magn\u00edfico homenaje a uno de los m\u00e1s grandes soberanos caballeros de la Edad Media!<\/p>\n<h2>Su ventanilla \u00fanica para r\u00e9plicas hist\u00f3ricas, manga y pel\u00edculas<\/h2>\n<p>En R\u00e9plique Manga Cin\u00e9 encontrar\u00e1 un verdadero tesoro para los aficionados a la historia y la cultura popular. En primer lugar, le propongo la<a href=\"https:\/\/repliquemangacine.fr\/es\/armas-historicas\/la-espada-de-don-quijote\/\">La espada de Don Quijote<\/a>ideal para los amantes de la literatura y la aventura. Descubrir\u00e1 <a href=\"https:\/\/repliquemangacine.fr\/es\/espada-templaria-medieval\/excalibur-rey-arturo-espada-legendaria\/\">Excalibur, la m\u00edtica espada del Rey Arturo<\/a>una fiel reproducci\u00f3n de las leyendas art\u00faricas. Adem\u00e1s, el<a href=\"https:\/\/repliquemangacine.fr\/es\/espadas-serie-vikingos\/espada-vikinga-hedeby-siglo-ix\/\">Espada vikinga Hedeby<\/a> es una impresionante reconstrucci\u00f3n de un raro hallazgo arqueol\u00f3gico. Adem\u00e1s, encontrar\u00e1 la <a href=\"https:\/\/repliquemangacine.fr\/es\/dagas-medievales\/dague-hugues-de-payns\/\">daga del primer caballero templario Hugues de Payns<\/a>, s\u00edmbolo de los or\u00edgenes templarios.<\/p>\n<p>\u00a1Pero eso no es todo! En cuanto al manga y el cine, tambi\u00e9n ofrezco katanas, espadas y armas legendarias. Cada r\u00e9plica se selecciona cuidadosamente para ofrecer una calidad impecable y un realismo impresionante. As\u00ed, tanto si eres coleccionista, aficionado o amante de las piezas bonitas, encontrar\u00e1s lo que buscas. \u00a1No esperes m\u00e1s para enriquecer tu colecci\u00f3n con objetos excepcionales!<\/p>\n<p>&nbsp;<\/p>","protected":false},"excerpt":{"rendered":"<p>Sublime daga del siglo XII de Ricardo Coraz\u00f3n de Le\u00f3n<\/p>\n<ul>\n<li>Hoja de acero inoxidable 440<\/li>\n<li>Empu\u00f1adura de acero antiguo con dos cabezas de le\u00f3n en los extremos.<\/li>\n<li>Escudo de tres leones en empu\u00f1adura y hoja<\/li>\n<li>Pomo de acero macizo envejecido con cruz<\/li>\n<li>Mango de metal con finos detalles.<\/li>\n<li>Funda de ABS moldeada en rojo<\/li>\n<li>Pieza de acero en los extremos del manguito<\/li>\n<li>Con la R de Richard y los tres leones en la parte inferior.<\/li>\n<li>Longitud de la hoja: 24 cm - Longitud total: 36,5 cm sin vaina<\/li>\n<li>Longitud total con vaina: 40 cm - Peso: 280g<\/li>\n<\/ul>","protected":false},"featured_media":83831,"template":"","meta":[],"product_brand":[896],"product_cat":[25,93],"product_tag":[],"class_list":{"0":"post-83821","1":"product","2":"type-product","3":"status-publish","4":"has-post-thumbnail","6":"product_brand-replique-manga-cine","7":"product_cat-armes-historiques","8":"product_cat-dagues-medievales","10":"first","11":"instock","12":"taxable","13":"shipping-taxable","14":"purchasable","15":"product-type-simple"},"yoast_head":"<!-- This site is optimized with the Yoast SEO plugin v27.4 - https:\/\/yoast.com\/product\/yoast-seo-wordpress\/ -->\n<title>Dague Richard C\u0153ur de Lion 12\u00e8me si\u00e8cle - R\u00e9plique Manga Cin\u00e9<\/title>\n<meta name=\"description\" content=\"D\u00e9couvrez la Dague Richard C\u0153ur de Lion du XII\u1d49 si\u00e8cle, une r\u00e9plique historique parfaite pour collectionneurs et passionn\u00e9s d\u2019histoire m\u00e9di\u00e9vale !\" \/>\n<meta name=\"robots\" content=\"index, follow, max-snippet:-1, max-image-preview:large, max-video-preview:-1\" \/>\n<link rel=\"canonical\" href=\"https:\/\/repliquemangacine.fr\/es\/dagas-medievales\/daga-richard-corazon-de-leon-siglo-xii\/\" \/>\n<meta property=\"og:locale\" content=\"es_ES\" \/>\n<meta property=\"og:type\" content=\"article\" \/>\n<meta property=\"og:title\" content=\"Dague Richard C\u0153ur de Lion 12\u00e8me si\u00e8cle - R\u00e9plique Manga Cin\u00e9\" \/>\n<meta property=\"og:description\" content=\"D\u00e9couvrez la Dague Richard C\u0153ur de Lion du XII\u1d49 si\u00e8cle, une r\u00e9plique historique parfaite pour collectionneurs et passionn\u00e9s d\u2019histoire m\u00e9di\u00e9vale !\" \/>\n<meta property=\"og:url\" content=\"https:\/\/repliquemangacine.fr\/es\/dagas-medievales\/daga-richard-corazon-de-leon-siglo-xii\/\" \/>\n<meta property=\"og:site_name\" content=\"R\u00e9plique Manga Cin\u00e9\" \/>\n<meta property=\"article:publisher\" content=\"https:\/\/www.facebook.com\/RepliqueMangaCine\" \/>\n<meta property=\"article:modified_time\" content=\"2026-04-04T18:29:51+00:00\" \/>\n<meta property=\"og:image\" content=\"https:\/\/repliquemangacine.fr\/wp-content\/uploads\/2025\/04\/Dague-Richard-Coeur-de-lion.jpg\" \/>\n\t<meta property=\"og:image:width\" content=\"500\" \/>\n\t<meta property=\"og:image:height\" content=\"500\" \/>\n\t<meta property=\"og:image:type\" content=\"image\/jpeg\" \/>\n<meta name=\"twitter:card\" content=\"summary_large_image\" \/>\n<meta name=\"twitter:label1\" content=\"Tiempo de lectura\" \/>\n\t<meta name=\"twitter:data1\" content=\"3 minutos\" \/>\n<script type=\"application\/ld+json\" class=\"yoast-schema-graph\">{\"@context\":\"https:\\\/\\\/schema.org\",\"@graph\":[{\"@type\":\"WebPage\",\"@id\":\"https:\\\/\\\/repliquemangacine.fr\\\/dagues-medievales\\\/dague-richard-coeur-de-lion-12eme-siecle\\\/\",\"url\":\"https:\\\/\\\/repliquemangacine.fr\\\/dagues-medievales\\\/dague-richard-coeur-de-lion-12eme-siecle\\\/\",\"name\":\"Dague Richard C\u0153ur de Lion 12\u00e8me si\u00e8cle - R\u00e9plique Manga Cin\u00e9\",\"isPartOf\":{\"@id\":\"https:\\\/\\\/repliquemangacine.fr\\\/#website\"},\"primaryImageOfPage\":{\"@id\":\"https:\\\/\\\/repliquemangacine.fr\\\/dagues-medievales\\\/dague-richard-coeur-de-lion-12eme-siecle\\\/#primaryimage\"},\"image\":{\"@id\":\"https:\\\/\\\/repliquemangacine.fr\\\/dagues-medievales\\\/dague-richard-coeur-de-lion-12eme-siecle\\\/#primaryimage\"},\"thumbnailUrl\":\"https:\\\/\\\/repliquemangacine.fr\\\/wp-content\\\/uploads\\\/2025\\\/04\\\/Dague-Richard-Coeur-de-lion.jpg\",\"datePublished\":\"2025-04-26T17:59:03+00:00\",\"dateModified\":\"2026-04-04T18:29:51+00:00\",\"description\":\"D\u00e9couvrez la Dague Richard C\u0153ur de Lion du XII\u1d49 si\u00e8cle, une r\u00e9plique historique parfaite pour collectionneurs et passionn\u00e9s d\u2019histoire m\u00e9di\u00e9vale !\",\"breadcrumb\":{\"@id\":\"https:\\\/\\\/repliquemangacine.fr\\\/dagues-medievales\\\/dague-richard-coeur-de-lion-12eme-siecle\\\/#breadcrumb\"},\"inLanguage\":\"es\",\"potentialAction\":[{\"@type\":\"ReadAction\",\"target\":[\"https:\\\/\\\/repliquemangacine.fr\\\/dagues-medievales\\\/dague-richard-coeur-de-lion-12eme-siecle\\\/\"]}]},{\"@type\":\"ImageObject\",\"inLanguage\":\"es\",\"@id\":\"https:\\\/\\\/repliquemangacine.fr\\\/dagues-medievales\\\/dague-richard-coeur-de-lion-12eme-siecle\\\/#primaryimage\",\"url\":\"https:\\\/\\\/repliquemangacine.fr\\\/wp-content\\\/uploads\\\/2025\\\/04\\\/Dague-Richard-Coeur-de-lion.jpg\",\"contentUrl\":\"https:\\\/\\\/repliquemangacine.fr\\\/wp-content\\\/uploads\\\/2025\\\/04\\\/Dague-Richard-Coeur-de-lion.jpg\",\"width\":500,\"height\":500,\"caption\":\"Dague Richard C\u0153ur de Lion\"},{\"@type\":\"BreadcrumbList\",\"@id\":\"https:\\\/\\\/repliquemangacine.fr\\\/dagues-medievales\\\/dague-richard-coeur-de-lion-12eme-siecle\\\/#breadcrumb\",\"itemListElement\":[{\"@type\":\"ListItem\",\"position\":1,\"name\":\"Accueil\",\"item\":\"https:\\\/\\\/repliquemangacine.fr\\\/\"},{\"@type\":\"ListItem\",\"position\":2,\"name\":\"Produits\",\"item\":\"https:\\\/\\\/repliquemangacine.fr\\\/boutique\\\/\"},{\"@type\":\"ListItem\",\"position\":3,\"name\":\"Dague Richard C\u0153ur de Lion 12\u00e8me si\u00e8cle\"}]},{\"@type\":\"WebSite\",\"@id\":\"https:\\\/\\\/repliquemangacine.fr\\\/#website\",\"url\":\"https:\\\/\\\/repliquemangacine.fr\\\/\",\"name\":\"R\u00e9plique Manga Cin\u00e9\",\"description\":\"\",\"publisher\":{\"@id\":\"https:\\\/\\\/repliquemangacine.fr\\\/#organization\"},\"potentialAction\":[{\"@type\":\"SearchAction\",\"target\":{\"@type\":\"EntryPoint\",\"urlTemplate\":\"https:\\\/\\\/repliquemangacine.fr\\\/?s={search_term_string}\"},\"query-input\":{\"@type\":\"PropertyValueSpecification\",\"valueRequired\":true,\"valueName\":\"search_term_string\"}}],\"inLanguage\":\"es\"},{\"@type\":\"Organization\",\"@id\":\"https:\\\/\\\/repliquemangacine.fr\\\/#organization\",\"name\":\"R\u00e9plique Manga Cin\u00e9\",\"url\":\"https:\\\/\\\/repliquemangacine.fr\\\/\",\"logo\":{\"@type\":\"ImageObject\",\"inLanguage\":\"es\",\"@id\":\"https:\\\/\\\/repliquemangacine.fr\\\/#\\\/schema\\\/logo\\\/image\\\/\",\"url\":\"https:\\\/\\\/repliquemangacine.fr\\\/wp-content\\\/uploads\\\/2023\\\/10\\\/RMC-500250.png\",\"contentUrl\":\"https:\\\/\\\/repliquemangacine.fr\\\/wp-content\\\/uploads\\\/2023\\\/10\\\/RMC-500250.png\",\"width\":500,\"height\":250,\"caption\":\"R\u00e9plique Manga Cin\u00e9\"},\"image\":{\"@id\":\"https:\\\/\\\/repliquemangacine.fr\\\/#\\\/schema\\\/logo\\\/image\\\/\"},\"sameAs\":[\"https:\\\/\\\/www.facebook.com\\\/RepliqueMangaCine\",\"https:\\\/\\\/www.instagram.com\\\/repliquemangacine.fr\\\/\"]}]}<\/script>\n<!-- \/ Yoast SEO plugin. -->","yoast_head_json":{"title":"Pu\u00f1al del siglo XII de Ricardo Coraz\u00f3n de Le\u00f3n - R\u00e9plique Manga Cin\u00e9","description":"Descubra la daga de Ricardo Coraz\u00f3n de Le\u00f3n del siglo XII, \u00a1una r\u00e9plica hist\u00f3rica perfecta para coleccionistas y entusiastas de la historia medieval!","robots":{"index":"index","follow":"follow","max-snippet":"max-snippet:-1","max-image-preview":"max-image-preview:large","max-video-preview":"max-video-preview:-1"},"canonical":"https:\/\/repliquemangacine.fr\/es\/dagas-medievales\/daga-richard-corazon-de-leon-siglo-xii\/","og_locale":"es_ES","og_type":"article","og_title":"Dague Richard C\u0153ur de Lion 12\u00e8me si\u00e8cle - R\u00e9plique Manga Cin\u00e9","og_description":"D\u00e9couvrez la Dague Richard C\u0153ur de Lion du XII\u1d49 si\u00e8cle, une r\u00e9plique historique parfaite pour collectionneurs et passionn\u00e9s d\u2019histoire m\u00e9di\u00e9vale !","og_url":"https:\/\/repliquemangacine.fr\/es\/dagas-medievales\/daga-richard-corazon-de-leon-siglo-xii\/","og_site_name":"R\u00e9plique Manga Cin\u00e9","article_publisher":"https:\/\/www.facebook.com\/RepliqueMangaCine","article_modified_time":"2026-04-04T18:29:51+00:00","og_image":[{"width":500,"height":500,"url":"https:\/\/repliquemangacine.fr\/wp-content\/uploads\/2025\/04\/Dague-Richard-Coeur-de-lion.jpg","type":"image\/jpeg"}],"twitter_card":"summary_large_image","twitter_misc":{"Tiempo de lectura":"3 minutos"},"schema":{"@context":"https:\/\/schema.org","@graph":[{"@type":"WebPage","@id":"https:\/\/repliquemangacine.fr\/dagues-medievales\/dague-richard-coeur-de-lion-12eme-siecle\/","url":"https:\/\/repliquemangacine.fr\/dagues-medievales\/dague-richard-coeur-de-lion-12eme-siecle\/","name":"Pu\u00f1al del siglo XII de Ricardo Coraz\u00f3n de Le\u00f3n - R\u00e9plique Manga Cin\u00e9","isPartOf":{"@id":"https:\/\/repliquemangacine.fr\/#website"},"primaryImageOfPage":{"@id":"https:\/\/repliquemangacine.fr\/dagues-medievales\/dague-richard-coeur-de-lion-12eme-siecle\/#primaryimage"},"image":{"@id":"https:\/\/repliquemangacine.fr\/dagues-medievales\/dague-richard-coeur-de-lion-12eme-siecle\/#primaryimage"},"thumbnailUrl":"https:\/\/repliquemangacine.fr\/wp-content\/uploads\/2025\/04\/Dague-Richard-Coeur-de-lion.jpg","datePublished":"2025-04-26T17:59:03+00:00","dateModified":"2026-04-04T18:29:51+00:00","description":"Descubra la daga de Ricardo Coraz\u00f3n de Le\u00f3n del siglo XII, \u00a1una r\u00e9plica hist\u00f3rica perfecta para coleccionistas y entusiastas de la historia medieval!","breadcrumb":{"@id":"https:\/\/repliquemangacine.fr\/dagues-medievales\/dague-richard-coeur-de-lion-12eme-siecle\/#breadcrumb"},"inLanguage":"es","potentialAction":[{"@type":"ReadAction","target":["https:\/\/repliquemangacine.fr\/dagues-medievales\/dague-richard-coeur-de-lion-12eme-siecle\/"]}]},{"@type":"ImageObject","inLanguage":"es","@id":"https:\/\/repliquemangacine.fr\/dagues-medievales\/dague-richard-coeur-de-lion-12eme-siecle\/#primaryimage","url":"https:\/\/repliquemangacine.fr\/wp-content\/uploads\/2025\/04\/Dague-Richard-Coeur-de-lion.jpg","contentUrl":"https:\/\/repliquemangacine.fr\/wp-content\/uploads\/2025\/04\/Dague-Richard-Coeur-de-lion.jpg","width":500,"height":500,"caption":"Dague Richard C\u0153ur de Lion"},{"@type":"BreadcrumbList","@id":"https:\/\/repliquemangacine.fr\/dagues-medievales\/dague-richard-coeur-de-lion-12eme-siecle\/#breadcrumb","itemListElement":[{"@type":"ListItem","position":1,"name":"Accueil","item":"https:\/\/repliquemangacine.fr\/"},{"@type":"ListItem","position":2,"name":"Produits","item":"https:\/\/repliquemangacine.fr\/boutique\/"},{"@type":"ListItem","position":3,"name":"Dague Richard C\u0153ur de Lion 12\u00e8me si\u00e8cle"}]},{"@type":"WebSite","@id":"https:\/\/repliquemangacine.fr\/#website","url":"https:\/\/repliquemangacine.fr\/","name":"R\u00e9plique Manga Cin\u00e9","description":"","publisher":{"@id":"https:\/\/repliquemangacine.fr\/#organization"},"potentialAction":[{"@type":"SearchAction","target":{"@type":"EntryPoint","urlTemplate":"https:\/\/repliquemangacine.fr\/?s={search_term_string}"},"query-input":{"@type":"PropertyValueSpecification","valueRequired":true,"valueName":"search_term_string"}}],"inLanguage":"es"},{"@type":"Organization","@id":"https:\/\/repliquemangacine.fr\/#organization","name":"R\u00e9plique Manga Cin\u00e9","url":"https:\/\/repliquemangacine.fr\/","logo":{"@type":"ImageObject","inLanguage":"es","@id":"https:\/\/repliquemangacine.fr\/#\/schema\/logo\/image\/","url":"https:\/\/repliquemangacine.fr\/wp-content\/uploads\/2023\/10\/RMC-500250.png","contentUrl":"https:\/\/repliquemangacine.fr\/wp-content\/uploads\/2023\/10\/RMC-500250.png","width":500,"height":250,"caption":"R\u00e9plique Manga Cin\u00e9"},"image":{"@id":"https:\/\/repliquemangacine.fr\/#\/schema\/logo\/image\/"},"sameAs":["https:\/\/www.facebook.com\/RepliqueMangaCine","https:\/\/www.instagram.com\/repliquemangacine.fr\/"]}]}},"_links":{"self":[{"href":"https:\/\/repliquemangacine.fr\/es\/wp-json\/wp\/v2\/product\/83821","targetHints":{"allow":["GET"]}}],"collection":[{"href":"https:\/\/repliquemangacine.fr\/es\/wp-json\/wp\/v2\/product"}],"about":[{"href":"https:\/\/repliquemangacine.fr\/es\/wp-json\/wp\/v2\/types\/product"}],"wp:featuredmedia":[{"embeddable":true,"href":"https:\/\/repliquemangacine.fr\/es\/wp-json\/wp\/v2\/media\/83831"}],"wp:attachment":[{"href":"https:\/\/repliquemangacine.fr\/es\/wp-json\/wp\/v2\/media?parent=83821"}],"wp:term":[{"taxonomy":"product_brand","embeddable":true,"href":"https:\/\/repliquemangacine.fr\/es\/wp-json\/wp\/v2\/product_brand?post=83821"},{"taxonomy":"product_cat","embeddable":true,"href":"https:\/\/repliquemangacine.fr\/es\/wp-json\/wp\/v2\/product_cat?post=83821"},{"taxonomy":"product_tag","embeddable":true,"href":"https:\/\/repliquemangacine.fr\/es\/wp-json\/wp\/v2\/product_tag?post=83821"}],"curies":[{"name":"wp","href":"https:\/\/api.w.org\/{rel}","templated":true}]}}