





{"id":83739,"date":"2025-04-21T19:43:22","date_gmt":"2025-04-21T17:43:22","guid":{"rendered":"https:\/\/repliquemangacine.fr\/?post_type=product&#038;p=83739"},"modified":"2025-11-13T00:56:16","modified_gmt":"2025-11-12T23:56:16","slug":"juego-de-12-palillos-hp","status":"publish","type":"product","link":"https:\/\/repliquemangacine.fr\/es\/baguettes-et-goodies-harry-potter\/coffret-12-baguettes-hp\/","title":{"rendered":"Juego de 12 palillos HP"},"content":{"rendered":"<h2>Set de 12 varitas HP versi\u00f3n llavero - Magia en miniatura para coleccionar<\/h2>\n<p>En primer lugar, descubre este estuche con 12 varitas HP, versi\u00f3n llavero de metal, con acabados cuidados y detallados. Cada varita mide aproximadamente 8 cm y representa fielmente el arma m\u00e1gica de personajes emblem\u00e1ticos de la saga. Cu\u00e9lgalas donde quieras gracias a su s\u00f3lida anilla met\u00e1lica, ideal para bolsos, estuches o llaveros.<br \/>\nEncuentra las varitas de Harry, Hermione, Dumbledore, Voldemort, pero tambi\u00e9n de Bellatrix, Luna, Neville y muchos otros. El estuche tambi\u00e9n incluye las de Mangemort, Delacour, Rafleur, Cedric y Viktor Krum para los verdaderos fans del universo. Un regalo original y m\u00e1gico, para coleccionar o regalar a todos los amantes del mundo de los magos. Compacto, elegante y completo, este estuche es perfecto para mostrar tu pasi\u00f3n en el d\u00eda a d\u00eda, con un toque de magia.<\/p>\n<p>Harry Potter es el personaje principal de la serie de libros y pel\u00edculas Harry Potter de <a href=\"https:\/\/harrypotter.fandom.com\/fr\/wiki\/J._K._Rowling\" target=\"_blank\" rel=\"noopener noreferrer\">J. K. Rowling<\/a>. La trama de la mayor\u00eda de los libros abarca siete a\u00f1os en la vida del hu\u00e9rfano Potter que, al cumplir once a\u00f1os, se entera de que es un mago.<\/p>\n<h2>Encuentra objetos m\u00e1gicos de Harry Potter en R\u00e9plique Manga Cin\u00e9<\/h2>\n<p>R\u00e9plique Manga Cin\u00e9 te ofrece una selecci\u00f3n \u00fanica de productos oficiales y r\u00e9plicas inspiradas en el universo Harry Potter. Descubra el m\u00edtico <a href=\"https:\/\/repliquemangacine.fr\/es\/varitas-y-objetos-de-harry-potter\/harry-potter-godric-espada\/\">Espada Godric Gryffindor<\/a>El collar es de acero inoxidable, lleva grabado el mismo nombre y est\u00e1 impecablemente acabado. Para coleccionistas, el <a href=\"https:\/\/repliquemangacine.fr\/es\/coleccionistas-y-objetos-de-harry-potter\/piedra-filosofal-harry-potter\/\">piedra filosofal<\/a> es una joya ic\u00f3nica de la historia de la magia. Tambi\u00e9n ofrecemos el bolso de Hermione, fiel al que aparece en Las Reliquias de la Muerte, en versi\u00f3n aut\u00e9ntica. D\u00e9jese tentar por el<a href=\"https:\/\/repliquemangacine.fr\/es\/varias-golosinas\/tablero-de-ajedrez-de-los-magos-juego-de-ajedrez-hp\/\">Tablero de ajedrez oficial de Harry Potter<\/a>distribuidos por The Noble Collection, imprescindibles para todo aficionado. Y para la pausa del caf\u00e9, \u00bfpor qu\u00e9 no prueba nuestro <a href=\"https:\/\/repliquemangacine.fr\/es\/coleccionistas-y-objetos-de-harry-potter\/taza-gryffindor-600-ml\/\">tazas<\/a> Varitas de 600 ml en los colores de las casas Gryffindor, Slytherin, Hufflepuff y Slytherin. Sin olvidar nuestra colecci\u00f3n de varitas: a tama\u00f1o natural, de resina con refuerzo met\u00e1lico para una calidad excepcional. En definitiva, un mundo m\u00e1gico para descubrir en casa, gracias a nuestros art\u00edculos cuidadosamente seleccionados para cada mago en ciernes.<\/p>","protected":false},"excerpt":{"rendered":"<p>Magn\u00edfica caja de 12 mini varitas en llaveros que representan a los personajes de la saga Harry Potter.<\/p>\n<ul>\n<li>12 palillos de 8 cm<\/li>\n<li>1 Mosquet\u00f3n peque\u00f1o<\/li>\n<li>1 llavero<\/li>\n<li>Caja de coleccionista de la saga<\/li>\n<\/ul>","protected":false},"featured_media":83740,"template":"","meta":[],"product_brand":[896],"product_cat":[87,41],"product_tag":[],"class_list":{"0":"post-83739","1":"product","2":"type-product","3":"status-publish","4":"has-post-thumbnail","6":"product_brand-replique-manga-cine","7":"product_cat-collectors-et-goodies-harry-potter","8":"product_cat-baguettes-et-goodies-harry-potter","10":"first","11":"instock","12":"taxable","13":"shipping-taxable","14":"purchasable","15":"product-type-simple"},"yoast_head":"<!-- This site is optimized with the Yoast SEO plugin v27.4 - https:\/\/yoast.com\/product\/yoast-seo-wordpress\/ -->\n<title>Coffret 12 baguettes HP - R\u00e9plique Manga Cin\u00e9<\/title>\n<meta name=\"description\" content=\"Coffret 12 baguettes HP en m\u00e9tal, version porte-cl\u00e9s. Personnages cultes inclus. Id\u00e9al pour collectionner ou offrir aux fans d&#039;Harry Potter.\" \/>\n<meta name=\"robots\" content=\"index, follow, max-snippet:-1, max-image-preview:large, max-video-preview:-1\" \/>\n<link rel=\"canonical\" href=\"https:\/\/repliquemangacine.fr\/es\/varitas-y-objetos-de-harry-potter\/juego-de-12-palillos-hp\/\" \/>\n<meta property=\"og:locale\" content=\"es_ES\" \/>\n<meta property=\"og:type\" content=\"article\" \/>\n<meta property=\"og:title\" content=\"Coffret 12 baguettes HP - R\u00e9plique Manga Cin\u00e9\" \/>\n<meta property=\"og:description\" content=\"Coffret 12 baguettes HP en m\u00e9tal, version porte-cl\u00e9s. Personnages cultes inclus. Id\u00e9al pour collectionner ou offrir aux fans d&#039;Harry Potter.\" \/>\n<meta property=\"og:url\" content=\"https:\/\/repliquemangacine.fr\/es\/varitas-y-objetos-de-harry-potter\/juego-de-12-palillos-hp\/\" \/>\n<meta property=\"og:site_name\" content=\"R\u00e9plique Manga Cin\u00e9\" \/>\n<meta property=\"article:publisher\" content=\"https:\/\/www.facebook.com\/RepliqueMangaCine\" \/>\n<meta property=\"article:modified_time\" content=\"2025-11-12T23:56:16+00:00\" \/>\n<meta property=\"og:image\" content=\"https:\/\/repliquemangacine.fr\/wp-content\/uploads\/2025\/04\/coffret-porte-cles-HP.jpg\" \/>\n\t<meta property=\"og:image:width\" content=\"500\" \/>\n\t<meta property=\"og:image:height\" content=\"500\" \/>\n\t<meta property=\"og:image:type\" content=\"image\/jpeg\" \/>\n<meta name=\"twitter:card\" content=\"summary_large_image\" \/>\n<meta name=\"twitter:label1\" content=\"Tiempo de lectura\" \/>\n\t<meta name=\"twitter:data1\" content=\"2 minutos\" \/>\n<script type=\"application\/ld+json\" class=\"yoast-schema-graph\">{\"@context\":\"https:\\\/\\\/schema.org\",\"@graph\":[{\"@type\":\"WebPage\",\"@id\":\"https:\\\/\\\/repliquemangacine.fr\\\/baguettes-et-goodies-harry-potter\\\/coffret-12-baguettes-hp\\\/\",\"url\":\"https:\\\/\\\/repliquemangacine.fr\\\/baguettes-et-goodies-harry-potter\\\/coffret-12-baguettes-hp\\\/\",\"name\":\"Coffret 12 baguettes HP - R\u00e9plique Manga Cin\u00e9\",\"isPartOf\":{\"@id\":\"https:\\\/\\\/repliquemangacine.fr\\\/#website\"},\"primaryImageOfPage\":{\"@id\":\"https:\\\/\\\/repliquemangacine.fr\\\/baguettes-et-goodies-harry-potter\\\/coffret-12-baguettes-hp\\\/#primaryimage\"},\"image\":{\"@id\":\"https:\\\/\\\/repliquemangacine.fr\\\/baguettes-et-goodies-harry-potter\\\/coffret-12-baguettes-hp\\\/#primaryimage\"},\"thumbnailUrl\":\"https:\\\/\\\/repliquemangacine.fr\\\/wp-content\\\/uploads\\\/2025\\\/04\\\/coffret-porte-cles-HP.jpg\",\"datePublished\":\"2025-04-21T17:43:22+00:00\",\"dateModified\":\"2025-11-12T23:56:16+00:00\",\"description\":\"Coffret 12 baguettes HP en m\u00e9tal, version porte-cl\u00e9s. Personnages cultes inclus. Id\u00e9al pour collectionner ou offrir aux fans d'Harry Potter.\",\"breadcrumb\":{\"@id\":\"https:\\\/\\\/repliquemangacine.fr\\\/baguettes-et-goodies-harry-potter\\\/coffret-12-baguettes-hp\\\/#breadcrumb\"},\"inLanguage\":\"es\",\"potentialAction\":[{\"@type\":\"ReadAction\",\"target\":[\"https:\\\/\\\/repliquemangacine.fr\\\/baguettes-et-goodies-harry-potter\\\/coffret-12-baguettes-hp\\\/\"]}]},{\"@type\":\"ImageObject\",\"inLanguage\":\"es\",\"@id\":\"https:\\\/\\\/repliquemangacine.fr\\\/baguettes-et-goodies-harry-potter\\\/coffret-12-baguettes-hp\\\/#primaryimage\",\"url\":\"https:\\\/\\\/repliquemangacine.fr\\\/wp-content\\\/uploads\\\/2025\\\/04\\\/coffret-porte-cles-HP.jpg\",\"contentUrl\":\"https:\\\/\\\/repliquemangacine.fr\\\/wp-content\\\/uploads\\\/2025\\\/04\\\/coffret-porte-cles-HP.jpg\",\"width\":500,\"height\":500,\"caption\":\"Coffret 12 baguettes HP\"},{\"@type\":\"BreadcrumbList\",\"@id\":\"https:\\\/\\\/repliquemangacine.fr\\\/baguettes-et-goodies-harry-potter\\\/coffret-12-baguettes-hp\\\/#breadcrumb\",\"itemListElement\":[{\"@type\":\"ListItem\",\"position\":1,\"name\":\"Accueil\",\"item\":\"https:\\\/\\\/repliquemangacine.fr\\\/\"},{\"@type\":\"ListItem\",\"position\":2,\"name\":\"Produits\",\"item\":\"https:\\\/\\\/repliquemangacine.fr\\\/boutique\\\/\"},{\"@type\":\"ListItem\",\"position\":3,\"name\":\"Coffret 12 baguettes HP\"}]},{\"@type\":\"WebSite\",\"@id\":\"https:\\\/\\\/repliquemangacine.fr\\\/#website\",\"url\":\"https:\\\/\\\/repliquemangacine.fr\\\/\",\"name\":\"R\u00e9plique Manga Cin\u00e9\",\"description\":\"\",\"publisher\":{\"@id\":\"https:\\\/\\\/repliquemangacine.fr\\\/#organization\"},\"potentialAction\":[{\"@type\":\"SearchAction\",\"target\":{\"@type\":\"EntryPoint\",\"urlTemplate\":\"https:\\\/\\\/repliquemangacine.fr\\\/?s={search_term_string}\"},\"query-input\":{\"@type\":\"PropertyValueSpecification\",\"valueRequired\":true,\"valueName\":\"search_term_string\"}}],\"inLanguage\":\"es\"},{\"@type\":\"Organization\",\"@id\":\"https:\\\/\\\/repliquemangacine.fr\\\/#organization\",\"name\":\"R\u00e9plique Manga Cin\u00e9\",\"url\":\"https:\\\/\\\/repliquemangacine.fr\\\/\",\"logo\":{\"@type\":\"ImageObject\",\"inLanguage\":\"es\",\"@id\":\"https:\\\/\\\/repliquemangacine.fr\\\/#\\\/schema\\\/logo\\\/image\\\/\",\"url\":\"https:\\\/\\\/repliquemangacine.fr\\\/wp-content\\\/uploads\\\/2023\\\/10\\\/RMC-500250.png\",\"contentUrl\":\"https:\\\/\\\/repliquemangacine.fr\\\/wp-content\\\/uploads\\\/2023\\\/10\\\/RMC-500250.png\",\"width\":500,\"height\":250,\"caption\":\"R\u00e9plique Manga Cin\u00e9\"},\"image\":{\"@id\":\"https:\\\/\\\/repliquemangacine.fr\\\/#\\\/schema\\\/logo\\\/image\\\/\"},\"sameAs\":[\"https:\\\/\\\/www.facebook.com\\\/RepliqueMangaCine\",\"https:\\\/\\\/www.instagram.com\\\/repliquemangacine.fr\\\/\"]}]}<\/script>\n<!-- \/ Yoast SEO plugin. -->","yoast_head_json":{"title":"Juego de 12 varillas HP - R\u00e9plique Manga Cin\u00e9","description":"Estuche de 12 varitas met\u00e1licas HP, versi\u00f3n llavero. Personajes de culto incluidos. Ideal para coleccionar o como regalo para los fans de Harry Potter.","robots":{"index":"index","follow":"follow","max-snippet":"max-snippet:-1","max-image-preview":"max-image-preview:large","max-video-preview":"max-video-preview:-1"},"canonical":"https:\/\/repliquemangacine.fr\/es\/varitas-y-objetos-de-harry-potter\/juego-de-12-palillos-hp\/","og_locale":"es_ES","og_type":"article","og_title":"Coffret 12 baguettes HP - R\u00e9plique Manga Cin\u00e9","og_description":"Coffret 12 baguettes HP en m\u00e9tal, version porte-cl\u00e9s. Personnages cultes inclus. Id\u00e9al pour collectionner ou offrir aux fans d'Harry Potter.","og_url":"https:\/\/repliquemangacine.fr\/es\/varitas-y-objetos-de-harry-potter\/juego-de-12-palillos-hp\/","og_site_name":"R\u00e9plique Manga Cin\u00e9","article_publisher":"https:\/\/www.facebook.com\/RepliqueMangaCine","article_modified_time":"2025-11-12T23:56:16+00:00","og_image":[{"width":500,"height":500,"url":"https:\/\/repliquemangacine.fr\/wp-content\/uploads\/2025\/04\/coffret-porte-cles-HP.jpg","type":"image\/jpeg"}],"twitter_card":"summary_large_image","twitter_misc":{"Tiempo de lectura":"2 minutos"},"schema":{"@context":"https:\/\/schema.org","@graph":[{"@type":"WebPage","@id":"https:\/\/repliquemangacine.fr\/baguettes-et-goodies-harry-potter\/coffret-12-baguettes-hp\/","url":"https:\/\/repliquemangacine.fr\/baguettes-et-goodies-harry-potter\/coffret-12-baguettes-hp\/","name":"Juego de 12 varillas HP - R\u00e9plique Manga Cin\u00e9","isPartOf":{"@id":"https:\/\/repliquemangacine.fr\/#website"},"primaryImageOfPage":{"@id":"https:\/\/repliquemangacine.fr\/baguettes-et-goodies-harry-potter\/coffret-12-baguettes-hp\/#primaryimage"},"image":{"@id":"https:\/\/repliquemangacine.fr\/baguettes-et-goodies-harry-potter\/coffret-12-baguettes-hp\/#primaryimage"},"thumbnailUrl":"https:\/\/repliquemangacine.fr\/wp-content\/uploads\/2025\/04\/coffret-porte-cles-HP.jpg","datePublished":"2025-04-21T17:43:22+00:00","dateModified":"2025-11-12T23:56:16+00:00","description":"Estuche de 12 varitas met\u00e1licas HP, versi\u00f3n llavero. Personajes de culto incluidos. Ideal para coleccionar o como regalo para los fans de Harry Potter.","breadcrumb":{"@id":"https:\/\/repliquemangacine.fr\/baguettes-et-goodies-harry-potter\/coffret-12-baguettes-hp\/#breadcrumb"},"inLanguage":"es","potentialAction":[{"@type":"ReadAction","target":["https:\/\/repliquemangacine.fr\/baguettes-et-goodies-harry-potter\/coffret-12-baguettes-hp\/"]}]},{"@type":"ImageObject","inLanguage":"es","@id":"https:\/\/repliquemangacine.fr\/baguettes-et-goodies-harry-potter\/coffret-12-baguettes-hp\/#primaryimage","url":"https:\/\/repliquemangacine.fr\/wp-content\/uploads\/2025\/04\/coffret-porte-cles-HP.jpg","contentUrl":"https:\/\/repliquemangacine.fr\/wp-content\/uploads\/2025\/04\/coffret-porte-cles-HP.jpg","width":500,"height":500,"caption":"Coffret 12 baguettes HP"},{"@type":"BreadcrumbList","@id":"https:\/\/repliquemangacine.fr\/baguettes-et-goodies-harry-potter\/coffret-12-baguettes-hp\/#breadcrumb","itemListElement":[{"@type":"ListItem","position":1,"name":"Accueil","item":"https:\/\/repliquemangacine.fr\/"},{"@type":"ListItem","position":2,"name":"Produits","item":"https:\/\/repliquemangacine.fr\/boutique\/"},{"@type":"ListItem","position":3,"name":"Coffret 12 baguettes HP"}]},{"@type":"WebSite","@id":"https:\/\/repliquemangacine.fr\/#website","url":"https:\/\/repliquemangacine.fr\/","name":"R\u00e9plique Manga Cin\u00e9","description":"","publisher":{"@id":"https:\/\/repliquemangacine.fr\/#organization"},"potentialAction":[{"@type":"SearchAction","target":{"@type":"EntryPoint","urlTemplate":"https:\/\/repliquemangacine.fr\/?s={search_term_string}"},"query-input":{"@type":"PropertyValueSpecification","valueRequired":true,"valueName":"search_term_string"}}],"inLanguage":"es"},{"@type":"Organization","@id":"https:\/\/repliquemangacine.fr\/#organization","name":"R\u00e9plique Manga Cin\u00e9","url":"https:\/\/repliquemangacine.fr\/","logo":{"@type":"ImageObject","inLanguage":"es","@id":"https:\/\/repliquemangacine.fr\/#\/schema\/logo\/image\/","url":"https:\/\/repliquemangacine.fr\/wp-content\/uploads\/2023\/10\/RMC-500250.png","contentUrl":"https:\/\/repliquemangacine.fr\/wp-content\/uploads\/2023\/10\/RMC-500250.png","width":500,"height":250,"caption":"R\u00e9plique Manga Cin\u00e9"},"image":{"@id":"https:\/\/repliquemangacine.fr\/#\/schema\/logo\/image\/"},"sameAs":["https:\/\/www.facebook.com\/RepliqueMangaCine","https:\/\/www.instagram.com\/repliquemangacine.fr\/"]}]}},"_links":{"self":[{"href":"https:\/\/repliquemangacine.fr\/es\/wp-json\/wp\/v2\/product\/83739","targetHints":{"allow":["GET"]}}],"collection":[{"href":"https:\/\/repliquemangacine.fr\/es\/wp-json\/wp\/v2\/product"}],"about":[{"href":"https:\/\/repliquemangacine.fr\/es\/wp-json\/wp\/v2\/types\/product"}],"wp:featuredmedia":[{"embeddable":true,"href":"https:\/\/repliquemangacine.fr\/es\/wp-json\/wp\/v2\/media\/83740"}],"wp:attachment":[{"href":"https:\/\/repliquemangacine.fr\/es\/wp-json\/wp\/v2\/media?parent=83739"}],"wp:term":[{"taxonomy":"product_brand","embeddable":true,"href":"https:\/\/repliquemangacine.fr\/es\/wp-json\/wp\/v2\/product_brand?post=83739"},{"taxonomy":"product_cat","embeddable":true,"href":"https:\/\/repliquemangacine.fr\/es\/wp-json\/wp\/v2\/product_cat?post=83739"},{"taxonomy":"product_tag","embeddable":true,"href":"https:\/\/repliquemangacine.fr\/es\/wp-json\/wp\/v2\/product_tag?post=83739"}],"curies":[{"name":"wp","href":"https:\/\/api.w.org\/{rel}","templated":true}]}}