





{"id":83736,"date":"2025-04-21T17:30:52","date_gmt":"2025-04-21T15:30:52","guid":{"rendered":"https:\/\/repliquemangacine.fr\/?post_type=product&#038;p=83736"},"modified":"2025-11-13T01:26:48","modified_gmt":"2025-11-13T00:26:48","slug":"llavero-vegeta-dbz","status":"publish","type":"product","link":"https:\/\/repliquemangacine.fr\/es\/porte-cles-goodies\/porte-cles-vegeta-dbz\/","title":{"rendered":"Llavero Vegeta DBZ"},"content":{"rendered":"<h2>Llavero Vegeta DBZ - Poder y nostalgia combinados en acr\u00edlico<\/h2>\n<p>En primer lugar, este <strong>Llavero Vegeta DBZ<\/strong>\u00a0 (Dragon Ball Z) en acr\u00edlico captura toda la energ\u00eda y la nostalgia del legendario anime.<br \/>\nCon su dise\u00f1o vibrante, destaca a un personaje de culto en un formato pr\u00e1ctico y est\u00e9tico. Ligero y resistente, se engancha f\u00e1cilmente a tus efectos personales gracias a su anilla y mosquet\u00f3n met\u00e1licos.<br \/>\nLleve consigo un poco del aura de los Super Saiyans a todas partes, ya sea del equipo Goku, Vegeta o <a href=\"https:\/\/dragonball.fandom.com\/fr\/wiki\/Trunks_(futur)\" target=\"_blank\" rel=\"noopener noreferrer\">Troncos<\/a>. Ideal para coleccionistas y fans de DBZ, este llavero es imprescindible en el universo del manga.<\/p>\n<p>Para empezar, Vegeta, uno de los personajes principales de la franquicia. Es el pr\u00edncipe del planeta Vegeta, hijo del rey Vegeta. Es el marido de Bulma y el padre de Trunks y Bra.<\/p>\n<p>Pr\u00edncipe de los Saiyajin, aparece por primera vez como antagonista en la saga de los Saiyajin, antes de convertirse progresivamente en aliado de los h\u00e9roes en la saga de Namek y, posteriormente, en uno de los protagonistas principales a partir de la saga de los androides. Orgulloso, Vegeta se convierte en la encarnaci\u00f3n del antih\u00e9roe, as\u00ed como en el rival oficial de Son Gok\u00fb a lo largo de la historia.<\/p>\n<h2>Sum\u00e9rgete en el mundo del Manga con las mejores l\u00edneas en RMC<\/h2>\n<p>En R\u00e9plique Manga Cin\u00e9, encontrar\u00e1s las mejores r\u00e9plicas de manga y videojuegos. En primer lugar, sigamos en el universo DBZ con el fabuloso <a href=\"https:\/\/repliquemangacine.fr\/es\/katana-y-manga-espada-anime-otros-manga\/xeno-trunks-dbz-dragon-ball-z-espada\/\">La espada de Trunks<\/a>. Con su hoja de acero inoxidable con acabado pulido.<br \/>\ny su funda de cuero rojo. Tambi\u00e9n est\u00e1 la impresionante <a href=\"https:\/\/repliquemangacine.fr\/es\/katana-y-manga-espada-anime-otros-manga\/espada-dragon-slayer-berserk-guts\/\">espada de Guts<\/a> A tama\u00f1o real, Dragon Slayer en Berserk. Su hoja de acero de doble filo (no cortante) tiene una presencia inigualable.<\/p>\n<p>Sum\u00e9rgete tambi\u00e9n en el universo de Warcraft con la <a href=\"https:\/\/repliquemangacine.fr\/es\/espadas-de-world-of-warcraft\/frostmourne-deuillegivre-espada-espada-del-rey-lich\/\">Frostmourne<\/a> del Rey Ex\u00e1nime, una espada legendaria con un poder aplastante. Y hay muchas m\u00e1s espadas por descubrir en nuestro cat\u00e1logo. Cada r\u00e9plica est\u00e1 meticulosamente elaborada para ser absolutamente fiel a su obra original. Tanto si eres un coleccionista como un entusiasta del cosplay, en nuestro sitio encontrar\u00e1s armas m\u00edticas que no querr\u00e1s perderte. \u00a1Ven y enriquece tu colecci\u00f3n con piezas \u00fanicas e impresionantes!<\/p>","protected":false},"excerpt":{"rendered":"<p>Llavero original de Vegeta de Dragon Ball Z<\/p>\n<ul>\n<li>Figura acr\u00edlica por ambas caras<\/li>\n<li>Cadena de acero y mosquet\u00f3n<\/li>\n<li>Se suministra en una bolsa<\/li>\n<li>Altura del personaje: 5,3 cm - Anchura: 2,5 cm<\/li>\n<\/ul>","protected":false},"featured_media":83737,"template":"","meta":[],"product_brand":[896],"product_cat":[94,96],"product_tag":[],"class_list":{"0":"post-83736","1":"product","2":"type-product","3":"status-publish","4":"has-post-thumbnail","6":"product_brand-replique-manga-cine","7":"product_cat-goodies","8":"product_cat-porte-cles-goodies","10":"first","11":"instock","12":"taxable","13":"shipping-taxable","14":"purchasable","15":"product-type-simple"},"yoast_head":"<!-- This site is optimized with the Yoast SEO plugin v27.4 - https:\/\/yoast.com\/product\/yoast-seo-wordpress\/ -->\n<title>Porte-cl\u00e9s Vegeta DBZ - R\u00e9plique Manga Cin\u00e9<\/title>\n<meta name=\"description\" content=\"Porte-cl\u00e9s Vegeta DBZ acrylique avec design dynamique. L\u2019accessoire parfait pour tous les fans de Goku, Vegeta et l\u2019univers Dragon Ball.\" \/>\n<meta name=\"robots\" content=\"index, follow, max-snippet:-1, max-image-preview:large, max-video-preview:-1\" \/>\n<link rel=\"canonical\" href=\"https:\/\/repliquemangacine.fr\/es\/llaveros\/llavero-vegeta-dbz\/\" \/>\n<meta property=\"og:locale\" content=\"es_ES\" \/>\n<meta property=\"og:type\" content=\"article\" \/>\n<meta property=\"og:title\" content=\"Porte-cl\u00e9s Vegeta DBZ - R\u00e9plique Manga Cin\u00e9\" \/>\n<meta property=\"og:description\" content=\"Porte-cl\u00e9s Vegeta DBZ acrylique avec design dynamique. L\u2019accessoire parfait pour tous les fans de Goku, Vegeta et l\u2019univers Dragon Ball.\" \/>\n<meta property=\"og:url\" content=\"https:\/\/repliquemangacine.fr\/es\/llaveros\/llavero-vegeta-dbz\/\" \/>\n<meta property=\"og:site_name\" content=\"R\u00e9plique Manga Cin\u00e9\" \/>\n<meta property=\"article:publisher\" content=\"https:\/\/www.facebook.com\/RepliqueMangaCine\" \/>\n<meta property=\"article:modified_time\" content=\"2025-11-13T00:26:48+00:00\" \/>\n<meta property=\"og:image\" content=\"https:\/\/repliquemangacine.fr\/wp-content\/uploads\/2025\/04\/porte-cles-dbz-chibi.jpg\" \/>\n\t<meta property=\"og:image:width\" content=\"500\" \/>\n\t<meta property=\"og:image:height\" content=\"500\" \/>\n\t<meta property=\"og:image:type\" content=\"image\/jpeg\" \/>\n<meta name=\"twitter:card\" content=\"summary_large_image\" \/>\n<meta name=\"twitter:label1\" content=\"Tiempo de lectura\" \/>\n\t<meta name=\"twitter:data1\" content=\"2 minutos\" \/>\n<script type=\"application\/ld+json\" class=\"yoast-schema-graph\">{\"@context\":\"https:\\\/\\\/schema.org\",\"@graph\":[{\"@type\":\"WebPage\",\"@id\":\"https:\\\/\\\/repliquemangacine.fr\\\/porte-cles-goodies\\\/porte-cles-vegeta-dbz\\\/\",\"url\":\"https:\\\/\\\/repliquemangacine.fr\\\/porte-cles-goodies\\\/porte-cles-vegeta-dbz\\\/\",\"name\":\"Porte-cl\u00e9s Vegeta DBZ - R\u00e9plique Manga Cin\u00e9\",\"isPartOf\":{\"@id\":\"https:\\\/\\\/repliquemangacine.fr\\\/#website\"},\"primaryImageOfPage\":{\"@id\":\"https:\\\/\\\/repliquemangacine.fr\\\/porte-cles-goodies\\\/porte-cles-vegeta-dbz\\\/#primaryimage\"},\"image\":{\"@id\":\"https:\\\/\\\/repliquemangacine.fr\\\/porte-cles-goodies\\\/porte-cles-vegeta-dbz\\\/#primaryimage\"},\"thumbnailUrl\":\"https:\\\/\\\/repliquemangacine.fr\\\/wp-content\\\/uploads\\\/2025\\\/04\\\/porte-cles-dbz-chibi.jpg\",\"datePublished\":\"2025-04-21T15:30:52+00:00\",\"dateModified\":\"2025-11-13T00:26:48+00:00\",\"description\":\"Porte-cl\u00e9s Vegeta DBZ acrylique avec design dynamique. L\u2019accessoire parfait pour tous les fans de Goku, Vegeta et l\u2019univers Dragon Ball.\",\"breadcrumb\":{\"@id\":\"https:\\\/\\\/repliquemangacine.fr\\\/porte-cles-goodies\\\/porte-cles-vegeta-dbz\\\/#breadcrumb\"},\"inLanguage\":\"es\",\"potentialAction\":[{\"@type\":\"ReadAction\",\"target\":[\"https:\\\/\\\/repliquemangacine.fr\\\/porte-cles-goodies\\\/porte-cles-vegeta-dbz\\\/\"]}]},{\"@type\":\"ImageObject\",\"inLanguage\":\"es\",\"@id\":\"https:\\\/\\\/repliquemangacine.fr\\\/porte-cles-goodies\\\/porte-cles-vegeta-dbz\\\/#primaryimage\",\"url\":\"https:\\\/\\\/repliquemangacine.fr\\\/wp-content\\\/uploads\\\/2025\\\/04\\\/porte-cles-dbz-chibi.jpg\",\"contentUrl\":\"https:\\\/\\\/repliquemangacine.fr\\\/wp-content\\\/uploads\\\/2025\\\/04\\\/porte-cles-dbz-chibi.jpg\",\"width\":500,\"height\":500,\"caption\":\"Porte-cl\u00e9s Vegeta DBZ\"},{\"@type\":\"BreadcrumbList\",\"@id\":\"https:\\\/\\\/repliquemangacine.fr\\\/porte-cles-goodies\\\/porte-cles-vegeta-dbz\\\/#breadcrumb\",\"itemListElement\":[{\"@type\":\"ListItem\",\"position\":1,\"name\":\"Accueil\",\"item\":\"https:\\\/\\\/repliquemangacine.fr\\\/\"},{\"@type\":\"ListItem\",\"position\":2,\"name\":\"Produits\",\"item\":\"https:\\\/\\\/repliquemangacine.fr\\\/boutique\\\/\"},{\"@type\":\"ListItem\",\"position\":3,\"name\":\"Porte-cl\u00e9s Vegeta DBZ\"}]},{\"@type\":\"WebSite\",\"@id\":\"https:\\\/\\\/repliquemangacine.fr\\\/#website\",\"url\":\"https:\\\/\\\/repliquemangacine.fr\\\/\",\"name\":\"R\u00e9plique Manga Cin\u00e9\",\"description\":\"\",\"publisher\":{\"@id\":\"https:\\\/\\\/repliquemangacine.fr\\\/#organization\"},\"potentialAction\":[{\"@type\":\"SearchAction\",\"target\":{\"@type\":\"EntryPoint\",\"urlTemplate\":\"https:\\\/\\\/repliquemangacine.fr\\\/?s={search_term_string}\"},\"query-input\":{\"@type\":\"PropertyValueSpecification\",\"valueRequired\":true,\"valueName\":\"search_term_string\"}}],\"inLanguage\":\"es\"},{\"@type\":\"Organization\",\"@id\":\"https:\\\/\\\/repliquemangacine.fr\\\/#organization\",\"name\":\"R\u00e9plique Manga Cin\u00e9\",\"url\":\"https:\\\/\\\/repliquemangacine.fr\\\/\",\"logo\":{\"@type\":\"ImageObject\",\"inLanguage\":\"es\",\"@id\":\"https:\\\/\\\/repliquemangacine.fr\\\/#\\\/schema\\\/logo\\\/image\\\/\",\"url\":\"https:\\\/\\\/repliquemangacine.fr\\\/wp-content\\\/uploads\\\/2023\\\/10\\\/RMC-500250.png\",\"contentUrl\":\"https:\\\/\\\/repliquemangacine.fr\\\/wp-content\\\/uploads\\\/2023\\\/10\\\/RMC-500250.png\",\"width\":500,\"height\":250,\"caption\":\"R\u00e9plique Manga Cin\u00e9\"},\"image\":{\"@id\":\"https:\\\/\\\/repliquemangacine.fr\\\/#\\\/schema\\\/logo\\\/image\\\/\"},\"sameAs\":[\"https:\\\/\\\/www.facebook.com\\\/RepliqueMangaCine\",\"https:\\\/\\\/www.instagram.com\\\/repliquemangacine.fr\\\/\"]}]}<\/script>\n<!-- \/ Yoast SEO plugin. -->","yoast_head_json":{"title":"Llavero Vegeta DBZ - R\u00e9plique Manga Cin\u00e9","description":"Llavero acr\u00edlico Vegeta DBZ con dise\u00f1o din\u00e1mico. El accesorio perfecto para todos los fans de Goku, Vegeta y el universo Dragon Ball.","robots":{"index":"index","follow":"follow","max-snippet":"max-snippet:-1","max-image-preview":"max-image-preview:large","max-video-preview":"max-video-preview:-1"},"canonical":"https:\/\/repliquemangacine.fr\/es\/llaveros\/llavero-vegeta-dbz\/","og_locale":"es_ES","og_type":"article","og_title":"Porte-cl\u00e9s Vegeta DBZ - R\u00e9plique Manga Cin\u00e9","og_description":"Porte-cl\u00e9s Vegeta DBZ acrylique avec design dynamique. L\u2019accessoire parfait pour tous les fans de Goku, Vegeta et l\u2019univers Dragon Ball.","og_url":"https:\/\/repliquemangacine.fr\/es\/llaveros\/llavero-vegeta-dbz\/","og_site_name":"R\u00e9plique Manga Cin\u00e9","article_publisher":"https:\/\/www.facebook.com\/RepliqueMangaCine","article_modified_time":"2025-11-13T00:26:48+00:00","og_image":[{"width":500,"height":500,"url":"https:\/\/repliquemangacine.fr\/wp-content\/uploads\/2025\/04\/porte-cles-dbz-chibi.jpg","type":"image\/jpeg"}],"twitter_card":"summary_large_image","twitter_misc":{"Tiempo de lectura":"2 minutos"},"schema":{"@context":"https:\/\/schema.org","@graph":[{"@type":"WebPage","@id":"https:\/\/repliquemangacine.fr\/porte-cles-goodies\/porte-cles-vegeta-dbz\/","url":"https:\/\/repliquemangacine.fr\/porte-cles-goodies\/porte-cles-vegeta-dbz\/","name":"Llavero Vegeta DBZ - R\u00e9plique Manga Cin\u00e9","isPartOf":{"@id":"https:\/\/repliquemangacine.fr\/#website"},"primaryImageOfPage":{"@id":"https:\/\/repliquemangacine.fr\/porte-cles-goodies\/porte-cles-vegeta-dbz\/#primaryimage"},"image":{"@id":"https:\/\/repliquemangacine.fr\/porte-cles-goodies\/porte-cles-vegeta-dbz\/#primaryimage"},"thumbnailUrl":"https:\/\/repliquemangacine.fr\/wp-content\/uploads\/2025\/04\/porte-cles-dbz-chibi.jpg","datePublished":"2025-04-21T15:30:52+00:00","dateModified":"2025-11-13T00:26:48+00:00","description":"Llavero acr\u00edlico Vegeta DBZ con dise\u00f1o din\u00e1mico. El accesorio perfecto para todos los fans de Goku, Vegeta y el universo Dragon Ball.","breadcrumb":{"@id":"https:\/\/repliquemangacine.fr\/porte-cles-goodies\/porte-cles-vegeta-dbz\/#breadcrumb"},"inLanguage":"es","potentialAction":[{"@type":"ReadAction","target":["https:\/\/repliquemangacine.fr\/porte-cles-goodies\/porte-cles-vegeta-dbz\/"]}]},{"@type":"ImageObject","inLanguage":"es","@id":"https:\/\/repliquemangacine.fr\/porte-cles-goodies\/porte-cles-vegeta-dbz\/#primaryimage","url":"https:\/\/repliquemangacine.fr\/wp-content\/uploads\/2025\/04\/porte-cles-dbz-chibi.jpg","contentUrl":"https:\/\/repliquemangacine.fr\/wp-content\/uploads\/2025\/04\/porte-cles-dbz-chibi.jpg","width":500,"height":500,"caption":"Porte-cl\u00e9s Vegeta DBZ"},{"@type":"BreadcrumbList","@id":"https:\/\/repliquemangacine.fr\/porte-cles-goodies\/porte-cles-vegeta-dbz\/#breadcrumb","itemListElement":[{"@type":"ListItem","position":1,"name":"Accueil","item":"https:\/\/repliquemangacine.fr\/"},{"@type":"ListItem","position":2,"name":"Produits","item":"https:\/\/repliquemangacine.fr\/boutique\/"},{"@type":"ListItem","position":3,"name":"Porte-cl\u00e9s Vegeta DBZ"}]},{"@type":"WebSite","@id":"https:\/\/repliquemangacine.fr\/#website","url":"https:\/\/repliquemangacine.fr\/","name":"R\u00e9plique Manga Cin\u00e9","description":"","publisher":{"@id":"https:\/\/repliquemangacine.fr\/#organization"},"potentialAction":[{"@type":"SearchAction","target":{"@type":"EntryPoint","urlTemplate":"https:\/\/repliquemangacine.fr\/?s={search_term_string}"},"query-input":{"@type":"PropertyValueSpecification","valueRequired":true,"valueName":"search_term_string"}}],"inLanguage":"es"},{"@type":"Organization","@id":"https:\/\/repliquemangacine.fr\/#organization","name":"R\u00e9plique Manga Cin\u00e9","url":"https:\/\/repliquemangacine.fr\/","logo":{"@type":"ImageObject","inLanguage":"es","@id":"https:\/\/repliquemangacine.fr\/#\/schema\/logo\/image\/","url":"https:\/\/repliquemangacine.fr\/wp-content\/uploads\/2023\/10\/RMC-500250.png","contentUrl":"https:\/\/repliquemangacine.fr\/wp-content\/uploads\/2023\/10\/RMC-500250.png","width":500,"height":250,"caption":"R\u00e9plique Manga Cin\u00e9"},"image":{"@id":"https:\/\/repliquemangacine.fr\/#\/schema\/logo\/image\/"},"sameAs":["https:\/\/www.facebook.com\/RepliqueMangaCine","https:\/\/www.instagram.com\/repliquemangacine.fr\/"]}]}},"_links":{"self":[{"href":"https:\/\/repliquemangacine.fr\/es\/wp-json\/wp\/v2\/product\/83736","targetHints":{"allow":["GET"]}}],"collection":[{"href":"https:\/\/repliquemangacine.fr\/es\/wp-json\/wp\/v2\/product"}],"about":[{"href":"https:\/\/repliquemangacine.fr\/es\/wp-json\/wp\/v2\/types\/product"}],"wp:featuredmedia":[{"embeddable":true,"href":"https:\/\/repliquemangacine.fr\/es\/wp-json\/wp\/v2\/media\/83737"}],"wp:attachment":[{"href":"https:\/\/repliquemangacine.fr\/es\/wp-json\/wp\/v2\/media?parent=83736"}],"wp:term":[{"taxonomy":"product_brand","embeddable":true,"href":"https:\/\/repliquemangacine.fr\/es\/wp-json\/wp\/v2\/product_brand?post=83736"},{"taxonomy":"product_cat","embeddable":true,"href":"https:\/\/repliquemangacine.fr\/es\/wp-json\/wp\/v2\/product_cat?post=83736"},{"taxonomy":"product_tag","embeddable":true,"href":"https:\/\/repliquemangacine.fr\/es\/wp-json\/wp\/v2\/product_tag?post=83736"}],"curies":[{"name":"wp","href":"https:\/\/api.w.org\/{rel}","templated":true}]}}