





{"id":83732,"date":"2025-04-21T16:58:11","date_gmt":"2025-04-21T14:58:11","guid":{"rendered":"https:\/\/repliquemangacine.fr\/?post_type=product&#038;p=83732"},"modified":"2025-11-13T01:02:58","modified_gmt":"2025-11-13T00:02:58","slug":"llavero-sao-sword-art-online","status":"publish","type":"product","link":"https:\/\/repliquemangacine.fr\/es\/porte-cles-goodies\/porte-cles-sao-sword-art-online\/","title":{"rendered":"Llavero SAO - Sword Art Online"},"content":{"rendered":"<h2>Llavero SAO - Kirito y Asuna en acr\u00edlico de doble cara<\/h2>\n<p>En primer lugar, averig\u00fce qu\u00e9 <strong>Llavero SAO<\/strong> en acr\u00edlico transparente de doble cara, con Kirito y Asuna, los dos h\u00e9roes emblem\u00e1ticos de la serie. Cada cara presenta un personaje en un estilo din\u00e1mico fiel al mundo del anime. Equipado con una cadena, una s\u00f3lida anilla y un mosquet\u00f3n met\u00e1lico para un uso pr\u00e1ctico diario. Este magn\u00edfico llavero se presenta en un bl\u00edster escaparate, perfecto para coleccionistas o como regalo para los fans de SAO.<br \/>\n<a href=\"https:\/\/sword-art-online.fandom.com\/fr\/wiki\/Kazuto_Kirigaya\" target=\"_blank\" rel=\"noopener noreferrer\">Kirigaya Kazuto<\/a> alias Kirito, apodado el Espadach\u00edn Negro, es un jugador solitario pero poderoso, conocido por su dominio de las dos espadas. Asuna, una guerrera r\u00e1pida y precisa, es una luchadora temida y respetada en el mundo virtual. Adem\u00e1s, este llavero rinde homenaje a su legendario d\u00fao, inseparable y querido por los fans de Sword Art Online. Imprescindible para todos los fans del anime y sus personajes de culto.<\/p>\n<h2>Las armas legendarias de Sword Art Online disponibles en R\u00e9plique Manga Cin\u00e9<\/h2>\n<p>En R\u00e9plique Manga Cin\u00e9, explora el universo de Sword Art Online a trav\u00e9s de una selecci\u00f3n de armas fielmente reproducidas.<br \/>\nEntre ellas, se encuentran las famosas espadas de Kirito, el Espadach\u00edn Negro: <a href=\"https:\/\/repliquemangacine.fr\/es\/sword-art-online-2\/kirito-sao-espada-repulsora-oscura\/\">Repulsor oscuro<\/a> y <a href=\"https:\/\/repliquemangacine.fr\/es\/sword-art-online-2\/epee-elucidator-kirito-sao\/\">Elucidator<\/a>. Estas dos armas emblem\u00e1ticas ilustran el poder y el estilo de combate \u00fanico de Kirito en los primeros arcos.<br \/>\nTambi\u00e9n hay <a href=\"https:\/\/repliquemangacine.fr\/es\/sword-art-online-2\/lambent-light-rapiere-espada-asuna-sao\/\">Luz lambiscente<\/a>El elegante y letal estoque de Asuna, perfecto para los aficionados a los duelos trepidantes. Y eso no es todo: descubre la<a href=\"https:\/\/repliquemangacine.fr\/es\/sword-art-online-2\/espada-sagrada-excalibur-kirito-en-alfheim-online-sword-art-online\/\">espada sagrada Excalibur<\/a>, procedente de Alfheim Online y del juego SAO Fractured Daydream. Incluso encontrar\u00e1s una alfombrilla para rat\u00f3n para los geeks. Adem\u00e1s, cada r\u00e9plica est\u00e1 dise\u00f1ada para los apasionados del anime, los cosplayers y los coleccionistas exigentes.<br \/>\nDisfruta de una amplia selecci\u00f3n de armas SAO para revivir cada combate \u00e9pico y completar tu colecci\u00f3n por todo lo alto. En conclusi\u00f3n, el universo SAO te espera con piezas \u00fanicas y cargadas de historia.<\/p>","protected":false},"excerpt":{"rendered":"<p>Magn\u00edfico llavero SAO<\/p>\n<ul>\n<li>Caracteres en acr\u00edlico por ambas caras<\/li>\n<li>Cadena met\u00e1lica, anilla y mosquet\u00f3n<\/li>\n<li>Se suministra en bl\u00edster<\/li>\n<li>Altura: 5 cm - Anchura: 6 cm<\/li>\n<li>Longitud total con cadena y anilla: 10 cm<\/li>\n<\/ul>","protected":false},"featured_media":83733,"template":"","meta":[],"product_brand":[896],"product_cat":[96,53],"product_tag":[],"class_list":{"0":"post-83732","1":"product","2":"type-product","3":"status-publish","4":"has-post-thumbnail","6":"product_brand-replique-manga-cine","7":"product_cat-porte-cles-goodies","8":"product_cat-epee-sword-art-online","10":"first","11":"instock","12":"taxable","13":"shipping-taxable","14":"purchasable","15":"product-type-simple"},"yoast_head":"<!-- This site is optimized with the Yoast SEO plugin v27.4 - https:\/\/yoast.com\/product\/yoast-seo-wordpress\/ -->\n<title>Porte-cl\u00e9s SAO - Sword Art Online - R\u00e9plique Manga Cin\u00e9<\/title>\n<meta name=\"description\" content=\"Porte-cl\u00e9s SAO (Sword Art Online) en acrylique double face avec Kirito et Asuna. Cha\u00eenette, anneau, mousqueton m\u00e9tal. Livr\u00e9 en blister vitrine.\" \/>\n<meta name=\"robots\" content=\"index, follow, max-snippet:-1, max-image-preview:large, max-video-preview:-1\" \/>\n<link rel=\"canonical\" href=\"https:\/\/repliquemangacine.fr\/es\/llaveros\/llavero-sao-sword-art-online\/\" \/>\n<meta property=\"og:locale\" content=\"es_ES\" \/>\n<meta property=\"og:type\" content=\"article\" \/>\n<meta property=\"og:title\" content=\"Porte-cl\u00e9s SAO - Sword Art Online - R\u00e9plique Manga Cin\u00e9\" \/>\n<meta property=\"og:description\" content=\"Porte-cl\u00e9s SAO (Sword Art Online) en acrylique double face avec Kirito et Asuna. Cha\u00eenette, anneau, mousqueton m\u00e9tal. Livr\u00e9 en blister vitrine.\" \/>\n<meta property=\"og:url\" content=\"https:\/\/repliquemangacine.fr\/es\/llaveros\/llavero-sao-sword-art-online\/\" \/>\n<meta property=\"og:site_name\" content=\"R\u00e9plique Manga Cin\u00e9\" \/>\n<meta property=\"article:publisher\" content=\"https:\/\/www.facebook.com\/RepliqueMangaCine\" \/>\n<meta property=\"article:modified_time\" content=\"2025-11-13T00:02:58+00:00\" \/>\n<meta property=\"og:image\" content=\"https:\/\/repliquemangacine.fr\/wp-content\/uploads\/2025\/04\/porte-cles-sword-art-online.jpg\" \/>\n\t<meta property=\"og:image:width\" content=\"500\" \/>\n\t<meta property=\"og:image:height\" content=\"500\" \/>\n\t<meta property=\"og:image:type\" content=\"image\/jpeg\" \/>\n<meta name=\"twitter:card\" content=\"summary_large_image\" \/>\n<meta name=\"twitter:label1\" content=\"Tiempo de lectura\" \/>\n\t<meta name=\"twitter:data1\" content=\"2 minutos\" \/>\n<script type=\"application\/ld+json\" class=\"yoast-schema-graph\">{\"@context\":\"https:\\\/\\\/schema.org\",\"@graph\":[{\"@type\":\"WebPage\",\"@id\":\"https:\\\/\\\/repliquemangacine.fr\\\/porte-cles-goodies\\\/porte-cles-sao-sword-art-online\\\/\",\"url\":\"https:\\\/\\\/repliquemangacine.fr\\\/porte-cles-goodies\\\/porte-cles-sao-sword-art-online\\\/\",\"name\":\"Porte-cl\u00e9s SAO - Sword Art Online - R\u00e9plique Manga Cin\u00e9\",\"isPartOf\":{\"@id\":\"https:\\\/\\\/repliquemangacine.fr\\\/#website\"},\"primaryImageOfPage\":{\"@id\":\"https:\\\/\\\/repliquemangacine.fr\\\/porte-cles-goodies\\\/porte-cles-sao-sword-art-online\\\/#primaryimage\"},\"image\":{\"@id\":\"https:\\\/\\\/repliquemangacine.fr\\\/porte-cles-goodies\\\/porte-cles-sao-sword-art-online\\\/#primaryimage\"},\"thumbnailUrl\":\"https:\\\/\\\/repliquemangacine.fr\\\/wp-content\\\/uploads\\\/2025\\\/04\\\/porte-cles-sword-art-online.jpg\",\"datePublished\":\"2025-04-21T14:58:11+00:00\",\"dateModified\":\"2025-11-13T00:02:58+00:00\",\"description\":\"Porte-cl\u00e9s SAO (Sword Art Online) en acrylique double face avec Kirito et Asuna. Cha\u00eenette, anneau, mousqueton m\u00e9tal. Livr\u00e9 en blister vitrine.\",\"breadcrumb\":{\"@id\":\"https:\\\/\\\/repliquemangacine.fr\\\/porte-cles-goodies\\\/porte-cles-sao-sword-art-online\\\/#breadcrumb\"},\"inLanguage\":\"es\",\"potentialAction\":[{\"@type\":\"ReadAction\",\"target\":[\"https:\\\/\\\/repliquemangacine.fr\\\/porte-cles-goodies\\\/porte-cles-sao-sword-art-online\\\/\"]}]},{\"@type\":\"ImageObject\",\"inLanguage\":\"es\",\"@id\":\"https:\\\/\\\/repliquemangacine.fr\\\/porte-cles-goodies\\\/porte-cles-sao-sword-art-online\\\/#primaryimage\",\"url\":\"https:\\\/\\\/repliquemangacine.fr\\\/wp-content\\\/uploads\\\/2025\\\/04\\\/porte-cles-sword-art-online.jpg\",\"contentUrl\":\"https:\\\/\\\/repliquemangacine.fr\\\/wp-content\\\/uploads\\\/2025\\\/04\\\/porte-cles-sword-art-online.jpg\",\"width\":500,\"height\":500,\"caption\":\"Porte-cl\u00e9s SAO - Sword Art Online\"},{\"@type\":\"BreadcrumbList\",\"@id\":\"https:\\\/\\\/repliquemangacine.fr\\\/porte-cles-goodies\\\/porte-cles-sao-sword-art-online\\\/#breadcrumb\",\"itemListElement\":[{\"@type\":\"ListItem\",\"position\":1,\"name\":\"Accueil\",\"item\":\"https:\\\/\\\/repliquemangacine.fr\\\/\"},{\"@type\":\"ListItem\",\"position\":2,\"name\":\"Produits\",\"item\":\"https:\\\/\\\/repliquemangacine.fr\\\/boutique\\\/\"},{\"@type\":\"ListItem\",\"position\":3,\"name\":\"Porte-cl\u00e9s SAO &#8211; Sword Art Online\"}]},{\"@type\":\"WebSite\",\"@id\":\"https:\\\/\\\/repliquemangacine.fr\\\/#website\",\"url\":\"https:\\\/\\\/repliquemangacine.fr\\\/\",\"name\":\"R\u00e9plique Manga Cin\u00e9\",\"description\":\"\",\"publisher\":{\"@id\":\"https:\\\/\\\/repliquemangacine.fr\\\/#organization\"},\"potentialAction\":[{\"@type\":\"SearchAction\",\"target\":{\"@type\":\"EntryPoint\",\"urlTemplate\":\"https:\\\/\\\/repliquemangacine.fr\\\/?s={search_term_string}\"},\"query-input\":{\"@type\":\"PropertyValueSpecification\",\"valueRequired\":true,\"valueName\":\"search_term_string\"}}],\"inLanguage\":\"es\"},{\"@type\":\"Organization\",\"@id\":\"https:\\\/\\\/repliquemangacine.fr\\\/#organization\",\"name\":\"R\u00e9plique Manga Cin\u00e9\",\"url\":\"https:\\\/\\\/repliquemangacine.fr\\\/\",\"logo\":{\"@type\":\"ImageObject\",\"inLanguage\":\"es\",\"@id\":\"https:\\\/\\\/repliquemangacine.fr\\\/#\\\/schema\\\/logo\\\/image\\\/\",\"url\":\"https:\\\/\\\/repliquemangacine.fr\\\/wp-content\\\/uploads\\\/2023\\\/10\\\/RMC-500250.png\",\"contentUrl\":\"https:\\\/\\\/repliquemangacine.fr\\\/wp-content\\\/uploads\\\/2023\\\/10\\\/RMC-500250.png\",\"width\":500,\"height\":250,\"caption\":\"R\u00e9plique Manga Cin\u00e9\"},\"image\":{\"@id\":\"https:\\\/\\\/repliquemangacine.fr\\\/#\\\/schema\\\/logo\\\/image\\\/\"},\"sameAs\":[\"https:\\\/\\\/www.facebook.com\\\/RepliqueMangaCine\",\"https:\\\/\\\/www.instagram.com\\\/repliquemangacine.fr\\\/\"]}]}<\/script>\n<!-- \/ Yoast SEO plugin. -->","yoast_head_json":{"title":"Llavero SAO - Sword Art Online - R\u00e9plique Manga Cin\u00e9","description":"Llavero acr\u00edlico de doble cara de SAO (Sword Art Online) con Kirito y Asuna. Cadena, anilla y mosquet\u00f3n met\u00e1lico. Se suministra en bl\u00edster.","robots":{"index":"index","follow":"follow","max-snippet":"max-snippet:-1","max-image-preview":"max-image-preview:large","max-video-preview":"max-video-preview:-1"},"canonical":"https:\/\/repliquemangacine.fr\/es\/llaveros\/llavero-sao-sword-art-online\/","og_locale":"es_ES","og_type":"article","og_title":"Porte-cl\u00e9s SAO - Sword Art Online - R\u00e9plique Manga Cin\u00e9","og_description":"Porte-cl\u00e9s SAO (Sword Art Online) en acrylique double face avec Kirito et Asuna. Cha\u00eenette, anneau, mousqueton m\u00e9tal. Livr\u00e9 en blister vitrine.","og_url":"https:\/\/repliquemangacine.fr\/es\/llaveros\/llavero-sao-sword-art-online\/","og_site_name":"R\u00e9plique Manga Cin\u00e9","article_publisher":"https:\/\/www.facebook.com\/RepliqueMangaCine","article_modified_time":"2025-11-13T00:02:58+00:00","og_image":[{"width":500,"height":500,"url":"https:\/\/repliquemangacine.fr\/wp-content\/uploads\/2025\/04\/porte-cles-sword-art-online.jpg","type":"image\/jpeg"}],"twitter_card":"summary_large_image","twitter_misc":{"Tiempo de lectura":"2 minutos"},"schema":{"@context":"https:\/\/schema.org","@graph":[{"@type":"WebPage","@id":"https:\/\/repliquemangacine.fr\/porte-cles-goodies\/porte-cles-sao-sword-art-online\/","url":"https:\/\/repliquemangacine.fr\/porte-cles-goodies\/porte-cles-sao-sword-art-online\/","name":"Llavero SAO - Sword Art Online - R\u00e9plique Manga Cin\u00e9","isPartOf":{"@id":"https:\/\/repliquemangacine.fr\/#website"},"primaryImageOfPage":{"@id":"https:\/\/repliquemangacine.fr\/porte-cles-goodies\/porte-cles-sao-sword-art-online\/#primaryimage"},"image":{"@id":"https:\/\/repliquemangacine.fr\/porte-cles-goodies\/porte-cles-sao-sword-art-online\/#primaryimage"},"thumbnailUrl":"https:\/\/repliquemangacine.fr\/wp-content\/uploads\/2025\/04\/porte-cles-sword-art-online.jpg","datePublished":"2025-04-21T14:58:11+00:00","dateModified":"2025-11-13T00:02:58+00:00","description":"Llavero acr\u00edlico de doble cara de SAO (Sword Art Online) con Kirito y Asuna. Cadena, anilla y mosquet\u00f3n met\u00e1lico. Se suministra en bl\u00edster.","breadcrumb":{"@id":"https:\/\/repliquemangacine.fr\/porte-cles-goodies\/porte-cles-sao-sword-art-online\/#breadcrumb"},"inLanguage":"es","potentialAction":[{"@type":"ReadAction","target":["https:\/\/repliquemangacine.fr\/porte-cles-goodies\/porte-cles-sao-sword-art-online\/"]}]},{"@type":"ImageObject","inLanguage":"es","@id":"https:\/\/repliquemangacine.fr\/porte-cles-goodies\/porte-cles-sao-sword-art-online\/#primaryimage","url":"https:\/\/repliquemangacine.fr\/wp-content\/uploads\/2025\/04\/porte-cles-sword-art-online.jpg","contentUrl":"https:\/\/repliquemangacine.fr\/wp-content\/uploads\/2025\/04\/porte-cles-sword-art-online.jpg","width":500,"height":500,"caption":"Porte-cl\u00e9s SAO - Sword Art Online"},{"@type":"BreadcrumbList","@id":"https:\/\/repliquemangacine.fr\/porte-cles-goodies\/porte-cles-sao-sword-art-online\/#breadcrumb","itemListElement":[{"@type":"ListItem","position":1,"name":"Accueil","item":"https:\/\/repliquemangacine.fr\/"},{"@type":"ListItem","position":2,"name":"Produits","item":"https:\/\/repliquemangacine.fr\/boutique\/"},{"@type":"ListItem","position":3,"name":"Porte-cl\u00e9s SAO &#8211; Sword Art Online"}]},{"@type":"WebSite","@id":"https:\/\/repliquemangacine.fr\/#website","url":"https:\/\/repliquemangacine.fr\/","name":"R\u00e9plique Manga Cin\u00e9","description":"","publisher":{"@id":"https:\/\/repliquemangacine.fr\/#organization"},"potentialAction":[{"@type":"SearchAction","target":{"@type":"EntryPoint","urlTemplate":"https:\/\/repliquemangacine.fr\/?s={search_term_string}"},"query-input":{"@type":"PropertyValueSpecification","valueRequired":true,"valueName":"search_term_string"}}],"inLanguage":"es"},{"@type":"Organization","@id":"https:\/\/repliquemangacine.fr\/#organization","name":"R\u00e9plique Manga Cin\u00e9","url":"https:\/\/repliquemangacine.fr\/","logo":{"@type":"ImageObject","inLanguage":"es","@id":"https:\/\/repliquemangacine.fr\/#\/schema\/logo\/image\/","url":"https:\/\/repliquemangacine.fr\/wp-content\/uploads\/2023\/10\/RMC-500250.png","contentUrl":"https:\/\/repliquemangacine.fr\/wp-content\/uploads\/2023\/10\/RMC-500250.png","width":500,"height":250,"caption":"R\u00e9plique Manga Cin\u00e9"},"image":{"@id":"https:\/\/repliquemangacine.fr\/#\/schema\/logo\/image\/"},"sameAs":["https:\/\/www.facebook.com\/RepliqueMangaCine","https:\/\/www.instagram.com\/repliquemangacine.fr\/"]}]}},"_links":{"self":[{"href":"https:\/\/repliquemangacine.fr\/es\/wp-json\/wp\/v2\/product\/83732","targetHints":{"allow":["GET"]}}],"collection":[{"href":"https:\/\/repliquemangacine.fr\/es\/wp-json\/wp\/v2\/product"}],"about":[{"href":"https:\/\/repliquemangacine.fr\/es\/wp-json\/wp\/v2\/types\/product"}],"wp:featuredmedia":[{"embeddable":true,"href":"https:\/\/repliquemangacine.fr\/es\/wp-json\/wp\/v2\/media\/83733"}],"wp:attachment":[{"href":"https:\/\/repliquemangacine.fr\/es\/wp-json\/wp\/v2\/media?parent=83732"}],"wp:term":[{"taxonomy":"product_brand","embeddable":true,"href":"https:\/\/repliquemangacine.fr\/es\/wp-json\/wp\/v2\/product_brand?post=83732"},{"taxonomy":"product_cat","embeddable":true,"href":"https:\/\/repliquemangacine.fr\/es\/wp-json\/wp\/v2\/product_cat?post=83732"},{"taxonomy":"product_tag","embeddable":true,"href":"https:\/\/repliquemangacine.fr\/es\/wp-json\/wp\/v2\/product_tag?post=83732"}],"curies":[{"name":"wp","href":"https:\/\/api.w.org\/{rel}","templated":true}]}}